{"id":32406,"date":"2025-03-26T00:07:17","date_gmt":"2025-03-25T23:07:17","guid":{"rendered":"https:\/\/www.aninite.at\/tickets\/"},"modified":"2026-04-15T11:15:14","modified_gmt":"2026-04-15T09:15:14","slug":"tickets","status":"publish","type":"page","link":"https:\/\/www.aninite.at\/en\/tickets\/","title":{"rendered":"Tickets"},"content":{"rendered":"<div class=\"wp-block-image\">\n<figure class=\"aligncenter size-large\"><img loading=\"lazy\" decoding=\"async\" width=\"700\" height=\"72\" src=\"https:\/\/www.aninite.at\/wp-content\/uploads\/\/PageTitelBanner.svg\" alt=\"\" class=\"wp-image-34807\" title=\"title\"\/><\/figure>\n<\/div>\n<div style=\"height:50px\" aria-hidden=\"true\" class=\"wp-block-spacer\"><\/div>\n\n<div class=\"wp-block-buttons is-content-justification-center is-layout-flex wp-container-core-buttons-is-layout-16018d1d wp-block-buttons-is-layout-flex\">\n<div class=\"wp-block-button is-style-outline is-style-outline--1\"><a class=\"wp-block-button__link has-text-color has-link-color has-large-font-size has-custom-font-size wp-element-button\" href=\"https:\/\/vvk.animanga.at\/tickets\" style=\"color:#6f118a\" target=\"_blank\" rel=\"noreferrer noopener\"><strong>&gt;&gt;  You can find advance tickets here  &lt;&lt;<\/strong><\/a><\/div>\n<\/div>\n\n<div style=\"height:30px\" aria-hidden=\"true\" class=\"wp-block-spacer\"><\/div>\n\n<figure class=\"wp-block-table is-style-stripes has-small-font-size\"><table class=\"has-dark-gray-color has-text-color\"><thead><tr><th><strong>TICKET<\/strong><\/th><th class=\"has-text-align-left\" data-align=\"left\"><strong>PRE-SALE<\/strong><\/th><th><strong>KASSA<\/strong><\/th><\/tr><\/thead><tbody><tr><td>Friday<\/td><td class=\"has-text-align-left\" data-align=\"left\">28\u20ac<\/td><td>31\u20ac<\/td><\/tr><tr><td>Friday child (up to 12 years)<\/td><td class=\"has-text-align-left\" data-align=\"left\">18\u20ac<\/td><td>21\u20ac<\/td><\/tr><tr><td>Saturday<\/td><td class=\"has-text-align-left\" data-align=\"left\">28\u20ac<\/td><td>31\u20ac<\/td><\/tr><tr><td>Saturday child (up to 12 years)<\/td><td class=\"has-text-align-left\" data-align=\"left\">18\u20ac<\/td><td>21\u20ac<\/td><\/tr><tr><td>Sunday<\/td><td class=\"has-text-align-left\" data-align=\"left\">25\u20ac<\/td><td>28\u20ac<\/td><\/tr><tr><td>Sunday child (up to 12 years)<\/td><td class=\"has-text-align-left\" data-align=\"left\">15\u20ac<\/td><td>18\u20ac<\/td><\/tr><tr><td>Con-Ticket (Friday, Saturday, Sunday)<\/td><td class=\"has-text-align-left\" data-align=\"left\">52\u20ac<\/td><td>58\u20ac<\/td><\/tr><tr><td>Con-Ticket Child (up to 12 years; Friday, Saturday, Sunday)<\/td><td class=\"has-text-align-left\" data-align=\"left\">32\u20ac<\/td><td>38\u20ac<\/td><\/tr><tr><td>Gold ticket<\/td><td class=\"has-text-align-left\" data-align=\"left\">TBA<\/td><td>&#8211;<\/td><\/tr><tr><td>Fan package<\/td><td class=\"has-text-align-left\" data-align=\"left\">24\u20ac<\/td><td>&#8211;<\/td><\/tr><tr><td>\u00a0<\/td><td class=\"has-text-align-left\" data-align=\"left\">\u00a0<\/td><td>\u00a0<\/td><\/tr><tr><td>Insured shipping within Austria<\/td><td class=\"has-text-align-left\" data-align=\"left\">+ 5,45 \u20ac<\/td><td>\u2013<\/td><\/tr><tr><td>Insured shipping within the EU<\/td><td class=\"has-text-align-left\" data-align=\"left\">+ 7,35 \u20ac<\/td><td>\u2013<\/td><\/tr><tr><td>Insured shipping outside the EU<\/td><td class=\"has-text-align-left\" data-align=\"left\">+ 8,05 \u20ac<\/td><td>\u2013<\/td><\/tr><\/tbody><\/table><\/figure>\n\n<p>The number of event box office tickets is linked to the capacity of the site.  <\/p>\n\n<p><strong>Once the capacity limit has been reached, no more tickets will be sold.<\/strong><\/p>\n\n<h3 class=\"wp-block-heading\">Box office and collection days<\/h3>\n\n<p>The event box office is open from <strong>Friday<\/strong> to <strong>Sunday<\/strong> from 9:00 am! <br\/><strong>You can also get tickets at various cons and other events, information will follow on our social media channels! <\/strong> <br\/><a href=\"https:\/\/goo.gl\/maps\/BxWT15Zer4nsAjFA9\" target=\"_blank\" rel=\"noreferrer noopener\">You can find us here!<\/a><\/p>\n\n<h3 class=\"wp-block-heading\">Gold ticket<\/h3>\n\n<p>You will find all the information shortly.<\/p>\n\n<h3 class=\"wp-block-heading\">Fan package contents<\/h3>\n\n<p>The fan package contains a T-shirt in a selectable size, as well as various surprises. <br\/>This is the reason why the fan package is not available at the event box office.<br\/>The AniNite ticket is not included!<\/p>\n\n<h3 class=\"wp-block-heading\">Advance booking<\/h3>\n\n<p>Advance ticket sales start in February and <strong>end<\/strong> on Friday, <strong>July 9, 2026.<\/strong><br\/>This year, AniNite offers 2 ways to purchase advance tickets:<\/p>\n\n<ul class=\"wp-block-list\">\n<li><strong>Self-collection:<\/strong><br\/>As in previous years, you will receive a ticket confirmation with a bar code by e-mail after paying for the advance sale tickets. This confirmation will be exchanged for the actual visitor ticket at a special cash desk at the convention. <br\/><\/li>\n\n\n\n<li><strong>Insured delivery of tickets by post<\/strong><br\/>The tickets ordered will be sent to the purchaser after the end of the advance booking period by insured delivery at a total additional cost of <strong>\u20ac5.45 <\/strong>(within Austria). As the transport status and receipt are documented, a replacement ticket can be requested in the event of loss in transit.<br\/>The shipping costs outside Austria are <strong>\u20ac7.35<\/strong> within Europe and <strong>\u20ac8.05<\/strong> worldwide.<br\/>Tickets that have already been sent cannot be canceled or refunded. <\/li>\n<\/ul>\n\n<hr class=\"wp-block-separator has-css-opacity\"\/>\n\n<ul class=\"wp-block-list\">\n<li><strong>Payment methods:<\/strong>\n<ul class=\"wp-block-list\">\n<li>Cash deposit to bank account<\/li>\n\n\n\n<li>Bank transfer (free of charge within the EU)<br\/><\/li>\n<\/ul>\n<\/li>\n\n\n\n<li><strong>Payment deadlines:<\/strong><br\/>Every customer has until <strong>July 09, 2026<\/strong> (end of the presale) to pay for their tickets, otherwise the order will expire. In order to receive the presale price, the money must be credited to our account by <strong>July 09, 2026 <\/strong>at the latest.  <br\/><\/li>\n\n\n\n<li><strong>Cancellation \/ Refund:<\/strong><br\/>Tickets that have already been paid for can be canceled up to and including <strong>July 9, 2026<\/strong>, subject to a processing fee of \u20ac4.00.<br\/>Tickets that have already been sent by post cannot be canceled.<br\/><\/li>\n\n\n\n<li><strong>Dispatch of tickets:<\/strong><br\/>For the dispatch of tickets, collected orders will be sent after the end of the advance booking period.<\/li>\n<\/ul>\n\n<p>Tickets received by insured delivery entitle the owner to enter the grounds immediately after the opening of the convention.<br\/>Customers ordering a fan package will receive a voucher with the ticket delivery, which they can use to collect their fan package in the entrance area.<\/p>\n\n<hr class=\"wp-block-separator has-css-opacity\"\/>\n\n<ul class=\"wp-block-list\">\n<li><strong>Lanyards:<br\/><\/strong>Lanyards for tickets are available to all visitors in the entrance area.<br\/><\/li>\n\n\n\n<li><strong>Further information:<\/strong><br\/>No more orders can be placed after the end of the pre-sale. Tickets can then only be purchased directly on site at the box office. There will be a generous but limited number of tickets available at the box office. However, we cannot guarantee availability. Tickets that have been paid for in advance and confirmed by us can be collected directly at the specially set up ticket counters with the extract\/code.    <br\/><\/li>\n\n\n\n<li><strong>Children and young people<\/strong>:<br\/>Children up to the age of 6 may attend the event free of charge if accompanied by a parent or legal guardian or a person of legal age authorized by a parent or legal guardian.<br\/><a href=\"https:\/\/www.wien.gv.at\/recht\/landesrecht-wien\/landesgesetzblatt\/jahrgang\/2002\/html\/lg2002017.htm\" target=\"_blank\" rel=\"noreferrer noopener\">The Vienna Youth Protection Act must be observed.<\/a><\/li>\n<\/ul>\n<div class=\"wp-block-image\">\n<figure class=\"aligncenter size-full\"><img loading=\"lazy\" decoding=\"async\" width=\"728\" height=\"162\" src=\"https:\/\/www.aninite.at\/wp-content\/uploads\/Footer_2026_FL.png\" alt=\"\" class=\"wp-image-34746\" srcset=\"https:\/\/www.aninite.at\/wp-content\/uploads\/Footer_2026_FL.png 728w, https:\/\/www.aninite.at\/wp-content\/uploads\/Footer_2026_FL-300x67.png 300w\" sizes=\"auto, (max-width: 728px) 100vw, 728px\" \/><\/figure>\n<\/div>\n<p><\/p>\n","protected":false},"excerpt":{"rendered":"<p>TICKET PRE-SALE KASSA Friday 28\u20ac 31\u20ac Friday child (up to 12 years) 18\u20ac 21\u20ac Saturday 28\u20ac 31\u20ac Saturday child (up to 12 years) 18\u20ac 21\u20ac Sunday 25\u20ac 28\u20ac Sunday child (up to 12 years) 15\u20ac 18\u20ac Con-Ticket (Friday, Saturday, Sunday) 52\u20ac 58\u20ac Con-Ticket Child (up to 12 years; Friday, Saturday, Sunday) 32\u20ac 38\u20ac Gold ticket TBA &#8211; Fan package 24\u20ac &#8211; \u00a0 \u00a0 \u00a0 Insured shipping within Austria + 5,45 \u20ac \u2013 Insured shipping within the EU + 7,35 \u20ac \u2013 Insured shipping outside the EU + 8,05 \u20ac \u2013 The number of event box office tickets is linked to the capacity of the site. Once the capacity limit has been reached, no more tickets will be sold. Box office and collection days The event box office is open from Friday to Sunday from 9:00 am! You can also get tickets at various cons and other events, information will follow on our social media channels! You can find us here! Gold ticket You will find all the information shortly. Fan package contents The fan package contains a T-shirt in a selectable size, as well as various surprises. This is the reason why the fan package is not available at the event box office.The AniNite ticket is not included! Advance booking Advance ticket sales start in February and end on Friday, July 9, 2026.This year, AniNite offers 2 ways to purchase advance tickets: Tickets received by insured delivery entitle the owner to enter the grounds immediately after the opening of the convention.Customers ordering a fan package will receive a voucher with the ticket delivery, which they can use to collect their fan package in the entrance area.<\/p>\n","protected":false},"author":10,"featured_media":0,"parent":0,"menu_order":0,"comment_status":"closed","ping_status":"closed","template":"","meta":{"inline_featured_image":false,"footnotes":""},"class_list":["post-32406","page","type-page","status-publish","hentry"],"yoast_head":"<!-- This site is optimized with the Yoast SEO plugin v27.4 - https:\/\/yoast.com\/product\/yoast-seo-wordpress\/ -->\n<title>Tickets - AniNite<\/title>\n<meta name=\"description\" content=\"All information about the different ticket types for AniNite can be found here. There are either day tickets or contickets (for all 3 days).\" \/>\n<meta name=\"robots\" content=\"index, follow, max-snippet:-1, max-image-preview:large, max-video-preview:-1\" \/>\n<link rel=\"canonical\" href=\"https:\/\/www.aninite.at\/en\/tickets\/\" \/>\n<meta property=\"og:locale\" content=\"en_US\" \/>\n<meta property=\"og:type\" content=\"article\" \/>\n<meta property=\"og:title\" content=\"Tickets - AniNite\" \/>\n<meta property=\"og:description\" content=\"All information about the different ticket types for AniNite can be found here. There are either day tickets or contickets (for all 3 days).\" \/>\n<meta property=\"og:url\" content=\"https:\/\/www.aninite.at\/en\/tickets\/\" \/>\n<meta property=\"og:site_name\" content=\"AniNite\" \/>\n<meta property=\"article:publisher\" content=\"https:\/\/www.facebook.com\/AniMangaAustria\" \/>\n<meta property=\"article:modified_time\" content=\"2026-04-15T09:15:14+00:00\" \/>\n<meta property=\"og:image\" content=\"https:\/\/www.aninite.at\/wp-content\/uploads\/cropped-Icon_2025.jpg\" \/>\n\t<meta property=\"og:image:width\" content=\"512\" \/>\n\t<meta property=\"og:image:height\" content=\"512\" \/>\n\t<meta property=\"og:image:type\" content=\"image\/jpeg\" \/>\n<meta name=\"twitter:card\" content=\"summary_large_image\" \/>\n<meta name=\"twitter:title\" content=\"AniNite tickets\" \/>\n<meta name=\"twitter:description\" content=\"Here you can find all information about the different types of tickets for AniNite.\" \/>\n<meta name=\"twitter:image\" content=\"https:\/\/www.aninite.at\/wp-content\/uploads\/Sascha_AniNite21_Tickets_IMG_2547-1024x683.jpg\" \/>\n<meta name=\"twitter:label1\" content=\"Est. reading time\" \/>\n\t<meta name=\"twitter:data1\" content=\"3 minutes\" \/>\n<script type=\"application\/ld+json\" class=\"yoast-schema-graph\">{\"@context\":\"https:\\\/\\\/schema.org\",\"@graph\":[{\"@type\":\"WebPage\",\"@id\":\"https:\\\/\\\/www.aninite.at\\\/en\\\/tickets\\\/\",\"url\":\"https:\\\/\\\/www.aninite.at\\\/en\\\/tickets\\\/\",\"name\":\"Tickets - AniNite\",\"isPartOf\":{\"@id\":\"https:\\\/\\\/www.aninite.at\\\/en\\\/#website\"},\"primaryImageOfPage\":{\"@id\":\"https:\\\/\\\/www.aninite.at\\\/en\\\/tickets\\\/#primaryimage\"},\"image\":{\"@id\":\"https:\\\/\\\/www.aninite.at\\\/en\\\/tickets\\\/#primaryimage\"},\"thumbnailUrl\":\"https:\\\/\\\/www.aninite.at\\\/wp-content\\\/uploads\\\/\\\/PageTitelBanner.svg\",\"datePublished\":\"2025-03-25T23:07:17+00:00\",\"dateModified\":\"2026-04-15T09:15:14+00:00\",\"description\":\"All information about the different ticket types for AniNite can be found here. There are either day tickets or contickets (for all 3 days).\",\"breadcrumb\":{\"@id\":\"https:\\\/\\\/www.aninite.at\\\/en\\\/tickets\\\/#breadcrumb\"},\"inLanguage\":\"en-US\",\"potentialAction\":[{\"@type\":\"ReadAction\",\"target\":[\"https:\\\/\\\/www.aninite.at\\\/en\\\/tickets\\\/\"]}]},{\"@type\":\"ImageObject\",\"inLanguage\":\"en-US\",\"@id\":\"https:\\\/\\\/www.aninite.at\\\/en\\\/tickets\\\/#primaryimage\",\"url\":\"https:\\\/\\\/www.aninite.at\\\/wp-content\\\/uploads\\\/\\\/PageTitelBanner.svg\",\"contentUrl\":\"https:\\\/\\\/www.aninite.at\\\/wp-content\\\/uploads\\\/\\\/PageTitelBanner.svg\"},{\"@type\":\"BreadcrumbList\",\"@id\":\"https:\\\/\\\/www.aninite.at\\\/en\\\/tickets\\\/#breadcrumb\",\"itemListElement\":[{\"@type\":\"ListItem\",\"position\":1,\"name\":\"Startseite\",\"item\":\"https:\\\/\\\/www.aninite.at\\\/en\\\/welcome\\\/\"},{\"@type\":\"ListItem\",\"position\":2,\"name\":\"Tickets\"}]},{\"@type\":\"WebSite\",\"@id\":\"https:\\\/\\\/www.aninite.at\\\/en\\\/#website\",\"url\":\"https:\\\/\\\/www.aninite.at\\\/en\\\/\",\"name\":\"AniNite\",\"description\":\"\u00d6sterreichs gr\u00f6\u00dfte Anime-, Manga- und Comic-Convention\",\"potentialAction\":[{\"@type\":\"SearchAction\",\"target\":{\"@type\":\"EntryPoint\",\"urlTemplate\":\"https:\\\/\\\/www.aninite.at\\\/en\\\/?s={search_term_string}\"},\"query-input\":{\"@type\":\"PropertyValueSpecification\",\"valueRequired\":true,\"valueName\":\"search_term_string\"}}],\"inLanguage\":\"en-US\"}]}<\/script>\n<!-- \/ Yoast SEO plugin. -->","yoast_head_json":{"title":"Tickets - AniNite","description":"All information about the different ticket types for AniNite can be found here. There are either day tickets or contickets (for all 3 days).","robots":{"index":"index","follow":"follow","max-snippet":"max-snippet:-1","max-image-preview":"max-image-preview:large","max-video-preview":"max-video-preview:-1"},"canonical":"https:\/\/www.aninite.at\/en\/tickets\/","og_locale":"en_US","og_type":"article","og_title":"Tickets - AniNite","og_description":"All information about the different ticket types for AniNite can be found here. There are either day tickets or contickets (for all 3 days).","og_url":"https:\/\/www.aninite.at\/en\/tickets\/","og_site_name":"AniNite","article_publisher":"https:\/\/www.facebook.com\/AniMangaAustria","article_modified_time":"2026-04-15T09:15:14+00:00","og_image":[{"width":512,"height":512,"url":"https:\/\/www.aninite.at\/wp-content\/uploads\/cropped-Icon_2025.jpg","type":"image\/jpeg"}],"twitter_card":"summary_large_image","twitter_title":"AniNite tickets","twitter_description":"Here you can find all information about the different types of tickets for AniNite.","twitter_image":"https:\/\/www.aninite.at\/wp-content\/uploads\/Sascha_AniNite21_Tickets_IMG_2547-1024x683.jpg","twitter_misc":{"Est. reading time":"3 minutes"},"schema":{"@context":"https:\/\/schema.org","@graph":[{"@type":"WebPage","@id":"https:\/\/www.aninite.at\/en\/tickets\/","url":"https:\/\/www.aninite.at\/en\/tickets\/","name":"Tickets - AniNite","isPartOf":{"@id":"https:\/\/www.aninite.at\/en\/#website"},"primaryImageOfPage":{"@id":"https:\/\/www.aninite.at\/en\/tickets\/#primaryimage"},"image":{"@id":"https:\/\/www.aninite.at\/en\/tickets\/#primaryimage"},"thumbnailUrl":"https:\/\/www.aninite.at\/wp-content\/uploads\/\/PageTitelBanner.svg","datePublished":"2025-03-25T23:07:17+00:00","dateModified":"2026-04-15T09:15:14+00:00","description":"All information about the different ticket types for AniNite can be found here. There are either day tickets or contickets (for all 3 days).","breadcrumb":{"@id":"https:\/\/www.aninite.at\/en\/tickets\/#breadcrumb"},"inLanguage":"en-US","potentialAction":[{"@type":"ReadAction","target":["https:\/\/www.aninite.at\/en\/tickets\/"]}]},{"@type":"ImageObject","inLanguage":"en-US","@id":"https:\/\/www.aninite.at\/en\/tickets\/#primaryimage","url":"https:\/\/www.aninite.at\/wp-content\/uploads\/\/PageTitelBanner.svg","contentUrl":"https:\/\/www.aninite.at\/wp-content\/uploads\/\/PageTitelBanner.svg"},{"@type":"BreadcrumbList","@id":"https:\/\/www.aninite.at\/en\/tickets\/#breadcrumb","itemListElement":[{"@type":"ListItem","position":1,"name":"Startseite","item":"https:\/\/www.aninite.at\/en\/welcome\/"},{"@type":"ListItem","position":2,"name":"Tickets"}]},{"@type":"WebSite","@id":"https:\/\/www.aninite.at\/en\/#website","url":"https:\/\/www.aninite.at\/en\/","name":"AniNite","description":"\u00d6sterreichs gr\u00f6\u00dfte Anime-, Manga- und Comic-Convention","potentialAction":[{"@type":"SearchAction","target":{"@type":"EntryPoint","urlTemplate":"https:\/\/www.aninite.at\/en\/?s={search_term_string}"},"query-input":{"@type":"PropertyValueSpecification","valueRequired":true,"valueName":"search_term_string"}}],"inLanguage":"en-US"}]}},"acf":[],"_links":{"self":[{"href":"https:\/\/www.aninite.at\/en\/wp-json\/wp\/v2\/pages\/32406","targetHints":{"allow":["GET"]}}],"collection":[{"href":"https:\/\/www.aninite.at\/en\/wp-json\/wp\/v2\/pages"}],"about":[{"href":"https:\/\/www.aninite.at\/en\/wp-json\/wp\/v2\/types\/page"}],"author":[{"embeddable":true,"href":"https:\/\/www.aninite.at\/en\/wp-json\/wp\/v2\/users\/10"}],"replies":[{"embeddable":true,"href":"https:\/\/www.aninite.at\/en\/wp-json\/wp\/v2\/comments?post=32406"}],"version-history":[{"count":16,"href":"https:\/\/www.aninite.at\/en\/wp-json\/wp\/v2\/pages\/32406\/revisions"}],"predecessor-version":[{"id":34918,"href":"https:\/\/www.aninite.at\/en\/wp-json\/wp\/v2\/pages\/32406\/revisions\/34918"}],"wp:attachment":[{"href":"https:\/\/www.aninite.at\/en\/wp-json\/wp\/v2\/media?parent=32406"}],"curies":[{"name":"wp","href":"https:\/\/api.w.org\/{rel}","templated":true}]}}