{"id":32578,"date":"2022-02-10T17:25:19","date_gmt":"2022-02-10T16:25:19","guid":{"rendered":"https:\/\/www.aninite.at\/meme-wettbewerb\/"},"modified":"2025-07-16T10:55:50","modified_gmt":"2025-07-16T08:55:50","slug":"meme-contest","status":"publish","type":"page","link":"https:\/\/www.aninite.at\/en\/contests-2\/meme-contest\/","title":{"rendered":"Meme competition"},"content":{"rendered":"<div class=\"wp-block-image\">\n<figure class=\"aligncenter size-full\"><img decoding=\"async\" src=\"https:\/\/www.aninite.at\/wp-content\/uploads\/\/TitelTemplate-1.svg\" alt=\"\" class=\"wp-image-32076\"\/><\/figure>\n<\/div>\n<p><strong>The big meme competition: <em>Laugh until you drop<\/em><\/strong><\/p>\n\n<p>Hello and welcome, meme lovers!  <\/p>\n\n<p>Are you creative, have a sense of humor and love making memes? Then take part in the <strong>big meme competition at AniNite<\/strong>!<br\/>Whether you&#8217;re a meme pro or a beginner &#8211; everyone is welcome. Show us your best work and win great prizes!  <\/p>\n\n<h2 class=\"wp-block-heading has-text-align-center has-vivid-red-color has-text-color has-link-color wp-elements-e7b2ff207b45a9dd9de9451b0e0f7e22\">Registration<\/h2>\n\n<p class=\"has-text-align-center\"><strong><a href=\"https:\/\/forms.office.com\/Pages\/ResponsePage.aspx?id=vS-9NlFDJEOLWHEKOtMaO-Pa3SPJ5iFIisbsWJSlwDBUOEhWRzFSQ0w4SUQzOUxLNERXV084NFVBUi4u\" target=\"_blank\" rel=\"noreferrer noopener\">Click here to register.<\/a><\/strong><\/p>\n\n<h2 class=\"wp-block-heading has-text-align-center has-vivid-red-color has-text-color\" id=\"teilnahmebedingungen\">Conditions of participation<\/h2>\n\n<ul class=\"wp-block-list\">\n<li>If you are unable to attend the award ceremony, please report to the information stand and leave your contact details.<\/li>\n\n\n\n<li>You can also provide the contact details of a representative (full name of the person; the person must be able to identify themselves)!<\/li>\n\n\n\n<li>Prices are <strong>NEVER <\/strong>sent abroad!<\/li>\n\n\n\n<li>The entry form must be <strong>COMPLETELY<\/strong> filled out. Incomplete forms will result in exclusion from the competition. <\/li>\n\n\n\n<li>With your submission, you agree that your meme will be shown on the <strong>Gallery Wall<\/strong> during AniNite and published on the <strong>AniNite<\/strong> <strong>social media channels<\/strong> and <strong>website<\/strong>.<br\/><strong>All rights to the work remain with you!<\/strong><\/li>\n\n\n\n<li>Your meme may <strong>only<\/strong> be shared publicly <strong>after the winner has been announced<\/strong>.<\/li>\n<\/ul>\n\n<h2 class=\"wp-block-heading has-text-align-center has-vivid-red-color has-text-color\" id=\"regelwerk\">Rules and regulations<\/h2>\n\n<ul class=\"wp-block-list\">\n<li><strong>Closing date: 01.08.2025, 23:59 hrs<\/strong><\/li>\n\n\n\n<li><strong>One entry<\/strong> per participant will be accepted.  <\/li>\n\n\n\n<li>The submission must be uploaded via a <strong>cloud platform<\/strong> (e.g. Google Drive, Dropbox, etc.). Make sure that the link is <strong>shared with everyone with the link<\/strong>.   <\/li>\n\n\n\n<li>The accepted file formats are .png, .jpg, .gif (not animated). We do not accept videos.  <\/li>\n\n\n\n<li>The meme must have been created by you.  <\/li>\n\n\n\n<li>Please do not submit any sexist, racist, political or otherwise offensive memes.  <\/li>\n\n\n\n<li>We reserve the right to exclude memes that are inappropriate or violate the rules from the competition.  <\/li>\n<\/ul>\n\n<h2 class=\"wp-block-heading has-text-align-center has-vivid-red-color has-text-color\" id=\"ablauf\">Competition &amp; evaluation process<\/h2>\n\n<p>All memes submitted by the deadline will be evaluated by a <strong>jury<\/strong> using a <strong>points system<\/strong>.<br\/>The winners will be announced at the awards ceremony <strong>(date to be announced). <\/strong><br\/><\/p>\n\n<hr class=\"wp-block-separator has-alpha-channel-opacity\"\/>\n\n<p><strong>Show us your creativity!<\/strong><\/p>\n\n<p>We look forward to many ingenious, hilarious and original submissions.<br\/>Good luck &#8211; and may the best meme win!<\/p>\n<div class=\"wp-block-image\">\n<figure class=\"aligncenter size-full\"><img loading=\"lazy\" decoding=\"async\" width=\"728\" height=\"162\" src=\"https:\/\/www.aninite.at\/wp-content\/uploads\/Footer_2025_FL.jpg\" alt=\"\" class=\"wp-image-17696\" srcset=\"https:\/\/www.aninite.at\/wp-content\/uploads\/Footer_2025_FL.jpg 728w, https:\/\/www.aninite.at\/wp-content\/uploads\/Footer_2025_FL-300x67.jpg 300w\" sizes=\"auto, (max-width: 728px) 100vw, 728px\" \/><\/figure>\n<\/div>","protected":false},"excerpt":{"rendered":"<p>The big meme competition: Laugh until you drop Hello and welcome, meme lovers! Are you creative, have a sense of humor and love making memes? Then take part in the big meme competition at AniNite!Whether you&#8217;re a meme pro or a beginner &#8211; everyone is welcome. Show us your best work and win great prizes! Registration Click here to register. Conditions of participation Rules and regulations Competition &amp; evaluation process All memes submitted by the deadline will be evaluated by a jury using a points system.The winners will be announced at the awards ceremony (date to be announced). Show us your creativity! We look forward to many ingenious, hilarious and original submissions.Good luck &#8211; and may the best meme win!<\/p>\n","protected":false},"author":10,"featured_media":0,"parent":32680,"menu_order":0,"comment_status":"closed","ping_status":"closed","template":"","meta":{"inline_featured_image":false,"footnotes":""},"class_list":["post-32578","page","type-page","status-publish","hentry"],"yoast_head":"<!-- This site is optimized with the Yoast SEO plugin v27.5 - https:\/\/yoast.com\/product\/yoast-seo-wordpress\/ -->\n<title>Meme competition - AniNite<\/title>\n<meta name=\"description\" content=\"The aim of this competition is to create an original meme that is entertaining for as many different people as possible.\" \/>\n<meta name=\"robots\" content=\"index, follow, max-snippet:-1, max-image-preview:large, max-video-preview:-1\" \/>\n<link rel=\"canonical\" href=\"https:\/\/www.aninite.at\/en\/contests-2\/meme-contest\/\" \/>\n<meta property=\"og:locale\" content=\"en_US\" \/>\n<meta property=\"og:type\" content=\"article\" \/>\n<meta property=\"og:title\" content=\"Meme competition - AniNite\" \/>\n<meta property=\"og:description\" content=\"The aim of this competition is to create an original meme that is entertaining for as many different people as possible.\" \/>\n<meta property=\"og:url\" content=\"https:\/\/www.aninite.at\/en\/contests-2\/meme-contest\/\" \/>\n<meta property=\"og:site_name\" content=\"AniNite\" \/>\n<meta property=\"article:publisher\" content=\"https:\/\/www.facebook.com\/AniMangaAustria\" \/>\n<meta property=\"article:modified_time\" content=\"2025-07-16T08:55:50+00:00\" \/>\n<meta property=\"og:image\" content=\"https:\/\/www.aninite.at\/wp-content\/uploads\/cropped-Icon_2025.jpg\" \/>\n\t<meta property=\"og:image:width\" content=\"512\" \/>\n\t<meta property=\"og:image:height\" content=\"512\" \/>\n\t<meta property=\"og:image:type\" content=\"image\/jpeg\" \/>\n<meta name=\"twitter:card\" content=\"summary_large_image\" \/>\n<meta name=\"twitter:title\" content=\"AniNite\" \/>\n<meta name=\"twitter:description\" content=\"The aim of this competition is to create an original meme that is entertaining for as many different people as possible.\" \/>\n<meta name=\"twitter:image\" content=\"https:\/\/www.aninite.at\/wp-content\/uploads\/Meme-WB-1024x494.png\" \/>\n<meta name=\"twitter:label1\" content=\"Est. reading time\" \/>\n\t<meta name=\"twitter:data1\" content=\"2 minutes\" \/>\n<script type=\"application\/ld+json\" class=\"yoast-schema-graph\">{\"@context\":\"https:\\\/\\\/schema.org\",\"@graph\":[{\"@type\":\"WebPage\",\"@id\":\"https:\\\/\\\/www.aninite.at\\\/en\\\/contests-2\\\/meme-contest\\\/\",\"url\":\"https:\\\/\\\/www.aninite.at\\\/en\\\/contests-2\\\/meme-contest\\\/\",\"name\":\"Meme competition - AniNite\",\"isPartOf\":{\"@id\":\"https:\\\/\\\/www.aninite.at\\\/en\\\/#website\"},\"primaryImageOfPage\":{\"@id\":\"https:\\\/\\\/www.aninite.at\\\/en\\\/contests-2\\\/meme-contest\\\/#primaryimage\"},\"image\":{\"@id\":\"https:\\\/\\\/www.aninite.at\\\/en\\\/contests-2\\\/meme-contest\\\/#primaryimage\"},\"thumbnailUrl\":\"https:\\\/\\\/www.aninite.at\\\/wp-content\\\/uploads\\\/\\\/TitelTemplate-1.svg\",\"datePublished\":\"2022-02-10T16:25:19+00:00\",\"dateModified\":\"2025-07-16T08:55:50+00:00\",\"description\":\"The aim of this competition is to create an original meme that is entertaining for as many different people as possible.\",\"breadcrumb\":{\"@id\":\"https:\\\/\\\/www.aninite.at\\\/en\\\/contests-2\\\/meme-contest\\\/#breadcrumb\"},\"inLanguage\":\"en-US\",\"potentialAction\":[{\"@type\":\"ReadAction\",\"target\":[\"https:\\\/\\\/www.aninite.at\\\/en\\\/contests-2\\\/meme-contest\\\/\"]}]},{\"@type\":\"ImageObject\",\"inLanguage\":\"en-US\",\"@id\":\"https:\\\/\\\/www.aninite.at\\\/en\\\/contests-2\\\/meme-contest\\\/#primaryimage\",\"url\":\"https:\\\/\\\/www.aninite.at\\\/wp-content\\\/uploads\\\/\\\/TitelTemplate-1.svg\",\"contentUrl\":\"https:\\\/\\\/www.aninite.at\\\/wp-content\\\/uploads\\\/\\\/TitelTemplate-1.svg\"},{\"@type\":\"BreadcrumbList\",\"@id\":\"https:\\\/\\\/www.aninite.at\\\/en\\\/contests-2\\\/meme-contest\\\/#breadcrumb\",\"itemListElement\":[{\"@type\":\"ListItem\",\"position\":1,\"name\":\"Startseite\",\"item\":\"https:\\\/\\\/www.aninite.at\\\/en\\\/welcome\\\/\"},{\"@type\":\"ListItem\",\"position\":2,\"name\":\"Competitions\",\"item\":\"https:\\\/\\\/www.aninite.at\\\/en\\\/contests-2\\\/\"},{\"@type\":\"ListItem\",\"position\":3,\"name\":\"Meme competition\"}]},{\"@type\":\"WebSite\",\"@id\":\"https:\\\/\\\/www.aninite.at\\\/en\\\/#website\",\"url\":\"https:\\\/\\\/www.aninite.at\\\/en\\\/\",\"name\":\"AniNite\",\"description\":\"\u00d6sterreichs gr\u00f6\u00dfte Anime-, Manga- und Comic-Convention\",\"potentialAction\":[{\"@type\":\"SearchAction\",\"target\":{\"@type\":\"EntryPoint\",\"urlTemplate\":\"https:\\\/\\\/www.aninite.at\\\/en\\\/?s={search_term_string}\"},\"query-input\":{\"@type\":\"PropertyValueSpecification\",\"valueRequired\":true,\"valueName\":\"search_term_string\"}}],\"inLanguage\":\"en-US\"}]}<\/script>\n<!-- \/ Yoast SEO plugin. -->","yoast_head_json":{"title":"Meme competition - AniNite","description":"The aim of this competition is to create an original meme that is entertaining for as many different people as possible.","robots":{"index":"index","follow":"follow","max-snippet":"max-snippet:-1","max-image-preview":"max-image-preview:large","max-video-preview":"max-video-preview:-1"},"canonical":"https:\/\/www.aninite.at\/en\/contests-2\/meme-contest\/","og_locale":"en_US","og_type":"article","og_title":"Meme competition - AniNite","og_description":"The aim of this competition is to create an original meme that is entertaining for as many different people as possible.","og_url":"https:\/\/www.aninite.at\/en\/contests-2\/meme-contest\/","og_site_name":"AniNite","article_publisher":"https:\/\/www.facebook.com\/AniMangaAustria","article_modified_time":"2025-07-16T08:55:50+00:00","og_image":[{"width":512,"height":512,"url":"https:\/\/www.aninite.at\/wp-content\/uploads\/cropped-Icon_2025.jpg","type":"image\/jpeg"}],"twitter_card":"summary_large_image","twitter_title":"AniNite","twitter_description":"The aim of this competition is to create an original meme that is entertaining for as many different people as possible.","twitter_image":"https:\/\/www.aninite.at\/wp-content\/uploads\/Meme-WB-1024x494.png","twitter_misc":{"Est. reading time":"2 minutes"},"schema":{"@context":"https:\/\/schema.org","@graph":[{"@type":"WebPage","@id":"https:\/\/www.aninite.at\/en\/contests-2\/meme-contest\/","url":"https:\/\/www.aninite.at\/en\/contests-2\/meme-contest\/","name":"Meme competition - AniNite","isPartOf":{"@id":"https:\/\/www.aninite.at\/en\/#website"},"primaryImageOfPage":{"@id":"https:\/\/www.aninite.at\/en\/contests-2\/meme-contest\/#primaryimage"},"image":{"@id":"https:\/\/www.aninite.at\/en\/contests-2\/meme-contest\/#primaryimage"},"thumbnailUrl":"https:\/\/www.aninite.at\/wp-content\/uploads\/\/TitelTemplate-1.svg","datePublished":"2022-02-10T16:25:19+00:00","dateModified":"2025-07-16T08:55:50+00:00","description":"The aim of this competition is to create an original meme that is entertaining for as many different people as possible.","breadcrumb":{"@id":"https:\/\/www.aninite.at\/en\/contests-2\/meme-contest\/#breadcrumb"},"inLanguage":"en-US","potentialAction":[{"@type":"ReadAction","target":["https:\/\/www.aninite.at\/en\/contests-2\/meme-contest\/"]}]},{"@type":"ImageObject","inLanguage":"en-US","@id":"https:\/\/www.aninite.at\/en\/contests-2\/meme-contest\/#primaryimage","url":"https:\/\/www.aninite.at\/wp-content\/uploads\/\/TitelTemplate-1.svg","contentUrl":"https:\/\/www.aninite.at\/wp-content\/uploads\/\/TitelTemplate-1.svg"},{"@type":"BreadcrumbList","@id":"https:\/\/www.aninite.at\/en\/contests-2\/meme-contest\/#breadcrumb","itemListElement":[{"@type":"ListItem","position":1,"name":"Startseite","item":"https:\/\/www.aninite.at\/en\/welcome\/"},{"@type":"ListItem","position":2,"name":"Competitions","item":"https:\/\/www.aninite.at\/en\/contests-2\/"},{"@type":"ListItem","position":3,"name":"Meme competition"}]},{"@type":"WebSite","@id":"https:\/\/www.aninite.at\/en\/#website","url":"https:\/\/www.aninite.at\/en\/","name":"AniNite","description":"\u00d6sterreichs gr\u00f6\u00dfte Anime-, Manga- und Comic-Convention","potentialAction":[{"@type":"SearchAction","target":{"@type":"EntryPoint","urlTemplate":"https:\/\/www.aninite.at\/en\/?s={search_term_string}"},"query-input":{"@type":"PropertyValueSpecification","valueRequired":true,"valueName":"search_term_string"}}],"inLanguage":"en-US"}]}},"acf":[],"_links":{"self":[{"href":"https:\/\/www.aninite.at\/en\/wp-json\/wp\/v2\/pages\/32578","targetHints":{"allow":["GET"]}}],"collection":[{"href":"https:\/\/www.aninite.at\/en\/wp-json\/wp\/v2\/pages"}],"about":[{"href":"https:\/\/www.aninite.at\/en\/wp-json\/wp\/v2\/types\/page"}],"author":[{"embeddable":true,"href":"https:\/\/www.aninite.at\/en\/wp-json\/wp\/v2\/users\/10"}],"replies":[{"embeddable":true,"href":"https:\/\/www.aninite.at\/en\/wp-json\/wp\/v2\/comments?post=32578"}],"version-history":[{"count":5,"href":"https:\/\/www.aninite.at\/en\/wp-json\/wp\/v2\/pages\/32578\/revisions"}],"predecessor-version":[{"id":34162,"href":"https:\/\/www.aninite.at\/en\/wp-json\/wp\/v2\/pages\/32578\/revisions\/34162"}],"up":[{"embeddable":true,"href":"https:\/\/www.aninite.at\/en\/wp-json\/wp\/v2\/pages\/32680"}],"wp:attachment":[{"href":"https:\/\/www.aninite.at\/en\/wp-json\/wp\/v2\/media?parent=32578"}],"curies":[{"name":"wp","href":"https:\/\/api.w.org\/{rel}","templated":true}]}}