{"id":32589,"date":"2022-01-31T14:08:19","date_gmt":"2022-01-31T13:08:19","guid":{"rendered":"https:\/\/www.aninite.at\/amv-wettbewerb\/"},"modified":"2025-07-16T10:51:11","modified_gmt":"2025-07-16T08:51:11","slug":"amv-contest","status":"publish","type":"page","link":"https:\/\/www.aninite.at\/en\/contests-2\/amv-contest\/","title":{"rendered":"AMV competition"},"content":{"rendered":"<div class=\"wp-block-image\">\n<figure class=\"aligncenter size-full\"><img decoding=\"async\" src=\"https:\/\/www.aninite.at\/wp-content\/uploads\/\/TitelTemplate-1.svg\" alt=\"\" class=\"wp-image-32076\"\/><\/figure>\n<\/div>\n<div style=\"height:41px\" aria-hidden=\"true\" class=\"wp-block-spacer\"><\/div>\n\n<p>Every year again (we&#8217;ll skillfully ignore 2020) there is the AniNite and for over 20 years there has been the old well-known AMV Contest!<\/p>\n\n<p>This year it has a <strong>theme<\/strong> again <strong>: home<\/strong><\/p>\n\n<p>Show us where and how you feel at home, where you come from and how we all come together!<br\/>Or ignore the topic and just show us what you can do and want to show us! We divide the prices according to the number of participants. There will be an option to indicate your origin when submitting and we will try to prepare something special for the moderation!  <\/p>\n\n<p>As food for thought: <br\/>Home can mean many things, either music from home, or video material such as Heidi\/home sports anime etc. Or you can deal with life in the city\/family\/country or homesickness when traveling.<br\/>Home is where your Heart is! Your home is where you feel at home! As we all come from different backgrounds the theme is a bit &#8220;anything goes&#8221; so go wild!  <\/p>\n\n<hr class=\"wp-block-separator has-alpha-channel-opacity\"\/>\n\n<p>Please read everything <strong>carefully <\/strong>and register.<\/p>\n\n<h2 class=\"wp-block-heading has-text-align-center has-vivid-red-color has-text-color has-link-color wp-elements-e7b2ff207b45a9dd9de9451b0e0f7e22\">Registration<\/h2>\n\n<p><strong><a href=\"https:\/\/forms.office.com\/e\/ws30cnEUk2\" target=\"_blank\" rel=\"noreferrer noopener\">Click here to register.<\/a><\/strong><\/p>\n\n<h2 class=\"wp-block-heading has-text-align-center has-vivid-red-color has-text-color\" id=\"teilnahmebedingungen\">Conditions of participation<\/h2>\n\n<ul class=\"wp-block-list\">\n<li>If you are unable to attend the award ceremony, please report to the information stand and leave your contact details.<\/li>\n\n\n\n<li>You can also provide the contact details of a representative (full name of the person; the person must be able to identify themselves)!<\/li>\n\n\n\n<li>Prices are <strong>NEVER <\/strong>sent abroad!<\/li>\n\n\n\n<li>The entry form must be <strong>COMPLETELY<\/strong> filled out. Incomplete forms will result in exclusion from the competition. <\/li>\n\n\n\n<li>By registering, you give us <strong>permission to stream your video live and to use the videos later with the name of the creator.<\/strong><\/li>\n<\/ul>\n\n<h2 class=\"wp-block-heading has-text-align-center has-vivid-red-color has-text-color\" id=\"regelwerk\">Rules and regulations<\/h2>\n\n<p>Please read the <strong><a href=\"https:\/\/www.aninite.at\/wp-content\/uploads\/AMV-Rules.pdf\" target=\"_blank\" rel=\"noreferrer noopener\">rules and regulations<\/a> <\/strong>carefully.<\/p>\n\n<ul class=\"wp-block-list\">\n<li><strong>Closing date: 25.07.2025, 23:59.<\/strong> <\/li>\n\n\n\n<li>Several editors can work on one video.<\/li>\n\n\n\n<li>An editor may only submit one video (but you may collaborate elsewhere).<\/li>\n\n\n\n<li>Duration: 00:45 &#8211; 04:30 as a guideline<\/li>\n\n\n\n<li>The evaluation is anonymous! Please send in your video without names\/logos or in 2 versions. <\/li>\n<\/ul>\n\n<p>If certain regulations are unclear or you need help, we will be happy to assist you. Just ask your question via our <a href=\"https:\/\/www.aninite.at\/en\/contact\/\">contact<\/a> <a href=\"https:\/\/www.aninite.at\/en\/contact\/\" target=\"_blank\" rel=\"noreferrer noopener\">form<\/a> and specify <a href=\"https:\/\/www.aninite.at\/en\/contact\/\">AMV<\/a> in the &#8220;Area&#8221; window so that we can process your question faster.  <\/p>\n<div class=\"wp-block-image\">\n<figure class=\"aligncenter size-full\"><img loading=\"lazy\" decoding=\"async\" width=\"728\" height=\"162\" src=\"https:\/\/www.aninite.at\/wp-content\/uploads\/Footer_2025_FL.jpg\" alt=\"\" class=\"wp-image-17696\" srcset=\"https:\/\/www.aninite.at\/wp-content\/uploads\/Footer_2025_FL.jpg 728w, https:\/\/www.aninite.at\/wp-content\/uploads\/Footer_2025_FL-300x67.jpg 300w\" sizes=\"auto, (max-width: 728px) 100vw, 728px\" \/><\/figure>\n<\/div>","protected":false},"excerpt":{"rendered":"<p>Every year again (we&#8217;ll skillfully ignore 2020) there is the AniNite and for over 20 years there has been the old well-known AMV Contest! This year it has a theme again : home Show us where and how you feel at home, where you come from and how we all come together!Or ignore the topic and just show us what you can do and want to show us! We divide the prices according to the number of participants. There will be an option to indicate your origin when submitting and we will try to prepare something special for the moderation! As food for thought: Home can mean many things, either music from home, or video material such as Heidi\/home sports anime etc. Or you can deal with life in the city\/family\/country or homesickness when traveling.Home is where your Heart is! Your home is where you feel at home! As we all come from different backgrounds the theme is a bit &#8220;anything goes&#8221; so go wild! Please read everything carefully and register. Registration Click here to register. Conditions of participation Rules and regulations Please read the rules and regulations carefully. If certain regulations are unclear or you need help, we will be happy to assist you. Just ask your question via our contact form and specify AMV in the &#8220;Area&#8221; window so that we can process your question faster.<\/p>\n","protected":false},"author":10,"featured_media":0,"parent":32680,"menu_order":0,"comment_status":"closed","ping_status":"closed","template":"","meta":{"inline_featured_image":false,"footnotes":""},"class_list":["post-32589","page","type-page","status-publish","hentry"],"yoast_head":"<!-- This site is optimized with the Yoast SEO plugin v27.5 - https:\/\/yoast.com\/product\/yoast-seo-wordpress\/ -->\n<title>AMV competition - AniNite<\/title>\n<meta name=\"description\" content=\"AMV is made up of the things we all love! These are edited together to quickly create a unique video!\" \/>\n<meta name=\"robots\" content=\"index, follow, max-snippet:-1, max-image-preview:large, max-video-preview:-1\" \/>\n<link rel=\"canonical\" href=\"https:\/\/www.aninite.at\/en\/contests-2\/amv-contest\/\" \/>\n<meta property=\"og:locale\" content=\"en_US\" \/>\n<meta property=\"og:type\" content=\"article\" \/>\n<meta property=\"og:title\" content=\"AMV competition - AniNite\" \/>\n<meta property=\"og:description\" content=\"AMV is made up of the things we all love! These are edited together to quickly create a unique video!\" \/>\n<meta property=\"og:url\" content=\"https:\/\/www.aninite.at\/en\/contests-2\/amv-contest\/\" \/>\n<meta property=\"og:site_name\" content=\"AniNite\" \/>\n<meta property=\"article:publisher\" content=\"https:\/\/www.facebook.com\/AniMangaAustria\" \/>\n<meta property=\"article:modified_time\" content=\"2025-07-16T08:51:11+00:00\" \/>\n<meta property=\"og:image\" content=\"https:\/\/www.aninite.at\/wp-content\/uploads\/cropped-Icon_2025.jpg\" \/>\n\t<meta property=\"og:image:width\" content=\"512\" \/>\n\t<meta property=\"og:image:height\" content=\"512\" \/>\n\t<meta property=\"og:image:type\" content=\"image\/jpeg\" \/>\n<meta name=\"twitter:card\" content=\"summary_large_image\" \/>\n<meta name=\"twitter:title\" content=\"AniNite\" \/>\n<meta name=\"twitter:description\" content=\"AMV is made up of the things we all love! These are edited together to quickly create a unique video!\" \/>\n<meta name=\"twitter:image\" content=\"https:\/\/www.aninite.at\/wp-content\/uploads\/Maskots_22-1024x1008.png\" \/>\n<meta name=\"twitter:label1\" content=\"Est. reading time\" \/>\n\t<meta name=\"twitter:data1\" content=\"2 minutes\" \/>\n<script type=\"application\/ld+json\" class=\"yoast-schema-graph\">{\"@context\":\"https:\\\/\\\/schema.org\",\"@graph\":[{\"@type\":\"WebPage\",\"@id\":\"https:\\\/\\\/www.aninite.at\\\/en\\\/contests-2\\\/amv-contest\\\/\",\"url\":\"https:\\\/\\\/www.aninite.at\\\/en\\\/contests-2\\\/amv-contest\\\/\",\"name\":\"AMV competition - AniNite\",\"isPartOf\":{\"@id\":\"https:\\\/\\\/www.aninite.at\\\/en\\\/#website\"},\"primaryImageOfPage\":{\"@id\":\"https:\\\/\\\/www.aninite.at\\\/en\\\/contests-2\\\/amv-contest\\\/#primaryimage\"},\"image\":{\"@id\":\"https:\\\/\\\/www.aninite.at\\\/en\\\/contests-2\\\/amv-contest\\\/#primaryimage\"},\"thumbnailUrl\":\"https:\\\/\\\/www.aninite.at\\\/wp-content\\\/uploads\\\/\\\/TitelTemplate-1.svg\",\"datePublished\":\"2022-01-31T13:08:19+00:00\",\"dateModified\":\"2025-07-16T08:51:11+00:00\",\"description\":\"AMV is made up of the things we all love! These are edited together to quickly create a unique video!\",\"breadcrumb\":{\"@id\":\"https:\\\/\\\/www.aninite.at\\\/en\\\/contests-2\\\/amv-contest\\\/#breadcrumb\"},\"inLanguage\":\"en-US\",\"potentialAction\":[{\"@type\":\"ReadAction\",\"target\":[\"https:\\\/\\\/www.aninite.at\\\/en\\\/contests-2\\\/amv-contest\\\/\"]}]},{\"@type\":\"ImageObject\",\"inLanguage\":\"en-US\",\"@id\":\"https:\\\/\\\/www.aninite.at\\\/en\\\/contests-2\\\/amv-contest\\\/#primaryimage\",\"url\":\"https:\\\/\\\/www.aninite.at\\\/wp-content\\\/uploads\\\/\\\/TitelTemplate-1.svg\",\"contentUrl\":\"https:\\\/\\\/www.aninite.at\\\/wp-content\\\/uploads\\\/\\\/TitelTemplate-1.svg\"},{\"@type\":\"BreadcrumbList\",\"@id\":\"https:\\\/\\\/www.aninite.at\\\/en\\\/contests-2\\\/amv-contest\\\/#breadcrumb\",\"itemListElement\":[{\"@type\":\"ListItem\",\"position\":1,\"name\":\"Startseite\",\"item\":\"https:\\\/\\\/www.aninite.at\\\/en\\\/welcome\\\/\"},{\"@type\":\"ListItem\",\"position\":2,\"name\":\"Competitions\",\"item\":\"https:\\\/\\\/www.aninite.at\\\/en\\\/contests-2\\\/\"},{\"@type\":\"ListItem\",\"position\":3,\"name\":\"AMV competition\"}]},{\"@type\":\"WebSite\",\"@id\":\"https:\\\/\\\/www.aninite.at\\\/en\\\/#website\",\"url\":\"https:\\\/\\\/www.aninite.at\\\/en\\\/\",\"name\":\"AniNite\",\"description\":\"\u00d6sterreichs gr\u00f6\u00dfte Anime-, Manga- und Comic-Convention\",\"potentialAction\":[{\"@type\":\"SearchAction\",\"target\":{\"@type\":\"EntryPoint\",\"urlTemplate\":\"https:\\\/\\\/www.aninite.at\\\/en\\\/?s={search_term_string}\"},\"query-input\":{\"@type\":\"PropertyValueSpecification\",\"valueRequired\":true,\"valueName\":\"search_term_string\"}}],\"inLanguage\":\"en-US\"}]}<\/script>\n<!-- \/ Yoast SEO plugin. -->","yoast_head_json":{"title":"AMV competition - AniNite","description":"AMV is made up of the things we all love! These are edited together to quickly create a unique video!","robots":{"index":"index","follow":"follow","max-snippet":"max-snippet:-1","max-image-preview":"max-image-preview:large","max-video-preview":"max-video-preview:-1"},"canonical":"https:\/\/www.aninite.at\/en\/contests-2\/amv-contest\/","og_locale":"en_US","og_type":"article","og_title":"AMV competition - AniNite","og_description":"AMV is made up of the things we all love! These are edited together to quickly create a unique video!","og_url":"https:\/\/www.aninite.at\/en\/contests-2\/amv-contest\/","og_site_name":"AniNite","article_publisher":"https:\/\/www.facebook.com\/AniMangaAustria","article_modified_time":"2025-07-16T08:51:11+00:00","og_image":[{"width":512,"height":512,"url":"https:\/\/www.aninite.at\/wp-content\/uploads\/cropped-Icon_2025.jpg","type":"image\/jpeg"}],"twitter_card":"summary_large_image","twitter_title":"AniNite","twitter_description":"AMV is made up of the things we all love! These are edited together to quickly create a unique video!","twitter_image":"https:\/\/www.aninite.at\/wp-content\/uploads\/Maskots_22-1024x1008.png","twitter_misc":{"Est. reading time":"2 minutes"},"schema":{"@context":"https:\/\/schema.org","@graph":[{"@type":"WebPage","@id":"https:\/\/www.aninite.at\/en\/contests-2\/amv-contest\/","url":"https:\/\/www.aninite.at\/en\/contests-2\/amv-contest\/","name":"AMV competition - AniNite","isPartOf":{"@id":"https:\/\/www.aninite.at\/en\/#website"},"primaryImageOfPage":{"@id":"https:\/\/www.aninite.at\/en\/contests-2\/amv-contest\/#primaryimage"},"image":{"@id":"https:\/\/www.aninite.at\/en\/contests-2\/amv-contest\/#primaryimage"},"thumbnailUrl":"https:\/\/www.aninite.at\/wp-content\/uploads\/\/TitelTemplate-1.svg","datePublished":"2022-01-31T13:08:19+00:00","dateModified":"2025-07-16T08:51:11+00:00","description":"AMV is made up of the things we all love! These are edited together to quickly create a unique video!","breadcrumb":{"@id":"https:\/\/www.aninite.at\/en\/contests-2\/amv-contest\/#breadcrumb"},"inLanguage":"en-US","potentialAction":[{"@type":"ReadAction","target":["https:\/\/www.aninite.at\/en\/contests-2\/amv-contest\/"]}]},{"@type":"ImageObject","inLanguage":"en-US","@id":"https:\/\/www.aninite.at\/en\/contests-2\/amv-contest\/#primaryimage","url":"https:\/\/www.aninite.at\/wp-content\/uploads\/\/TitelTemplate-1.svg","contentUrl":"https:\/\/www.aninite.at\/wp-content\/uploads\/\/TitelTemplate-1.svg"},{"@type":"BreadcrumbList","@id":"https:\/\/www.aninite.at\/en\/contests-2\/amv-contest\/#breadcrumb","itemListElement":[{"@type":"ListItem","position":1,"name":"Startseite","item":"https:\/\/www.aninite.at\/en\/welcome\/"},{"@type":"ListItem","position":2,"name":"Competitions","item":"https:\/\/www.aninite.at\/en\/contests-2\/"},{"@type":"ListItem","position":3,"name":"AMV competition"}]},{"@type":"WebSite","@id":"https:\/\/www.aninite.at\/en\/#website","url":"https:\/\/www.aninite.at\/en\/","name":"AniNite","description":"\u00d6sterreichs gr\u00f6\u00dfte Anime-, Manga- und Comic-Convention","potentialAction":[{"@type":"SearchAction","target":{"@type":"EntryPoint","urlTemplate":"https:\/\/www.aninite.at\/en\/?s={search_term_string}"},"query-input":{"@type":"PropertyValueSpecification","valueRequired":true,"valueName":"search_term_string"}}],"inLanguage":"en-US"}]}},"acf":[],"_links":{"self":[{"href":"https:\/\/www.aninite.at\/en\/wp-json\/wp\/v2\/pages\/32589","targetHints":{"allow":["GET"]}}],"collection":[{"href":"https:\/\/www.aninite.at\/en\/wp-json\/wp\/v2\/pages"}],"about":[{"href":"https:\/\/www.aninite.at\/en\/wp-json\/wp\/v2\/types\/page"}],"author":[{"embeddable":true,"href":"https:\/\/www.aninite.at\/en\/wp-json\/wp\/v2\/users\/10"}],"replies":[{"embeddable":true,"href":"https:\/\/www.aninite.at\/en\/wp-json\/wp\/v2\/comments?post=32589"}],"version-history":[{"count":7,"href":"https:\/\/www.aninite.at\/en\/wp-json\/wp\/v2\/pages\/32589\/revisions"}],"predecessor-version":[{"id":34103,"href":"https:\/\/www.aninite.at\/en\/wp-json\/wp\/v2\/pages\/32589\/revisions\/34103"}],"up":[{"embeddable":true,"href":"https:\/\/www.aninite.at\/en\/wp-json\/wp\/v2\/pages\/32680"}],"wp:attachment":[{"href":"https:\/\/www.aninite.at\/en\/wp-json\/wp\/v2\/media?parent=32589"}],"curies":[{"name":"wp","href":"https:\/\/api.w.org\/{rel}","templated":true}]}}