{"id":32600,"date":"2023-06-02T23:28:42","date_gmt":"2023-06-02T21:28:42","guid":{"rendered":"https:\/\/www.aninite.at\/world-cosplay-summit-2\/"},"modified":"2025-07-16T10:51:16","modified_gmt":"2025-07-16T08:51:16","slug":"world-cosplay-summit-2","status":"publish","type":"page","link":"https:\/\/www.aninite.at\/en\/contests-2\/cosplay-2\/world-cosplay-summit-2\/","title":{"rendered":"World Cosplay Summit"},"content":{"rendered":"<div class=\"wp-block-image\">\n<figure class=\"aligncenter size-full\"><img decoding=\"async\" src=\"https:\/\/www.aninite.at\/wp-content\/uploads\/\/TitelTemplate-1.svg\" alt=\"\" class=\"wp-image-32076\"\/><\/figure>\n<\/div>\n<div style=\"height:50px\" aria-hidden=\"true\" class=\"wp-block-spacer\"><\/div>\n<div class=\"wp-block-image is-resized\">\n<figure class=\"aligncenter size-full\"><img loading=\"lazy\" decoding=\"async\" width=\"504\" height=\"372\" src=\"https:\/\/www.aninite.at\/wp-content\/uploads\/Screen-Shot-2018-05-27-at-2.54.28-AM.png\" alt=\"\" class=\"wp-image-8839\" srcset=\"https:\/\/www.aninite.at\/wp-content\/uploads\/Screen-Shot-2018-05-27-at-2.54.28-AM.png 504w, https:\/\/www.aninite.at\/wp-content\/uploads\/Screen-Shot-2018-05-27-at-2.54.28-AM-300x221.png 300w\" sizes=\"auto, (max-width: 504px) 100vw, 504px\" \/><\/figure>\n<\/div>\n<h2 class=\"wp-block-heading has-text-align-center has-vivid-red-color has-text-color\">General information<\/h2>\n\n<p>The World Cosplay Summit was founded in 2003 by the Japanese TV station <a href=\"http:\/\/www.tv-aichi.co.jp\/\" target=\"_blank\" rel=\"noreferrer noopener\">TV Aichi<\/a> to promote cosplay outside of Japan. The WCS was intended to gather cosplayers from all over the world in Nagoya with the support of the government&#8217;s \u201cCool Japan\u201d initiative. <br\/>Today, the WCS is an international cosplay championship with participants from <strong>42<\/strong> countries around the world. Participants must first qualify in one or more preliminary rounds in their countries.<\/p>\n\n<p class=\"has-black-color has-text-color\">Austria has been in the preliminary since 2018 and thus also in the final since 2019. The Austrian preliminary will take place at <a href=\"http:\/\/www.aninite.at\" target=\"_blank\" rel=\"noreferrer noopener\">AniNite<\/a>. The winning team of the preliminary round will travel to Nagoya (Japan) the following year to compete in the final in front of tens of thousands of fans. An experienced jury, supported by mangakas (e.g. Hiro Mashima), well-known musicians (e.g. Ichiro Mizuki, May&#8217;n, Kenji Nojima) game producers (e.g. Yoko Taro) anime dubbing actors (e.g. Toru Furuya) selects the winners in various categories as well as a WCS Grand Champion. <\/p>\n\n<p>However, the WCS finals competition is only one part of the multi-day event. The cosplayers experience almost two weeks full of parades, stage performances, press appointments and official visits to Nagoya&#8217;s state and city representatives. <\/p>\n\n<p>More information on the topic on the <a href=\"https:\/\/de.wikipedia.org\/wiki\/World_Cosplay_Summit\" target=\"_blank\" rel=\"noreferrer noopener\">Wikipedia page of the World Cosplay Summit<\/a><\/p>\n\n<h2 class=\"wp-block-heading has-text-align-center has-vivid-red-color has-text-color\">IMPORTANT<\/h2>\n\n<p>The WCS final will take place in Nagoya\/Japan in <strong>July\/August 2026<\/strong>. It is essential that you can also take part there! <\/p>\n\n<h2 class=\"wp-block-heading has-text-align-center has-vivid-red-color has-text-color\" id=\"teilnahmebedingungen\">Conditions of participation<\/h2>\n\n<ul class=\"wp-block-list\">\n<li>Participation is only possible in teams of 2.<\/li>\n\n\n\n<li>You must be present on the day of the competition.  <\/li>\n\n\n\n<li>If you are unable to attend the award ceremony, please report to the information stand and leave your contact details.  <\/li>\n\n\n\n<li>Prizes will<strong>NEVER<\/strong>be forwarded abroad! <\/li>\n\n\n\n<li>The entry form must be filled out<strong>COMPLETELY<\/strong>.  <\/li>\n\n\n\n<li>By registering, you give us <strong>permission to stream the performance live and use the videos later.<\/strong> <\/li>\n\n\n\n<li><strong>Shorts or &#8220;safety pants&#8221;<\/strong> must be worn <strong>under skirts or dresses<\/strong>.  <\/li>\n\n\n\n<li>Obviously violent or pornographic images will be disqualified.  <\/li>\n\n\n\n<li>Last minute registrations on site are<strong>NOT<\/strong>possible.<\/li>\n\n\n\n<li><strong>Violations <\/strong>of the competition rules can lead to <strong>exclusion <\/strong>from the competition!  <\/li>\n<\/ul>\n\n<h2 class=\"wp-block-heading has-text-align-center has-vivid-red-color has-text-color\">Rules and regulations<\/h2>\n\n<p>Before registering, please read the <a href=\"https:\/\/www.aninite.at\/wp-content\/uploads\/Buehnenleifaden.pdf\"><strong>stage guide<\/strong><\/a> and the <strong><a href=\"https:\/\/www.aninite.at\/wp-content\/uploads\/WCSAUTRegeln.pdf\" target=\"_blank\" rel=\"noreferrer noopener\">set of rules<\/a> <\/strong>before registering.<\/p>\n\n<p>If you have any questions, please use our <a href=\"https:\/\/www.aninite.at\/en\/contact\/\" target=\"_blank\" rel=\"noreferrer noopener\"><strong>contact form<\/strong><\/a><\/p>\n\n<h2 class=\"wp-block-heading has-text-align-center has-vivid-red-color has-text-color has-link-color wp-elements-e7b2ff207b45a9dd9de9451b0e0f7e22\">Registration<\/h2>\n\n<p><strong><a href=\"https:\/\/forms.office.com\/Pages\/ResponsePage.aspx?id=vS-9NlFDJEOLWHEKOtMaO7loUXtyNmZPibW4NHt18lNUODVaN0JURkswUERKWk5GQURFWDBFVDJXRy4u\" target=\"_blank\" rel=\"noreferrer noopener\">Click here to register.<\/a><\/strong><br\/><strong>Registration deadline 01.08.2025, 23:59 hrs<\/strong><\/p>\n\n<p><\/p>\n\n<p>We look forward to your registrations!<\/p>\n<div class=\"wp-block-image\">\n<figure class=\"aligncenter size-full\"><img loading=\"lazy\" decoding=\"async\" width=\"728\" height=\"162\" src=\"https:\/\/www.aninite.at\/wp-content\/uploads\/Footer_2025_FL.jpg\" alt=\"\" class=\"wp-image-17696\" srcset=\"https:\/\/www.aninite.at\/wp-content\/uploads\/Footer_2025_FL.jpg 728w, https:\/\/www.aninite.at\/wp-content\/uploads\/Footer_2025_FL-300x67.jpg 300w\" sizes=\"auto, (max-width: 728px) 100vw, 728px\" \/><\/figure>\n<\/div>","protected":false},"excerpt":{"rendered":"<p>General information The World Cosplay Summit was founded in 2003 by the Japanese TV station TV Aichi to promote cosplay outside of Japan. The WCS was intended to gather cosplayers from all over the world in Nagoya with the support of the government&#8217;s \u201cCool Japan\u201d initiative. Today, the WCS is an international cosplay championship with participants from 42 countries around the world. Participants must first qualify in one or more preliminary rounds in their countries. Austria has been in the preliminary since 2018 and thus also in the final since 2019. The Austrian preliminary will take place at AniNite. The winning team of the preliminary round will travel to Nagoya (Japan) the following year to compete in the final in front of tens of thousands of fans. An experienced jury, supported by mangakas (e.g. Hiro Mashima), well-known musicians (e.g. Ichiro Mizuki, May&#8217;n, Kenji Nojima) game producers (e.g. Yoko Taro) anime dubbing actors (e.g. Toru Furuya) selects the winners in various categories as well as a WCS Grand Champion. However, the WCS finals competition is only one part of the multi-day event. The cosplayers experience almost two weeks full of parades, stage performances, press appointments and official visits to Nagoya&#8217;s state and city representatives. More information on the topic on the Wikipedia page of the World Cosplay Summit IMPORTANT The WCS final will take place in Nagoya\/Japan in July\/August 2026. It is essential that you can also take part there! Conditions of participation Rules and regulations Before registering, please read the stage guide and the set of rules before registering. If you have any questions, please use our contact form Registration Click here to register.Registration deadline 01.08.2025, 23:59 hrs We look forward to your registrations!<\/p>\n","protected":false},"author":10,"featured_media":0,"parent":32623,"menu_order":0,"comment_status":"closed","ping_status":"closed","template":"","meta":{"inline_featured_image":false,"footnotes":""},"class_list":["post-32600","page","type-page","status-publish","hentry"],"yoast_head":"<!-- This site is optimized with the Yoast SEO plugin v27.4 - https:\/\/yoast.com\/product\/yoast-seo-wordpress\/ -->\n<title>World Cosplay Summit - AniNite<\/title>\n<meta name=\"robots\" content=\"index, follow, max-snippet:-1, max-image-preview:large, max-video-preview:-1\" \/>\n<link rel=\"canonical\" href=\"https:\/\/www.aninite.at\/en\/contests-2\/cosplay-2\/world-cosplay-summit-2\/\" \/>\n<meta property=\"og:locale\" content=\"en_US\" \/>\n<meta property=\"og:type\" content=\"article\" \/>\n<meta property=\"og:title\" content=\"World Cosplay Summit - AniNite\" \/>\n<meta property=\"og:description\" content=\"General information The World Cosplay Summit was founded in 2003 by the Japanese TV station TV Aichi to promote cosplay outside of Japan. The WCS was intended to gather cosplayers from all over the world in Nagoya with the support of the government&#8217;s \u201cCool Japan\u201d initiative. Today, the WCS is an international cosplay championship with participants from 42 countries around the world. Participants must first qualify in one or more preliminary rounds in their countries. Austria has been in the preliminary since 2018 and thus also in the final since 2019. The Austrian preliminary will take place at AniNite. The winning team of the preliminary round will travel to Nagoya (Japan) the following year to compete in the final in front of tens of thousands of fans. An experienced jury, supported by mangakas (e.g. Hiro Mashima), well-known musicians (e.g. Ichiro Mizuki, May&#8217;n, Kenji Nojima) game producers (e.g. Yoko Taro) anime dubbing actors (e.g. Toru Furuya) selects the winners in various categories as well as a WCS Grand Champion. However, the WCS finals competition is only one part of the multi-day event. The cosplayers experience almost two weeks full of parades, stage performances, press appointments and official visits to Nagoya&#8217;s state and city representatives. More information on the topic on the Wikipedia page of the World Cosplay Summit IMPORTANT The WCS final will take place in Nagoya\/Japan in July\/August 2026. It is essential that you can also take part there! Conditions of participation Rules and regulations Before registering, please read the stage guide and the set of rules before registering. If you have any questions, please use our contact form Registration Click here to register.Registration deadline 01.08.2025, 23:59 hrs We look forward to your registrations!\" \/>\n<meta property=\"og:url\" content=\"https:\/\/www.aninite.at\/en\/contests-2\/cosplay-2\/world-cosplay-summit-2\/\" \/>\n<meta property=\"og:site_name\" content=\"AniNite\" \/>\n<meta property=\"article:publisher\" content=\"https:\/\/www.facebook.com\/AniMangaAustria\" \/>\n<meta property=\"article:modified_time\" content=\"2025-07-16T08:51:16+00:00\" \/>\n<meta property=\"og:image\" content=\"https:\/\/www.aninite.at\/wp-content\/uploads\/cropped-Icon_2025.jpg\" \/>\n\t<meta property=\"og:image:width\" content=\"512\" \/>\n\t<meta property=\"og:image:height\" content=\"512\" \/>\n\t<meta property=\"og:image:type\" content=\"image\/jpeg\" \/>\n<meta name=\"twitter:card\" content=\"summary_large_image\" \/>\n<meta name=\"twitter:label1\" content=\"Est. reading time\" \/>\n\t<meta name=\"twitter:data1\" content=\"2 minutes\" \/>\n<script type=\"application\/ld+json\" class=\"yoast-schema-graph\">{\"@context\":\"https:\\\/\\\/schema.org\",\"@graph\":[{\"@type\":\"WebPage\",\"@id\":\"https:\\\/\\\/www.aninite.at\\\/en\\\/contests-2\\\/cosplay-2\\\/world-cosplay-summit-2\\\/\",\"url\":\"https:\\\/\\\/www.aninite.at\\\/en\\\/contests-2\\\/cosplay-2\\\/world-cosplay-summit-2\\\/\",\"name\":\"World Cosplay Summit - AniNite\",\"isPartOf\":{\"@id\":\"https:\\\/\\\/www.aninite.at\\\/en\\\/#website\"},\"primaryImageOfPage\":{\"@id\":\"https:\\\/\\\/www.aninite.at\\\/en\\\/contests-2\\\/cosplay-2\\\/world-cosplay-summit-2\\\/#primaryimage\"},\"image\":{\"@id\":\"https:\\\/\\\/www.aninite.at\\\/en\\\/contests-2\\\/cosplay-2\\\/world-cosplay-summit-2\\\/#primaryimage\"},\"thumbnailUrl\":\"https:\\\/\\\/www.aninite.at\\\/wp-content\\\/uploads\\\/\\\/TitelTemplate-1.svg\",\"datePublished\":\"2023-06-02T21:28:42+00:00\",\"dateModified\":\"2025-07-16T08:51:16+00:00\",\"breadcrumb\":{\"@id\":\"https:\\\/\\\/www.aninite.at\\\/en\\\/contests-2\\\/cosplay-2\\\/world-cosplay-summit-2\\\/#breadcrumb\"},\"inLanguage\":\"en-US\",\"potentialAction\":[{\"@type\":\"ReadAction\",\"target\":[\"https:\\\/\\\/www.aninite.at\\\/en\\\/contests-2\\\/cosplay-2\\\/world-cosplay-summit-2\\\/\"]}]},{\"@type\":\"ImageObject\",\"inLanguage\":\"en-US\",\"@id\":\"https:\\\/\\\/www.aninite.at\\\/en\\\/contests-2\\\/cosplay-2\\\/world-cosplay-summit-2\\\/#primaryimage\",\"url\":\"https:\\\/\\\/www.aninite.at\\\/wp-content\\\/uploads\\\/\\\/TitelTemplate-1.svg\",\"contentUrl\":\"https:\\\/\\\/www.aninite.at\\\/wp-content\\\/uploads\\\/\\\/TitelTemplate-1.svg\"},{\"@type\":\"BreadcrumbList\",\"@id\":\"https:\\\/\\\/www.aninite.at\\\/en\\\/contests-2\\\/cosplay-2\\\/world-cosplay-summit-2\\\/#breadcrumb\",\"itemListElement\":[{\"@type\":\"ListItem\",\"position\":1,\"name\":\"Startseite\",\"item\":\"https:\\\/\\\/www.aninite.at\\\/en\\\/welcome\\\/\"},{\"@type\":\"ListItem\",\"position\":2,\"name\":\"Competitions\",\"item\":\"https:\\\/\\\/www.aninite.at\\\/en\\\/contests-2\\\/\"},{\"@type\":\"ListItem\",\"position\":3,\"name\":\"Cosplay\",\"item\":\"https:\\\/\\\/www.aninite.at\\\/en\\\/contests-2\\\/cosplay-2\\\/\"},{\"@type\":\"ListItem\",\"position\":4,\"name\":\"World Cosplay Summit\"}]},{\"@type\":\"WebSite\",\"@id\":\"https:\\\/\\\/www.aninite.at\\\/en\\\/#website\",\"url\":\"https:\\\/\\\/www.aninite.at\\\/en\\\/\",\"name\":\"AniNite\",\"description\":\"\u00d6sterreichs gr\u00f6\u00dfte Anime-, Manga- und Comic-Convention\",\"potentialAction\":[{\"@type\":\"SearchAction\",\"target\":{\"@type\":\"EntryPoint\",\"urlTemplate\":\"https:\\\/\\\/www.aninite.at\\\/en\\\/?s={search_term_string}\"},\"query-input\":{\"@type\":\"PropertyValueSpecification\",\"valueRequired\":true,\"valueName\":\"search_term_string\"}}],\"inLanguage\":\"en-US\"}]}<\/script>\n<!-- \/ Yoast SEO plugin. -->","yoast_head_json":{"title":"World Cosplay Summit - AniNite","robots":{"index":"index","follow":"follow","max-snippet":"max-snippet:-1","max-image-preview":"max-image-preview:large","max-video-preview":"max-video-preview:-1"},"canonical":"https:\/\/www.aninite.at\/en\/contests-2\/cosplay-2\/world-cosplay-summit-2\/","og_locale":"en_US","og_type":"article","og_title":"World Cosplay Summit - AniNite","og_description":"General information The World Cosplay Summit was founded in 2003 by the Japanese TV station TV Aichi to promote cosplay outside of Japan. The WCS was intended to gather cosplayers from all over the world in Nagoya with the support of the government&#8217;s \u201cCool Japan\u201d initiative. Today, the WCS is an international cosplay championship with participants from 42 countries around the world. Participants must first qualify in one or more preliminary rounds in their countries. Austria has been in the preliminary since 2018 and thus also in the final since 2019. The Austrian preliminary will take place at AniNite. The winning team of the preliminary round will travel to Nagoya (Japan) the following year to compete in the final in front of tens of thousands of fans. An experienced jury, supported by mangakas (e.g. Hiro Mashima), well-known musicians (e.g. Ichiro Mizuki, May&#8217;n, Kenji Nojima) game producers (e.g. Yoko Taro) anime dubbing actors (e.g. Toru Furuya) selects the winners in various categories as well as a WCS Grand Champion. However, the WCS finals competition is only one part of the multi-day event. The cosplayers experience almost two weeks full of parades, stage performances, press appointments and official visits to Nagoya&#8217;s state and city representatives. More information on the topic on the Wikipedia page of the World Cosplay Summit IMPORTANT The WCS final will take place in Nagoya\/Japan in July\/August 2026. It is essential that you can also take part there! Conditions of participation Rules and regulations Before registering, please read the stage guide and the set of rules before registering. If you have any questions, please use our contact form Registration Click here to register.Registration deadline 01.08.2025, 23:59 hrs We look forward to your registrations!","og_url":"https:\/\/www.aninite.at\/en\/contests-2\/cosplay-2\/world-cosplay-summit-2\/","og_site_name":"AniNite","article_publisher":"https:\/\/www.facebook.com\/AniMangaAustria","article_modified_time":"2025-07-16T08:51:16+00:00","og_image":[{"width":512,"height":512,"url":"https:\/\/www.aninite.at\/wp-content\/uploads\/cropped-Icon_2025.jpg","type":"image\/jpeg"}],"twitter_card":"summary_large_image","twitter_misc":{"Est. reading time":"2 minutes"},"schema":{"@context":"https:\/\/schema.org","@graph":[{"@type":"WebPage","@id":"https:\/\/www.aninite.at\/en\/contests-2\/cosplay-2\/world-cosplay-summit-2\/","url":"https:\/\/www.aninite.at\/en\/contests-2\/cosplay-2\/world-cosplay-summit-2\/","name":"World Cosplay Summit - AniNite","isPartOf":{"@id":"https:\/\/www.aninite.at\/en\/#website"},"primaryImageOfPage":{"@id":"https:\/\/www.aninite.at\/en\/contests-2\/cosplay-2\/world-cosplay-summit-2\/#primaryimage"},"image":{"@id":"https:\/\/www.aninite.at\/en\/contests-2\/cosplay-2\/world-cosplay-summit-2\/#primaryimage"},"thumbnailUrl":"https:\/\/www.aninite.at\/wp-content\/uploads\/\/TitelTemplate-1.svg","datePublished":"2023-06-02T21:28:42+00:00","dateModified":"2025-07-16T08:51:16+00:00","breadcrumb":{"@id":"https:\/\/www.aninite.at\/en\/contests-2\/cosplay-2\/world-cosplay-summit-2\/#breadcrumb"},"inLanguage":"en-US","potentialAction":[{"@type":"ReadAction","target":["https:\/\/www.aninite.at\/en\/contests-2\/cosplay-2\/world-cosplay-summit-2\/"]}]},{"@type":"ImageObject","inLanguage":"en-US","@id":"https:\/\/www.aninite.at\/en\/contests-2\/cosplay-2\/world-cosplay-summit-2\/#primaryimage","url":"https:\/\/www.aninite.at\/wp-content\/uploads\/\/TitelTemplate-1.svg","contentUrl":"https:\/\/www.aninite.at\/wp-content\/uploads\/\/TitelTemplate-1.svg"},{"@type":"BreadcrumbList","@id":"https:\/\/www.aninite.at\/en\/contests-2\/cosplay-2\/world-cosplay-summit-2\/#breadcrumb","itemListElement":[{"@type":"ListItem","position":1,"name":"Startseite","item":"https:\/\/www.aninite.at\/en\/welcome\/"},{"@type":"ListItem","position":2,"name":"Competitions","item":"https:\/\/www.aninite.at\/en\/contests-2\/"},{"@type":"ListItem","position":3,"name":"Cosplay","item":"https:\/\/www.aninite.at\/en\/contests-2\/cosplay-2\/"},{"@type":"ListItem","position":4,"name":"World Cosplay Summit"}]},{"@type":"WebSite","@id":"https:\/\/www.aninite.at\/en\/#website","url":"https:\/\/www.aninite.at\/en\/","name":"AniNite","description":"\u00d6sterreichs gr\u00f6\u00dfte Anime-, Manga- und Comic-Convention","potentialAction":[{"@type":"SearchAction","target":{"@type":"EntryPoint","urlTemplate":"https:\/\/www.aninite.at\/en\/?s={search_term_string}"},"query-input":{"@type":"PropertyValueSpecification","valueRequired":true,"valueName":"search_term_string"}}],"inLanguage":"en-US"}]}},"acf":[],"_links":{"self":[{"href":"https:\/\/www.aninite.at\/en\/wp-json\/wp\/v2\/pages\/32600","targetHints":{"allow":["GET"]}}],"collection":[{"href":"https:\/\/www.aninite.at\/en\/wp-json\/wp\/v2\/pages"}],"about":[{"href":"https:\/\/www.aninite.at\/en\/wp-json\/wp\/v2\/types\/page"}],"author":[{"embeddable":true,"href":"https:\/\/www.aninite.at\/en\/wp-json\/wp\/v2\/users\/10"}],"replies":[{"embeddable":true,"href":"https:\/\/www.aninite.at\/en\/wp-json\/wp\/v2\/comments?post=32600"}],"version-history":[{"count":6,"href":"https:\/\/www.aninite.at\/en\/wp-json\/wp\/v2\/pages\/32600\/revisions"}],"predecessor-version":[{"id":34105,"href":"https:\/\/www.aninite.at\/en\/wp-json\/wp\/v2\/pages\/32600\/revisions\/34105"}],"up":[{"embeddable":true,"href":"https:\/\/www.aninite.at\/en\/wp-json\/wp\/v2\/pages\/32623"}],"wp:attachment":[{"href":"https:\/\/www.aninite.at\/en\/wp-json\/wp\/v2\/media?parent=32600"}],"curies":[{"name":"wp","href":"https:\/\/api.w.org\/{rel}","templated":true}]}}