{"id":32614,"date":"2021-03-13T20:41:25","date_gmt":"2021-03-13T19:41:25","guid":{"rendered":"https:\/\/www.aninite.at\/ccc\/"},"modified":"2025-07-16T10:50:48","modified_gmt":"2025-07-16T08:50:48","slug":"ccc","status":"publish","type":"page","link":"https:\/\/www.aninite.at\/en\/contests-2\/cosplay-2\/ccc\/","title":{"rendered":"Cosplay Champions Cup"},"content":{"rendered":"<div class=\"wp-block-image\">\n<figure class=\"aligncenter size-full\"><img decoding=\"async\" src=\"https:\/\/www.aninite.at\/wp-content\/uploads\/\/TitelTemplate-1.svg\" alt=\"\" class=\"wp-image-32076\"\/><\/figure>\n<\/div>\n<div style=\"height:50px\" aria-hidden=\"true\" class=\"wp-block-spacer\"><\/div>\n\n<p>Cosplay Champions is an international cosplay competition. The goal is to hold qualifying events at conventions in each participating country and bring their champions to the finals where they compete for the Cosplay Champions Cup. The finals are held in a different country each year to promote the partner events around the world.<br\/>Our goal from the beginning has been to build friendship and cooperation between the partner events and give their cosplayers the opportunity to travel to the conventions.   We have found that there are many international cosplay competitions, but most of them are only used to promote the only event where the finals are held each year. That&#8217;s why we decided to organize our own international competition, which functions like an independent championship, with the final being held in a different country and at a different convention every year.<\/p>\n\n<p>Cosplay Champions is organized by an organizing committee made up of members from each partner event. We select experienced experts as judges for our competition to expertly and independently assess the costumes, their quality and the role play. These assessments are carried out according to our RULES to ensure the same level of quality and independence every year. This also applies to the final rounds. Partner events are free to organize their qualifying competitions according to their cosplay rules, but they must take into account that the winning costume must also qualify for the finals according to the rules.    <\/p>\n\n<h2 class=\"wp-block-heading has-text-align-center has-vivid-red-color has-text-color\" id=\"teilnahmebedingungen\">Conditions of participation<\/h2>\n\n<ul class=\"wp-block-list\">\n<li>You must be present on the day of the competition.  <\/li>\n\n\n\n<li>If you are unable to attend the award ceremony, please report to the information stand and leave your contact details.  <\/li>\n\n\n\n<li>Prizes will<strong>NEVER<\/strong>be forwarded abroad! <\/li>\n\n\n\n<li>The entry form must be filled out<strong>COMPLETELY<\/strong>.  <\/li>\n\n\n\n<li>By registering, you give us <strong>permission to stream your performance live and use the videos later.<\/strong> <\/li>\n\n\n\n<li><strong>Shorts or &#8220;safety pants&#8221;<\/strong> must be worn <strong>under skirts or dresses<\/strong>.  <\/li>\n\n\n\n<li>Obviously violent or pornographic images will be disqualified.  <\/li>\n\n\n\n<li>Last minute registrations on site are<strong>NOT<\/strong>possible.<\/li>\n\n\n\n<li><strong>Violations <\/strong>of the competition rules can lead to <strong>exclusion <\/strong>from the competition!  <\/li>\n<\/ul>\n\n<h2 class=\"wp-block-heading has-text-align-center has-vivid-red-color has-text-color has-link-color wp-elements-1330295fb9a3f8f8acdb890d0b1a95b1\">Rules and regulations<\/h2>\n\n<p>Before registering, please read the <a href=\"https:\/\/www.aninite.at\/wp-content\/uploads\/Buehnenleifaden.pdf\"><strong>stage guide<\/strong><\/a> and the <strong><a href=\"https:\/\/www.aninite.at\/wp-content\/uploads\/CCCRegelnDE.pdf\" target=\"_blank\" rel=\"noreferrer noopener\">set of rules<\/a><\/strong> before registering.<\/p>\n\n<p>If you have any questions, please use our <a href=\"https:\/\/www.aninite.at\/en\/contact\/\" target=\"_blank\" rel=\"noreferrer noopener\">contact form<\/a><\/p>\n\n<h2 class=\"wp-block-heading has-text-align-center has-vivid-red-color has-text-color\" id=\"teilnahmebedingungen\">Registration<\/h2>\n\n<p><strong><a href=\"https:\/\/forms.office.com\/Pages\/ResponsePage.aspx?id=vS-9NlFDJEOLWHEKOtMaO7loUXtyNmZPibW4NHt18lNURU9FWU1ZODExV1cxMzVGMzJESExQTTJOSS4u\" target=\"_blank\" rel=\"noreferrer noopener\">Click here to register.<\/a><\/strong><br\/><strong>Registration deadline: 01.08.2025, 23:59 hrs<\/strong><\/p>\n<div class=\"wp-block-image\">\n<figure class=\"aligncenter size-full\"><img loading=\"lazy\" decoding=\"async\" width=\"728\" height=\"162\" src=\"https:\/\/www.aninite.at\/wp-content\/uploads\/Footer_2025_FL.jpg\" alt=\"\" class=\"wp-image-17696\" srcset=\"https:\/\/www.aninite.at\/wp-content\/uploads\/Footer_2025_FL.jpg 728w, https:\/\/www.aninite.at\/wp-content\/uploads\/Footer_2025_FL-300x67.jpg 300w\" sizes=\"auto, (max-width: 728px) 100vw, 728px\" \/><\/figure>\n<\/div>","protected":false},"excerpt":{"rendered":"<p>Cosplay Champions is an international cosplay competition. The goal is to hold qualifying events at conventions in each participating country and bring their champions to the finals where they compete for the Cosplay Champions Cup. The finals are held in a different country each year to promote the partner events around the world.Our goal from the beginning has been to build friendship and cooperation between the partner events and give their cosplayers the opportunity to travel to the conventions. We have found that there are many international cosplay competitions, but most of them are only used to promote the only event where the finals are held each year. That&#8217;s why we decided to organize our own international competition, which functions like an independent championship, with the final being held in a different country and at a different convention every year. Cosplay Champions is organized by an organizing committee made up of members from each partner event. We select experienced experts as judges for our competition to expertly and independently assess the costumes, their quality and the role play. These assessments are carried out according to our RULES to ensure the same level of quality and independence every year. This also applies to the final rounds. Partner events are free to organize their qualifying competitions according to their cosplay rules, but they must take into account that the winning costume must also qualify for the finals according to the rules. Conditions of participation Rules and regulations Before registering, please read the stage guide and the set of rules before registering. If you have any questions, please use our contact form Registration Click here to register.Registration deadline: 01.08.2025, 23:59 hrs<\/p>\n","protected":false},"author":10,"featured_media":18209,"parent":32623,"menu_order":0,"comment_status":"closed","ping_status":"closed","template":"","meta":{"inline_featured_image":false,"footnotes":""},"class_list":["post-32614","page","type-page","status-publish","has-post-thumbnail","hentry"],"yoast_head":"<!-- This site is optimized with the Yoast SEO plugin v27.5 - https:\/\/yoast.com\/product\/yoast-seo-wordpress\/ -->\n<title>Cosplay Champions Cup - AniNite<\/title>\n<meta name=\"description\" content=\"Cosplay Champions is an international cosplay competition that gathers the champions of cosplay competitions from around the world. Our goal is to hold qualifying events at the best conventions in each participating country and bring their champions to our finals where they compete for the International Cosplay Champions Cup.\" \/>\n<meta name=\"robots\" content=\"index, follow, max-snippet:-1, max-image-preview:large, max-video-preview:-1\" \/>\n<link rel=\"canonical\" href=\"https:\/\/www.aninite.at\/en\/contests-2\/cosplay-2\/ccc\/\" \/>\n<meta property=\"og:locale\" content=\"en_US\" \/>\n<meta property=\"og:type\" content=\"article\" \/>\n<meta property=\"og:title\" content=\"Cosplay Champions Cup - AniNite\" \/>\n<meta property=\"og:description\" content=\"Cosplay Champions is an international cosplay competition that gathers the champions of cosplay competitions from around the world. Our goal is to hold qualifying events at the best conventions in each participating country and bring their champions to our finals where they compete for the International Cosplay Champions Cup.\" \/>\n<meta property=\"og:url\" content=\"https:\/\/www.aninite.at\/en\/contests-2\/cosplay-2\/ccc\/\" \/>\n<meta property=\"og:site_name\" content=\"AniNite\" \/>\n<meta property=\"article:publisher\" content=\"https:\/\/www.facebook.com\/AniMangaAustria\" \/>\n<meta property=\"article:modified_time\" content=\"2025-07-16T08:50:48+00:00\" \/>\n<meta property=\"og:image\" content=\"https:\/\/www.aninite.at\/wp-content\/uploads\/Alina-Boeck_Credit_ICCC_MissesCharmy-edited-scaled.jpg\" \/>\n\t<meta property=\"og:image:width\" content=\"2560\" \/>\n\t<meta property=\"og:image:height\" content=\"1439\" \/>\n\t<meta property=\"og:image:type\" content=\"image\/jpeg\" \/>\n<meta name=\"twitter:card\" content=\"summary_large_image\" \/>\n<meta name=\"twitter:description\" content=\"Cosplay Champions is an international cosplay competition that gathers the champions of cosplay competitions from around the world. Our goal is to hold qualifying events at the best conventions in each participating country and bring their champions to our finals where they compete for the International Cosplay Champions Cup.\" \/>\n<meta name=\"twitter:image\" content=\"https:\/\/www.aninite.at\/wp-content\/uploads\/Alina-Boeck_Credit_ICCC_MissesCharmy-edited-1024x575.jpg\" \/>\n<meta name=\"twitter:label1\" content=\"Est. reading time\" \/>\n\t<meta name=\"twitter:data1\" content=\"2 minutes\" \/>\n<script type=\"application\/ld+json\" class=\"yoast-schema-graph\">{\"@context\":\"https:\\\/\\\/schema.org\",\"@graph\":[{\"@type\":\"WebPage\",\"@id\":\"https:\\\/\\\/www.aninite.at\\\/en\\\/contests-2\\\/cosplay-2\\\/ccc\\\/\",\"url\":\"https:\\\/\\\/www.aninite.at\\\/en\\\/contests-2\\\/cosplay-2\\\/ccc\\\/\",\"name\":\"Cosplay Champions Cup - AniNite\",\"isPartOf\":{\"@id\":\"https:\\\/\\\/www.aninite.at\\\/en\\\/#website\"},\"primaryImageOfPage\":{\"@id\":\"https:\\\/\\\/www.aninite.at\\\/en\\\/contests-2\\\/cosplay-2\\\/ccc\\\/#primaryimage\"},\"image\":{\"@id\":\"https:\\\/\\\/www.aninite.at\\\/en\\\/contests-2\\\/cosplay-2\\\/ccc\\\/#primaryimage\"},\"thumbnailUrl\":\"https:\\\/\\\/www.aninite.at\\\/wp-content\\\/uploads\\\/Alina-Boeck_Credit_ICCC_MissesCharmy-edited-scaled.jpg\",\"datePublished\":\"2021-03-13T19:41:25+00:00\",\"dateModified\":\"2025-07-16T08:50:48+00:00\",\"description\":\"Cosplay Champions is an international cosplay competition that gathers the champions of cosplay competitions from around the world. Our goal is to hold qualifying events at the best conventions in each participating country and bring their champions to our finals where they compete for the International Cosplay Champions Cup.\",\"breadcrumb\":{\"@id\":\"https:\\\/\\\/www.aninite.at\\\/en\\\/contests-2\\\/cosplay-2\\\/ccc\\\/#breadcrumb\"},\"inLanguage\":\"en-US\",\"potentialAction\":[{\"@type\":\"ReadAction\",\"target\":[\"https:\\\/\\\/www.aninite.at\\\/en\\\/contests-2\\\/cosplay-2\\\/ccc\\\/\"]}]},{\"@type\":\"ImageObject\",\"inLanguage\":\"en-US\",\"@id\":\"https:\\\/\\\/www.aninite.at\\\/en\\\/contests-2\\\/cosplay-2\\\/ccc\\\/#primaryimage\",\"url\":\"https:\\\/\\\/www.aninite.at\\\/wp-content\\\/uploads\\\/Alina-Boeck_Credit_ICCC_MissesCharmy-edited-scaled.jpg\",\"contentUrl\":\"https:\\\/\\\/www.aninite.at\\\/wp-content\\\/uploads\\\/Alina-Boeck_Credit_ICCC_MissesCharmy-edited-scaled.jpg\",\"width\":2560,\"height\":1439},{\"@type\":\"BreadcrumbList\",\"@id\":\"https:\\\/\\\/www.aninite.at\\\/en\\\/contests-2\\\/cosplay-2\\\/ccc\\\/#breadcrumb\",\"itemListElement\":[{\"@type\":\"ListItem\",\"position\":1,\"name\":\"Startseite\",\"item\":\"https:\\\/\\\/www.aninite.at\\\/en\\\/welcome\\\/\"},{\"@type\":\"ListItem\",\"position\":2,\"name\":\"Competitions\",\"item\":\"https:\\\/\\\/www.aninite.at\\\/en\\\/contests-2\\\/\"},{\"@type\":\"ListItem\",\"position\":3,\"name\":\"Cosplay\",\"item\":\"https:\\\/\\\/www.aninite.at\\\/en\\\/contests-2\\\/cosplay-2\\\/\"},{\"@type\":\"ListItem\",\"position\":4,\"name\":\"Cosplay Champions Cup\"}]},{\"@type\":\"WebSite\",\"@id\":\"https:\\\/\\\/www.aninite.at\\\/en\\\/#website\",\"url\":\"https:\\\/\\\/www.aninite.at\\\/en\\\/\",\"name\":\"AniNite\",\"description\":\"\u00d6sterreichs gr\u00f6\u00dfte Anime-, Manga- und Comic-Convention\",\"potentialAction\":[{\"@type\":\"SearchAction\",\"target\":{\"@type\":\"EntryPoint\",\"urlTemplate\":\"https:\\\/\\\/www.aninite.at\\\/en\\\/?s={search_term_string}\"},\"query-input\":{\"@type\":\"PropertyValueSpecification\",\"valueRequired\":true,\"valueName\":\"search_term_string\"}}],\"inLanguage\":\"en-US\"}]}<\/script>\n<!-- \/ Yoast SEO plugin. -->","yoast_head_json":{"title":"Cosplay Champions Cup - AniNite","description":"Cosplay Champions is an international cosplay competition that gathers the champions of cosplay competitions from around the world. Our goal is to hold qualifying events at the best conventions in each participating country and bring their champions to our finals where they compete for the International Cosplay Champions Cup.","robots":{"index":"index","follow":"follow","max-snippet":"max-snippet:-1","max-image-preview":"max-image-preview:large","max-video-preview":"max-video-preview:-1"},"canonical":"https:\/\/www.aninite.at\/en\/contests-2\/cosplay-2\/ccc\/","og_locale":"en_US","og_type":"article","og_title":"Cosplay Champions Cup - AniNite","og_description":"Cosplay Champions is an international cosplay competition that gathers the champions of cosplay competitions from around the world. Our goal is to hold qualifying events at the best conventions in each participating country and bring their champions to our finals where they compete for the International Cosplay Champions Cup.","og_url":"https:\/\/www.aninite.at\/en\/contests-2\/cosplay-2\/ccc\/","og_site_name":"AniNite","article_publisher":"https:\/\/www.facebook.com\/AniMangaAustria","article_modified_time":"2025-07-16T08:50:48+00:00","og_image":[{"width":2560,"height":1439,"url":"https:\/\/www.aninite.at\/wp-content\/uploads\/Alina-Boeck_Credit_ICCC_MissesCharmy-edited-scaled.jpg","type":"image\/jpeg"}],"twitter_card":"summary_large_image","twitter_description":"Cosplay Champions is an international cosplay competition that gathers the champions of cosplay competitions from around the world. Our goal is to hold qualifying events at the best conventions in each participating country and bring their champions to our finals where they compete for the International Cosplay Champions Cup.","twitter_image":"https:\/\/www.aninite.at\/wp-content\/uploads\/Alina-Boeck_Credit_ICCC_MissesCharmy-edited-1024x575.jpg","twitter_misc":{"Est. reading time":"2 minutes"},"schema":{"@context":"https:\/\/schema.org","@graph":[{"@type":"WebPage","@id":"https:\/\/www.aninite.at\/en\/contests-2\/cosplay-2\/ccc\/","url":"https:\/\/www.aninite.at\/en\/contests-2\/cosplay-2\/ccc\/","name":"Cosplay Champions Cup - AniNite","isPartOf":{"@id":"https:\/\/www.aninite.at\/en\/#website"},"primaryImageOfPage":{"@id":"https:\/\/www.aninite.at\/en\/contests-2\/cosplay-2\/ccc\/#primaryimage"},"image":{"@id":"https:\/\/www.aninite.at\/en\/contests-2\/cosplay-2\/ccc\/#primaryimage"},"thumbnailUrl":"https:\/\/www.aninite.at\/wp-content\/uploads\/Alina-Boeck_Credit_ICCC_MissesCharmy-edited-scaled.jpg","datePublished":"2021-03-13T19:41:25+00:00","dateModified":"2025-07-16T08:50:48+00:00","description":"Cosplay Champions is an international cosplay competition that gathers the champions of cosplay competitions from around the world. Our goal is to hold qualifying events at the best conventions in each participating country and bring their champions to our finals where they compete for the International Cosplay Champions Cup.","breadcrumb":{"@id":"https:\/\/www.aninite.at\/en\/contests-2\/cosplay-2\/ccc\/#breadcrumb"},"inLanguage":"en-US","potentialAction":[{"@type":"ReadAction","target":["https:\/\/www.aninite.at\/en\/contests-2\/cosplay-2\/ccc\/"]}]},{"@type":"ImageObject","inLanguage":"en-US","@id":"https:\/\/www.aninite.at\/en\/contests-2\/cosplay-2\/ccc\/#primaryimage","url":"https:\/\/www.aninite.at\/wp-content\/uploads\/Alina-Boeck_Credit_ICCC_MissesCharmy-edited-scaled.jpg","contentUrl":"https:\/\/www.aninite.at\/wp-content\/uploads\/Alina-Boeck_Credit_ICCC_MissesCharmy-edited-scaled.jpg","width":2560,"height":1439},{"@type":"BreadcrumbList","@id":"https:\/\/www.aninite.at\/en\/contests-2\/cosplay-2\/ccc\/#breadcrumb","itemListElement":[{"@type":"ListItem","position":1,"name":"Startseite","item":"https:\/\/www.aninite.at\/en\/welcome\/"},{"@type":"ListItem","position":2,"name":"Competitions","item":"https:\/\/www.aninite.at\/en\/contests-2\/"},{"@type":"ListItem","position":3,"name":"Cosplay","item":"https:\/\/www.aninite.at\/en\/contests-2\/cosplay-2\/"},{"@type":"ListItem","position":4,"name":"Cosplay Champions Cup"}]},{"@type":"WebSite","@id":"https:\/\/www.aninite.at\/en\/#website","url":"https:\/\/www.aninite.at\/en\/","name":"AniNite","description":"\u00d6sterreichs gr\u00f6\u00dfte Anime-, Manga- und Comic-Convention","potentialAction":[{"@type":"SearchAction","target":{"@type":"EntryPoint","urlTemplate":"https:\/\/www.aninite.at\/en\/?s={search_term_string}"},"query-input":{"@type":"PropertyValueSpecification","valueRequired":true,"valueName":"search_term_string"}}],"inLanguage":"en-US"}]}},"acf":[],"_links":{"self":[{"href":"https:\/\/www.aninite.at\/en\/wp-json\/wp\/v2\/pages\/32614","targetHints":{"allow":["GET"]}}],"collection":[{"href":"https:\/\/www.aninite.at\/en\/wp-json\/wp\/v2\/pages"}],"about":[{"href":"https:\/\/www.aninite.at\/en\/wp-json\/wp\/v2\/types\/page"}],"author":[{"embeddable":true,"href":"https:\/\/www.aninite.at\/en\/wp-json\/wp\/v2\/users\/10"}],"replies":[{"embeddable":true,"href":"https:\/\/www.aninite.at\/en\/wp-json\/wp\/v2\/comments?post=32614"}],"version-history":[{"count":4,"href":"https:\/\/www.aninite.at\/en\/wp-json\/wp\/v2\/pages\/32614\/revisions"}],"predecessor-version":[{"id":34093,"href":"https:\/\/www.aninite.at\/en\/wp-json\/wp\/v2\/pages\/32614\/revisions\/34093"}],"up":[{"embeddable":true,"href":"https:\/\/www.aninite.at\/en\/wp-json\/wp\/v2\/pages\/32623"}],"wp:featuredmedia":[{"embeddable":true,"href":"https:\/\/www.aninite.at\/en\/wp-json\/wp\/v2\/media\/18209"}],"wp:attachment":[{"href":"https:\/\/www.aninite.at\/en\/wp-json\/wp\/v2\/media?parent=32614"}],"curies":[{"name":"wp","href":"https:\/\/api.w.org\/{rel}","templated":true}]}}