{"id":32621,"date":"2021-03-13T20:41:23","date_gmt":"2021-03-13T19:41:23","guid":{"rendered":"https:\/\/www.aninite.at\/dance-contest-2\/"},"modified":"2025-08-08T06:32:21","modified_gmt":"2025-08-08T04:32:21","slug":"dance-contest-2","status":"publish","type":"page","link":"https:\/\/www.aninite.at\/en\/contests-2\/dance-contest-2\/","title":{"rendered":"Dance Contest"},"content":{"rendered":"<div class=\"wp-block-image\">\n<figure class=\"aligncenter size-full\"><img decoding=\"async\" src=\"https:\/\/www.aninite.at\/wp-content\/uploads\/\/TitelTemplate-1.svg\" alt=\"\" class=\"wp-image-32076\"\/><\/figure>\n<\/div>\n<div style=\"height:50px\" aria-hidden=\"true\" class=\"wp-block-spacer\"><\/div>\n\n<p><strong>Show us your moves and become part of the show!<\/strong><\/p>\n\n<p>Do you love moving to music and want to rock the stage? Then the <strong>AniNite 2025 Dance Contest<\/strong> is just your thing!<br\/>Whether it&#8217;s K-pop, J-pop, anime openings or your own choreos &#8211; show us your skills and wow the audience! <\/p>\n\n<p><strong>Participation is possible as a solo, duo or group<\/strong> &#8211; whether beginner or professional. The focus is on having fun with the performance! <\/p>\n\n<p>Here you come to the <strong><a href=\"https:\/\/forms.office.com\/Pages\/ResponsePage.aspx?id=vS-9NlFDJEOLWHEKOtMaO7loUXtyNmZPibW4NHt18lNUNVdLV0g0SVZPTVROR0NTSlFPR1JJTzAyMy4u\" target=\"_blank\" rel=\"noreferrer noopener\">Online &#8211; Voting<\/a><\/strong><\/p>\n\n<h2 class=\"wp-block-heading has-text-align-center has-vivid-red-color has-text-color has-link-color wp-elements-e7b2ff207b45a9dd9de9451b0e0f7e22\">Registration<\/h2>\n\n<p><strong>Registration has ended.<\/strong><\/p>\n\n<h2 class=\"wp-block-heading has-text-align-center has-vivid-red-color has-text-color\" id=\"teilnahmebedingungen\">Conditions of participation<\/h2>\n\n<ul class=\"wp-block-list\">\n<li>If you are unable to attend the award ceremony, please report to the information stand and leave your contact details.<\/li>\n\n\n\n<li>You can also provide the contact details of a representative (full name of the person; the person must be able to identify themselves)!<\/li>\n\n\n\n<li>Prices are <strong>NEVER <\/strong>sent abroad!<\/li>\n\n\n\n<li>The entry form must be filled out <strong>COMPLETELY <\/strong>.<\/li>\n\n\n\n<li>By registering, you give us <strong>permission to stream your performance live and use the videos later.<\/strong><\/li>\n\n\n\n<li><strong>Shorts or &#8220;safety pants&#8221;<\/strong> must be worn <strong>under skirts or dresses<\/strong>.<\/li>\n<\/ul>\n\n<h2 class=\"wp-block-heading has-text-align-center has-vivid-red-color has-text-color\" id=\"regelwerk\">Rules and regulations<\/h2>\n\n<ul class=\"wp-block-list\">\n<li><strong>Registration deadline: 01.08.2025, 23:59 hrs<\/strong><\/li>\n\n\n\n<li>If <strong>lifting figures or stunts<\/strong> are included in the choreography, <strong>please indicate<\/strong> this <strong>when registering!<\/strong><\/li>\n\n\n\n<li>The songs may be <strong>a maximum of <\/strong>4 minutes long!<\/li>\n\n\n\n<li>Before registering, please read the <a href=\"https:\/\/www.aninite.at\/wp-content\/uploads\/Buehnenleifaden.pdf\"><strong>stage guide<\/strong><\/a> before registering.<\/li>\n<\/ul>\n\n<h2 class=\"wp-block-heading has-text-align-center has-vivid-red-color has-text-color\" id=\"wettbewerbsablauf\">Competition procedure<\/h2>\n\n<p>You will receive the order of the performance by e-mail. The order will also be displayed on site. <br\/>1. <strong>moderation<\/strong><br\/>2. <strong>Performance<\/strong><br\/>3. <strong>Bow and exit from the stage<\/strong> <\/p>\n\n<hr class=\"wp-block-separator has-alpha-channel-opacity\"\/>\n\n<p>The audience has a say! &#8211; Decide with your vote! <br\/>The audience chooses their favorites via <strong>online voting<\/strong>. <br\/>Show us your passion, your best moves and become part of an unforgettable contest!   <\/p>\n\n<p>We look forward to your participation!  <\/p>\n\n<h2 class=\"wp-block-heading has-text-align-center has-vivid-red-color has-text-color has-link-color wp-elements-82a1bfdae19bd866958533dcafafc992\">Contact us<\/h2>\n\n<p>If you have any questions, please get in touch via our <a href=\"https:\/\/www.aninite.at\/en\/contact\/\" target=\"_blank\" rel=\"noreferrer noopener\">contact form<\/a>!<\/p>\n<div class=\"wp-block-image\">\n<figure class=\"aligncenter size-full\"><img loading=\"lazy\" decoding=\"async\" width=\"728\" height=\"162\" src=\"https:\/\/www.aninite.at\/wp-content\/uploads\/Footer_2025_FL.jpg\" alt=\"\" class=\"wp-image-17696\" srcset=\"https:\/\/www.aninite.at\/wp-content\/uploads\/Footer_2025_FL.jpg 728w, https:\/\/www.aninite.at\/wp-content\/uploads\/Footer_2025_FL-300x67.jpg 300w\" sizes=\"auto, (max-width: 728px) 100vw, 728px\" \/><\/figure>\n<\/div>","protected":false},"excerpt":{"rendered":"<p>Show us your moves and become part of the show! Do you love moving to music and want to rock the stage? Then the AniNite 2025 Dance Contest is just your thing!Whether it&#8217;s K-pop, J-pop, anime openings or your own choreos &#8211; show us your skills and wow the audience! Participation is possible as a solo, duo or group &#8211; whether beginner or professional. The focus is on having fun with the performance! Here you come to the Online &#8211; Voting Registration Registration has ended. Conditions of participation Rules and regulations Competition procedure You will receive the order of the performance by e-mail. The order will also be displayed on site. 1. moderation2. Performance3. Bow and exit from the stage The audience has a say! &#8211; Decide with your vote! The audience chooses their favorites via online voting. Show us your passion, your best moves and become part of an unforgettable contest! We look forward to your participation! Contact us If you have any questions, please get in touch via our contact form!<\/p>\n","protected":false},"author":10,"featured_media":0,"parent":32680,"menu_order":0,"comment_status":"closed","ping_status":"closed","template":"","meta":{"inline_featured_image":false,"footnotes":""},"class_list":["post-32621","page","type-page","status-publish","hentry"],"yoast_head":"<!-- This site is optimized with the Yoast SEO plugin v27.5 - https:\/\/yoast.com\/product\/yoast-seo-wordpress\/ -->\n<title>Dance Contest - AniNite<\/title>\n<meta name=\"description\" content=\"Whether J-Pop, K-Pop, Vocaloid, a cover, your own choreography, beginner or professional, it doesn&#039;t matter. The fun is what counts at Dance Cover!\" \/>\n<meta name=\"robots\" content=\"index, follow, max-snippet:-1, max-image-preview:large, max-video-preview:-1\" \/>\n<link rel=\"canonical\" href=\"https:\/\/www.aninite.at\/en\/contests-2\/dance-contest-2\/\" \/>\n<meta property=\"og:locale\" content=\"en_US\" \/>\n<meta property=\"og:type\" content=\"article\" \/>\n<meta property=\"og:title\" content=\"Dance Contest - AniNite\" \/>\n<meta property=\"og:description\" content=\"Whether J-Pop, K-Pop, Vocaloid, a cover, your own choreography, beginner or professional, it doesn&#039;t matter. The fun is what counts at Dance Cover!\" \/>\n<meta property=\"og:url\" content=\"https:\/\/www.aninite.at\/en\/contests-2\/dance-contest-2\/\" \/>\n<meta property=\"og:site_name\" content=\"AniNite\" \/>\n<meta property=\"article:publisher\" content=\"https:\/\/www.facebook.com\/AniMangaAustria\" \/>\n<meta property=\"article:modified_time\" content=\"2025-08-08T04:32:21+00:00\" \/>\n<meta property=\"og:image\" content=\"https:\/\/www.aninite.at\/wp-content\/uploads\/cropped-Icon_2025.jpg\" \/>\n\t<meta property=\"og:image:width\" content=\"512\" \/>\n\t<meta property=\"og:image:height\" content=\"512\" \/>\n\t<meta property=\"og:image:type\" content=\"image\/jpeg\" \/>\n<meta name=\"twitter:card\" content=\"summary_large_image\" \/>\n<meta name=\"twitter:title\" content=\"AniNite Dance Contest\" \/>\n<meta name=\"twitter:description\" content=\"The Dance Contest will take place in two categories: K-Pop Back To The Roots &amp; Open Program (everything except K-Pop)\" \/>\n<meta name=\"twitter:image\" content=\"https:\/\/www.aninite.at\/wp-content\/uploads\/9FB4685A-B98A-41BB-A29F-5AAEAAA55BAC-1-1024x683.jpg\" \/>\n<meta name=\"twitter:label1\" content=\"Est. reading time\" \/>\n\t<meta name=\"twitter:data1\" content=\"1 minute\" \/>\n<script type=\"application\/ld+json\" class=\"yoast-schema-graph\">{\"@context\":\"https:\\\/\\\/schema.org\",\"@graph\":[{\"@type\":\"WebPage\",\"@id\":\"https:\\\/\\\/www.aninite.at\\\/en\\\/contests-2\\\/dance-contest-2\\\/\",\"url\":\"https:\\\/\\\/www.aninite.at\\\/en\\\/contests-2\\\/dance-contest-2\\\/\",\"name\":\"Dance Contest - AniNite\",\"isPartOf\":{\"@id\":\"https:\\\/\\\/www.aninite.at\\\/en\\\/#website\"},\"primaryImageOfPage\":{\"@id\":\"https:\\\/\\\/www.aninite.at\\\/en\\\/contests-2\\\/dance-contest-2\\\/#primaryimage\"},\"image\":{\"@id\":\"https:\\\/\\\/www.aninite.at\\\/en\\\/contests-2\\\/dance-contest-2\\\/#primaryimage\"},\"thumbnailUrl\":\"https:\\\/\\\/www.aninite.at\\\/wp-content\\\/uploads\\\/\\\/TitelTemplate-1.svg\",\"datePublished\":\"2021-03-13T19:41:23+00:00\",\"dateModified\":\"2025-08-08T04:32:21+00:00\",\"description\":\"Whether J-Pop, K-Pop, Vocaloid, a cover, your own choreography, beginner or professional, it doesn't matter. The fun is what counts at Dance Cover!\",\"breadcrumb\":{\"@id\":\"https:\\\/\\\/www.aninite.at\\\/en\\\/contests-2\\\/dance-contest-2\\\/#breadcrumb\"},\"inLanguage\":\"en-US\",\"potentialAction\":[{\"@type\":\"ReadAction\",\"target\":[\"https:\\\/\\\/www.aninite.at\\\/en\\\/contests-2\\\/dance-contest-2\\\/\"]}]},{\"@type\":\"ImageObject\",\"inLanguage\":\"en-US\",\"@id\":\"https:\\\/\\\/www.aninite.at\\\/en\\\/contests-2\\\/dance-contest-2\\\/#primaryimage\",\"url\":\"https:\\\/\\\/www.aninite.at\\\/wp-content\\\/uploads\\\/\\\/TitelTemplate-1.svg\",\"contentUrl\":\"https:\\\/\\\/www.aninite.at\\\/wp-content\\\/uploads\\\/\\\/TitelTemplate-1.svg\"},{\"@type\":\"BreadcrumbList\",\"@id\":\"https:\\\/\\\/www.aninite.at\\\/en\\\/contests-2\\\/dance-contest-2\\\/#breadcrumb\",\"itemListElement\":[{\"@type\":\"ListItem\",\"position\":1,\"name\":\"Startseite\",\"item\":\"https:\\\/\\\/www.aninite.at\\\/en\\\/welcome\\\/\"},{\"@type\":\"ListItem\",\"position\":2,\"name\":\"Competitions\",\"item\":\"https:\\\/\\\/www.aninite.at\\\/en\\\/contests-2\\\/\"},{\"@type\":\"ListItem\",\"position\":3,\"name\":\"Dance Contest\"}]},{\"@type\":\"WebSite\",\"@id\":\"https:\\\/\\\/www.aninite.at\\\/en\\\/#website\",\"url\":\"https:\\\/\\\/www.aninite.at\\\/en\\\/\",\"name\":\"AniNite\",\"description\":\"\u00d6sterreichs gr\u00f6\u00dfte Anime-, Manga- und Comic-Convention\",\"potentialAction\":[{\"@type\":\"SearchAction\",\"target\":{\"@type\":\"EntryPoint\",\"urlTemplate\":\"https:\\\/\\\/www.aninite.at\\\/en\\\/?s={search_term_string}\"},\"query-input\":{\"@type\":\"PropertyValueSpecification\",\"valueRequired\":true,\"valueName\":\"search_term_string\"}}],\"inLanguage\":\"en-US\"}]}<\/script>\n<!-- \/ Yoast SEO plugin. -->","yoast_head_json":{"title":"Dance Contest - AniNite","description":"Whether J-Pop, K-Pop, Vocaloid, a cover, your own choreography, beginner or professional, it doesn't matter. The fun is what counts at Dance Cover!","robots":{"index":"index","follow":"follow","max-snippet":"max-snippet:-1","max-image-preview":"max-image-preview:large","max-video-preview":"max-video-preview:-1"},"canonical":"https:\/\/www.aninite.at\/en\/contests-2\/dance-contest-2\/","og_locale":"en_US","og_type":"article","og_title":"Dance Contest - AniNite","og_description":"Whether J-Pop, K-Pop, Vocaloid, a cover, your own choreography, beginner or professional, it doesn't matter. The fun is what counts at Dance Cover!","og_url":"https:\/\/www.aninite.at\/en\/contests-2\/dance-contest-2\/","og_site_name":"AniNite","article_publisher":"https:\/\/www.facebook.com\/AniMangaAustria","article_modified_time":"2025-08-08T04:32:21+00:00","og_image":[{"width":512,"height":512,"url":"https:\/\/www.aninite.at\/wp-content\/uploads\/cropped-Icon_2025.jpg","type":"image\/jpeg"}],"twitter_card":"summary_large_image","twitter_title":"AniNite Dance Contest","twitter_description":"The Dance Contest will take place in two categories: K-Pop Back To The Roots & Open Program (everything except K-Pop)","twitter_image":"https:\/\/www.aninite.at\/wp-content\/uploads\/9FB4685A-B98A-41BB-A29F-5AAEAAA55BAC-1-1024x683.jpg","twitter_misc":{"Est. reading time":"1 minute"},"schema":{"@context":"https:\/\/schema.org","@graph":[{"@type":"WebPage","@id":"https:\/\/www.aninite.at\/en\/contests-2\/dance-contest-2\/","url":"https:\/\/www.aninite.at\/en\/contests-2\/dance-contest-2\/","name":"Dance Contest - AniNite","isPartOf":{"@id":"https:\/\/www.aninite.at\/en\/#website"},"primaryImageOfPage":{"@id":"https:\/\/www.aninite.at\/en\/contests-2\/dance-contest-2\/#primaryimage"},"image":{"@id":"https:\/\/www.aninite.at\/en\/contests-2\/dance-contest-2\/#primaryimage"},"thumbnailUrl":"https:\/\/www.aninite.at\/wp-content\/uploads\/\/TitelTemplate-1.svg","datePublished":"2021-03-13T19:41:23+00:00","dateModified":"2025-08-08T04:32:21+00:00","description":"Whether J-Pop, K-Pop, Vocaloid, a cover, your own choreography, beginner or professional, it doesn't matter. The fun is what counts at Dance Cover!","breadcrumb":{"@id":"https:\/\/www.aninite.at\/en\/contests-2\/dance-contest-2\/#breadcrumb"},"inLanguage":"en-US","potentialAction":[{"@type":"ReadAction","target":["https:\/\/www.aninite.at\/en\/contests-2\/dance-contest-2\/"]}]},{"@type":"ImageObject","inLanguage":"en-US","@id":"https:\/\/www.aninite.at\/en\/contests-2\/dance-contest-2\/#primaryimage","url":"https:\/\/www.aninite.at\/wp-content\/uploads\/\/TitelTemplate-1.svg","contentUrl":"https:\/\/www.aninite.at\/wp-content\/uploads\/\/TitelTemplate-1.svg"},{"@type":"BreadcrumbList","@id":"https:\/\/www.aninite.at\/en\/contests-2\/dance-contest-2\/#breadcrumb","itemListElement":[{"@type":"ListItem","position":1,"name":"Startseite","item":"https:\/\/www.aninite.at\/en\/welcome\/"},{"@type":"ListItem","position":2,"name":"Competitions","item":"https:\/\/www.aninite.at\/en\/contests-2\/"},{"@type":"ListItem","position":3,"name":"Dance Contest"}]},{"@type":"WebSite","@id":"https:\/\/www.aninite.at\/en\/#website","url":"https:\/\/www.aninite.at\/en\/","name":"AniNite","description":"\u00d6sterreichs gr\u00f6\u00dfte Anime-, Manga- und Comic-Convention","potentialAction":[{"@type":"SearchAction","target":{"@type":"EntryPoint","urlTemplate":"https:\/\/www.aninite.at\/en\/?s={search_term_string}"},"query-input":{"@type":"PropertyValueSpecification","valueRequired":true,"valueName":"search_term_string"}}],"inLanguage":"en-US"}]}},"acf":[],"_links":{"self":[{"href":"https:\/\/www.aninite.at\/en\/wp-json\/wp\/v2\/pages\/32621","targetHints":{"allow":["GET"]}}],"collection":[{"href":"https:\/\/www.aninite.at\/en\/wp-json\/wp\/v2\/pages"}],"about":[{"href":"https:\/\/www.aninite.at\/en\/wp-json\/wp\/v2\/types\/page"}],"author":[{"embeddable":true,"href":"https:\/\/www.aninite.at\/en\/wp-json\/wp\/v2\/users\/10"}],"replies":[{"embeddable":true,"href":"https:\/\/www.aninite.at\/en\/wp-json\/wp\/v2\/comments?post=32621"}],"version-history":[{"count":6,"href":"https:\/\/www.aninite.at\/en\/wp-json\/wp\/v2\/pages\/32621\/revisions"}],"predecessor-version":[{"id":34596,"href":"https:\/\/www.aninite.at\/en\/wp-json\/wp\/v2\/pages\/32621\/revisions\/34596"}],"up":[{"embeddable":true,"href":"https:\/\/www.aninite.at\/en\/wp-json\/wp\/v2\/pages\/32680"}],"wp:attachment":[{"href":"https:\/\/www.aninite.at\/en\/wp-json\/wp\/v2\/media?parent=32621"}],"curies":[{"name":"wp","href":"https:\/\/api.w.org\/{rel}","templated":true}]}}