{"id":32623,"date":"2021-03-13T20:41:26","date_gmt":"2021-03-13T19:41:26","guid":{"rendered":"https:\/\/www.aninite.at\/cosplay-2\/"},"modified":"2025-07-11T21:53:07","modified_gmt":"2025-07-11T19:53:07","slug":"cosplay-2","status":"publish","type":"page","link":"https:\/\/www.aninite.at\/en\/contests-2\/cosplay-2\/","title":{"rendered":"Cosplay"},"content":{"rendered":"<div class=\"wp-block-image\">\n<figure class=\"aligncenter size-full\"><img decoding=\"async\" src=\"https:\/\/www.aninite.at\/wp-content\/uploads\/\/TitelTemplate-1.svg\" alt=\"\" class=\"wp-image-32076\"\/><\/figure>\n<\/div>\n<div style=\"height:50px\" aria-hidden=\"true\" class=\"wp-block-spacer\"><\/div>\n\n<div class=\"wp-block-columns is-layout-flex wp-container-core-columns-is-layout-9d6595d7 wp-block-columns-is-layout-flex\">\n<div class=\"wp-block-column is-vertically-aligned-top is-layout-flow wp-block-column-is-layout-flow\">\n<p class=\"has-text-align-center has-vivid-red-color has-text-color has-link-color wp-elements-c428c471f638f796b63e5f4c8524da80\"><strong><a href=\"https:\/\/www.aninite.at\/en\/wettbewerbe\/x-cosplay-3-4\/\">X Cosplay<\/a><\/strong><\/p>\n\n\n\n<p>You have an elaborate cosplay that you would like to present on a big stage, but you don&#8217;t want to do a performance? Then the X Cosplay competition is the right place for you! The only thing that counts here is your cosplay. Only the handiwork behind your cosplay will be judged!   <\/p>\n\n\n<div class=\"wp-block-image is-resized\">\n<figure class=\"aligncenter size-large\"><a href=\"https:\/\/www.aninite.at\/en\/flying\/\"><img loading=\"lazy\" decoding=\"async\" width=\"854\" height=\"1361\" src=\"https:\/\/www.aninite.at\/wp-content\/uploads\/Seirer_AniNite2018_X-Cosplay-edited.jpg\" alt=\"\" class=\"wp-image-3930\" srcset=\"https:\/\/www.aninite.at\/wp-content\/uploads\/Seirer_AniNite2018_X-Cosplay-edited.jpg 854w, https:\/\/www.aninite.at\/wp-content\/uploads\/Seirer_AniNite2018_X-Cosplay-edited-188x300.jpg 188w, https:\/\/www.aninite.at\/wp-content\/uploads\/Seirer_AniNite2018_X-Cosplay-edited-643x1024.jpg 643w, https:\/\/www.aninite.at\/wp-content\/uploads\/Seirer_AniNite2018_X-Cosplay-edited-768x1224.jpg 768w, https:\/\/www.aninite.at\/wp-content\/uploads\/Seirer_AniNite2018_X-Cosplay-edited-624x994.jpg 624w\" sizes=\"auto, (max-width: 854px) 100vw, 854px\" \/><\/a><figcaption class=\"wp-element-caption\"><a href=\"https:\/\/www.seirer-photography.com\" target=\"_blank\" rel=\"noreferrer noopener\">Seirer Photography<\/a>, AniNite 2018<br\/><\/figcaption><\/figure>\n<\/div><\/div>\n\n\n\n<div class=\"wp-block-column is-layout-flow wp-block-column-is-layout-flow\">\n<p class=\"has-text-align-center has-vivid-red-color has-text-color has-link-color wp-elements-7be2fb31ebe6e1da25df0e97aa97e321\"><a href=\"https:\/\/www.aninite.at\/en\/character-cosplay-2-4\/\" target=\"_blank\" rel=\"noreferrer noopener\"><strong>Character Cosplay<\/strong><\/a><\/p>\n\n\n\n<p>Do you want to make a cool, funny or exciting appearance at AniNite? Then Performance Cosplay is the right place for you! The only thing that counts here is your performance. Your cosplay can be bought, borrowed or even homemade, only your performance will be judged.     <\/p>\n\n\n\n<div style=\"height:2px\" aria-hidden=\"true\" class=\"wp-block-spacer\"><\/div>\n\n\n<div class=\"wp-block-image is-resized\">\n<figure class=\"aligncenter size-large\"><a href=\"https:\/\/www.aninite.at\/en\/character-cosplay\/\"><img loading=\"lazy\" decoding=\"async\" width=\"769\" height=\"1367\" src=\"https:\/\/www.aninite.at\/wp-content\/uploads\/Seirer_AniNite2018_Character-Cosplay-edited.jpg\" alt=\"\" class=\"wp-image-3933\" srcset=\"https:\/\/www.aninite.at\/wp-content\/uploads\/Seirer_AniNite2018_Character-Cosplay-edited.jpg 769w, https:\/\/www.aninite.at\/wp-content\/uploads\/Seirer_AniNite2018_Character-Cosplay-edited-169x300.jpg 169w, https:\/\/www.aninite.at\/wp-content\/uploads\/Seirer_AniNite2018_Character-Cosplay-edited-576x1024.jpg 576w, https:\/\/www.aninite.at\/wp-content\/uploads\/Seirer_AniNite2018_Character-Cosplay-edited-768x1365.jpg 768w, https:\/\/www.aninite.at\/wp-content\/uploads\/Seirer_AniNite2018_Character-Cosplay-edited-624x1109.jpg 624w\" sizes=\"auto, (max-width: 769px) 100vw, 769px\" \/><\/a><figcaption class=\"wp-element-caption\"><a href=\"https:\/\/www.seirer-photography.com\" target=\"_blank\" rel=\"noreferrer noopener\">Seirer Photography<\/a>, AniNite 2018<\/figcaption><\/figure>\n<\/div><\/div>\n<\/div>\n\n<div class=\"wp-block-columns is-layout-flex wp-container-core-columns-is-layout-9d6595d7 wp-block-columns-is-layout-flex\">\n<div class=\"wp-block-column is-layout-flow wp-block-column-is-layout-flow\">\n<p><strong><a href=\"https:\/\/www.aninite.at\/en\/world-cosplay-summit-2-3\/\">World Cosplay Summit<\/a><\/strong><br\/>You are a good team, enjoy cosplay, can wow the audience with a great performance and want to represent Austria at the grand finale in Japan? Show off your skills and secure your place! <br\/><\/p>\n\n\n\n<figure class=\"wp-block-image size-large\"><img loading=\"lazy\" decoding=\"async\" width=\"768\" height=\"1024\" src=\"https:\/\/www.aninite.at\/wp-content\/uploads\/\/WCS2024backstage_SWE-768x1024.jpeg\" alt=\"\" class=\"wp-image-32481\" srcset=\"https:\/\/www.aninite.at\/wp-content\/uploads\/WCS2024backstage_SWE-768x1024.jpeg 768w, https:\/\/www.aninite.at\/wp-content\/uploads\/WCS2024backstage_SWE-225x300.jpeg 225w, https:\/\/www.aninite.at\/wp-content\/uploads\/WCS2024backstage_SWE-1152x1536.jpeg 1152w, https:\/\/www.aninite.at\/wp-content\/uploads\/WCS2024backstage_SWE-1536x2048.jpeg 1536w, https:\/\/www.aninite.at\/wp-content\/uploads\/WCS2024backstage_SWE-1140x1520.jpeg 1140w, https:\/\/www.aninite.at\/wp-content\/uploads\/WCS2024backstage_SWE-scaled.jpeg 1920w\" sizes=\"auto, (max-width: 768px) 100vw, 768px\" \/><figcaption class=\"wp-element-caption\">World Cosplay Summit 2024, Nagoya<\/figcaption><\/figure>\n<\/div>\n\n\n\n<div class=\"wp-block-column is-layout-flow wp-block-column-is-layout-flow\">\n<p><strong><a href=\"https:\/\/www.aninite.at\/en\/wettbewerbe\/cosplay-2\/ccc\/ccc-4\/\">Cosplay Champions Cup<\/a><\/strong><br\/>Cosplay Champions is an international cosplay competition that brings together the champions of cosplay competitions from all over the world. You have an elaborate cosplay that you would like to present on a big stage AND you want to captivate the audience with your performance? Then the CCC is the right place for you!  <\/p>\n<\/div>\n<\/div>\n\n<div class=\"wp-block-group\"><div class=\"wp-block-group__inner-container is-layout-constrained wp-block-group-is-layout-constrained\"><div class=\"wp-block-image\">\n<figure class=\"aligncenter size-full\"><img loading=\"lazy\" decoding=\"async\" width=\"728\" height=\"162\" src=\"https:\/\/www.aninite.at\/wp-content\/uploads\/Footer_2025_FL.jpg\" alt=\"\" class=\"wp-image-17696\" srcset=\"https:\/\/www.aninite.at\/wp-content\/uploads\/Footer_2025_FL.jpg 728w, https:\/\/www.aninite.at\/wp-content\/uploads\/Footer_2025_FL-300x67.jpg 300w\" sizes=\"auto, (max-width: 728px) 100vw, 728px\" \/><\/figure>\n<\/div><\/div><\/div>\n\n<p><\/p>\n","protected":false},"excerpt":{"rendered":"<p>X Cosplay You have an elaborate cosplay that you would like to present on a big stage, but you don&#8217;t want to do a performance? Then the X Cosplay competition is the right place for you! The only thing that counts here is your cosplay. Only the handiwork behind your cosplay will be judged! Character Cosplay Do you want to make a cool, funny or exciting appearance at AniNite? Then Performance Cosplay is the right place for you! The only thing that counts here is your performance. Your cosplay can be bought, borrowed or even homemade, only your performance will be judged. World Cosplay SummitYou are a good team, enjoy cosplay, can wow the audience with a great performance and want to represent Austria at the grand finale in Japan? Show off your skills and secure your place! Cosplay Champions CupCosplay Champions is an international cosplay competition that brings together the champions of cosplay competitions from all over the world. You have an elaborate cosplay that you would like to present on a big stage AND you want to captivate the audience with your performance? Then the CCC is the right place for you!<\/p>\n","protected":false},"author":10,"featured_media":0,"parent":32680,"menu_order":0,"comment_status":"closed","ping_status":"closed","template":"","meta":{"inline_featured_image":false,"footnotes":""},"class_list":["post-32623","page","type-page","status-publish","hentry"],"yoast_head":"<!-- This site is optimized with the Yoast SEO plugin v27.5 - https:\/\/yoast.com\/product\/yoast-seo-wordpress\/ -->\n<title>Cosplay - AniNite<\/title>\n<meta name=\"description\" content=\"There will be two cosplay competitions at AniNite, one focusing on your performance and one focusing on your handiwork and costume!\" \/>\n<meta name=\"robots\" content=\"index, follow, max-snippet:-1, max-image-preview:large, max-video-preview:-1\" \/>\n<link rel=\"canonical\" href=\"https:\/\/www.aninite.at\/en\/contests-2\/cosplay-2\/\" \/>\n<meta property=\"og:locale\" content=\"en_US\" \/>\n<meta property=\"og:type\" content=\"article\" \/>\n<meta property=\"og:title\" content=\"Cosplay - AniNite\" \/>\n<meta property=\"og:description\" content=\"There will be two cosplay competitions at AniNite, one focusing on your performance and one focusing on your handiwork and costume!\" \/>\n<meta property=\"og:url\" content=\"https:\/\/www.aninite.at\/en\/contests-2\/cosplay-2\/\" \/>\n<meta property=\"og:site_name\" content=\"AniNite\" \/>\n<meta property=\"article:publisher\" content=\"https:\/\/www.facebook.com\/AniMangaAustria\" \/>\n<meta property=\"article:modified_time\" content=\"2025-07-11T19:53:07+00:00\" \/>\n<meta property=\"og:image\" content=\"https:\/\/www.aninite.at\/wp-content\/uploads\/cropped-Icon_2025.jpg\" \/>\n\t<meta property=\"og:image:width\" content=\"512\" \/>\n\t<meta property=\"og:image:height\" content=\"512\" \/>\n\t<meta property=\"og:image:type\" content=\"image\/jpeg\" \/>\n<meta name=\"twitter:card\" content=\"summary_large_image\" \/>\n<meta name=\"twitter:title\" content=\"AniNite Cosplay Contests\" \/>\n<meta name=\"twitter:description\" content=\"Cosplay competitions are as much a part of AniNite as a thread is to a needle or a rivet is to pliers. Every year, many great cosplayers fill our main stage with their breathtaking costumes and exciting or funny performances.\" \/>\n<meta name=\"twitter:image\" content=\"https:\/\/www.aninite.at\/wp-content\/uploads\/Seirer_AniNite2018_X-Cosplay-edited-643x1024.jpg\" \/>\n<meta name=\"twitter:label1\" content=\"Est. reading time\" \/>\n\t<meta name=\"twitter:data1\" content=\"1 minute\" \/>\n<script type=\"application\/ld+json\" class=\"yoast-schema-graph\">{\"@context\":\"https:\\\/\\\/schema.org\",\"@graph\":[{\"@type\":\"WebPage\",\"@id\":\"https:\\\/\\\/www.aninite.at\\\/en\\\/contests-2\\\/cosplay-2\\\/\",\"url\":\"https:\\\/\\\/www.aninite.at\\\/en\\\/contests-2\\\/cosplay-2\\\/\",\"name\":\"Cosplay - AniNite\",\"isPartOf\":{\"@id\":\"https:\\\/\\\/www.aninite.at\\\/en\\\/#website\"},\"primaryImageOfPage\":{\"@id\":\"https:\\\/\\\/www.aninite.at\\\/en\\\/contests-2\\\/cosplay-2\\\/#primaryimage\"},\"image\":{\"@id\":\"https:\\\/\\\/www.aninite.at\\\/en\\\/contests-2\\\/cosplay-2\\\/#primaryimage\"},\"thumbnailUrl\":\"https:\\\/\\\/www.aninite.at\\\/wp-content\\\/uploads\\\/\\\/TitelTemplate-1.svg\",\"datePublished\":\"2021-03-13T19:41:26+00:00\",\"dateModified\":\"2025-07-11T19:53:07+00:00\",\"description\":\"There will be two cosplay competitions at AniNite, one focusing on your performance and one focusing on your handiwork and costume!\",\"breadcrumb\":{\"@id\":\"https:\\\/\\\/www.aninite.at\\\/en\\\/contests-2\\\/cosplay-2\\\/#breadcrumb\"},\"inLanguage\":\"en-US\",\"potentialAction\":[{\"@type\":\"ReadAction\",\"target\":[\"https:\\\/\\\/www.aninite.at\\\/en\\\/contests-2\\\/cosplay-2\\\/\"]}]},{\"@type\":\"ImageObject\",\"inLanguage\":\"en-US\",\"@id\":\"https:\\\/\\\/www.aninite.at\\\/en\\\/contests-2\\\/cosplay-2\\\/#primaryimage\",\"url\":\"https:\\\/\\\/www.aninite.at\\\/wp-content\\\/uploads\\\/\\\/TitelTemplate-1.svg\",\"contentUrl\":\"https:\\\/\\\/www.aninite.at\\\/wp-content\\\/uploads\\\/\\\/TitelTemplate-1.svg\"},{\"@type\":\"BreadcrumbList\",\"@id\":\"https:\\\/\\\/www.aninite.at\\\/en\\\/contests-2\\\/cosplay-2\\\/#breadcrumb\",\"itemListElement\":[{\"@type\":\"ListItem\",\"position\":1,\"name\":\"Startseite\",\"item\":\"https:\\\/\\\/www.aninite.at\\\/en\\\/welcome\\\/\"},{\"@type\":\"ListItem\",\"position\":2,\"name\":\"Competitions\",\"item\":\"https:\\\/\\\/www.aninite.at\\\/en\\\/contests-2\\\/\"},{\"@type\":\"ListItem\",\"position\":3,\"name\":\"Cosplay\"}]},{\"@type\":\"WebSite\",\"@id\":\"https:\\\/\\\/www.aninite.at\\\/en\\\/#website\",\"url\":\"https:\\\/\\\/www.aninite.at\\\/en\\\/\",\"name\":\"AniNite\",\"description\":\"\u00d6sterreichs gr\u00f6\u00dfte Anime-, Manga- und Comic-Convention\",\"potentialAction\":[{\"@type\":\"SearchAction\",\"target\":{\"@type\":\"EntryPoint\",\"urlTemplate\":\"https:\\\/\\\/www.aninite.at\\\/en\\\/?s={search_term_string}\"},\"query-input\":{\"@type\":\"PropertyValueSpecification\",\"valueRequired\":true,\"valueName\":\"search_term_string\"}}],\"inLanguage\":\"en-US\"}]}<\/script>\n<!-- \/ Yoast SEO plugin. -->","yoast_head_json":{"title":"Cosplay - AniNite","description":"There will be two cosplay competitions at AniNite, one focusing on your performance and one focusing on your handiwork and costume!","robots":{"index":"index","follow":"follow","max-snippet":"max-snippet:-1","max-image-preview":"max-image-preview:large","max-video-preview":"max-video-preview:-1"},"canonical":"https:\/\/www.aninite.at\/en\/contests-2\/cosplay-2\/","og_locale":"en_US","og_type":"article","og_title":"Cosplay - AniNite","og_description":"There will be two cosplay competitions at AniNite, one focusing on your performance and one focusing on your handiwork and costume!","og_url":"https:\/\/www.aninite.at\/en\/contests-2\/cosplay-2\/","og_site_name":"AniNite","article_publisher":"https:\/\/www.facebook.com\/AniMangaAustria","article_modified_time":"2025-07-11T19:53:07+00:00","og_image":[{"width":512,"height":512,"url":"https:\/\/www.aninite.at\/wp-content\/uploads\/cropped-Icon_2025.jpg","type":"image\/jpeg"}],"twitter_card":"summary_large_image","twitter_title":"AniNite Cosplay Contests","twitter_description":"Cosplay competitions are as much a part of AniNite as a thread is to a needle or a rivet is to pliers. Every year, many great cosplayers fill our main stage with their breathtaking costumes and exciting or funny performances.","twitter_image":"https:\/\/www.aninite.at\/wp-content\/uploads\/Seirer_AniNite2018_X-Cosplay-edited-643x1024.jpg","twitter_misc":{"Est. reading time":"1 minute"},"schema":{"@context":"https:\/\/schema.org","@graph":[{"@type":"WebPage","@id":"https:\/\/www.aninite.at\/en\/contests-2\/cosplay-2\/","url":"https:\/\/www.aninite.at\/en\/contests-2\/cosplay-2\/","name":"Cosplay - AniNite","isPartOf":{"@id":"https:\/\/www.aninite.at\/en\/#website"},"primaryImageOfPage":{"@id":"https:\/\/www.aninite.at\/en\/contests-2\/cosplay-2\/#primaryimage"},"image":{"@id":"https:\/\/www.aninite.at\/en\/contests-2\/cosplay-2\/#primaryimage"},"thumbnailUrl":"https:\/\/www.aninite.at\/wp-content\/uploads\/\/TitelTemplate-1.svg","datePublished":"2021-03-13T19:41:26+00:00","dateModified":"2025-07-11T19:53:07+00:00","description":"There will be two cosplay competitions at AniNite, one focusing on your performance and one focusing on your handiwork and costume!","breadcrumb":{"@id":"https:\/\/www.aninite.at\/en\/contests-2\/cosplay-2\/#breadcrumb"},"inLanguage":"en-US","potentialAction":[{"@type":"ReadAction","target":["https:\/\/www.aninite.at\/en\/contests-2\/cosplay-2\/"]}]},{"@type":"ImageObject","inLanguage":"en-US","@id":"https:\/\/www.aninite.at\/en\/contests-2\/cosplay-2\/#primaryimage","url":"https:\/\/www.aninite.at\/wp-content\/uploads\/\/TitelTemplate-1.svg","contentUrl":"https:\/\/www.aninite.at\/wp-content\/uploads\/\/TitelTemplate-1.svg"},{"@type":"BreadcrumbList","@id":"https:\/\/www.aninite.at\/en\/contests-2\/cosplay-2\/#breadcrumb","itemListElement":[{"@type":"ListItem","position":1,"name":"Startseite","item":"https:\/\/www.aninite.at\/en\/welcome\/"},{"@type":"ListItem","position":2,"name":"Competitions","item":"https:\/\/www.aninite.at\/en\/contests-2\/"},{"@type":"ListItem","position":3,"name":"Cosplay"}]},{"@type":"WebSite","@id":"https:\/\/www.aninite.at\/en\/#website","url":"https:\/\/www.aninite.at\/en\/","name":"AniNite","description":"\u00d6sterreichs gr\u00f6\u00dfte Anime-, Manga- und Comic-Convention","potentialAction":[{"@type":"SearchAction","target":{"@type":"EntryPoint","urlTemplate":"https:\/\/www.aninite.at\/en\/?s={search_term_string}"},"query-input":{"@type":"PropertyValueSpecification","valueRequired":true,"valueName":"search_term_string"}}],"inLanguage":"en-US"}]}},"acf":[],"_links":{"self":[{"href":"https:\/\/www.aninite.at\/en\/wp-json\/wp\/v2\/pages\/32623","targetHints":{"allow":["GET"]}}],"collection":[{"href":"https:\/\/www.aninite.at\/en\/wp-json\/wp\/v2\/pages"}],"about":[{"href":"https:\/\/www.aninite.at\/en\/wp-json\/wp\/v2\/types\/page"}],"author":[{"embeddable":true,"href":"https:\/\/www.aninite.at\/en\/wp-json\/wp\/v2\/users\/10"}],"replies":[{"embeddable":true,"href":"https:\/\/www.aninite.at\/en\/wp-json\/wp\/v2\/comments?post=32623"}],"version-history":[{"count":4,"href":"https:\/\/www.aninite.at\/en\/wp-json\/wp\/v2\/pages\/32623\/revisions"}],"predecessor-version":[{"id":33566,"href":"https:\/\/www.aninite.at\/en\/wp-json\/wp\/v2\/pages\/32623\/revisions\/33566"}],"up":[{"embeddable":true,"href":"https:\/\/www.aninite.at\/en\/wp-json\/wp\/v2\/pages\/32680"}],"wp:attachment":[{"href":"https:\/\/www.aninite.at\/en\/wp-json\/wp\/v2\/media?parent=32623"}],"curies":[{"name":"wp","href":"https:\/\/api.w.org\/{rel}","templated":true}]}}