{"id":32631,"date":"2021-03-13T20:41:23","date_gmt":"2021-03-13T19:41:23","guid":{"rendered":"https:\/\/www.aninite.at\/lipsync-2\/"},"modified":"2025-08-08T06:35:56","modified_gmt":"2025-08-08T04:35:56","slug":"lipsync-2","status":"publish","type":"page","link":"https:\/\/www.aninite.at\/en\/contests-2\/lipsync-2\/","title":{"rendered":"LipSync"},"content":{"rendered":"<div class=\"wp-block-image\">\n<figure class=\"aligncenter size-full\"><img decoding=\"async\" src=\"https:\/\/www.aninite.at\/wp-content\/uploads\/\/TitelTemplate-1.svg\" alt=\"\" class=\"wp-image-32076\"\/><\/figure>\n<\/div>\n<div style=\"height:50px\" aria-hidden=\"true\" class=\"wp-block-spacer\"><\/div>\n\n<p>Do you know your favorite song by heart? Then you&#8217;ve come to the right place!<br\/>This year, you are once again in demand to wow the audience with your impressive <strong>lip sync skills<\/strong>. This rousing competition is all about combining the art of <strong>synchronized lip reading<\/strong> with a <strong>lively stage performance<\/strong>.    <\/p>\n\n<p>Click here for the <strong><a href=\"https:\/\/forms.office.com\/Pages\/ResponsePage.aspx?id=vS-9NlFDJEOLWHEKOtMaO7loUXtyNmZPibW4NHt18lNUMk1ST0REMTU5NUxKV0FRS0lTQVNQT0lTSC4u\" target=\"_blank\" rel=\"noreferrer noopener\">Online &#8211; Voting<\/a><\/strong><\/p>\n\n<h2 class=\"wp-block-heading has-text-align-center has-vivid-red-color has-text-color has-link-color wp-elements-e7b2ff207b45a9dd9de9451b0e0f7e22\">Registration<\/h2>\n\n<p class=\"has-text-align-center\"><strong>Registration has ended<\/strong><\/p>\n\n<h2 class=\"wp-block-heading has-text-align-center has-vivid-red-color has-text-color has-link-color wp-elements-80cfe7eb37fb19f16df4c9d57fd79064\">Rating<\/h2>\n\n<ul class=\"wp-block-list\">\n<li>The jury team is <strong>you<\/strong> &#8211; the <strong>audience decides the winners<\/strong>!<\/li>\n\n\n\n<li>So get everything out and wow the crowd!<\/li>\n<\/ul>\n\n<h2 class=\"wp-block-heading has-text-align-center has-vivid-red-color has-text-color\" id=\"teilnahmebedingungen\">Conditions of participation<\/h2>\n\n<ul class=\"wp-block-list\">\n<li><strong>Important:<\/strong>\n<ul class=\"wp-block-list\">\n<li>If you are <strong>unable to attend<\/strong> the award ceremony, please report to the information stand.<\/li>\n\n\n\n<li>Leave your <strong>contact details<\/strong> or those of a <strong>deputy<\/strong> (full name; the person must be able to identify themselves).<\/li>\n\n\n\n<li>Prices will <strong>NEVER <\/strong>be forwarded abroad!<\/li>\n<\/ul>\n<\/li>\n\n\n\n<li>The award ceremony for the LipSync Battles will take place on the day of the competition.  <\/li>\n\n\n\n<li>The entry form must be filled out <strong>COMPLETELY <\/strong>.  <\/li>\n\n\n\n<li>By registering, <strong>you agree<\/strong> that your performance may be <strong>streamed live<\/strong> and that the <strong>recordings<\/strong> may be <strong>published<\/strong>.<\/li>\n<\/ul>\n\n<h2 class=\"wp-block-heading has-text-align-center has-vivid-red-color has-text-color\">Rules and regulations<\/h2>\n\n<ul class=\"wp-block-list\">\n<li><strong>Registration deadline:<\/strong> 01.08.2025, 23:59 hrs<\/li>\n\n\n\n<li>The song may be <strong>a maximum of 4 minutes<\/strong> long.<\/li>\n\n\n\n<li>All content must comply with FSK 12\/16.  <\/li>\n\n\n\n<li>Pair or group performances are permitted.  <\/li>\n\n\n\n<li><strong>Important:<\/strong> Before registering, please read the <a href=\"https:\/\/www.aninite.at\/wp-content\/uploads\/Buehnenleifaden.pdf\" target=\"_blank\" rel=\"noreferrer noopener\"><strong>stage guide<\/strong><\/a> before registering!<\/li>\n<\/ul>\n\n<h2 class=\"wp-block-heading has-text-align-center has-vivid-red-color has-text-color\" id=\"wettbewerbsablauf\">Competition and evaluation procedure<\/h2>\n\n<ul class=\"wp-block-list\">\n<li><strong>Show up at least 15 minutes<\/strong> before the start of the LipSync Battles.<\/li>\n\n\n\n<li>The LipSync Battles will take place on the main stage at AniNite.<\/li>\n\n\n\n<li><strong>The audience decides<\/strong> &#8211; and we look forward to <strong>your performance<\/strong>!<\/li>\n<\/ul>\n<div class=\"wp-block-image\">\n<figure class=\"aligncenter size-full\"><img loading=\"lazy\" decoding=\"async\" width=\"728\" height=\"162\" src=\"https:\/\/www.aninite.at\/wp-content\/uploads\/Footer_2025_FL.jpg\" alt=\"\" class=\"wp-image-17696\" srcset=\"https:\/\/www.aninite.at\/wp-content\/uploads\/Footer_2025_FL.jpg 728w, https:\/\/www.aninite.at\/wp-content\/uploads\/Footer_2025_FL-300x67.jpg 300w\" sizes=\"auto, (max-width: 728px) 100vw, 728px\" \/><\/figure>\n<\/div>","protected":false},"excerpt":{"rendered":"<p>Do you know your favorite song by heart? Then you&#8217;ve come to the right place!This year, you are once again in demand to wow the audience with your impressive lip sync skills. This rousing competition is all about combining the art of synchronized lip reading with a lively stage performance. Click here for the Online &#8211; Voting Registration Registration has ended Rating Conditions of participation Rules and regulations Competition and evaluation procedure<\/p>\n","protected":false},"author":10,"featured_media":0,"parent":32680,"menu_order":0,"comment_status":"closed","ping_status":"closed","template":"","meta":{"inline_featured_image":false,"footnotes":""},"class_list":["post-32631","page","type-page","status-publish","hentry"],"yoast_head":"<!-- This site is optimized with the Yoast SEO plugin v27.5 - https:\/\/yoast.com\/product\/yoast-seo-wordpress\/ -->\n<title>LipSync - AniNite<\/title>\n<meta name=\"description\" content=\"Here you can find all information about the Lipsync competition at AniNite.\" \/>\n<meta name=\"robots\" content=\"index, follow, max-snippet:-1, max-image-preview:large, max-video-preview:-1\" \/>\n<link rel=\"canonical\" href=\"https:\/\/www.aninite.at\/en\/contests-2\/lipsync-2\/\" \/>\n<meta property=\"og:locale\" content=\"en_US\" \/>\n<meta property=\"og:type\" content=\"article\" \/>\n<meta property=\"og:title\" content=\"LipSync - AniNite\" \/>\n<meta property=\"og:description\" content=\"Here you can find all information about the Lipsync competition at AniNite.\" \/>\n<meta property=\"og:url\" content=\"https:\/\/www.aninite.at\/en\/contests-2\/lipsync-2\/\" \/>\n<meta property=\"og:site_name\" content=\"AniNite\" \/>\n<meta property=\"article:publisher\" content=\"https:\/\/www.facebook.com\/AniMangaAustria\" \/>\n<meta property=\"article:modified_time\" content=\"2025-08-08T04:35:56+00:00\" \/>\n<meta property=\"og:image\" content=\"https:\/\/www.aninite.at\/wp-content\/uploads\/cropped-Icon_2025.jpg\" \/>\n\t<meta property=\"og:image:width\" content=\"512\" \/>\n\t<meta property=\"og:image:height\" content=\"512\" \/>\n\t<meta property=\"og:image:type\" content=\"image\/jpeg\" \/>\n<meta name=\"twitter:card\" content=\"summary_large_image\" \/>\n<meta name=\"twitter:title\" content=\"AniNite\" \/>\n<meta name=\"twitter:description\" content=\"You&#039;ll find more info about the Lipsync contest at AniNite here soon.\" \/>\n<meta name=\"twitter:image\" content=\"https:\/\/www.aninite.at\/wp-content\/uploads\/pexels-harrison-haines-2921541-1024x684.jpg\" \/>\n<meta name=\"twitter:label1\" content=\"Est. reading time\" \/>\n\t<meta name=\"twitter:data1\" content=\"1 minute\" \/>\n<script type=\"application\/ld+json\" class=\"yoast-schema-graph\">{\"@context\":\"https:\\\/\\\/schema.org\",\"@graph\":[{\"@type\":\"WebPage\",\"@id\":\"https:\\\/\\\/www.aninite.at\\\/en\\\/contests-2\\\/lipsync-2\\\/\",\"url\":\"https:\\\/\\\/www.aninite.at\\\/en\\\/contests-2\\\/lipsync-2\\\/\",\"name\":\"LipSync - AniNite\",\"isPartOf\":{\"@id\":\"https:\\\/\\\/www.aninite.at\\\/en\\\/#website\"},\"primaryImageOfPage\":{\"@id\":\"https:\\\/\\\/www.aninite.at\\\/en\\\/contests-2\\\/lipsync-2\\\/#primaryimage\"},\"image\":{\"@id\":\"https:\\\/\\\/www.aninite.at\\\/en\\\/contests-2\\\/lipsync-2\\\/#primaryimage\"},\"thumbnailUrl\":\"https:\\\/\\\/www.aninite.at\\\/wp-content\\\/uploads\\\/\\\/TitelTemplate-1.svg\",\"datePublished\":\"2021-03-13T19:41:23+00:00\",\"dateModified\":\"2025-08-08T04:35:56+00:00\",\"description\":\"Here you can find all information about the Lipsync competition at AniNite.\",\"breadcrumb\":{\"@id\":\"https:\\\/\\\/www.aninite.at\\\/en\\\/contests-2\\\/lipsync-2\\\/#breadcrumb\"},\"inLanguage\":\"en-US\",\"potentialAction\":[{\"@type\":\"ReadAction\",\"target\":[\"https:\\\/\\\/www.aninite.at\\\/en\\\/contests-2\\\/lipsync-2\\\/\"]}]},{\"@type\":\"ImageObject\",\"inLanguage\":\"en-US\",\"@id\":\"https:\\\/\\\/www.aninite.at\\\/en\\\/contests-2\\\/lipsync-2\\\/#primaryimage\",\"url\":\"https:\\\/\\\/www.aninite.at\\\/wp-content\\\/uploads\\\/\\\/TitelTemplate-1.svg\",\"contentUrl\":\"https:\\\/\\\/www.aninite.at\\\/wp-content\\\/uploads\\\/\\\/TitelTemplate-1.svg\"},{\"@type\":\"BreadcrumbList\",\"@id\":\"https:\\\/\\\/www.aninite.at\\\/en\\\/contests-2\\\/lipsync-2\\\/#breadcrumb\",\"itemListElement\":[{\"@type\":\"ListItem\",\"position\":1,\"name\":\"Startseite\",\"item\":\"https:\\\/\\\/www.aninite.at\\\/en\\\/welcome\\\/\"},{\"@type\":\"ListItem\",\"position\":2,\"name\":\"Competitions\",\"item\":\"https:\\\/\\\/www.aninite.at\\\/en\\\/contests-2\\\/\"},{\"@type\":\"ListItem\",\"position\":3,\"name\":\"LipSync\"}]},{\"@type\":\"WebSite\",\"@id\":\"https:\\\/\\\/www.aninite.at\\\/en\\\/#website\",\"url\":\"https:\\\/\\\/www.aninite.at\\\/en\\\/\",\"name\":\"AniNite\",\"description\":\"\u00d6sterreichs gr\u00f6\u00dfte Anime-, Manga- und Comic-Convention\",\"potentialAction\":[{\"@type\":\"SearchAction\",\"target\":{\"@type\":\"EntryPoint\",\"urlTemplate\":\"https:\\\/\\\/www.aninite.at\\\/en\\\/?s={search_term_string}\"},\"query-input\":{\"@type\":\"PropertyValueSpecification\",\"valueRequired\":true,\"valueName\":\"search_term_string\"}}],\"inLanguage\":\"en-US\"}]}<\/script>\n<!-- \/ Yoast SEO plugin. -->","yoast_head_json":{"title":"LipSync - AniNite","description":"Here you can find all information about the Lipsync competition at AniNite.","robots":{"index":"index","follow":"follow","max-snippet":"max-snippet:-1","max-image-preview":"max-image-preview:large","max-video-preview":"max-video-preview:-1"},"canonical":"https:\/\/www.aninite.at\/en\/contests-2\/lipsync-2\/","og_locale":"en_US","og_type":"article","og_title":"LipSync - AniNite","og_description":"Here you can find all information about the Lipsync competition at AniNite.","og_url":"https:\/\/www.aninite.at\/en\/contests-2\/lipsync-2\/","og_site_name":"AniNite","article_publisher":"https:\/\/www.facebook.com\/AniMangaAustria","article_modified_time":"2025-08-08T04:35:56+00:00","og_image":[{"width":512,"height":512,"url":"https:\/\/www.aninite.at\/wp-content\/uploads\/cropped-Icon_2025.jpg","type":"image\/jpeg"}],"twitter_card":"summary_large_image","twitter_title":"AniNite","twitter_description":"You'll find more info about the Lipsync contest at AniNite here soon.","twitter_image":"https:\/\/www.aninite.at\/wp-content\/uploads\/pexels-harrison-haines-2921541-1024x684.jpg","twitter_misc":{"Est. reading time":"1 minute"},"schema":{"@context":"https:\/\/schema.org","@graph":[{"@type":"WebPage","@id":"https:\/\/www.aninite.at\/en\/contests-2\/lipsync-2\/","url":"https:\/\/www.aninite.at\/en\/contests-2\/lipsync-2\/","name":"LipSync - AniNite","isPartOf":{"@id":"https:\/\/www.aninite.at\/en\/#website"},"primaryImageOfPage":{"@id":"https:\/\/www.aninite.at\/en\/contests-2\/lipsync-2\/#primaryimage"},"image":{"@id":"https:\/\/www.aninite.at\/en\/contests-2\/lipsync-2\/#primaryimage"},"thumbnailUrl":"https:\/\/www.aninite.at\/wp-content\/uploads\/\/TitelTemplate-1.svg","datePublished":"2021-03-13T19:41:23+00:00","dateModified":"2025-08-08T04:35:56+00:00","description":"Here you can find all information about the Lipsync competition at AniNite.","breadcrumb":{"@id":"https:\/\/www.aninite.at\/en\/contests-2\/lipsync-2\/#breadcrumb"},"inLanguage":"en-US","potentialAction":[{"@type":"ReadAction","target":["https:\/\/www.aninite.at\/en\/contests-2\/lipsync-2\/"]}]},{"@type":"ImageObject","inLanguage":"en-US","@id":"https:\/\/www.aninite.at\/en\/contests-2\/lipsync-2\/#primaryimage","url":"https:\/\/www.aninite.at\/wp-content\/uploads\/\/TitelTemplate-1.svg","contentUrl":"https:\/\/www.aninite.at\/wp-content\/uploads\/\/TitelTemplate-1.svg"},{"@type":"BreadcrumbList","@id":"https:\/\/www.aninite.at\/en\/contests-2\/lipsync-2\/#breadcrumb","itemListElement":[{"@type":"ListItem","position":1,"name":"Startseite","item":"https:\/\/www.aninite.at\/en\/welcome\/"},{"@type":"ListItem","position":2,"name":"Competitions","item":"https:\/\/www.aninite.at\/en\/contests-2\/"},{"@type":"ListItem","position":3,"name":"LipSync"}]},{"@type":"WebSite","@id":"https:\/\/www.aninite.at\/en\/#website","url":"https:\/\/www.aninite.at\/en\/","name":"AniNite","description":"\u00d6sterreichs gr\u00f6\u00dfte Anime-, Manga- und Comic-Convention","potentialAction":[{"@type":"SearchAction","target":{"@type":"EntryPoint","urlTemplate":"https:\/\/www.aninite.at\/en\/?s={search_term_string}"},"query-input":{"@type":"PropertyValueSpecification","valueRequired":true,"valueName":"search_term_string"}}],"inLanguage":"en-US"}]}},"acf":[],"_links":{"self":[{"href":"https:\/\/www.aninite.at\/en\/wp-json\/wp\/v2\/pages\/32631","targetHints":{"allow":["GET"]}}],"collection":[{"href":"https:\/\/www.aninite.at\/en\/wp-json\/wp\/v2\/pages"}],"about":[{"href":"https:\/\/www.aninite.at\/en\/wp-json\/wp\/v2\/types\/page"}],"author":[{"embeddable":true,"href":"https:\/\/www.aninite.at\/en\/wp-json\/wp\/v2\/users\/10"}],"replies":[{"embeddable":true,"href":"https:\/\/www.aninite.at\/en\/wp-json\/wp\/v2\/comments?post=32631"}],"version-history":[{"count":7,"href":"https:\/\/www.aninite.at\/en\/wp-json\/wp\/v2\/pages\/32631\/revisions"}],"predecessor-version":[{"id":34601,"href":"https:\/\/www.aninite.at\/en\/wp-json\/wp\/v2\/pages\/32631\/revisions\/34601"}],"up":[{"embeddable":true,"href":"https:\/\/www.aninite.at\/en\/wp-json\/wp\/v2\/pages\/32680"}],"wp:attachment":[{"href":"https:\/\/www.aninite.at\/en\/wp-json\/wp\/v2\/media?parent=32631"}],"curies":[{"name":"wp","href":"https:\/\/api.w.org\/{rel}","templated":true}]}}