{"id":32658,"date":"2021-03-13T20:41:27","date_gmt":"2021-03-13T19:41:27","guid":{"rendered":"https:\/\/www.aninite.at\/cosplay-2\/x-cosplay-3\/"},"modified":"2025-07-16T10:50:53","modified_gmt":"2025-07-16T08:50:53","slug":"x-cosplay-3","status":"publish","type":"page","link":"https:\/\/www.aninite.at\/en\/contests-2\/cosplay-2\/x-cosplay-3\/","title":{"rendered":"X-Cosplay"},"content":{"rendered":"<div class=\"wp-block-image\">\n<figure class=\"aligncenter size-full\"><img decoding=\"async\" src=\"https:\/\/www.aninite.at\/wp-content\/uploads\/\/TitelTemplate-1.svg\" alt=\"\" class=\"wp-image-32076\"\/><\/figure>\n<\/div>\n<div style=\"height:50px\" aria-hidden=\"true\" class=\"wp-block-spacer\"><\/div>\n\n<p>Do you have a favorite character that you find incredibly <strong>cool, beautiful and strong<\/strong>? Their appearance fascinates you, their outfit blows you away and the idea of turning it into reality spurs your creativity? Then<strong>X &#8211; Cosplay<\/strong>is the right place for you! <br\/>Sign up and present your cosplay on stage. <strong>Beginners<\/strong> are just as welcome as <strong>advanced cosplayers<\/strong>. The most important thing for us is to <strong>have fun!<\/strong> <\/p>\n\n<h2 class=\"wp-block-heading has-text-align-center has-vivid-red-color has-text-color\" id=\"teilnahmebedingungen\">Conditions of participation<\/h2>\n\n<ul class=\"wp-block-list\">\n<li>You must be present on the day of the competition.  <\/li>\n\n\n\n<li>If you are unable to attend the award ceremony, please report to the information stand and leave your contact details.  <\/li>\n\n\n\n<li>Prizes will<strong>NEVER<\/strong>be forwarded abroad! <\/li>\n\n\n\n<li>The entry form must be filled out<strong>COMPLETELY<\/strong>.  <\/li>\n\n\n\n<li>By registering, you give us <strong>permission to stream your performance live and use the videos later.<\/strong> <\/li>\n\n\n\n<li><strong>Shorts or &#8220;safety pants&#8221;<\/strong> must be worn <strong>under skirts or dresses<\/strong>.  <\/li>\n\n\n\n<li>Obviously violent or pornographic images will be disqualified.  <\/li>\n\n\n\n<li>Last minute registrations on site are<strong>NOT<\/strong>possible.<\/li>\n\n\n\n<li><strong>Violations <\/strong>of the competition rules can lead to <strong>exclusion <\/strong>from the competition!  <\/li>\n<\/ul>\n\n<h2 class=\"wp-block-heading has-text-align-center has-vivid-red-color has-text-color has-link-color wp-elements-1330295fb9a3f8f8acdb890d0b1a95b1\">Rules and regulations<\/h2>\n\n<p>Before registering, please read the <a href=\"https:\/\/www.aninite.at\/wp-content\/uploads\/Buehnenleifaden.pdf\"><strong>stage guide<\/strong><\/a> and the <strong><a href=\"https:\/\/www.aninite.at\/wp-content\/uploads\/XCosRegelnDE.pdf\">set of rules<\/a> <\/strong>before registering.<\/p>\n\n<p>If you have any questions, please use our <a href=\"https:\/\/www.aninite.at\/en\/contact\/\" target=\"_blank\" rel=\"noreferrer noopener\">contact form<\/a><\/p>\n\n<h2 class=\"wp-block-heading has-text-align-center has-vivid-red-color has-text-color has-link-color wp-elements-e7b2ff207b45a9dd9de9451b0e0f7e22\">Registration<\/h2>\n\n<p><strong><a href=\"https:\/\/forms.office.com\/Pages\/ResponsePage.aspx?id=vS-9NlFDJEOLWHEKOtMaO7loUXtyNmZPibW4NHt18lNUMjhQSUNZT0tITDY2NlpWOFVTT1A1STZNNS4u\" target=\"_blank\" rel=\"noreferrer noopener\">Click here to register.<\/a><\/strong><br\/><strong>Registration deadline: 01.08.2025, 23:59 hrs<\/strong><\/p>\n\n<h2 class=\"wp-block-heading has-text-align-center has-vivid-red-color has-text-color\">Competition procedure<\/h2>\n\n<ol start=\"1\" class=\"wp-block-list\">\n<li>Each participant is assigned a starting number, which determines the order in which they perform on stage. They also receive 2<strong><em>binding<\/em><\/strong>times; firstly for the internal pre-judging, secondly for the stage performance.   <\/li>\n<\/ol>\n\n<ol start=\"2\" class=\"wp-block-list\">\n<li>All participants must arrive<strong>punctually 5 minutes before the start of<\/strong>the internal pre-judging round at the specified room or<strong>10 minutes before<\/strong>the<strong>start<\/strong>of the show at the specified meeting point: The map for both locations will be sent with the start number.  <\/li>\n<\/ol>\n\n<ol start=\"3\" class=\"wp-block-list\">\n<li>All participants are requested not to leave the stage immediately before the start of the performance and afterwards! A <strong>group photo<\/strong> of all participants follows!<\/li>\n<\/ol>\n\n<ol start=\"4\" class=\"wp-block-list\">\n<li>The internal assessment is not a preliminary decision! No one is eliminated as a result.<br\/>All cosplayers take part in<strong>both<\/strong>rounds. No-show will be considered as withdrawal! If there is an unexpected delay (due to a traffic jam, health problems, a repair, etc.), this must be reported to the competition management in good time.<br\/>As a result, you will be placed at the back of the performance order, but the<strong>assigned number<\/strong>will remain<strong>valid<\/strong>!  <\/li>\n<\/ol>\n\n<ol start=\"5\" class=\"wp-block-list\">\n<li>We ask all cosplayers not to use the sanitary facilities as changing rooms. <br\/>As changing rooms are only available to a limited extent, we kindly ask you to dress, style and apply make-up at home or in your hotel room if possible.  <\/li>\n<\/ol>\n\n<p>This is how the competition works on stage:  <\/p>\n\n<ol start=\"1\" class=\"wp-block-list\">\n<li>Presentation of the jury  <\/li>\n\n\n\n<li>Presentation of the performances  <\/li>\n\n\n\n<li>Stage appearances according to starting numbers  <\/li>\n\n\n\n<li>After the last participant, group photo of all cosplayers (approx. 3 minutes) on stage  <\/li>\n\n\n\n<li>Bow and exit from the stage.  <\/li>\n<\/ol>\n\n<h2 class=\"wp-block-heading has-text-align-center has-vivid-red-color has-text-color\" id=\"bewertungsablauf\">Evaluation process<\/h2>\n\n<ul class=\"wp-block-list\">\n<li>The jury consists of 3 judges. At the pre-judging, you will appear in full costume and make-up, present your cosplay in person and explain how you made it.   <\/li>\n\n\n\n<li>The jury awards points for <strong>overall appearance<\/strong> and <strong>attention to detail<\/strong>.<\/li>\n\n\n\n<li>The pre-assessment will take 7 &#8211; 10 minutes per participant, depending on the number of participants.  <\/li>\n\n\n\n<li>During the performance, you present your cosplay on stage in front of the jury and audience.  <\/li>\n\n\n\n<li>The jury will evaluate your <strong>overall impression &amp; performance.<\/strong><\/li>\n\n\n\n<li>The winner is the participant with the highest total number of points.<\/li>\n<\/ul>\n\n<h2 class=\"wp-block-heading has-text-align-center has-vivid-red-color has-text-color\" id=\"bewertungsablauf\">Categories<\/h2>\n\n<div class=\"wp-block-columns are-vertically-aligned-center has-background is-layout-flex wp-container-core-columns-is-layout-9d6595d7 wp-block-columns-is-layout-flex\" style=\"background-color:#cf2d2db5\">\n<div class=\"wp-block-column is-vertically-aligned-center is-layout-flow wp-block-column-is-layout-flow\">\n<p class=\"has-text-align-center has-white-color has-text-color\"><strong>Sewing<\/strong><\/p>\n<\/div>\n\n\n\n<div class=\"wp-block-column is-vertically-aligned-center is-layout-flow wp-block-column-is-layout-flow\">\n<p class=\"has-text-align-center has-white-color has-text-color\"><strong>light armor<\/strong><\/p>\n<\/div>\n\n\n\n<div class=\"wp-block-column is-vertically-aligned-center is-layout-flow wp-block-column-is-layout-flow\">\n<p class=\"has-text-align-center has-white-color has-text-color\"><strong>heavy armor<\/strong><\/p>\n<\/div>\n<\/div>\n\n<p>Based on your reference picture, you will be assigned to one of the following categories.  <\/p>\n<div class=\"wp-block-image\">\n<figure class=\"aligncenter size-full\"><img loading=\"lazy\" decoding=\"async\" width=\"728\" height=\"162\" src=\"https:\/\/www.aninite.at\/wp-content\/uploads\/Footer_2025_FL.jpg\" alt=\"\" class=\"wp-image-17696\" srcset=\"https:\/\/www.aninite.at\/wp-content\/uploads\/Footer_2025_FL.jpg 728w, https:\/\/www.aninite.at\/wp-content\/uploads\/Footer_2025_FL-300x67.jpg 300w\" sizes=\"auto, (max-width: 728px) 100vw, 728px\" \/><\/figure>\n<\/div>","protected":false},"excerpt":{"rendered":"<p>Do you have a favorite character that you find incredibly cool, beautiful and strong? Their appearance fascinates you, their outfit blows you away and the idea of turning it into reality spurs your creativity? ThenX &#8211; Cosplayis the right place for you! Sign up and present your cosplay on stage. Beginners are just as welcome as advanced cosplayers. The most important thing for us is to have fun! Conditions of participation Rules and regulations Before registering, please read the stage guide and the set of rules before registering. If you have any questions, please use our contact form Registration Click here to register.Registration deadline: 01.08.2025, 23:59 hrs Competition procedure This is how the competition works on stage: Evaluation process Categories Sewing light armor heavy armor Based on your reference picture, you will be assigned to one of the following categories.<\/p>\n","protected":false},"author":10,"featured_media":0,"parent":32623,"menu_order":0,"comment_status":"closed","ping_status":"closed","template":"","meta":{"inline_featured_image":false,"footnotes":""},"class_list":["post-32658","page","type-page","status-publish","hentry"],"yoast_head":"<!-- This site is optimized with the Yoast SEO plugin v27.5 - https:\/\/yoast.com\/product\/yoast-seo-wordpress\/ -->\n<title>X-Cosplay - AniNite<\/title>\n<meta name=\"description\" content=\"The X-Cosplay competition is all about your costume and how well and accurately you have created it. You can take part in 4 categories.\" \/>\n<meta name=\"robots\" content=\"index, follow, max-snippet:-1, max-image-preview:large, max-video-preview:-1\" \/>\n<link rel=\"canonical\" href=\"https:\/\/www.aninite.at\/en\/contests-2\/cosplay-2\/x-cosplay-3\/\" \/>\n<meta property=\"og:locale\" content=\"en_US\" \/>\n<meta property=\"og:type\" content=\"article\" \/>\n<meta property=\"og:title\" content=\"X-Cosplay - AniNite\" \/>\n<meta property=\"og:description\" content=\"The X-Cosplay competition is all about your costume and how well and accurately you have created it. You can take part in 4 categories.\" \/>\n<meta property=\"og:url\" content=\"https:\/\/www.aninite.at\/en\/contests-2\/cosplay-2\/x-cosplay-3\/\" \/>\n<meta property=\"og:site_name\" content=\"AniNite\" \/>\n<meta property=\"article:publisher\" content=\"https:\/\/www.facebook.com\/AniMangaAustria\" \/>\n<meta property=\"article:modified_time\" content=\"2025-07-16T08:50:53+00:00\" \/>\n<meta property=\"og:image\" content=\"https:\/\/www.aninite.at\/wp-content\/uploads\/cropped-Icon_2025.jpg\" \/>\n\t<meta property=\"og:image:width\" content=\"512\" \/>\n\t<meta property=\"og:image:height\" content=\"512\" \/>\n\t<meta property=\"og:image:type\" content=\"image\/jpeg\" \/>\n<meta name=\"twitter:card\" content=\"summary_large_image\" \/>\n<meta name=\"twitter:title\" content=\"AniNite X-Cosplay\" \/>\n<meta name=\"twitter:description\" content=\"The X-Cosplay competition is all about your costume and how well and accurately you have created it. You can take part in 4 categories.\" \/>\n<meta name=\"twitter:image\" content=\"https:\/\/www.aninite.at\/wp-content\/uploads\/Seirer_AniNite2018_X-Cosplay-edited-643x1024.jpg\" \/>\n<meta name=\"twitter:label1\" content=\"Est. reading time\" \/>\n\t<meta name=\"twitter:data1\" content=\"3 minutes\" \/>\n<script type=\"application\/ld+json\" class=\"yoast-schema-graph\">{\"@context\":\"https:\\\/\\\/schema.org\",\"@graph\":[{\"@type\":\"WebPage\",\"@id\":\"https:\\\/\\\/www.aninite.at\\\/en\\\/contests-2\\\/cosplay-2\\\/x-cosplay-3\\\/\",\"url\":\"https:\\\/\\\/www.aninite.at\\\/en\\\/contests-2\\\/cosplay-2\\\/x-cosplay-3\\\/\",\"name\":\"X-Cosplay - AniNite\",\"isPartOf\":{\"@id\":\"https:\\\/\\\/www.aninite.at\\\/en\\\/#website\"},\"primaryImageOfPage\":{\"@id\":\"https:\\\/\\\/www.aninite.at\\\/en\\\/contests-2\\\/cosplay-2\\\/x-cosplay-3\\\/#primaryimage\"},\"image\":{\"@id\":\"https:\\\/\\\/www.aninite.at\\\/en\\\/contests-2\\\/cosplay-2\\\/x-cosplay-3\\\/#primaryimage\"},\"thumbnailUrl\":\"https:\\\/\\\/www.aninite.at\\\/wp-content\\\/uploads\\\/\\\/TitelTemplate-1.svg\",\"datePublished\":\"2021-03-13T19:41:27+00:00\",\"dateModified\":\"2025-07-16T08:50:53+00:00\",\"description\":\"The X-Cosplay competition is all about your costume and how well and accurately you have created it. You can take part in 4 categories.\",\"breadcrumb\":{\"@id\":\"https:\\\/\\\/www.aninite.at\\\/en\\\/contests-2\\\/cosplay-2\\\/x-cosplay-3\\\/#breadcrumb\"},\"inLanguage\":\"en-US\",\"potentialAction\":[{\"@type\":\"ReadAction\",\"target\":[\"https:\\\/\\\/www.aninite.at\\\/en\\\/contests-2\\\/cosplay-2\\\/x-cosplay-3\\\/\"]}]},{\"@type\":\"ImageObject\",\"inLanguage\":\"en-US\",\"@id\":\"https:\\\/\\\/www.aninite.at\\\/en\\\/contests-2\\\/cosplay-2\\\/x-cosplay-3\\\/#primaryimage\",\"url\":\"https:\\\/\\\/www.aninite.at\\\/wp-content\\\/uploads\\\/\\\/TitelTemplate-1.svg\",\"contentUrl\":\"https:\\\/\\\/www.aninite.at\\\/wp-content\\\/uploads\\\/\\\/TitelTemplate-1.svg\"},{\"@type\":\"BreadcrumbList\",\"@id\":\"https:\\\/\\\/www.aninite.at\\\/en\\\/contests-2\\\/cosplay-2\\\/x-cosplay-3\\\/#breadcrumb\",\"itemListElement\":[{\"@type\":\"ListItem\",\"position\":1,\"name\":\"Startseite\",\"item\":\"https:\\\/\\\/www.aninite.at\\\/en\\\/welcome\\\/\"},{\"@type\":\"ListItem\",\"position\":2,\"name\":\"Competitions\",\"item\":\"https:\\\/\\\/www.aninite.at\\\/en\\\/contests-2\\\/\"},{\"@type\":\"ListItem\",\"position\":3,\"name\":\"Cosplay\",\"item\":\"https:\\\/\\\/www.aninite.at\\\/en\\\/contests-2\\\/cosplay-2\\\/\"},{\"@type\":\"ListItem\",\"position\":4,\"name\":\"X-Cosplay\"}]},{\"@type\":\"WebSite\",\"@id\":\"https:\\\/\\\/www.aninite.at\\\/en\\\/#website\",\"url\":\"https:\\\/\\\/www.aninite.at\\\/en\\\/\",\"name\":\"AniNite\",\"description\":\"\u00d6sterreichs gr\u00f6\u00dfte Anime-, Manga- und Comic-Convention\",\"potentialAction\":[{\"@type\":\"SearchAction\",\"target\":{\"@type\":\"EntryPoint\",\"urlTemplate\":\"https:\\\/\\\/www.aninite.at\\\/en\\\/?s={search_term_string}\"},\"query-input\":{\"@type\":\"PropertyValueSpecification\",\"valueRequired\":true,\"valueName\":\"search_term_string\"}}],\"inLanguage\":\"en-US\"}]}<\/script>\n<!-- \/ Yoast SEO plugin. -->","yoast_head_json":{"title":"X-Cosplay - AniNite","description":"The X-Cosplay competition is all about your costume and how well and accurately you have created it. You can take part in 4 categories.","robots":{"index":"index","follow":"follow","max-snippet":"max-snippet:-1","max-image-preview":"max-image-preview:large","max-video-preview":"max-video-preview:-1"},"canonical":"https:\/\/www.aninite.at\/en\/contests-2\/cosplay-2\/x-cosplay-3\/","og_locale":"en_US","og_type":"article","og_title":"X-Cosplay - AniNite","og_description":"The X-Cosplay competition is all about your costume and how well and accurately you have created it. You can take part in 4 categories.","og_url":"https:\/\/www.aninite.at\/en\/contests-2\/cosplay-2\/x-cosplay-3\/","og_site_name":"AniNite","article_publisher":"https:\/\/www.facebook.com\/AniMangaAustria","article_modified_time":"2025-07-16T08:50:53+00:00","og_image":[{"width":512,"height":512,"url":"https:\/\/www.aninite.at\/wp-content\/uploads\/cropped-Icon_2025.jpg","type":"image\/jpeg"}],"twitter_card":"summary_large_image","twitter_title":"AniNite X-Cosplay","twitter_description":"The X-Cosplay competition is all about your costume and how well and accurately you have created it. You can take part in 4 categories.","twitter_image":"https:\/\/www.aninite.at\/wp-content\/uploads\/Seirer_AniNite2018_X-Cosplay-edited-643x1024.jpg","twitter_misc":{"Est. reading time":"3 minutes"},"schema":{"@context":"https:\/\/schema.org","@graph":[{"@type":"WebPage","@id":"https:\/\/www.aninite.at\/en\/contests-2\/cosplay-2\/x-cosplay-3\/","url":"https:\/\/www.aninite.at\/en\/contests-2\/cosplay-2\/x-cosplay-3\/","name":"X-Cosplay - AniNite","isPartOf":{"@id":"https:\/\/www.aninite.at\/en\/#website"},"primaryImageOfPage":{"@id":"https:\/\/www.aninite.at\/en\/contests-2\/cosplay-2\/x-cosplay-3\/#primaryimage"},"image":{"@id":"https:\/\/www.aninite.at\/en\/contests-2\/cosplay-2\/x-cosplay-3\/#primaryimage"},"thumbnailUrl":"https:\/\/www.aninite.at\/wp-content\/uploads\/\/TitelTemplate-1.svg","datePublished":"2021-03-13T19:41:27+00:00","dateModified":"2025-07-16T08:50:53+00:00","description":"The X-Cosplay competition is all about your costume and how well and accurately you have created it. You can take part in 4 categories.","breadcrumb":{"@id":"https:\/\/www.aninite.at\/en\/contests-2\/cosplay-2\/x-cosplay-3\/#breadcrumb"},"inLanguage":"en-US","potentialAction":[{"@type":"ReadAction","target":["https:\/\/www.aninite.at\/en\/contests-2\/cosplay-2\/x-cosplay-3\/"]}]},{"@type":"ImageObject","inLanguage":"en-US","@id":"https:\/\/www.aninite.at\/en\/contests-2\/cosplay-2\/x-cosplay-3\/#primaryimage","url":"https:\/\/www.aninite.at\/wp-content\/uploads\/\/TitelTemplate-1.svg","contentUrl":"https:\/\/www.aninite.at\/wp-content\/uploads\/\/TitelTemplate-1.svg"},{"@type":"BreadcrumbList","@id":"https:\/\/www.aninite.at\/en\/contests-2\/cosplay-2\/x-cosplay-3\/#breadcrumb","itemListElement":[{"@type":"ListItem","position":1,"name":"Startseite","item":"https:\/\/www.aninite.at\/en\/welcome\/"},{"@type":"ListItem","position":2,"name":"Competitions","item":"https:\/\/www.aninite.at\/en\/contests-2\/"},{"@type":"ListItem","position":3,"name":"Cosplay","item":"https:\/\/www.aninite.at\/en\/contests-2\/cosplay-2\/"},{"@type":"ListItem","position":4,"name":"X-Cosplay"}]},{"@type":"WebSite","@id":"https:\/\/www.aninite.at\/en\/#website","url":"https:\/\/www.aninite.at\/en\/","name":"AniNite","description":"\u00d6sterreichs gr\u00f6\u00dfte Anime-, Manga- und Comic-Convention","potentialAction":[{"@type":"SearchAction","target":{"@type":"EntryPoint","urlTemplate":"https:\/\/www.aninite.at\/en\/?s={search_term_string}"},"query-input":{"@type":"PropertyValueSpecification","valueRequired":true,"valueName":"search_term_string"}}],"inLanguage":"en-US"}]}},"acf":[],"_links":{"self":[{"href":"https:\/\/www.aninite.at\/en\/wp-json\/wp\/v2\/pages\/32658","targetHints":{"allow":["GET"]}}],"collection":[{"href":"https:\/\/www.aninite.at\/en\/wp-json\/wp\/v2\/pages"}],"about":[{"href":"https:\/\/www.aninite.at\/en\/wp-json\/wp\/v2\/types\/page"}],"author":[{"embeddable":true,"href":"https:\/\/www.aninite.at\/en\/wp-json\/wp\/v2\/users\/10"}],"replies":[{"embeddable":true,"href":"https:\/\/www.aninite.at\/en\/wp-json\/wp\/v2\/comments?post=32658"}],"version-history":[{"count":5,"href":"https:\/\/www.aninite.at\/en\/wp-json\/wp\/v2\/pages\/32658\/revisions"}],"predecessor-version":[{"id":34095,"href":"https:\/\/www.aninite.at\/en\/wp-json\/wp\/v2\/pages\/32658\/revisions\/34095"}],"up":[{"embeddable":true,"href":"https:\/\/www.aninite.at\/en\/wp-json\/wp\/v2\/pages\/32623"}],"wp:attachment":[{"href":"https:\/\/www.aninite.at\/en\/wp-json\/wp\/v2\/media?parent=32658"}],"curies":[{"name":"wp","href":"https:\/\/api.w.org\/{rel}","templated":true}]}}