{"id":32660,"date":"2021-03-13T20:41:30","date_gmt":"2021-03-13T19:41:30","guid":{"rendered":"https:\/\/www.aninite.at\/haendler\/"},"modified":"2026-04-15T21:03:40","modified_gmt":"2026-04-15T19:03:40","slug":"haendler","status":"publish","type":"page","link":"https:\/\/www.aninite.at\/en\/aussteller\/haendler\/","title":{"rendered":"Retailer"},"content":{"rendered":"<div class=\"wp-block-image\">\n<figure class=\"aligncenter size-full\"><img loading=\"lazy\" decoding=\"async\" width=\"700\" height=\"72\" src=\"https:\/\/www.aninite.at\/wp-content\/uploads\/\/PageTitelBanner.svg\" alt=\"\" class=\"wp-image-34807\"\/><\/figure>\n<\/div>\n<div style=\"height:50px\" aria-hidden=\"true\" class=\"wp-block-spacer\"><\/div>\n\n<p>Anime DVDs and manga volumes galore, new figures to collect, cosplay accessories from all series, games, decks of cards, sweets from Japan &#8230; and much, much more.<\/p>\n\n<p>Yes, you can find all of this in the AniNite dealer room.<\/p>\n\n<p>For anyone who wants to bring home something special from AniNite, a visit to the dealers&#8217; room is a must!<\/p>\n\n<p class=\"has-text-align-center\"><strong>We welcomed the following exhibitors to the dealer area in 2025:<\/strong><\/p>\n\n<p class=\"has-text-align-center\">Ancomo<\/p>\n\n<p class=\"has-text-align-center\">Barbara Geier<\/p>\n\n<p class=\"has-text-align-center\">Boesner<\/p>\n\n<p class=\"has-text-align-center\">Carmen Martinez<\/p>\n\n<p class=\"has-text-align-center\">Comic gallery<\/p>\n\n<p class=\"has-text-align-center\">Cute Paradise<\/p>\n\n<p class=\"has-text-align-center\">Djongi<\/p>\n\n<p class=\"has-text-align-center\">GameBox<\/p>\n\n<p class=\"has-text-align-center\">HaYuKo<\/p>\n\n<p class=\"has-text-align-center\">Here in Neverland<\/p>\n\n<p class=\"has-text-align-center\">icd instinctive clothing &amp; design<\/p>\n\n<p class=\"has-text-align-center\">MAMAZ<\/p>\n\n<p class=\"has-text-align-center\">Manga JAM Session<\/p>\n\n<p class=\"has-text-align-center\">Manga-Merch.com<\/p>\n\n<p class=\"has-text-align-center\">Manga mouse<\/p>\n\n<p class=\"has-text-align-center\">MochiMerch<\/p>\n\n<p class=\"has-text-align-center\">Morawa Book &amp; Media<\/p>\n\n<p class=\"has-text-align-center\">Mystic Alice<\/p>\n\n<p class=\"has-text-align-center\">Otaku Heaven<\/p>\n\n<p class=\"has-text-align-center\">Otaku4tel<\/p>\n\n<p class=\"has-text-align-center\">Otakusan<\/p>\n\n<p class=\"has-text-align-center\">Rune Merchandise<\/p>\n\n<p class=\"has-text-align-center\">Collector&#8217;s corner<\/p>\n\n<p class=\"has-text-align-center\">Westworld CC<\/p>\n<div class=\"wp-block-image\">\n<figure class=\"aligncenter size-full\"><img loading=\"lazy\" decoding=\"async\" width=\"728\" height=\"162\" src=\"https:\/\/www.aninite.at\/wp-content\/uploads\/Footer_2026_FL.png\" alt=\"\" class=\"wp-image-34746\" srcset=\"https:\/\/www.aninite.at\/wp-content\/uploads\/Footer_2026_FL.png 728w, https:\/\/www.aninite.at\/wp-content\/uploads\/Footer_2026_FL-300x67.png 300w\" sizes=\"auto, (max-width: 728px) 100vw, 728px\" \/><\/figure>\n<\/div>","protected":false},"excerpt":{"rendered":"<p>Anime DVDs and manga volumes galore, new figures to collect, cosplay accessories from all series, games, decks of cards, sweets from Japan &#8230; and much, much more. Yes, you can find all of this in the AniNite dealer room. For anyone who wants to bring home something special from AniNite, a visit to the dealers&#8217; room is a must! We welcomed the following exhibitors to the dealer area in 2025: Ancomo Barbara Geier Boesner Carmen Martinez Comic gallery Cute Paradise Djongi GameBox HaYuKo Here in Neverland icd instinctive clothing &amp; design MAMAZ Manga JAM Session Manga-Merch.com Manga mouse MochiMerch Morawa Book &amp; Media Mystic Alice Otaku Heaven Otaku4tel Otakusan Rune Merchandise Collector&#8217;s corner Westworld CC<\/p>\n","protected":false},"author":10,"featured_media":0,"parent":32659,"menu_order":0,"comment_status":"closed","ping_status":"closed","template":"","meta":{"inline_featured_image":false,"footnotes":""},"class_list":["post-32660","page","type-page","status-publish","hentry"],"yoast_head":"<!-- This site is optimized with the Yoast SEO plugin v27.4 - https:\/\/yoast.com\/product\/yoast-seo-wordpress\/ -->\n<title>Retailer - AniNite<\/title>\n<meta name=\"description\" content=\"For anyone who wants to bring home something special from AniNite, a visit to the dealers&#039; room is a must!\" \/>\n<meta name=\"robots\" content=\"index, follow, max-snippet:-1, max-image-preview:large, max-video-preview:-1\" \/>\n<link rel=\"canonical\" href=\"https:\/\/www.aninite.at\/en\/aussteller\/haendler\/\" \/>\n<meta property=\"og:locale\" content=\"en_US\" \/>\n<meta property=\"og:type\" content=\"article\" \/>\n<meta property=\"og:title\" content=\"Retailer - AniNite\" \/>\n<meta property=\"og:description\" content=\"For anyone who wants to bring home something special from AniNite, a visit to the dealers&#039; room is a must!\" \/>\n<meta property=\"og:url\" content=\"https:\/\/www.aninite.at\/en\/aussteller\/haendler\/\" \/>\n<meta property=\"og:site_name\" content=\"AniNite\" \/>\n<meta property=\"article:publisher\" content=\"https:\/\/www.facebook.com\/AniMangaAustria\" \/>\n<meta property=\"article:modified_time\" content=\"2026-04-15T19:03:40+00:00\" \/>\n<meta property=\"og:image\" content=\"https:\/\/www.aninite.at\/wp-content\/uploads\/cropped-Icon_2025.jpg\" \/>\n\t<meta property=\"og:image:width\" content=\"512\" \/>\n\t<meta property=\"og:image:height\" content=\"512\" \/>\n\t<meta property=\"og:image:type\" content=\"image\/jpeg\" \/>\n<meta name=\"twitter:card\" content=\"summary_large_image\" \/>\n<meta name=\"twitter:title\" content=\"AniNite dealer\" \/>\n<meta name=\"twitter:description\" content=\"For anyone who wants to bring home something special from AniNite, a visit to the dealers&#039; room is a must!\" \/>\n<meta name=\"twitter:image\" content=\"https:\/\/www.aninite.at\/wp-content\/uploads\/Haendlerhalle_01_Sascha_offen-1024x683.jpg\" \/>\n<meta name=\"twitter:label1\" content=\"Est. reading time\" \/>\n\t<meta name=\"twitter:data1\" content=\"1 minute\" \/>\n<script type=\"application\/ld+json\" class=\"yoast-schema-graph\">{\"@context\":\"https:\\\/\\\/schema.org\",\"@graph\":[{\"@type\":\"WebPage\",\"@id\":\"https:\\\/\\\/www.aninite.at\\\/en\\\/aussteller\\\/haendler\\\/\",\"url\":\"https:\\\/\\\/www.aninite.at\\\/en\\\/aussteller\\\/haendler\\\/\",\"name\":\"Retailer - AniNite\",\"isPartOf\":{\"@id\":\"https:\\\/\\\/www.aninite.at\\\/en\\\/#website\"},\"primaryImageOfPage\":{\"@id\":\"https:\\\/\\\/www.aninite.at\\\/en\\\/aussteller\\\/haendler\\\/#primaryimage\"},\"image\":{\"@id\":\"https:\\\/\\\/www.aninite.at\\\/en\\\/aussteller\\\/haendler\\\/#primaryimage\"},\"thumbnailUrl\":\"https:\\\/\\\/www.aninite.at\\\/wp-content\\\/uploads\\\/\\\/PageTitelBanner.svg\",\"datePublished\":\"2021-03-13T19:41:30+00:00\",\"dateModified\":\"2026-04-15T19:03:40+00:00\",\"description\":\"For anyone who wants to bring home something special from AniNite, a visit to the dealers' room is a must!\",\"breadcrumb\":{\"@id\":\"https:\\\/\\\/www.aninite.at\\\/en\\\/aussteller\\\/haendler\\\/#breadcrumb\"},\"inLanguage\":\"en-US\",\"potentialAction\":[{\"@type\":\"ReadAction\",\"target\":[\"https:\\\/\\\/www.aninite.at\\\/en\\\/aussteller\\\/haendler\\\/\"]}]},{\"@type\":\"ImageObject\",\"inLanguage\":\"en-US\",\"@id\":\"https:\\\/\\\/www.aninite.at\\\/en\\\/aussteller\\\/haendler\\\/#primaryimage\",\"url\":\"https:\\\/\\\/www.aninite.at\\\/wp-content\\\/uploads\\\/\\\/PageTitelBanner.svg\",\"contentUrl\":\"https:\\\/\\\/www.aninite.at\\\/wp-content\\\/uploads\\\/\\\/PageTitelBanner.svg\"},{\"@type\":\"BreadcrumbList\",\"@id\":\"https:\\\/\\\/www.aninite.at\\\/en\\\/aussteller\\\/haendler\\\/#breadcrumb\",\"itemListElement\":[{\"@type\":\"ListItem\",\"position\":1,\"name\":\"Startseite\",\"item\":\"https:\\\/\\\/www.aninite.at\\\/en\\\/welcome\\\/\"},{\"@type\":\"ListItem\",\"position\":2,\"name\":\"Exhibitor\",\"item\":\"https:\\\/\\\/www.aninite.at\\\/en\\\/aussteller\\\/\"},{\"@type\":\"ListItem\",\"position\":3,\"name\":\"Retailer\"}]},{\"@type\":\"WebSite\",\"@id\":\"https:\\\/\\\/www.aninite.at\\\/en\\\/#website\",\"url\":\"https:\\\/\\\/www.aninite.at\\\/en\\\/\",\"name\":\"AniNite\",\"description\":\"\u00d6sterreichs gr\u00f6\u00dfte Anime-, Manga- und Comic-Convention\",\"potentialAction\":[{\"@type\":\"SearchAction\",\"target\":{\"@type\":\"EntryPoint\",\"urlTemplate\":\"https:\\\/\\\/www.aninite.at\\\/en\\\/?s={search_term_string}\"},\"query-input\":{\"@type\":\"PropertyValueSpecification\",\"valueRequired\":true,\"valueName\":\"search_term_string\"}}],\"inLanguage\":\"en-US\"}]}<\/script>\n<!-- \/ Yoast SEO plugin. -->","yoast_head_json":{"title":"Retailer - AniNite","description":"For anyone who wants to bring home something special from AniNite, a visit to the dealers' room is a must!","robots":{"index":"index","follow":"follow","max-snippet":"max-snippet:-1","max-image-preview":"max-image-preview:large","max-video-preview":"max-video-preview:-1"},"canonical":"https:\/\/www.aninite.at\/en\/aussteller\/haendler\/","og_locale":"en_US","og_type":"article","og_title":"Retailer - AniNite","og_description":"For anyone who wants to bring home something special from AniNite, a visit to the dealers' room is a must!","og_url":"https:\/\/www.aninite.at\/en\/aussteller\/haendler\/","og_site_name":"AniNite","article_publisher":"https:\/\/www.facebook.com\/AniMangaAustria","article_modified_time":"2026-04-15T19:03:40+00:00","og_image":[{"width":512,"height":512,"url":"https:\/\/www.aninite.at\/wp-content\/uploads\/cropped-Icon_2025.jpg","type":"image\/jpeg"}],"twitter_card":"summary_large_image","twitter_title":"AniNite dealer","twitter_description":"For anyone who wants to bring home something special from AniNite, a visit to the dealers' room is a must!","twitter_image":"https:\/\/www.aninite.at\/wp-content\/uploads\/Haendlerhalle_01_Sascha_offen-1024x683.jpg","twitter_misc":{"Est. reading time":"1 minute"},"schema":{"@context":"https:\/\/schema.org","@graph":[{"@type":"WebPage","@id":"https:\/\/www.aninite.at\/en\/aussteller\/haendler\/","url":"https:\/\/www.aninite.at\/en\/aussteller\/haendler\/","name":"Retailer - AniNite","isPartOf":{"@id":"https:\/\/www.aninite.at\/en\/#website"},"primaryImageOfPage":{"@id":"https:\/\/www.aninite.at\/en\/aussteller\/haendler\/#primaryimage"},"image":{"@id":"https:\/\/www.aninite.at\/en\/aussteller\/haendler\/#primaryimage"},"thumbnailUrl":"https:\/\/www.aninite.at\/wp-content\/uploads\/\/PageTitelBanner.svg","datePublished":"2021-03-13T19:41:30+00:00","dateModified":"2026-04-15T19:03:40+00:00","description":"For anyone who wants to bring home something special from AniNite, a visit to the dealers' room is a must!","breadcrumb":{"@id":"https:\/\/www.aninite.at\/en\/aussteller\/haendler\/#breadcrumb"},"inLanguage":"en-US","potentialAction":[{"@type":"ReadAction","target":["https:\/\/www.aninite.at\/en\/aussteller\/haendler\/"]}]},{"@type":"ImageObject","inLanguage":"en-US","@id":"https:\/\/www.aninite.at\/en\/aussteller\/haendler\/#primaryimage","url":"https:\/\/www.aninite.at\/wp-content\/uploads\/\/PageTitelBanner.svg","contentUrl":"https:\/\/www.aninite.at\/wp-content\/uploads\/\/PageTitelBanner.svg"},{"@type":"BreadcrumbList","@id":"https:\/\/www.aninite.at\/en\/aussteller\/haendler\/#breadcrumb","itemListElement":[{"@type":"ListItem","position":1,"name":"Startseite","item":"https:\/\/www.aninite.at\/en\/welcome\/"},{"@type":"ListItem","position":2,"name":"Exhibitor","item":"https:\/\/www.aninite.at\/en\/aussteller\/"},{"@type":"ListItem","position":3,"name":"Retailer"}]},{"@type":"WebSite","@id":"https:\/\/www.aninite.at\/en\/#website","url":"https:\/\/www.aninite.at\/en\/","name":"AniNite","description":"\u00d6sterreichs gr\u00f6\u00dfte Anime-, Manga- und Comic-Convention","potentialAction":[{"@type":"SearchAction","target":{"@type":"EntryPoint","urlTemplate":"https:\/\/www.aninite.at\/en\/?s={search_term_string}"},"query-input":{"@type":"PropertyValueSpecification","valueRequired":true,"valueName":"search_term_string"}}],"inLanguage":"en-US"}]}},"acf":[],"_links":{"self":[{"href":"https:\/\/www.aninite.at\/en\/wp-json\/wp\/v2\/pages\/32660","targetHints":{"allow":["GET"]}}],"collection":[{"href":"https:\/\/www.aninite.at\/en\/wp-json\/wp\/v2\/pages"}],"about":[{"href":"https:\/\/www.aninite.at\/en\/wp-json\/wp\/v2\/types\/page"}],"author":[{"embeddable":true,"href":"https:\/\/www.aninite.at\/en\/wp-json\/wp\/v2\/users\/10"}],"replies":[{"embeddable":true,"href":"https:\/\/www.aninite.at\/en\/wp-json\/wp\/v2\/comments?post=32660"}],"version-history":[{"count":9,"href":"https:\/\/www.aninite.at\/en\/wp-json\/wp\/v2\/pages\/32660\/revisions"}],"predecessor-version":[{"id":35012,"href":"https:\/\/www.aninite.at\/en\/wp-json\/wp\/v2\/pages\/32660\/revisions\/35012"}],"up":[{"embeddable":true,"href":"https:\/\/www.aninite.at\/en\/wp-json\/wp\/v2\/pages\/32659"}],"wp:attachment":[{"href":"https:\/\/www.aninite.at\/en\/wp-json\/wp\/v2\/media?parent=32660"}],"curies":[{"name":"wp","href":"https:\/\/api.w.org\/{rel}","templated":true}]}}