{"id":32665,"date":"2021-07-01T00:41:02","date_gmt":"2021-06-30T22:41:02","guid":{"rendered":"https:\/\/www.aninite.at\/cosplayfoto\/"},"modified":"2025-08-08T14:26:45","modified_gmt":"2025-08-08T12:26:45","slug":"cosplayphoto","status":"publish","type":"page","link":"https:\/\/www.aninite.at\/en\/contests-2\/cosplayphoto\/","title":{"rendered":"Cosplay photo contest"},"content":{"rendered":"<div class=\"wp-block-image\">\n<figure class=\"aligncenter size-full\"><img decoding=\"async\" src=\"https:\/\/www.aninite.at\/wp-content\/uploads\/\/TitelTemplate-1.svg\" alt=\"\" class=\"wp-image-32076\"\/><\/figure>\n<\/div>\n<div style=\"height:50px\" aria-hidden=\"true\" class=\"wp-block-spacer\"><\/div>\n\n<p class=\"has-text-align-left\">At AniNite 2025, it&#8217;s camera out and cosplay on again &#8211; this time on the exciting <strong>topic of<\/strong> <strong>elements<\/strong><\/p>\n\n<p class=\"has-text-align-left\">Whether blazing fire, gentle water, stormy air or mighty earth &#8211; show us how you can bring the power of the elements to life in cosplay! Let your creativity run wild: stage the interplay of the elements, represent their opposites or interpret them in your very own way. Whether spectacular effects, imaginative costumes or expressive poses &#8211; everything is allowed as long as the theme &#8220;elements&#8221; is the focus.  <\/p>\n\n<p class=\"has-text-align-left\">We look forward to seeing your unique photos and experiencing the diversity and magic of the elements through your cosplays!<\/p>\n\n<p><strong><a href=\"https:\/\/forms.office.com\/Pages\/ResponsePage.aspx?id=vS-9NlFDJEOLWHEKOtMaO1iAyPlM2sJPunAUY6emMgtUM0ZEMDM4WjZIRFRKSDNNUUlHUE80WkhJTyQlQCN0PWcu\" target=\"_blank\" rel=\"noreferrer noopener\">Click here to register.<\/a><\/strong><\/p>\n\n<h2 class=\"wp-block-heading has-text-align-center has-vivid-red-color has-text-color\" id=\"teilnahmebedingungen\">Conditions of participation<\/h2>\n\n<ul class=\"wp-block-list\">\n<li>If you are unable to attend the award ceremony, please let the information desk know and leave your contact details.<\/li>\n\n\n\n<li>You can also provide the contact details of a representative (full name; the person must be able to identify themselves).<\/li>\n\n\n\n<li>Prices are <strong>NEVER <\/strong>sent abroad!<\/li>\n\n\n\n<li>The submission must be uploaded via a <strong>cloud platform<\/strong> (e.g. Google Drive, Dropbox, etc.). Make sure that the link is <strong>shared with everyone with the link<\/strong>. <\/li>\n\n\n\n<li>The entry form must be <strong>COMPLETELY<\/strong> filled out. Incomplete forms will result in exclusion from the competition.   <\/li>\n\n\n\n<li>By submitting your photo, you agree that it may be displayed on the <strong>Gallery Wall<\/strong> at the event venue during AniNite and published on social media channels and the AniNite website. You retain all rights to your work. <\/li>\n\n\n\n<li>Your photo must remain unpublished until the winners are announced. After that, you are welcome to share it on various platforms. <\/li>\n<\/ul>\n\n<h2 class=\"wp-block-heading has-text-align-center has-vivid-red-color has-text-color\">Categories<\/h2>\n\n<div class=\"wp-block-columns alignwide is-layout-flex wp-container-core-columns-is-layout-9d6595d7 wp-block-columns-is-layout-flex\">\n<div class=\"wp-block-column is-layout-flow wp-block-column-is-layout-flow\">\n<p class=\"has-text-align-center has-background\" style=\"background-color:#cf2d2db5\"><strong>Out of Cam<\/strong><br\/>Directly from your camera or only minimal corrections allowed.<\/p>\n<\/div>\n\n\n\n<div class=\"wp-block-column is-layout-flow wp-block-column-is-layout-flow\">\n<p class=\"has-text-align-center has-background\" style=\"background-color:#cf2d2db5\"><strong>Edit Lovers<\/strong><br\/>Edit as much as you want!  <br\/><\/p>\n<\/div>\n<\/div>\n\n<h2 class=\"wp-block-heading has-text-align-center has-vivid-red-color has-text-color\" id=\"regelwerk\">Rules and regulations<\/h2>\n\n<p>Please read the rules carefully!  <strong><a href=\"https:\/\/www.aninite.at\/wp-content\/uploads\/CosplayFoto_Regeln.pdf\" target=\"_blank\" rel=\"noreferrer noopener\">You can download it here.<\/a><\/strong><\/p>\n\n<h2 class=\"wp-block-heading has-text-align-center has-vivid-red-color has-text-color has-link-color wp-elements-1b7ddfa2ef38b6883f75ef07977c4bf3\">Competition and evaluation procedure  <\/h2>\n\n<p><strong>Closing date:<\/strong> Registration for the competition closes on 01.08.2025, 23:59.  <\/p>\n\n<p>After the submission deadline, your picture will be evaluated by a jury. The evaluation is based on a <strong>points system <\/strong>(max. 10 points per evaluation point), in which the following evaluation points are assessed by the jury: <\/p>\n\n<p><strong>Shooting technique: <\/strong>composition, lighting, focus\/depth of field (max. 5 points)<\/p>\n\n<p><strong>Overall impression:<\/strong> adherence to theme, figure posing, idea\/creativity (in the &#8220;Edit Lovers&#8221; category, image editing (&#8220;before\/after&#8221;) is also rated with a maximum of 20 rating points)<\/p>\n\n<p>All pictures will be exhibited on the <strong>Gallery Wall<\/strong> during AniNite. The winners will be announced at the award ceremony at AniNite. <\/p>\n\n<h2 class=\"wp-block-heading has-text-align-center has-vivid-red-color has-text-color\" id=\"kontakt\">Contact us<\/h2>\n\n<p class=\"has-text-align-left\"><strong>Do you have any questions?<\/strong><br\/>Then don&#8217;t hesitate to write to us using the <a href=\"https:\/\/www.aninite.at\/en\/contact\/\" target=\"_blank\" rel=\"noreferrer noopener\">contact form<\/a> with the subject \u201cCosplay photo\u201d. We will try to answer your questions as soon as possible.<\/p>\n<div class=\"wp-block-image\">\n<figure class=\"aligncenter size-full\"><img loading=\"lazy\" decoding=\"async\" width=\"728\" height=\"162\" src=\"https:\/\/www.aninite.at\/wp-content\/uploads\/Footer_2025_FL.jpg\" alt=\"\" class=\"wp-image-17696\" srcset=\"https:\/\/www.aninite.at\/wp-content\/uploads\/Footer_2025_FL.jpg 728w, https:\/\/www.aninite.at\/wp-content\/uploads\/Footer_2025_FL-300x67.jpg 300w\" sizes=\"auto, (max-width: 728px) 100vw, 728px\" \/><\/figure>\n<\/div>","protected":false},"excerpt":{"rendered":"<p>At AniNite 2025, it&#8217;s camera out and cosplay on again &#8211; this time on the exciting topic of elements Whether blazing fire, gentle water, stormy air or mighty earth &#8211; show us how you can bring the power of the elements to life in cosplay! Let your creativity run wild: stage the interplay of the elements, represent their opposites or interpret them in your very own way. Whether spectacular effects, imaginative costumes or expressive poses &#8211; everything is allowed as long as the theme &#8220;elements&#8221; is the focus. We look forward to seeing your unique photos and experiencing the diversity and magic of the elements through your cosplays! Click here to register. Conditions of participation Categories Out of CamDirectly from your camera or only minimal corrections allowed. Edit LoversEdit as much as you want! Rules and regulations Please read the rules carefully! You can download it here. Competition and evaluation procedure Closing date: Registration for the competition closes on 01.08.2025, 23:59. After the submission deadline, your picture will be evaluated by a jury. The evaluation is based on a points system (max. 10 points per evaluation point), in which the following evaluation points are assessed by the jury: Shooting technique: composition, lighting, focus\/depth of field (max. 5 points) Overall impression: adherence to theme, figure posing, idea\/creativity (in the &#8220;Edit Lovers&#8221; category, image editing (&#8220;before\/after&#8221;) is also rated with a maximum of 20 rating points) All pictures will be exhibited on the Gallery Wall during AniNite. The winners will be announced at the award ceremony at AniNite. Contact us Do you have any questions?Then don&#8217;t hesitate to write to us using the contact form with the subject \u201cCosplay photo\u201d. We will try to answer your questions as soon as possible.<\/p>\n","protected":false},"author":10,"featured_media":0,"parent":32680,"menu_order":0,"comment_status":"closed","ping_status":"closed","template":"","meta":{"inline_featured_image":false,"footnotes":""},"class_list":["post-32665","page","type-page","status-publish","hentry"],"yoast_head":"<!-- This site is optimized with the Yoast SEO plugin v27.4 - https:\/\/yoast.com\/product\/yoast-seo-wordpress\/ -->\n<title>Cosplay photo contest - AniNite<\/title>\n<meta name=\"description\" content=\"Also this year we have a cosplay photo contest at the AniNite! THEME: Theme: Elements. Whether blazing fire, gentle water, stormy air or mighty earth - show us how you bring the power of the elements to life in your cosplay\" \/>\n<meta name=\"robots\" content=\"index, follow, max-snippet:-1, max-image-preview:large, max-video-preview:-1\" \/>\n<link rel=\"canonical\" href=\"https:\/\/www.aninite.at\/en\/contests-2\/cosplayphoto\/\" \/>\n<meta property=\"og:locale\" content=\"en_US\" \/>\n<meta property=\"og:type\" content=\"article\" \/>\n<meta property=\"og:title\" content=\"Cosplay photo contest - AniNite\" \/>\n<meta property=\"og:description\" content=\"Also this year we have a cosplay photo contest at the AniNite! THEME: Theme: Elements. Whether blazing fire, gentle water, stormy air or mighty earth - show us how you bring the power of the elements to life in your cosplay\" \/>\n<meta property=\"og:url\" content=\"https:\/\/www.aninite.at\/en\/contests-2\/cosplayphoto\/\" \/>\n<meta property=\"og:site_name\" content=\"AniNite\" \/>\n<meta property=\"article:publisher\" content=\"https:\/\/www.facebook.com\/AniMangaAustria\" \/>\n<meta property=\"article:modified_time\" content=\"2025-08-08T12:26:45+00:00\" \/>\n<meta property=\"og:image\" content=\"https:\/\/www.aninite.at\/wp-content\/uploads\/cropped-Icon_2025.jpg\" \/>\n\t<meta property=\"og:image:width\" content=\"512\" \/>\n\t<meta property=\"og:image:height\" content=\"512\" \/>\n\t<meta property=\"og:image:type\" content=\"image\/jpeg\" \/>\n<meta name=\"twitter:card\" content=\"summary_large_image\" \/>\n<meta name=\"twitter:title\" content=\"AniNite cosplay photo contest\" \/>\n<meta name=\"twitter:description\" content=\"Also this year we have a cosplay photo contest at the AniNite! THEME: Theme: Elements. Whether blazing fire, gentle water, stormy air or mighty earth - show us how you bring the power of the elements to life in your cosplay\" \/>\n<meta name=\"twitter:image\" content=\"https:\/\/www.aninite.at\/wp-content\/uploads\/4-1-scaled-1-1024x675.jpeg\" \/>\n<meta name=\"twitter:label1\" content=\"Est. reading time\" \/>\n\t<meta name=\"twitter:data1\" content=\"2 minutes\" \/>\n<script type=\"application\/ld+json\" class=\"yoast-schema-graph\">{\"@context\":\"https:\\\/\\\/schema.org\",\"@graph\":[{\"@type\":\"WebPage\",\"@id\":\"https:\\\/\\\/www.aninite.at\\\/en\\\/contests-2\\\/cosplayphoto\\\/\",\"url\":\"https:\\\/\\\/www.aninite.at\\\/en\\\/contests-2\\\/cosplayphoto\\\/\",\"name\":\"Cosplay photo contest - AniNite\",\"isPartOf\":{\"@id\":\"https:\\\/\\\/www.aninite.at\\\/en\\\/#website\"},\"primaryImageOfPage\":{\"@id\":\"https:\\\/\\\/www.aninite.at\\\/en\\\/contests-2\\\/cosplayphoto\\\/#primaryimage\"},\"image\":{\"@id\":\"https:\\\/\\\/www.aninite.at\\\/en\\\/contests-2\\\/cosplayphoto\\\/#primaryimage\"},\"thumbnailUrl\":\"https:\\\/\\\/www.aninite.at\\\/wp-content\\\/uploads\\\/\\\/TitelTemplate-1.svg\",\"datePublished\":\"2021-06-30T22:41:02+00:00\",\"dateModified\":\"2025-08-08T12:26:45+00:00\",\"description\":\"Also this year we have a cosplay photo contest at the AniNite! THEME: Theme: Elements. Whether blazing fire, gentle water, stormy air or mighty earth - show us how you bring the power of the elements to life in your cosplay\",\"breadcrumb\":{\"@id\":\"https:\\\/\\\/www.aninite.at\\\/en\\\/contests-2\\\/cosplayphoto\\\/#breadcrumb\"},\"inLanguage\":\"en-US\",\"potentialAction\":[{\"@type\":\"ReadAction\",\"target\":[\"https:\\\/\\\/www.aninite.at\\\/en\\\/contests-2\\\/cosplayphoto\\\/\"]}]},{\"@type\":\"ImageObject\",\"inLanguage\":\"en-US\",\"@id\":\"https:\\\/\\\/www.aninite.at\\\/en\\\/contests-2\\\/cosplayphoto\\\/#primaryimage\",\"url\":\"https:\\\/\\\/www.aninite.at\\\/wp-content\\\/uploads\\\/\\\/TitelTemplate-1.svg\",\"contentUrl\":\"https:\\\/\\\/www.aninite.at\\\/wp-content\\\/uploads\\\/\\\/TitelTemplate-1.svg\"},{\"@type\":\"BreadcrumbList\",\"@id\":\"https:\\\/\\\/www.aninite.at\\\/en\\\/contests-2\\\/cosplayphoto\\\/#breadcrumb\",\"itemListElement\":[{\"@type\":\"ListItem\",\"position\":1,\"name\":\"Startseite\",\"item\":\"https:\\\/\\\/www.aninite.at\\\/en\\\/welcome\\\/\"},{\"@type\":\"ListItem\",\"position\":2,\"name\":\"Competitions\",\"item\":\"https:\\\/\\\/www.aninite.at\\\/en\\\/contests-2\\\/\"},{\"@type\":\"ListItem\",\"position\":3,\"name\":\"Cosplay photo contest\"}]},{\"@type\":\"WebSite\",\"@id\":\"https:\\\/\\\/www.aninite.at\\\/en\\\/#website\",\"url\":\"https:\\\/\\\/www.aninite.at\\\/en\\\/\",\"name\":\"AniNite\",\"description\":\"\u00d6sterreichs gr\u00f6\u00dfte Anime-, Manga- und Comic-Convention\",\"potentialAction\":[{\"@type\":\"SearchAction\",\"target\":{\"@type\":\"EntryPoint\",\"urlTemplate\":\"https:\\\/\\\/www.aninite.at\\\/en\\\/?s={search_term_string}\"},\"query-input\":{\"@type\":\"PropertyValueSpecification\",\"valueRequired\":true,\"valueName\":\"search_term_string\"}}],\"inLanguage\":\"en-US\"}]}<\/script>\n<!-- \/ Yoast SEO plugin. -->","yoast_head_json":{"title":"Cosplay photo contest - AniNite","description":"Also this year we have a cosplay photo contest at the AniNite! THEME: Theme: Elements. Whether blazing fire, gentle water, stormy air or mighty earth - show us how you bring the power of the elements to life in your cosplay","robots":{"index":"index","follow":"follow","max-snippet":"max-snippet:-1","max-image-preview":"max-image-preview:large","max-video-preview":"max-video-preview:-1"},"canonical":"https:\/\/www.aninite.at\/en\/contests-2\/cosplayphoto\/","og_locale":"en_US","og_type":"article","og_title":"Cosplay photo contest - AniNite","og_description":"Also this year we have a cosplay photo contest at the AniNite! THEME: Theme: Elements. Whether blazing fire, gentle water, stormy air or mighty earth - show us how you bring the power of the elements to life in your cosplay","og_url":"https:\/\/www.aninite.at\/en\/contests-2\/cosplayphoto\/","og_site_name":"AniNite","article_publisher":"https:\/\/www.facebook.com\/AniMangaAustria","article_modified_time":"2025-08-08T12:26:45+00:00","og_image":[{"width":512,"height":512,"url":"https:\/\/www.aninite.at\/wp-content\/uploads\/cropped-Icon_2025.jpg","type":"image\/jpeg"}],"twitter_card":"summary_large_image","twitter_title":"AniNite cosplay photo contest","twitter_description":"Also this year we have a cosplay photo contest at the AniNite! THEME: Theme: Elements. Whether blazing fire, gentle water, stormy air or mighty earth - show us how you bring the power of the elements to life in your cosplay","twitter_image":"https:\/\/www.aninite.at\/wp-content\/uploads\/4-1-scaled-1-1024x675.jpeg","twitter_misc":{"Est. reading time":"2 minutes"},"schema":{"@context":"https:\/\/schema.org","@graph":[{"@type":"WebPage","@id":"https:\/\/www.aninite.at\/en\/contests-2\/cosplayphoto\/","url":"https:\/\/www.aninite.at\/en\/contests-2\/cosplayphoto\/","name":"Cosplay photo contest - AniNite","isPartOf":{"@id":"https:\/\/www.aninite.at\/en\/#website"},"primaryImageOfPage":{"@id":"https:\/\/www.aninite.at\/en\/contests-2\/cosplayphoto\/#primaryimage"},"image":{"@id":"https:\/\/www.aninite.at\/en\/contests-2\/cosplayphoto\/#primaryimage"},"thumbnailUrl":"https:\/\/www.aninite.at\/wp-content\/uploads\/\/TitelTemplate-1.svg","datePublished":"2021-06-30T22:41:02+00:00","dateModified":"2025-08-08T12:26:45+00:00","description":"Also this year we have a cosplay photo contest at the AniNite! THEME: Theme: Elements. Whether blazing fire, gentle water, stormy air or mighty earth - show us how you bring the power of the elements to life in your cosplay","breadcrumb":{"@id":"https:\/\/www.aninite.at\/en\/contests-2\/cosplayphoto\/#breadcrumb"},"inLanguage":"en-US","potentialAction":[{"@type":"ReadAction","target":["https:\/\/www.aninite.at\/en\/contests-2\/cosplayphoto\/"]}]},{"@type":"ImageObject","inLanguage":"en-US","@id":"https:\/\/www.aninite.at\/en\/contests-2\/cosplayphoto\/#primaryimage","url":"https:\/\/www.aninite.at\/wp-content\/uploads\/\/TitelTemplate-1.svg","contentUrl":"https:\/\/www.aninite.at\/wp-content\/uploads\/\/TitelTemplate-1.svg"},{"@type":"BreadcrumbList","@id":"https:\/\/www.aninite.at\/en\/contests-2\/cosplayphoto\/#breadcrumb","itemListElement":[{"@type":"ListItem","position":1,"name":"Startseite","item":"https:\/\/www.aninite.at\/en\/welcome\/"},{"@type":"ListItem","position":2,"name":"Competitions","item":"https:\/\/www.aninite.at\/en\/contests-2\/"},{"@type":"ListItem","position":3,"name":"Cosplay photo contest"}]},{"@type":"WebSite","@id":"https:\/\/www.aninite.at\/en\/#website","url":"https:\/\/www.aninite.at\/en\/","name":"AniNite","description":"\u00d6sterreichs gr\u00f6\u00dfte Anime-, Manga- und Comic-Convention","potentialAction":[{"@type":"SearchAction","target":{"@type":"EntryPoint","urlTemplate":"https:\/\/www.aninite.at\/en\/?s={search_term_string}"},"query-input":{"@type":"PropertyValueSpecification","valueRequired":true,"valueName":"search_term_string"}}],"inLanguage":"en-US"}]}},"acf":[],"_links":{"self":[{"href":"https:\/\/www.aninite.at\/en\/wp-json\/wp\/v2\/pages\/32665","targetHints":{"allow":["GET"]}}],"collection":[{"href":"https:\/\/www.aninite.at\/en\/wp-json\/wp\/v2\/pages"}],"about":[{"href":"https:\/\/www.aninite.at\/en\/wp-json\/wp\/v2\/types\/page"}],"author":[{"embeddable":true,"href":"https:\/\/www.aninite.at\/en\/wp-json\/wp\/v2\/users\/10"}],"replies":[{"embeddable":true,"href":"https:\/\/www.aninite.at\/en\/wp-json\/wp\/v2\/comments?post=32665"}],"version-history":[{"count":8,"href":"https:\/\/www.aninite.at\/en\/wp-json\/wp\/v2\/pages\/32665\/revisions"}],"predecessor-version":[{"id":34656,"href":"https:\/\/www.aninite.at\/en\/wp-json\/wp\/v2\/pages\/32665\/revisions\/34656"}],"up":[{"embeddable":true,"href":"https:\/\/www.aninite.at\/en\/wp-json\/wp\/v2\/pages\/32680"}],"wp:attachment":[{"href":"https:\/\/www.aninite.at\/en\/wp-json\/wp\/v2\/media?parent=32665"}],"curies":[{"name":"wp","href":"https:\/\/api.w.org\/{rel}","templated":true}]}}