{"id":32680,"date":"2021-03-13T20:41:21","date_gmt":"2021-03-13T19:41:21","guid":{"rendered":"https:\/\/www.aninite.at\/wettbewerbe\/"},"modified":"2025-07-16T10:50:41","modified_gmt":"2025-07-16T08:50:41","slug":"contests-2","status":"publish","type":"page","link":"https:\/\/www.aninite.at\/en\/contests-2\/","title":{"rendered":"Competitions"},"content":{"rendered":"<div class=\"wp-block-image\">\n<figure class=\"aligncenter size-full\"><img decoding=\"async\" src=\"https:\/\/www.aninite.at\/wp-content\/uploads\/\/TitelTemplate-1.svg\" alt=\"\" class=\"wp-image-32076\"\/><\/figure>\n<\/div>\n<div style=\"height:50px\" aria-hidden=\"true\" class=\"wp-block-spacer\"><\/div>\n\n<p class=\"has-text-align-center has-medium-font-size\">Information on our competitions will follow regularly!<\/p>\n\n<p class=\"has-medium-font-size\">Please always read the <strong>conditions of participation<\/strong> and the <strong>rules<\/strong> and <strong>regulations<\/strong> for a competition before you register for it. Failure to comply with the conditions of participation and the rules and regulations will result in exclusion from the competition! If you have any questions about the individual competitions, please contact us via our <strong><a href=\"https:\/\/www.aninite.at\/en\/contact\/\" target=\"_blank\" rel=\"noreferrer noopener\">contact form<\/a><\/strong>.  <\/p>\n\n<p class=\"has-text-align-center has-medium-font-size\"><strong><a href=\"https:\/\/www.aninite.at\/en\/contests-2\/amv-contest\/\" target=\"_blank\" rel=\"noreferrer noopener\">AMV<\/a><\/strong><\/p>\n\n<p class=\"has-text-align-center has-medium-font-size\"><strong><a href=\"https:\/\/www.aninite.at\/cosplayfoto\/\">Cosplay Picture<\/a><\/strong><\/p>\n\n<p class=\"has-text-align-center has-medium-font-size\"><strong><a href=\"https:\/\/www.aninite.at\/en\/contests-2\/cosplay-2\/character-cosplay-2\/\" target=\"_blank\" rel=\"noreferrer noopener\">Character Cosplay<\/a><\/strong><\/p>\n\n<p class=\"has-text-align-center has-medium-font-size\"><strong><a href=\"https:\/\/www.aninite.at\/en\/contests-2\/cosplay-2\/ccc\/\">CCC<\/a><\/strong><\/p>\n\n<p class=\"has-text-align-center has-medium-font-size\"><a href=\"https:\/\/www.aninite.at\/en\/contests-2\/dance-contest-2\/\"><strong>Dance Contest<\/strong><\/a><\/p>\n\n<p class=\"has-text-align-center has-medium-font-size\"><strong><a href=\"https:\/\/www.aninite.at\/en\/contests-2\/fanart-regular\/\">Fanart<\/a><\/strong><\/p>\n\n<p class=\"has-text-align-center has-medium-font-size\"><strong><a href=\"https:\/\/www.aninite.at\/figurenfoto\/\">Figures picture<\/a><\/strong><\/p>\n\n<p class=\"has-text-align-center has-medium-font-size\"><strong><a href=\"https:\/\/www.aninite.at\/en\/contests-2\/lipsync-2\/\">Lipsync<\/a><\/strong><\/p>\n\n<p class=\"has-text-align-center has-medium-font-size\"><strong><a href=\"https:\/\/www.aninite.at\/meme-wettbewerb\/\">Meme<\/a><\/strong><\/p>\n\n<p class=\"has-text-align-center has-medium-font-size\"><strong><a href=\"https:\/\/www.aninite.at\/en\/contests-2\/cosplay-2\/world-cosplay-summit-2\/\">World Cosplay Summit preliminary decision<\/a><\/strong><\/p>\n\n<p class=\"has-text-align-center has-medium-font-size\"><strong><a href=\"https:\/\/www.aninite.at\/en\/contests-2\/cosplay-2\/x-cosplay-3\/\">X-Cosplay<\/a><\/strong><\/p>\n\n<p class=\"has-text-align-center\">and many more<\/p>\n\n<p><\/p>\n\n<div class=\"wp-block-columns are-vertically-aligned-center is-layout-flex wp-container-core-columns-is-layout-9d6595d7 wp-block-columns-is-layout-flex\">\n<div class=\"wp-block-column is-vertically-aligned-center is-layout-flow wp-block-column-is-layout-flow\"><\/div>\n<\/div>\n<div class=\"wp-block-image\">\n<figure class=\"aligncenter size-full\"><img loading=\"lazy\" decoding=\"async\" width=\"728\" height=\"162\" src=\"https:\/\/www.aninite.at\/wp-content\/uploads\/Footer_2025_FL.jpg\" alt=\"\" class=\"wp-image-17696\" srcset=\"https:\/\/www.aninite.at\/wp-content\/uploads\/Footer_2025_FL.jpg 728w, https:\/\/www.aninite.at\/wp-content\/uploads\/Footer_2025_FL-300x67.jpg 300w\" sizes=\"auto, (max-width: 728px) 100vw, 728px\" \/><\/figure>\n<\/div>","protected":false},"excerpt":{"rendered":"<p>Information on our competitions will follow regularly! Please always read the conditions of participation and the rules and regulations for a competition before you register for it. Failure to comply with the conditions of participation and the rules and regulations will result in exclusion from the competition! If you have any questions about the individual competitions, please contact us via our contact form. AMV Cosplay Picture Character Cosplay CCC Dance Contest Fanart Figures picture Lipsync Meme World Cosplay Summit preliminary decision X-Cosplay and many more<\/p>\n","protected":false},"author":10,"featured_media":0,"parent":0,"menu_order":0,"comment_status":"closed","ping_status":"closed","template":"","meta":{"inline_featured_image":false,"footnotes":""},"class_list":["post-32680","page","type-page","status-publish","hentry"],"yoast_head":"<!-- This site is optimized with the Yoast SEO plugin v27.5 - https:\/\/yoast.com\/product\/yoast-seo-wordpress\/ -->\n<title>Competitions - AniNite<\/title>\n<meta name=\"description\" content=\"An overview of all the competitions taking place at AniNite! Fanart, cosplay, AMV, photo contests, dance, memes and much more!\" \/>\n<meta name=\"robots\" content=\"index, follow, max-snippet:-1, max-image-preview:large, max-video-preview:-1\" \/>\n<link rel=\"canonical\" href=\"https:\/\/www.aninite.at\/en\/contests-2\/\" \/>\n<meta property=\"og:locale\" content=\"en_US\" \/>\n<meta property=\"og:type\" content=\"article\" \/>\n<meta property=\"og:title\" content=\"Competitions - AniNite\" \/>\n<meta property=\"og:description\" content=\"An overview of all the competitions taking place at AniNite! Fanart, cosplay, AMV, photo contests, dance, memes and much more!\" \/>\n<meta property=\"og:url\" content=\"https:\/\/www.aninite.at\/en\/contests-2\/\" \/>\n<meta property=\"og:site_name\" content=\"AniNite\" \/>\n<meta property=\"article:publisher\" content=\"https:\/\/www.facebook.com\/AniMangaAustria\" \/>\n<meta property=\"article:modified_time\" content=\"2025-07-16T08:50:41+00:00\" \/>\n<meta property=\"og:image\" content=\"https:\/\/www.aninite.at\/wp-content\/uploads\/cropped-Icon_2025.jpg\" \/>\n\t<meta property=\"og:image:width\" content=\"512\" \/>\n\t<meta property=\"og:image:height\" content=\"512\" \/>\n\t<meta property=\"og:image:type\" content=\"image\/jpeg\" \/>\n<meta name=\"twitter:card\" content=\"summary_large_image\" \/>\n<meta name=\"twitter:title\" content=\"AniNite\" \/>\n<meta name=\"twitter:description\" content=\"An overview of all the competitions taking place at AniNite! Fanart, cosplay, AMV, photo contests, dance, memes and much more!\" \/>\n<meta name=\"twitter:image\" content=\"https:\/\/www.aninite.at\/wp-content\/uploads\/cropped-Icon_2022-1.jpg\" \/>\n<script type=\"application\/ld+json\" class=\"yoast-schema-graph\">{\"@context\":\"https:\\\/\\\/schema.org\",\"@graph\":[{\"@type\":\"WebPage\",\"@id\":\"https:\\\/\\\/www.aninite.at\\\/en\\\/contests-2\\\/\",\"url\":\"https:\\\/\\\/www.aninite.at\\\/en\\\/contests-2\\\/\",\"name\":\"Competitions - AniNite\",\"isPartOf\":{\"@id\":\"https:\\\/\\\/www.aninite.at\\\/en\\\/#website\"},\"primaryImageOfPage\":{\"@id\":\"https:\\\/\\\/www.aninite.at\\\/en\\\/contests-2\\\/#primaryimage\"},\"image\":{\"@id\":\"https:\\\/\\\/www.aninite.at\\\/en\\\/contests-2\\\/#primaryimage\"},\"thumbnailUrl\":\"https:\\\/\\\/www.aninite.at\\\/wp-content\\\/uploads\\\/\\\/TitelTemplate-1.svg\",\"datePublished\":\"2021-03-13T19:41:21+00:00\",\"dateModified\":\"2025-07-16T08:50:41+00:00\",\"description\":\"An overview of all the competitions taking place at AniNite! Fanart, cosplay, AMV, photo contests, dance, memes and much more!\",\"breadcrumb\":{\"@id\":\"https:\\\/\\\/www.aninite.at\\\/en\\\/contests-2\\\/#breadcrumb\"},\"inLanguage\":\"en-US\",\"potentialAction\":[{\"@type\":\"ReadAction\",\"target\":[\"https:\\\/\\\/www.aninite.at\\\/en\\\/contests-2\\\/\"]}]},{\"@type\":\"ImageObject\",\"inLanguage\":\"en-US\",\"@id\":\"https:\\\/\\\/www.aninite.at\\\/en\\\/contests-2\\\/#primaryimage\",\"url\":\"https:\\\/\\\/www.aninite.at\\\/wp-content\\\/uploads\\\/\\\/TitelTemplate-1.svg\",\"contentUrl\":\"https:\\\/\\\/www.aninite.at\\\/wp-content\\\/uploads\\\/\\\/TitelTemplate-1.svg\"},{\"@type\":\"BreadcrumbList\",\"@id\":\"https:\\\/\\\/www.aninite.at\\\/en\\\/contests-2\\\/#breadcrumb\",\"itemListElement\":[{\"@type\":\"ListItem\",\"position\":1,\"name\":\"Startseite\",\"item\":\"https:\\\/\\\/www.aninite.at\\\/en\\\/welcome\\\/\"},{\"@type\":\"ListItem\",\"position\":2,\"name\":\"Competitions\"}]},{\"@type\":\"WebSite\",\"@id\":\"https:\\\/\\\/www.aninite.at\\\/en\\\/#website\",\"url\":\"https:\\\/\\\/www.aninite.at\\\/en\\\/\",\"name\":\"AniNite\",\"description\":\"\u00d6sterreichs gr\u00f6\u00dfte Anime-, Manga- und Comic-Convention\",\"potentialAction\":[{\"@type\":\"SearchAction\",\"target\":{\"@type\":\"EntryPoint\",\"urlTemplate\":\"https:\\\/\\\/www.aninite.at\\\/en\\\/?s={search_term_string}\"},\"query-input\":{\"@type\":\"PropertyValueSpecification\",\"valueRequired\":true,\"valueName\":\"search_term_string\"}}],\"inLanguage\":\"en-US\"}]}<\/script>\n<!-- \/ Yoast SEO plugin. -->","yoast_head_json":{"title":"Competitions - AniNite","description":"An overview of all the competitions taking place at AniNite! Fanart, cosplay, AMV, photo contests, dance, memes and much more!","robots":{"index":"index","follow":"follow","max-snippet":"max-snippet:-1","max-image-preview":"max-image-preview:large","max-video-preview":"max-video-preview:-1"},"canonical":"https:\/\/www.aninite.at\/en\/contests-2\/","og_locale":"en_US","og_type":"article","og_title":"Competitions - AniNite","og_description":"An overview of all the competitions taking place at AniNite! Fanart, cosplay, AMV, photo contests, dance, memes and much more!","og_url":"https:\/\/www.aninite.at\/en\/contests-2\/","og_site_name":"AniNite","article_publisher":"https:\/\/www.facebook.com\/AniMangaAustria","article_modified_time":"2025-07-16T08:50:41+00:00","og_image":[{"width":512,"height":512,"url":"https:\/\/www.aninite.at\/wp-content\/uploads\/cropped-Icon_2025.jpg","type":"image\/jpeg"}],"twitter_card":"summary_large_image","twitter_title":"AniNite","twitter_description":"An overview of all the competitions taking place at AniNite! Fanart, cosplay, AMV, photo contests, dance, memes and much more!","twitter_image":"https:\/\/www.aninite.at\/wp-content\/uploads\/cropped-Icon_2022-1.jpg","schema":{"@context":"https:\/\/schema.org","@graph":[{"@type":"WebPage","@id":"https:\/\/www.aninite.at\/en\/contests-2\/","url":"https:\/\/www.aninite.at\/en\/contests-2\/","name":"Competitions - AniNite","isPartOf":{"@id":"https:\/\/www.aninite.at\/en\/#website"},"primaryImageOfPage":{"@id":"https:\/\/www.aninite.at\/en\/contests-2\/#primaryimage"},"image":{"@id":"https:\/\/www.aninite.at\/en\/contests-2\/#primaryimage"},"thumbnailUrl":"https:\/\/www.aninite.at\/wp-content\/uploads\/\/TitelTemplate-1.svg","datePublished":"2021-03-13T19:41:21+00:00","dateModified":"2025-07-16T08:50:41+00:00","description":"An overview of all the competitions taking place at AniNite! Fanart, cosplay, AMV, photo contests, dance, memes and much more!","breadcrumb":{"@id":"https:\/\/www.aninite.at\/en\/contests-2\/#breadcrumb"},"inLanguage":"en-US","potentialAction":[{"@type":"ReadAction","target":["https:\/\/www.aninite.at\/en\/contests-2\/"]}]},{"@type":"ImageObject","inLanguage":"en-US","@id":"https:\/\/www.aninite.at\/en\/contests-2\/#primaryimage","url":"https:\/\/www.aninite.at\/wp-content\/uploads\/\/TitelTemplate-1.svg","contentUrl":"https:\/\/www.aninite.at\/wp-content\/uploads\/\/TitelTemplate-1.svg"},{"@type":"BreadcrumbList","@id":"https:\/\/www.aninite.at\/en\/contests-2\/#breadcrumb","itemListElement":[{"@type":"ListItem","position":1,"name":"Startseite","item":"https:\/\/www.aninite.at\/en\/welcome\/"},{"@type":"ListItem","position":2,"name":"Competitions"}]},{"@type":"WebSite","@id":"https:\/\/www.aninite.at\/en\/#website","url":"https:\/\/www.aninite.at\/en\/","name":"AniNite","description":"\u00d6sterreichs gr\u00f6\u00dfte Anime-, Manga- und Comic-Convention","potentialAction":[{"@type":"SearchAction","target":{"@type":"EntryPoint","urlTemplate":"https:\/\/www.aninite.at\/en\/?s={search_term_string}"},"query-input":{"@type":"PropertyValueSpecification","valueRequired":true,"valueName":"search_term_string"}}],"inLanguage":"en-US"}]}},"acf":[],"_links":{"self":[{"href":"https:\/\/www.aninite.at\/en\/wp-json\/wp\/v2\/pages\/32680","targetHints":{"allow":["GET"]}}],"collection":[{"href":"https:\/\/www.aninite.at\/en\/wp-json\/wp\/v2\/pages"}],"about":[{"href":"https:\/\/www.aninite.at\/en\/wp-json\/wp\/v2\/types\/page"}],"author":[{"embeddable":true,"href":"https:\/\/www.aninite.at\/en\/wp-json\/wp\/v2\/users\/10"}],"replies":[{"embeddable":true,"href":"https:\/\/www.aninite.at\/en\/wp-json\/wp\/v2\/comments?post=32680"}],"version-history":[{"count":4,"href":"https:\/\/www.aninite.at\/en\/wp-json\/wp\/v2\/pages\/32680\/revisions"}],"predecessor-version":[{"id":34090,"href":"https:\/\/www.aninite.at\/en\/wp-json\/wp\/v2\/pages\/32680\/revisions\/34090"}],"wp:attachment":[{"href":"https:\/\/www.aninite.at\/en\/wp-json\/wp\/v2\/media?parent=32680"}],"curies":[{"name":"wp","href":"https:\/\/api.w.org\/{rel}","templated":true}]}}