{"id":32694,"date":"2021-03-13T20:41:22","date_gmt":"2021-03-13T19:41:22","guid":{"rendered":"https:\/\/www.aninite.at\/figurenfoto\/"},"modified":"2026-05-12T01:16:11","modified_gmt":"2026-05-11T23:16:11","slug":"figurenfoto","status":"publish","type":"page","link":"https:\/\/www.aninite.at\/en\/contests-2\/figurenfoto\/","title":{"rendered":"Figures photo competition"},"content":{"rendered":"<div class=\"wp-block-image\">\n<figure class=\"aligncenter size-full\"><img loading=\"lazy\" decoding=\"async\" width=\"700\" height=\"72\" src=\"https:\/\/www.aninite.at\/wp-content\/uploads\/\/PageTitelBanner.svg\" alt=\"\" class=\"wp-image-34807\"\/><\/figure>\n<\/div>\n<div style=\"height:50px\" aria-hidden=\"true\" class=\"wp-block-spacer\"><\/div>\n\n<p>This year we&#8217;re letting our minds wander! Our 2026 competition has a radiant motto: <\/p>\n\n<p><strong>&#8220;Summer, sun, beach&#8221; joie de vivre, vacation feeling and pure relaxation.<\/strong><\/p>\n\n<p>Summer is the time of freedom, bright colors and carefree moments. We look for images that capture the feeling of warm sand underfoot (or paws\/hooves!), the sparkle of the waves and the endless blue of the sky. It&#8217;s about capturing that perfect moment when the world stands still for a moment and only enjoyment counts.  <\/p>\n\n<p>Your mission: vacation flair in miniature format<\/p>\n\n<p>We are looking for creative representations of this sunny theme for our competition:<\/p>\n\n<ul class=\"wp-block-list\">\n<li><strong>Put your characters in the limelight:<\/strong> whether surfing, relaxing in a deckchair or building the biggest sandcastle of the year.<\/li>\n\n\n\n<li><strong>Creativity without limits:<\/strong> Let your imagination run wild! Use real natural materials, summery props or build your very own beach bar. <\/li>\n\n\n\n<li><strong>From adventure to tranquillity:<\/strong> shows us both the action of beach volleyball and the small, quiet moments with an ice cream in hand.<\/li>\n<\/ul>\n\n<p>Whether it&#8217;s a big vacation adventure or a little refreshment in between &#8211; we look forward to your unique submissions that will catapult us straight into our next vacation.<\/p>\n\n<h2 class=\"wp-block-heading has-text-align-center has-vivid-red-color has-text-color has-link-color wp-elements-e7b2ff207b45a9dd9de9451b0e0f7e22\">Registration<\/h2>\n\n<div class=\"wp-block-buttons is-layout-flex wp-block-buttons-is-layout-flex\">\n<div class=\"wp-block-button is-style-outline is-style-outline--1\"><a class=\"wp-block-button__link has-text-color has-link-color wp-element-button\" href=\"https:\/\/www.project-cauldron.com\/anicomp.php?id=202605111951295331\" style=\"color:#6f118a\" target=\"_blank\" rel=\"noreferrer noopener\"><strong>Click here to register.<\/strong><\/a><\/div>\n<\/div>\n\n<h2 class=\"wp-block-heading has-text-align-center has-vivid-red-color has-text-color\">Conditions of participation<\/h2>\n\n<ul class=\"wp-block-list\">\n<li>If you cannot be present at the award ceremony, you must report this at the information desk and provide contact details. You can also provide the contact details of a substitute (full name of the person; the person must be able to identify themself)! <\/li>\n\n\n\n<li>Prices will <strong>NEVER <\/strong>be forwarded abroad!<\/li>\n\n\n\n<li>By submitting your picture, you agree that it may be displayed on the <strong>Gallery Wall<\/strong> at the venue during AniNite and uploaded to the AniNite social media channels and website. You retain all rights to your work. <\/li>\n\n\n\n<li>Your photo must remain unpublished until the winners are announced. After that you are welcome to share it on various platforms. <\/li>\n<\/ul>\n\n<h2 class=\"wp-block-heading alignwide has-text-align-center has-vivid-red-color has-text-color\">Rules<\/h2>\n\n<ul class=\"wp-block-list\">\n<li><strong>Closing date: 12.7.2026, 11:59 pm<\/strong><\/li>\n\n\n\n<li>Your picture needs a picture title of maximum 10 words<\/li>\n\n\n\n<li>AI-generated works are excluded.<\/li>\n\n\n\n<li>Only one picture may be entered per participant.<\/li>\n\n\n\n<li>The image must feature at least 1 character from an anime\/manga\/game\/comic. Different genres are allowed. <\/li>\n\n\n\n<li>Your image must have at least 1024 x 2048 pixels and be submitted as a JPG.<\/li>\n\n\n\n<li>Your image must not contain a logo\/watermark and you must have all rights to it.<\/li>\n\n\n\n<li>The image must have been created by yourself and explicitly for this competition.<\/li>\n\n\n\n<li>In addition to the image submitted to the competition, the unprocessed original (as saved by the camera) must also be sent.<\/li>\n\n\n\n<li>Pay attention to the protection of minors: Pictures that obviously contain pornographic, violent, similar or criminally relevant topics will be disqualified. Please remember that minors also visit AniNite. <\/li>\n<\/ul>\n\n<h2 class=\"wp-block-heading has-text-align-center has-vivid-red-color has-text-color\">Competition and application process<\/h2>\n\n<ul class=\"wp-block-list\">\n<li>After the closing date, your picture will be judged by a jury.<\/li>\n\n\n\n<li>The evaluation is based on a points system in which the following evaluation points are assessed by the jury: Overall impression, adherence to the theme, staging of the characters, idea\/creativity, image processing (&#8220;analog\/digital&#8221;, &#8220;before\/after&#8221;)<\/li>\n\n\n\n<li>You receive extra points for self-built figures (kitbashing)<\/li>\n<\/ul>\n\n<h2 class=\"wp-block-heading has-text-align-center has-vivid-red-color has-text-color\" id=\"ablauf\">Contact<\/h2>\n\n<p class=\"has-text-align-left\"><strong>Do you have any questions?<\/strong><br\/>Then don&#8217;t hesitate to write to us using the <a href=\"https:\/\/www.aninite.at\/en\/contact\/\" target=\"_blank\" rel=\"noreferrer noopener\">contact form<\/a> with the subject &#8220;Figure photo&#8221;. We will be happy to help you! <\/p>\n<div class=\"wp-block-image\">\n<figure class=\"aligncenter size-full\"><img loading=\"lazy\" decoding=\"async\" width=\"728\" height=\"162\" src=\"https:\/\/www.aninite.at\/wp-content\/uploads\/Footer_2026_FL.png\" alt=\"\" class=\"wp-image-34746\" srcset=\"https:\/\/www.aninite.at\/wp-content\/uploads\/Footer_2026_FL.png 728w, https:\/\/www.aninite.at\/wp-content\/uploads\/Footer_2026_FL-300x67.png 300w\" sizes=\"auto, (max-width: 728px) 100vw, 728px\" \/><\/figure>\n<\/div>","protected":false},"excerpt":{"rendered":"<p>This year we&#8217;re letting our minds wander! Our 2026 competition has a radiant motto: &#8220;Summer, sun, beach&#8221; joie de vivre, vacation feeling and pure relaxation. Summer is the time of freedom, bright colors and carefree moments. We look for images that capture the feeling of warm sand underfoot (or paws\/hooves!), the sparkle of the waves and the endless blue of the sky. It&#8217;s about capturing that perfect moment when the world stands still for a moment and only enjoyment counts. Your mission: vacation flair in miniature format We are looking for creative representations of this sunny theme for our competition: Whether it&#8217;s a big vacation adventure or a little refreshment in between &#8211; we look forward to your unique submissions that will catapult us straight into our next vacation. Registration Conditions of participation Rules Competition and application process Contact Do you have any questions?Then don&#8217;t hesitate to write to us using the contact form with the subject &#8220;Figure photo&#8221;. We will be happy to help you!<\/p>\n","protected":false},"author":10,"featured_media":0,"parent":32680,"menu_order":0,"comment_status":"closed","ping_status":"closed","template":"","meta":{"inline_featured_image":false,"footnotes":""},"class_list":["post-32694","page","type-page","status-publish","hentry"],"yoast_head":"<!-- This site is optimized with the Yoast SEO plugin v27.6 - https:\/\/yoast.com\/product\/yoast-seo-wordpress\/ -->\n<title>Figures photo competition - AniNite<\/title>\n<meta name=\"description\" content=\"Also this year we have a figure photo competition at the AniNite! THEME: The Good Samaritan\" \/>\n<meta name=\"robots\" content=\"index, follow, max-snippet:-1, max-image-preview:large, max-video-preview:-1\" \/>\n<link rel=\"canonical\" href=\"https:\/\/www.aninite.at\/en\/contests-2\/figurenfoto\/\" \/>\n<meta property=\"og:locale\" content=\"en_US\" \/>\n<meta property=\"og:type\" content=\"article\" \/>\n<meta property=\"og:title\" content=\"Figures photo competition - AniNite\" \/>\n<meta property=\"og:description\" content=\"Also this year we have a figure photo competition at the AniNite! THEME: The Good Samaritan\" \/>\n<meta property=\"og:url\" content=\"https:\/\/www.aninite.at\/en\/contests-2\/figurenfoto\/\" \/>\n<meta property=\"og:site_name\" content=\"AniNite\" \/>\n<meta property=\"article:publisher\" content=\"https:\/\/www.facebook.com\/AniMangaAustria\" \/>\n<meta property=\"article:modified_time\" content=\"2026-05-11T23:16:11+00:00\" \/>\n<meta property=\"og:image\" content=\"https:\/\/www.aninite.at\/wp-content\/uploads\/cropped-Icon_2025.jpg\" \/>\n\t<meta property=\"og:image:width\" content=\"512\" \/>\n\t<meta property=\"og:image:height\" content=\"512\" \/>\n\t<meta property=\"og:image:type\" content=\"image\/jpeg\" \/>\n<meta name=\"twitter:card\" content=\"summary_large_image\" \/>\n<meta name=\"twitter:title\" content=\"AniNite figure photo competition\" \/>\n<meta name=\"twitter:description\" content=\"Also this year we have a figure photo competition at the AniNite! THEME: The Good Samaritan\" \/>\n<meta name=\"twitter:image\" content=\"https:\/\/www.aninite.at\/wp-content\/uploads\/15-2048x1365-1-1024x683.png\" \/>\n<meta name=\"twitter:label1\" content=\"Est. reading time\" \/>\n\t<meta name=\"twitter:data1\" content=\"3 minutes\" \/>\n<script type=\"application\/ld+json\" class=\"yoast-schema-graph\">{\"@context\":\"https:\\\/\\\/schema.org\",\"@graph\":[{\"@type\":\"WebPage\",\"@id\":\"https:\\\/\\\/www.aninite.at\\\/en\\\/contests-2\\\/figurenfoto\\\/\",\"url\":\"https:\\\/\\\/www.aninite.at\\\/en\\\/contests-2\\\/figurenfoto\\\/\",\"name\":\"Figures photo competition - AniNite\",\"isPartOf\":{\"@id\":\"https:\\\/\\\/www.aninite.at\\\/en\\\/#website\"},\"primaryImageOfPage\":{\"@id\":\"https:\\\/\\\/www.aninite.at\\\/en\\\/contests-2\\\/figurenfoto\\\/#primaryimage\"},\"image\":{\"@id\":\"https:\\\/\\\/www.aninite.at\\\/en\\\/contests-2\\\/figurenfoto\\\/#primaryimage\"},\"thumbnailUrl\":\"https:\\\/\\\/www.aninite.at\\\/wp-content\\\/uploads\\\/\\\/PageTitelBanner.svg\",\"datePublished\":\"2021-03-13T19:41:22+00:00\",\"dateModified\":\"2026-05-11T23:16:11+00:00\",\"description\":\"Also this year we have a figure photo competition at the AniNite! THEME: The Good Samaritan\",\"breadcrumb\":{\"@id\":\"https:\\\/\\\/www.aninite.at\\\/en\\\/contests-2\\\/figurenfoto\\\/#breadcrumb\"},\"inLanguage\":\"en-US\",\"potentialAction\":[{\"@type\":\"ReadAction\",\"target\":[\"https:\\\/\\\/www.aninite.at\\\/en\\\/contests-2\\\/figurenfoto\\\/\"]}]},{\"@type\":\"ImageObject\",\"inLanguage\":\"en-US\",\"@id\":\"https:\\\/\\\/www.aninite.at\\\/en\\\/contests-2\\\/figurenfoto\\\/#primaryimage\",\"url\":\"https:\\\/\\\/www.aninite.at\\\/wp-content\\\/uploads\\\/\\\/PageTitelBanner.svg\",\"contentUrl\":\"https:\\\/\\\/www.aninite.at\\\/wp-content\\\/uploads\\\/\\\/PageTitelBanner.svg\"},{\"@type\":\"BreadcrumbList\",\"@id\":\"https:\\\/\\\/www.aninite.at\\\/en\\\/contests-2\\\/figurenfoto\\\/#breadcrumb\",\"itemListElement\":[{\"@type\":\"ListItem\",\"position\":1,\"name\":\"Startseite\",\"item\":\"https:\\\/\\\/www.aninite.at\\\/en\\\/welcome\\\/\"},{\"@type\":\"ListItem\",\"position\":2,\"name\":\"Competitions\",\"item\":\"https:\\\/\\\/www.aninite.at\\\/en\\\/contests-2\\\/\"},{\"@type\":\"ListItem\",\"position\":3,\"name\":\"Figures photo competition\"}]},{\"@type\":\"WebSite\",\"@id\":\"https:\\\/\\\/www.aninite.at\\\/en\\\/#website\",\"url\":\"https:\\\/\\\/www.aninite.at\\\/en\\\/\",\"name\":\"AniNite\",\"description\":\"\u00d6sterreichs gr\u00f6\u00dfte Anime-, Manga- und Comic-Convention\",\"potentialAction\":[{\"@type\":\"SearchAction\",\"target\":{\"@type\":\"EntryPoint\",\"urlTemplate\":\"https:\\\/\\\/www.aninite.at\\\/en\\\/?s={search_term_string}\"},\"query-input\":{\"@type\":\"PropertyValueSpecification\",\"valueRequired\":true,\"valueName\":\"search_term_string\"}}],\"inLanguage\":\"en-US\"}]}<\/script>\n<!-- \/ Yoast SEO plugin. -->","yoast_head_json":{"title":"Figures photo competition - AniNite","description":"Also this year we have a figure photo competition at the AniNite! THEME: The Good Samaritan","robots":{"index":"index","follow":"follow","max-snippet":"max-snippet:-1","max-image-preview":"max-image-preview:large","max-video-preview":"max-video-preview:-1"},"canonical":"https:\/\/www.aninite.at\/en\/contests-2\/figurenfoto\/","og_locale":"en_US","og_type":"article","og_title":"Figures photo competition - AniNite","og_description":"Also this year we have a figure photo competition at the AniNite! THEME: The Good Samaritan","og_url":"https:\/\/www.aninite.at\/en\/contests-2\/figurenfoto\/","og_site_name":"AniNite","article_publisher":"https:\/\/www.facebook.com\/AniMangaAustria","article_modified_time":"2026-05-11T23:16:11+00:00","og_image":[{"width":512,"height":512,"url":"https:\/\/www.aninite.at\/wp-content\/uploads\/cropped-Icon_2025.jpg","type":"image\/jpeg"}],"twitter_card":"summary_large_image","twitter_title":"AniNite figure photo competition","twitter_description":"Also this year we have a figure photo competition at the AniNite! THEME: The Good Samaritan","twitter_image":"https:\/\/www.aninite.at\/wp-content\/uploads\/15-2048x1365-1-1024x683.png","twitter_misc":{"Est. reading time":"3 minutes"},"schema":{"@context":"https:\/\/schema.org","@graph":[{"@type":"WebPage","@id":"https:\/\/www.aninite.at\/en\/contests-2\/figurenfoto\/","url":"https:\/\/www.aninite.at\/en\/contests-2\/figurenfoto\/","name":"Figures photo competition - AniNite","isPartOf":{"@id":"https:\/\/www.aninite.at\/en\/#website"},"primaryImageOfPage":{"@id":"https:\/\/www.aninite.at\/en\/contests-2\/figurenfoto\/#primaryimage"},"image":{"@id":"https:\/\/www.aninite.at\/en\/contests-2\/figurenfoto\/#primaryimage"},"thumbnailUrl":"https:\/\/www.aninite.at\/wp-content\/uploads\/\/PageTitelBanner.svg","datePublished":"2021-03-13T19:41:22+00:00","dateModified":"2026-05-11T23:16:11+00:00","description":"Also this year we have a figure photo competition at the AniNite! THEME: The Good Samaritan","breadcrumb":{"@id":"https:\/\/www.aninite.at\/en\/contests-2\/figurenfoto\/#breadcrumb"},"inLanguage":"en-US","potentialAction":[{"@type":"ReadAction","target":["https:\/\/www.aninite.at\/en\/contests-2\/figurenfoto\/"]}]},{"@type":"ImageObject","inLanguage":"en-US","@id":"https:\/\/www.aninite.at\/en\/contests-2\/figurenfoto\/#primaryimage","url":"https:\/\/www.aninite.at\/wp-content\/uploads\/\/PageTitelBanner.svg","contentUrl":"https:\/\/www.aninite.at\/wp-content\/uploads\/\/PageTitelBanner.svg"},{"@type":"BreadcrumbList","@id":"https:\/\/www.aninite.at\/en\/contests-2\/figurenfoto\/#breadcrumb","itemListElement":[{"@type":"ListItem","position":1,"name":"Startseite","item":"https:\/\/www.aninite.at\/en\/welcome\/"},{"@type":"ListItem","position":2,"name":"Competitions","item":"https:\/\/www.aninite.at\/en\/contests-2\/"},{"@type":"ListItem","position":3,"name":"Figures photo competition"}]},{"@type":"WebSite","@id":"https:\/\/www.aninite.at\/en\/#website","url":"https:\/\/www.aninite.at\/en\/","name":"AniNite","description":"\u00d6sterreichs gr\u00f6\u00dfte Anime-, Manga- und Comic-Convention","potentialAction":[{"@type":"SearchAction","target":{"@type":"EntryPoint","urlTemplate":"https:\/\/www.aninite.at\/en\/?s={search_term_string}"},"query-input":{"@type":"PropertyValueSpecification","valueRequired":true,"valueName":"search_term_string"}}],"inLanguage":"en-US"}]}},"acf":[],"_links":{"self":[{"href":"https:\/\/www.aninite.at\/en\/wp-json\/wp\/v2\/pages\/32694","targetHints":{"allow":["GET"]}}],"collection":[{"href":"https:\/\/www.aninite.at\/en\/wp-json\/wp\/v2\/pages"}],"about":[{"href":"https:\/\/www.aninite.at\/en\/wp-json\/wp\/v2\/types\/page"}],"author":[{"embeddable":true,"href":"https:\/\/www.aninite.at\/en\/wp-json\/wp\/v2\/users\/10"}],"replies":[{"embeddable":true,"href":"https:\/\/www.aninite.at\/en\/wp-json\/wp\/v2\/comments?post=32694"}],"version-history":[{"count":9,"href":"https:\/\/www.aninite.at\/en\/wp-json\/wp\/v2\/pages\/32694\/revisions"}],"predecessor-version":[{"id":35309,"href":"https:\/\/www.aninite.at\/en\/wp-json\/wp\/v2\/pages\/32694\/revisions\/35309"}],"up":[{"embeddable":true,"href":"https:\/\/www.aninite.at\/en\/wp-json\/wp\/v2\/pages\/32680"}],"wp:attachment":[{"href":"https:\/\/www.aninite.at\/en\/wp-json\/wp\/v2\/media?parent=32694"}],"curies":[{"name":"wp","href":"https:\/\/api.w.org\/{rel}","templated":true}]}}