{"id":32706,"date":"2021-03-13T20:14:38","date_gmt":"2021-03-13T19:14:38","guid":{"rendered":"https:\/\/www.aninite.at\/info-3\/"},"modified":"2026-04-15T20:40:05","modified_gmt":"2026-04-15T18:40:05","slug":"info-3","status":"publish","type":"page","link":"https:\/\/www.aninite.at\/en\/info-3\/","title":{"rendered":"Info"},"content":{"rendered":"<div class=\"wp-block-image\">\n<figure class=\"aligncenter size-full\"><img loading=\"lazy\" decoding=\"async\" width=\"700\" height=\"72\" src=\"https:\/\/www.aninite.at\/wp-content\/uploads\/\/PageTitelBanner.svg\" alt=\"\" class=\"wp-image-34807\"\/><\/figure>\n<\/div>\n<div style=\"height:61px\" aria-hidden=\"true\" class=\"wp-block-spacer\"><\/div>\n\n<p class=\"has-text-align-center has-medium-font-size\"><strong>Everything you need to know about AniNite can be found here!  <\/strong><\/p>\n\n<h2 class=\"wp-block-heading has-text-align-center has-text-color\" id=\"location\" style=\"color:#801fdc;font-size:40px\"><a href=\"https:\/\/www.aninite.at\/location\/\" target=\"_blank\" rel=\"noreferrer noopener\"><strong>Location<\/strong><\/a><\/h2>\n<div class=\"wp-block-image\">\n<figure class=\"aligncenter size-full\"><a href=\"https:\/\/www.google.at\/maps\/place\/Austria+Center+Vienna\/@48.2339729,16.4133388,17z\/data=!3m1!5s0x476d06ef65d22559:0x738e156a32ba42c7!4m5!3m4!1s0x476d06ef618b7877:0x1afc2f6fe51e9128!8m2!3d48.23487!4d16.4137358\" target=\"_blank\" rel=\"noreferrer noopener\"><img loading=\"lazy\" decoding=\"async\" width=\"618\" height=\"412\" src=\"https:\/\/www.aninite.at\/wp-content\/uploads\/Maps.png\" alt=\"\" class=\"wp-image-7663\" srcset=\"https:\/\/www.aninite.at\/wp-content\/uploads\/Maps.png 618w, https:\/\/www.aninite.at\/wp-content\/uploads\/Maps-300x200.png 300w\" sizes=\"auto, (max-width: 618px) 100vw, 618px\" \/><\/a><\/figure>\n<\/div>\n<div style=\"height:45px\" aria-hidden=\"true\" class=\"wp-block-spacer\"><\/div>\n\n<div class=\"wp-block-columns is-layout-flex wp-container-core-columns-is-layout-9d6595d7 wp-block-columns-is-layout-flex\">\n<div class=\"wp-block-column is-vertically-aligned-center is-layout-flow wp-block-column-is-layout-flow\">\n<div class=\"wp-block-group\"><div class=\"wp-block-group__inner-container is-layout-constrained wp-block-group-is-layout-constrained\">\n<p class=\"has-text-align-center has-huge-font-size\"><strong>Austria Center Vienna<\/strong><\/p>\n\n\n\n<p class=\"has-text-align-center has-medium-font-size\">Bruno-Kreisky-Platz 1<br\/>1220 Vienna<\/p>\n\n\n\n<p class=\"has-huge-font-size\"><\/p>\n<\/div><\/div>\n<\/div>\n<\/div>\n\n<h2 class=\"wp-block-heading has-text-align-center has-text-color\" id=\"oeffnungszeiten\" style=\"color:#801fdc;font-size:40px\"><a href=\"https:\/\/www.aninite.at\/oeffnungszeiten\/\" target=\"_blank\" rel=\"noreferrer noopener\">Opening hours<\/a><\/h2>\n\n<div style=\"height:42px\" aria-hidden=\"true\" class=\"wp-block-spacer\"><\/div>\n\n<div class=\"wp-block-columns has-white-color has-text-color has-background is-layout-flex wp-container-core-columns-is-layout-9d6595d7 wp-block-columns-is-layout-flex\" style=\"background-color:#801fdc\">\n<div class=\"wp-block-column has-white-color has-text-color is-layout-flow wp-block-column-is-layout-flow\">\n<p class=\"has-text-align-center has-white-color has-text-color has-huge-font-size\"><strong>Friday<\/strong> <\/p>\n\n\n\n<div style=\"height:15px\" aria-hidden=\"true\" class=\"wp-block-spacer\"><\/div>\n\n\n\n<p class=\"has-text-align-center has-white-color has-text-color\" style=\"font-size:30px\">07.08.2026<\/p>\n\n\n\n<div style=\"height:15px\" aria-hidden=\"true\" class=\"wp-block-spacer\"><\/div>\n\n\n\n<p class=\"has-text-align-center\"><strong>Open<\/strong> from 10:00 &#8211; 22:00<br\/><strong>Event cash desk<\/strong>: from 9:00<br\/><strong>Traders<\/strong>: until 20:00<br\/><\/p>\n<\/div>\n\n\n\n<div class=\"wp-block-column has-white-color has-text-color is-layout-flow wp-block-column-is-layout-flow\">\n<p class=\"has-text-align-center has-huge-font-size\"><strong>Saturday<\/strong> <\/p>\n\n\n\n<div style=\"height:15px\" aria-hidden=\"true\" class=\"wp-block-spacer\"><\/div>\n\n\n\n<p class=\"has-text-align-center\" style=\"font-size:30px\">08.08.2026<\/p>\n\n\n\n<div style=\"height:15px\" aria-hidden=\"true\" class=\"wp-block-spacer\"><\/div>\n\n\n\n<p class=\"has-text-align-center\"><strong>Open<\/strong> from 10:00 &#8211; 22:00<br\/><strong>Event cash desk<\/strong>: from 9:00<br\/><strong>Traders<\/strong>: until 20:00<br\/><\/p>\n<\/div>\n\n\n\n<div class=\"wp-block-column is-layout-flow wp-block-column-is-layout-flow\">\n<p class=\"has-text-align-center has-huge-font-size\"><strong>Sunday<\/strong><\/p>\n\n\n\n<div style=\"height:15px\" aria-hidden=\"true\" class=\"wp-block-spacer\"><\/div>\n\n\n\n<p class=\"has-text-align-center\" style=\"font-size:30px\">09.08.2026<\/p>\n\n\n\n<div style=\"height:15px\" aria-hidden=\"true\" class=\"wp-block-spacer\"><\/div>\n\n\n\n<p class=\"has-text-align-center\"><strong>Open<\/strong> from 10:00 &#8211; 18:00<br\/><strong>Event cash desk<\/strong>: from 9:00<br\/><strong>Traders<\/strong>: until 17:00<\/p>\n<\/div>\n<\/div>\n\n<p class=\"has-normal-font-size\">Children up to the age of 6 may attend the event free of charge if accompanied by a parent or legal guardian or a person of legal age authorized by a parent or legal guardian.<br\/>Young people under the age of 14 who are not accompanied by an adult are permitted to stay at AniNite until 22:00.<br\/>From 22:00, young people under the age of 14 require an accompanying person (parent or legal guardian or a person of legal age authorized by a parent or legal guardian).<\/p>\n\n<div style=\"height:30px\" aria-hidden=\"true\" class=\"wp-block-spacer\"><\/div>\n\n<h2 class=\"wp-block-heading has-text-align-center has-text-color\" style=\"color:#801fdc\">Clothing<\/h2>\n\n<p>At the request of some visitors, we would like to explain our &#8220;dress code&#8221; once again:<br\/>We count on your personal responsibility in this matter. <br\/><br\/>Please keep in mind that AniNite is a youth event. <br\/>Therefore, pay attention to your choice of clothing. <br\/>Intimate areas and secondary sexual characteristics must be covered. <br\/>Please refrain from political symbols and flags, as well as military\/warrior cosplays.<br\/>Please keep in mind that our location is next to the UNO-City.<\/p>\n\n<h2 class=\"wp-block-heading has-text-align-center has-text-color has-link-color wp-elements-439b774a92eab321df1b3cb9220c6403\" style=\"color:#801fdc\">Site plan<\/h2>\n\n<p class=\"has-text-align-center\"><strong>Coming soon<\/strong><\/p>\n\n<div style=\"height:44px\" aria-hidden=\"true\" class=\"wp-block-spacer\"><\/div>\n<div class=\"wp-block-image\">\n<figure class=\"aligncenter size-full\"><img loading=\"lazy\" decoding=\"async\" width=\"728\" height=\"162\" src=\"https:\/\/www.aninite.at\/wp-content\/uploads\/Footer_2026_FL.png\" alt=\"\" class=\"wp-image-34746\" srcset=\"https:\/\/www.aninite.at\/wp-content\/uploads\/Footer_2026_FL.png 728w, https:\/\/www.aninite.at\/wp-content\/uploads\/Footer_2026_FL-300x67.png 300w\" sizes=\"auto, (max-width: 728px) 100vw, 728px\" \/><\/figure>\n<\/div>","protected":false},"excerpt":{"rendered":"<p>Everything you need to know about AniNite can be found here! Location Austria Center Vienna Bruno-Kreisky-Platz 11220 Vienna Opening hours Friday 07.08.2026 Open from 10:00 &#8211; 22:00Event cash desk: from 9:00Traders: until 20:00 Saturday 08.08.2026 Open from 10:00 &#8211; 22:00Event cash desk: from 9:00Traders: until 20:00 Sunday 09.08.2026 Open from 10:00 &#8211; 18:00Event cash desk: from 9:00Traders: until 17:00 Children up to the age of 6 may attend the event free of charge if accompanied by a parent or legal guardian or a person of legal age authorized by a parent or legal guardian.Young people under the age of 14 who are not accompanied by an adult are permitted to stay at AniNite until 22:00.From 22:00, young people under the age of 14 require an accompanying person (parent or legal guardian or a person of legal age authorized by a parent or legal guardian). Clothing At the request of some visitors, we would like to explain our &#8220;dress code&#8221; once again:We count on your personal responsibility in this matter. Please keep in mind that AniNite is a youth event. Therefore, pay attention to your choice of clothing. Intimate areas and secondary sexual characteristics must be covered. Please refrain from political symbols and flags, as well as military\/warrior cosplays.Please keep in mind that our location is next to the UNO-City. Site plan Coming soon<\/p>\n","protected":false},"author":10,"featured_media":0,"parent":0,"menu_order":0,"comment_status":"closed","ping_status":"closed","template":"","meta":{"inline_featured_image":false,"footnotes":""},"class_list":["post-32706","page","type-page","status-publish","hentry"],"yoast_head":"<!-- This site is optimized with the Yoast SEO plugin v27.4 - https:\/\/yoast.com\/product\/yoast-seo-wordpress\/ -->\n<title>Info - AniNite<\/title>\n<meta name=\"description\" content=\"Here you can find all information about AniNite. Everything about the location, the program, house rules, FAQ, opening hours,...\" \/>\n<meta name=\"robots\" content=\"index, follow, max-snippet:-1, max-image-preview:large, max-video-preview:-1\" \/>\n<link rel=\"canonical\" href=\"https:\/\/www.aninite.at\/en\/info-3\/\" \/>\n<meta property=\"og:locale\" content=\"en_US\" \/>\n<meta property=\"og:type\" content=\"article\" \/>\n<meta property=\"og:title\" content=\"Info - AniNite\" \/>\n<meta property=\"og:description\" content=\"Here you can find all information about AniNite. Everything about the location, the program, house rules, FAQ, opening hours,...\" \/>\n<meta property=\"og:url\" content=\"https:\/\/www.aninite.at\/en\/info-3\/\" \/>\n<meta property=\"og:site_name\" content=\"AniNite\" \/>\n<meta property=\"article:publisher\" content=\"https:\/\/www.facebook.com\/AniMangaAustria\" \/>\n<meta property=\"article:modified_time\" content=\"2026-04-15T18:40:05+00:00\" \/>\n<meta property=\"og:image\" content=\"https:\/\/www.aninite.at\/wp-content\/uploads\/cropped-Icon_2025.jpg\" \/>\n\t<meta property=\"og:image:width\" content=\"512\" \/>\n\t<meta property=\"og:image:height\" content=\"512\" \/>\n\t<meta property=\"og:image:type\" content=\"image\/jpeg\" \/>\n<meta name=\"twitter:card\" content=\"summary_large_image\" \/>\n<meta name=\"twitter:title\" content=\"AniNite\" \/>\n<meta name=\"twitter:description\" content=\"Here you can find all information about AniNite. Everything about the location, the program, house rules, FAQ, opening hours,...\" \/>\n<meta name=\"twitter:image\" content=\"https:\/\/www.aninite.at\/wp-content\/uploads\/cropped-Icon_2022-1.jpg\" \/>\n<meta name=\"twitter:label1\" content=\"Est. reading time\" \/>\n\t<meta name=\"twitter:data1\" content=\"1 minute\" \/>\n<script type=\"application\/ld+json\" class=\"yoast-schema-graph\">{\"@context\":\"https:\\\/\\\/schema.org\",\"@graph\":[{\"@type\":\"WebPage\",\"@id\":\"https:\\\/\\\/www.aninite.at\\\/en\\\/info-3\\\/\",\"url\":\"https:\\\/\\\/www.aninite.at\\\/en\\\/info-3\\\/\",\"name\":\"Info - AniNite\",\"isPartOf\":{\"@id\":\"https:\\\/\\\/www.aninite.at\\\/en\\\/#website\"},\"primaryImageOfPage\":{\"@id\":\"https:\\\/\\\/www.aninite.at\\\/en\\\/info-3\\\/#primaryimage\"},\"image\":{\"@id\":\"https:\\\/\\\/www.aninite.at\\\/en\\\/info-3\\\/#primaryimage\"},\"thumbnailUrl\":\"https:\\\/\\\/www.aninite.at\\\/wp-content\\\/uploads\\\/\\\/PageTitelBanner.svg\",\"datePublished\":\"2021-03-13T19:14:38+00:00\",\"dateModified\":\"2026-04-15T18:40:05+00:00\",\"description\":\"Here you can find all information about AniNite. Everything about the location, the program, house rules, FAQ, opening hours,...\",\"breadcrumb\":{\"@id\":\"https:\\\/\\\/www.aninite.at\\\/en\\\/info-3\\\/#breadcrumb\"},\"inLanguage\":\"en-US\",\"potentialAction\":[{\"@type\":\"ReadAction\",\"target\":[\"https:\\\/\\\/www.aninite.at\\\/en\\\/info-3\\\/\"]}]},{\"@type\":\"ImageObject\",\"inLanguage\":\"en-US\",\"@id\":\"https:\\\/\\\/www.aninite.at\\\/en\\\/info-3\\\/#primaryimage\",\"url\":\"https:\\\/\\\/www.aninite.at\\\/wp-content\\\/uploads\\\/\\\/PageTitelBanner.svg\",\"contentUrl\":\"https:\\\/\\\/www.aninite.at\\\/wp-content\\\/uploads\\\/\\\/PageTitelBanner.svg\"},{\"@type\":\"BreadcrumbList\",\"@id\":\"https:\\\/\\\/www.aninite.at\\\/en\\\/info-3\\\/#breadcrumb\",\"itemListElement\":[{\"@type\":\"ListItem\",\"position\":1,\"name\":\"Startseite\",\"item\":\"https:\\\/\\\/www.aninite.at\\\/en\\\/welcome\\\/\"},{\"@type\":\"ListItem\",\"position\":2,\"name\":\"Info\"}]},{\"@type\":\"WebSite\",\"@id\":\"https:\\\/\\\/www.aninite.at\\\/en\\\/#website\",\"url\":\"https:\\\/\\\/www.aninite.at\\\/en\\\/\",\"name\":\"AniNite\",\"description\":\"\u00d6sterreichs gr\u00f6\u00dfte Anime-, Manga- und Comic-Convention\",\"potentialAction\":[{\"@type\":\"SearchAction\",\"target\":{\"@type\":\"EntryPoint\",\"urlTemplate\":\"https:\\\/\\\/www.aninite.at\\\/en\\\/?s={search_term_string}\"},\"query-input\":{\"@type\":\"PropertyValueSpecification\",\"valueRequired\":true,\"valueName\":\"search_term_string\"}}],\"inLanguage\":\"en-US\"}]}<\/script>\n<!-- \/ Yoast SEO plugin. -->","yoast_head_json":{"title":"Info - AniNite","description":"Here you can find all information about AniNite. Everything about the location, the program, house rules, FAQ, opening hours,...","robots":{"index":"index","follow":"follow","max-snippet":"max-snippet:-1","max-image-preview":"max-image-preview:large","max-video-preview":"max-video-preview:-1"},"canonical":"https:\/\/www.aninite.at\/en\/info-3\/","og_locale":"en_US","og_type":"article","og_title":"Info - AniNite","og_description":"Here you can find all information about AniNite. Everything about the location, the program, house rules, FAQ, opening hours,...","og_url":"https:\/\/www.aninite.at\/en\/info-3\/","og_site_name":"AniNite","article_publisher":"https:\/\/www.facebook.com\/AniMangaAustria","article_modified_time":"2026-04-15T18:40:05+00:00","og_image":[{"width":512,"height":512,"url":"https:\/\/www.aninite.at\/wp-content\/uploads\/cropped-Icon_2025.jpg","type":"image\/jpeg"}],"twitter_card":"summary_large_image","twitter_title":"AniNite","twitter_description":"Here you can find all information about AniNite. Everything about the location, the program, house rules, FAQ, opening hours,...","twitter_image":"https:\/\/www.aninite.at\/wp-content\/uploads\/cropped-Icon_2022-1.jpg","twitter_misc":{"Est. reading time":"1 minute"},"schema":{"@context":"https:\/\/schema.org","@graph":[{"@type":"WebPage","@id":"https:\/\/www.aninite.at\/en\/info-3\/","url":"https:\/\/www.aninite.at\/en\/info-3\/","name":"Info - AniNite","isPartOf":{"@id":"https:\/\/www.aninite.at\/en\/#website"},"primaryImageOfPage":{"@id":"https:\/\/www.aninite.at\/en\/info-3\/#primaryimage"},"image":{"@id":"https:\/\/www.aninite.at\/en\/info-3\/#primaryimage"},"thumbnailUrl":"https:\/\/www.aninite.at\/wp-content\/uploads\/\/PageTitelBanner.svg","datePublished":"2021-03-13T19:14:38+00:00","dateModified":"2026-04-15T18:40:05+00:00","description":"Here you can find all information about AniNite. Everything about the location, the program, house rules, FAQ, opening hours,...","breadcrumb":{"@id":"https:\/\/www.aninite.at\/en\/info-3\/#breadcrumb"},"inLanguage":"en-US","potentialAction":[{"@type":"ReadAction","target":["https:\/\/www.aninite.at\/en\/info-3\/"]}]},{"@type":"ImageObject","inLanguage":"en-US","@id":"https:\/\/www.aninite.at\/en\/info-3\/#primaryimage","url":"https:\/\/www.aninite.at\/wp-content\/uploads\/\/PageTitelBanner.svg","contentUrl":"https:\/\/www.aninite.at\/wp-content\/uploads\/\/PageTitelBanner.svg"},{"@type":"BreadcrumbList","@id":"https:\/\/www.aninite.at\/en\/info-3\/#breadcrumb","itemListElement":[{"@type":"ListItem","position":1,"name":"Startseite","item":"https:\/\/www.aninite.at\/en\/welcome\/"},{"@type":"ListItem","position":2,"name":"Info"}]},{"@type":"WebSite","@id":"https:\/\/www.aninite.at\/en\/#website","url":"https:\/\/www.aninite.at\/en\/","name":"AniNite","description":"\u00d6sterreichs gr\u00f6\u00dfte Anime-, Manga- und Comic-Convention","potentialAction":[{"@type":"SearchAction","target":{"@type":"EntryPoint","urlTemplate":"https:\/\/www.aninite.at\/en\/?s={search_term_string}"},"query-input":{"@type":"PropertyValueSpecification","valueRequired":true,"valueName":"search_term_string"}}],"inLanguage":"en-US"}]}},"acf":[],"_links":{"self":[{"href":"https:\/\/www.aninite.at\/en\/wp-json\/wp\/v2\/pages\/32706","targetHints":{"allow":["GET"]}}],"collection":[{"href":"https:\/\/www.aninite.at\/en\/wp-json\/wp\/v2\/pages"}],"about":[{"href":"https:\/\/www.aninite.at\/en\/wp-json\/wp\/v2\/types\/page"}],"author":[{"embeddable":true,"href":"https:\/\/www.aninite.at\/en\/wp-json\/wp\/v2\/users\/10"}],"replies":[{"embeddable":true,"href":"https:\/\/www.aninite.at\/en\/wp-json\/wp\/v2\/comments?post=32706"}],"version-history":[{"count":7,"href":"https:\/\/www.aninite.at\/en\/wp-json\/wp\/v2\/pages\/32706\/revisions"}],"predecessor-version":[{"id":34986,"href":"https:\/\/www.aninite.at\/en\/wp-json\/wp\/v2\/pages\/32706\/revisions\/34986"}],"wp:attachment":[{"href":"https:\/\/www.aninite.at\/en\/wp-json\/wp\/v2\/media?parent=32706"}],"curies":[{"name":"wp","href":"https:\/\/api.w.org\/{rel}","templated":true}]}}