{"id":32746,"date":"2021-03-13T20:20:04","date_gmt":"2021-03-13T19:20:04","guid":{"rendered":"https:\/\/www.aninite.at\/info-3\/location-3\/"},"modified":"2026-04-15T20:39:10","modified_gmt":"2026-04-15T18:39:10","slug":"location-3","status":"publish","type":"page","link":"https:\/\/www.aninite.at\/en\/info-3\/location-3\/","title":{"rendered":"Location"},"content":{"rendered":"<div class=\"wp-block-image is-resized\">\n<figure class=\"aligncenter size-full\"><img loading=\"lazy\" decoding=\"async\" width=\"700\" height=\"72\" src=\"https:\/\/www.aninite.at\/wp-content\/uploads\/\/PageTitelBanner.svg\" alt=\"\" class=\"wp-image-34807\"\/><\/figure>\n<\/div>\n<div style=\"height:50px\" aria-hidden=\"true\" class=\"wp-block-spacer\"><\/div>\n\n<h1 class=\"wp-block-heading has-text-align-center has-text-color has-large-font-size\" style=\"color:#801fdc\">Austria Center Vienna<br\/><strong>Bruno-Kreisky-Platz 1, 1220 Vienna<\/strong><br\/><\/h1>\n\n<p><\/p>\n\n<div style=\"height:22px\" aria-hidden=\"true\" class=\"wp-block-spacer\"><\/div>\n<div class=\"wp-block-image\">\n<figure class=\"aligncenter size-full\"><a href=\"https:\/\/www.google.at\/maps\/place\/Austria+Center+Vienna\/@48.2339729,16.4133388,17z\/data=!3m1!5s0x476d06ef65d22559:0x738e156a32ba42c7!4m5!3m4!1s0x476d06ef618b7877:0x1afc2f6fe51e9128!8m2!3d48.23487!4d16.4137358\" target=\"_blank\" rel=\"noreferrer noopener\"><img loading=\"lazy\" decoding=\"async\" width=\"618\" height=\"412\" src=\"https:\/\/www.aninite.at\/wp-content\/uploads\/Maps.png\" alt=\"\" class=\"wp-image-7663\" srcset=\"https:\/\/www.aninite.at\/wp-content\/uploads\/Maps.png 618w, https:\/\/www.aninite.at\/wp-content\/uploads\/Maps-300x200.png 300w\" sizes=\"auto, (max-width: 618px) 100vw, 618px\" \/><\/a><\/figure>\n<\/div>\n<div style=\"height:27px\" aria-hidden=\"true\" class=\"wp-block-spacer\"><\/div>\n\n<hr class=\"wp-block-separator has-css-opacity\"\/>\n\n<h1 class=\"wp-block-heading has-text-align-center has-text-color\" style=\"color:#801fdc\">Approach<\/h1>\n\n<div class=\"wp-block-columns is-layout-flex wp-container-core-columns-is-layout-9d6595d7 wp-block-columns-is-layout-flex\">\n<div class=\"wp-block-column is-vertically-aligned-top is-layout-flow wp-block-column-is-layout-flow\">\n<h3 class=\"wp-block-heading has-text-align-center\">Buses<\/h3>\n\n\n\n<p class=\"has-text-align-center\">Bus lines 20A, 29A and 92B stop at Kaiserm\u00fchlen station.<\/p>\n<\/div>\n\n\n\n<div class=\"wp-block-column is-vertically-aligned-top is-layout-flow wp-block-column-is-layout-flow\">\n<h3 class=\"wp-block-heading has-text-align-center\">Subway<\/h3>\n\n\n\n<p class=\"has-text-align-center\">The ACV is opposite the U1 station VIC Kaiserm\u00fchlen.  <\/p>\n<\/div>\n\n\n\n<div class=\"wp-block-column is-vertically-aligned-top is-layout-flow wp-block-column-is-layout-flow\">\n<h3 class=\"wp-block-heading has-text-align-center\">Airplane<\/h3>\n\n\n\n<p class=\"has-text-align-center\">Arrival by plane is via <a href=\"https:\/\/www.viennaairport.com\/\" target=\"_blank\" rel=\"noreferrer noopener\">VIA (Vienna International Airport).<\/a><\/p>\n<\/div>\n\n\n\n<div class=\"wp-block-column is-vertically-aligned-top is-layout-flow wp-block-column-is-layout-flow\">\n<h3 class=\"wp-block-heading has-text-align-center\">Car<\/h3>\n\n\n\n<p class=\"has-text-align-center\">A limited number of <a href=\"https:\/\/www.acv.at\/de\/anrainer\/dauerparker\/\" target=\"_blank\" rel=\"noreferrer noopener\">parking spaces <\/a> are available at the ACV for AniNite visitors for a fee.<\/p>\n<\/div>\n<\/div>\n\n<h3 class=\"wp-block-heading has-text-color\" style=\"color:#801fdc\">Arrival by subway<\/h3>\n\n<figure class=\"wp-block-image size-large is-resized\"><img loading=\"lazy\" decoding=\"async\" width=\"1024\" height=\"724\" src=\"https:\/\/www.aninite.at\/wp-content\/uploads\/\/Anfahrt_Oeffentliche_Verkehrsmittel-1024x724.webp\" alt=\"\" class=\"wp-image-7773\" srcset=\"https:\/\/www.aninite.at\/wp-content\/uploads\/Anfahrt_Oeffentliche_Verkehrsmittel-1024x724.webp 1024w, https:\/\/www.aninite.at\/wp-content\/uploads\/Anfahrt_Oeffentliche_Verkehrsmittel-300x212.webp 300w, https:\/\/www.aninite.at\/wp-content\/uploads\/Anfahrt_Oeffentliche_Verkehrsmittel-768x543.webp 768w, https:\/\/www.aninite.at\/wp-content\/uploads\/Anfahrt_Oeffentliche_Verkehrsmittel-1536x1086.webp 1536w, https:\/\/www.aninite.at\/wp-content\/uploads\/Anfahrt_Oeffentliche_Verkehrsmittel-2048x1449.webp 2048w, https:\/\/www.aninite.at\/wp-content\/uploads\/Anfahrt_Oeffentliche_Verkehrsmittel-1140x806.webp 1140w\" sizes=\"auto, (max-width: 1024px) 100vw, 1024px\" \/><\/figure>\n\n<p class=\"has-text-color\" style=\"color:#8e4627\"><\/p>\n\n<h3 class=\"wp-block-heading has-text-color\" style=\"color:#801fdc\">Parking lots<\/h3>\n\n<div class=\"wp-block-columns is-layout-flex wp-container-core-columns-is-layout-9d6595d7 wp-block-columns-is-layout-flex\">\n<div class=\"wp-block-column is-layout-flow wp-block-column-is-layout-flow\"><div class=\"wp-block-image\">\n<figure class=\"aligncenter size-large\"><a href=\"https:\/\/www.aninite.at\/wp-content\/uploads\/Anfahrt_PKW_A22-scaled.webp\"><img loading=\"lazy\" decoding=\"async\" width=\"1024\" height=\"724\" src=\"https:\/\/www.aninite.at\/wp-content\/uploads\/\/Anfahrt_PKW_A22-1024x724.webp\" alt=\"\" class=\"wp-image-7760\" srcset=\"https:\/\/www.aninite.at\/wp-content\/uploads\/Anfahrt_PKW_A22-1024x724.webp 1024w, https:\/\/www.aninite.at\/wp-content\/uploads\/Anfahrt_PKW_A22-300x212.webp 300w, https:\/\/www.aninite.at\/wp-content\/uploads\/Anfahrt_PKW_A22-768x543.webp 768w, https:\/\/www.aninite.at\/wp-content\/uploads\/Anfahrt_PKW_A22-1536x1086.webp 1536w, https:\/\/www.aninite.at\/wp-content\/uploads\/Anfahrt_PKW_A22-2048x1448.webp 2048w, https:\/\/www.aninite.at\/wp-content\/uploads\/Anfahrt_PKW_A22-1140x806.webp 1140w\" sizes=\"auto, (max-width: 1024px) 100vw, 1024px\" \/><\/a><figcaption class=\"wp-element-caption\">Overview of parking facilities (click to enlarge)<\/figcaption><\/figure>\n<\/div><\/div>\n\n\n\n<div class=\"wp-block-column is-vertically-aligned-center is-layout-flow wp-block-column-is-layout-flow\">\n<p><strong>ATTENTION<\/strong> the parking spaces in the garages are <strong>NOT<\/strong> free of charge!<\/p>\n\n\n\n<p>The garages have different tariffs, please inform yourself in advance about the different parking possibilities in the region!  <\/p>\n<\/div>\n<\/div>\n\n<hr class=\"wp-block-separator has-css-opacity\"\/>\n<div class=\"wp-block-image\">\n<figure class=\"aligncenter size-full\"><img loading=\"lazy\" decoding=\"async\" width=\"728\" height=\"162\" src=\"https:\/\/www.aninite.at\/wp-content\/uploads\/Footer_2026_FL.png\" alt=\"\" class=\"wp-image-34746\" srcset=\"https:\/\/www.aninite.at\/wp-content\/uploads\/Footer_2026_FL.png 728w, https:\/\/www.aninite.at\/wp-content\/uploads\/Footer_2026_FL-300x67.png 300w\" sizes=\"auto, (max-width: 728px) 100vw, 728px\" \/><\/figure>\n<\/div>","protected":false},"excerpt":{"rendered":"<p>Austria Center ViennaBruno-Kreisky-Platz 1, 1220 Vienna Approach Buses Bus lines 20A, 29A and 92B stop at Kaiserm\u00fchlen station. Subway The ACV is opposite the U1 station VIC Kaiserm\u00fchlen. Airplane Arrival by plane is via VIA (Vienna International Airport). Car A limited number of parking spaces are available at the ACV for AniNite visitors for a fee. Arrival by subway Parking lots ATTENTION the parking spaces in the garages are NOT free of charge! The garages have different tariffs, please inform yourself in advance about the different parking possibilities in the region!<\/p>\n","protected":false},"author":10,"featured_media":0,"parent":32706,"menu_order":0,"comment_status":"closed","ping_status":"closed","template":"","meta":{"inline_featured_image":false,"footnotes":""},"class_list":["post-32746","page","type-page","status-publish","hentry"],"yoast_head":"<!-- This site is optimized with the Yoast SEO plugin v27.4 - https:\/\/yoast.com\/product\/yoast-seo-wordpress\/ -->\n<title>Location - AniNite<\/title>\n<meta name=\"description\" content=\"The AniNite takes place at the Austria Center Vienna, Bruno-Kreisky-Platz 1, 1220 Vienna.\" \/>\n<meta name=\"robots\" content=\"index, follow, max-snippet:-1, max-image-preview:large, max-video-preview:-1\" \/>\n<link rel=\"canonical\" href=\"https:\/\/www.aninite.at\/en\/info-3\/location-3\/\" \/>\n<meta property=\"og:locale\" content=\"en_US\" \/>\n<meta property=\"og:type\" content=\"article\" \/>\n<meta property=\"og:title\" content=\"Location - AniNite\" \/>\n<meta property=\"og:description\" content=\"The AniNite takes place at the Austria Center Vienna, Bruno-Kreisky-Platz 1, 1220 Vienna.\" \/>\n<meta property=\"og:url\" content=\"https:\/\/www.aninite.at\/en\/info-3\/location-3\/\" \/>\n<meta property=\"og:site_name\" content=\"AniNite\" \/>\n<meta property=\"article:publisher\" content=\"https:\/\/www.facebook.com\/AniMangaAustria\" \/>\n<meta property=\"article:modified_time\" content=\"2026-04-15T18:39:10+00:00\" \/>\n<meta property=\"og:image\" content=\"https:\/\/www.aninite.at\/wp-content\/uploads\/cropped-Icon_2025.jpg\" \/>\n\t<meta property=\"og:image:width\" content=\"512\" \/>\n\t<meta property=\"og:image:height\" content=\"512\" \/>\n\t<meta property=\"og:image:type\" content=\"image\/jpeg\" \/>\n<meta name=\"twitter:card\" content=\"summary_large_image\" \/>\n<meta name=\"twitter:title\" content=\"AniNite\" \/>\n<meta name=\"twitter:description\" content=\"The AniNite takes place at the Austria Center Vienna, Bruno-Kreisky-Platz 1, 1220 Vienna.\" \/>\n<meta name=\"twitter:image\" content=\"https:\/\/www.aninite.at\/wp-content\/uploads\/Haendlerhalle_03_Sascha_offen-edited-1024x575.jpg\" \/>\n<script type=\"application\/ld+json\" class=\"yoast-schema-graph\">{\"@context\":\"https:\\\/\\\/schema.org\",\"@graph\":[{\"@type\":\"WebPage\",\"@id\":\"https:\\\/\\\/www.aninite.at\\\/en\\\/info-3\\\/location-3\\\/\",\"url\":\"https:\\\/\\\/www.aninite.at\\\/en\\\/info-3\\\/location-3\\\/\",\"name\":\"Location - AniNite\",\"isPartOf\":{\"@id\":\"https:\\\/\\\/www.aninite.at\\\/en\\\/#website\"},\"primaryImageOfPage\":{\"@id\":\"https:\\\/\\\/www.aninite.at\\\/en\\\/info-3\\\/location-3\\\/#primaryimage\"},\"image\":{\"@id\":\"https:\\\/\\\/www.aninite.at\\\/en\\\/info-3\\\/location-3\\\/#primaryimage\"},\"thumbnailUrl\":\"https:\\\/\\\/www.aninite.at\\\/wp-content\\\/uploads\\\/\\\/PageTitelBanner.svg\",\"datePublished\":\"2021-03-13T19:20:04+00:00\",\"dateModified\":\"2026-04-15T18:39:10+00:00\",\"description\":\"The AniNite takes place at the Austria Center Vienna, Bruno-Kreisky-Platz 1, 1220 Vienna.\",\"breadcrumb\":{\"@id\":\"https:\\\/\\\/www.aninite.at\\\/en\\\/info-3\\\/location-3\\\/#breadcrumb\"},\"inLanguage\":\"en-US\",\"potentialAction\":[{\"@type\":\"ReadAction\",\"target\":[\"https:\\\/\\\/www.aninite.at\\\/en\\\/info-3\\\/location-3\\\/\"]}]},{\"@type\":\"ImageObject\",\"inLanguage\":\"en-US\",\"@id\":\"https:\\\/\\\/www.aninite.at\\\/en\\\/info-3\\\/location-3\\\/#primaryimage\",\"url\":\"https:\\\/\\\/www.aninite.at\\\/wp-content\\\/uploads\\\/\\\/PageTitelBanner.svg\",\"contentUrl\":\"https:\\\/\\\/www.aninite.at\\\/wp-content\\\/uploads\\\/\\\/PageTitelBanner.svg\"},{\"@type\":\"BreadcrumbList\",\"@id\":\"https:\\\/\\\/www.aninite.at\\\/en\\\/info-3\\\/location-3\\\/#breadcrumb\",\"itemListElement\":[{\"@type\":\"ListItem\",\"position\":1,\"name\":\"Startseite\",\"item\":\"https:\\\/\\\/www.aninite.at\\\/en\\\/welcome\\\/\"},{\"@type\":\"ListItem\",\"position\":2,\"name\":\"Info\",\"item\":\"https:\\\/\\\/www.aninite.at\\\/en\\\/info-3\\\/\"},{\"@type\":\"ListItem\",\"position\":3,\"name\":\"Location\"}]},{\"@type\":\"WebSite\",\"@id\":\"https:\\\/\\\/www.aninite.at\\\/en\\\/#website\",\"url\":\"https:\\\/\\\/www.aninite.at\\\/en\\\/\",\"name\":\"AniNite\",\"description\":\"\u00d6sterreichs gr\u00f6\u00dfte Anime-, Manga- und Comic-Convention\",\"potentialAction\":[{\"@type\":\"SearchAction\",\"target\":{\"@type\":\"EntryPoint\",\"urlTemplate\":\"https:\\\/\\\/www.aninite.at\\\/en\\\/?s={search_term_string}\"},\"query-input\":{\"@type\":\"PropertyValueSpecification\",\"valueRequired\":true,\"valueName\":\"search_term_string\"}}],\"inLanguage\":\"en-US\"}]}<\/script>\n<!-- \/ Yoast SEO plugin. -->","yoast_head_json":{"title":"Location - AniNite","description":"The AniNite takes place at the Austria Center Vienna, Bruno-Kreisky-Platz 1, 1220 Vienna.","robots":{"index":"index","follow":"follow","max-snippet":"max-snippet:-1","max-image-preview":"max-image-preview:large","max-video-preview":"max-video-preview:-1"},"canonical":"https:\/\/www.aninite.at\/en\/info-3\/location-3\/","og_locale":"en_US","og_type":"article","og_title":"Location - AniNite","og_description":"The AniNite takes place at the Austria Center Vienna, Bruno-Kreisky-Platz 1, 1220 Vienna.","og_url":"https:\/\/www.aninite.at\/en\/info-3\/location-3\/","og_site_name":"AniNite","article_publisher":"https:\/\/www.facebook.com\/AniMangaAustria","article_modified_time":"2026-04-15T18:39:10+00:00","og_image":[{"width":512,"height":512,"url":"https:\/\/www.aninite.at\/wp-content\/uploads\/cropped-Icon_2025.jpg","type":"image\/jpeg"}],"twitter_card":"summary_large_image","twitter_title":"AniNite","twitter_description":"The AniNite takes place at the Austria Center Vienna, Bruno-Kreisky-Platz 1, 1220 Vienna.","twitter_image":"https:\/\/www.aninite.at\/wp-content\/uploads\/Haendlerhalle_03_Sascha_offen-edited-1024x575.jpg","schema":{"@context":"https:\/\/schema.org","@graph":[{"@type":"WebPage","@id":"https:\/\/www.aninite.at\/en\/info-3\/location-3\/","url":"https:\/\/www.aninite.at\/en\/info-3\/location-3\/","name":"Location - AniNite","isPartOf":{"@id":"https:\/\/www.aninite.at\/en\/#website"},"primaryImageOfPage":{"@id":"https:\/\/www.aninite.at\/en\/info-3\/location-3\/#primaryimage"},"image":{"@id":"https:\/\/www.aninite.at\/en\/info-3\/location-3\/#primaryimage"},"thumbnailUrl":"https:\/\/www.aninite.at\/wp-content\/uploads\/\/PageTitelBanner.svg","datePublished":"2021-03-13T19:20:04+00:00","dateModified":"2026-04-15T18:39:10+00:00","description":"The AniNite takes place at the Austria Center Vienna, Bruno-Kreisky-Platz 1, 1220 Vienna.","breadcrumb":{"@id":"https:\/\/www.aninite.at\/en\/info-3\/location-3\/#breadcrumb"},"inLanguage":"en-US","potentialAction":[{"@type":"ReadAction","target":["https:\/\/www.aninite.at\/en\/info-3\/location-3\/"]}]},{"@type":"ImageObject","inLanguage":"en-US","@id":"https:\/\/www.aninite.at\/en\/info-3\/location-3\/#primaryimage","url":"https:\/\/www.aninite.at\/wp-content\/uploads\/\/PageTitelBanner.svg","contentUrl":"https:\/\/www.aninite.at\/wp-content\/uploads\/\/PageTitelBanner.svg"},{"@type":"BreadcrumbList","@id":"https:\/\/www.aninite.at\/en\/info-3\/location-3\/#breadcrumb","itemListElement":[{"@type":"ListItem","position":1,"name":"Startseite","item":"https:\/\/www.aninite.at\/en\/welcome\/"},{"@type":"ListItem","position":2,"name":"Info","item":"https:\/\/www.aninite.at\/en\/info-3\/"},{"@type":"ListItem","position":3,"name":"Location"}]},{"@type":"WebSite","@id":"https:\/\/www.aninite.at\/en\/#website","url":"https:\/\/www.aninite.at\/en\/","name":"AniNite","description":"\u00d6sterreichs gr\u00f6\u00dfte Anime-, Manga- und Comic-Convention","potentialAction":[{"@type":"SearchAction","target":{"@type":"EntryPoint","urlTemplate":"https:\/\/www.aninite.at\/en\/?s={search_term_string}"},"query-input":{"@type":"PropertyValueSpecification","valueRequired":true,"valueName":"search_term_string"}}],"inLanguage":"en-US"}]}},"acf":[],"_links":{"self":[{"href":"https:\/\/www.aninite.at\/en\/wp-json\/wp\/v2\/pages\/32746","targetHints":{"allow":["GET"]}}],"collection":[{"href":"https:\/\/www.aninite.at\/en\/wp-json\/wp\/v2\/pages"}],"about":[{"href":"https:\/\/www.aninite.at\/en\/wp-json\/wp\/v2\/types\/page"}],"author":[{"embeddable":true,"href":"https:\/\/www.aninite.at\/en\/wp-json\/wp\/v2\/users\/10"}],"replies":[{"embeddable":true,"href":"https:\/\/www.aninite.at\/en\/wp-json\/wp\/v2\/comments?post=32746"}],"version-history":[{"count":7,"href":"https:\/\/www.aninite.at\/en\/wp-json\/wp\/v2\/pages\/32746\/revisions"}],"predecessor-version":[{"id":34981,"href":"https:\/\/www.aninite.at\/en\/wp-json\/wp\/v2\/pages\/32746\/revisions\/34981"}],"up":[{"embeddable":true,"href":"https:\/\/www.aninite.at\/en\/wp-json\/wp\/v2\/pages\/32706"}],"wp:attachment":[{"href":"https:\/\/www.aninite.at\/en\/wp-json\/wp\/v2\/media?parent=32746"}],"curies":[{"name":"wp","href":"https:\/\/api.w.org\/{rel}","templated":true}]}}