{"id":32756,"date":"2025-04-15T06:00:00","date_gmt":"2025-04-15T04:00:00","guid":{"rendered":"https:\/\/www.aninite.at\/aussteller\/18-area\/"},"modified":"2026-04-27T21:46:48","modified_gmt":"2026-04-27T19:46:48","slug":"18-bereich","status":"publish","type":"page","link":"https:\/\/www.aninite.at\/en\/aussteller\/18-bereich\/","title":{"rendered":"18+ range"},"content":{"rendered":"<div class=\"wp-block-image is-resized\">\n<figure class=\"aligncenter size-full\"><img loading=\"lazy\" decoding=\"async\" width=\"700\" height=\"72\" src=\"https:\/\/www.aninite.at\/wp-content\/uploads\/\/PageTitelBanner.svg\" alt=\"\" class=\"wp-image-34807\"\/><\/figure>\n<\/div>\n<div style=\"height:18px\" aria-hidden=\"true\" class=\"wp-block-spacer\"><\/div>\n\n<p class=\"has-text-align-center\"><strong>Registration for the 18+ Area will open shortly.<\/strong><br\/><strong>Registration for the <strong>18+<\/strong> Area is open until 17.05.2026, 23:15<\/strong><\/p>\n\n<div class=\"wp-block-buttons is-content-justification-center is-layout-flex wp-container-core-buttons-is-layout-16018d1d wp-block-buttons-is-layout-flex\">\n<div class=\"wp-block-button is-style-outline is-style-outline--1\"><a class=\"wp-block-button__link has-vivid-purple-color has-text-color has-link-color has-large-font-size has-custom-font-size wp-element-button\" href=\"https:\/\/forms.cloud.microsoft\/Pages\/DesignPageV2.aspx?prevorigin=shell&amp;origin=NeoPortalPage&amp;subpage=design&amp;id=vS-9NlFDJEOLWHEKOtMaO1pLJ7jC0LtMsiu7tcf3XTRUN1dUNE9RVzRDNjNJNzhGTUZKOEJGOTVRUSQlQCN0PWcu\" target=\"_blank\" rel=\"noreferrer noopener\"><strong>&gt;&gt;  Registration  &lt;&lt;<\/strong><\/a><\/div>\n<\/div>\n\n<hr class=\"wp-block-separator has-alpha-channel-opacity\"\/>\n\n<p class=\"has-text-align-center\">For all those who have registered: <br\/>Please check your emails regularly!<br\/>There you will be informed about the schedule, set-up and dismantling times etc.<br\/>Please also check your spam folder!<\/p>\n\n<p class=\"has-text-align-left\">You can find important information to read here:<br\/>1.) Information and rules <strong><a href=\"https:\/\/www.aninite.at\/wp-content\/uploads\/Artist_Regeln_und_InformationenDE26.pdf\" type=\"link\" id=\"https:\/\/www.aninite.at\/wp-content\/uploads\/Artist_Regeln_und_InformationenDE26.pdf\" target=\"_blank\" rel=\"noreferrer noopener\">GERMAN<\/a><\/strong> <strong><a href=\"https:\/\/www.aninite.at\/wp-content\/uploads\/Artist_Rules_and_InformationENG26.pdf\" type=\"link\" id=\"https:\/\/www.aninite.at\/wp-content\/uploads\/Artist_Rules_and_InformationENG26.pdf\" target=\"_blank\" rel=\"noreferrer noopener\">ENGLISH<\/a><\/strong><br\/>2) Fan Art Guide <strong><a href=\"https:\/\/www.aninite.at\/wp-content\/uploads\/FanArt_GuideDE.pdf\" target=\"_blank\" rel=\"noreferrer noopener\">GERMAN<\/a> <a href=\"https:\/\/www.aninite.at\/wp-content\/uploads\/FanArt_GuideENG.pdf\" target=\"_blank\" rel=\"noreferrer noopener\">ENGLISH<\/a><\/strong><\/p>\n\n<p>Regular table: dimensions HxWxD: 70 x 120 x 80 cm <br\/>Professional table: dimensions HxWxD: 74 x 160 x 80 cm<\/p>\n\n<p>To keep the most important facts at a glance\/ TLDR:<br\/>&#8211; Each table has 1 ticket for the artist and 1 chair included<br\/>&#8211; Fan Art tables are allowed up to maximum of 50% fan art. Tho other 50% must be original art.  <br\/>&#8211; Original-Art &#8220;regular&#8221; and &#8220;professional&#8221; tables may only offer Original-Art.<\/p>\n\n<p class=\"has-text-align-left\">If you have any further questions, you can reach us via the <a href=\"https:\/\/www.aninite.at\/en\/contact\/\">contact form <\/a>.<\/p>\n\n<hr class=\"wp-block-separator has-alpha-channel-opacity\"\/>\n\n<p class=\"has-text-align-center\"><strong><strong>The following artists* were at AniNite 2025<\/strong> in the 18+ area:<\/strong><\/p>\n\n<p class=\"has-text-align-center\">Application<\/p>\n\n<p class=\"has-text-align-center\">Anyanary<\/p>\n\n<p class=\"has-text-align-center\">Arkaisa<\/p>\n\n<p class=\"has-text-align-center\">Atit Artworks<\/p>\n\n<p class=\"has-text-align-center\">Bernhard Binder<\/p>\n\n<p class=\"has-text-align-center\">carboncats<\/p>\n\n<p class=\"has-text-align-center\">chibikurai<\/p>\n\n<p class=\"has-text-align-center\">DLK &#8211; Variety Artists<\/p>\n\n<p class=\"has-text-align-center\">Elidyah<\/p>\n\n<p class=\"has-text-align-center\">Forgotten Lectures<\/p>\n\n<p class=\"has-text-align-center\">Fuzzy Peach<\/p>\n\n<p class=\"has-text-align-center\">Fyly Artworks &amp; Cosplays<\/p>\n\n<p class=\"has-text-align-center\">Jannyaaa<\/p>\n\n<p class=\"has-text-align-center\">Karashi<\/p>\n\n<p class=\"has-text-align-center\">CariesSpice<\/p>\n\n<p class=\"has-text-align-center\">Lucycore (Galeria Body Art)<\/p>\n\n<p class=\"has-text-align-center\">Nirix Art<\/p>\n\n<p class=\"has-text-align-center\">PlayGay<\/p>\n\n<p class=\"has-text-align-center\">PointlessMu<\/p>\n\n<p class=\"has-text-align-center\">PPlicious studio<\/p>\n\n<p class=\"has-text-align-center\">Rambutan illustration<\/p>\n\n<p class=\"has-text-align-center\">retroferret<\/p>\n\n<p class=\"has-text-align-center\">Roxinoart<\/p>\n\n<p class=\"has-text-align-center\">Tobio&#8217;s way<\/p>\n\n<p class=\"has-text-align-center\">VoidShinjiko<\/p>\n<div class=\"wp-block-image\">\n<figure class=\"aligncenter size-full\"><img loading=\"lazy\" decoding=\"async\" width=\"728\" height=\"162\" src=\"https:\/\/www.aninite.at\/wp-content\/uploads\/Footer_2026_FL.png\" alt=\"\" class=\"wp-image-34746\" srcset=\"https:\/\/www.aninite.at\/wp-content\/uploads\/Footer_2026_FL.png 728w, https:\/\/www.aninite.at\/wp-content\/uploads\/Footer_2026_FL-300x67.png 300w\" sizes=\"auto, (max-width: 728px) 100vw, 728px\" \/><\/figure>\n<\/div>","protected":false},"excerpt":{"rendered":"<p>Registration for the 18+ Area will open shortly.Registration for the 18+ Area is open until 17.05.2026, 23:15 For all those who have registered: Please check your emails regularly!There you will be informed about the schedule, set-up and dismantling times etc.Please also check your spam folder! You can find important information to read here:1.) Information and rules GERMAN ENGLISH2) Fan Art Guide GERMAN ENGLISH Regular table: dimensions HxWxD: 70 x 120 x 80 cm Professional table: dimensions HxWxD: 74 x 160 x 80 cm To keep the most important facts at a glance\/ TLDR:&#8211; Each table has 1 ticket for the artist and 1 chair included&#8211; Fan Art tables are allowed up to maximum of 50% fan art. Tho other 50% must be original art. &#8211; Original-Art &#8220;regular&#8221; and &#8220;professional&#8221; tables may only offer Original-Art. If you have any further questions, you can reach us via the contact form . The following artists* were at AniNite 2025 in the 18+ area: Application Anyanary Arkaisa Atit Artworks Bernhard Binder carboncats chibikurai DLK &#8211; Variety Artists Elidyah Forgotten Lectures Fuzzy Peach Fyly Artworks &amp; Cosplays Jannyaaa Karashi CariesSpice Lucycore (Galeria Body Art) Nirix Art PlayGay PointlessMu PPlicious studio Rambutan illustration retroferret Roxinoart Tobio&#8217;s way VoidShinjiko<\/p>\n","protected":false},"author":10,"featured_media":0,"parent":32659,"menu_order":0,"comment_status":"closed","ping_status":"closed","template":"","meta":{"inline_featured_image":false,"footnotes":""},"class_list":["post-32756","page","type-page","status-publish","hentry"],"yoast_head":"<!-- This site is optimized with the Yoast SEO plugin v27.4 - https:\/\/yoast.com\/product\/yoast-seo-wordpress\/ -->\n<title>18+ range - AniNite<\/title>\n<meta name=\"robots\" content=\"index, follow, max-snippet:-1, max-image-preview:large, max-video-preview:-1\" \/>\n<link rel=\"canonical\" href=\"https:\/\/www.aninite.at\/en\/aussteller\/18-bereich\/\" \/>\n<meta property=\"og:locale\" content=\"en_US\" \/>\n<meta property=\"og:type\" content=\"article\" \/>\n<meta property=\"og:title\" content=\"18+ range - AniNite\" \/>\n<meta property=\"og:description\" content=\"Registration for the 18+ Area will open shortly.Registration for the 18+ Area is open until 17.05.2026, 23:15 For all those who have registered: Please check your emails regularly!There you will be informed about the schedule, set-up and dismantling times etc.Please also check your spam folder! You can find important information to read here:1.) Information and rules GERMAN ENGLISH2) Fan Art Guide GERMAN ENGLISH Regular table: dimensions HxWxD: 70 x 120 x 80 cm Professional table: dimensions HxWxD: 74 x 160 x 80 cm To keep the most important facts at a glance\/ TLDR:&#8211; Each table has 1 ticket for the artist and 1 chair included&#8211; Fan Art tables are allowed up to maximum of 50% fan art. Tho other 50% must be original art. &#8211; Original-Art &#8220;regular&#8221; and &#8220;professional&#8221; tables may only offer Original-Art. If you have any further questions, you can reach us via the contact form . The following artists* were at AniNite 2025 in the 18+ area: Application Anyanary Arkaisa Atit Artworks Bernhard Binder carboncats chibikurai DLK &#8211; Variety Artists Elidyah Forgotten Lectures Fuzzy Peach Fyly Artworks &amp; Cosplays Jannyaaa Karashi CariesSpice Lucycore (Galeria Body Art) Nirix Art PlayGay PointlessMu PPlicious studio Rambutan illustration retroferret Roxinoart Tobio&#8217;s way VoidShinjiko\" \/>\n<meta property=\"og:url\" content=\"https:\/\/www.aninite.at\/en\/aussteller\/18-bereich\/\" \/>\n<meta property=\"og:site_name\" content=\"AniNite\" \/>\n<meta property=\"article:publisher\" content=\"https:\/\/www.facebook.com\/AniMangaAustria\" \/>\n<meta property=\"article:modified_time\" content=\"2026-04-27T19:46:48+00:00\" \/>\n<meta property=\"og:image\" content=\"https:\/\/www.aninite.at\/wp-content\/uploads\/cropped-Icon_2025.jpg\" \/>\n\t<meta property=\"og:image:width\" content=\"512\" \/>\n\t<meta property=\"og:image:height\" content=\"512\" \/>\n\t<meta property=\"og:image:type\" content=\"image\/jpeg\" \/>\n<meta name=\"twitter:card\" content=\"summary_large_image\" \/>\n<meta name=\"twitter:label1\" content=\"Est. reading time\" \/>\n\t<meta name=\"twitter:data1\" content=\"1 minute\" \/>\n<script type=\"application\/ld+json\" class=\"yoast-schema-graph\">{\"@context\":\"https:\\\/\\\/schema.org\",\"@graph\":[{\"@type\":\"WebPage\",\"@id\":\"https:\\\/\\\/www.aninite.at\\\/en\\\/aussteller\\\/18-bereich\\\/\",\"url\":\"https:\\\/\\\/www.aninite.at\\\/en\\\/aussteller\\\/18-bereich\\\/\",\"name\":\"18+ range - AniNite\",\"isPartOf\":{\"@id\":\"https:\\\/\\\/www.aninite.at\\\/en\\\/#website\"},\"primaryImageOfPage\":{\"@id\":\"https:\\\/\\\/www.aninite.at\\\/en\\\/aussteller\\\/18-bereich\\\/#primaryimage\"},\"image\":{\"@id\":\"https:\\\/\\\/www.aninite.at\\\/en\\\/aussteller\\\/18-bereich\\\/#primaryimage\"},\"thumbnailUrl\":\"https:\\\/\\\/www.aninite.at\\\/wp-content\\\/uploads\\\/\\\/PageTitelBanner.svg\",\"datePublished\":\"2025-04-15T04:00:00+00:00\",\"dateModified\":\"2026-04-27T19:46:48+00:00\",\"breadcrumb\":{\"@id\":\"https:\\\/\\\/www.aninite.at\\\/en\\\/aussteller\\\/18-bereich\\\/#breadcrumb\"},\"inLanguage\":\"en-US\",\"potentialAction\":[{\"@type\":\"ReadAction\",\"target\":[\"https:\\\/\\\/www.aninite.at\\\/en\\\/aussteller\\\/18-bereich\\\/\"]}]},{\"@type\":\"ImageObject\",\"inLanguage\":\"en-US\",\"@id\":\"https:\\\/\\\/www.aninite.at\\\/en\\\/aussteller\\\/18-bereich\\\/#primaryimage\",\"url\":\"https:\\\/\\\/www.aninite.at\\\/wp-content\\\/uploads\\\/\\\/PageTitelBanner.svg\",\"contentUrl\":\"https:\\\/\\\/www.aninite.at\\\/wp-content\\\/uploads\\\/\\\/PageTitelBanner.svg\"},{\"@type\":\"BreadcrumbList\",\"@id\":\"https:\\\/\\\/www.aninite.at\\\/en\\\/aussteller\\\/18-bereich\\\/#breadcrumb\",\"itemListElement\":[{\"@type\":\"ListItem\",\"position\":1,\"name\":\"Startseite\",\"item\":\"https:\\\/\\\/www.aninite.at\\\/en\\\/welcome\\\/\"},{\"@type\":\"ListItem\",\"position\":2,\"name\":\"Exhibitor\",\"item\":\"https:\\\/\\\/www.aninite.at\\\/en\\\/aussteller\\\/\"},{\"@type\":\"ListItem\",\"position\":3,\"name\":\"18+ range\"}]},{\"@type\":\"WebSite\",\"@id\":\"https:\\\/\\\/www.aninite.at\\\/en\\\/#website\",\"url\":\"https:\\\/\\\/www.aninite.at\\\/en\\\/\",\"name\":\"AniNite\",\"description\":\"\u00d6sterreichs gr\u00f6\u00dfte Anime-, Manga- und Comic-Convention\",\"potentialAction\":[{\"@type\":\"SearchAction\",\"target\":{\"@type\":\"EntryPoint\",\"urlTemplate\":\"https:\\\/\\\/www.aninite.at\\\/en\\\/?s={search_term_string}\"},\"query-input\":{\"@type\":\"PropertyValueSpecification\",\"valueRequired\":true,\"valueName\":\"search_term_string\"}}],\"inLanguage\":\"en-US\"}]}<\/script>\n<!-- \/ Yoast SEO plugin. -->","yoast_head_json":{"title":"18+ range - AniNite","robots":{"index":"index","follow":"follow","max-snippet":"max-snippet:-1","max-image-preview":"max-image-preview:large","max-video-preview":"max-video-preview:-1"},"canonical":"https:\/\/www.aninite.at\/en\/aussteller\/18-bereich\/","og_locale":"en_US","og_type":"article","og_title":"18+ range - AniNite","og_description":"Registration for the 18+ Area will open shortly.Registration for the 18+ Area is open until 17.05.2026, 23:15 For all those who have registered: Please check your emails regularly!There you will be informed about the schedule, set-up and dismantling times etc.Please also check your spam folder! You can find important information to read here:1.) Information and rules GERMAN ENGLISH2) Fan Art Guide GERMAN ENGLISH Regular table: dimensions HxWxD: 70 x 120 x 80 cm Professional table: dimensions HxWxD: 74 x 160 x 80 cm To keep the most important facts at a glance\/ TLDR:&#8211; Each table has 1 ticket for the artist and 1 chair included&#8211; Fan Art tables are allowed up to maximum of 50% fan art. Tho other 50% must be original art. &#8211; Original-Art &#8220;regular&#8221; and &#8220;professional&#8221; tables may only offer Original-Art. If you have any further questions, you can reach us via the contact form . The following artists* were at AniNite 2025 in the 18+ area: Application Anyanary Arkaisa Atit Artworks Bernhard Binder carboncats chibikurai DLK &#8211; Variety Artists Elidyah Forgotten Lectures Fuzzy Peach Fyly Artworks &amp; Cosplays Jannyaaa Karashi CariesSpice Lucycore (Galeria Body Art) Nirix Art PlayGay PointlessMu PPlicious studio Rambutan illustration retroferret Roxinoart Tobio&#8217;s way VoidShinjiko","og_url":"https:\/\/www.aninite.at\/en\/aussteller\/18-bereich\/","og_site_name":"AniNite","article_publisher":"https:\/\/www.facebook.com\/AniMangaAustria","article_modified_time":"2026-04-27T19:46:48+00:00","og_image":[{"width":512,"height":512,"url":"https:\/\/www.aninite.at\/wp-content\/uploads\/cropped-Icon_2025.jpg","type":"image\/jpeg"}],"twitter_card":"summary_large_image","twitter_misc":{"Est. reading time":"1 minute"},"schema":{"@context":"https:\/\/schema.org","@graph":[{"@type":"WebPage","@id":"https:\/\/www.aninite.at\/en\/aussteller\/18-bereich\/","url":"https:\/\/www.aninite.at\/en\/aussteller\/18-bereich\/","name":"18+ range - AniNite","isPartOf":{"@id":"https:\/\/www.aninite.at\/en\/#website"},"primaryImageOfPage":{"@id":"https:\/\/www.aninite.at\/en\/aussteller\/18-bereich\/#primaryimage"},"image":{"@id":"https:\/\/www.aninite.at\/en\/aussteller\/18-bereich\/#primaryimage"},"thumbnailUrl":"https:\/\/www.aninite.at\/wp-content\/uploads\/\/PageTitelBanner.svg","datePublished":"2025-04-15T04:00:00+00:00","dateModified":"2026-04-27T19:46:48+00:00","breadcrumb":{"@id":"https:\/\/www.aninite.at\/en\/aussteller\/18-bereich\/#breadcrumb"},"inLanguage":"en-US","potentialAction":[{"@type":"ReadAction","target":["https:\/\/www.aninite.at\/en\/aussteller\/18-bereich\/"]}]},{"@type":"ImageObject","inLanguage":"en-US","@id":"https:\/\/www.aninite.at\/en\/aussteller\/18-bereich\/#primaryimage","url":"https:\/\/www.aninite.at\/wp-content\/uploads\/\/PageTitelBanner.svg","contentUrl":"https:\/\/www.aninite.at\/wp-content\/uploads\/\/PageTitelBanner.svg"},{"@type":"BreadcrumbList","@id":"https:\/\/www.aninite.at\/en\/aussteller\/18-bereich\/#breadcrumb","itemListElement":[{"@type":"ListItem","position":1,"name":"Startseite","item":"https:\/\/www.aninite.at\/en\/welcome\/"},{"@type":"ListItem","position":2,"name":"Exhibitor","item":"https:\/\/www.aninite.at\/en\/aussteller\/"},{"@type":"ListItem","position":3,"name":"18+ range"}]},{"@type":"WebSite","@id":"https:\/\/www.aninite.at\/en\/#website","url":"https:\/\/www.aninite.at\/en\/","name":"AniNite","description":"\u00d6sterreichs gr\u00f6\u00dfte Anime-, Manga- und Comic-Convention","potentialAction":[{"@type":"SearchAction","target":{"@type":"EntryPoint","urlTemplate":"https:\/\/www.aninite.at\/en\/?s={search_term_string}"},"query-input":{"@type":"PropertyValueSpecification","valueRequired":true,"valueName":"search_term_string"}}],"inLanguage":"en-US"}]}},"acf":[],"_links":{"self":[{"href":"https:\/\/www.aninite.at\/en\/wp-json\/wp\/v2\/pages\/32756","targetHints":{"allow":["GET"]}}],"collection":[{"href":"https:\/\/www.aninite.at\/en\/wp-json\/wp\/v2\/pages"}],"about":[{"href":"https:\/\/www.aninite.at\/en\/wp-json\/wp\/v2\/types\/page"}],"author":[{"embeddable":true,"href":"https:\/\/www.aninite.at\/en\/wp-json\/wp\/v2\/users\/10"}],"replies":[{"embeddable":true,"href":"https:\/\/www.aninite.at\/en\/wp-json\/wp\/v2\/comments?post=32756"}],"version-history":[{"count":9,"href":"https:\/\/www.aninite.at\/en\/wp-json\/wp\/v2\/pages\/32756\/revisions"}],"predecessor-version":[{"id":35097,"href":"https:\/\/www.aninite.at\/en\/wp-json\/wp\/v2\/pages\/32756\/revisions\/35097"}],"up":[{"embeddable":true,"href":"https:\/\/www.aninite.at\/en\/wp-json\/wp\/v2\/pages\/32659"}],"wp:attachment":[{"href":"https:\/\/www.aninite.at\/en\/wp-json\/wp\/v2\/media?parent=32756"}],"curies":[{"name":"wp","href":"https:\/\/api.w.org\/{rel}","templated":true}]}}