{"id":32880,"date":"2023-07-12T17:05:59","date_gmt":"2023-07-12T15:05:59","guid":{"rendered":"https:\/\/www.aninite.at\/info-3\/safezone-2\/"},"modified":"2026-04-15T20:42:27","modified_gmt":"2026-04-15T18:42:27","slug":"safezone-2","status":"publish","type":"page","link":"https:\/\/www.aninite.at\/en\/info-3\/safezone-2\/","title":{"rendered":"Safezone"},"content":{"rendered":"<div class=\"wp-block-image\">\n<figure class=\"aligncenter size-full\"><img loading=\"lazy\" decoding=\"async\" width=\"700\" height=\"72\" src=\"https:\/\/www.aninite.at\/wp-content\/uploads\/\/PageTitelBanner.svg\" alt=\"\" class=\"wp-image-34807\"\/><\/figure>\n<\/div>\n<div style=\"height:48px\" aria-hidden=\"true\" class=\"wp-block-spacer\"><\/div>\n\n<p>As the name suggests, the safe zone is a safe place.<br\/>If everything is just too much for you right now and you&#8217;re not feeling well, you can recover from the stress of the con here. You can retreat to a relaxed atmosphere. <br\/>So that nobody feels disturbed, there is an absolute <strong>photo ban<\/strong> and peace and quiet! <\/p>\n\n<h3 class=\"wp-block-heading has-text-color has-link-color wp-elements-89562a1bee2147aa7916cbdcdea6eb70\" style=\"color:#801fdc\">Safe Word<\/h3>\n\n<p>Do you feel harassed by someone? Have you been made fun of or even touched without being asked, but no one is there to help you out of the situation? Don&#8217;t worry, we&#8217;re here for you!    <\/p>\n\n<p>Go to a security guard and ask if Glubschi is there. Security will take you to a safe place. There you can calm down and talk about the situation.<br\/>So don&#8217;t forget the code word! <strong>&#8220;Is Glubschi there?&#8221;<\/strong>  <\/p>\n\n<div style=\"height:100px\" aria-hidden=\"true\" class=\"wp-block-spacer\"><\/div>\n<div class=\"wp-block-image\">\n<figure class=\"aligncenter size-full\"><img loading=\"lazy\" decoding=\"async\" width=\"728\" height=\"162\" src=\"https:\/\/www.aninite.at\/wp-content\/uploads\/Footer_2026_FL.png\" alt=\"\" class=\"wp-image-34746\" srcset=\"https:\/\/www.aninite.at\/wp-content\/uploads\/Footer_2026_FL.png 728w, https:\/\/www.aninite.at\/wp-content\/uploads\/Footer_2026_FL-300x67.png 300w\" sizes=\"auto, (max-width: 728px) 100vw, 728px\" \/><\/figure>\n<\/div>","protected":false},"excerpt":{"rendered":"<p>As the name suggests, the safe zone is a safe place.If everything is just too much for you right now and you&#8217;re not feeling well, you can recover from the stress of the con here. You can retreat to a relaxed atmosphere. So that nobody feels disturbed, there is an absolute photo ban and peace and quiet! Safe Word Do you feel harassed by someone? Have you been made fun of or even touched without being asked, but no one is there to help you out of the situation? Don&#8217;t worry, we&#8217;re here for you! Go to a security guard and ask if Glubschi is there. Security will take you to a safe place. There you can calm down and talk about the situation.So don&#8217;t forget the code word! &#8220;Is Glubschi there?&#8221;<\/p>\n","protected":false},"author":10,"featured_media":0,"parent":32706,"menu_order":0,"comment_status":"closed","ping_status":"closed","template":"","meta":{"inline_featured_image":false,"footnotes":""},"class_list":["post-32880","page","type-page","status-publish","hentry"],"yoast_head":"<!-- This site is optimized with the Yoast SEO plugin v27.5 - https:\/\/yoast.com\/product\/yoast-seo-wordpress\/ -->\n<title>Safezone - AniNite<\/title>\n<meta name=\"robots\" content=\"index, follow, max-snippet:-1, max-image-preview:large, max-video-preview:-1\" \/>\n<link rel=\"canonical\" href=\"https:\/\/www.aninite.at\/en\/info-3\/safezone-2\/\" \/>\n<meta property=\"og:locale\" content=\"en_US\" \/>\n<meta property=\"og:type\" content=\"article\" \/>\n<meta property=\"og:title\" content=\"Safezone - AniNite\" \/>\n<meta property=\"og:description\" content=\"As the name suggests, the safe zone is a safe place.If everything is just too much for you right now and you&#8217;re not feeling well, you can recover from the stress of the con here. You can retreat to a relaxed atmosphere. So that nobody feels disturbed, there is an absolute photo ban and peace and quiet! Safe Word Do you feel harassed by someone? Have you been made fun of or even touched without being asked, but no one is there to help you out of the situation? Don&#8217;t worry, we&#8217;re here for you! Go to a security guard and ask if Glubschi is there. Security will take you to a safe place. There you can calm down and talk about the situation.So don&#8217;t forget the code word! &#8220;Is Glubschi there?&#8221;\" \/>\n<meta property=\"og:url\" content=\"https:\/\/www.aninite.at\/en\/info-3\/safezone-2\/\" \/>\n<meta property=\"og:site_name\" content=\"AniNite\" \/>\n<meta property=\"article:publisher\" content=\"https:\/\/www.facebook.com\/AniMangaAustria\" \/>\n<meta property=\"article:modified_time\" content=\"2026-04-15T18:42:27+00:00\" \/>\n<meta property=\"og:image\" content=\"https:\/\/www.aninite.at\/wp-content\/uploads\/cropped-Icon_2025.jpg\" \/>\n\t<meta property=\"og:image:width\" content=\"512\" \/>\n\t<meta property=\"og:image:height\" content=\"512\" \/>\n\t<meta property=\"og:image:type\" content=\"image\/jpeg\" \/>\n<meta name=\"twitter:card\" content=\"summary_large_image\" \/>\n<meta name=\"twitter:label1\" content=\"Est. reading time\" \/>\n\t<meta name=\"twitter:data1\" content=\"1 minute\" \/>\n<script type=\"application\/ld+json\" class=\"yoast-schema-graph\">{\"@context\":\"https:\\\/\\\/schema.org\",\"@graph\":[{\"@type\":\"WebPage\",\"@id\":\"https:\\\/\\\/www.aninite.at\\\/en\\\/info-3\\\/safezone-2\\\/\",\"url\":\"https:\\\/\\\/www.aninite.at\\\/en\\\/info-3\\\/safezone-2\\\/\",\"name\":\"Safezone - AniNite\",\"isPartOf\":{\"@id\":\"https:\\\/\\\/www.aninite.at\\\/en\\\/#website\"},\"primaryImageOfPage\":{\"@id\":\"https:\\\/\\\/www.aninite.at\\\/en\\\/info-3\\\/safezone-2\\\/#primaryimage\"},\"image\":{\"@id\":\"https:\\\/\\\/www.aninite.at\\\/en\\\/info-3\\\/safezone-2\\\/#primaryimage\"},\"thumbnailUrl\":\"https:\\\/\\\/www.aninite.at\\\/wp-content\\\/uploads\\\/\\\/PageTitelBanner.svg\",\"datePublished\":\"2023-07-12T15:05:59+00:00\",\"dateModified\":\"2026-04-15T18:42:27+00:00\",\"breadcrumb\":{\"@id\":\"https:\\\/\\\/www.aninite.at\\\/en\\\/info-3\\\/safezone-2\\\/#breadcrumb\"},\"inLanguage\":\"en-US\",\"potentialAction\":[{\"@type\":\"ReadAction\",\"target\":[\"https:\\\/\\\/www.aninite.at\\\/en\\\/info-3\\\/safezone-2\\\/\"]}]},{\"@type\":\"ImageObject\",\"inLanguage\":\"en-US\",\"@id\":\"https:\\\/\\\/www.aninite.at\\\/en\\\/info-3\\\/safezone-2\\\/#primaryimage\",\"url\":\"https:\\\/\\\/www.aninite.at\\\/wp-content\\\/uploads\\\/\\\/PageTitelBanner.svg\",\"contentUrl\":\"https:\\\/\\\/www.aninite.at\\\/wp-content\\\/uploads\\\/\\\/PageTitelBanner.svg\"},{\"@type\":\"BreadcrumbList\",\"@id\":\"https:\\\/\\\/www.aninite.at\\\/en\\\/info-3\\\/safezone-2\\\/#breadcrumb\",\"itemListElement\":[{\"@type\":\"ListItem\",\"position\":1,\"name\":\"Startseite\",\"item\":\"https:\\\/\\\/www.aninite.at\\\/en\\\/welcome\\\/\"},{\"@type\":\"ListItem\",\"position\":2,\"name\":\"Info\",\"item\":\"https:\\\/\\\/www.aninite.at\\\/en\\\/info-3\\\/\"},{\"@type\":\"ListItem\",\"position\":3,\"name\":\"Safezone\"}]},{\"@type\":\"WebSite\",\"@id\":\"https:\\\/\\\/www.aninite.at\\\/en\\\/#website\",\"url\":\"https:\\\/\\\/www.aninite.at\\\/en\\\/\",\"name\":\"AniNite\",\"description\":\"\u00d6sterreichs gr\u00f6\u00dfte Anime-, Manga- und Comic-Convention\",\"potentialAction\":[{\"@type\":\"SearchAction\",\"target\":{\"@type\":\"EntryPoint\",\"urlTemplate\":\"https:\\\/\\\/www.aninite.at\\\/en\\\/?s={search_term_string}\"},\"query-input\":{\"@type\":\"PropertyValueSpecification\",\"valueRequired\":true,\"valueName\":\"search_term_string\"}}],\"inLanguage\":\"en-US\"}]}<\/script>\n<!-- \/ Yoast SEO plugin. -->","yoast_head_json":{"title":"Safezone - AniNite","robots":{"index":"index","follow":"follow","max-snippet":"max-snippet:-1","max-image-preview":"max-image-preview:large","max-video-preview":"max-video-preview:-1"},"canonical":"https:\/\/www.aninite.at\/en\/info-3\/safezone-2\/","og_locale":"en_US","og_type":"article","og_title":"Safezone - AniNite","og_description":"As the name suggests, the safe zone is a safe place.If everything is just too much for you right now and you&#8217;re not feeling well, you can recover from the stress of the con here. You can retreat to a relaxed atmosphere. So that nobody feels disturbed, there is an absolute photo ban and peace and quiet! Safe Word Do you feel harassed by someone? Have you been made fun of or even touched without being asked, but no one is there to help you out of the situation? Don&#8217;t worry, we&#8217;re here for you! Go to a security guard and ask if Glubschi is there. Security will take you to a safe place. There you can calm down and talk about the situation.So don&#8217;t forget the code word! &#8220;Is Glubschi there?&#8221;","og_url":"https:\/\/www.aninite.at\/en\/info-3\/safezone-2\/","og_site_name":"AniNite","article_publisher":"https:\/\/www.facebook.com\/AniMangaAustria","article_modified_time":"2026-04-15T18:42:27+00:00","og_image":[{"width":512,"height":512,"url":"https:\/\/www.aninite.at\/wp-content\/uploads\/cropped-Icon_2025.jpg","type":"image\/jpeg"}],"twitter_card":"summary_large_image","twitter_misc":{"Est. reading time":"1 minute"},"schema":{"@context":"https:\/\/schema.org","@graph":[{"@type":"WebPage","@id":"https:\/\/www.aninite.at\/en\/info-3\/safezone-2\/","url":"https:\/\/www.aninite.at\/en\/info-3\/safezone-2\/","name":"Safezone - AniNite","isPartOf":{"@id":"https:\/\/www.aninite.at\/en\/#website"},"primaryImageOfPage":{"@id":"https:\/\/www.aninite.at\/en\/info-3\/safezone-2\/#primaryimage"},"image":{"@id":"https:\/\/www.aninite.at\/en\/info-3\/safezone-2\/#primaryimage"},"thumbnailUrl":"https:\/\/www.aninite.at\/wp-content\/uploads\/\/PageTitelBanner.svg","datePublished":"2023-07-12T15:05:59+00:00","dateModified":"2026-04-15T18:42:27+00:00","breadcrumb":{"@id":"https:\/\/www.aninite.at\/en\/info-3\/safezone-2\/#breadcrumb"},"inLanguage":"en-US","potentialAction":[{"@type":"ReadAction","target":["https:\/\/www.aninite.at\/en\/info-3\/safezone-2\/"]}]},{"@type":"ImageObject","inLanguage":"en-US","@id":"https:\/\/www.aninite.at\/en\/info-3\/safezone-2\/#primaryimage","url":"https:\/\/www.aninite.at\/wp-content\/uploads\/\/PageTitelBanner.svg","contentUrl":"https:\/\/www.aninite.at\/wp-content\/uploads\/\/PageTitelBanner.svg"},{"@type":"BreadcrumbList","@id":"https:\/\/www.aninite.at\/en\/info-3\/safezone-2\/#breadcrumb","itemListElement":[{"@type":"ListItem","position":1,"name":"Startseite","item":"https:\/\/www.aninite.at\/en\/welcome\/"},{"@type":"ListItem","position":2,"name":"Info","item":"https:\/\/www.aninite.at\/en\/info-3\/"},{"@type":"ListItem","position":3,"name":"Safezone"}]},{"@type":"WebSite","@id":"https:\/\/www.aninite.at\/en\/#website","url":"https:\/\/www.aninite.at\/en\/","name":"AniNite","description":"\u00d6sterreichs gr\u00f6\u00dfte Anime-, Manga- und Comic-Convention","potentialAction":[{"@type":"SearchAction","target":{"@type":"EntryPoint","urlTemplate":"https:\/\/www.aninite.at\/en\/?s={search_term_string}"},"query-input":{"@type":"PropertyValueSpecification","valueRequired":true,"valueName":"search_term_string"}}],"inLanguage":"en-US"}]}},"acf":[],"_links":{"self":[{"href":"https:\/\/www.aninite.at\/en\/wp-json\/wp\/v2\/pages\/32880","targetHints":{"allow":["GET"]}}],"collection":[{"href":"https:\/\/www.aninite.at\/en\/wp-json\/wp\/v2\/pages"}],"about":[{"href":"https:\/\/www.aninite.at\/en\/wp-json\/wp\/v2\/types\/page"}],"author":[{"embeddable":true,"href":"https:\/\/www.aninite.at\/en\/wp-json\/wp\/v2\/users\/10"}],"replies":[{"embeddable":true,"href":"https:\/\/www.aninite.at\/en\/wp-json\/wp\/v2\/comments?post=32880"}],"version-history":[{"count":4,"href":"https:\/\/www.aninite.at\/en\/wp-json\/wp\/v2\/pages\/32880\/revisions"}],"predecessor-version":[{"id":34993,"href":"https:\/\/www.aninite.at\/en\/wp-json\/wp\/v2\/pages\/32880\/revisions\/34993"}],"up":[{"embeddable":true,"href":"https:\/\/www.aninite.at\/en\/wp-json\/wp\/v2\/pages\/32706"}],"wp:attachment":[{"href":"https:\/\/www.aninite.at\/en\/wp-json\/wp\/v2\/media?parent=32880"}],"curies":[{"name":"wp","href":"https:\/\/api.w.org\/{rel}","templated":true}]}}