{"id":33541,"date":"2021-03-13T20:41:34","date_gmt":"2021-03-13T19:41:34","guid":{"rendered":"https:\/\/www.aninite.at\/info-3\/downloads\/"},"modified":"2026-04-15T20:33:17","modified_gmt":"2026-04-15T18:33:17","slug":"downloads","status":"publish","type":"page","link":"https:\/\/www.aninite.at\/en\/info-3\/downloads\/","title":{"rendered":"Downloads"},"content":{"rendered":"<div class=\"wp-block-image\">\n<figure class=\"aligncenter size-full\"><img loading=\"lazy\" decoding=\"async\" width=\"700\" height=\"72\" src=\"https:\/\/www.aninite.at\/wp-content\/uploads\/\/PageTitelBanner.svg\" alt=\"\" class=\"wp-image-34807\"\/><\/figure>\n<\/div>\n<div class=\"wp-block-columns is-layout-flex wp-container-core-columns-is-layout-9d6595d7 wp-block-columns-is-layout-flex\">\n<div class=\"wp-block-column is-vertically-aligned-center is-layout-flow wp-block-column-is-layout-flow\"><\/div>\n\n\n\n<div class=\"wp-block-column is-vertically-aligned-center is-layout-flow wp-block-column-is-layout-flow\"><\/div>\n<\/div>\n\n<p><strong>Gift voucher<\/strong><br\/>Are you giving someone an AniNite ticket, fan package, a visit to the Maidcaf\u00e9 or teahouse, but want to present it nicely? Here you can get the AniNite voucher to sweeten the anticipation! <\/p>\n<div class=\"wp-block-image is-resized\">\n<figure class=\"aligncenter size-medium\"><a href=\"https:\/\/www.aninite.at\/wp-content\/uploads\/\/Gift_Card_New_2020_Front-300x188.jpg\"><img loading=\"lazy\" decoding=\"async\" width=\"300\" height=\"188\" src=\"https:\/\/www.aninite.at\/wp-content\/uploads\/\/Gift_Card_New_2020_Front-300x188.jpg\" alt=\"\" class=\"wp-image-870\" srcset=\"https:\/\/www.aninite.at\/wp-content\/uploads\/Gift_Card_New_2020_Front-300x188.jpg 300w, https:\/\/www.aninite.at\/wp-content\/uploads\/Gift_Card_New_2020_Front-1024x643.jpg 1024w, https:\/\/www.aninite.at\/wp-content\/uploads\/Gift_Card_New_2020_Front-768x482.jpg 768w, https:\/\/www.aninite.at\/wp-content\/uploads\/Gift_Card_New_2020_Front-624x392.jpg 624w, https:\/\/www.aninite.at\/wp-content\/uploads\/Gift_Card_New_2020_Front.jpg 1351w\" sizes=\"auto, (max-width: 300px) 100vw, 300px\" \/><\/a><\/figure>\n<\/div><div class=\"wp-block-image\">\n<figure class=\"aligncenter size-medium\"><a href=\"https:\/\/www.aninite.at\/wp-content\/uploads\/\/Gift_Card_New_2020_Back-300x188.jpg\"><img loading=\"lazy\" decoding=\"async\" width=\"300\" height=\"188\" src=\"https:\/\/www.aninite.at\/wp-content\/uploads\/\/Gift_Card_New_2020_Back-300x188.jpg\" alt=\"\" class=\"wp-image-872\" srcset=\"https:\/\/www.aninite.at\/wp-content\/uploads\/Gift_Card_New_2020_Back-300x188.jpg 300w, https:\/\/www.aninite.at\/wp-content\/uploads\/Gift_Card_New_2020_Back-1024x643.jpg 1024w, https:\/\/www.aninite.at\/wp-content\/uploads\/Gift_Card_New_2020_Back-768x482.jpg 768w, https:\/\/www.aninite.at\/wp-content\/uploads\/Gift_Card_New_2020_Back-624x392.jpg 624w, https:\/\/www.aninite.at\/wp-content\/uploads\/Gift_Card_New_2020_Back.jpg 1351w\" sizes=\"auto, (max-width: 300px) 100vw, 300px\" \/><\/a><figcaption class=\"wp-element-caption\">Please note that the voucher is for personal use only and will not be recognized at the cash desk or as a means of payment!<\/figcaption><\/figure>\n<\/div>\n<p><\/p>\n\n<p><\/p>\n<div class=\"wp-block-image\">\n<figure class=\"aligncenter size-full\"><img loading=\"lazy\" decoding=\"async\" width=\"728\" height=\"162\" src=\"https:\/\/www.aninite.at\/wp-content\/uploads\/Footer_2026_FL.png\" alt=\"\" class=\"wp-image-34746\" srcset=\"https:\/\/www.aninite.at\/wp-content\/uploads\/Footer_2026_FL.png 728w, https:\/\/www.aninite.at\/wp-content\/uploads\/Footer_2026_FL-300x67.png 300w\" sizes=\"auto, (max-width: 728px) 100vw, 728px\" \/><\/figure>\n<\/div>\n<p><\/p>\n","protected":false},"excerpt":{"rendered":"<p>Gift voucherAre you giving someone an AniNite ticket, fan package, a visit to the Maidcaf\u00e9 or teahouse, but want to present it nicely? Here you can get the AniNite voucher to sweeten the anticipation!<\/p>\n","protected":false},"author":10,"featured_media":0,"parent":32706,"menu_order":0,"comment_status":"closed","ping_status":"closed","template":"","meta":{"inline_featured_image":false,"footnotes":""},"class_list":["post-33541","page","type-page","status-publish","hentry"],"yoast_head":"<!-- This site is optimized with the Yoast SEO plugin v27.4 - https:\/\/yoast.com\/product\/yoast-seo-wordpress\/ -->\n<title>Downloads - AniNite<\/title>\n<meta name=\"description\" content=\"Here you can find the downloads for our annual mascot wallpapers, gift vouchers and cosplay lineup graphics!\" \/>\n<meta name=\"robots\" content=\"index, follow, max-snippet:-1, max-image-preview:large, max-video-preview:-1\" \/>\n<link rel=\"canonical\" href=\"https:\/\/www.aninite.at\/en\/info-3\/downloads\/\" \/>\n<meta property=\"og:locale\" content=\"en_US\" \/>\n<meta property=\"og:type\" content=\"article\" \/>\n<meta property=\"og:title\" content=\"Downloads - AniNite\" \/>\n<meta property=\"og:description\" content=\"Here you can find the downloads for our annual mascot wallpapers, gift vouchers and cosplay lineup graphics!\" \/>\n<meta property=\"og:url\" content=\"https:\/\/www.aninite.at\/en\/info-3\/downloads\/\" \/>\n<meta property=\"og:site_name\" content=\"AniNite\" \/>\n<meta property=\"article:publisher\" content=\"https:\/\/www.facebook.com\/AniMangaAustria\" \/>\n<meta property=\"article:modified_time\" content=\"2026-04-15T18:33:17+00:00\" \/>\n<meta property=\"og:image\" content=\"https:\/\/www.aninite.at\/wp-content\/uploads\/cropped-Icon_2025.jpg\" \/>\n\t<meta property=\"og:image:width\" content=\"512\" \/>\n\t<meta property=\"og:image:height\" content=\"512\" \/>\n\t<meta property=\"og:image:type\" content=\"image\/jpeg\" \/>\n<meta name=\"twitter:card\" content=\"summary_large_image\" \/>\n<meta name=\"twitter:title\" content=\"AniNite Downloads\" \/>\n<meta name=\"twitter:description\" content=\"Here you can find the downloads for our annual mascot wallpapers, gift vouchers and cosplay lineup graphics!\" \/>\n<meta name=\"twitter:image\" content=\"https:\/\/www.aninite.at\/wp-content\/uploads\/AniNite22_Cosplaylineup-1024x1024.png\" \/>\n<script type=\"application\/ld+json\" class=\"yoast-schema-graph\">{\"@context\":\"https:\\\/\\\/schema.org\",\"@graph\":[{\"@type\":\"WebPage\",\"@id\":\"https:\\\/\\\/www.aninite.at\\\/en\\\/info-3\\\/downloads\\\/\",\"url\":\"https:\\\/\\\/www.aninite.at\\\/en\\\/info-3\\\/downloads\\\/\",\"name\":\"Downloads - AniNite\",\"isPartOf\":{\"@id\":\"https:\\\/\\\/www.aninite.at\\\/en\\\/#website\"},\"primaryImageOfPage\":{\"@id\":\"https:\\\/\\\/www.aninite.at\\\/en\\\/info-3\\\/downloads\\\/#primaryimage\"},\"image\":{\"@id\":\"https:\\\/\\\/www.aninite.at\\\/en\\\/info-3\\\/downloads\\\/#primaryimage\"},\"thumbnailUrl\":\"https:\\\/\\\/www.aninite.at\\\/wp-content\\\/uploads\\\/\\\/PageTitelBanner.svg\",\"datePublished\":\"2021-03-13T19:41:34+00:00\",\"dateModified\":\"2026-04-15T18:33:17+00:00\",\"description\":\"Here you can find the downloads for our annual mascot wallpapers, gift vouchers and cosplay lineup graphics!\",\"breadcrumb\":{\"@id\":\"https:\\\/\\\/www.aninite.at\\\/en\\\/info-3\\\/downloads\\\/#breadcrumb\"},\"inLanguage\":\"en-US\",\"potentialAction\":[{\"@type\":\"ReadAction\",\"target\":[\"https:\\\/\\\/www.aninite.at\\\/en\\\/info-3\\\/downloads\\\/\"]}]},{\"@type\":\"ImageObject\",\"inLanguage\":\"en-US\",\"@id\":\"https:\\\/\\\/www.aninite.at\\\/en\\\/info-3\\\/downloads\\\/#primaryimage\",\"url\":\"https:\\\/\\\/www.aninite.at\\\/wp-content\\\/uploads\\\/\\\/PageTitelBanner.svg\",\"contentUrl\":\"https:\\\/\\\/www.aninite.at\\\/wp-content\\\/uploads\\\/\\\/PageTitelBanner.svg\"},{\"@type\":\"BreadcrumbList\",\"@id\":\"https:\\\/\\\/www.aninite.at\\\/en\\\/info-3\\\/downloads\\\/#breadcrumb\",\"itemListElement\":[{\"@type\":\"ListItem\",\"position\":1,\"name\":\"Startseite\",\"item\":\"https:\\\/\\\/www.aninite.at\\\/en\\\/welcome\\\/\"},{\"@type\":\"ListItem\",\"position\":2,\"name\":\"Info\",\"item\":\"https:\\\/\\\/www.aninite.at\\\/en\\\/info-3\\\/\"},{\"@type\":\"ListItem\",\"position\":3,\"name\":\"Downloads\"}]},{\"@type\":\"WebSite\",\"@id\":\"https:\\\/\\\/www.aninite.at\\\/en\\\/#website\",\"url\":\"https:\\\/\\\/www.aninite.at\\\/en\\\/\",\"name\":\"AniNite\",\"description\":\"\u00d6sterreichs gr\u00f6\u00dfte Anime-, Manga- und Comic-Convention\",\"potentialAction\":[{\"@type\":\"SearchAction\",\"target\":{\"@type\":\"EntryPoint\",\"urlTemplate\":\"https:\\\/\\\/www.aninite.at\\\/en\\\/?s={search_term_string}\"},\"query-input\":{\"@type\":\"PropertyValueSpecification\",\"valueRequired\":true,\"valueName\":\"search_term_string\"}}],\"inLanguage\":\"en-US\"}]}<\/script>\n<!-- \/ Yoast SEO plugin. -->","yoast_head_json":{"title":"Downloads - AniNite","description":"Here you can find the downloads for our annual mascot wallpapers, gift vouchers and cosplay lineup graphics!","robots":{"index":"index","follow":"follow","max-snippet":"max-snippet:-1","max-image-preview":"max-image-preview:large","max-video-preview":"max-video-preview:-1"},"canonical":"https:\/\/www.aninite.at\/en\/info-3\/downloads\/","og_locale":"en_US","og_type":"article","og_title":"Downloads - AniNite","og_description":"Here you can find the downloads for our annual mascot wallpapers, gift vouchers and cosplay lineup graphics!","og_url":"https:\/\/www.aninite.at\/en\/info-3\/downloads\/","og_site_name":"AniNite","article_publisher":"https:\/\/www.facebook.com\/AniMangaAustria","article_modified_time":"2026-04-15T18:33:17+00:00","og_image":[{"width":512,"height":512,"url":"https:\/\/www.aninite.at\/wp-content\/uploads\/cropped-Icon_2025.jpg","type":"image\/jpeg"}],"twitter_card":"summary_large_image","twitter_title":"AniNite Downloads","twitter_description":"Here you can find the downloads for our annual mascot wallpapers, gift vouchers and cosplay lineup graphics!","twitter_image":"https:\/\/www.aninite.at\/wp-content\/uploads\/AniNite22_Cosplaylineup-1024x1024.png","schema":{"@context":"https:\/\/schema.org","@graph":[{"@type":"WebPage","@id":"https:\/\/www.aninite.at\/en\/info-3\/downloads\/","url":"https:\/\/www.aninite.at\/en\/info-3\/downloads\/","name":"Downloads - AniNite","isPartOf":{"@id":"https:\/\/www.aninite.at\/en\/#website"},"primaryImageOfPage":{"@id":"https:\/\/www.aninite.at\/en\/info-3\/downloads\/#primaryimage"},"image":{"@id":"https:\/\/www.aninite.at\/en\/info-3\/downloads\/#primaryimage"},"thumbnailUrl":"https:\/\/www.aninite.at\/wp-content\/uploads\/\/PageTitelBanner.svg","datePublished":"2021-03-13T19:41:34+00:00","dateModified":"2026-04-15T18:33:17+00:00","description":"Here you can find the downloads for our annual mascot wallpapers, gift vouchers and cosplay lineup graphics!","breadcrumb":{"@id":"https:\/\/www.aninite.at\/en\/info-3\/downloads\/#breadcrumb"},"inLanguage":"en-US","potentialAction":[{"@type":"ReadAction","target":["https:\/\/www.aninite.at\/en\/info-3\/downloads\/"]}]},{"@type":"ImageObject","inLanguage":"en-US","@id":"https:\/\/www.aninite.at\/en\/info-3\/downloads\/#primaryimage","url":"https:\/\/www.aninite.at\/wp-content\/uploads\/\/PageTitelBanner.svg","contentUrl":"https:\/\/www.aninite.at\/wp-content\/uploads\/\/PageTitelBanner.svg"},{"@type":"BreadcrumbList","@id":"https:\/\/www.aninite.at\/en\/info-3\/downloads\/#breadcrumb","itemListElement":[{"@type":"ListItem","position":1,"name":"Startseite","item":"https:\/\/www.aninite.at\/en\/welcome\/"},{"@type":"ListItem","position":2,"name":"Info","item":"https:\/\/www.aninite.at\/en\/info-3\/"},{"@type":"ListItem","position":3,"name":"Downloads"}]},{"@type":"WebSite","@id":"https:\/\/www.aninite.at\/en\/#website","url":"https:\/\/www.aninite.at\/en\/","name":"AniNite","description":"\u00d6sterreichs gr\u00f6\u00dfte Anime-, Manga- und Comic-Convention","potentialAction":[{"@type":"SearchAction","target":{"@type":"EntryPoint","urlTemplate":"https:\/\/www.aninite.at\/en\/?s={search_term_string}"},"query-input":{"@type":"PropertyValueSpecification","valueRequired":true,"valueName":"search_term_string"}}],"inLanguage":"en-US"}]}},"acf":[],"_links":{"self":[{"href":"https:\/\/www.aninite.at\/en\/wp-json\/wp\/v2\/pages\/33541","targetHints":{"allow":["GET"]}}],"collection":[{"href":"https:\/\/www.aninite.at\/en\/wp-json\/wp\/v2\/pages"}],"about":[{"href":"https:\/\/www.aninite.at\/en\/wp-json\/wp\/v2\/types\/page"}],"author":[{"embeddable":true,"href":"https:\/\/www.aninite.at\/en\/wp-json\/wp\/v2\/users\/10"}],"replies":[{"embeddable":true,"href":"https:\/\/www.aninite.at\/en\/wp-json\/wp\/v2\/comments?post=33541"}],"version-history":[{"count":7,"href":"https:\/\/www.aninite.at\/en\/wp-json\/wp\/v2\/pages\/33541\/revisions"}],"predecessor-version":[{"id":34955,"href":"https:\/\/www.aninite.at\/en\/wp-json\/wp\/v2\/pages\/33541\/revisions\/34955"}],"up":[{"embeddable":true,"href":"https:\/\/www.aninite.at\/en\/wp-json\/wp\/v2\/pages\/32706"}],"wp:attachment":[{"href":"https:\/\/www.aninite.at\/en\/wp-json\/wp\/v2\/media?parent=33541"}],"curies":[{"name":"wp","href":"https:\/\/api.w.org\/{rel}","templated":true}]}}