{"id":33586,"date":"2021-03-13T20:20:07","date_gmt":"2021-03-13T19:20:07","guid":{"rendered":"https:\/\/www.aninite.at\/programm\/"},"modified":"2026-04-15T21:54:42","modified_gmt":"2026-04-15T19:54:42","slug":"program-3","status":"publish","type":"page","link":"https:\/\/www.aninite.at\/en\/program-3\/","title":{"rendered":"Program"},"content":{"rendered":"<div class=\"wp-block-image is-resized\">\n<figure class=\"aligncenter size-full\"><img loading=\"lazy\" decoding=\"async\" width=\"700\" height=\"72\" src=\"https:\/\/www.aninite.at\/wp-content\/uploads\/\/PageTitelBanner.svg\" alt=\"\" class=\"wp-image-34807\"\/><\/figure>\n<\/div>\n<div style=\"height:50px\" aria-hidden=\"true\" class=\"wp-block-spacer\"><\/div>\n\n<p class=\"has-text-align-center\">At the AniNite there is a wide range of stage &amp; supporting program, so there is something for everyone! You can find an overview here:   <\/p>\n\n<div style=\"height:30px\" aria-hidden=\"true\" class=\"wp-block-spacer\"><\/div>\n\n<p class=\"has-text-align-center\"><a href=\"https:\/\/www.aninite.at\/en\/schedule-2\/\">Program schedule<\/a><\/p>\n\n<p class=\"has-text-align-center\"><a href=\"https:\/\/www.aninite.at\/en\/program-3\/vortraege\/\" target=\"_blank\" rel=\"noreferrer noopener\">Lectures &amp; Workshops<\/a><\/p>\n\n<p class=\"has-text-align-center\"><a href=\"https:\/\/www.aninite.at\/en\/program-3\/aftercon\/\">Aftercon Party<\/a><\/p>\n\n<p class=\"has-text-align-center\"><a href=\"https:\/\/www.aninite.at\/teehaus\/\" target=\"_blank\" rel=\"noreferrer noopener\">Teahouse<\/a><\/p>\n\n<p class=\"has-text-align-center\"><a href=\"https:\/\/www.aninite.at\/en\/program-3\/games\/\" target=\"_blank\" rel=\"noreferrer noopener\">Games<\/a><\/p>\n\n<p class=\"has-text-align-center\"><a href=\"https:\/\/www.aninite.at\/en\/maid-cafe-2-3\/\">Maidcaf\u00e9<\/a><\/p>\n\n<p class=\"has-text-align-center\"><a href=\"https:\/\/www.aninite.at\/kreativecke\" target=\"_blank\" rel=\"noreferrer noopener\">Creative corner<\/a><\/p>\n\n<p class=\"has-text-align-center\"><a href=\"https:\/\/www.aninite.at\/en\/?page_id=33424\" target=\"_blank\" rel=\"noreferrer noopener\">Kidscorner<\/a><\/p>\n\n<p class=\"has-text-align-center\"><a href=\"https:\/\/www.aninite.at\/ehrengaeste\" target=\"_blank\" rel=\"noreferrer noopener\">Guests of honor<\/a><\/p>\n\n<p class=\"has-text-align-center\"><\/p>\n\n<p><\/p>\n<div class=\"wp-block-image\">\n<figure class=\"aligncenter size-full\"><img loading=\"lazy\" decoding=\"async\" width=\"728\" height=\"162\" src=\"https:\/\/www.aninite.at\/wp-content\/uploads\/Footer_2026_FL.png\" alt=\"\" class=\"wp-image-34746\" srcset=\"https:\/\/www.aninite.at\/wp-content\/uploads\/Footer_2026_FL.png 728w, https:\/\/www.aninite.at\/wp-content\/uploads\/Footer_2026_FL-300x67.png 300w\" sizes=\"auto, (max-width: 728px) 100vw, 728px\" \/><\/figure>\n<\/div>","protected":false},"excerpt":{"rendered":"<p>At the AniNite there is a wide range of stage &amp; supporting program, so there is something for everyone! You can find an overview here: Program schedule Lectures &amp; Workshops Aftercon Party Teahouse Games Maidcaf\u00e9 Creative corner Kidscorner Guests of honor<\/p>\n","protected":false},"author":10,"featured_media":0,"parent":0,"menu_order":0,"comment_status":"closed","ping_status":"closed","template":"","meta":{"inline_featured_image":false,"footnotes":""},"class_list":["post-33586","page","type-page","status-publish","hentry"],"yoast_head":"<!-- This site is optimized with the Yoast SEO plugin v27.5 - https:\/\/yoast.com\/product\/yoast-seo-wordpress\/ -->\n<title>Program - AniNite<\/title>\n<meta name=\"description\" content=\"The AniNite supporting program\" \/>\n<meta name=\"robots\" content=\"index, follow, max-snippet:-1, max-image-preview:large, max-video-preview:-1\" \/>\n<link rel=\"canonical\" href=\"https:\/\/www.aninite.at\/en\/program-3\/\" \/>\n<meta property=\"og:locale\" content=\"en_US\" \/>\n<meta property=\"og:type\" content=\"article\" \/>\n<meta property=\"og:title\" content=\"Program - AniNite\" \/>\n<meta property=\"og:description\" content=\"The AniNite supporting program\" \/>\n<meta property=\"og:url\" content=\"https:\/\/www.aninite.at\/en\/program-3\/\" \/>\n<meta property=\"og:site_name\" content=\"AniNite\" \/>\n<meta property=\"article:publisher\" content=\"https:\/\/www.facebook.com\/AniMangaAustria\" \/>\n<meta property=\"article:modified_time\" content=\"2026-04-15T19:54:42+00:00\" \/>\n<meta property=\"og:image\" content=\"https:\/\/www.aninite.at\/wp-content\/uploads\/cropped-Icon_2025.jpg\" \/>\n\t<meta property=\"og:image:width\" content=\"512\" \/>\n\t<meta property=\"og:image:height\" content=\"512\" \/>\n\t<meta property=\"og:image:type\" content=\"image\/jpeg\" \/>\n<meta name=\"twitter:card\" content=\"summary_large_image\" \/>\n<meta name=\"twitter:title\" content=\"AniNite\" \/>\n<meta name=\"twitter:description\" content=\"The AniNite supporting program\" \/>\n<meta name=\"twitter:image\" content=\"https:\/\/www.aninite.at\/wp-content\/uploads\/Aninite22_Wallpaper-1024x576.jpg\" \/>\n<script type=\"application\/ld+json\" class=\"yoast-schema-graph\">{\"@context\":\"https:\\\/\\\/schema.org\",\"@graph\":[{\"@type\":\"WebPage\",\"@id\":\"https:\\\/\\\/www.aninite.at\\\/en\\\/program-3\\\/\",\"url\":\"https:\\\/\\\/www.aninite.at\\\/en\\\/program-3\\\/\",\"name\":\"Program - AniNite\",\"isPartOf\":{\"@id\":\"https:\\\/\\\/www.aninite.at\\\/en\\\/#website\"},\"primaryImageOfPage\":{\"@id\":\"https:\\\/\\\/www.aninite.at\\\/en\\\/program-3\\\/#primaryimage\"},\"image\":{\"@id\":\"https:\\\/\\\/www.aninite.at\\\/en\\\/program-3\\\/#primaryimage\"},\"thumbnailUrl\":\"https:\\\/\\\/www.aninite.at\\\/wp-content\\\/uploads\\\/\\\/PageTitelBanner.svg\",\"datePublished\":\"2021-03-13T19:20:07+00:00\",\"dateModified\":\"2026-04-15T19:54:42+00:00\",\"description\":\"The AniNite supporting program\",\"breadcrumb\":{\"@id\":\"https:\\\/\\\/www.aninite.at\\\/en\\\/program-3\\\/#breadcrumb\"},\"inLanguage\":\"en-US\",\"potentialAction\":[{\"@type\":\"ReadAction\",\"target\":[\"https:\\\/\\\/www.aninite.at\\\/en\\\/program-3\\\/\"]}]},{\"@type\":\"ImageObject\",\"inLanguage\":\"en-US\",\"@id\":\"https:\\\/\\\/www.aninite.at\\\/en\\\/program-3\\\/#primaryimage\",\"url\":\"https:\\\/\\\/www.aninite.at\\\/wp-content\\\/uploads\\\/\\\/PageTitelBanner.svg\",\"contentUrl\":\"https:\\\/\\\/www.aninite.at\\\/wp-content\\\/uploads\\\/\\\/PageTitelBanner.svg\"},{\"@type\":\"BreadcrumbList\",\"@id\":\"https:\\\/\\\/www.aninite.at\\\/en\\\/program-3\\\/#breadcrumb\",\"itemListElement\":[{\"@type\":\"ListItem\",\"position\":1,\"name\":\"Startseite\",\"item\":\"https:\\\/\\\/www.aninite.at\\\/en\\\/welcome\\\/\"},{\"@type\":\"ListItem\",\"position\":2,\"name\":\"Program\"}]},{\"@type\":\"WebSite\",\"@id\":\"https:\\\/\\\/www.aninite.at\\\/en\\\/#website\",\"url\":\"https:\\\/\\\/www.aninite.at\\\/en\\\/\",\"name\":\"AniNite\",\"description\":\"\u00d6sterreichs gr\u00f6\u00dfte Anime-, Manga- und Comic-Convention\",\"potentialAction\":[{\"@type\":\"SearchAction\",\"target\":{\"@type\":\"EntryPoint\",\"urlTemplate\":\"https:\\\/\\\/www.aninite.at\\\/en\\\/?s={search_term_string}\"},\"query-input\":{\"@type\":\"PropertyValueSpecification\",\"valueRequired\":true,\"valueName\":\"search_term_string\"}}],\"inLanguage\":\"en-US\"}]}<\/script>\n<!-- \/ Yoast SEO plugin. -->","yoast_head_json":{"title":"Program - AniNite","description":"The AniNite supporting program","robots":{"index":"index","follow":"follow","max-snippet":"max-snippet:-1","max-image-preview":"max-image-preview:large","max-video-preview":"max-video-preview:-1"},"canonical":"https:\/\/www.aninite.at\/en\/program-3\/","og_locale":"en_US","og_type":"article","og_title":"Program - AniNite","og_description":"The AniNite supporting program","og_url":"https:\/\/www.aninite.at\/en\/program-3\/","og_site_name":"AniNite","article_publisher":"https:\/\/www.facebook.com\/AniMangaAustria","article_modified_time":"2026-04-15T19:54:42+00:00","og_image":[{"width":512,"height":512,"url":"https:\/\/www.aninite.at\/wp-content\/uploads\/cropped-Icon_2025.jpg","type":"image\/jpeg"}],"twitter_card":"summary_large_image","twitter_title":"AniNite","twitter_description":"The AniNite supporting program","twitter_image":"https:\/\/www.aninite.at\/wp-content\/uploads\/Aninite22_Wallpaper-1024x576.jpg","schema":{"@context":"https:\/\/schema.org","@graph":[{"@type":"WebPage","@id":"https:\/\/www.aninite.at\/en\/program-3\/","url":"https:\/\/www.aninite.at\/en\/program-3\/","name":"Program - AniNite","isPartOf":{"@id":"https:\/\/www.aninite.at\/en\/#website"},"primaryImageOfPage":{"@id":"https:\/\/www.aninite.at\/en\/program-3\/#primaryimage"},"image":{"@id":"https:\/\/www.aninite.at\/en\/program-3\/#primaryimage"},"thumbnailUrl":"https:\/\/www.aninite.at\/wp-content\/uploads\/\/PageTitelBanner.svg","datePublished":"2021-03-13T19:20:07+00:00","dateModified":"2026-04-15T19:54:42+00:00","description":"The AniNite supporting program","breadcrumb":{"@id":"https:\/\/www.aninite.at\/en\/program-3\/#breadcrumb"},"inLanguage":"en-US","potentialAction":[{"@type":"ReadAction","target":["https:\/\/www.aninite.at\/en\/program-3\/"]}]},{"@type":"ImageObject","inLanguage":"en-US","@id":"https:\/\/www.aninite.at\/en\/program-3\/#primaryimage","url":"https:\/\/www.aninite.at\/wp-content\/uploads\/\/PageTitelBanner.svg","contentUrl":"https:\/\/www.aninite.at\/wp-content\/uploads\/\/PageTitelBanner.svg"},{"@type":"BreadcrumbList","@id":"https:\/\/www.aninite.at\/en\/program-3\/#breadcrumb","itemListElement":[{"@type":"ListItem","position":1,"name":"Startseite","item":"https:\/\/www.aninite.at\/en\/welcome\/"},{"@type":"ListItem","position":2,"name":"Program"}]},{"@type":"WebSite","@id":"https:\/\/www.aninite.at\/en\/#website","url":"https:\/\/www.aninite.at\/en\/","name":"AniNite","description":"\u00d6sterreichs gr\u00f6\u00dfte Anime-, Manga- und Comic-Convention","potentialAction":[{"@type":"SearchAction","target":{"@type":"EntryPoint","urlTemplate":"https:\/\/www.aninite.at\/en\/?s={search_term_string}"},"query-input":{"@type":"PropertyValueSpecification","valueRequired":true,"valueName":"search_term_string"}}],"inLanguage":"en-US"}]}},"acf":[],"_links":{"self":[{"href":"https:\/\/www.aninite.at\/en\/wp-json\/wp\/v2\/pages\/33586","targetHints":{"allow":["GET"]}}],"collection":[{"href":"https:\/\/www.aninite.at\/en\/wp-json\/wp\/v2\/pages"}],"about":[{"href":"https:\/\/www.aninite.at\/en\/wp-json\/wp\/v2\/types\/page"}],"author":[{"embeddable":true,"href":"https:\/\/www.aninite.at\/en\/wp-json\/wp\/v2\/users\/10"}],"replies":[{"embeddable":true,"href":"https:\/\/www.aninite.at\/en\/wp-json\/wp\/v2\/comments?post=33586"}],"version-history":[{"count":6,"href":"https:\/\/www.aninite.at\/en\/wp-json\/wp\/v2\/pages\/33586\/revisions"}],"predecessor-version":[{"id":35064,"href":"https:\/\/www.aninite.at\/en\/wp-json\/wp\/v2\/pages\/33586\/revisions\/35064"}],"wp:attachment":[{"href":"https:\/\/www.aninite.at\/en\/wp-json\/wp\/v2\/media?parent=33586"}],"curies":[{"name":"wp","href":"https:\/\/api.w.org\/{rel}","templated":true}]}}