{"id":33588,"date":"2021-03-13T20:41:16","date_gmt":"2021-03-13T19:41:16","guid":{"rendered":"https:\/\/www.aninite.at\/maid-cafe-2\/"},"modified":"2026-04-15T21:28:14","modified_gmt":"2026-04-15T19:28:14","slug":"maid-cafe-2","status":"publish","type":"page","link":"https:\/\/www.aninite.at\/en\/program-3\/maid-cafe-2\/","title":{"rendered":"Maidcaf\u00e9"},"content":{"rendered":"<div class=\"wp-block-image\">\n<figure class=\"aligncenter size-full\"><img loading=\"lazy\" decoding=\"async\" width=\"700\" height=\"72\" src=\"https:\/\/www.aninite.at\/wp-content\/uploads\/\/PageTitelBanner.svg\" alt=\"\" class=\"wp-image-34807\"\/><\/figure>\n<\/div>\n<div style=\"height:50px\" aria-hidden=\"true\" class=\"wp-block-spacer\"><\/div>\n\n<p class=\"has-text-align-center has-text-color\" style=\"color:#801fdc;font-size:30px\">Welcome back, my lord, my lady!<\/p>\n\n<p>At the Kitsune Maid &amp; Butler Caf\u00e9 KonKon you can let our sweet maids and elegant butlers serve you to your heart&#8217;s content and forget the hectic everyday life of the convention for a while.<br\/>In addition to sinfully tempting desserts, you can quench your thirst with fine aromatic coffee and drinks.<\/p>\n\n<p>But don&#8217;t worry! You won&#8217;t get bored here, because entertainment is also provided! Defeat our maids and butlers in challenging mini-games to win unique prizes!  <\/p>\n\n<p>See you soon at Kitsune Maid &amp; Butler Caf\u00e9 Konkon!<\/p>\n\n<h2 class=\"wp-block-heading has-text-align-left has-text-color\" style=\"color:#801fdc\">Opening hours<\/h2>\n\n<p class=\"has-text-align-left\"><strong>Fri. &amp; Sat. 11:00 &#8211; 19:00<br\/>Sun.  11:00 &#8211; 17:00<\/strong><\/p>\n\n<p><\/p>\n\n<p><\/p>\n<div class=\"wp-block-image\">\n<figure class=\"aligncenter size-full\"><img loading=\"lazy\" decoding=\"async\" width=\"728\" height=\"162\" src=\"https:\/\/www.aninite.at\/wp-content\/uploads\/Footer_2026_FL.png\" alt=\"\" class=\"wp-image-34746\" srcset=\"https:\/\/www.aninite.at\/wp-content\/uploads\/Footer_2026_FL.png 728w, https:\/\/www.aninite.at\/wp-content\/uploads\/Footer_2026_FL-300x67.png 300w\" sizes=\"auto, (max-width: 728px) 100vw, 728px\" \/><\/figure>\n<\/div>","protected":false},"excerpt":{"rendered":"<p>Welcome back, my lord, my lady! At the Kitsune Maid &amp; Butler Caf\u00e9 KonKon you can let our sweet maids and elegant butlers serve you to your heart&#8217;s content and forget the hectic everyday life of the convention for a while.In addition to sinfully tempting desserts, you can quench your thirst with fine aromatic coffee and drinks. But don&#8217;t worry! You won&#8217;t get bored here, because entertainment is also provided! Defeat our maids and butlers in challenging mini-games to win unique prizes! See you soon at Kitsune Maid &amp; Butler Caf\u00e9 Konkon! Opening hours Fri. &amp; Sat. 11:00 &#8211; 19:00Sun. 11:00 &#8211; 17:00<\/p>\n","protected":false},"author":10,"featured_media":0,"parent":33586,"menu_order":0,"comment_status":"closed","ping_status":"closed","template":"","meta":{"inline_featured_image":false,"footnotes":""},"class_list":["post-33588","page","type-page","status-publish","hentry"],"yoast_head":"<!-- This site is optimized with the Yoast SEO plugin v27.4 - https:\/\/yoast.com\/product\/yoast-seo-wordpress\/ -->\n<title>Maidcaf\u00e9 - AniNite<\/title>\n<meta name=\"description\" content=\"All information about Maidcaf\u00e9 Tsubaki at AniNite can be found here.\" \/>\n<meta name=\"robots\" content=\"index, follow, max-snippet:-1, max-image-preview:large, max-video-preview:-1\" \/>\n<link rel=\"canonical\" href=\"https:\/\/www.aninite.at\/en\/program-3\/maid-cafe-2\/\" \/>\n<meta property=\"og:locale\" content=\"en_US\" \/>\n<meta property=\"og:type\" content=\"article\" \/>\n<meta property=\"og:title\" content=\"Maidcaf\u00e9 - AniNite\" \/>\n<meta property=\"og:description\" content=\"All information about Maidcaf\u00e9 Tsubaki at AniNite can be found here.\" \/>\n<meta property=\"og:url\" content=\"https:\/\/www.aninite.at\/en\/program-3\/maid-cafe-2\/\" \/>\n<meta property=\"og:site_name\" content=\"AniNite\" \/>\n<meta property=\"article:publisher\" content=\"https:\/\/www.facebook.com\/AniMangaAustria\" \/>\n<meta property=\"article:modified_time\" content=\"2026-04-15T19:28:14+00:00\" \/>\n<meta property=\"og:image\" content=\"https:\/\/www.aninite.at\/wp-content\/uploads\/cropped-Icon_2025.jpg\" \/>\n\t<meta property=\"og:image:width\" content=\"512\" \/>\n\t<meta property=\"og:image:height\" content=\"512\" \/>\n\t<meta property=\"og:image:type\" content=\"image\/jpeg\" \/>\n<meta name=\"twitter:card\" content=\"summary_large_image\" \/>\n<meta name=\"twitter:title\" content=\"AniNite\" \/>\n<meta name=\"twitter:description\" content=\"All information about Maidcaf\u00e9 Tsubaki at AniNite can be found here.\" \/>\n<meta name=\"twitter:image\" content=\"https:\/\/www.aninite.at\/wp-content\/uploads\/Tsubaki-Logo-quer.png\" \/>\n<meta name=\"twitter:label1\" content=\"Est. reading time\" \/>\n\t<meta name=\"twitter:data1\" content=\"1 minute\" \/>\n<script type=\"application\/ld+json\" class=\"yoast-schema-graph\">{\"@context\":\"https:\\\/\\\/schema.org\",\"@graph\":[{\"@type\":\"WebPage\",\"@id\":\"https:\\\/\\\/www.aninite.at\\\/en\\\/program-3\\\/maid-cafe-2\\\/\",\"url\":\"https:\\\/\\\/www.aninite.at\\\/en\\\/program-3\\\/maid-cafe-2\\\/\",\"name\":\"Maidcaf\u00e9 - AniNite\",\"isPartOf\":{\"@id\":\"https:\\\/\\\/www.aninite.at\\\/en\\\/#website\"},\"primaryImageOfPage\":{\"@id\":\"https:\\\/\\\/www.aninite.at\\\/en\\\/program-3\\\/maid-cafe-2\\\/#primaryimage\"},\"image\":{\"@id\":\"https:\\\/\\\/www.aninite.at\\\/en\\\/program-3\\\/maid-cafe-2\\\/#primaryimage\"},\"thumbnailUrl\":\"https:\\\/\\\/www.aninite.at\\\/wp-content\\\/uploads\\\/\\\/PageTitelBanner.svg\",\"datePublished\":\"2021-03-13T19:41:16+00:00\",\"dateModified\":\"2026-04-15T19:28:14+00:00\",\"description\":\"All information about Maidcaf\u00e9 Tsubaki at AniNite can be found here.\",\"breadcrumb\":{\"@id\":\"https:\\\/\\\/www.aninite.at\\\/en\\\/program-3\\\/maid-cafe-2\\\/#breadcrumb\"},\"inLanguage\":\"en-US\",\"potentialAction\":[{\"@type\":\"ReadAction\",\"target\":[\"https:\\\/\\\/www.aninite.at\\\/en\\\/program-3\\\/maid-cafe-2\\\/\"]}]},{\"@type\":\"ImageObject\",\"inLanguage\":\"en-US\",\"@id\":\"https:\\\/\\\/www.aninite.at\\\/en\\\/program-3\\\/maid-cafe-2\\\/#primaryimage\",\"url\":\"https:\\\/\\\/www.aninite.at\\\/wp-content\\\/uploads\\\/\\\/PageTitelBanner.svg\",\"contentUrl\":\"https:\\\/\\\/www.aninite.at\\\/wp-content\\\/uploads\\\/\\\/PageTitelBanner.svg\"},{\"@type\":\"BreadcrumbList\",\"@id\":\"https:\\\/\\\/www.aninite.at\\\/en\\\/program-3\\\/maid-cafe-2\\\/#breadcrumb\",\"itemListElement\":[{\"@type\":\"ListItem\",\"position\":1,\"name\":\"Startseite\",\"item\":\"https:\\\/\\\/www.aninite.at\\\/en\\\/welcome\\\/\"},{\"@type\":\"ListItem\",\"position\":2,\"name\":\"Program\",\"item\":\"https:\\\/\\\/www.aninite.at\\\/en\\\/program-3\\\/\"},{\"@type\":\"ListItem\",\"position\":3,\"name\":\"Maidcaf\u00e9\"}]},{\"@type\":\"WebSite\",\"@id\":\"https:\\\/\\\/www.aninite.at\\\/en\\\/#website\",\"url\":\"https:\\\/\\\/www.aninite.at\\\/en\\\/\",\"name\":\"AniNite\",\"description\":\"\u00d6sterreichs gr\u00f6\u00dfte Anime-, Manga- und Comic-Convention\",\"potentialAction\":[{\"@type\":\"SearchAction\",\"target\":{\"@type\":\"EntryPoint\",\"urlTemplate\":\"https:\\\/\\\/www.aninite.at\\\/en\\\/?s={search_term_string}\"},\"query-input\":{\"@type\":\"PropertyValueSpecification\",\"valueRequired\":true,\"valueName\":\"search_term_string\"}}],\"inLanguage\":\"en-US\"}]}<\/script>\n<!-- \/ Yoast SEO plugin. -->","yoast_head_json":{"title":"Maidcaf\u00e9 - AniNite","description":"All information about Maidcaf\u00e9 Tsubaki at AniNite can be found here.","robots":{"index":"index","follow":"follow","max-snippet":"max-snippet:-1","max-image-preview":"max-image-preview:large","max-video-preview":"max-video-preview:-1"},"canonical":"https:\/\/www.aninite.at\/en\/program-3\/maid-cafe-2\/","og_locale":"en_US","og_type":"article","og_title":"Maidcaf\u00e9 - AniNite","og_description":"All information about Maidcaf\u00e9 Tsubaki at AniNite can be found here.","og_url":"https:\/\/www.aninite.at\/en\/program-3\/maid-cafe-2\/","og_site_name":"AniNite","article_publisher":"https:\/\/www.facebook.com\/AniMangaAustria","article_modified_time":"2026-04-15T19:28:14+00:00","og_image":[{"width":512,"height":512,"url":"https:\/\/www.aninite.at\/wp-content\/uploads\/cropped-Icon_2025.jpg","type":"image\/jpeg"}],"twitter_card":"summary_large_image","twitter_title":"AniNite","twitter_description":"All information about Maidcaf\u00e9 Tsubaki at AniNite can be found here.","twitter_image":"https:\/\/www.aninite.at\/wp-content\/uploads\/Tsubaki-Logo-quer.png","twitter_misc":{"Est. reading time":"1 minute"},"schema":{"@context":"https:\/\/schema.org","@graph":[{"@type":"WebPage","@id":"https:\/\/www.aninite.at\/en\/program-3\/maid-cafe-2\/","url":"https:\/\/www.aninite.at\/en\/program-3\/maid-cafe-2\/","name":"Maidcaf\u00e9 - AniNite","isPartOf":{"@id":"https:\/\/www.aninite.at\/en\/#website"},"primaryImageOfPage":{"@id":"https:\/\/www.aninite.at\/en\/program-3\/maid-cafe-2\/#primaryimage"},"image":{"@id":"https:\/\/www.aninite.at\/en\/program-3\/maid-cafe-2\/#primaryimage"},"thumbnailUrl":"https:\/\/www.aninite.at\/wp-content\/uploads\/\/PageTitelBanner.svg","datePublished":"2021-03-13T19:41:16+00:00","dateModified":"2026-04-15T19:28:14+00:00","description":"All information about Maidcaf\u00e9 Tsubaki at AniNite can be found here.","breadcrumb":{"@id":"https:\/\/www.aninite.at\/en\/program-3\/maid-cafe-2\/#breadcrumb"},"inLanguage":"en-US","potentialAction":[{"@type":"ReadAction","target":["https:\/\/www.aninite.at\/en\/program-3\/maid-cafe-2\/"]}]},{"@type":"ImageObject","inLanguage":"en-US","@id":"https:\/\/www.aninite.at\/en\/program-3\/maid-cafe-2\/#primaryimage","url":"https:\/\/www.aninite.at\/wp-content\/uploads\/\/PageTitelBanner.svg","contentUrl":"https:\/\/www.aninite.at\/wp-content\/uploads\/\/PageTitelBanner.svg"},{"@type":"BreadcrumbList","@id":"https:\/\/www.aninite.at\/en\/program-3\/maid-cafe-2\/#breadcrumb","itemListElement":[{"@type":"ListItem","position":1,"name":"Startseite","item":"https:\/\/www.aninite.at\/en\/welcome\/"},{"@type":"ListItem","position":2,"name":"Program","item":"https:\/\/www.aninite.at\/en\/program-3\/"},{"@type":"ListItem","position":3,"name":"Maidcaf\u00e9"}]},{"@type":"WebSite","@id":"https:\/\/www.aninite.at\/en\/#website","url":"https:\/\/www.aninite.at\/en\/","name":"AniNite","description":"\u00d6sterreichs gr\u00f6\u00dfte Anime-, Manga- und Comic-Convention","potentialAction":[{"@type":"SearchAction","target":{"@type":"EntryPoint","urlTemplate":"https:\/\/www.aninite.at\/en\/?s={search_term_string}"},"query-input":{"@type":"PropertyValueSpecification","valueRequired":true,"valueName":"search_term_string"}}],"inLanguage":"en-US"}]}},"acf":[],"_links":{"self":[{"href":"https:\/\/www.aninite.at\/en\/wp-json\/wp\/v2\/pages\/33588","targetHints":{"allow":["GET"]}}],"collection":[{"href":"https:\/\/www.aninite.at\/en\/wp-json\/wp\/v2\/pages"}],"about":[{"href":"https:\/\/www.aninite.at\/en\/wp-json\/wp\/v2\/types\/page"}],"author":[{"embeddable":true,"href":"https:\/\/www.aninite.at\/en\/wp-json\/wp\/v2\/users\/10"}],"replies":[{"embeddable":true,"href":"https:\/\/www.aninite.at\/en\/wp-json\/wp\/v2\/comments?post=33588"}],"version-history":[{"count":6,"href":"https:\/\/www.aninite.at\/en\/wp-json\/wp\/v2\/pages\/33588\/revisions"}],"predecessor-version":[{"id":35047,"href":"https:\/\/www.aninite.at\/en\/wp-json\/wp\/v2\/pages\/33588\/revisions\/35047"}],"up":[{"embeddable":true,"href":"https:\/\/www.aninite.at\/en\/wp-json\/wp\/v2\/pages\/33586"}],"wp:attachment":[{"href":"https:\/\/www.aninite.at\/en\/wp-json\/wp\/v2\/media?parent=33588"}],"curies":[{"name":"wp","href":"https:\/\/api.w.org\/{rel}","templated":true}]}}