{"id":33600,"date":"2021-03-13T20:41:21","date_gmt":"2021-03-13T19:41:21","guid":{"rendered":"https:\/\/www.aninite.at\/programm\/games\/"},"modified":"2026-04-15T21:23:54","modified_gmt":"2026-04-15T19:23:54","slug":"games","status":"publish","type":"page","link":"https:\/\/www.aninite.at\/en\/program-3\/games\/","title":{"rendered":"Games"},"content":{"rendered":"<div class=\"wp-block-image\">\n<figure class=\"aligncenter size-full is-resized\"><img loading=\"lazy\" decoding=\"async\" width=\"700\" height=\"72\" src=\"https:\/\/www.aninite.at\/wp-content\/uploads\/\/PageTitelBanner.svg\" alt=\"\" class=\"wp-image-34807\" style=\"width:700px;height:72px\"\/><\/figure>\n<\/div>\n<div style=\"height:50px\" aria-hidden=\"true\" class=\"wp-block-spacer\"><\/div>\n\n<p class=\"has-text-align-center\">At AniNite this year, you can once again gamble in comfort!  <br\/>All information about the videogames, board games, arcades, pen &amp; paper and the corresponding tournaments that we will have at AniNite can be found here on an ongoing basis.<\/p>\n\n<hr class=\"wp-block-separator has-alpha-channel-opacity\"\/>\n\n<p>We welcomed the following exhibitors to AniNite 2025:<\/p>\n\n<div class=\"wp-block-columns is-layout-flex wp-container-core-columns-is-layout-9d6595d7 wp-block-columns-is-layout-flex\">\n<div class=\"wp-block-column is-layout-flow wp-block-column-is-layout-flow\">\n<figure class=\"wp-block-image size-full\"><img loading=\"lazy\" decoding=\"async\" width=\"974\" height=\"652\" src=\"https:\/\/www.aninite.at\/wp-content\/uploads\/goverband-logo-raster.png\" alt=\"\" class=\"wp-image-34306\" srcset=\"https:\/\/www.aninite.at\/wp-content\/uploads\/goverband-logo-raster.png 974w, https:\/\/www.aninite.at\/wp-content\/uploads\/goverband-logo-raster-300x201.png 300w, https:\/\/www.aninite.at\/wp-content\/uploads\/goverband-logo-raster-768x514.png 768w\" sizes=\"auto, (max-width: 974px) 100vw, 974px\" \/><\/figure>\n\n\n\n<div class=\"wp-block-columns is-layout-flex wp-container-core-columns-is-layout-9d6595d7 wp-block-columns-is-layout-flex\">\n<div class=\"wp-block-column is-layout-flow wp-block-column-is-layout-flow\"><\/div>\n\n\n\n<div class=\"wp-block-column is-layout-flow wp-block-column-is-layout-flow\"><\/div>\n<\/div>\n<\/div>\n\n\n\n<div class=\"wp-block-column is-layout-flow wp-block-column-is-layout-flow\">\n<figure class=\"wp-block-image size-large\"><img loading=\"lazy\" decoding=\"async\" width=\"1024\" height=\"1024\" src=\"https:\/\/www.aninite.at\/wp-content\/uploads\/\/EC70F7E2-4D6F-4619-B955-5753E212A7C3-1024x1024.png\" alt=\"\" class=\"wp-image-34312\" srcset=\"https:\/\/www.aninite.at\/wp-content\/uploads\/EC70F7E2-4D6F-4619-B955-5753E212A7C3-1024x1024.png 1024w, https:\/\/www.aninite.at\/wp-content\/uploads\/EC70F7E2-4D6F-4619-B955-5753E212A7C3-300x300.png 300w, https:\/\/www.aninite.at\/wp-content\/uploads\/EC70F7E2-4D6F-4619-B955-5753E212A7C3-150x150.png 150w, https:\/\/www.aninite.at\/wp-content\/uploads\/EC70F7E2-4D6F-4619-B955-5753E212A7C3-768x768.png 768w, https:\/\/www.aninite.at\/wp-content\/uploads\/EC70F7E2-4D6F-4619-B955-5753E212A7C3-1536x1536.png 1536w, https:\/\/www.aninite.at\/wp-content\/uploads\/EC70F7E2-4D6F-4619-B955-5753E212A7C3-1140x1140.png 1140w, https:\/\/www.aninite.at\/wp-content\/uploads\/EC70F7E2-4D6F-4619-B955-5753E212A7C3-75x75.png 75w, https:\/\/www.aninite.at\/wp-content\/uploads\/EC70F7E2-4D6F-4619-B955-5753E212A7C3.png 1920w\" sizes=\"auto, (max-width: 1024px) 100vw, 1024px\" \/><\/figure>\n<\/div>\n<\/div>\n\n<div class=\"wp-block-columns is-layout-flex wp-container-core-columns-is-layout-9d6595d7 wp-block-columns-is-layout-flex\">\n<div class=\"wp-block-column is-layout-flow wp-block-column-is-layout-flow\">\n<figure class=\"wp-block-image size-large\"><img loading=\"lazy\" decoding=\"async\" width=\"1024\" height=\"517\" src=\"https:\/\/www.aninite.at\/wp-content\/uploads\/\/Kasu-Asiatische-Spielekultur-1024x517.png\" alt=\"\" class=\"wp-image-34315\" srcset=\"https:\/\/www.aninite.at\/wp-content\/uploads\/Kasu-Asiatische-Spielekultur-1024x517.png 1024w, https:\/\/www.aninite.at\/wp-content\/uploads\/Kasu-Asiatische-Spielekultur-300x151.png 300w, https:\/\/www.aninite.at\/wp-content\/uploads\/Kasu-Asiatische-Spielekultur-768x387.png 768w, https:\/\/www.aninite.at\/wp-content\/uploads\/Kasu-Asiatische-Spielekultur-1140x575.png 1140w, https:\/\/www.aninite.at\/wp-content\/uploads\/Kasu-Asiatische-Spielekultur.png 1437w\" sizes=\"auto, (max-width: 1024px) 100vw, 1024px\" \/><\/figure>\n<\/div>\n\n\n\n<div class=\"wp-block-column is-layout-flow wp-block-column-is-layout-flow\">\n<figure class=\"wp-block-image size-full\"><img loading=\"lazy\" decoding=\"async\" width=\"340\" height=\"340\" src=\"https:\/\/www.aninite.at\/wp-content\/uploads\/Spieleclub.at_2025_1-1.jpg\" alt=\"\" class=\"wp-image-34318\" srcset=\"https:\/\/www.aninite.at\/wp-content\/uploads\/Spieleclub.at_2025_1-1.jpg 340w, https:\/\/www.aninite.at\/wp-content\/uploads\/Spieleclub.at_2025_1-1-300x300.jpg 300w, https:\/\/www.aninite.at\/wp-content\/uploads\/Spieleclub.at_2025_1-1-150x150.jpg 150w, https:\/\/www.aninite.at\/wp-content\/uploads\/Spieleclub.at_2025_1-1-75x75.jpg 75w\" sizes=\"auto, (max-width: 340px) 100vw, 340px\" \/><\/figure>\n<\/div>\n<\/div>\n\n<div class=\"wp-block-columns is-layout-flex wp-container-core-columns-is-layout-9d6595d7 wp-block-columns-is-layout-flex\">\n<div class=\"wp-block-column is-layout-flow wp-block-column-is-layout-flow\">\n<figure class=\"wp-block-image size-large\"><img loading=\"lazy\" decoding=\"async\" width=\"724\" height=\"1024\" src=\"https:\/\/www.aninite.at\/wp-content\/uploads\/\/Moogle_Gaming_Society_neu-724x1024.png\" alt=\"\" class=\"wp-image-34324\" srcset=\"https:\/\/www.aninite.at\/wp-content\/uploads\/Moogle_Gaming_Society_neu-724x1024.png 724w, https:\/\/www.aninite.at\/wp-content\/uploads\/Moogle_Gaming_Society_neu-212x300.png 212w, https:\/\/www.aninite.at\/wp-content\/uploads\/Moogle_Gaming_Society_neu-768x1086.png 768w, https:\/\/www.aninite.at\/wp-content\/uploads\/Moogle_Gaming_Society_neu-1086x1536.png 1086w, https:\/\/www.aninite.at\/wp-content\/uploads\/Moogle_Gaming_Society_neu-1448x2048.png 1448w, https:\/\/www.aninite.at\/wp-content\/uploads\/Moogle_Gaming_Society_neu-1140x1613.png 1140w, https:\/\/www.aninite.at\/wp-content\/uploads\/Moogle_Gaming_Society_neu-scaled.png 1810w\" sizes=\"auto, (max-width: 724px) 100vw, 724px\" \/><\/figure>\n<\/div>\n\n\n\n<div class=\"wp-block-column is-layout-flow wp-block-column-is-layout-flow\">\n<figure class=\"wp-block-image size-large\"><img loading=\"lazy\" decoding=\"async\" width=\"1024\" height=\"1024\" src=\"https:\/\/www.aninite.at\/wp-content\/uploads\/\/Spieleabend_square-1024x1024.png\" alt=\"\" class=\"wp-image-34327\" srcset=\"https:\/\/www.aninite.at\/wp-content\/uploads\/Spieleabend_square-1024x1024.png 1024w, https:\/\/www.aninite.at\/wp-content\/uploads\/Spieleabend_square-300x300.png 300w, https:\/\/www.aninite.at\/wp-content\/uploads\/Spieleabend_square-150x150.png 150w, https:\/\/www.aninite.at\/wp-content\/uploads\/Spieleabend_square-768x768.png 768w, https:\/\/www.aninite.at\/wp-content\/uploads\/Spieleabend_square-1536x1536.png 1536w, https:\/\/www.aninite.at\/wp-content\/uploads\/Spieleabend_square-2048x2048.png 2048w, https:\/\/www.aninite.at\/wp-content\/uploads\/Spieleabend_square-1140x1140.png 1140w, https:\/\/www.aninite.at\/wp-content\/uploads\/Spieleabend_square-75x75.png 75w\" sizes=\"auto, (max-width: 1024px) 100vw, 1024px\" \/><\/figure>\n<\/div>\n<\/div>\n\n<div class=\"wp-block-columns is-layout-flex wp-container-core-columns-is-layout-9d6595d7 wp-block-columns-is-layout-flex\">\n<div class=\"wp-block-column is-layout-flow wp-block-column-is-layout-flow\">\n<figure class=\"wp-block-image size-full\"><img loading=\"lazy\" decoding=\"async\" width=\"805\" height=\"808\" src=\"https:\/\/www.aninite.at\/wp-content\/uploads\/Copy-of-creAT_Logo-black.png\" alt=\"\" class=\"wp-image-34339\" srcset=\"https:\/\/www.aninite.at\/wp-content\/uploads\/Copy-of-creAT_Logo-black.png 805w, https:\/\/www.aninite.at\/wp-content\/uploads\/Copy-of-creAT_Logo-black-300x300.png 300w, https:\/\/www.aninite.at\/wp-content\/uploads\/Copy-of-creAT_Logo-black-150x150.png 150w, https:\/\/www.aninite.at\/wp-content\/uploads\/Copy-of-creAT_Logo-black-768x771.png 768w, https:\/\/www.aninite.at\/wp-content\/uploads\/Copy-of-creAT_Logo-black-75x75.png 75w\" sizes=\"auto, (max-width: 805px) 100vw, 805px\" \/><\/figure>\n<\/div>\n\n\n\n<div class=\"wp-block-column is-layout-flow wp-block-column-is-layout-flow\">\n<figure class=\"wp-block-image size-large\"><img loading=\"lazy\" decoding=\"async\" width=\"1024\" height=\"1024\" src=\"https:\/\/www.aninite.at\/wp-content\/uploads\/\/AS-Logo-Pergament-Wallpaper1080-x1080-1024x1024.png\" alt=\"\" class=\"wp-image-34369\" srcset=\"https:\/\/www.aninite.at\/wp-content\/uploads\/AS-Logo-Pergament-Wallpaper1080-x1080-1024x1024.png 1024w, https:\/\/www.aninite.at\/wp-content\/uploads\/AS-Logo-Pergament-Wallpaper1080-x1080-300x300.png 300w, https:\/\/www.aninite.at\/wp-content\/uploads\/AS-Logo-Pergament-Wallpaper1080-x1080-150x150.png 150w, https:\/\/www.aninite.at\/wp-content\/uploads\/AS-Logo-Pergament-Wallpaper1080-x1080-768x768.png 768w, https:\/\/www.aninite.at\/wp-content\/uploads\/AS-Logo-Pergament-Wallpaper1080-x1080-75x75.png 75w, https:\/\/www.aninite.at\/wp-content\/uploads\/AS-Logo-Pergament-Wallpaper1080-x1080.png 1080w\" sizes=\"auto, (max-width: 1024px) 100vw, 1024px\" \/><\/figure>\n<\/div>\n<\/div>\n\n<div class=\"wp-block-columns is-layout-flex wp-container-core-columns-is-layout-9d6595d7 wp-block-columns-is-layout-flex\">\n<div class=\"wp-block-column is-layout-flow wp-block-column-is-layout-flow\">\n<figure class=\"wp-block-image size-large\"><img loading=\"lazy\" decoding=\"async\" width=\"1024\" height=\"1024\" src=\"https:\/\/www.aninite.at\/wp-content\/uploads\/\/LOGO-ARKADY.SK_-1024x1024.png\" alt=\"\" class=\"wp-image-34496\" srcset=\"https:\/\/www.aninite.at\/wp-content\/uploads\/LOGO-ARKADY.SK_-1024x1024.png 1024w, https:\/\/www.aninite.at\/wp-content\/uploads\/LOGO-ARKADY.SK_-300x300.png 300w, https:\/\/www.aninite.at\/wp-content\/uploads\/LOGO-ARKADY.SK_-150x150.png 150w, https:\/\/www.aninite.at\/wp-content\/uploads\/LOGO-ARKADY.SK_-768x768.png 768w, https:\/\/www.aninite.at\/wp-content\/uploads\/LOGO-ARKADY.SK_-1536x1536.png 1536w, https:\/\/www.aninite.at\/wp-content\/uploads\/LOGO-ARKADY.SK_-2048x2048.png 2048w, https:\/\/www.aninite.at\/wp-content\/uploads\/LOGO-ARKADY.SK_-1140x1140.png 1140w, https:\/\/www.aninite.at\/wp-content\/uploads\/LOGO-ARKADY.SK_-75x75.png 75w\" sizes=\"auto, (max-width: 1024px) 100vw, 1024px\" \/><\/figure>\n<\/div>\n\n\n\n<div class=\"wp-block-column is-layout-flow wp-block-column-is-layout-flow\"><\/div>\n<\/div>\n<div class=\"wp-block-image\">\n<figure class=\"aligncenter size-full\"><img loading=\"lazy\" decoding=\"async\" width=\"728\" height=\"162\" src=\"https:\/\/www.aninite.at\/wp-content\/uploads\/Footer_2026_FL.png\" alt=\"\" class=\"wp-image-34746\" srcset=\"https:\/\/www.aninite.at\/wp-content\/uploads\/Footer_2026_FL.png 728w, https:\/\/www.aninite.at\/wp-content\/uploads\/Footer_2026_FL-300x67.png 300w\" sizes=\"auto, (max-width: 728px) 100vw, 728px\" \/><\/figure>\n<\/div>\n<p><\/p>\n","protected":false},"excerpt":{"rendered":"<p>At AniNite this year, you can once again gamble in comfort! All information about the videogames, board games, arcades, pen &amp; paper and the corresponding tournaments that we will have at AniNite can be found here on an ongoing basis. We welcomed the following exhibitors to AniNite 2025:<\/p>\n","protected":false},"author":10,"featured_media":0,"parent":33586,"menu_order":0,"comment_status":"closed","ping_status":"closed","template":"","meta":{"inline_featured_image":false,"footnotes":""},"class_list":["post-33600","page","type-page","status-publish","hentry"],"yoast_head":"<!-- This site is optimized with the Yoast SEO plugin v27.4 - https:\/\/yoast.com\/product\/yoast-seo-wordpress\/ -->\n<title>Games - AniNite<\/title>\n<meta name=\"description\" content=\"At the AniNite you will be able to leisurely game again! All the info on the videogames we&#039;ll have at the AniNite will be found here soon.\" \/>\n<meta name=\"robots\" content=\"index, follow, max-snippet:-1, max-image-preview:large, max-video-preview:-1\" \/>\n<link rel=\"canonical\" href=\"https:\/\/www.aninite.at\/en\/program-3\/games\/\" \/>\n<meta property=\"og:locale\" content=\"en_US\" \/>\n<meta property=\"og:type\" content=\"article\" \/>\n<meta property=\"og:title\" content=\"Games - AniNite\" \/>\n<meta property=\"og:description\" content=\"At the AniNite you will be able to leisurely game again! All the info on the videogames we&#039;ll have at the AniNite will be found here soon.\" \/>\n<meta property=\"og:url\" content=\"https:\/\/www.aninite.at\/en\/program-3\/games\/\" \/>\n<meta property=\"og:site_name\" content=\"AniNite\" \/>\n<meta property=\"article:publisher\" content=\"https:\/\/www.facebook.com\/AniMangaAustria\" \/>\n<meta property=\"article:modified_time\" content=\"2026-04-15T19:23:54+00:00\" \/>\n<meta property=\"og:image\" content=\"https:\/\/www.aninite.at\/wp-content\/uploads\/cropped-Icon_2025.jpg\" \/>\n\t<meta property=\"og:image:width\" content=\"512\" \/>\n\t<meta property=\"og:image:height\" content=\"512\" \/>\n\t<meta property=\"og:image:type\" content=\"image\/jpeg\" \/>\n<meta name=\"twitter:card\" content=\"summary_large_image\" \/>\n<meta name=\"twitter:title\" content=\"AniNite\" \/>\n<meta name=\"twitter:description\" content=\"At the AniNite you will be able to leisurely game again! All the info on the videogames we&#039;ll have at the AniNite will be found here soon.\" \/>\n<meta name=\"twitter:image\" content=\"https:\/\/www.aninite.at\/wp-content\/uploads\/Videogames_Kitao_Credit-683x1024.jpg\" \/>\n<script type=\"application\/ld+json\" class=\"yoast-schema-graph\">{\"@context\":\"https:\\\/\\\/schema.org\",\"@graph\":[{\"@type\":\"WebPage\",\"@id\":\"https:\\\/\\\/www.aninite.at\\\/en\\\/program-3\\\/games\\\/\",\"url\":\"https:\\\/\\\/www.aninite.at\\\/en\\\/program-3\\\/games\\\/\",\"name\":\"Games - AniNite\",\"isPartOf\":{\"@id\":\"https:\\\/\\\/www.aninite.at\\\/en\\\/#website\"},\"primaryImageOfPage\":{\"@id\":\"https:\\\/\\\/www.aninite.at\\\/en\\\/program-3\\\/games\\\/#primaryimage\"},\"image\":{\"@id\":\"https:\\\/\\\/www.aninite.at\\\/en\\\/program-3\\\/games\\\/#primaryimage\"},\"thumbnailUrl\":\"https:\\\/\\\/www.aninite.at\\\/wp-content\\\/uploads\\\/\\\/PageTitelBanner.svg\",\"datePublished\":\"2021-03-13T19:41:21+00:00\",\"dateModified\":\"2026-04-15T19:23:54+00:00\",\"description\":\"At the AniNite you will be able to leisurely game again! All the info on the videogames we'll have at the AniNite will be found here soon.\",\"breadcrumb\":{\"@id\":\"https:\\\/\\\/www.aninite.at\\\/en\\\/program-3\\\/games\\\/#breadcrumb\"},\"inLanguage\":\"en-US\",\"potentialAction\":[{\"@type\":\"ReadAction\",\"target\":[\"https:\\\/\\\/www.aninite.at\\\/en\\\/program-3\\\/games\\\/\"]}]},{\"@type\":\"ImageObject\",\"inLanguage\":\"en-US\",\"@id\":\"https:\\\/\\\/www.aninite.at\\\/en\\\/program-3\\\/games\\\/#primaryimage\",\"url\":\"https:\\\/\\\/www.aninite.at\\\/wp-content\\\/uploads\\\/\\\/PageTitelBanner.svg\",\"contentUrl\":\"https:\\\/\\\/www.aninite.at\\\/wp-content\\\/uploads\\\/\\\/PageTitelBanner.svg\"},{\"@type\":\"BreadcrumbList\",\"@id\":\"https:\\\/\\\/www.aninite.at\\\/en\\\/program-3\\\/games\\\/#breadcrumb\",\"itemListElement\":[{\"@type\":\"ListItem\",\"position\":1,\"name\":\"Startseite\",\"item\":\"https:\\\/\\\/www.aninite.at\\\/en\\\/welcome\\\/\"},{\"@type\":\"ListItem\",\"position\":2,\"name\":\"Program\",\"item\":\"https:\\\/\\\/www.aninite.at\\\/en\\\/program-3\\\/\"},{\"@type\":\"ListItem\",\"position\":3,\"name\":\"Games\"}]},{\"@type\":\"WebSite\",\"@id\":\"https:\\\/\\\/www.aninite.at\\\/en\\\/#website\",\"url\":\"https:\\\/\\\/www.aninite.at\\\/en\\\/\",\"name\":\"AniNite\",\"description\":\"\u00d6sterreichs gr\u00f6\u00dfte Anime-, Manga- und Comic-Convention\",\"potentialAction\":[{\"@type\":\"SearchAction\",\"target\":{\"@type\":\"EntryPoint\",\"urlTemplate\":\"https:\\\/\\\/www.aninite.at\\\/en\\\/?s={search_term_string}\"},\"query-input\":{\"@type\":\"PropertyValueSpecification\",\"valueRequired\":true,\"valueName\":\"search_term_string\"}}],\"inLanguage\":\"en-US\"}]}<\/script>\n<!-- \/ Yoast SEO plugin. -->","yoast_head_json":{"title":"Games - AniNite","description":"At the AniNite you will be able to leisurely game again! All the info on the videogames we'll have at the AniNite will be found here soon.","robots":{"index":"index","follow":"follow","max-snippet":"max-snippet:-1","max-image-preview":"max-image-preview:large","max-video-preview":"max-video-preview:-1"},"canonical":"https:\/\/www.aninite.at\/en\/program-3\/games\/","og_locale":"en_US","og_type":"article","og_title":"Games - AniNite","og_description":"At the AniNite you will be able to leisurely game again! All the info on the videogames we'll have at the AniNite will be found here soon.","og_url":"https:\/\/www.aninite.at\/en\/program-3\/games\/","og_site_name":"AniNite","article_publisher":"https:\/\/www.facebook.com\/AniMangaAustria","article_modified_time":"2026-04-15T19:23:54+00:00","og_image":[{"width":512,"height":512,"url":"https:\/\/www.aninite.at\/wp-content\/uploads\/cropped-Icon_2025.jpg","type":"image\/jpeg"}],"twitter_card":"summary_large_image","twitter_title":"AniNite","twitter_description":"At the AniNite you will be able to leisurely game again! All the info on the videogames we'll have at the AniNite will be found here soon.","twitter_image":"https:\/\/www.aninite.at\/wp-content\/uploads\/Videogames_Kitao_Credit-683x1024.jpg","schema":{"@context":"https:\/\/schema.org","@graph":[{"@type":"WebPage","@id":"https:\/\/www.aninite.at\/en\/program-3\/games\/","url":"https:\/\/www.aninite.at\/en\/program-3\/games\/","name":"Games - AniNite","isPartOf":{"@id":"https:\/\/www.aninite.at\/en\/#website"},"primaryImageOfPage":{"@id":"https:\/\/www.aninite.at\/en\/program-3\/games\/#primaryimage"},"image":{"@id":"https:\/\/www.aninite.at\/en\/program-3\/games\/#primaryimage"},"thumbnailUrl":"https:\/\/www.aninite.at\/wp-content\/uploads\/\/PageTitelBanner.svg","datePublished":"2021-03-13T19:41:21+00:00","dateModified":"2026-04-15T19:23:54+00:00","description":"At the AniNite you will be able to leisurely game again! All the info on the videogames we'll have at the AniNite will be found here soon.","breadcrumb":{"@id":"https:\/\/www.aninite.at\/en\/program-3\/games\/#breadcrumb"},"inLanguage":"en-US","potentialAction":[{"@type":"ReadAction","target":["https:\/\/www.aninite.at\/en\/program-3\/games\/"]}]},{"@type":"ImageObject","inLanguage":"en-US","@id":"https:\/\/www.aninite.at\/en\/program-3\/games\/#primaryimage","url":"https:\/\/www.aninite.at\/wp-content\/uploads\/\/PageTitelBanner.svg","contentUrl":"https:\/\/www.aninite.at\/wp-content\/uploads\/\/PageTitelBanner.svg"},{"@type":"BreadcrumbList","@id":"https:\/\/www.aninite.at\/en\/program-3\/games\/#breadcrumb","itemListElement":[{"@type":"ListItem","position":1,"name":"Startseite","item":"https:\/\/www.aninite.at\/en\/welcome\/"},{"@type":"ListItem","position":2,"name":"Program","item":"https:\/\/www.aninite.at\/en\/program-3\/"},{"@type":"ListItem","position":3,"name":"Games"}]},{"@type":"WebSite","@id":"https:\/\/www.aninite.at\/en\/#website","url":"https:\/\/www.aninite.at\/en\/","name":"AniNite","description":"\u00d6sterreichs gr\u00f6\u00dfte Anime-, Manga- und Comic-Convention","potentialAction":[{"@type":"SearchAction","target":{"@type":"EntryPoint","urlTemplate":"https:\/\/www.aninite.at\/en\/?s={search_term_string}"},"query-input":{"@type":"PropertyValueSpecification","valueRequired":true,"valueName":"search_term_string"}}],"inLanguage":"en-US"}]}},"acf":[],"_links":{"self":[{"href":"https:\/\/www.aninite.at\/en\/wp-json\/wp\/v2\/pages\/33600","targetHints":{"allow":["GET"]}}],"collection":[{"href":"https:\/\/www.aninite.at\/en\/wp-json\/wp\/v2\/pages"}],"about":[{"href":"https:\/\/www.aninite.at\/en\/wp-json\/wp\/v2\/types\/page"}],"author":[{"embeddable":true,"href":"https:\/\/www.aninite.at\/en\/wp-json\/wp\/v2\/users\/10"}],"replies":[{"embeddable":true,"href":"https:\/\/www.aninite.at\/en\/wp-json\/wp\/v2\/comments?post=33600"}],"version-history":[{"count":11,"href":"https:\/\/www.aninite.at\/en\/wp-json\/wp\/v2\/pages\/33600\/revisions"}],"predecessor-version":[{"id":35041,"href":"https:\/\/www.aninite.at\/en\/wp-json\/wp\/v2\/pages\/33600\/revisions\/35041"}],"up":[{"embeddable":true,"href":"https:\/\/www.aninite.at\/en\/wp-json\/wp\/v2\/pages\/33586"}],"wp:attachment":[{"href":"https:\/\/www.aninite.at\/en\/wp-json\/wp\/v2\/media?parent=33600"}],"curies":[{"name":"wp","href":"https:\/\/api.w.org\/{rel}","templated":true}]}}