{"id":33633,"date":"2025-07-13T20:34:38","date_gmt":"2025-07-13T18:34:38","guid":{"rendered":"https:\/\/www.aninite.at\/programm\/vortraege\/"},"modified":"2026-04-15T21:33:05","modified_gmt":"2026-04-15T19:33:05","slug":"vortraege","status":"publish","type":"page","link":"https:\/\/www.aninite.at\/en\/program-3\/vortraege\/","title":{"rendered":"Lectures &amp; Workshops"},"content":{"rendered":"<div class=\"wp-block-image\">\n<figure class=\"aligncenter size-large\"><img loading=\"lazy\" decoding=\"async\" width=\"700\" height=\"72\" src=\"https:\/\/www.aninite.at\/wp-content\/uploads\/\/PageTitelBanner.svg\" alt=\"\" class=\"wp-image-34807\"\/><\/figure>\n<\/div>\n<h2 class=\"wp-block-heading\"><\/h2>\n\n<figure class=\"wp-block-image size-large\"><img loading=\"lazy\" decoding=\"async\" width=\"1024\" height=\"683\" src=\"https:\/\/www.aninite.at\/wp-content\/uploads\/\/grafik-1-1024x683.png\" alt=\"\" class=\"wp-image-11922\" srcset=\"https:\/\/www.aninite.at\/wp-content\/uploads\/grafik-1-1024x683.png 1024w, https:\/\/www.aninite.at\/wp-content\/uploads\/grafik-1-300x200.png 300w, https:\/\/www.aninite.at\/wp-content\/uploads\/grafik-1-768x513.png 768w, https:\/\/www.aninite.at\/wp-content\/uploads\/grafik-1-1140x761.png 1140w, https:\/\/www.aninite.at\/wp-content\/uploads\/grafik-1.png 1536w\" sizes=\"auto, (max-width: 1024px) 100vw, 1024px\" \/><\/figure>\n\n<p><br\/><br\/>Ever wanted to know the best way to cut a wig for a cosplay? Or what to consider when preparing a delicious bento? Then the panels &amp; workshops at AniNite are just right for you!  <\/p>\n\n<p>Spread over three days, you can not only expand your knowledge of Japan and Japanese pop culture in lectures, but also acquire practical skills in workshops. The great thing is that some of these lectures and workshops are led by masters in their field and others by ordinary fans. <\/p>\n\n<p class=\"has-text-align-center has-medium-font-size\"><\/p>\n\n<p class=\"has-text-align-center has-medium-font-size\"><strong>You want to hold your own panel or workshop? Get in touch <a href=\"https:\/\/www.aninite.at\/en\/contact\/\" type=\"page\" id=\"99\" target=\"_blank\" rel=\"noreferrer noopener\">HERE<\/a>! <\/strong><\/p>\n\n<p><\/p>\n\n<figure class=\"wp-block-image size-full\"><img loading=\"lazy\" decoding=\"async\" width=\"728\" height=\"162\" src=\"https:\/\/www.aninite.at\/wp-content\/uploads\/Footer_2026_FL.png\" alt=\"\" class=\"wp-image-34746\" srcset=\"https:\/\/www.aninite.at\/wp-content\/uploads\/Footer_2026_FL.png 728w, https:\/\/www.aninite.at\/wp-content\/uploads\/Footer_2026_FL-300x67.png 300w\" sizes=\"auto, (max-width: 728px) 100vw, 728px\" \/><\/figure>\n","protected":false},"excerpt":{"rendered":"<p>Ever wanted to know the best way to cut a wig for a cosplay? Or what to consider when preparing a delicious bento? Then the panels &amp; workshops at AniNite are just right for you! Spread over three days, you can not only expand your knowledge of Japan and Japanese pop culture in lectures, but also acquire practical skills in workshops. The great thing is that some of these lectures and workshops are led by masters in their field and others by ordinary fans. You want to hold your own panel or workshop? Get in touch HERE!<\/p>\n","protected":false},"author":10,"featured_media":0,"parent":33586,"menu_order":0,"comment_status":"closed","ping_status":"closed","template":"","meta":{"inline_featured_image":false,"footnotes":""},"class_list":["post-33633","page","type-page","status-publish","hentry"],"yoast_head":"<!-- This site is optimized with the Yoast SEO plugin v27.5 - https:\/\/yoast.com\/product\/yoast-seo-wordpress\/ -->\n<title>Lectures &amp; Workshops - AniNite<\/title>\n<meta name=\"description\" content=\"If you want to learn a new skill or expand your knowledge about interesting topics that revolve around Japan, Anime &amp; Manga, join our panels and workshops!\" \/>\n<meta name=\"robots\" content=\"index, follow, max-snippet:-1, max-image-preview:large, max-video-preview:-1\" \/>\n<link rel=\"canonical\" href=\"https:\/\/www.aninite.at\/en\/program-3\/vortraege\/\" \/>\n<meta property=\"og:locale\" content=\"en_US\" \/>\n<meta property=\"og:type\" content=\"article\" \/>\n<meta property=\"og:title\" content=\"Lectures &amp; Workshops - AniNite\" \/>\n<meta property=\"og:description\" content=\"If you want to learn a new skill or expand your knowledge about interesting topics that revolve around Japan, Anime &amp; Manga, join our panels and workshops!\" \/>\n<meta property=\"og:url\" content=\"https:\/\/www.aninite.at\/en\/program-3\/vortraege\/\" \/>\n<meta property=\"og:site_name\" content=\"AniNite\" \/>\n<meta property=\"article:publisher\" content=\"https:\/\/www.facebook.com\/AniMangaAustria\" \/>\n<meta property=\"article:modified_time\" content=\"2026-04-15T19:33:05+00:00\" \/>\n<meta property=\"og:image\" content=\"https:\/\/www.aninite.at\/wp-content\/uploads\/cropped-Icon_2025.jpg\" \/>\n\t<meta property=\"og:image:width\" content=\"512\" \/>\n\t<meta property=\"og:image:height\" content=\"512\" \/>\n\t<meta property=\"og:image:type\" content=\"image\/jpeg\" \/>\n<meta name=\"twitter:card\" content=\"summary_large_image\" \/>\n<meta name=\"twitter:title\" content=\"AniNite\" \/>\n<meta name=\"twitter:description\" content=\"If you want to learn a new skill or expand your knowledge about interesting topics that revolve around Japan, Anime &amp; Manga, join our panels and workshops!\" \/>\n<meta name=\"twitter:image\" content=\"https:\/\/www.aninite.at\/wp-content\/uploads\/Vortrag_offen_Philip-Rigaud-2-1024x683.jpg\" \/>\n<script type=\"application\/ld+json\" class=\"yoast-schema-graph\">{\"@context\":\"https:\\\/\\\/schema.org\",\"@graph\":[{\"@type\":\"WebPage\",\"@id\":\"https:\\\/\\\/www.aninite.at\\\/en\\\/program-3\\\/vortraege\\\/\",\"url\":\"https:\\\/\\\/www.aninite.at\\\/en\\\/program-3\\\/vortraege\\\/\",\"name\":\"Lectures &amp; Workshops - AniNite\",\"isPartOf\":{\"@id\":\"https:\\\/\\\/www.aninite.at\\\/en\\\/#website\"},\"primaryImageOfPage\":{\"@id\":\"https:\\\/\\\/www.aninite.at\\\/en\\\/program-3\\\/vortraege\\\/#primaryimage\"},\"image\":{\"@id\":\"https:\\\/\\\/www.aninite.at\\\/en\\\/program-3\\\/vortraege\\\/#primaryimage\"},\"thumbnailUrl\":\"https:\\\/\\\/www.aninite.at\\\/wp-content\\\/uploads\\\/\\\/PageTitelBanner.svg\",\"datePublished\":\"2025-07-13T18:34:38+00:00\",\"dateModified\":\"2026-04-15T19:33:05+00:00\",\"description\":\"If you want to learn a new skill or expand your knowledge about interesting topics that revolve around Japan, Anime & Manga, join our panels and workshops!\",\"breadcrumb\":{\"@id\":\"https:\\\/\\\/www.aninite.at\\\/en\\\/program-3\\\/vortraege\\\/#breadcrumb\"},\"inLanguage\":\"en-US\",\"potentialAction\":[{\"@type\":\"ReadAction\",\"target\":[\"https:\\\/\\\/www.aninite.at\\\/en\\\/program-3\\\/vortraege\\\/\"]}]},{\"@type\":\"ImageObject\",\"inLanguage\":\"en-US\",\"@id\":\"https:\\\/\\\/www.aninite.at\\\/en\\\/program-3\\\/vortraege\\\/#primaryimage\",\"url\":\"https:\\\/\\\/www.aninite.at\\\/wp-content\\\/uploads\\\/\\\/PageTitelBanner.svg\",\"contentUrl\":\"https:\\\/\\\/www.aninite.at\\\/wp-content\\\/uploads\\\/\\\/PageTitelBanner.svg\"},{\"@type\":\"BreadcrumbList\",\"@id\":\"https:\\\/\\\/www.aninite.at\\\/en\\\/program-3\\\/vortraege\\\/#breadcrumb\",\"itemListElement\":[{\"@type\":\"ListItem\",\"position\":1,\"name\":\"Startseite\",\"item\":\"https:\\\/\\\/www.aninite.at\\\/en\\\/welcome\\\/\"},{\"@type\":\"ListItem\",\"position\":2,\"name\":\"Program\",\"item\":\"https:\\\/\\\/www.aninite.at\\\/en\\\/program-3\\\/\"},{\"@type\":\"ListItem\",\"position\":3,\"name\":\"Lectures &amp; Workshops\"}]},{\"@type\":\"WebSite\",\"@id\":\"https:\\\/\\\/www.aninite.at\\\/en\\\/#website\",\"url\":\"https:\\\/\\\/www.aninite.at\\\/en\\\/\",\"name\":\"AniNite\",\"description\":\"\u00d6sterreichs gr\u00f6\u00dfte Anime-, Manga- und Comic-Convention\",\"potentialAction\":[{\"@type\":\"SearchAction\",\"target\":{\"@type\":\"EntryPoint\",\"urlTemplate\":\"https:\\\/\\\/www.aninite.at\\\/en\\\/?s={search_term_string}\"},\"query-input\":{\"@type\":\"PropertyValueSpecification\",\"valueRequired\":true,\"valueName\":\"search_term_string\"}}],\"inLanguage\":\"en-US\"}]}<\/script>\n<!-- \/ Yoast SEO plugin. -->","yoast_head_json":{"title":"Lectures &amp; Workshops - AniNite","description":"If you want to learn a new skill or expand your knowledge about interesting topics that revolve around Japan, Anime & Manga, join our panels and workshops!","robots":{"index":"index","follow":"follow","max-snippet":"max-snippet:-1","max-image-preview":"max-image-preview:large","max-video-preview":"max-video-preview:-1"},"canonical":"https:\/\/www.aninite.at\/en\/program-3\/vortraege\/","og_locale":"en_US","og_type":"article","og_title":"Lectures &amp; Workshops - AniNite","og_description":"If you want to learn a new skill or expand your knowledge about interesting topics that revolve around Japan, Anime & Manga, join our panels and workshops!","og_url":"https:\/\/www.aninite.at\/en\/program-3\/vortraege\/","og_site_name":"AniNite","article_publisher":"https:\/\/www.facebook.com\/AniMangaAustria","article_modified_time":"2026-04-15T19:33:05+00:00","og_image":[{"width":512,"height":512,"url":"https:\/\/www.aninite.at\/wp-content\/uploads\/cropped-Icon_2025.jpg","type":"image\/jpeg"}],"twitter_card":"summary_large_image","twitter_title":"AniNite","twitter_description":"If you want to learn a new skill or expand your knowledge about interesting topics that revolve around Japan, Anime & Manga, join our panels and workshops!","twitter_image":"https:\/\/www.aninite.at\/wp-content\/uploads\/Vortrag_offen_Philip-Rigaud-2-1024x683.jpg","schema":{"@context":"https:\/\/schema.org","@graph":[{"@type":"WebPage","@id":"https:\/\/www.aninite.at\/en\/program-3\/vortraege\/","url":"https:\/\/www.aninite.at\/en\/program-3\/vortraege\/","name":"Lectures &amp; Workshops - AniNite","isPartOf":{"@id":"https:\/\/www.aninite.at\/en\/#website"},"primaryImageOfPage":{"@id":"https:\/\/www.aninite.at\/en\/program-3\/vortraege\/#primaryimage"},"image":{"@id":"https:\/\/www.aninite.at\/en\/program-3\/vortraege\/#primaryimage"},"thumbnailUrl":"https:\/\/www.aninite.at\/wp-content\/uploads\/\/PageTitelBanner.svg","datePublished":"2025-07-13T18:34:38+00:00","dateModified":"2026-04-15T19:33:05+00:00","description":"If you want to learn a new skill or expand your knowledge about interesting topics that revolve around Japan, Anime & Manga, join our panels and workshops!","breadcrumb":{"@id":"https:\/\/www.aninite.at\/en\/program-3\/vortraege\/#breadcrumb"},"inLanguage":"en-US","potentialAction":[{"@type":"ReadAction","target":["https:\/\/www.aninite.at\/en\/program-3\/vortraege\/"]}]},{"@type":"ImageObject","inLanguage":"en-US","@id":"https:\/\/www.aninite.at\/en\/program-3\/vortraege\/#primaryimage","url":"https:\/\/www.aninite.at\/wp-content\/uploads\/\/PageTitelBanner.svg","contentUrl":"https:\/\/www.aninite.at\/wp-content\/uploads\/\/PageTitelBanner.svg"},{"@type":"BreadcrumbList","@id":"https:\/\/www.aninite.at\/en\/program-3\/vortraege\/#breadcrumb","itemListElement":[{"@type":"ListItem","position":1,"name":"Startseite","item":"https:\/\/www.aninite.at\/en\/welcome\/"},{"@type":"ListItem","position":2,"name":"Program","item":"https:\/\/www.aninite.at\/en\/program-3\/"},{"@type":"ListItem","position":3,"name":"Lectures &amp; Workshops"}]},{"@type":"WebSite","@id":"https:\/\/www.aninite.at\/en\/#website","url":"https:\/\/www.aninite.at\/en\/","name":"AniNite","description":"\u00d6sterreichs gr\u00f6\u00dfte Anime-, Manga- und Comic-Convention","potentialAction":[{"@type":"SearchAction","target":{"@type":"EntryPoint","urlTemplate":"https:\/\/www.aninite.at\/en\/?s={search_term_string}"},"query-input":{"@type":"PropertyValueSpecification","valueRequired":true,"valueName":"search_term_string"}}],"inLanguage":"en-US"}]}},"acf":[],"_links":{"self":[{"href":"https:\/\/www.aninite.at\/en\/wp-json\/wp\/v2\/pages\/33633","targetHints":{"allow":["GET"]}}],"collection":[{"href":"https:\/\/www.aninite.at\/en\/wp-json\/wp\/v2\/pages"}],"about":[{"href":"https:\/\/www.aninite.at\/en\/wp-json\/wp\/v2\/types\/page"}],"author":[{"embeddable":true,"href":"https:\/\/www.aninite.at\/en\/wp-json\/wp\/v2\/users\/10"}],"replies":[{"embeddable":true,"href":"https:\/\/www.aninite.at\/en\/wp-json\/wp\/v2\/comments?post=33633"}],"version-history":[{"count":29,"href":"https:\/\/www.aninite.at\/en\/wp-json\/wp\/v2\/pages\/33633\/revisions"}],"predecessor-version":[{"id":35058,"href":"https:\/\/www.aninite.at\/en\/wp-json\/wp\/v2\/pages\/33633\/revisions\/35058"}],"up":[{"embeddable":true,"href":"https:\/\/www.aninite.at\/en\/wp-json\/wp\/v2\/pages\/33586"}],"wp:attachment":[{"href":"https:\/\/www.aninite.at\/en\/wp-json\/wp\/v2\/media?parent=33633"}],"curies":[{"name":"wp","href":"https:\/\/api.w.org\/{rel}","templated":true}]}}