{"id":33660,"date":"2021-03-13T20:41:35","date_gmt":"2021-03-13T19:41:35","guid":{"rendered":"https:\/\/www.aninite.at\/akkreditierung\/"},"modified":"2026-04-15T20:20:40","modified_gmt":"2026-04-15T18:20:40","slug":"akkreditierung","status":"publish","type":"page","link":"https:\/\/www.aninite.at\/en\/contact\/akkreditierung\/","title":{"rendered":"Press accreditation"},"content":{"rendered":"<div class=\"wp-block-image\">\n<figure class=\"aligncenter size-full\"><img loading=\"lazy\" decoding=\"async\" width=\"700\" height=\"72\" src=\"https:\/\/www.aninite.at\/wp-content\/uploads\/\/PageTitelBanner.svg\" alt=\"\" class=\"wp-image-34807\"\/><\/figure>\n<\/div>\n<div style=\"height:50px\" aria-hidden=\"true\" class=\"wp-block-spacer\"><\/div>\n\n<p>We appreciate your interest in our event. As organizers of AniNite, we appreciate your media support. That&#8217;s why we want to make it as easy as possible for you to access information about our event. Accreditation also gives you information about our association and access to the event itself.   <\/p>\n\n<p>However, please understand that due to the constantly high demand, we can only grant accreditations to a limited extent and after a thorough examination of your data, and only in accordance with the rules set out below.<\/p>\n\n<p>If you require accreditation, please <a href=\"https:\/\/www.aninite.at\/en\/contact\/\">contact our press team using the contact form <\/a>.<\/p>\n\n<h2 class=\"wp-block-heading has-text-color\" style=\"color:#801fdc\">The following persons may receive press accreditation<\/h2>\n\n<ul class=\"wp-block-list\">\n<li>Media representatives from Germany or abroad who can prove their journalistic or photojournalistic activities as follows:<ul><li>The submission of original name articles that are not older than 6 months or that were created as part of an AniManga Austria event.<\/li><\/ul>\n<ul class=\"wp-block-list\">\n<li>By submitting an original imprint in which they are named as editors, permanent editorial staff or authors.<\/li>\n\n\n\n<li>By submitting a written and signed order from an editorial office in the original with a thematic reference to the current event.<\/li>\n\n\n\n<li><a href=\"https:\/\/www.aninite.at\/wp-content\/uploads\/Vom-Verein-AniManga-Austria-anerkannte-Presseausweise.pdf\" target=\"_blank\" rel=\"noreferrer noopener\"><strong>Holders of a valid and officially recognized press card<\/strong><\/a> whose editorial assignment has a direct thematic connection to the event.<\/li>\n<\/ul>\n<\/li>\n\n\n\n<li>By submitting a web link to a self-created online publication that is established in the respective, thematically relevant event public. Media representatives who demonstrably report regularly on the relevant event and thus contribute significantly to the success of the event in the media. Copies of the published articles and \/ or web links must be enclosed with the accreditation application.  <\/li>\n<\/ul>\n\n<h2 class=\"wp-block-heading has-text-color\" style=\"color:#801fdc\">Photography and filming<\/h2>\n\n<ul class=\"wp-block-list\">\n<li>Photography and filming are only permitted in the context of journalistic reporting. Any commercial use beyond this is excluded. <\/li>\n\n\n\n<li>If images are published, <a href=\"\/\/www.animanga.at\" target=\"_blank\" rel=\"noreferrer noopener\">AniManga Austria<\/a> must be named as the organizer and AniNite as the event.<\/li>\n\n\n\n<li>Live broadcasting of events or parts of events is generally prohibited. Exceptions must be agreed with the organizers (e.g. live announcements). <\/li>\n\n\n\n<li>The stage program may only be filmed from the audience area. Only excerpts may be published. <\/li>\n\n\n\n<li>Personal rights must not be violated.<\/li>\n<\/ul>\n\n<p>Please note that sending or submitting event-related supporting documents will significantly speed up the review of your accreditation application and result in a positive response. In addition, we reserve the right to verify proof of journalistic activity, even in the case of presentation of a valid and officially recognized press card. In individual cases, the presentation of a valid identity document with photo (ID card, passport, driver&#8217;s license) may also be required. There is no right to accreditation. Inclusion in our press distribution list does not automatically mean receipt of a press ticket.    <\/p>\n\n<p>By issuing a press ticket, we ask you to send us all your reports after publication.<\/p>\n\n<p>We would like to thank you very much for your understanding and cooperation.<\/p>\n\n<h1 class=\"wp-block-heading has-text-align-center has-text-color\" style=\"color:#801fdc\">Press kit  <\/h1>\n\n<p>The following facts, figures and images may be used for editorial articles, press releases, blog entries, etc. Please contact our press team via our <a href=\"https:\/\/www.aninite.at\/en\/contact\/\" target=\"_blank\" rel=\"noreferrer noopener\">contact form<\/a> for further information. <\/p>\n\n<h3 class=\"wp-block-heading has-text-color\" style=\"color:#801fdc\">About us<\/h3>\n\n<p>For several years now, AniNite has established itself as a fixed meeting place for those interested in and fans of Japanese youth and pop culture, both at home and abroad. This fan convention with festival character is organized by AniManga, the umbrella organization of Austrian anime and manga clubs. <br\/>Supra-regional events of this kind (organized and held by fans for fans) are called conventions. AniNite is one of the largest conventions in the German-speaking world.<br\/>AniNite is organized on a voluntary basis by members and friends of the AniManga Austria association. Individual program items are carried out in cooperation with our long-standing partners. They partly take over the organization of parts of the AniNite.   <\/p>\n\n<h3 class=\"wp-block-heading has-text-color\" style=\"color:#801fdc\">Facts &amp; Figures  <\/h3>\n\n<div class=\"wp-block-columns is-layout-flex wp-container-core-columns-is-layout-9d6595d7 wp-block-columns-is-layout-flex\">\n<div class=\"wp-block-column is-layout-flow wp-block-column-is-layout-flow\" style=\"flex-basis:100%\">\n<figure class=\"wp-block-table is-style-stripes has-medium-font-size\"><table class=\"has-white-background-color has-background\"><tbody><tr><td class=\"has-text-align-left\" data-align=\"left\">Date of the 1st AniNite<\/td><td class=\"has-text-align-left\" data-align=\"left\">2001<\/td><\/tr><tr><td class=\"has-text-align-left\" data-align=\"left\">Number of visitors 2025<\/td><td class=\"has-text-align-left\" data-align=\"left\">over 25,000<\/td><\/tr><tr><td class=\"has-text-align-left\" data-align=\"left\">Number of visitors 2001<\/td><td class=\"has-text-align-left\" data-align=\"left\">~ 70<\/td><\/tr><tr><td class=\"has-text-align-left\" data-align=\"left\">Association behind the event<\/td><td class=\"has-text-align-left\" data-align=\"left\"><a href=\"https:\/\/www.animanga.at\/\" target=\"_blank\" rel=\"noreferrer noopener\">AniManga Austria<\/a><\/td><\/tr><tr><td class=\"has-text-align-left\" data-align=\"left\">Organizers<\/td><td class=\"has-text-align-left\" data-align=\"left\">Michael G., Michaela, Michael S., Reinhard, Sabine, Michael T., Andreas<\/td><\/tr><tr><td class=\"has-text-align-left\" data-align=\"left\">Crew<\/td><td class=\"has-text-align-left\" data-align=\"left\">~ 250<\/td><\/tr><\/tbody><\/table><\/figure>\n<\/div>\n<\/div>\n\n<h3 class=\"wp-block-heading has-text-align-left\"><a href=\"https:\/\/www.aninite.at\/en\/links-4\/\" target=\"_blank\" rel=\"noreferrer noopener\">Our online presences<\/a><\/h3>\n\n<figure class=\"wp-block-table is-style-stripes has-medium-font-size\"><table><tbody><tr><td class=\"has-text-align-left\" data-align=\"left\">Facebook<\/td><td class=\"has-text-align-left\" data-align=\"left\"><a href=\"https:\/\/www.facebook.com\/AniNite\" target=\"_blank\" rel=\"noreferrer noopener\">www.facebook.com\/AniNite<\/a><\/td><\/tr><tr><td class=\"has-text-align-left\" data-align=\"left\">Instagram<\/td><td class=\"has-text-align-left\" data-align=\"left\"><a href=\"https:\/\/www.instagram.com\/aninite_official\" target=\"_blank\" rel=\"noreferrer noopener\">www.instagram.com\/aninite_official<\/a><\/td><\/tr><\/tbody><\/table><\/figure>\n\n<h3 class=\"wp-block-heading has-text-align-left has-text-color\" style=\"color:#801fdc\">Our logos and graphics<\/h3>\n\n<div class=\"wp-block-columns is-layout-flex wp-container-core-columns-is-layout-9d6595d7 wp-block-columns-is-layout-flex\">\n<div class=\"wp-block-column is-layout-flow wp-block-column-is-layout-flow\"><div class=\"wp-block-image\">\n<figure class=\"alignleft size-large is-resized\"><a href=\"https:\/\/www.aninite.at\/wp-content\/uploads\/Ticket-scaled.png\"><img loading=\"lazy\" decoding=\"async\" width=\"1024\" height=\"969\" src=\"https:\/\/www.aninite.at\/wp-content\/uploads\/\/Ticket-1024x969.png\" alt=\"\" class=\"wp-image-34743\" style=\"width:404px;height:auto\" srcset=\"https:\/\/www.aninite.at\/wp-content\/uploads\/Ticket-1024x969.png 1024w, https:\/\/www.aninite.at\/wp-content\/uploads\/Ticket-300x284.png 300w, https:\/\/www.aninite.at\/wp-content\/uploads\/Ticket-768x727.png 768w, https:\/\/www.aninite.at\/wp-content\/uploads\/Ticket-1536x1453.png 1536w, https:\/\/www.aninite.at\/wp-content\/uploads\/Ticket-2048x1938.png 2048w, https:\/\/www.aninite.at\/wp-content\/uploads\/Ticket-1140x1079.png 1140w\" sizes=\"auto, (max-width: 1024px) 100vw, 1024px\" \/><\/a><figcaption class=\"wp-element-caption\">Mascot 2026<\/figcaption><\/figure>\n<\/div><\/div>\n\n\n\n<div class=\"wp-block-column is-layout-flow wp-block-column-is-layout-flow\">\n<figure class=\"wp-block-image size-large\"><a href=\"https:\/\/www.aninite.at\/wp-content\/uploads\/\/AniNite-Logo-s-big-1024x143.png\"><img loading=\"lazy\" decoding=\"async\" width=\"1024\" height=\"143\" src=\"https:\/\/www.aninite.at\/wp-content\/uploads\/\/AniNite-Logo-s-big-1024x143.png\" alt=\"\" class=\"wp-image-4776\" srcset=\"https:\/\/www.aninite.at\/wp-content\/uploads\/AniNite-Logo-s-big-1024x143.png 1024w, https:\/\/www.aninite.at\/wp-content\/uploads\/AniNite-Logo-s-big-300x42.png 300w, https:\/\/www.aninite.at\/wp-content\/uploads\/AniNite-Logo-s-big-768x107.png 768w, https:\/\/www.aninite.at\/wp-content\/uploads\/AniNite-Logo-s-big-1536x214.png 1536w, https:\/\/www.aninite.at\/wp-content\/uploads\/AniNite-Logo-s-big-624x87.png 624w, https:\/\/www.aninite.at\/wp-content\/uploads\/AniNite-Logo-s-big.png 1920w\" sizes=\"auto, (max-width: 1024px) 100vw, 1024px\" \/><\/a><figcaption class=\"wp-element-caption\">AniNite logo<\/figcaption><\/figure>\n\n\n\n<figure class=\"wp-block-image size-full\"><a href=\"https:\/\/www.aninite.at\/wp-content\/uploads\/flowers.png\"><img loading=\"lazy\" decoding=\"async\" width=\"422\" height=\"98\" src=\"https:\/\/www.aninite.at\/wp-content\/uploads\/flowers.png\" alt=\"\" class=\"wp-image-8\" srcset=\"https:\/\/www.aninite.at\/wp-content\/uploads\/flowers.png 422w, https:\/\/www.aninite.at\/wp-content\/uploads\/flowers-300x70.png 300w\" sizes=\"auto, (max-width: 422px) 100vw, 422px\" \/><\/a><figcaption class=\"wp-element-caption\">AniManga Logo<\/figcaption><\/figure>\n<\/div>\n<\/div>\n\n<h1 class=\"wp-block-heading has-text-align-center has-text-color\" style=\"color:#801fdc\">Contributions &amp; reports on AniNite 2022 and 2023<\/h1>\n\n<p class=\"has-text-align-center\"><a href=\"https:\/\/proxer.me\/news\/389934\" target=\"_blank\" rel=\"noreferrer noopener\">AniNite 2022 &#8211; AMVs, cosplay and Chocobos (Article) | proxer.me<\/a><\/p>\n\n<p class=\"has-text-align-center\"> <a href=\"https:\/\/youtu.be\/M_fjAPPdNNg\" target=\"_blank\" rel=\"noreferrer noopener\">AniNite 2022 CMV &#8211; Best cosplays of the weekend (Video) | Simply Punica<\/a><\/p>\n\n<p class=\"has-text-align-center\"><a href=\"https:\/\/orf.at\/stories\/3280785\/\" target=\"_blank\" rel=\"noreferrer noopener\">Using manga to combat world-weariness (Article &amp; Video) | ORF.at<\/a><\/p>\n\n<p class=\"has-text-align-center\"> <a href=\"http:\/\/www.letsplayer.org\/aninite-2022\" target=\"_blank\" rel=\"noreferrer noopener\"> ANINITE 2022 \ud83c\udfad Highlights \/ Best of &#8211; Convention Event Pyramid<\/a> <a href=\"http:\/\/www.letsplayer.org\/aninite-2022\" target=\"_blank\" rel=\"noreferrer noopener\">(Video) | xtrem studio <\/a> <\/p>\n\n<p class=\"has-text-align-center\"><a href=\"https:\/\/www.youtube.com\/watch?v=YzpTLDiRFyk\" target=\"_blank\" rel=\"noreferrer noopener\">AniNite 2022 Report (Video) | Manfred Allard<\/a><\/p>\n\n<p>Further reports will be linked here as soon as we are notified. Did you find a report oder an artical about the AniNite. Then get in touch with us via <a href=\"https:\/\/www.aninite.at\/en\/contact\/\" target=\"_blank\" rel=\"noreferrer noopener\">the contact form<\/a>.   <\/p>\n<div class=\"wp-block-image\">\n<figure class=\"aligncenter size-full\"><img loading=\"lazy\" decoding=\"async\" width=\"728\" height=\"162\" src=\"https:\/\/www.aninite.at\/wp-content\/uploads\/Footer_2026_FL.png\" alt=\"\" class=\"wp-image-34746\" srcset=\"https:\/\/www.aninite.at\/wp-content\/uploads\/Footer_2026_FL.png 728w, https:\/\/www.aninite.at\/wp-content\/uploads\/Footer_2026_FL-300x67.png 300w\" sizes=\"auto, (max-width: 728px) 100vw, 728px\" \/><\/figure>\n<\/div>","protected":false},"excerpt":{"rendered":"<p>We appreciate your interest in our event. As organizers of AniNite, we appreciate your media support. That&#8217;s why we want to make it as easy as possible for you to access information about our event. Accreditation also gives you information about our association and access to the event itself. However, please understand that due to the constantly high demand, we can only grant accreditations to a limited extent and after a thorough examination of your data, and only in accordance with the rules set out below. If you require accreditation, please contact our press team using the contact form . The following persons may receive press accreditation Photography and filming Please note that sending or submitting event-related supporting documents will significantly speed up the review of your accreditation application and result in a positive response. In addition, we reserve the right to verify proof of journalistic activity, even in the case of presentation of a valid and officially recognized press card. In individual cases, the presentation of a valid identity document with photo (ID card, passport, driver&#8217;s license) may also be required. There is no right to accreditation. Inclusion in our press distribution list does not automatically mean receipt of a press ticket. By issuing a press ticket, we ask you to send us all your reports after publication. We would like to thank you very much for your understanding and cooperation. Press kit The following facts, figures and images may be used for editorial articles, press releases, blog entries, etc. Please contact our press team via our contact form for further information. About us For several years now, AniNite has established itself as a fixed meeting place for those interested in and fans of Japanese youth and pop culture, both at home and abroad. This fan convention with festival character is organized by AniManga, the umbrella organization of Austrian anime and manga clubs. Supra-regional events of this kind (organized and held by fans for fans) are called conventions. AniNite is one of the largest conventions in the German-speaking world.AniNite is organized on a voluntary basis by members and friends of the AniManga Austria association. Individual program items are carried out in cooperation with our long-standing partners. They partly take over the organization of parts of the AniNite. Facts &amp; Figures Date of the 1st AniNite 2001 Number of visitors 2025 over 25,000 Number of visitors 2001 ~ 70 Association behind the event AniManga Austria Organizers Michael G., Michaela, Michael S., Reinhard, Sabine, Michael T., Andreas Crew ~ 250 Our online presences Facebook www.facebook.com\/AniNite Instagram www.instagram.com\/aninite_official Our logos and graphics Contributions &amp; reports on AniNite 2022 and 2023 AniNite 2022 &#8211; AMVs, cosplay and Chocobos (Article) | proxer.me AniNite 2022 CMV &#8211; Best cosplays of the weekend (Video) | Simply Punica Using manga to combat world-weariness (Article &amp; Video) | ORF.at ANINITE 2022 \ud83c\udfad Highlights \/ Best of &#8211; Convention Event Pyramid (Video) | xtrem studio AniNite 2022 Report (Video) | Manfred Allard Further reports will be linked here as soon as we are notified. Did you find a report oder an artical about the AniNite. Then get in touch with us via the contact form.<\/p>\n","protected":false},"author":10,"featured_media":0,"parent":32099,"menu_order":0,"comment_status":"closed","ping_status":"closed","template":"","meta":{"inline_featured_image":false,"footnotes":""},"class_list":["post-33660","page","type-page","status-publish","hentry"],"yoast_head":"<!-- This site is optimized with the Yoast SEO plugin v27.5 - https:\/\/yoast.com\/product\/yoast-seo-wordpress\/ -->\n<title>Press accreditation - AniNite<\/title>\n<meta name=\"description\" content=\"As the organizer, we appreciate your media support and would like to give you access with an accreditation.\" \/>\n<meta name=\"robots\" content=\"index, follow, max-snippet:-1, max-image-preview:large, max-video-preview:-1\" \/>\n<link rel=\"canonical\" href=\"https:\/\/www.aninite.at\/en\/contact\/akkreditierung\/\" \/>\n<meta property=\"og:locale\" content=\"en_US\" \/>\n<meta property=\"og:type\" content=\"article\" \/>\n<meta property=\"og:title\" content=\"Press accreditation - AniNite\" \/>\n<meta property=\"og:description\" content=\"As the organizer, we appreciate your media support and would like to give you access with an accreditation.\" \/>\n<meta property=\"og:url\" content=\"https:\/\/www.aninite.at\/en\/contact\/akkreditierung\/\" \/>\n<meta property=\"og:site_name\" content=\"AniNite\" \/>\n<meta property=\"article:publisher\" content=\"https:\/\/www.facebook.com\/AniMangaAustria\" \/>\n<meta property=\"article:modified_time\" content=\"2026-04-15T18:20:40+00:00\" \/>\n<meta property=\"og:image\" content=\"https:\/\/www.aninite.at\/wp-content\/uploads\/cropped-Icon_2025.jpg\" \/>\n\t<meta property=\"og:image:width\" content=\"512\" \/>\n\t<meta property=\"og:image:height\" content=\"512\" \/>\n\t<meta property=\"og:image:type\" content=\"image\/jpeg\" \/>\n<meta name=\"twitter:card\" content=\"summary_large_image\" \/>\n<meta name=\"twitter:title\" content=\"AniNite accreditation\" \/>\n<meta name=\"twitter:description\" content=\"As the organizer, we appreciate your media support and would like to provide you with accreditation.\" \/>\n<meta name=\"twitter:image\" content=\"https:\/\/www.aninite.at\/wp-content\/uploads\/cropped-Icon_2022-1.jpg\" \/>\n<meta name=\"twitter:label1\" content=\"Est. reading time\" \/>\n\t<meta name=\"twitter:data1\" content=\"4 minutes\" \/>\n<script type=\"application\/ld+json\" class=\"yoast-schema-graph\">{\"@context\":\"https:\\\/\\\/schema.org\",\"@graph\":[{\"@type\":\"WebPage\",\"@id\":\"https:\\\/\\\/www.aninite.at\\\/en\\\/contact\\\/akkreditierung\\\/\",\"url\":\"https:\\\/\\\/www.aninite.at\\\/en\\\/contact\\\/akkreditierung\\\/\",\"name\":\"Press accreditation - AniNite\",\"isPartOf\":{\"@id\":\"https:\\\/\\\/www.aninite.at\\\/en\\\/#website\"},\"primaryImageOfPage\":{\"@id\":\"https:\\\/\\\/www.aninite.at\\\/en\\\/contact\\\/akkreditierung\\\/#primaryimage\"},\"image\":{\"@id\":\"https:\\\/\\\/www.aninite.at\\\/en\\\/contact\\\/akkreditierung\\\/#primaryimage\"},\"thumbnailUrl\":\"https:\\\/\\\/www.aninite.at\\\/wp-content\\\/uploads\\\/\\\/PageTitelBanner.svg\",\"datePublished\":\"2021-03-13T19:41:35+00:00\",\"dateModified\":\"2026-04-15T18:20:40+00:00\",\"description\":\"As the organizer, we appreciate your media support and would like to give you access with an accreditation.\",\"breadcrumb\":{\"@id\":\"https:\\\/\\\/www.aninite.at\\\/en\\\/contact\\\/akkreditierung\\\/#breadcrumb\"},\"inLanguage\":\"en-US\",\"potentialAction\":[{\"@type\":\"ReadAction\",\"target\":[\"https:\\\/\\\/www.aninite.at\\\/en\\\/contact\\\/akkreditierung\\\/\"]}]},{\"@type\":\"ImageObject\",\"inLanguage\":\"en-US\",\"@id\":\"https:\\\/\\\/www.aninite.at\\\/en\\\/contact\\\/akkreditierung\\\/#primaryimage\",\"url\":\"https:\\\/\\\/www.aninite.at\\\/wp-content\\\/uploads\\\/\\\/PageTitelBanner.svg\",\"contentUrl\":\"https:\\\/\\\/www.aninite.at\\\/wp-content\\\/uploads\\\/\\\/PageTitelBanner.svg\"},{\"@type\":\"BreadcrumbList\",\"@id\":\"https:\\\/\\\/www.aninite.at\\\/en\\\/contact\\\/akkreditierung\\\/#breadcrumb\",\"itemListElement\":[{\"@type\":\"ListItem\",\"position\":1,\"name\":\"Startseite\",\"item\":\"https:\\\/\\\/www.aninite.at\\\/en\\\/welcome\\\/\"},{\"@type\":\"ListItem\",\"position\":2,\"name\":\"Contact us\",\"item\":\"https:\\\/\\\/www.aninite.at\\\/en\\\/contact\\\/\"},{\"@type\":\"ListItem\",\"position\":3,\"name\":\"Press accreditation\"}]},{\"@type\":\"WebSite\",\"@id\":\"https:\\\/\\\/www.aninite.at\\\/en\\\/#website\",\"url\":\"https:\\\/\\\/www.aninite.at\\\/en\\\/\",\"name\":\"AniNite\",\"description\":\"\u00d6sterreichs gr\u00f6\u00dfte Anime-, Manga- und Comic-Convention\",\"potentialAction\":[{\"@type\":\"SearchAction\",\"target\":{\"@type\":\"EntryPoint\",\"urlTemplate\":\"https:\\\/\\\/www.aninite.at\\\/en\\\/?s={search_term_string}\"},\"query-input\":{\"@type\":\"PropertyValueSpecification\",\"valueRequired\":true,\"valueName\":\"search_term_string\"}}],\"inLanguage\":\"en-US\"}]}<\/script>\n<!-- \/ Yoast SEO plugin. -->","yoast_head_json":{"title":"Press accreditation - AniNite","description":"As the organizer, we appreciate your media support and would like to give you access with an accreditation.","robots":{"index":"index","follow":"follow","max-snippet":"max-snippet:-1","max-image-preview":"max-image-preview:large","max-video-preview":"max-video-preview:-1"},"canonical":"https:\/\/www.aninite.at\/en\/contact\/akkreditierung\/","og_locale":"en_US","og_type":"article","og_title":"Press accreditation - AniNite","og_description":"As the organizer, we appreciate your media support and would like to give you access with an accreditation.","og_url":"https:\/\/www.aninite.at\/en\/contact\/akkreditierung\/","og_site_name":"AniNite","article_publisher":"https:\/\/www.facebook.com\/AniMangaAustria","article_modified_time":"2026-04-15T18:20:40+00:00","og_image":[{"width":512,"height":512,"url":"https:\/\/www.aninite.at\/wp-content\/uploads\/cropped-Icon_2025.jpg","type":"image\/jpeg"}],"twitter_card":"summary_large_image","twitter_title":"AniNite accreditation","twitter_description":"As the organizer, we appreciate your media support and would like to provide you with accreditation.","twitter_image":"https:\/\/www.aninite.at\/wp-content\/uploads\/cropped-Icon_2022-1.jpg","twitter_misc":{"Est. reading time":"4 minutes"},"schema":{"@context":"https:\/\/schema.org","@graph":[{"@type":"WebPage","@id":"https:\/\/www.aninite.at\/en\/contact\/akkreditierung\/","url":"https:\/\/www.aninite.at\/en\/contact\/akkreditierung\/","name":"Press accreditation - AniNite","isPartOf":{"@id":"https:\/\/www.aninite.at\/en\/#website"},"primaryImageOfPage":{"@id":"https:\/\/www.aninite.at\/en\/contact\/akkreditierung\/#primaryimage"},"image":{"@id":"https:\/\/www.aninite.at\/en\/contact\/akkreditierung\/#primaryimage"},"thumbnailUrl":"https:\/\/www.aninite.at\/wp-content\/uploads\/\/PageTitelBanner.svg","datePublished":"2021-03-13T19:41:35+00:00","dateModified":"2026-04-15T18:20:40+00:00","description":"As the organizer, we appreciate your media support and would like to give you access with an accreditation.","breadcrumb":{"@id":"https:\/\/www.aninite.at\/en\/contact\/akkreditierung\/#breadcrumb"},"inLanguage":"en-US","potentialAction":[{"@type":"ReadAction","target":["https:\/\/www.aninite.at\/en\/contact\/akkreditierung\/"]}]},{"@type":"ImageObject","inLanguage":"en-US","@id":"https:\/\/www.aninite.at\/en\/contact\/akkreditierung\/#primaryimage","url":"https:\/\/www.aninite.at\/wp-content\/uploads\/\/PageTitelBanner.svg","contentUrl":"https:\/\/www.aninite.at\/wp-content\/uploads\/\/PageTitelBanner.svg"},{"@type":"BreadcrumbList","@id":"https:\/\/www.aninite.at\/en\/contact\/akkreditierung\/#breadcrumb","itemListElement":[{"@type":"ListItem","position":1,"name":"Startseite","item":"https:\/\/www.aninite.at\/en\/welcome\/"},{"@type":"ListItem","position":2,"name":"Contact us","item":"https:\/\/www.aninite.at\/en\/contact\/"},{"@type":"ListItem","position":3,"name":"Press accreditation"}]},{"@type":"WebSite","@id":"https:\/\/www.aninite.at\/en\/#website","url":"https:\/\/www.aninite.at\/en\/","name":"AniNite","description":"\u00d6sterreichs gr\u00f6\u00dfte Anime-, Manga- und Comic-Convention","potentialAction":[{"@type":"SearchAction","target":{"@type":"EntryPoint","urlTemplate":"https:\/\/www.aninite.at\/en\/?s={search_term_string}"},"query-input":{"@type":"PropertyValueSpecification","valueRequired":true,"valueName":"search_term_string"}}],"inLanguage":"en-US"}]}},"acf":[],"_links":{"self":[{"href":"https:\/\/www.aninite.at\/en\/wp-json\/wp\/v2\/pages\/33660","targetHints":{"allow":["GET"]}}],"collection":[{"href":"https:\/\/www.aninite.at\/en\/wp-json\/wp\/v2\/pages"}],"about":[{"href":"https:\/\/www.aninite.at\/en\/wp-json\/wp\/v2\/types\/page"}],"author":[{"embeddable":true,"href":"https:\/\/www.aninite.at\/en\/wp-json\/wp\/v2\/users\/10"}],"replies":[{"embeddable":true,"href":"https:\/\/www.aninite.at\/en\/wp-json\/wp\/v2\/comments?post=33660"}],"version-history":[{"count":8,"href":"https:\/\/www.aninite.at\/en\/wp-json\/wp\/v2\/pages\/33660\/revisions"}],"predecessor-version":[{"id":34932,"href":"https:\/\/www.aninite.at\/en\/wp-json\/wp\/v2\/pages\/33660\/revisions\/34932"}],"up":[{"embeddable":true,"href":"https:\/\/www.aninite.at\/en\/wp-json\/wp\/v2\/pages\/32099"}],"wp:attachment":[{"href":"https:\/\/www.aninite.at\/en\/wp-json\/wp\/v2\/media?parent=33660"}],"curies":[{"name":"wp","href":"https:\/\/api.w.org\/{rel}","templated":true}]}}