{"id":33994,"date":"2025-07-13T23:57:07","date_gmt":"2025-07-13T21:57:07","guid":{"rendered":"https:\/\/www.aninite.at\/vortraege-workshops-milkyrosa-2\/"},"modified":"2025-07-19T09:47:32","modified_gmt":"2025-07-19T07:47:32","slug":"vortraege-workshops-milkyrosa-2","status":"publish","type":"page","link":"https:\/\/www.aninite.at\/en\/vortraege-workshops-milkyrosa-2\/","title":{"rendered":"Lectures &amp; Workshops &#8211; MilkyRosa"},"content":{"rendered":"\n<figure class=\"wp-block-image size-large is-resized\"><img loading=\"lazy\" decoding=\"async\" width=\"1024\" height=\"768\" src=\"https:\/\/www.aninite.at\/wp-content\/uploads\/\/MilkyRosa_Branding_01s-1024x768.jpg\" alt=\"\" class=\"wp-image-33854\" style=\"width:403px;height:auto\" srcset=\"https:\/\/www.aninite.at\/wp-content\/uploads\/MilkyRosa_Branding_01s-1024x768.jpg 1024w, https:\/\/www.aninite.at\/wp-content\/uploads\/MilkyRosa_Branding_01s-300x225.jpg 300w, https:\/\/www.aninite.at\/wp-content\/uploads\/MilkyRosa_Branding_01s-768x576.jpg 768w, https:\/\/www.aninite.at\/wp-content\/uploads\/MilkyRosa_Branding_01s-1536x1152.jpg 1536w, https:\/\/www.aninite.at\/wp-content\/uploads\/MilkyRosa_Branding_01s-2048x1536.jpg 2048w, https:\/\/www.aninite.at\/wp-content\/uploads\/MilkyRosa_Branding_01s-1140x855.jpg 1140w\" sizes=\"auto, (max-width: 1024px) 100vw, 1024px\" \/><\/figure>\n\n<h2 class=\"wp-block-heading\"><em><mark style=\"background-color:rgba(0, 0, 0, 0)\" class=\"has-inline-color has-vivid-red-color\">Branding for artists and small labels<\/mark><\/em><\/h2>\n\n<p><em><mark style=\"background-color:rgba(0, 0, 0, 0)\" class=\"has-inline-color has-vivid-red-color\">Sunday 11.45 &#8211; 13.15 &#8211; Room 0.31<\/mark><\/em><\/p>\n\n<p>Would you like to start your own business as an artist or small company or improve your current public image? In this lecture, you will learn the basics of branding and why a pretty logo alone is not enough. Together, we&#8217;ll take a look at what makes your brand special, how to target the right people and how to make it all visible &#8211; from the logo to the packaging.  <\/p>\n\n<p><strong>Duration:<\/strong><br\/>1.5 hours<\/p>\n\n<p><strong>Participation fee:<\/strong><br\/>15\u20ac &#8211; <mark style=\"background-color:rgba(0, 0, 0, 0)\" class=\"has-inline-color has-luminous-vivid-amber-color\">to be paid at the workshop<\/mark> (incl. handout)<\/p>\n\n<p><strong>Social media:<\/strong><br\/>@milkyrosadesignagency<br\/><\/p>\n\n<figure class=\"wp-block-image size-large is-resized\"><img loading=\"lazy\" decoding=\"async\" width=\"1024\" height=\"714\" src=\"https:\/\/www.aninite.at\/wp-content\/uploads\/\/MilkyRosa_Branding_02s-1024x714.jpg\" alt=\"\" class=\"wp-image-33857\" style=\"width:466px;height:auto\" srcset=\"https:\/\/www.aninite.at\/wp-content\/uploads\/MilkyRosa_Branding_02s-1024x714.jpg 1024w, https:\/\/www.aninite.at\/wp-content\/uploads\/MilkyRosa_Branding_02s-300x209.jpg 300w, https:\/\/www.aninite.at\/wp-content\/uploads\/MilkyRosa_Branding_02s-768x536.jpg 768w, https:\/\/www.aninite.at\/wp-content\/uploads\/MilkyRosa_Branding_02s-1536x1072.jpg 1536w, https:\/\/www.aninite.at\/wp-content\/uploads\/MilkyRosa_Branding_02s-1140x795.jpg 1140w, https:\/\/www.aninite.at\/wp-content\/uploads\/MilkyRosa_Branding_02s.jpg 2031w\" sizes=\"auto, (max-width: 1024px) 100vw, 1024px\" \/><\/figure>\n","protected":false},"excerpt":{"rendered":"<p>Branding for artists and small labels Sunday 11.45 &#8211; 13.15 &#8211; Room 0.31 Would you like to start your own business as an artist or small company or improve your current public image? In this lecture, you will learn the basics of branding and why a pretty logo alone is not enough. Together, we&#8217;ll take a look at what makes your brand special, how to target the right people and how to make it all visible &#8211; from the logo to the packaging. Duration:1.5 hours Participation fee:15\u20ac &#8211; to be paid at the workshop (incl. handout) Social media:@milkyrosadesignagency<\/p>\n","protected":false},"author":13,"featured_media":0,"parent":0,"menu_order":0,"comment_status":"closed","ping_status":"closed","template":"","meta":{"inline_featured_image":false,"footnotes":""},"class_list":["post-33994","page","type-page","status-publish","hentry"],"yoast_head":"<!-- This site is optimized with the Yoast SEO plugin v27.5 - https:\/\/yoast.com\/product\/yoast-seo-wordpress\/ -->\n<title>Lectures &amp; Workshops - MilkyRosa - AniNite<\/title>\n<meta name=\"robots\" content=\"index, follow, max-snippet:-1, max-image-preview:large, max-video-preview:-1\" \/>\n<link rel=\"canonical\" href=\"https:\/\/www.aninite.at\/en\/vortraege-workshops-milkyrosa-2\/\" \/>\n<meta property=\"og:locale\" content=\"en_US\" \/>\n<meta property=\"og:type\" content=\"article\" \/>\n<meta property=\"og:title\" content=\"Lectures &amp; Workshops - MilkyRosa - AniNite\" \/>\n<meta property=\"og:description\" content=\"Branding for artists and small labels Sunday 11.45 &#8211; 13.15 &#8211; Room 0.31 Would you like to start your own business as an artist or small company or improve your current public image? In this lecture, you will learn the basics of branding and why a pretty logo alone is not enough. Together, we&#8217;ll take a look at what makes your brand special, how to target the right people and how to make it all visible &#8211; from the logo to the packaging. Duration:1.5 hours Participation fee:15\u20ac &#8211; to be paid at the workshop (incl. handout) Social media:@milkyrosadesignagency\" \/>\n<meta property=\"og:url\" content=\"https:\/\/www.aninite.at\/en\/vortraege-workshops-milkyrosa-2\/\" \/>\n<meta property=\"og:site_name\" content=\"AniNite\" \/>\n<meta property=\"article:publisher\" content=\"https:\/\/www.facebook.com\/AniMangaAustria\" \/>\n<meta property=\"article:modified_time\" content=\"2025-07-19T07:47:32+00:00\" \/>\n<meta property=\"og:image\" content=\"https:\/\/www.aninite.at\/wp-content\/uploads\/MilkyRosa_Branding_01s-scaled.jpg\" \/>\n\t<meta property=\"og:image:width\" content=\"2560\" \/>\n\t<meta property=\"og:image:height\" content=\"1920\" \/>\n\t<meta property=\"og:image:type\" content=\"image\/jpeg\" \/>\n<meta name=\"twitter:card\" content=\"summary_large_image\" \/>\n<script type=\"application\/ld+json\" class=\"yoast-schema-graph\">{\"@context\":\"https:\\\/\\\/schema.org\",\"@graph\":[{\"@type\":\"WebPage\",\"@id\":\"https:\\\/\\\/www.aninite.at\\\/en\\\/vortraege-workshops-milkyrosa-2\\\/\",\"url\":\"https:\\\/\\\/www.aninite.at\\\/en\\\/vortraege-workshops-milkyrosa-2\\\/\",\"name\":\"Lectures &amp; Workshops - MilkyRosa - AniNite\",\"isPartOf\":{\"@id\":\"https:\\\/\\\/www.aninite.at\\\/en\\\/#website\"},\"primaryImageOfPage\":{\"@id\":\"https:\\\/\\\/www.aninite.at\\\/en\\\/vortraege-workshops-milkyrosa-2\\\/#primaryimage\"},\"image\":{\"@id\":\"https:\\\/\\\/www.aninite.at\\\/en\\\/vortraege-workshops-milkyrosa-2\\\/#primaryimage\"},\"thumbnailUrl\":\"https:\\\/\\\/www.aninite.at\\\/wp-content\\\/uploads\\\/\\\/MilkyRosa_Branding_01s-1024x768.jpg\",\"datePublished\":\"2025-07-13T21:57:07+00:00\",\"dateModified\":\"2025-07-19T07:47:32+00:00\",\"breadcrumb\":{\"@id\":\"https:\\\/\\\/www.aninite.at\\\/en\\\/vortraege-workshops-milkyrosa-2\\\/#breadcrumb\"},\"inLanguage\":\"en-US\",\"potentialAction\":[{\"@type\":\"ReadAction\",\"target\":[\"https:\\\/\\\/www.aninite.at\\\/en\\\/vortraege-workshops-milkyrosa-2\\\/\"]}]},{\"@type\":\"ImageObject\",\"inLanguage\":\"en-US\",\"@id\":\"https:\\\/\\\/www.aninite.at\\\/en\\\/vortraege-workshops-milkyrosa-2\\\/#primaryimage\",\"url\":\"https:\\\/\\\/www.aninite.at\\\/wp-content\\\/uploads\\\/\\\/MilkyRosa_Branding_01s-1024x768.jpg\",\"contentUrl\":\"https:\\\/\\\/www.aninite.at\\\/wp-content\\\/uploads\\\/\\\/MilkyRosa_Branding_01s-1024x768.jpg\"},{\"@type\":\"BreadcrumbList\",\"@id\":\"https:\\\/\\\/www.aninite.at\\\/en\\\/vortraege-workshops-milkyrosa-2\\\/#breadcrumb\",\"itemListElement\":[{\"@type\":\"ListItem\",\"position\":1,\"name\":\"Startseite\",\"item\":\"https:\\\/\\\/www.aninite.at\\\/en\\\/welcome\\\/\"},{\"@type\":\"ListItem\",\"position\":2,\"name\":\"Lectures &amp; Workshops &#8211; MilkyRosa\"}]},{\"@type\":\"WebSite\",\"@id\":\"https:\\\/\\\/www.aninite.at\\\/en\\\/#website\",\"url\":\"https:\\\/\\\/www.aninite.at\\\/en\\\/\",\"name\":\"AniNite\",\"description\":\"\u00d6sterreichs gr\u00f6\u00dfte Anime-, Manga- und Comic-Convention\",\"potentialAction\":[{\"@type\":\"SearchAction\",\"target\":{\"@type\":\"EntryPoint\",\"urlTemplate\":\"https:\\\/\\\/www.aninite.at\\\/en\\\/?s={search_term_string}\"},\"query-input\":{\"@type\":\"PropertyValueSpecification\",\"valueRequired\":true,\"valueName\":\"search_term_string\"}}],\"inLanguage\":\"en-US\"}]}<\/script>\n<!-- \/ Yoast SEO plugin. -->","yoast_head_json":{"title":"Lectures &amp; Workshops - MilkyRosa - AniNite","robots":{"index":"index","follow":"follow","max-snippet":"max-snippet:-1","max-image-preview":"max-image-preview:large","max-video-preview":"max-video-preview:-1"},"canonical":"https:\/\/www.aninite.at\/en\/vortraege-workshops-milkyrosa-2\/","og_locale":"en_US","og_type":"article","og_title":"Lectures &amp; Workshops - MilkyRosa - AniNite","og_description":"Branding for artists and small labels Sunday 11.45 &#8211; 13.15 &#8211; Room 0.31 Would you like to start your own business as an artist or small company or improve your current public image? In this lecture, you will learn the basics of branding and why a pretty logo alone is not enough. Together, we&#8217;ll take a look at what makes your brand special, how to target the right people and how to make it all visible &#8211; from the logo to the packaging. Duration:1.5 hours Participation fee:15\u20ac &#8211; to be paid at the workshop (incl. handout) Social media:@milkyrosadesignagency","og_url":"https:\/\/www.aninite.at\/en\/vortraege-workshops-milkyrosa-2\/","og_site_name":"AniNite","article_publisher":"https:\/\/www.facebook.com\/AniMangaAustria","article_modified_time":"2025-07-19T07:47:32+00:00","og_image":[{"width":2560,"height":1920,"url":"https:\/\/www.aninite.at\/wp-content\/uploads\/MilkyRosa_Branding_01s-scaled.jpg","type":"image\/jpeg"}],"twitter_card":"summary_large_image","schema":{"@context":"https:\/\/schema.org","@graph":[{"@type":"WebPage","@id":"https:\/\/www.aninite.at\/en\/vortraege-workshops-milkyrosa-2\/","url":"https:\/\/www.aninite.at\/en\/vortraege-workshops-milkyrosa-2\/","name":"Lectures &amp; Workshops - MilkyRosa - AniNite","isPartOf":{"@id":"https:\/\/www.aninite.at\/en\/#website"},"primaryImageOfPage":{"@id":"https:\/\/www.aninite.at\/en\/vortraege-workshops-milkyrosa-2\/#primaryimage"},"image":{"@id":"https:\/\/www.aninite.at\/en\/vortraege-workshops-milkyrosa-2\/#primaryimage"},"thumbnailUrl":"https:\/\/www.aninite.at\/wp-content\/uploads\/\/MilkyRosa_Branding_01s-1024x768.jpg","datePublished":"2025-07-13T21:57:07+00:00","dateModified":"2025-07-19T07:47:32+00:00","breadcrumb":{"@id":"https:\/\/www.aninite.at\/en\/vortraege-workshops-milkyrosa-2\/#breadcrumb"},"inLanguage":"en-US","potentialAction":[{"@type":"ReadAction","target":["https:\/\/www.aninite.at\/en\/vortraege-workshops-milkyrosa-2\/"]}]},{"@type":"ImageObject","inLanguage":"en-US","@id":"https:\/\/www.aninite.at\/en\/vortraege-workshops-milkyrosa-2\/#primaryimage","url":"https:\/\/www.aninite.at\/wp-content\/uploads\/\/MilkyRosa_Branding_01s-1024x768.jpg","contentUrl":"https:\/\/www.aninite.at\/wp-content\/uploads\/\/MilkyRosa_Branding_01s-1024x768.jpg"},{"@type":"BreadcrumbList","@id":"https:\/\/www.aninite.at\/en\/vortraege-workshops-milkyrosa-2\/#breadcrumb","itemListElement":[{"@type":"ListItem","position":1,"name":"Startseite","item":"https:\/\/www.aninite.at\/en\/welcome\/"},{"@type":"ListItem","position":2,"name":"Lectures &amp; Workshops &#8211; MilkyRosa"}]},{"@type":"WebSite","@id":"https:\/\/www.aninite.at\/en\/#website","url":"https:\/\/www.aninite.at\/en\/","name":"AniNite","description":"\u00d6sterreichs gr\u00f6\u00dfte Anime-, Manga- und Comic-Convention","potentialAction":[{"@type":"SearchAction","target":{"@type":"EntryPoint","urlTemplate":"https:\/\/www.aninite.at\/en\/?s={search_term_string}"},"query-input":{"@type":"PropertyValueSpecification","valueRequired":true,"valueName":"search_term_string"}}],"inLanguage":"en-US"}]}},"acf":[],"_links":{"self":[{"href":"https:\/\/www.aninite.at\/en\/wp-json\/wp\/v2\/pages\/33994","targetHints":{"allow":["GET"]}}],"collection":[{"href":"https:\/\/www.aninite.at\/en\/wp-json\/wp\/v2\/pages"}],"about":[{"href":"https:\/\/www.aninite.at\/en\/wp-json\/wp\/v2\/types\/page"}],"author":[{"embeddable":true,"href":"https:\/\/www.aninite.at\/en\/wp-json\/wp\/v2\/users\/13"}],"replies":[{"embeddable":true,"href":"https:\/\/www.aninite.at\/en\/wp-json\/wp\/v2\/comments?post=33994"}],"version-history":[{"count":3,"href":"https:\/\/www.aninite.at\/en\/wp-json\/wp\/v2\/pages\/33994\/revisions"}],"predecessor-version":[{"id":34263,"href":"https:\/\/www.aninite.at\/en\/wp-json\/wp\/v2\/pages\/33994\/revisions\/34263"}],"wp:attachment":[{"href":"https:\/\/www.aninite.at\/en\/wp-json\/wp\/v2\/media?parent=33994"}],"curies":[{"name":"wp","href":"https:\/\/api.w.org\/{rel}","templated":true}]}}