{"id":33996,"date":"2025-07-14T00:26:35","date_gmt":"2025-07-13T22:26:35","guid":{"rendered":"https:\/\/www.aninite.at\/vortraege-workshops-fav-whispie-creates\/"},"modified":"2025-07-16T10:46:40","modified_gmt":"2025-07-16T08:46:40","slug":"vortraege-workshops-fav-whispie-creates","status":"publish","type":"page","link":"https:\/\/www.aninite.at\/en\/vortraege-workshops-fav-whispie-creates\/","title":{"rendered":"Lectures &amp; Workshops &#8211; FAV &#8211; Whispie creates"},"content":{"rendered":"\n<figure class=\"wp-block-image size-large is-resized\"><img loading=\"lazy\" decoding=\"async\" width=\"1024\" height=\"724\" src=\"https:\/\/www.aninite.at\/wp-content\/uploads\/\/DIPLOM2-1024x724.png\" alt=\"\" class=\"wp-image-33900\" style=\"width:401px;height:auto\" srcset=\"https:\/\/www.aninite.at\/wp-content\/uploads\/DIPLOM2-1024x724.png 1024w, https:\/\/www.aninite.at\/wp-content\/uploads\/DIPLOM2-300x212.png 300w, https:\/\/www.aninite.at\/wp-content\/uploads\/DIPLOM2-768x543.png 768w, https:\/\/www.aninite.at\/wp-content\/uploads\/DIPLOM2-1536x1086.png 1536w, https:\/\/www.aninite.at\/wp-content\/uploads\/DIPLOM2-1140x806.png 1140w, https:\/\/www.aninite.at\/wp-content\/uploads\/DIPLOM2.png 2000w\" sizes=\"auto, (max-width: 1024px) 100vw, 1024px\" \/><\/figure>\n\n<h2 class=\"wp-block-heading\"><em><mark style=\"background-color:rgba(0, 0, 0, 0)\" class=\"has-inline-color has-vivid-red-color\">Wig styling &#8211; professional techniques for stunning looks.<\/mark><\/em><\/h2>\n\n<p><em><mark style=\"background-color:rgba(0, 0, 0, 0)\" class=\"has-inline-color has-vivid-red-color\">Saturday 11.45 &#8211; 13.45 &#8211; Room 0.32<\/mark><\/em><\/p>\n\n<p>Immerse yourself in the fascinating world of <strong>wig styling<\/strong> and learn how to professionally style synthetic and human hair wigs! In this workshop, we will show you the most important techniques for individually shaping, cutting and styling wigs &#8211; perfect for theater, film, cosplay or everyday life. <\/p>\n\n<p><img decoding=\"async\" alt=\"&#x1F3AD;\" src=\"blob:https:\/\/www.aninite.at\/7406b91b-7ad1-4dd9-ae5e-b49ef41c4833\"\/> <strong>What to expect:<\/strong><br\/><img decoding=\"async\" alt=\"&#x2714;\" src=\"blob:https:\/\/www.aninite.at\/a980ae3e-61a0-480f-ba79-669a74232d9d\"\/> Basics on materials &amp; wig types<br\/><img decoding=\"async\" alt=\"&#x2714;\" src=\"blob:https:\/\/www.aninite.at\/72291928-27c4-444d-874e-3f7d1594ec9c\"\/> Cutting, blow-drying &amp; styling techniques<br\/><img decoding=\"async\" alt=\"&#x2714;\" src=\"blob:https:\/\/www.aninite.at\/7d0ae88c-bc26-4451-b460-6a618411255d\"\/> Creating curls, braids &amp; updos<br\/><img decoding=\"async\" alt=\"&#x2714;\" src=\"blob:https:\/\/www.aninite.at\/74566fb2-cbea-4978-8bf3-7e8aa6fc20c6\"\/> Creating volume &amp; natural hairlines<br\/><img decoding=\"async\" alt=\"&#x2714;\" src=\"blob:https:\/\/www.aninite.at\/c95eec06-a03b-4347-bf38-98722a9b7400\"\/> Fixation &amp; care for long-lasting looks<\/p>\n\n<p><strong><mark style=\"background-color:rgba(0, 0, 0, 0)\" class=\"has-inline-color has-vivid-red-color\">Please bring your own wig that you would like to restyle!<\/mark><\/strong><\/p>\n\n<p>Whether beginner<em>or advanced<\/em>&#8211; this workshop offers you valuable tips and tricks for perfect hairstyles on every wig!<\/p>\n\n<p><strong>Duration:<\/strong><br\/>2 hours<\/p>\n\n<p><strong>Number of participants:<\/strong><br\/>8 &#8211; <mark style=\"background-color:rgba(0, 0, 0, 0)\" class=\"has-inline-color has-luminous-vivid-amber-color\">Registration at the Infopoint<\/mark><\/p>\n\n<p>Social Media:<br\/><a rel=\"noreferrer noopener\" target=\"_blank\" href=\"https:\/\/www.instagram.com\/fashion.academy.vienna\/\">Fashionacademy &#8211; Education, Design, MakeUp, Fashion Management (@fashion.academy.vienna) &#8211; Instagram photos and videos<\/a><\/p>\n\n<p><a rel=\"noreferrer noopener\" target=\"_blank\" href=\"https:\/\/at.pinterest.com\/fashionacademyvienna\/\">fashion academy vienna (fashionacademyvienna) &#8211; Profile | Pinterest<\/a><\/p>\n\n<p><a href=\"https:\/\/www.tiktok.com\/@fashion.academy.vienna\" target=\"_blank\" rel=\"noreferrer noopener\">FAV-fashion.academy.vienna (@fashion.academy.vienna) | TikTok<\/a><\/p>\n\n<h2 class=\"wp-block-heading\">Free make-up service<\/h2>\n\n<p>Friday &amp; Sunday from 13.00 &#8211; 16.00 at the FAV &#8211; Fashion Academy Vienna stand<\/p>\n\n<figure class=\"wp-block-gallery has-nested-images columns-default is-cropped wp-block-gallery-1 is-layout-flex wp-block-gallery-is-layout-flex\">\n<figure class=\"wp-block-image size-large\"><img loading=\"lazy\" decoding=\"async\" width=\"1024\" height=\"724\" data-id=\"33897\" src=\"https:\/\/www.aninite.at\/wp-content\/uploads\/\/DIPLOM-1024x724.png\" alt=\"\" class=\"wp-image-33897\" srcset=\"https:\/\/www.aninite.at\/wp-content\/uploads\/DIPLOM-1024x724.png 1024w, https:\/\/www.aninite.at\/wp-content\/uploads\/DIPLOM-300x212.png 300w, https:\/\/www.aninite.at\/wp-content\/uploads\/DIPLOM-768x543.png 768w, https:\/\/www.aninite.at\/wp-content\/uploads\/DIPLOM-1536x1086.png 1536w, https:\/\/www.aninite.at\/wp-content\/uploads\/DIPLOM-1140x806.png 1140w, https:\/\/www.aninite.at\/wp-content\/uploads\/DIPLOM.png 2000w\" sizes=\"auto, (max-width: 1024px) 100vw, 1024px\" \/><\/figure>\n\n\n\n<figure class=\"wp-block-image size-large\"><img loading=\"lazy\" decoding=\"async\" width=\"1024\" height=\"724\" data-id=\"33891\" src=\"https:\/\/www.aninite.at\/wp-content\/uploads\/\/DIPLOM3e5rz-1024x724.png\" alt=\"\" class=\"wp-image-33891\" srcset=\"https:\/\/www.aninite.at\/wp-content\/uploads\/DIPLOM3e5rz-1024x724.png 1024w, https:\/\/www.aninite.at\/wp-content\/uploads\/DIPLOM3e5rz-300x212.png 300w, https:\/\/www.aninite.at\/wp-content\/uploads\/DIPLOM3e5rz-768x543.png 768w, https:\/\/www.aninite.at\/wp-content\/uploads\/DIPLOM3e5rz-1536x1086.png 1536w, https:\/\/www.aninite.at\/wp-content\/uploads\/DIPLOM3e5rz-1140x806.png 1140w, https:\/\/www.aninite.at\/wp-content\/uploads\/DIPLOM3e5rz.png 2000w\" sizes=\"auto, (max-width: 1024px) 100vw, 1024px\" \/><\/figure>\n\n\n\n<figure class=\"wp-block-image size-large\"><img loading=\"lazy\" decoding=\"async\" width=\"500\" height=\"500\" data-id=\"33903\" src=\"https:\/\/www.aninite.at\/wp-content\/uploads\/logo2.png\" alt=\"\" class=\"wp-image-33903\" srcset=\"https:\/\/www.aninite.at\/wp-content\/uploads\/logo2.png 500w, https:\/\/www.aninite.at\/wp-content\/uploads\/logo2-300x300.png 300w, https:\/\/www.aninite.at\/wp-content\/uploads\/logo2-150x150.png 150w, https:\/\/www.aninite.at\/wp-content\/uploads\/logo2-75x75.png 75w\" sizes=\"auto, (max-width: 500px) 100vw, 500px\" \/><\/figure>\n<\/figure>\n\n<p><\/p>\n","protected":false},"excerpt":{"rendered":"<p>Wig styling &#8211; professional techniques for stunning looks. Saturday 11.45 &#8211; 13.45 &#8211; Room 0.32 Immerse yourself in the fascinating world of wig styling and learn how to professionally style synthetic and human hair wigs! In this workshop, we will show you the most important techniques for individually shaping, cutting and styling wigs &#8211; perfect for theater, film, cosplay or everyday life. What to expect: Basics on materials &amp; wig types Cutting, blow-drying &amp; styling techniques Creating curls, braids &amp; updos Creating volume &amp; natural hairlines Fixation &amp; care for long-lasting looks Please bring your own wig that you would like to restyle! Whether beginneror advanced&#8211; this workshop offers you valuable tips and tricks for perfect hairstyles on every wig! Duration:2 hours Number of participants:8 &#8211; Registration at the Infopoint Social Media:Fashionacademy &#8211; Education, Design, MakeUp, Fashion Management (@fashion.academy.vienna) &#8211; Instagram photos and videos fashion academy vienna (fashionacademyvienna) &#8211; Profile | Pinterest FAV-fashion.academy.vienna (@fashion.academy.vienna) | TikTok Free make-up service Friday &amp; Sunday from 13.00 &#8211; 16.00 at the FAV &#8211; Fashion Academy Vienna stand<\/p>\n","protected":false},"author":13,"featured_media":0,"parent":0,"menu_order":0,"comment_status":"closed","ping_status":"closed","template":"","meta":{"inline_featured_image":false,"footnotes":""},"class_list":["post-33996","page","type-page","status-publish","hentry"],"yoast_head":"<!-- This site is optimized with the Yoast SEO plugin v27.5 - https:\/\/yoast.com\/product\/yoast-seo-wordpress\/ -->\n<title>Lectures &amp; Workshops - FAV - Whispie creates - AniNite<\/title>\n<meta name=\"robots\" content=\"index, follow, max-snippet:-1, max-image-preview:large, max-video-preview:-1\" \/>\n<link rel=\"canonical\" href=\"https:\/\/www.aninite.at\/en\/vortraege-workshops-fav-whispie-creates\/\" \/>\n<meta property=\"og:locale\" content=\"en_US\" \/>\n<meta property=\"og:type\" content=\"article\" \/>\n<meta property=\"og:title\" content=\"Lectures &amp; Workshops - FAV - Whispie creates - AniNite\" \/>\n<meta property=\"og:description\" content=\"Wig styling &#8211; professional techniques for stunning looks. Saturday 11.45 &#8211; 13.45 &#8211; Room 0.32 Immerse yourself in the fascinating world of wig styling and learn how to professionally style synthetic and human hair wigs! In this workshop, we will show you the most important techniques for individually shaping, cutting and styling wigs &#8211; perfect for theater, film, cosplay or everyday life. What to expect: Basics on materials &amp; wig types Cutting, blow-drying &amp; styling techniques Creating curls, braids &amp; updos Creating volume &amp; natural hairlines Fixation &amp; care for long-lasting looks Please bring your own wig that you would like to restyle! Whether beginneror advanced&#8211; this workshop offers you valuable tips and tricks for perfect hairstyles on every wig! Duration:2 hours Number of participants:8 &#8211; Registration at the Infopoint Social Media:Fashionacademy &#8211; Education, Design, MakeUp, Fashion Management (@fashion.academy.vienna) &#8211; Instagram photos and videos fashion academy vienna (fashionacademyvienna) &#8211; Profile | Pinterest FAV-fashion.academy.vienna (@fashion.academy.vienna) | TikTok Free make-up service Friday &amp; Sunday from 13.00 &#8211; 16.00 at the FAV &#8211; Fashion Academy Vienna stand\" \/>\n<meta property=\"og:url\" content=\"https:\/\/www.aninite.at\/en\/vortraege-workshops-fav-whispie-creates\/\" \/>\n<meta property=\"og:site_name\" content=\"AniNite\" \/>\n<meta property=\"article:publisher\" content=\"https:\/\/www.facebook.com\/AniMangaAustria\" \/>\n<meta property=\"article:modified_time\" content=\"2025-07-16T08:46:40+00:00\" \/>\n<meta property=\"og:image\" content=\"https:\/\/www.aninite.at\/wp-content\/uploads\/DIPLOM2-1024x724.png\" \/>\n\t<meta property=\"og:image:width\" content=\"1024\" \/>\n\t<meta property=\"og:image:height\" content=\"724\" \/>\n\t<meta property=\"og:image:type\" content=\"image\/png\" \/>\n<meta name=\"twitter:card\" content=\"summary_large_image\" \/>\n<meta name=\"twitter:label1\" content=\"Est. reading time\" \/>\n\t<meta name=\"twitter:data1\" content=\"1 minute\" \/>\n<script type=\"application\/ld+json\" class=\"yoast-schema-graph\">{\"@context\":\"https:\\\/\\\/schema.org\",\"@graph\":[{\"@type\":\"WebPage\",\"@id\":\"https:\\\/\\\/www.aninite.at\\\/en\\\/vortraege-workshops-fav-whispie-creates\\\/\",\"url\":\"https:\\\/\\\/www.aninite.at\\\/en\\\/vortraege-workshops-fav-whispie-creates\\\/\",\"name\":\"Lectures &amp; Workshops - FAV - Whispie creates - AniNite\",\"isPartOf\":{\"@id\":\"https:\\\/\\\/www.aninite.at\\\/en\\\/#website\"},\"primaryImageOfPage\":{\"@id\":\"https:\\\/\\\/www.aninite.at\\\/en\\\/vortraege-workshops-fav-whispie-creates\\\/#primaryimage\"},\"image\":{\"@id\":\"https:\\\/\\\/www.aninite.at\\\/en\\\/vortraege-workshops-fav-whispie-creates\\\/#primaryimage\"},\"thumbnailUrl\":\"https:\\\/\\\/www.aninite.at\\\/wp-content\\\/uploads\\\/\\\/DIPLOM2-1024x724.png\",\"datePublished\":\"2025-07-13T22:26:35+00:00\",\"dateModified\":\"2025-07-16T08:46:40+00:00\",\"breadcrumb\":{\"@id\":\"https:\\\/\\\/www.aninite.at\\\/en\\\/vortraege-workshops-fav-whispie-creates\\\/#breadcrumb\"},\"inLanguage\":\"en-US\",\"potentialAction\":[{\"@type\":\"ReadAction\",\"target\":[\"https:\\\/\\\/www.aninite.at\\\/en\\\/vortraege-workshops-fav-whispie-creates\\\/\"]}]},{\"@type\":\"ImageObject\",\"inLanguage\":\"en-US\",\"@id\":\"https:\\\/\\\/www.aninite.at\\\/en\\\/vortraege-workshops-fav-whispie-creates\\\/#primaryimage\",\"url\":\"https:\\\/\\\/www.aninite.at\\\/wp-content\\\/uploads\\\/\\\/DIPLOM2-1024x724.png\",\"contentUrl\":\"https:\\\/\\\/www.aninite.at\\\/wp-content\\\/uploads\\\/\\\/DIPLOM2-1024x724.png\"},{\"@type\":\"BreadcrumbList\",\"@id\":\"https:\\\/\\\/www.aninite.at\\\/en\\\/vortraege-workshops-fav-whispie-creates\\\/#breadcrumb\",\"itemListElement\":[{\"@type\":\"ListItem\",\"position\":1,\"name\":\"Startseite\",\"item\":\"https:\\\/\\\/www.aninite.at\\\/en\\\/welcome\\\/\"},{\"@type\":\"ListItem\",\"position\":2,\"name\":\"Lectures &amp; Workshops &#8211; FAV &#8211; Whispie creates\"}]},{\"@type\":\"WebSite\",\"@id\":\"https:\\\/\\\/www.aninite.at\\\/en\\\/#website\",\"url\":\"https:\\\/\\\/www.aninite.at\\\/en\\\/\",\"name\":\"AniNite\",\"description\":\"\u00d6sterreichs gr\u00f6\u00dfte Anime-, Manga- und Comic-Convention\",\"potentialAction\":[{\"@type\":\"SearchAction\",\"target\":{\"@type\":\"EntryPoint\",\"urlTemplate\":\"https:\\\/\\\/www.aninite.at\\\/en\\\/?s={search_term_string}\"},\"query-input\":{\"@type\":\"PropertyValueSpecification\",\"valueRequired\":true,\"valueName\":\"search_term_string\"}}],\"inLanguage\":\"en-US\"}]}<\/script>\n<!-- \/ Yoast SEO plugin. -->","yoast_head_json":{"title":"Lectures &amp; Workshops - FAV - Whispie creates - AniNite","robots":{"index":"index","follow":"follow","max-snippet":"max-snippet:-1","max-image-preview":"max-image-preview:large","max-video-preview":"max-video-preview:-1"},"canonical":"https:\/\/www.aninite.at\/en\/vortraege-workshops-fav-whispie-creates\/","og_locale":"en_US","og_type":"article","og_title":"Lectures &amp; Workshops - FAV - Whispie creates - AniNite","og_description":"Wig styling &#8211; professional techniques for stunning looks. Saturday 11.45 &#8211; 13.45 &#8211; Room 0.32 Immerse yourself in the fascinating world of wig styling and learn how to professionally style synthetic and human hair wigs! In this workshop, we will show you the most important techniques for individually shaping, cutting and styling wigs &#8211; perfect for theater, film, cosplay or everyday life. What to expect: Basics on materials &amp; wig types Cutting, blow-drying &amp; styling techniques Creating curls, braids &amp; updos Creating volume &amp; natural hairlines Fixation &amp; care for long-lasting looks Please bring your own wig that you would like to restyle! Whether beginneror advanced&#8211; this workshop offers you valuable tips and tricks for perfect hairstyles on every wig! Duration:2 hours Number of participants:8 &#8211; Registration at the Infopoint Social Media:Fashionacademy &#8211; Education, Design, MakeUp, Fashion Management (@fashion.academy.vienna) &#8211; Instagram photos and videos fashion academy vienna (fashionacademyvienna) &#8211; Profile | Pinterest FAV-fashion.academy.vienna (@fashion.academy.vienna) | TikTok Free make-up service Friday &amp; Sunday from 13.00 &#8211; 16.00 at the FAV &#8211; Fashion Academy Vienna stand","og_url":"https:\/\/www.aninite.at\/en\/vortraege-workshops-fav-whispie-creates\/","og_site_name":"AniNite","article_publisher":"https:\/\/www.facebook.com\/AniMangaAustria","article_modified_time":"2025-07-16T08:46:40+00:00","og_image":[{"width":1024,"height":724,"url":"https:\/\/www.aninite.at\/wp-content\/uploads\/DIPLOM2-1024x724.png","type":"image\/png"}],"twitter_card":"summary_large_image","twitter_misc":{"Est. reading time":"1 minute"},"schema":{"@context":"https:\/\/schema.org","@graph":[{"@type":"WebPage","@id":"https:\/\/www.aninite.at\/en\/vortraege-workshops-fav-whispie-creates\/","url":"https:\/\/www.aninite.at\/en\/vortraege-workshops-fav-whispie-creates\/","name":"Lectures &amp; Workshops - FAV - Whispie creates - AniNite","isPartOf":{"@id":"https:\/\/www.aninite.at\/en\/#website"},"primaryImageOfPage":{"@id":"https:\/\/www.aninite.at\/en\/vortraege-workshops-fav-whispie-creates\/#primaryimage"},"image":{"@id":"https:\/\/www.aninite.at\/en\/vortraege-workshops-fav-whispie-creates\/#primaryimage"},"thumbnailUrl":"https:\/\/www.aninite.at\/wp-content\/uploads\/\/DIPLOM2-1024x724.png","datePublished":"2025-07-13T22:26:35+00:00","dateModified":"2025-07-16T08:46:40+00:00","breadcrumb":{"@id":"https:\/\/www.aninite.at\/en\/vortraege-workshops-fav-whispie-creates\/#breadcrumb"},"inLanguage":"en-US","potentialAction":[{"@type":"ReadAction","target":["https:\/\/www.aninite.at\/en\/vortraege-workshops-fav-whispie-creates\/"]}]},{"@type":"ImageObject","inLanguage":"en-US","@id":"https:\/\/www.aninite.at\/en\/vortraege-workshops-fav-whispie-creates\/#primaryimage","url":"https:\/\/www.aninite.at\/wp-content\/uploads\/\/DIPLOM2-1024x724.png","contentUrl":"https:\/\/www.aninite.at\/wp-content\/uploads\/\/DIPLOM2-1024x724.png"},{"@type":"BreadcrumbList","@id":"https:\/\/www.aninite.at\/en\/vortraege-workshops-fav-whispie-creates\/#breadcrumb","itemListElement":[{"@type":"ListItem","position":1,"name":"Startseite","item":"https:\/\/www.aninite.at\/en\/welcome\/"},{"@type":"ListItem","position":2,"name":"Lectures &amp; Workshops &#8211; FAV &#8211; Whispie creates"}]},{"@type":"WebSite","@id":"https:\/\/www.aninite.at\/en\/#website","url":"https:\/\/www.aninite.at\/en\/","name":"AniNite","description":"\u00d6sterreichs gr\u00f6\u00dfte Anime-, Manga- und Comic-Convention","potentialAction":[{"@type":"SearchAction","target":{"@type":"EntryPoint","urlTemplate":"https:\/\/www.aninite.at\/en\/?s={search_term_string}"},"query-input":{"@type":"PropertyValueSpecification","valueRequired":true,"valueName":"search_term_string"}}],"inLanguage":"en-US"}]}},"acf":[],"_links":{"self":[{"href":"https:\/\/www.aninite.at\/en\/wp-json\/wp\/v2\/pages\/33996","targetHints":{"allow":["GET"]}}],"collection":[{"href":"https:\/\/www.aninite.at\/en\/wp-json\/wp\/v2\/pages"}],"about":[{"href":"https:\/\/www.aninite.at\/en\/wp-json\/wp\/v2\/types\/page"}],"author":[{"embeddable":true,"href":"https:\/\/www.aninite.at\/en\/wp-json\/wp\/v2\/users\/13"}],"replies":[{"embeddable":true,"href":"https:\/\/www.aninite.at\/en\/wp-json\/wp\/v2\/comments?post=33996"}],"version-history":[{"count":1,"href":"https:\/\/www.aninite.at\/en\/wp-json\/wp\/v2\/pages\/33996\/revisions"}],"predecessor-version":[{"id":33999,"href":"https:\/\/www.aninite.at\/en\/wp-json\/wp\/v2\/pages\/33996\/revisions\/33999"}],"wp:attachment":[{"href":"https:\/\/www.aninite.at\/en\/wp-json\/wp\/v2\/media?parent=33996"}],"curies":[{"name":"wp","href":"https:\/\/api.w.org\/{rel}","templated":true}]}}