{"id":34002,"date":"2025-07-13T23:46:44","date_gmt":"2025-07-13T21:46:44","guid":{"rendered":"https:\/\/www.aninite.at\/vortraege-workshops-milkyrosa\/"},"modified":"2025-07-19T09:48:15","modified_gmt":"2025-07-19T07:48:15","slug":"vortraege-workshops-milkyrosa","status":"publish","type":"page","link":"https:\/\/www.aninite.at\/en\/vortraege-workshops-milkyrosa\/","title":{"rendered":"Lectures &amp; Workshops &#8211; MilkyRosa"},"content":{"rendered":"\n<figure class=\"wp-block-image size-large is-resized\"><img loading=\"lazy\" decoding=\"async\" width=\"717\" height=\"1024\" src=\"https:\/\/www.aninite.at\/wp-content\/uploads\/\/MilkyRosa_Musterdesign_01s-717x1024.jpg\" alt=\"\" class=\"wp-image-33860\" style=\"width:400px;height:auto\" srcset=\"https:\/\/www.aninite.at\/wp-content\/uploads\/MilkyRosa_Musterdesign_01s-717x1024.jpg 717w, https:\/\/www.aninite.at\/wp-content\/uploads\/MilkyRosa_Musterdesign_01s-210x300.jpg 210w, https:\/\/www.aninite.at\/wp-content\/uploads\/MilkyRosa_Musterdesign_01s-768x1096.jpg 768w, https:\/\/www.aninite.at\/wp-content\/uploads\/MilkyRosa_Musterdesign_01s-1076x1536.jpg 1076w, https:\/\/www.aninite.at\/wp-content\/uploads\/MilkyRosa_Musterdesign_01s-1435x2048.jpg 1435w, https:\/\/www.aninite.at\/wp-content\/uploads\/MilkyRosa_Musterdesign_01s-1140x1627.jpg 1140w, https:\/\/www.aninite.at\/wp-content\/uploads\/MilkyRosa_Musterdesign_01s.jpg 1655w\" sizes=\"auto, (max-width: 717px) 100vw, 717px\" \/><\/figure>\n\n<h2 class=\"wp-block-heading\"><em><mark style=\"background-color:rgba(0, 0, 0, 0)\" class=\"has-inline-color has-vivid-red-color\">Pattern design for products &amp; cosplay<\/mark><\/em><\/h2>\n\n<p><em><mark style=\"background-color:rgba(0, 0, 0, 0)\" class=\"has-inline-color has-vivid-red-color\">Friday 13.30 &#8211; 15.00 &#8211; Room 0.32<\/mark><\/em><\/p>\n\n<p>As a cosplayer you depend on using authentic fabrics for your cosplays. But what if these are not available for purchase? Or you want to create your own products and design your own fabrics. In this workshop, I&#8217;ll give you insight into creating patterns and show you how to design them for fabric printing and what to look for when printing. Together we&#8217;ll create a traditional pattern repeat and you&#8217;ll get a list of fabric print shops and their assortment. No previous experience is necessary.     <\/p>\n\n<p><strong>Duration:<\/strong><br\/>1.5 hours<\/p>\n\n<p><strong>Number of participants:<\/strong><br\/>20 &#8211; <mark style=\"background-color:rgba(0, 0, 0, 0)\" class=\"has-inline-color has-luminous-vivid-amber-color\">Registration at the Infopoint<\/mark><\/p>\n\n<p><strong>Participation fee:<\/strong><br\/>12\u20ac &#8211; <mark style=\"background-color:rgba(0, 0, 0, 0)\" class=\"has-inline-color has-luminous-vivid-amber-color\">to be paid at the workshop<\/mark> (incl. materials &amp; digital handout)<\/p>\n\n<p><strong>Social media:<\/strong><br\/>@milkyrosadesignagency<\/p>\n\n<figure class=\"wp-block-gallery has-nested-images columns-default is-cropped wp-block-gallery-1 is-layout-flex wp-block-gallery-is-layout-flex\">\n<figure class=\"wp-block-image size-large\"><img loading=\"lazy\" decoding=\"async\" width=\"966\" height=\"1024\" data-id=\"33863\" src=\"https:\/\/www.aninite.at\/wp-content\/uploads\/\/MilkyRosa_Musterdesign_02s-966x1024.jpg\" alt=\"\" class=\"wp-image-33863\" srcset=\"https:\/\/www.aninite.at\/wp-content\/uploads\/MilkyRosa_Musterdesign_02s-966x1024.jpg 966w, https:\/\/www.aninite.at\/wp-content\/uploads\/MilkyRosa_Musterdesign_02s-283x300.jpg 283w, https:\/\/www.aninite.at\/wp-content\/uploads\/MilkyRosa_Musterdesign_02s-768x814.jpg 768w, https:\/\/www.aninite.at\/wp-content\/uploads\/MilkyRosa_Musterdesign_02s-1449x1536.jpg 1449w, https:\/\/www.aninite.at\/wp-content\/uploads\/MilkyRosa_Musterdesign_02s-1140x1208.jpg 1140w, https:\/\/www.aninite.at\/wp-content\/uploads\/MilkyRosa_Musterdesign_02s.jpg 1672w\" sizes=\"auto, (max-width: 966px) 100vw, 966px\" \/><\/figure>\n\n\n\n<figure class=\"wp-block-image size-large\"><img loading=\"lazy\" decoding=\"async\" width=\"1024\" height=\"683\" data-id=\"33866\" src=\"https:\/\/www.aninite.at\/wp-content\/uploads\/\/MilkyRosa_Musterdesign_03s-1024x683.jpg\" alt=\"\" class=\"wp-image-33866\" srcset=\"https:\/\/www.aninite.at\/wp-content\/uploads\/MilkyRosa_Musterdesign_03s-1024x683.jpg 1024w, https:\/\/www.aninite.at\/wp-content\/uploads\/MilkyRosa_Musterdesign_03s-300x200.jpg 300w, https:\/\/www.aninite.at\/wp-content\/uploads\/MilkyRosa_Musterdesign_03s-768x512.jpg 768w, https:\/\/www.aninite.at\/wp-content\/uploads\/MilkyRosa_Musterdesign_03s-1140x760.jpg 1140w, https:\/\/www.aninite.at\/wp-content\/uploads\/MilkyRosa_Musterdesign_03s.jpg 1200w\" sizes=\"auto, (max-width: 1024px) 100vw, 1024px\" \/><\/figure>\n<\/figure>\n","protected":false},"excerpt":{"rendered":"<p>Pattern design for products &amp; cosplay Friday 13.30 &#8211; 15.00 &#8211; Room 0.32 As a cosplayer you depend on using authentic fabrics for your cosplays. But what if these are not available for purchase? Or you want to create your own products and design your own fabrics. In this workshop, I&#8217;ll give you insight into creating patterns and show you how to design them for fabric printing and what to look for when printing. Together we&#8217;ll create a traditional pattern repeat and you&#8217;ll get a list of fabric print shops and their assortment. No previous experience is necessary. Duration:1.5 hours Number of participants:20 &#8211; Registration at the Infopoint Participation fee:12\u20ac &#8211; to be paid at the workshop (incl. materials &amp; digital handout) Social media:@milkyrosadesignagency<\/p>\n","protected":false},"author":13,"featured_media":0,"parent":0,"menu_order":0,"comment_status":"closed","ping_status":"closed","template":"","meta":{"inline_featured_image":false,"footnotes":""},"class_list":["post-34002","page","type-page","status-publish","hentry"],"yoast_head":"<!-- This site is optimized with the Yoast SEO plugin v27.5 - https:\/\/yoast.com\/product\/yoast-seo-wordpress\/ -->\n<title>Lectures &amp; Workshops - MilkyRosa - AniNite<\/title>\n<meta name=\"robots\" content=\"index, follow, max-snippet:-1, max-image-preview:large, max-video-preview:-1\" \/>\n<link rel=\"canonical\" href=\"https:\/\/www.aninite.at\/en\/vortraege-workshops-milkyrosa\/\" \/>\n<meta property=\"og:locale\" content=\"en_US\" \/>\n<meta property=\"og:type\" content=\"article\" \/>\n<meta property=\"og:title\" content=\"Lectures &amp; Workshops - MilkyRosa - AniNite\" \/>\n<meta property=\"og:description\" content=\"Pattern design for products &amp; cosplay Friday 13.30 &#8211; 15.00 &#8211; Room 0.32 As a cosplayer you depend on using authentic fabrics for your cosplays. But what if these are not available for purchase? Or you want to create your own products and design your own fabrics. In this workshop, I&#8217;ll give you insight into creating patterns and show you how to design them for fabric printing and what to look for when printing. Together we&#8217;ll create a traditional pattern repeat and you&#8217;ll get a list of fabric print shops and their assortment. No previous experience is necessary. Duration:1.5 hours Number of participants:20 &#8211; Registration at the Infopoint Participation fee:12\u20ac &#8211; to be paid at the workshop (incl. materials &amp; digital handout) Social media:@milkyrosadesignagency\" \/>\n<meta property=\"og:url\" content=\"https:\/\/www.aninite.at\/en\/vortraege-workshops-milkyrosa\/\" \/>\n<meta property=\"og:site_name\" content=\"AniNite\" \/>\n<meta property=\"article:publisher\" content=\"https:\/\/www.facebook.com\/AniMangaAustria\" \/>\n<meta property=\"article:modified_time\" content=\"2025-07-19T07:48:15+00:00\" \/>\n<meta property=\"og:image\" content=\"https:\/\/www.aninite.at\/wp-content\/uploads\/MilkyRosa_Musterdesign_01s.jpg\" \/>\n\t<meta property=\"og:image:width\" content=\"1655\" \/>\n\t<meta property=\"og:image:height\" content=\"2362\" \/>\n\t<meta property=\"og:image:type\" content=\"image\/jpeg\" \/>\n<meta name=\"twitter:card\" content=\"summary_large_image\" \/>\n<meta name=\"twitter:label1\" content=\"Est. reading time\" \/>\n\t<meta name=\"twitter:data1\" content=\"1 minute\" \/>\n<script type=\"application\/ld+json\" class=\"yoast-schema-graph\">{\"@context\":\"https:\\\/\\\/schema.org\",\"@graph\":[{\"@type\":\"WebPage\",\"@id\":\"https:\\\/\\\/www.aninite.at\\\/en\\\/vortraege-workshops-milkyrosa\\\/\",\"url\":\"https:\\\/\\\/www.aninite.at\\\/en\\\/vortraege-workshops-milkyrosa\\\/\",\"name\":\"Lectures &amp; Workshops - MilkyRosa - AniNite\",\"isPartOf\":{\"@id\":\"https:\\\/\\\/www.aninite.at\\\/en\\\/#website\"},\"primaryImageOfPage\":{\"@id\":\"https:\\\/\\\/www.aninite.at\\\/en\\\/vortraege-workshops-milkyrosa\\\/#primaryimage\"},\"image\":{\"@id\":\"https:\\\/\\\/www.aninite.at\\\/en\\\/vortraege-workshops-milkyrosa\\\/#primaryimage\"},\"thumbnailUrl\":\"https:\\\/\\\/www.aninite.at\\\/wp-content\\\/uploads\\\/\\\/MilkyRosa_Musterdesign_01s-717x1024.jpg\",\"datePublished\":\"2025-07-13T21:46:44+00:00\",\"dateModified\":\"2025-07-19T07:48:15+00:00\",\"breadcrumb\":{\"@id\":\"https:\\\/\\\/www.aninite.at\\\/en\\\/vortraege-workshops-milkyrosa\\\/#breadcrumb\"},\"inLanguage\":\"en-US\",\"potentialAction\":[{\"@type\":\"ReadAction\",\"target\":[\"https:\\\/\\\/www.aninite.at\\\/en\\\/vortraege-workshops-milkyrosa\\\/\"]}]},{\"@type\":\"ImageObject\",\"inLanguage\":\"en-US\",\"@id\":\"https:\\\/\\\/www.aninite.at\\\/en\\\/vortraege-workshops-milkyrosa\\\/#primaryimage\",\"url\":\"https:\\\/\\\/www.aninite.at\\\/wp-content\\\/uploads\\\/\\\/MilkyRosa_Musterdesign_01s-717x1024.jpg\",\"contentUrl\":\"https:\\\/\\\/www.aninite.at\\\/wp-content\\\/uploads\\\/\\\/MilkyRosa_Musterdesign_01s-717x1024.jpg\"},{\"@type\":\"BreadcrumbList\",\"@id\":\"https:\\\/\\\/www.aninite.at\\\/en\\\/vortraege-workshops-milkyrosa\\\/#breadcrumb\",\"itemListElement\":[{\"@type\":\"ListItem\",\"position\":1,\"name\":\"Startseite\",\"item\":\"https:\\\/\\\/www.aninite.at\\\/en\\\/welcome\\\/\"},{\"@type\":\"ListItem\",\"position\":2,\"name\":\"Lectures &amp; Workshops &#8211; MilkyRosa\"}]},{\"@type\":\"WebSite\",\"@id\":\"https:\\\/\\\/www.aninite.at\\\/en\\\/#website\",\"url\":\"https:\\\/\\\/www.aninite.at\\\/en\\\/\",\"name\":\"AniNite\",\"description\":\"\u00d6sterreichs gr\u00f6\u00dfte Anime-, Manga- und Comic-Convention\",\"potentialAction\":[{\"@type\":\"SearchAction\",\"target\":{\"@type\":\"EntryPoint\",\"urlTemplate\":\"https:\\\/\\\/www.aninite.at\\\/en\\\/?s={search_term_string}\"},\"query-input\":{\"@type\":\"PropertyValueSpecification\",\"valueRequired\":true,\"valueName\":\"search_term_string\"}}],\"inLanguage\":\"en-US\"}]}<\/script>\n<!-- \/ Yoast SEO plugin. -->","yoast_head_json":{"title":"Lectures &amp; Workshops - MilkyRosa - AniNite","robots":{"index":"index","follow":"follow","max-snippet":"max-snippet:-1","max-image-preview":"max-image-preview:large","max-video-preview":"max-video-preview:-1"},"canonical":"https:\/\/www.aninite.at\/en\/vortraege-workshops-milkyrosa\/","og_locale":"en_US","og_type":"article","og_title":"Lectures &amp; Workshops - MilkyRosa - AniNite","og_description":"Pattern design for products &amp; cosplay Friday 13.30 &#8211; 15.00 &#8211; Room 0.32 As a cosplayer you depend on using authentic fabrics for your cosplays. But what if these are not available for purchase? Or you want to create your own products and design your own fabrics. In this workshop, I&#8217;ll give you insight into creating patterns and show you how to design them for fabric printing and what to look for when printing. Together we&#8217;ll create a traditional pattern repeat and you&#8217;ll get a list of fabric print shops and their assortment. No previous experience is necessary. Duration:1.5 hours Number of participants:20 &#8211; Registration at the Infopoint Participation fee:12\u20ac &#8211; to be paid at the workshop (incl. materials &amp; digital handout) Social media:@milkyrosadesignagency","og_url":"https:\/\/www.aninite.at\/en\/vortraege-workshops-milkyrosa\/","og_site_name":"AniNite","article_publisher":"https:\/\/www.facebook.com\/AniMangaAustria","article_modified_time":"2025-07-19T07:48:15+00:00","og_image":[{"width":1655,"height":2362,"url":"https:\/\/www.aninite.at\/wp-content\/uploads\/MilkyRosa_Musterdesign_01s.jpg","type":"image\/jpeg"}],"twitter_card":"summary_large_image","twitter_misc":{"Est. reading time":"1 minute"},"schema":{"@context":"https:\/\/schema.org","@graph":[{"@type":"WebPage","@id":"https:\/\/www.aninite.at\/en\/vortraege-workshops-milkyrosa\/","url":"https:\/\/www.aninite.at\/en\/vortraege-workshops-milkyrosa\/","name":"Lectures &amp; Workshops - MilkyRosa - AniNite","isPartOf":{"@id":"https:\/\/www.aninite.at\/en\/#website"},"primaryImageOfPage":{"@id":"https:\/\/www.aninite.at\/en\/vortraege-workshops-milkyrosa\/#primaryimage"},"image":{"@id":"https:\/\/www.aninite.at\/en\/vortraege-workshops-milkyrosa\/#primaryimage"},"thumbnailUrl":"https:\/\/www.aninite.at\/wp-content\/uploads\/\/MilkyRosa_Musterdesign_01s-717x1024.jpg","datePublished":"2025-07-13T21:46:44+00:00","dateModified":"2025-07-19T07:48:15+00:00","breadcrumb":{"@id":"https:\/\/www.aninite.at\/en\/vortraege-workshops-milkyrosa\/#breadcrumb"},"inLanguage":"en-US","potentialAction":[{"@type":"ReadAction","target":["https:\/\/www.aninite.at\/en\/vortraege-workshops-milkyrosa\/"]}]},{"@type":"ImageObject","inLanguage":"en-US","@id":"https:\/\/www.aninite.at\/en\/vortraege-workshops-milkyrosa\/#primaryimage","url":"https:\/\/www.aninite.at\/wp-content\/uploads\/\/MilkyRosa_Musterdesign_01s-717x1024.jpg","contentUrl":"https:\/\/www.aninite.at\/wp-content\/uploads\/\/MilkyRosa_Musterdesign_01s-717x1024.jpg"},{"@type":"BreadcrumbList","@id":"https:\/\/www.aninite.at\/en\/vortraege-workshops-milkyrosa\/#breadcrumb","itemListElement":[{"@type":"ListItem","position":1,"name":"Startseite","item":"https:\/\/www.aninite.at\/en\/welcome\/"},{"@type":"ListItem","position":2,"name":"Lectures &amp; Workshops &#8211; MilkyRosa"}]},{"@type":"WebSite","@id":"https:\/\/www.aninite.at\/en\/#website","url":"https:\/\/www.aninite.at\/en\/","name":"AniNite","description":"\u00d6sterreichs gr\u00f6\u00dfte Anime-, Manga- und Comic-Convention","potentialAction":[{"@type":"SearchAction","target":{"@type":"EntryPoint","urlTemplate":"https:\/\/www.aninite.at\/en\/?s={search_term_string}"},"query-input":{"@type":"PropertyValueSpecification","valueRequired":true,"valueName":"search_term_string"}}],"inLanguage":"en-US"}]}},"acf":[],"_links":{"self":[{"href":"https:\/\/www.aninite.at\/en\/wp-json\/wp\/v2\/pages\/34002","targetHints":{"allow":["GET"]}}],"collection":[{"href":"https:\/\/www.aninite.at\/en\/wp-json\/wp\/v2\/pages"}],"about":[{"href":"https:\/\/www.aninite.at\/en\/wp-json\/wp\/v2\/types\/page"}],"author":[{"embeddable":true,"href":"https:\/\/www.aninite.at\/en\/wp-json\/wp\/v2\/users\/13"}],"replies":[{"embeddable":true,"href":"https:\/\/www.aninite.at\/en\/wp-json\/wp\/v2\/comments?post=34002"}],"version-history":[{"count":6,"href":"https:\/\/www.aninite.at\/en\/wp-json\/wp\/v2\/pages\/34002\/revisions"}],"predecessor-version":[{"id":34268,"href":"https:\/\/www.aninite.at\/en\/wp-json\/wp\/v2\/pages\/34002\/revisions\/34268"}],"wp:attachment":[{"href":"https:\/\/www.aninite.at\/en\/wp-json\/wp\/v2\/media?parent=34002"}],"curies":[{"name":"wp","href":"https:\/\/api.w.org\/{rel}","templated":true}]}}