{"id":34004,"date":"2025-07-14T00:02:46","date_gmt":"2025-07-13T22:02:46","guid":{"rendered":"https:\/\/www.aninite.at\/vortraege-workshops-oejg\/"},"modified":"2025-07-16T10:47:14","modified_gmt":"2025-07-16T08:47:14","slug":"vortraege-workshops-oejg","status":"publish","type":"page","link":"https:\/\/www.aninite.at\/en\/vortraege-workshops-oejg\/","title":{"rendered":"Lectures &amp; Workshops &#8211; \u00d6JG"},"content":{"rendered":"\n<h2 class=\"wp-block-heading\"><em><mark style=\"background-color:rgba(0, 0, 0, 0)\" class=\"has-inline-color has-vivid-red-color\">Activities of the Austrian-Japanese Society &#8211; the &#8220;Japanese scene&#8221; in Austria<\/mark><\/em><\/h2>\n\n<p><em><mark style=\"background-color:rgba(0, 0, 0, 0)\" class=\"has-inline-color has-vivid-red-color\">Sunday 13.30 &#8211; 14.15 &#8211; Room 0.31<\/mark><\/em><\/p>\n\n<p>The Austrian-Japanese Society (\u00d6JG) brings Austria and Japan closer &#8211; from culture to sport<\/p>\n\n<p><strong>Duration:<\/strong><br\/>45 minutes<\/p>\n\n<p><strong>Social Media:<\/strong><br\/><a href=\"https:\/\/www.instagram.com\/oejg_official?igsh=aXk1cHpsd2JjNHJ0\" target=\"_blank\" rel=\"noreferrer noopener\">https:\/\/www.instagram.com\/oejg_official?igsh=aXk1cHpsd2JjNHJ0<\/a><\/p>\n","protected":false},"excerpt":{"rendered":"<p>Activities of the Austrian-Japanese Society &#8211; the &#8220;Japanese scene&#8221; in Austria Sunday 13.30 &#8211; 14.15 &#8211; Room 0.31 The Austrian-Japanese Society (\u00d6JG) brings Austria and Japan closer &#8211; from culture to sport Duration:45 minutes Social Media:https:\/\/www.instagram.com\/oejg_official?igsh=aXk1cHpsd2JjNHJ0<\/p>\n","protected":false},"author":13,"featured_media":0,"parent":0,"menu_order":0,"comment_status":"closed","ping_status":"closed","template":"","meta":{"inline_featured_image":false,"footnotes":""},"class_list":["post-34004","page","type-page","status-publish","hentry"],"yoast_head":"<!-- This site is optimized with the Yoast SEO plugin v27.5 - https:\/\/yoast.com\/product\/yoast-seo-wordpress\/ -->\n<title>Lectures &amp; Workshops - \u00d6JG - AniNite<\/title>\n<meta name=\"robots\" content=\"index, follow, max-snippet:-1, max-image-preview:large, max-video-preview:-1\" \/>\n<link rel=\"canonical\" href=\"https:\/\/www.aninite.at\/en\/vortraege-workshops-oejg\/\" \/>\n<meta property=\"og:locale\" content=\"en_US\" \/>\n<meta property=\"og:type\" content=\"article\" \/>\n<meta property=\"og:title\" content=\"Lectures &amp; Workshops - \u00d6JG - AniNite\" \/>\n<meta property=\"og:description\" content=\"Activities of the Austrian-Japanese Society &#8211; the &#8220;Japanese scene&#8221; in Austria Sunday 13.30 &#8211; 14.15 &#8211; Room 0.31 The Austrian-Japanese Society (\u00d6JG) brings Austria and Japan closer &#8211; from culture to sport Duration:45 minutes Social Media:https:\/\/www.instagram.com\/oejg_official?igsh=aXk1cHpsd2JjNHJ0\" \/>\n<meta property=\"og:url\" content=\"https:\/\/www.aninite.at\/en\/vortraege-workshops-oejg\/\" \/>\n<meta property=\"og:site_name\" content=\"AniNite\" \/>\n<meta property=\"article:publisher\" content=\"https:\/\/www.facebook.com\/AniMangaAustria\" \/>\n<meta property=\"article:modified_time\" content=\"2025-07-16T08:47:14+00:00\" \/>\n<meta property=\"og:image\" content=\"https:\/\/www.aninite.at\/wp-content\/uploads\/cropped-Icon_2025.jpg\" \/>\n\t<meta property=\"og:image:width\" content=\"512\" \/>\n\t<meta property=\"og:image:height\" content=\"512\" \/>\n\t<meta property=\"og:image:type\" content=\"image\/jpeg\" \/>\n<meta name=\"twitter:card\" content=\"summary_large_image\" \/>\n<script type=\"application\/ld+json\" class=\"yoast-schema-graph\">{\"@context\":\"https:\\\/\\\/schema.org\",\"@graph\":[{\"@type\":\"WebPage\",\"@id\":\"https:\\\/\\\/www.aninite.at\\\/en\\\/vortraege-workshops-oejg\\\/\",\"url\":\"https:\\\/\\\/www.aninite.at\\\/en\\\/vortraege-workshops-oejg\\\/\",\"name\":\"Lectures &amp; Workshops - \u00d6JG - AniNite\",\"isPartOf\":{\"@id\":\"https:\\\/\\\/www.aninite.at\\\/en\\\/#website\"},\"datePublished\":\"2025-07-13T22:02:46+00:00\",\"dateModified\":\"2025-07-16T08:47:14+00:00\",\"breadcrumb\":{\"@id\":\"https:\\\/\\\/www.aninite.at\\\/en\\\/vortraege-workshops-oejg\\\/#breadcrumb\"},\"inLanguage\":\"en-US\",\"potentialAction\":[{\"@type\":\"ReadAction\",\"target\":[\"https:\\\/\\\/www.aninite.at\\\/en\\\/vortraege-workshops-oejg\\\/\"]}]},{\"@type\":\"BreadcrumbList\",\"@id\":\"https:\\\/\\\/www.aninite.at\\\/en\\\/vortraege-workshops-oejg\\\/#breadcrumb\",\"itemListElement\":[{\"@type\":\"ListItem\",\"position\":1,\"name\":\"Startseite\",\"item\":\"https:\\\/\\\/www.aninite.at\\\/en\\\/welcome\\\/\"},{\"@type\":\"ListItem\",\"position\":2,\"name\":\"Lectures &amp; Workshops &#8211; \u00d6JG\"}]},{\"@type\":\"WebSite\",\"@id\":\"https:\\\/\\\/www.aninite.at\\\/en\\\/#website\",\"url\":\"https:\\\/\\\/www.aninite.at\\\/en\\\/\",\"name\":\"AniNite\",\"description\":\"\u00d6sterreichs gr\u00f6\u00dfte Anime-, Manga- und Comic-Convention\",\"potentialAction\":[{\"@type\":\"SearchAction\",\"target\":{\"@type\":\"EntryPoint\",\"urlTemplate\":\"https:\\\/\\\/www.aninite.at\\\/en\\\/?s={search_term_string}\"},\"query-input\":{\"@type\":\"PropertyValueSpecification\",\"valueRequired\":true,\"valueName\":\"search_term_string\"}}],\"inLanguage\":\"en-US\"}]}<\/script>\n<!-- \/ Yoast SEO plugin. -->","yoast_head_json":{"title":"Lectures &amp; Workshops - \u00d6JG - AniNite","robots":{"index":"index","follow":"follow","max-snippet":"max-snippet:-1","max-image-preview":"max-image-preview:large","max-video-preview":"max-video-preview:-1"},"canonical":"https:\/\/www.aninite.at\/en\/vortraege-workshops-oejg\/","og_locale":"en_US","og_type":"article","og_title":"Lectures &amp; Workshops - \u00d6JG - AniNite","og_description":"Activities of the Austrian-Japanese Society &#8211; the &#8220;Japanese scene&#8221; in Austria Sunday 13.30 &#8211; 14.15 &#8211; Room 0.31 The Austrian-Japanese Society (\u00d6JG) brings Austria and Japan closer &#8211; from culture to sport Duration:45 minutes Social Media:https:\/\/www.instagram.com\/oejg_official?igsh=aXk1cHpsd2JjNHJ0","og_url":"https:\/\/www.aninite.at\/en\/vortraege-workshops-oejg\/","og_site_name":"AniNite","article_publisher":"https:\/\/www.facebook.com\/AniMangaAustria","article_modified_time":"2025-07-16T08:47:14+00:00","og_image":[{"width":512,"height":512,"url":"https:\/\/www.aninite.at\/wp-content\/uploads\/cropped-Icon_2025.jpg","type":"image\/jpeg"}],"twitter_card":"summary_large_image","schema":{"@context":"https:\/\/schema.org","@graph":[{"@type":"WebPage","@id":"https:\/\/www.aninite.at\/en\/vortraege-workshops-oejg\/","url":"https:\/\/www.aninite.at\/en\/vortraege-workshops-oejg\/","name":"Lectures &amp; Workshops - \u00d6JG - AniNite","isPartOf":{"@id":"https:\/\/www.aninite.at\/en\/#website"},"datePublished":"2025-07-13T22:02:46+00:00","dateModified":"2025-07-16T08:47:14+00:00","breadcrumb":{"@id":"https:\/\/www.aninite.at\/en\/vortraege-workshops-oejg\/#breadcrumb"},"inLanguage":"en-US","potentialAction":[{"@type":"ReadAction","target":["https:\/\/www.aninite.at\/en\/vortraege-workshops-oejg\/"]}]},{"@type":"BreadcrumbList","@id":"https:\/\/www.aninite.at\/en\/vortraege-workshops-oejg\/#breadcrumb","itemListElement":[{"@type":"ListItem","position":1,"name":"Startseite","item":"https:\/\/www.aninite.at\/en\/welcome\/"},{"@type":"ListItem","position":2,"name":"Lectures &amp; Workshops &#8211; \u00d6JG"}]},{"@type":"WebSite","@id":"https:\/\/www.aninite.at\/en\/#website","url":"https:\/\/www.aninite.at\/en\/","name":"AniNite","description":"\u00d6sterreichs gr\u00f6\u00dfte Anime-, Manga- und Comic-Convention","potentialAction":[{"@type":"SearchAction","target":{"@type":"EntryPoint","urlTemplate":"https:\/\/www.aninite.at\/en\/?s={search_term_string}"},"query-input":{"@type":"PropertyValueSpecification","valueRequired":true,"valueName":"search_term_string"}}],"inLanguage":"en-US"}]}},"acf":[],"_links":{"self":[{"href":"https:\/\/www.aninite.at\/en\/wp-json\/wp\/v2\/pages\/34004","targetHints":{"allow":["GET"]}}],"collection":[{"href":"https:\/\/www.aninite.at\/en\/wp-json\/wp\/v2\/pages"}],"about":[{"href":"https:\/\/www.aninite.at\/en\/wp-json\/wp\/v2\/types\/page"}],"author":[{"embeddable":true,"href":"https:\/\/www.aninite.at\/en\/wp-json\/wp\/v2\/users\/13"}],"replies":[{"embeddable":true,"href":"https:\/\/www.aninite.at\/en\/wp-json\/wp\/v2\/comments?post=34004"}],"version-history":[{"count":2,"href":"https:\/\/www.aninite.at\/en\/wp-json\/wp\/v2\/pages\/34004\/revisions"}],"predecessor-version":[{"id":34009,"href":"https:\/\/www.aninite.at\/en\/wp-json\/wp\/v2\/pages\/34004\/revisions\/34009"}],"wp:attachment":[{"href":"https:\/\/www.aninite.at\/en\/wp-json\/wp\/v2\/media?parent=34004"}],"curies":[{"name":"wp","href":"https:\/\/api.w.org\/{rel}","templated":true}]}}