{"id":34005,"date":"2025-07-13T22:22:58","date_gmt":"2025-07-13T20:22:58","guid":{"rendered":"https:\/\/www.aninite.at\/vortraege-workshops-kiako\/"},"modified":"2025-07-19T09:16:47","modified_gmt":"2025-07-19T07:16:47","slug":"vortraege-workshops-kiako","status":"publish","type":"page","link":"https:\/\/www.aninite.at\/en\/vortraege-workshops-kiako\/","title":{"rendered":"Lectures &amp; Workshops &#8211; Kiako"},"content":{"rendered":"\n<figure class=\"wp-block-image size-large is-resized\"><img loading=\"lazy\" decoding=\"async\" width=\"768\" height=\"1024\" src=\"https:\/\/www.aninite.at\/wp-content\/uploads\/\/tokiogameshow_booth-768x1024.jpg\" alt=\"\" class=\"wp-image-33789\" style=\"width:382px;height:auto\" srcset=\"https:\/\/www.aninite.at\/wp-content\/uploads\/tokiogameshow_booth-768x1024.jpg 768w, https:\/\/www.aninite.at\/wp-content\/uploads\/tokiogameshow_booth-225x300.jpg 225w, https:\/\/www.aninite.at\/wp-content\/uploads\/tokiogameshow_booth-1152x1536.jpg 1152w, https:\/\/www.aninite.at\/wp-content\/uploads\/tokiogameshow_booth-1536x2048.jpg 1536w, https:\/\/www.aninite.at\/wp-content\/uploads\/tokiogameshow_booth-1140x1520.jpg 1140w, https:\/\/www.aninite.at\/wp-content\/uploads\/tokiogameshow_booth-scaled.jpg 1920w\" sizes=\"auto, (max-width: 768px) 100vw, 768px\" \/><\/figure>\n\n<h2 class=\"wp-block-heading\"><mark style=\"background-color:rgba(0, 0, 0, 0)\" class=\"has-inline-color has-vivid-red-color\"><em>Insight into game development<\/em><\/mark><\/h2>\n\n<p><em><mark style=\"background-color:rgba(0, 0, 0, 0)\" class=\"has-inline-color has-vivid-red-color\">Friday 15.15 &#8211; 16.15 &#8211; Room 0.31<\/mark><\/em><\/p>\n\n<p>Computer games are a big part of our society today. As a senior game designer, I have had the privilege of playing a major role in the development of games for the past 10 years, from mobile games to hit titles on all major consoles and PC. This talk will give an insight into game development from concept to release and everything associated with it. In the Q&amp;A afterwards there will be the opportunity to ask me burning questions about game development.   <\/p>\n\n<p><strong>Duration:<\/strong><br\/>1 hour<\/p>\n\n<p><strong>Social Media:<\/strong><br\/><a href=\"https:\/\/www.instagram.com\/akuma_no_cha\/\" target=\"_blank\" rel=\"noreferrer noopener\">https:\/\/www.instagram.com\/akuma_no_cha\/<\/a><\/p>\n\n<figure class=\"wp-block-gallery has-nested-images columns-default is-cropped wp-block-gallery-1 is-layout-flex wp-block-gallery-is-layout-flex\">\n<figure class=\"wp-block-image size-large\"><img loading=\"lazy\" decoding=\"async\" width=\"768\" height=\"1024\" data-id=\"33786\" src=\"https:\/\/www.aninite.at\/wp-content\/uploads\/\/gamescom_banner-768x1024.jpg\" alt=\"\" class=\"wp-image-33786\" srcset=\"https:\/\/www.aninite.at\/wp-content\/uploads\/gamescom_banner-768x1024.jpg 768w, https:\/\/www.aninite.at\/wp-content\/uploads\/gamescom_banner-225x300.jpg 225w, https:\/\/www.aninite.at\/wp-content\/uploads\/gamescom_banner-1152x1536.jpg 1152w, https:\/\/www.aninite.at\/wp-content\/uploads\/gamescom_banner-1536x2048.jpg 1536w, https:\/\/www.aninite.at\/wp-content\/uploads\/gamescom_banner-1140x1520.jpg 1140w, https:\/\/www.aninite.at\/wp-content\/uploads\/gamescom_banner-scaled.jpg 1920w\" sizes=\"auto, (max-width: 768px) 100vw, 768px\" \/><\/figure>\n\n\n\n<figure class=\"wp-block-image size-large\"><img loading=\"lazy\" decoding=\"async\" width=\"480\" height=\"270\" data-id=\"33792\" src=\"https:\/\/www.aninite.at\/wp-content\/uploads\/cosmicshake.jpg\" alt=\"\" class=\"wp-image-33792\" srcset=\"https:\/\/www.aninite.at\/wp-content\/uploads\/cosmicshake.jpg 480w, https:\/\/www.aninite.at\/wp-content\/uploads\/cosmicshake-300x169.jpg 300w\" sizes=\"auto, (max-width: 480px) 100vw, 480px\" \/><\/figure>\n\n\n\n<figure class=\"wp-block-image size-large\"><img loading=\"lazy\" decoding=\"async\" width=\"768\" height=\"1024\" data-id=\"33789\" src=\"https:\/\/www.aninite.at\/wp-content\/uploads\/\/tokiogameshow_booth-768x1024.jpg\" alt=\"\" class=\"wp-image-33789\" srcset=\"https:\/\/www.aninite.at\/wp-content\/uploads\/tokiogameshow_booth-768x1024.jpg 768w, https:\/\/www.aninite.at\/wp-content\/uploads\/tokiogameshow_booth-225x300.jpg 225w, https:\/\/www.aninite.at\/wp-content\/uploads\/tokiogameshow_booth-1152x1536.jpg 1152w, https:\/\/www.aninite.at\/wp-content\/uploads\/tokiogameshow_booth-1536x2048.jpg 1536w, https:\/\/www.aninite.at\/wp-content\/uploads\/tokiogameshow_booth-1140x1520.jpg 1140w, https:\/\/www.aninite.at\/wp-content\/uploads\/tokiogameshow_booth-scaled.jpg 1920w\" sizes=\"auto, (max-width: 768px) 100vw, 768px\" \/><\/figure>\n<\/figure>\n","protected":false},"excerpt":{"rendered":"<p>Insight into game development Friday 15.15 &#8211; 16.15 &#8211; Room 0.31 Computer games are a big part of our society today. As a senior game designer, I have had the privilege of playing a major role in the development of games for the past 10 years, from mobile games to hit titles on all major consoles and PC. This talk will give an insight into game development from concept to release and everything associated with it. In the Q&amp;A afterwards there will be the opportunity to ask me burning questions about game development. Duration:1 hour Social Media:https:\/\/www.instagram.com\/akuma_no_cha\/<\/p>\n","protected":false},"author":13,"featured_media":0,"parent":0,"menu_order":0,"comment_status":"closed","ping_status":"closed","template":"","meta":{"inline_featured_image":false,"footnotes":""},"class_list":["post-34005","page","type-page","status-publish","hentry"],"yoast_head":"<!-- This site is optimized with the Yoast SEO plugin v27.5 - https:\/\/yoast.com\/product\/yoast-seo-wordpress\/ -->\n<title>Lectures &amp; Workshops - Kiako - AniNite<\/title>\n<meta name=\"robots\" content=\"index, follow, max-snippet:-1, max-image-preview:large, max-video-preview:-1\" \/>\n<link rel=\"canonical\" href=\"https:\/\/www.aninite.at\/en\/vortraege-workshops-kiako\/\" \/>\n<meta property=\"og:locale\" content=\"en_US\" \/>\n<meta property=\"og:type\" content=\"article\" \/>\n<meta property=\"og:title\" content=\"Lectures &amp; Workshops - Kiako - AniNite\" \/>\n<meta property=\"og:description\" content=\"Insight into game development Friday 15.15 &#8211; 16.15 &#8211; Room 0.31 Computer games are a big part of our society today. As a senior game designer, I have had the privilege of playing a major role in the development of games for the past 10 years, from mobile games to hit titles on all major consoles and PC. This talk will give an insight into game development from concept to release and everything associated with it. In the Q&amp;A afterwards there will be the opportunity to ask me burning questions about game development. Duration:1 hour Social Media:https:\/\/www.instagram.com\/akuma_no_cha\/\" \/>\n<meta property=\"og:url\" content=\"https:\/\/www.aninite.at\/en\/vortraege-workshops-kiako\/\" \/>\n<meta property=\"og:site_name\" content=\"AniNite\" \/>\n<meta property=\"article:publisher\" content=\"https:\/\/www.facebook.com\/AniMangaAustria\" \/>\n<meta property=\"article:modified_time\" content=\"2025-07-19T07:16:47+00:00\" \/>\n<meta property=\"og:image\" content=\"https:\/\/www.aninite.at\/wp-content\/uploads\/tokiogameshow_booth-scaled.jpg\" \/>\n\t<meta property=\"og:image:width\" content=\"1920\" \/>\n\t<meta property=\"og:image:height\" content=\"2560\" \/>\n\t<meta property=\"og:image:type\" content=\"image\/jpeg\" \/>\n<meta name=\"twitter:card\" content=\"summary_large_image\" \/>\n<meta name=\"twitter:label1\" content=\"Est. reading time\" \/>\n\t<meta name=\"twitter:data1\" content=\"1 minute\" \/>\n<script type=\"application\/ld+json\" class=\"yoast-schema-graph\">{\"@context\":\"https:\\\/\\\/schema.org\",\"@graph\":[{\"@type\":\"WebPage\",\"@id\":\"https:\\\/\\\/www.aninite.at\\\/en\\\/vortraege-workshops-kiako\\\/\",\"url\":\"https:\\\/\\\/www.aninite.at\\\/en\\\/vortraege-workshops-kiako\\\/\",\"name\":\"Lectures &amp; Workshops - Kiako - AniNite\",\"isPartOf\":{\"@id\":\"https:\\\/\\\/www.aninite.at\\\/en\\\/#website\"},\"primaryImageOfPage\":{\"@id\":\"https:\\\/\\\/www.aninite.at\\\/en\\\/vortraege-workshops-kiako\\\/#primaryimage\"},\"image\":{\"@id\":\"https:\\\/\\\/www.aninite.at\\\/en\\\/vortraege-workshops-kiako\\\/#primaryimage\"},\"thumbnailUrl\":\"https:\\\/\\\/www.aninite.at\\\/wp-content\\\/uploads\\\/\\\/tokiogameshow_booth-768x1024.jpg\",\"datePublished\":\"2025-07-13T20:22:58+00:00\",\"dateModified\":\"2025-07-19T07:16:47+00:00\",\"breadcrumb\":{\"@id\":\"https:\\\/\\\/www.aninite.at\\\/en\\\/vortraege-workshops-kiako\\\/#breadcrumb\"},\"inLanguage\":\"en-US\",\"potentialAction\":[{\"@type\":\"ReadAction\",\"target\":[\"https:\\\/\\\/www.aninite.at\\\/en\\\/vortraege-workshops-kiako\\\/\"]}]},{\"@type\":\"ImageObject\",\"inLanguage\":\"en-US\",\"@id\":\"https:\\\/\\\/www.aninite.at\\\/en\\\/vortraege-workshops-kiako\\\/#primaryimage\",\"url\":\"https:\\\/\\\/www.aninite.at\\\/wp-content\\\/uploads\\\/\\\/tokiogameshow_booth-768x1024.jpg\",\"contentUrl\":\"https:\\\/\\\/www.aninite.at\\\/wp-content\\\/uploads\\\/\\\/tokiogameshow_booth-768x1024.jpg\"},{\"@type\":\"BreadcrumbList\",\"@id\":\"https:\\\/\\\/www.aninite.at\\\/en\\\/vortraege-workshops-kiako\\\/#breadcrumb\",\"itemListElement\":[{\"@type\":\"ListItem\",\"position\":1,\"name\":\"Startseite\",\"item\":\"https:\\\/\\\/www.aninite.at\\\/en\\\/welcome\\\/\"},{\"@type\":\"ListItem\",\"position\":2,\"name\":\"Lectures &amp; Workshops - Kiako\"}]},{\"@type\":\"WebSite\",\"@id\":\"https:\\\/\\\/www.aninite.at\\\/en\\\/#website\",\"url\":\"https:\\\/\\\/www.aninite.at\\\/en\\\/\",\"name\":\"AniNite\",\"description\":\"\u00d6sterreichs gr\u00f6\u00dfte Anime-, Manga- und Comic-Convention\",\"potentialAction\":[{\"@type\":\"SearchAction\",\"target\":{\"@type\":\"EntryPoint\",\"urlTemplate\":\"https:\\\/\\\/www.aninite.at\\\/en\\\/?s={search_term_string}\"},\"query-input\":{\"@type\":\"PropertyValueSpecification\",\"valueRequired\":true,\"valueName\":\"search_term_string\"}}],\"inLanguage\":\"en-US\"}]}<\/script>\n<!-- \/ Yoast SEO plugin. -->","yoast_head_json":{"title":"Lectures &amp; Workshops - Kiako - AniNite","robots":{"index":"index","follow":"follow","max-snippet":"max-snippet:-1","max-image-preview":"max-image-preview:large","max-video-preview":"max-video-preview:-1"},"canonical":"https:\/\/www.aninite.at\/en\/vortraege-workshops-kiako\/","og_locale":"en_US","og_type":"article","og_title":"Lectures &amp; Workshops - Kiako - AniNite","og_description":"Insight into game development Friday 15.15 &#8211; 16.15 &#8211; Room 0.31 Computer games are a big part of our society today. As a senior game designer, I have had the privilege of playing a major role in the development of games for the past 10 years, from mobile games to hit titles on all major consoles and PC. This talk will give an insight into game development from concept to release and everything associated with it. In the Q&amp;A afterwards there will be the opportunity to ask me burning questions about game development. Duration:1 hour Social Media:https:\/\/www.instagram.com\/akuma_no_cha\/","og_url":"https:\/\/www.aninite.at\/en\/vortraege-workshops-kiako\/","og_site_name":"AniNite","article_publisher":"https:\/\/www.facebook.com\/AniMangaAustria","article_modified_time":"2025-07-19T07:16:47+00:00","og_image":[{"width":1920,"height":2560,"url":"https:\/\/www.aninite.at\/wp-content\/uploads\/tokiogameshow_booth-scaled.jpg","type":"image\/jpeg"}],"twitter_card":"summary_large_image","twitter_misc":{"Est. reading time":"1 minute"},"schema":{"@context":"https:\/\/schema.org","@graph":[{"@type":"WebPage","@id":"https:\/\/www.aninite.at\/en\/vortraege-workshops-kiako\/","url":"https:\/\/www.aninite.at\/en\/vortraege-workshops-kiako\/","name":"Lectures &amp; Workshops - Kiako - AniNite","isPartOf":{"@id":"https:\/\/www.aninite.at\/en\/#website"},"primaryImageOfPage":{"@id":"https:\/\/www.aninite.at\/en\/vortraege-workshops-kiako\/#primaryimage"},"image":{"@id":"https:\/\/www.aninite.at\/en\/vortraege-workshops-kiako\/#primaryimage"},"thumbnailUrl":"https:\/\/www.aninite.at\/wp-content\/uploads\/\/tokiogameshow_booth-768x1024.jpg","datePublished":"2025-07-13T20:22:58+00:00","dateModified":"2025-07-19T07:16:47+00:00","breadcrumb":{"@id":"https:\/\/www.aninite.at\/en\/vortraege-workshops-kiako\/#breadcrumb"},"inLanguage":"en-US","potentialAction":[{"@type":"ReadAction","target":["https:\/\/www.aninite.at\/en\/vortraege-workshops-kiako\/"]}]},{"@type":"ImageObject","inLanguage":"en-US","@id":"https:\/\/www.aninite.at\/en\/vortraege-workshops-kiako\/#primaryimage","url":"https:\/\/www.aninite.at\/wp-content\/uploads\/\/tokiogameshow_booth-768x1024.jpg","contentUrl":"https:\/\/www.aninite.at\/wp-content\/uploads\/\/tokiogameshow_booth-768x1024.jpg"},{"@type":"BreadcrumbList","@id":"https:\/\/www.aninite.at\/en\/vortraege-workshops-kiako\/#breadcrumb","itemListElement":[{"@type":"ListItem","position":1,"name":"Startseite","item":"https:\/\/www.aninite.at\/en\/welcome\/"},{"@type":"ListItem","position":2,"name":"Lectures &amp; Workshops - Kiako"}]},{"@type":"WebSite","@id":"https:\/\/www.aninite.at\/en\/#website","url":"https:\/\/www.aninite.at\/en\/","name":"AniNite","description":"\u00d6sterreichs gr\u00f6\u00dfte Anime-, Manga- und Comic-Convention","potentialAction":[{"@type":"SearchAction","target":{"@type":"EntryPoint","urlTemplate":"https:\/\/www.aninite.at\/en\/?s={search_term_string}"},"query-input":{"@type":"PropertyValueSpecification","valueRequired":true,"valueName":"search_term_string"}}],"inLanguage":"en-US"}]}},"acf":[],"_links":{"self":[{"href":"https:\/\/www.aninite.at\/en\/wp-json\/wp\/v2\/pages\/34005","targetHints":{"allow":["GET"]}}],"collection":[{"href":"https:\/\/www.aninite.at\/en\/wp-json\/wp\/v2\/pages"}],"about":[{"href":"https:\/\/www.aninite.at\/en\/wp-json\/wp\/v2\/types\/page"}],"author":[{"embeddable":true,"href":"https:\/\/www.aninite.at\/en\/wp-json\/wp\/v2\/users\/13"}],"replies":[{"embeddable":true,"href":"https:\/\/www.aninite.at\/en\/wp-json\/wp\/v2\/comments?post=34005"}],"version-history":[{"count":2,"href":"https:\/\/www.aninite.at\/en\/wp-json\/wp\/v2\/pages\/34005\/revisions"}],"predecessor-version":[{"id":34249,"href":"https:\/\/www.aninite.at\/en\/wp-json\/wp\/v2\/pages\/34005\/revisions\/34249"}],"wp:attachment":[{"href":"https:\/\/www.aninite.at\/en\/wp-json\/wp\/v2\/media?parent=34005"}],"curies":[{"name":"wp","href":"https:\/\/api.w.org\/{rel}","templated":true}]}}