{"id":34008,"date":"2025-07-13T22:57:16","date_gmt":"2025-07-13T20:57:16","guid":{"rendered":"https:\/\/www.aninite.at\/vortraege-workshops-zangah-studio\/"},"modified":"2025-07-19T09:21:04","modified_gmt":"2025-07-19T07:21:04","slug":"vortraege-workshops-zangah-studio","status":"publish","type":"page","link":"https:\/\/www.aninite.at\/en\/vortraege-workshops-zangah-studio\/","title":{"rendered":"Lectures &amp; Workshops &#8211; Zangah Studio"},"content":{"rendered":"\n<figure class=\"wp-block-image size-large is-resized\"><img loading=\"lazy\" decoding=\"async\" width=\"1024\" height=\"768\" src=\"https:\/\/www.aninite.at\/wp-content\/uploads\/\/1000003456-1024x768.jpg\" alt=\"\" class=\"wp-image-33824\" style=\"width:398px;height:auto\" srcset=\"https:\/\/www.aninite.at\/wp-content\/uploads\/1000003456-1024x768.jpg 1024w, https:\/\/www.aninite.at\/wp-content\/uploads\/1000003456-300x225.jpg 300w, https:\/\/www.aninite.at\/wp-content\/uploads\/1000003456-768x576.jpg 768w, https:\/\/www.aninite.at\/wp-content\/uploads\/1000003456-1140x855.jpg 1140w, https:\/\/www.aninite.at\/wp-content\/uploads\/1000003456.jpg 1400w\" sizes=\"auto, (max-width: 1024px) 100vw, 1024px\" \/><\/figure>\n\n<h2 class=\"wp-block-heading\"><em><mark style=\"background-color:rgba(0, 0, 0, 0)\" class=\"has-inline-color has-vivid-red-color\">Scribbles: A Drawing Workshop<\/mark><\/em><\/h2>\n\n<p><em><mark style=\"background-color:rgba(0, 0, 0, 0)\" class=\"has-inline-color has-vivid-red-color\">Sunday 13.30 &#8211; 14.30 &#8211; Room 0.32<\/mark><\/em><\/p>\n\n<p>The workshop is based on the technique used in the artist&#8217;s book <em>Scribbles: An Annotated Sketchbook<\/em>. There will be a brief demonstration of the searching line (or continuous line) technique by the artist, followed by a guided practice where participants can practice through observational drawing. The goal is to encourage everyone to feel comfortable with a blank page, enjoy the drawing process, and eventually apply these observational skills to develop their own imaginative worlds.  <\/p>\n\n<p><strong>Duration:<\/strong><br\/>1 hour<\/p>\n\n<p><strong>Language:<\/strong><br\/>English<\/p>\n\n<p><strong>Number of participants:<\/strong><br\/>20 &#8211; <mark style=\"background-color:rgba(0, 0, 0, 0)\" class=\"has-inline-color has-luminous-vivid-amber-color\">Register at &#8220;Infopoint&#8221;<\/mark><\/p>\n\n<p><strong>Social media:<\/strong><br\/><a href=\"http:\/\/instagram.com\/zhangahstudio\" target=\"_blank\" rel=\"noreferrer noopener\">instagram.com\/zhangahstudio<\/a><\/p>\n\n<figure class=\"wp-block-gallery has-nested-images columns-default is-cropped wp-block-gallery-1 is-layout-flex wp-block-gallery-is-layout-flex\">\n<figure class=\"wp-block-image size-large\"><img loading=\"lazy\" decoding=\"async\" width=\"1024\" height=\"768\" data-id=\"33818\" src=\"https:\/\/www.aninite.at\/wp-content\/uploads\/\/1000003457-1024x768.jpg\" alt=\"\" class=\"wp-image-33818\" srcset=\"https:\/\/www.aninite.at\/wp-content\/uploads\/1000003457-1024x768.jpg 1024w, https:\/\/www.aninite.at\/wp-content\/uploads\/1000003457-300x225.jpg 300w, https:\/\/www.aninite.at\/wp-content\/uploads\/1000003457-768x576.jpg 768w, https:\/\/www.aninite.at\/wp-content\/uploads\/1000003457-1140x855.jpg 1140w, https:\/\/www.aninite.at\/wp-content\/uploads\/1000003457.jpg 1400w\" sizes=\"auto, (max-width: 1024px) 100vw, 1024px\" \/><\/figure>\n\n\n\n<figure class=\"wp-block-image size-large\"><img loading=\"lazy\" decoding=\"async\" width=\"1024\" height=\"768\" data-id=\"33821\" src=\"https:\/\/www.aninite.at\/wp-content\/uploads\/\/1000003458-1024x768.jpg\" alt=\"\" class=\"wp-image-33821\" srcset=\"https:\/\/www.aninite.at\/wp-content\/uploads\/1000003458-1024x768.jpg 1024w, https:\/\/www.aninite.at\/wp-content\/uploads\/1000003458-300x225.jpg 300w, https:\/\/www.aninite.at\/wp-content\/uploads\/1000003458-768x576.jpg 768w, https:\/\/www.aninite.at\/wp-content\/uploads\/1000003458-1140x855.jpg 1140w, https:\/\/www.aninite.at\/wp-content\/uploads\/1000003458.jpg 1400w\" sizes=\"auto, (max-width: 1024px) 100vw, 1024px\" \/><\/figure>\n\n\n\n<figure class=\"wp-block-image size-large\"><img loading=\"lazy\" decoding=\"async\" width=\"1024\" height=\"768\" data-id=\"33824\" src=\"https:\/\/www.aninite.at\/wp-content\/uploads\/\/1000003456-1024x768.jpg\" alt=\"\" class=\"wp-image-33824\" srcset=\"https:\/\/www.aninite.at\/wp-content\/uploads\/1000003456-1024x768.jpg 1024w, https:\/\/www.aninite.at\/wp-content\/uploads\/1000003456-300x225.jpg 300w, https:\/\/www.aninite.at\/wp-content\/uploads\/1000003456-768x576.jpg 768w, https:\/\/www.aninite.at\/wp-content\/uploads\/1000003456-1140x855.jpg 1140w, https:\/\/www.aninite.at\/wp-content\/uploads\/1000003456.jpg 1400w\" sizes=\"auto, (max-width: 1024px) 100vw, 1024px\" \/><\/figure>\n<\/figure>\n","protected":false},"excerpt":{"rendered":"<p>Scribbles: A Drawing Workshop Sunday 13.30 &#8211; 14.30 &#8211; Room 0.32 The workshop is based on the technique used in the artist&#8217;s book Scribbles: An Annotated Sketchbook. There will be a brief demonstration of the searching line (or continuous line) technique by the artist, followed by a guided practice where participants can practice through observational drawing. The goal is to encourage everyone to feel comfortable with a blank page, enjoy the drawing process, and eventually apply these observational skills to develop their own imaginative worlds. Duration:1 hour Language:English Number of participants:20 &#8211; Register at &#8220;Infopoint&#8221; Social media:instagram.com\/zhangahstudio<\/p>\n","protected":false},"author":13,"featured_media":0,"parent":0,"menu_order":0,"comment_status":"closed","ping_status":"closed","template":"","meta":{"inline_featured_image":false,"footnotes":""},"class_list":["post-34008","page","type-page","status-publish","hentry"],"yoast_head":"<!-- This site is optimized with the Yoast SEO plugin v27.5 - https:\/\/yoast.com\/product\/yoast-seo-wordpress\/ -->\n<title>Lectures &amp; Workshops - Zangah Studio - AniNite<\/title>\n<meta name=\"robots\" content=\"index, follow, max-snippet:-1, max-image-preview:large, max-video-preview:-1\" \/>\n<link rel=\"canonical\" href=\"https:\/\/www.aninite.at\/en\/vortraege-workshops-zangah-studio\/\" \/>\n<meta property=\"og:locale\" content=\"en_US\" \/>\n<meta property=\"og:type\" content=\"article\" \/>\n<meta property=\"og:title\" content=\"Lectures &amp; Workshops - Zangah Studio - AniNite\" \/>\n<meta property=\"og:description\" content=\"Scribbles: A Drawing Workshop Sunday 13.30 &#8211; 14.30 &#8211; Room 0.32 The workshop is based on the technique used in the artist&#8217;s book Scribbles: An Annotated Sketchbook. There will be a brief demonstration of the searching line (or continuous line) technique by the artist, followed by a guided practice where participants can practice through observational drawing. The goal is to encourage everyone to feel comfortable with a blank page, enjoy the drawing process, and eventually apply these observational skills to develop their own imaginative worlds. Duration:1 hour Language:English Number of participants:20 &#8211; Register at &#8220;Infopoint&#8221; Social media:instagram.com\/zhangahstudio\" \/>\n<meta property=\"og:url\" content=\"https:\/\/www.aninite.at\/en\/vortraege-workshops-zangah-studio\/\" \/>\n<meta property=\"og:site_name\" content=\"AniNite\" \/>\n<meta property=\"article:publisher\" content=\"https:\/\/www.facebook.com\/AniMangaAustria\" \/>\n<meta property=\"article:modified_time\" content=\"2025-07-19T07:21:04+00:00\" \/>\n<meta property=\"og:image\" content=\"https:\/\/www.aninite.at\/wp-content\/uploads\/1000003456.jpg\" \/>\n\t<meta property=\"og:image:width\" content=\"1400\" \/>\n\t<meta property=\"og:image:height\" content=\"1050\" \/>\n\t<meta property=\"og:image:type\" content=\"image\/jpeg\" \/>\n<meta name=\"twitter:card\" content=\"summary_large_image\" \/>\n<script type=\"application\/ld+json\" class=\"yoast-schema-graph\">{\"@context\":\"https:\\\/\\\/schema.org\",\"@graph\":[{\"@type\":\"WebPage\",\"@id\":\"https:\\\/\\\/www.aninite.at\\\/en\\\/vortraege-workshops-zangah-studio\\\/\",\"url\":\"https:\\\/\\\/www.aninite.at\\\/en\\\/vortraege-workshops-zangah-studio\\\/\",\"name\":\"Lectures &amp; Workshops - Zangah Studio - AniNite\",\"isPartOf\":{\"@id\":\"https:\\\/\\\/www.aninite.at\\\/en\\\/#website\"},\"primaryImageOfPage\":{\"@id\":\"https:\\\/\\\/www.aninite.at\\\/en\\\/vortraege-workshops-zangah-studio\\\/#primaryimage\"},\"image\":{\"@id\":\"https:\\\/\\\/www.aninite.at\\\/en\\\/vortraege-workshops-zangah-studio\\\/#primaryimage\"},\"thumbnailUrl\":\"https:\\\/\\\/www.aninite.at\\\/wp-content\\\/uploads\\\/\\\/1000003456-1024x768.jpg\",\"datePublished\":\"2025-07-13T20:57:16+00:00\",\"dateModified\":\"2025-07-19T07:21:04+00:00\",\"breadcrumb\":{\"@id\":\"https:\\\/\\\/www.aninite.at\\\/en\\\/vortraege-workshops-zangah-studio\\\/#breadcrumb\"},\"inLanguage\":\"en-US\",\"potentialAction\":[{\"@type\":\"ReadAction\",\"target\":[\"https:\\\/\\\/www.aninite.at\\\/en\\\/vortraege-workshops-zangah-studio\\\/\"]}]},{\"@type\":\"ImageObject\",\"inLanguage\":\"en-US\",\"@id\":\"https:\\\/\\\/www.aninite.at\\\/en\\\/vortraege-workshops-zangah-studio\\\/#primaryimage\",\"url\":\"https:\\\/\\\/www.aninite.at\\\/wp-content\\\/uploads\\\/\\\/1000003456-1024x768.jpg\",\"contentUrl\":\"https:\\\/\\\/www.aninite.at\\\/wp-content\\\/uploads\\\/\\\/1000003456-1024x768.jpg\"},{\"@type\":\"BreadcrumbList\",\"@id\":\"https:\\\/\\\/www.aninite.at\\\/en\\\/vortraege-workshops-zangah-studio\\\/#breadcrumb\",\"itemListElement\":[{\"@type\":\"ListItem\",\"position\":1,\"name\":\"Startseite\",\"item\":\"https:\\\/\\\/www.aninite.at\\\/en\\\/welcome\\\/\"},{\"@type\":\"ListItem\",\"position\":2,\"name\":\"Lectures &amp; Workshops - Zangah Studio\"}]},{\"@type\":\"WebSite\",\"@id\":\"https:\\\/\\\/www.aninite.at\\\/en\\\/#website\",\"url\":\"https:\\\/\\\/www.aninite.at\\\/en\\\/\",\"name\":\"AniNite\",\"description\":\"\u00d6sterreichs gr\u00f6\u00dfte Anime-, Manga- und Comic-Convention\",\"potentialAction\":[{\"@type\":\"SearchAction\",\"target\":{\"@type\":\"EntryPoint\",\"urlTemplate\":\"https:\\\/\\\/www.aninite.at\\\/en\\\/?s={search_term_string}\"},\"query-input\":{\"@type\":\"PropertyValueSpecification\",\"valueRequired\":true,\"valueName\":\"search_term_string\"}}],\"inLanguage\":\"en-US\"}]}<\/script>\n<!-- \/ Yoast SEO plugin. -->","yoast_head_json":{"title":"Lectures &amp; Workshops - Zangah Studio - AniNite","robots":{"index":"index","follow":"follow","max-snippet":"max-snippet:-1","max-image-preview":"max-image-preview:large","max-video-preview":"max-video-preview:-1"},"canonical":"https:\/\/www.aninite.at\/en\/vortraege-workshops-zangah-studio\/","og_locale":"en_US","og_type":"article","og_title":"Lectures &amp; Workshops - Zangah Studio - AniNite","og_description":"Scribbles: A Drawing Workshop Sunday 13.30 &#8211; 14.30 &#8211; Room 0.32 The workshop is based on the technique used in the artist&#8217;s book Scribbles: An Annotated Sketchbook. There will be a brief demonstration of the searching line (or continuous line) technique by the artist, followed by a guided practice where participants can practice through observational drawing. The goal is to encourage everyone to feel comfortable with a blank page, enjoy the drawing process, and eventually apply these observational skills to develop their own imaginative worlds. Duration:1 hour Language:English Number of participants:20 &#8211; Register at &#8220;Infopoint&#8221; Social media:instagram.com\/zhangahstudio","og_url":"https:\/\/www.aninite.at\/en\/vortraege-workshops-zangah-studio\/","og_site_name":"AniNite","article_publisher":"https:\/\/www.facebook.com\/AniMangaAustria","article_modified_time":"2025-07-19T07:21:04+00:00","og_image":[{"width":1400,"height":1050,"url":"https:\/\/www.aninite.at\/wp-content\/uploads\/1000003456.jpg","type":"image\/jpeg"}],"twitter_card":"summary_large_image","schema":{"@context":"https:\/\/schema.org","@graph":[{"@type":"WebPage","@id":"https:\/\/www.aninite.at\/en\/vortraege-workshops-zangah-studio\/","url":"https:\/\/www.aninite.at\/en\/vortraege-workshops-zangah-studio\/","name":"Lectures &amp; Workshops - Zangah Studio - AniNite","isPartOf":{"@id":"https:\/\/www.aninite.at\/en\/#website"},"primaryImageOfPage":{"@id":"https:\/\/www.aninite.at\/en\/vortraege-workshops-zangah-studio\/#primaryimage"},"image":{"@id":"https:\/\/www.aninite.at\/en\/vortraege-workshops-zangah-studio\/#primaryimage"},"thumbnailUrl":"https:\/\/www.aninite.at\/wp-content\/uploads\/\/1000003456-1024x768.jpg","datePublished":"2025-07-13T20:57:16+00:00","dateModified":"2025-07-19T07:21:04+00:00","breadcrumb":{"@id":"https:\/\/www.aninite.at\/en\/vortraege-workshops-zangah-studio\/#breadcrumb"},"inLanguage":"en-US","potentialAction":[{"@type":"ReadAction","target":["https:\/\/www.aninite.at\/en\/vortraege-workshops-zangah-studio\/"]}]},{"@type":"ImageObject","inLanguage":"en-US","@id":"https:\/\/www.aninite.at\/en\/vortraege-workshops-zangah-studio\/#primaryimage","url":"https:\/\/www.aninite.at\/wp-content\/uploads\/\/1000003456-1024x768.jpg","contentUrl":"https:\/\/www.aninite.at\/wp-content\/uploads\/\/1000003456-1024x768.jpg"},{"@type":"BreadcrumbList","@id":"https:\/\/www.aninite.at\/en\/vortraege-workshops-zangah-studio\/#breadcrumb","itemListElement":[{"@type":"ListItem","position":1,"name":"Startseite","item":"https:\/\/www.aninite.at\/en\/welcome\/"},{"@type":"ListItem","position":2,"name":"Lectures &amp; Workshops - Zangah Studio"}]},{"@type":"WebSite","@id":"https:\/\/www.aninite.at\/en\/#website","url":"https:\/\/www.aninite.at\/en\/","name":"AniNite","description":"\u00d6sterreichs gr\u00f6\u00dfte Anime-, Manga- und Comic-Convention","potentialAction":[{"@type":"SearchAction","target":{"@type":"EntryPoint","urlTemplate":"https:\/\/www.aninite.at\/en\/?s={search_term_string}"},"query-input":{"@type":"PropertyValueSpecification","valueRequired":true,"valueName":"search_term_string"}}],"inLanguage":"en-US"}]}},"acf":[],"_links":{"self":[{"href":"https:\/\/www.aninite.at\/en\/wp-json\/wp\/v2\/pages\/34008","targetHints":{"allow":["GET"]}}],"collection":[{"href":"https:\/\/www.aninite.at\/en\/wp-json\/wp\/v2\/pages"}],"about":[{"href":"https:\/\/www.aninite.at\/en\/wp-json\/wp\/v2\/types\/page"}],"author":[{"embeddable":true,"href":"https:\/\/www.aninite.at\/en\/wp-json\/wp\/v2\/users\/13"}],"replies":[{"embeddable":true,"href":"https:\/\/www.aninite.at\/en\/wp-json\/wp\/v2\/comments?post=34008"}],"version-history":[{"count":3,"href":"https:\/\/www.aninite.at\/en\/wp-json\/wp\/v2\/pages\/34008\/revisions"}],"predecessor-version":[{"id":34258,"href":"https:\/\/www.aninite.at\/en\/wp-json\/wp\/v2\/pages\/34008\/revisions\/34258"}],"wp:attachment":[{"href":"https:\/\/www.aninite.at\/en\/wp-json\/wp\/v2\/media?parent=34008"}],"curies":[{"name":"wp","href":"https:\/\/api.w.org\/{rel}","templated":true}]}}