{"id":34022,"date":"2025-07-13T22:43:38","date_gmt":"2025-07-13T20:43:38","guid":{"rendered":"https:\/\/www.aninite.at\/vortraege-workshops-akailein\/"},"modified":"2025-07-19T09:18:33","modified_gmt":"2025-07-19T07:18:33","slug":"vortraege-workshops-akailein","status":"publish","type":"page","link":"https:\/\/www.aninite.at\/en\/vortraege-workshops-akailein\/","title":{"rendered":"Lectures &amp; Workshops &#8211; Akailein"},"content":{"rendered":"\n<figure class=\"wp-block-image size-large is-resized\"><img loading=\"lazy\" decoding=\"async\" width=\"942\" height=\"1024\" src=\"https:\/\/www.aninite.at\/wp-content\/uploads\/\/20250502_2112251-942x1024.jpg\" alt=\"\" class=\"wp-image-33805\" style=\"width:390px;height:auto\" srcset=\"https:\/\/www.aninite.at\/wp-content\/uploads\/20250502_2112251-942x1024.jpg 942w, https:\/\/www.aninite.at\/wp-content\/uploads\/20250502_2112251-276x300.jpg 276w, https:\/\/www.aninite.at\/wp-content\/uploads\/20250502_2112251-768x835.jpg 768w, https:\/\/www.aninite.at\/wp-content\/uploads\/20250502_2112251.jpg 1120w\" sizes=\"auto, (max-width: 942px) 100vw, 942px\" \/><\/figure>\n\n<h2 class=\"wp-block-heading\"><em><mark style=\"background-color:rgba(0, 0, 0, 0)\" class=\"has-inline-color has-vivid-red-color\">How to acrylic markers<\/mark><\/em><\/h2>\n\n<p><mark style=\"background-color:rgba(0, 0, 0, 0)\" class=\"has-inline-color has-vivid-red-color\"><em>Saturday 14.15 &#8211; 15.15 &#8211; Room 0.32<\/em><\/mark><\/p>\n\n<p>With acrylic markers, you can bring your characters to life with bright colors and radiant details. These markers are ideal for manga faces, hair and backgrounds. They are waterproof and lightfast, perfect for canvas or paper. We will look at different markers and also talk about how best to use them. In the workshop you will learn how to use these markers to realize your visions. Whether beginner or advanced &#8211; come and let your creativity flow!     <\/p>\n\n<p><strong>Duration:<\/strong><br\/>1 hour<\/p>\n\n<p><strong>Number of participants:<\/strong><br\/>15 &#8211; <mark style=\"background-color:rgba(0, 0, 0, 0)\" class=\"has-inline-color has-luminous-vivid-amber-color\">Registration at the Infopoint<\/mark><\/p>\n\n<p><strong>Social media:<\/strong><br\/>@akailein <a href=\"https:\/\/akaislaberecke.wordpress.com\/\" target=\"_blank\" rel=\"noreferrer noopener\">https:\/\/akaislaberecke.wordpress.com\/<\/a><\/p>\n\n<figure class=\"wp-block-gallery has-nested-images columns-default is-cropped wp-block-gallery-1 is-layout-flex wp-block-gallery-is-layout-flex\">\n<figure class=\"wp-block-image size-large\"><img loading=\"lazy\" decoding=\"async\" width=\"907\" height=\"1024\" data-id=\"33802\" src=\"https:\/\/www.aninite.at\/wp-content\/uploads\/\/20241124_1351081-907x1024.jpg\" alt=\"\" class=\"wp-image-33802\" srcset=\"https:\/\/www.aninite.at\/wp-content\/uploads\/20241124_1351081-907x1024.jpg 907w, https:\/\/www.aninite.at\/wp-content\/uploads\/20241124_1351081-266x300.jpg 266w, https:\/\/www.aninite.at\/wp-content\/uploads\/20241124_1351081-768x867.jpg 768w, https:\/\/www.aninite.at\/wp-content\/uploads\/20241124_1351081-1360x1536.jpg 1360w, https:\/\/www.aninite.at\/wp-content\/uploads\/20241124_1351081-1814x2048.jpg 1814w, https:\/\/www.aninite.at\/wp-content\/uploads\/20241124_1351081-1140x1287.jpg 1140w\" sizes=\"auto, (max-width: 907px) 100vw, 907px\" \/><\/figure>\n\n\n\n<figure class=\"wp-block-image size-large\"><img loading=\"lazy\" decoding=\"async\" width=\"577\" height=\"1024\" data-id=\"33808\" src=\"https:\/\/www.aninite.at\/wp-content\/uploads\/\/20241117_140008-577x1024.jpg\" alt=\"\" class=\"wp-image-33808\" srcset=\"https:\/\/www.aninite.at\/wp-content\/uploads\/20241117_140008-577x1024.jpg 577w, https:\/\/www.aninite.at\/wp-content\/uploads\/20241117_140008-169x300.jpg 169w, https:\/\/www.aninite.at\/wp-content\/uploads\/20241117_140008-768x1364.jpg 768w, https:\/\/www.aninite.at\/wp-content\/uploads\/20241117_140008-865x1536.jpg 865w, https:\/\/www.aninite.at\/wp-content\/uploads\/20241117_140008-1153x2048.jpg 1153w, https:\/\/www.aninite.at\/wp-content\/uploads\/20241117_140008-1140x2025.jpg 1140w, https:\/\/www.aninite.at\/wp-content\/uploads\/20241117_140008-scaled.jpg 1441w\" sizes=\"auto, (max-width: 577px) 100vw, 577px\" \/><\/figure>\n\n\n\n<figure class=\"wp-block-image size-large\"><img loading=\"lazy\" decoding=\"async\" width=\"942\" height=\"1024\" data-id=\"33805\" src=\"https:\/\/www.aninite.at\/wp-content\/uploads\/\/20250502_2112251-942x1024.jpg\" alt=\"\" class=\"wp-image-33805\" srcset=\"https:\/\/www.aninite.at\/wp-content\/uploads\/20250502_2112251-942x1024.jpg 942w, https:\/\/www.aninite.at\/wp-content\/uploads\/20250502_2112251-276x300.jpg 276w, https:\/\/www.aninite.at\/wp-content\/uploads\/20250502_2112251-768x835.jpg 768w, https:\/\/www.aninite.at\/wp-content\/uploads\/20250502_2112251.jpg 1120w\" sizes=\"auto, (max-width: 942px) 100vw, 942px\" \/><\/figure>\n<\/figure>\n","protected":false},"excerpt":{"rendered":"<p>How to acrylic markers Saturday 14.15 &#8211; 15.15 &#8211; Room 0.32 With acrylic markers, you can bring your characters to life with bright colors and radiant details. These markers are ideal for manga faces, hair and backgrounds. They are waterproof and lightfast, perfect for canvas or paper. We will look at different markers and also talk about how best to use them. In the workshop you will learn how to use these markers to realize your visions. Whether beginner or advanced &#8211; come and let your creativity flow! Duration:1 hour Number of participants:15 &#8211; Registration at the Infopoint Social media:@akailein https:\/\/akaislaberecke.wordpress.com\/<\/p>\n","protected":false},"author":13,"featured_media":0,"parent":0,"menu_order":0,"comment_status":"closed","ping_status":"closed","template":"","meta":{"inline_featured_image":false,"footnotes":""},"class_list":["post-34022","page","type-page","status-publish","hentry"],"yoast_head":"<!-- This site is optimized with the Yoast SEO plugin v27.5 - https:\/\/yoast.com\/product\/yoast-seo-wordpress\/ -->\n<title>Lectures &amp; Workshops - Akailein - AniNite<\/title>\n<meta name=\"robots\" content=\"index, follow, max-snippet:-1, max-image-preview:large, max-video-preview:-1\" \/>\n<link rel=\"canonical\" href=\"https:\/\/www.aninite.at\/en\/vortraege-workshops-akailein\/\" \/>\n<meta property=\"og:locale\" content=\"en_US\" \/>\n<meta property=\"og:type\" content=\"article\" \/>\n<meta property=\"og:title\" content=\"Lectures &amp; Workshops - Akailein - AniNite\" \/>\n<meta property=\"og:description\" content=\"How to acrylic markers Saturday 14.15 &#8211; 15.15 &#8211; Room 0.32 With acrylic markers, you can bring your characters to life with bright colors and radiant details. These markers are ideal for manga faces, hair and backgrounds. They are waterproof and lightfast, perfect for canvas or paper. We will look at different markers and also talk about how best to use them. In the workshop you will learn how to use these markers to realize your visions. Whether beginner or advanced &#8211; come and let your creativity flow! Duration:1 hour Number of participants:15 &#8211; Registration at the Infopoint Social media:@akailein https:\/\/akaislaberecke.wordpress.com\/\" \/>\n<meta property=\"og:url\" content=\"https:\/\/www.aninite.at\/en\/vortraege-workshops-akailein\/\" \/>\n<meta property=\"og:site_name\" content=\"AniNite\" \/>\n<meta property=\"article:publisher\" content=\"https:\/\/www.facebook.com\/AniMangaAustria\" \/>\n<meta property=\"article:modified_time\" content=\"2025-07-19T07:18:33+00:00\" \/>\n<meta property=\"og:image\" content=\"https:\/\/www.aninite.at\/wp-content\/uploads\/20250502_2112251.jpg\" \/>\n\t<meta property=\"og:image:width\" content=\"1120\" \/>\n\t<meta property=\"og:image:height\" content=\"1218\" \/>\n\t<meta property=\"og:image:type\" content=\"image\/jpeg\" \/>\n<meta name=\"twitter:card\" content=\"summary_large_image\" \/>\n<meta name=\"twitter:label1\" content=\"Est. reading time\" \/>\n\t<meta name=\"twitter:data1\" content=\"1 minute\" \/>\n<script type=\"application\/ld+json\" class=\"yoast-schema-graph\">{\"@context\":\"https:\\\/\\\/schema.org\",\"@graph\":[{\"@type\":\"WebPage\",\"@id\":\"https:\\\/\\\/www.aninite.at\\\/en\\\/vortraege-workshops-akailein\\\/\",\"url\":\"https:\\\/\\\/www.aninite.at\\\/en\\\/vortraege-workshops-akailein\\\/\",\"name\":\"Lectures &amp; Workshops - Akailein - AniNite\",\"isPartOf\":{\"@id\":\"https:\\\/\\\/www.aninite.at\\\/en\\\/#website\"},\"primaryImageOfPage\":{\"@id\":\"https:\\\/\\\/www.aninite.at\\\/en\\\/vortraege-workshops-akailein\\\/#primaryimage\"},\"image\":{\"@id\":\"https:\\\/\\\/www.aninite.at\\\/en\\\/vortraege-workshops-akailein\\\/#primaryimage\"},\"thumbnailUrl\":\"https:\\\/\\\/www.aninite.at\\\/wp-content\\\/uploads\\\/\\\/20250502_2112251-942x1024.jpg\",\"datePublished\":\"2025-07-13T20:43:38+00:00\",\"dateModified\":\"2025-07-19T07:18:33+00:00\",\"breadcrumb\":{\"@id\":\"https:\\\/\\\/www.aninite.at\\\/en\\\/vortraege-workshops-akailein\\\/#breadcrumb\"},\"inLanguage\":\"en-US\",\"potentialAction\":[{\"@type\":\"ReadAction\",\"target\":[\"https:\\\/\\\/www.aninite.at\\\/en\\\/vortraege-workshops-akailein\\\/\"]}]},{\"@type\":\"ImageObject\",\"inLanguage\":\"en-US\",\"@id\":\"https:\\\/\\\/www.aninite.at\\\/en\\\/vortraege-workshops-akailein\\\/#primaryimage\",\"url\":\"https:\\\/\\\/www.aninite.at\\\/wp-content\\\/uploads\\\/\\\/20250502_2112251-942x1024.jpg\",\"contentUrl\":\"https:\\\/\\\/www.aninite.at\\\/wp-content\\\/uploads\\\/\\\/20250502_2112251-942x1024.jpg\"},{\"@type\":\"BreadcrumbList\",\"@id\":\"https:\\\/\\\/www.aninite.at\\\/en\\\/vortraege-workshops-akailein\\\/#breadcrumb\",\"itemListElement\":[{\"@type\":\"ListItem\",\"position\":1,\"name\":\"Startseite\",\"item\":\"https:\\\/\\\/www.aninite.at\\\/en\\\/welcome\\\/\"},{\"@type\":\"ListItem\",\"position\":2,\"name\":\"Lectures &amp; Workshops - Akailein\"}]},{\"@type\":\"WebSite\",\"@id\":\"https:\\\/\\\/www.aninite.at\\\/en\\\/#website\",\"url\":\"https:\\\/\\\/www.aninite.at\\\/en\\\/\",\"name\":\"AniNite\",\"description\":\"\u00d6sterreichs gr\u00f6\u00dfte Anime-, Manga- und Comic-Convention\",\"potentialAction\":[{\"@type\":\"SearchAction\",\"target\":{\"@type\":\"EntryPoint\",\"urlTemplate\":\"https:\\\/\\\/www.aninite.at\\\/en\\\/?s={search_term_string}\"},\"query-input\":{\"@type\":\"PropertyValueSpecification\",\"valueRequired\":true,\"valueName\":\"search_term_string\"}}],\"inLanguage\":\"en-US\"}]}<\/script>\n<!-- \/ Yoast SEO plugin. -->","yoast_head_json":{"title":"Lectures &amp; Workshops - Akailein - AniNite","robots":{"index":"index","follow":"follow","max-snippet":"max-snippet:-1","max-image-preview":"max-image-preview:large","max-video-preview":"max-video-preview:-1"},"canonical":"https:\/\/www.aninite.at\/en\/vortraege-workshops-akailein\/","og_locale":"en_US","og_type":"article","og_title":"Lectures &amp; Workshops - Akailein - AniNite","og_description":"How to acrylic markers Saturday 14.15 &#8211; 15.15 &#8211; Room 0.32 With acrylic markers, you can bring your characters to life with bright colors and radiant details. These markers are ideal for manga faces, hair and backgrounds. They are waterproof and lightfast, perfect for canvas or paper. We will look at different markers and also talk about how best to use them. In the workshop you will learn how to use these markers to realize your visions. Whether beginner or advanced &#8211; come and let your creativity flow! Duration:1 hour Number of participants:15 &#8211; Registration at the Infopoint Social media:@akailein https:\/\/akaislaberecke.wordpress.com\/","og_url":"https:\/\/www.aninite.at\/en\/vortraege-workshops-akailein\/","og_site_name":"AniNite","article_publisher":"https:\/\/www.facebook.com\/AniMangaAustria","article_modified_time":"2025-07-19T07:18:33+00:00","og_image":[{"width":1120,"height":1218,"url":"https:\/\/www.aninite.at\/wp-content\/uploads\/20250502_2112251.jpg","type":"image\/jpeg"}],"twitter_card":"summary_large_image","twitter_misc":{"Est. reading time":"1 minute"},"schema":{"@context":"https:\/\/schema.org","@graph":[{"@type":"WebPage","@id":"https:\/\/www.aninite.at\/en\/vortraege-workshops-akailein\/","url":"https:\/\/www.aninite.at\/en\/vortraege-workshops-akailein\/","name":"Lectures &amp; Workshops - Akailein - AniNite","isPartOf":{"@id":"https:\/\/www.aninite.at\/en\/#website"},"primaryImageOfPage":{"@id":"https:\/\/www.aninite.at\/en\/vortraege-workshops-akailein\/#primaryimage"},"image":{"@id":"https:\/\/www.aninite.at\/en\/vortraege-workshops-akailein\/#primaryimage"},"thumbnailUrl":"https:\/\/www.aninite.at\/wp-content\/uploads\/\/20250502_2112251-942x1024.jpg","datePublished":"2025-07-13T20:43:38+00:00","dateModified":"2025-07-19T07:18:33+00:00","breadcrumb":{"@id":"https:\/\/www.aninite.at\/en\/vortraege-workshops-akailein\/#breadcrumb"},"inLanguage":"en-US","potentialAction":[{"@type":"ReadAction","target":["https:\/\/www.aninite.at\/en\/vortraege-workshops-akailein\/"]}]},{"@type":"ImageObject","inLanguage":"en-US","@id":"https:\/\/www.aninite.at\/en\/vortraege-workshops-akailein\/#primaryimage","url":"https:\/\/www.aninite.at\/wp-content\/uploads\/\/20250502_2112251-942x1024.jpg","contentUrl":"https:\/\/www.aninite.at\/wp-content\/uploads\/\/20250502_2112251-942x1024.jpg"},{"@type":"BreadcrumbList","@id":"https:\/\/www.aninite.at\/en\/vortraege-workshops-akailein\/#breadcrumb","itemListElement":[{"@type":"ListItem","position":1,"name":"Startseite","item":"https:\/\/www.aninite.at\/en\/welcome\/"},{"@type":"ListItem","position":2,"name":"Lectures &amp; Workshops - Akailein"}]},{"@type":"WebSite","@id":"https:\/\/www.aninite.at\/en\/#website","url":"https:\/\/www.aninite.at\/en\/","name":"AniNite","description":"\u00d6sterreichs gr\u00f6\u00dfte Anime-, Manga- und Comic-Convention","potentialAction":[{"@type":"SearchAction","target":{"@type":"EntryPoint","urlTemplate":"https:\/\/www.aninite.at\/en\/?s={search_term_string}"},"query-input":{"@type":"PropertyValueSpecification","valueRequired":true,"valueName":"search_term_string"}}],"inLanguage":"en-US"}]}},"acf":[],"_links":{"self":[{"href":"https:\/\/www.aninite.at\/en\/wp-json\/wp\/v2\/pages\/34022","targetHints":{"allow":["GET"]}}],"collection":[{"href":"https:\/\/www.aninite.at\/en\/wp-json\/wp\/v2\/pages"}],"about":[{"href":"https:\/\/www.aninite.at\/en\/wp-json\/wp\/v2\/types\/page"}],"author":[{"embeddable":true,"href":"https:\/\/www.aninite.at\/en\/wp-json\/wp\/v2\/users\/13"}],"replies":[{"embeddable":true,"href":"https:\/\/www.aninite.at\/en\/wp-json\/wp\/v2\/comments?post=34022"}],"version-history":[{"count":2,"href":"https:\/\/www.aninite.at\/en\/wp-json\/wp\/v2\/pages\/34022\/revisions"}],"predecessor-version":[{"id":34252,"href":"https:\/\/www.aninite.at\/en\/wp-json\/wp\/v2\/pages\/34022\/revisions\/34252"}],"wp:attachment":[{"href":"https:\/\/www.aninite.at\/en\/wp-json\/wp\/v2\/media?parent=34022"}],"curies":[{"name":"wp","href":"https:\/\/api.w.org\/{rel}","templated":true}]}}