{"id":34054,"date":"2025-07-14T01:12:19","date_gmt":"2025-07-13T23:12:19","guid":{"rendered":"https:\/\/www.aninite.at\/vortraege-workshops-wellenkind\/"},"modified":"2025-07-19T09:11:11","modified_gmt":"2025-07-19T07:11:11","slug":"vortraege-workshops-wellenkind","status":"publish","type":"page","link":"https:\/\/www.aninite.at\/en\/vortraege-workshops-wellenkind\/","title":{"rendered":"Lectures &amp; Workshops &#8211; Wellenkind"},"content":{"rendered":"\n<figure class=\"wp-block-image size-large is-resized\"><img loading=\"lazy\" decoding=\"async\" width=\"1024\" height=\"683\" src=\"https:\/\/www.aninite.at\/wp-content\/uploads\/\/SAM_7717-1024x683.jpg\" alt=\"\" class=\"wp-image-33919\" style=\"width:402px;height:auto\" srcset=\"https:\/\/www.aninite.at\/wp-content\/uploads\/SAM_7717-1024x683.jpg 1024w, https:\/\/www.aninite.at\/wp-content\/uploads\/SAM_7717-300x200.jpg 300w, https:\/\/www.aninite.at\/wp-content\/uploads\/SAM_7717-768x512.jpg 768w, https:\/\/www.aninite.at\/wp-content\/uploads\/SAM_7717-1536x1024.jpg 1536w, https:\/\/www.aninite.at\/wp-content\/uploads\/SAM_7717-2048x1365.jpg 2048w, https:\/\/www.aninite.at\/wp-content\/uploads\/SAM_7717-1140x760.jpg 1140w\" sizes=\"auto, (max-width: 1024px) 100vw, 1024px\" \/><\/figure>\n\n<h2 class=\"wp-block-heading\"><em><mark style=\"background-color:rgba(0, 0, 0, 0)\" class=\"has-inline-color has-vivid-red-color\">Make your own straw hat<\/mark><\/em><\/h2>\n\n<p><mark style=\"background-color:rgba(0, 0, 0, 0)\" class=\"has-inline-color has-vivid-red-color\"><em>Part 1: Friday 13.30 &#8211; 15.30 &#8211; Room 0.50<\/em><br\/><em>Part 2: Saturday 14.15 &#8211; 18.15 &#8211; Room 0.50<\/em><\/mark><\/p>\n\n<p>What would Luffy or Sophie be without their iconic hat?<\/p>\n\n<p>&#8220;Under expert guidance, you will make a simple straw hat that fits well and emphasizes your character &#8211; or simply shades you through the summer! From Luffy to Sophie, or for the<br\/>next LARP. You can choose from different types of straw and grass and from several head and brim shapes.<br\/>For the decoration I will provide a selection of braids, flowers, decoration, etc., but you are also welcome to bring your own decoration. We will be sewing more than gluing, so please bring a little patience and<br\/>dexterity.   <\/p>\n\n<p>Please send any special questions or requests in advance to hut@wellenkind.at<\/p>\n\n<p><strong>Duration:<\/strong><br\/>Part 1: 1-2 hours<br\/>Part 2: 3-4 hours<\/p>\n\n<p><strong>Number of participants:<\/strong><br\/>5 &#8211; <mark style=\"background-color:rgba(0, 0, 0, 0)\" class=\"has-inline-color has-luminous-vivid-amber-color\">Registration at the Infopoint<\/mark><\/p>\n\n<p><strong>Participation fee:<\/strong><br\/>50 \u20ac &#8211; <mark style=\"background-color:rgba(0, 0, 0, 0)\" class=\"has-inline-color has-luminous-vivid-amber-color\">to be paid at the workshop<\/mark><\/p>\n\n<p>Social media:<br\/><a href=\"https:\/\/www.instagram.com\/wellenkind_millinery\">https:\/\/www.instagram.com\/wellenkind_millinery<\/a><\/p>\n\n<p><a href=\"http:\/\/www.facebook.com\/wellenkind\/\" target=\"_blank\" rel=\"noreferrer noopener\">www.facebook.com\/wellenkind\/<\/a><\/p>\n\n<p><a href=\"http:\/\/www.wellenkind.at\" target=\"_blank\" rel=\"noreferrer noopener\">www.wellenkind.at<\/a><\/p>\n\n<figure class=\"wp-block-gallery has-nested-images columns-default is-cropped wp-block-gallery-1 is-layout-flex wp-block-gallery-is-layout-flex\">\n<figure class=\"wp-block-image size-large\"><img loading=\"lazy\" decoding=\"async\" width=\"683\" height=\"1024\" data-id=\"33916\" src=\"https:\/\/www.aninite.at\/wp-content\/uploads\/\/SAM_7419-683x1024.jpg\" alt=\"\" class=\"wp-image-33916\" srcset=\"https:\/\/www.aninite.at\/wp-content\/uploads\/SAM_7419-683x1024.jpg 683w, https:\/\/www.aninite.at\/wp-content\/uploads\/SAM_7419-200x300.jpg 200w, https:\/\/www.aninite.at\/wp-content\/uploads\/SAM_7419-768x1152.jpg 768w, https:\/\/www.aninite.at\/wp-content\/uploads\/SAM_7419-1024x1536.jpg 1024w, https:\/\/www.aninite.at\/wp-content\/uploads\/SAM_7419-1365x2048.jpg 1365w, https:\/\/www.aninite.at\/wp-content\/uploads\/SAM_7419-1140x1710.jpg 1140w, https:\/\/www.aninite.at\/wp-content\/uploads\/SAM_7419-scaled.jpg 1707w\" sizes=\"auto, (max-width: 683px) 100vw, 683px\" \/><\/figure>\n\n\n\n<figure class=\"wp-block-image size-large\"><img loading=\"lazy\" decoding=\"async\" width=\"768\" height=\"1024\" data-id=\"33913\" src=\"https:\/\/www.aninite.at\/wp-content\/uploads\/\/IMG_20250509_110556-768x1024.jpg\" alt=\"\" class=\"wp-image-33913\" srcset=\"https:\/\/www.aninite.at\/wp-content\/uploads\/IMG_20250509_110556-768x1024.jpg 768w, https:\/\/www.aninite.at\/wp-content\/uploads\/IMG_20250509_110556-225x300.jpg 225w, https:\/\/www.aninite.at\/wp-content\/uploads\/IMG_20250509_110556-1152x1536.jpg 1152w, https:\/\/www.aninite.at\/wp-content\/uploads\/IMG_20250509_110556-1536x2048.jpg 1536w, https:\/\/www.aninite.at\/wp-content\/uploads\/IMG_20250509_110556-1140x1520.jpg 1140w, https:\/\/www.aninite.at\/wp-content\/uploads\/IMG_20250509_110556-scaled.jpg 1920w\" sizes=\"auto, (max-width: 768px) 100vw, 768px\" \/><\/figure>\n\n\n\n<figure class=\"wp-block-image size-large\"><img loading=\"lazy\" decoding=\"async\" width=\"768\" height=\"1024\" data-id=\"33910\" src=\"https:\/\/www.aninite.at\/wp-content\/uploads\/\/IMG_20240408_164136-768x1024.jpg\" alt=\"\" class=\"wp-image-33910\" srcset=\"https:\/\/www.aninite.at\/wp-content\/uploads\/IMG_20240408_164136-768x1024.jpg 768w, https:\/\/www.aninite.at\/wp-content\/uploads\/IMG_20240408_164136-225x300.jpg 225w, https:\/\/www.aninite.at\/wp-content\/uploads\/IMG_20240408_164136-1152x1536.jpg 1152w, https:\/\/www.aninite.at\/wp-content\/uploads\/IMG_20240408_164136-1536x2048.jpg 1536w, https:\/\/www.aninite.at\/wp-content\/uploads\/IMG_20240408_164136-1140x1520.jpg 1140w, https:\/\/www.aninite.at\/wp-content\/uploads\/IMG_20240408_164136-scaled.jpg 1920w\" sizes=\"auto, (max-width: 768px) 100vw, 768px\" \/><\/figure>\n<\/figure>\n\n<p><\/p>\n","protected":false},"excerpt":{"rendered":"<p>Make your own straw hat Part 1: Friday 13.30 &#8211; 15.30 &#8211; Room 0.50Part 2: Saturday 14.15 &#8211; 18.15 &#8211; Room 0.50 What would Luffy or Sophie be without their iconic hat? &#8220;Under expert guidance, you will make a simple straw hat that fits well and emphasizes your character &#8211; or simply shades you through the summer! From Luffy to Sophie, or for thenext LARP. You can choose from different types of straw and grass and from several head and brim shapes.For the decoration I will provide a selection of braids, flowers, decoration, etc., but you are also welcome to bring your own decoration. We will be sewing more than gluing, so please bring a little patience anddexterity. Please send any special questions or requests in advance to hut@wellenkind.at Duration:Part 1: 1-2 hoursPart 2: 3-4 hours Number of participants:5 &#8211; Registration at the Infopoint Participation fee:50 \u20ac &#8211; to be paid at the workshop Social media:https:\/\/www.instagram.com\/wellenkind_millinery www.facebook.com\/wellenkind\/ www.wellenkind.at<\/p>\n","protected":false},"author":13,"featured_media":0,"parent":0,"menu_order":0,"comment_status":"closed","ping_status":"closed","template":"","meta":{"inline_featured_image":false,"footnotes":""},"class_list":["post-34054","page","type-page","status-publish","hentry"],"yoast_head":"<!-- This site is optimized with the Yoast SEO plugin v27.5 - https:\/\/yoast.com\/product\/yoast-seo-wordpress\/ -->\n<title>Lectures &amp; Workshops - Wellenkind - AniNite<\/title>\n<meta name=\"robots\" content=\"index, follow, max-snippet:-1, max-image-preview:large, max-video-preview:-1\" \/>\n<link rel=\"canonical\" href=\"https:\/\/www.aninite.at\/en\/vortraege-workshops-wellenkind\/\" \/>\n<meta property=\"og:locale\" content=\"en_US\" \/>\n<meta property=\"og:type\" content=\"article\" \/>\n<meta property=\"og:title\" content=\"Lectures &amp; Workshops - Wellenkind - AniNite\" \/>\n<meta property=\"og:description\" content=\"Make your own straw hat Part 1: Friday 13.30 &#8211; 15.30 &#8211; Room 0.50Part 2: Saturday 14.15 &#8211; 18.15 &#8211; Room 0.50 What would Luffy or Sophie be without their iconic hat? &#8220;Under expert guidance, you will make a simple straw hat that fits well and emphasizes your character &#8211; or simply shades you through the summer! From Luffy to Sophie, or for thenext LARP. You can choose from different types of straw and grass and from several head and brim shapes.For the decoration I will provide a selection of braids, flowers, decoration, etc., but you are also welcome to bring your own decoration. We will be sewing more than gluing, so please bring a little patience anddexterity. Please send any special questions or requests in advance to hut@wellenkind.at Duration:Part 1: 1-2 hoursPart 2: 3-4 hours Number of participants:5 &#8211; Registration at the Infopoint Participation fee:50 \u20ac &#8211; to be paid at the workshop Social media:https:\/\/www.instagram.com\/wellenkind_millinery www.facebook.com\/wellenkind\/ www.wellenkind.at\" \/>\n<meta property=\"og:url\" content=\"https:\/\/www.aninite.at\/en\/vortraege-workshops-wellenkind\/\" \/>\n<meta property=\"og:site_name\" content=\"AniNite\" \/>\n<meta property=\"article:publisher\" content=\"https:\/\/www.facebook.com\/AniMangaAustria\" \/>\n<meta property=\"article:modified_time\" content=\"2025-07-19T07:11:11+00:00\" \/>\n<meta property=\"og:image\" content=\"https:\/\/www.aninite.at\/wp-content\/uploads\/SAM_7717-scaled.jpg\" \/>\n\t<meta property=\"og:image:width\" content=\"2560\" \/>\n\t<meta property=\"og:image:height\" content=\"1707\" \/>\n\t<meta property=\"og:image:type\" content=\"image\/jpeg\" \/>\n<meta name=\"twitter:card\" content=\"summary_large_image\" \/>\n<meta name=\"twitter:label1\" content=\"Est. reading time\" \/>\n\t<meta name=\"twitter:data1\" content=\"1 minute\" \/>\n<script type=\"application\/ld+json\" class=\"yoast-schema-graph\">{\"@context\":\"https:\\\/\\\/schema.org\",\"@graph\":[{\"@type\":\"WebPage\",\"@id\":\"https:\\\/\\\/www.aninite.at\\\/en\\\/vortraege-workshops-wellenkind\\\/\",\"url\":\"https:\\\/\\\/www.aninite.at\\\/en\\\/vortraege-workshops-wellenkind\\\/\",\"name\":\"Lectures &amp; Workshops - Wellenkind - AniNite\",\"isPartOf\":{\"@id\":\"https:\\\/\\\/www.aninite.at\\\/en\\\/#website\"},\"primaryImageOfPage\":{\"@id\":\"https:\\\/\\\/www.aninite.at\\\/en\\\/vortraege-workshops-wellenkind\\\/#primaryimage\"},\"image\":{\"@id\":\"https:\\\/\\\/www.aninite.at\\\/en\\\/vortraege-workshops-wellenkind\\\/#primaryimage\"},\"thumbnailUrl\":\"https:\\\/\\\/www.aninite.at\\\/wp-content\\\/uploads\\\/\\\/SAM_7717-1024x683.jpg\",\"datePublished\":\"2025-07-13T23:12:19+00:00\",\"dateModified\":\"2025-07-19T07:11:11+00:00\",\"breadcrumb\":{\"@id\":\"https:\\\/\\\/www.aninite.at\\\/en\\\/vortraege-workshops-wellenkind\\\/#breadcrumb\"},\"inLanguage\":\"en-US\",\"potentialAction\":[{\"@type\":\"ReadAction\",\"target\":[\"https:\\\/\\\/www.aninite.at\\\/en\\\/vortraege-workshops-wellenkind\\\/\"]}]},{\"@type\":\"ImageObject\",\"inLanguage\":\"en-US\",\"@id\":\"https:\\\/\\\/www.aninite.at\\\/en\\\/vortraege-workshops-wellenkind\\\/#primaryimage\",\"url\":\"https:\\\/\\\/www.aninite.at\\\/wp-content\\\/uploads\\\/\\\/SAM_7717-1024x683.jpg\",\"contentUrl\":\"https:\\\/\\\/www.aninite.at\\\/wp-content\\\/uploads\\\/\\\/SAM_7717-1024x683.jpg\"},{\"@type\":\"BreadcrumbList\",\"@id\":\"https:\\\/\\\/www.aninite.at\\\/en\\\/vortraege-workshops-wellenkind\\\/#breadcrumb\",\"itemListElement\":[{\"@type\":\"ListItem\",\"position\":1,\"name\":\"Startseite\",\"item\":\"https:\\\/\\\/www.aninite.at\\\/en\\\/welcome\\\/\"},{\"@type\":\"ListItem\",\"position\":2,\"name\":\"Lectures &amp; Workshops &#8211; Wellenkind\"}]},{\"@type\":\"WebSite\",\"@id\":\"https:\\\/\\\/www.aninite.at\\\/en\\\/#website\",\"url\":\"https:\\\/\\\/www.aninite.at\\\/en\\\/\",\"name\":\"AniNite\",\"description\":\"\u00d6sterreichs gr\u00f6\u00dfte Anime-, Manga- und Comic-Convention\",\"potentialAction\":[{\"@type\":\"SearchAction\",\"target\":{\"@type\":\"EntryPoint\",\"urlTemplate\":\"https:\\\/\\\/www.aninite.at\\\/en\\\/?s={search_term_string}\"},\"query-input\":{\"@type\":\"PropertyValueSpecification\",\"valueRequired\":true,\"valueName\":\"search_term_string\"}}],\"inLanguage\":\"en-US\"}]}<\/script>\n<!-- \/ Yoast SEO plugin. -->","yoast_head_json":{"title":"Lectures &amp; Workshops - Wellenkind - AniNite","robots":{"index":"index","follow":"follow","max-snippet":"max-snippet:-1","max-image-preview":"max-image-preview:large","max-video-preview":"max-video-preview:-1"},"canonical":"https:\/\/www.aninite.at\/en\/vortraege-workshops-wellenkind\/","og_locale":"en_US","og_type":"article","og_title":"Lectures &amp; Workshops - Wellenkind - AniNite","og_description":"Make your own straw hat Part 1: Friday 13.30 &#8211; 15.30 &#8211; Room 0.50Part 2: Saturday 14.15 &#8211; 18.15 &#8211; Room 0.50 What would Luffy or Sophie be without their iconic hat? &#8220;Under expert guidance, you will make a simple straw hat that fits well and emphasizes your character &#8211; or simply shades you through the summer! From Luffy to Sophie, or for thenext LARP. You can choose from different types of straw and grass and from several head and brim shapes.For the decoration I will provide a selection of braids, flowers, decoration, etc., but you are also welcome to bring your own decoration. We will be sewing more than gluing, so please bring a little patience anddexterity. Please send any special questions or requests in advance to hut@wellenkind.at Duration:Part 1: 1-2 hoursPart 2: 3-4 hours Number of participants:5 &#8211; Registration at the Infopoint Participation fee:50 \u20ac &#8211; to be paid at the workshop Social media:https:\/\/www.instagram.com\/wellenkind_millinery www.facebook.com\/wellenkind\/ www.wellenkind.at","og_url":"https:\/\/www.aninite.at\/en\/vortraege-workshops-wellenkind\/","og_site_name":"AniNite","article_publisher":"https:\/\/www.facebook.com\/AniMangaAustria","article_modified_time":"2025-07-19T07:11:11+00:00","og_image":[{"width":2560,"height":1707,"url":"https:\/\/www.aninite.at\/wp-content\/uploads\/SAM_7717-scaled.jpg","type":"image\/jpeg"}],"twitter_card":"summary_large_image","twitter_misc":{"Est. reading time":"1 minute"},"schema":{"@context":"https:\/\/schema.org","@graph":[{"@type":"WebPage","@id":"https:\/\/www.aninite.at\/en\/vortraege-workshops-wellenkind\/","url":"https:\/\/www.aninite.at\/en\/vortraege-workshops-wellenkind\/","name":"Lectures &amp; Workshops - Wellenkind - AniNite","isPartOf":{"@id":"https:\/\/www.aninite.at\/en\/#website"},"primaryImageOfPage":{"@id":"https:\/\/www.aninite.at\/en\/vortraege-workshops-wellenkind\/#primaryimage"},"image":{"@id":"https:\/\/www.aninite.at\/en\/vortraege-workshops-wellenkind\/#primaryimage"},"thumbnailUrl":"https:\/\/www.aninite.at\/wp-content\/uploads\/\/SAM_7717-1024x683.jpg","datePublished":"2025-07-13T23:12:19+00:00","dateModified":"2025-07-19T07:11:11+00:00","breadcrumb":{"@id":"https:\/\/www.aninite.at\/en\/vortraege-workshops-wellenkind\/#breadcrumb"},"inLanguage":"en-US","potentialAction":[{"@type":"ReadAction","target":["https:\/\/www.aninite.at\/en\/vortraege-workshops-wellenkind\/"]}]},{"@type":"ImageObject","inLanguage":"en-US","@id":"https:\/\/www.aninite.at\/en\/vortraege-workshops-wellenkind\/#primaryimage","url":"https:\/\/www.aninite.at\/wp-content\/uploads\/\/SAM_7717-1024x683.jpg","contentUrl":"https:\/\/www.aninite.at\/wp-content\/uploads\/\/SAM_7717-1024x683.jpg"},{"@type":"BreadcrumbList","@id":"https:\/\/www.aninite.at\/en\/vortraege-workshops-wellenkind\/#breadcrumb","itemListElement":[{"@type":"ListItem","position":1,"name":"Startseite","item":"https:\/\/www.aninite.at\/en\/welcome\/"},{"@type":"ListItem","position":2,"name":"Lectures &amp; Workshops &#8211; Wellenkind"}]},{"@type":"WebSite","@id":"https:\/\/www.aninite.at\/en\/#website","url":"https:\/\/www.aninite.at\/en\/","name":"AniNite","description":"\u00d6sterreichs gr\u00f6\u00dfte Anime-, Manga- und Comic-Convention","potentialAction":[{"@type":"SearchAction","target":{"@type":"EntryPoint","urlTemplate":"https:\/\/www.aninite.at\/en\/?s={search_term_string}"},"query-input":{"@type":"PropertyValueSpecification","valueRequired":true,"valueName":"search_term_string"}}],"inLanguage":"en-US"}]}},"acf":[],"_links":{"self":[{"href":"https:\/\/www.aninite.at\/en\/wp-json\/wp\/v2\/pages\/34054","targetHints":{"allow":["GET"]}}],"collection":[{"href":"https:\/\/www.aninite.at\/en\/wp-json\/wp\/v2\/pages"}],"about":[{"href":"https:\/\/www.aninite.at\/en\/wp-json\/wp\/v2\/types\/page"}],"author":[{"embeddable":true,"href":"https:\/\/www.aninite.at\/en\/wp-json\/wp\/v2\/users\/13"}],"replies":[{"embeddable":true,"href":"https:\/\/www.aninite.at\/en\/wp-json\/wp\/v2\/comments?post=34054"}],"version-history":[{"count":3,"href":"https:\/\/www.aninite.at\/en\/wp-json\/wp\/v2\/pages\/34054\/revisions"}],"predecessor-version":[{"id":34235,"href":"https:\/\/www.aninite.at\/en\/wp-json\/wp\/v2\/pages\/34054\/revisions\/34235"}],"wp:attachment":[{"href":"https:\/\/www.aninite.at\/en\/wp-json\/wp\/v2\/media?parent=34054"}],"curies":[{"name":"wp","href":"https:\/\/api.w.org\/{rel}","templated":true}]}}