{"id":34058,"date":"2025-07-14T00:11:13","date_gmt":"2025-07-13T22:11:13","guid":{"rendered":"https:\/\/www.aninite.at\/vortraege-workshops-kenshikan-vienna\/"},"modified":"2025-07-16T10:49:05","modified_gmt":"2025-07-16T08:49:05","slug":"vortraege-workshops-kenshikan-vienna","status":"publish","type":"page","link":"https:\/\/www.aninite.at\/en\/vortraege-workshops-kenshikan-vienna\/","title":{"rendered":"Lectures &amp; Workshops &#8211; Kenshikan Vienna"},"content":{"rendered":"\n<figure class=\"wp-block-image size-large is-resized\"><img loading=\"lazy\" decoding=\"async\" width=\"1024\" height=\"683\" src=\"https:\/\/www.aninite.at\/wp-content\/uploads\/\/482354378_1104943328104553_6062770997355820824_n-1024x683.jpg\" alt=\"\" class=\"wp-image-33882\" style=\"width:402px;height:auto\" srcset=\"https:\/\/www.aninite.at\/wp-content\/uploads\/482354378_1104943328104553_6062770997355820824_n-1024x683.jpg 1024w, https:\/\/www.aninite.at\/wp-content\/uploads\/482354378_1104943328104553_6062770997355820824_n-300x200.jpg 300w, https:\/\/www.aninite.at\/wp-content\/uploads\/482354378_1104943328104553_6062770997355820824_n-768x512.jpg 768w, https:\/\/www.aninite.at\/wp-content\/uploads\/482354378_1104943328104553_6062770997355820824_n-1536x1024.jpg 1536w, https:\/\/www.aninite.at\/wp-content\/uploads\/482354378_1104943328104553_6062770997355820824_n-1140x760.jpg 1140w, https:\/\/www.aninite.at\/wp-content\/uploads\/482354378_1104943328104553_6062770997355820824_n.jpg 2048w\" sizes=\"auto, (max-width: 1024px) 100vw, 1024px\" \/><\/figure>\n\n<h2 class=\"wp-block-heading\"><em><mark style=\"background-color:rgba(0, 0, 0, 0)\" class=\"has-inline-color has-vivid-red-color\">Introduction to the Japanese sword fighting arts &#8211; Kendo, Iaido &amp; Jodo<\/mark><\/em><\/h2>\n\n<p><em><mark style=\"background-color:rgba(0, 0, 0, 0)\" class=\"has-inline-color has-vivid-red-color\">Saturday 13.00 &#8211; 14.00 &#8211; Room 0.31<\/mark><\/em><\/p>\n\n<p>Experience the fascination of traditional Japanese swordsmanship up close! In this workshop we present three disciplines: Kendo, dynamic sword fighting with a bamboo sword and armor, Iaido, the art of sword drawing, and Jodo, stick fighting against the sword. After the demonstrations, we cordially invite all those interested to join in and gain their first practical experience &#8211; without any prior knowledge!  <\/p>\n\n<p><strong>Duration:<\/strong><br\/>1 hour<\/p>\n\n<p><strong>Social Media:<\/strong><br\/><a href=\"https:\/\/www.instagram.com\/kenshikanvienna\/?hl=en\" target=\"_blank\" rel=\"noreferrer noopener\">https:\/\/www.instagram.com\/kenshikanvienna\/?hl=en<\/a><\/p>\n\n<figure class=\"wp-block-image size-large is-resized\"><img loading=\"lazy\" decoding=\"async\" width=\"1024\" height=\"683\" src=\"https:\/\/www.aninite.at\/wp-content\/uploads\/\/482221669_1104943598104526_4534967765628873846_n-1024x683.jpg\" alt=\"\" class=\"wp-image-33885\" style=\"width:462px;height:auto\" srcset=\"https:\/\/www.aninite.at\/wp-content\/uploads\/482221669_1104943598104526_4534967765628873846_n-1024x683.jpg 1024w, https:\/\/www.aninite.at\/wp-content\/uploads\/482221669_1104943598104526_4534967765628873846_n-300x200.jpg 300w, https:\/\/www.aninite.at\/wp-content\/uploads\/482221669_1104943598104526_4534967765628873846_n-768x512.jpg 768w, https:\/\/www.aninite.at\/wp-content\/uploads\/482221669_1104943598104526_4534967765628873846_n-1536x1024.jpg 1536w, https:\/\/www.aninite.at\/wp-content\/uploads\/482221669_1104943598104526_4534967765628873846_n-1140x760.jpg 1140w, https:\/\/www.aninite.at\/wp-content\/uploads\/482221669_1104943598104526_4534967765628873846_n.jpg 2048w\" sizes=\"auto, (max-width: 1024px) 100vw, 1024px\" \/><\/figure>\n","protected":false},"excerpt":{"rendered":"<p>Introduction to the Japanese sword fighting arts &#8211; Kendo, Iaido &amp; Jodo Saturday 13.00 &#8211; 14.00 &#8211; Room 0.31 Experience the fascination of traditional Japanese swordsmanship up close! In this workshop we present three disciplines: Kendo, dynamic sword fighting with a bamboo sword and armor, Iaido, the art of sword drawing, and Jodo, stick fighting against the sword. After the demonstrations, we cordially invite all those interested to join in and gain their first practical experience &#8211; without any prior knowledge! Duration:1 hour Social Media:https:\/\/www.instagram.com\/kenshikanvienna\/?hl=en<\/p>\n","protected":false},"author":13,"featured_media":0,"parent":0,"menu_order":0,"comment_status":"closed","ping_status":"closed","template":"","meta":{"inline_featured_image":false,"footnotes":""},"class_list":["post-34058","page","type-page","status-publish","hentry"],"yoast_head":"<!-- This site is optimized with the Yoast SEO plugin v27.5 - https:\/\/yoast.com\/product\/yoast-seo-wordpress\/ -->\n<title>Lectures &amp; Workshops - Kenshikan Vienna - AniNite<\/title>\n<meta name=\"robots\" content=\"index, follow, max-snippet:-1, max-image-preview:large, max-video-preview:-1\" \/>\n<link rel=\"canonical\" href=\"https:\/\/www.aninite.at\/en\/vortraege-workshops-kenshikan-vienna\/\" \/>\n<meta property=\"og:locale\" content=\"en_US\" \/>\n<meta property=\"og:type\" content=\"article\" \/>\n<meta property=\"og:title\" content=\"Lectures &amp; Workshops - Kenshikan Vienna - AniNite\" \/>\n<meta property=\"og:description\" content=\"Introduction to the Japanese sword fighting arts &#8211; Kendo, Iaido &amp; Jodo Saturday 13.00 &#8211; 14.00 &#8211; Room 0.31 Experience the fascination of traditional Japanese swordsmanship up close! In this workshop we present three disciplines: Kendo, dynamic sword fighting with a bamboo sword and armor, Iaido, the art of sword drawing, and Jodo, stick fighting against the sword. After the demonstrations, we cordially invite all those interested to join in and gain their first practical experience &#8211; without any prior knowledge! Duration:1 hour Social Media:https:\/\/www.instagram.com\/kenshikanvienna\/?hl=en\" \/>\n<meta property=\"og:url\" content=\"https:\/\/www.aninite.at\/en\/vortraege-workshops-kenshikan-vienna\/\" \/>\n<meta property=\"og:site_name\" content=\"AniNite\" \/>\n<meta property=\"article:publisher\" content=\"https:\/\/www.facebook.com\/AniMangaAustria\" \/>\n<meta property=\"article:modified_time\" content=\"2025-07-16T08:49:05+00:00\" \/>\n<meta property=\"og:image\" content=\"https:\/\/www.aninite.at\/wp-content\/uploads\/482354378_1104943328104553_6062770997355820824_n.jpg\" \/>\n\t<meta property=\"og:image:width\" content=\"2048\" \/>\n\t<meta property=\"og:image:height\" content=\"1365\" \/>\n\t<meta property=\"og:image:type\" content=\"image\/jpeg\" \/>\n<meta name=\"twitter:card\" content=\"summary_large_image\" \/>\n<script type=\"application\/ld+json\" class=\"yoast-schema-graph\">{\"@context\":\"https:\\\/\\\/schema.org\",\"@graph\":[{\"@type\":\"WebPage\",\"@id\":\"https:\\\/\\\/www.aninite.at\\\/en\\\/vortraege-workshops-kenshikan-vienna\\\/\",\"url\":\"https:\\\/\\\/www.aninite.at\\\/en\\\/vortraege-workshops-kenshikan-vienna\\\/\",\"name\":\"Lectures &amp; Workshops - Kenshikan Vienna - AniNite\",\"isPartOf\":{\"@id\":\"https:\\\/\\\/www.aninite.at\\\/en\\\/#website\"},\"primaryImageOfPage\":{\"@id\":\"https:\\\/\\\/www.aninite.at\\\/en\\\/vortraege-workshops-kenshikan-vienna\\\/#primaryimage\"},\"image\":{\"@id\":\"https:\\\/\\\/www.aninite.at\\\/en\\\/vortraege-workshops-kenshikan-vienna\\\/#primaryimage\"},\"thumbnailUrl\":\"https:\\\/\\\/www.aninite.at\\\/wp-content\\\/uploads\\\/\\\/482354378_1104943328104553_6062770997355820824_n-1024x683.jpg\",\"datePublished\":\"2025-07-13T22:11:13+00:00\",\"dateModified\":\"2025-07-16T08:49:05+00:00\",\"breadcrumb\":{\"@id\":\"https:\\\/\\\/www.aninite.at\\\/en\\\/vortraege-workshops-kenshikan-vienna\\\/#breadcrumb\"},\"inLanguage\":\"en-US\",\"potentialAction\":[{\"@type\":\"ReadAction\",\"target\":[\"https:\\\/\\\/www.aninite.at\\\/en\\\/vortraege-workshops-kenshikan-vienna\\\/\"]}]},{\"@type\":\"ImageObject\",\"inLanguage\":\"en-US\",\"@id\":\"https:\\\/\\\/www.aninite.at\\\/en\\\/vortraege-workshops-kenshikan-vienna\\\/#primaryimage\",\"url\":\"https:\\\/\\\/www.aninite.at\\\/wp-content\\\/uploads\\\/\\\/482354378_1104943328104553_6062770997355820824_n-1024x683.jpg\",\"contentUrl\":\"https:\\\/\\\/www.aninite.at\\\/wp-content\\\/uploads\\\/\\\/482354378_1104943328104553_6062770997355820824_n-1024x683.jpg\"},{\"@type\":\"BreadcrumbList\",\"@id\":\"https:\\\/\\\/www.aninite.at\\\/en\\\/vortraege-workshops-kenshikan-vienna\\\/#breadcrumb\",\"itemListElement\":[{\"@type\":\"ListItem\",\"position\":1,\"name\":\"Startseite\",\"item\":\"https:\\\/\\\/www.aninite.at\\\/en\\\/welcome\\\/\"},{\"@type\":\"ListItem\",\"position\":2,\"name\":\"Lectures &amp; Workshops &#8211; Kenshikan Vienna\"}]},{\"@type\":\"WebSite\",\"@id\":\"https:\\\/\\\/www.aninite.at\\\/en\\\/#website\",\"url\":\"https:\\\/\\\/www.aninite.at\\\/en\\\/\",\"name\":\"AniNite\",\"description\":\"\u00d6sterreichs gr\u00f6\u00dfte Anime-, Manga- und Comic-Convention\",\"potentialAction\":[{\"@type\":\"SearchAction\",\"target\":{\"@type\":\"EntryPoint\",\"urlTemplate\":\"https:\\\/\\\/www.aninite.at\\\/en\\\/?s={search_term_string}\"},\"query-input\":{\"@type\":\"PropertyValueSpecification\",\"valueRequired\":true,\"valueName\":\"search_term_string\"}}],\"inLanguage\":\"en-US\"}]}<\/script>\n<!-- \/ Yoast SEO plugin. -->","yoast_head_json":{"title":"Lectures &amp; Workshops - Kenshikan Vienna - AniNite","robots":{"index":"index","follow":"follow","max-snippet":"max-snippet:-1","max-image-preview":"max-image-preview:large","max-video-preview":"max-video-preview:-1"},"canonical":"https:\/\/www.aninite.at\/en\/vortraege-workshops-kenshikan-vienna\/","og_locale":"en_US","og_type":"article","og_title":"Lectures &amp; Workshops - Kenshikan Vienna - AniNite","og_description":"Introduction to the Japanese sword fighting arts &#8211; Kendo, Iaido &amp; Jodo Saturday 13.00 &#8211; 14.00 &#8211; Room 0.31 Experience the fascination of traditional Japanese swordsmanship up close! In this workshop we present three disciplines: Kendo, dynamic sword fighting with a bamboo sword and armor, Iaido, the art of sword drawing, and Jodo, stick fighting against the sword. After the demonstrations, we cordially invite all those interested to join in and gain their first practical experience &#8211; without any prior knowledge! Duration:1 hour Social Media:https:\/\/www.instagram.com\/kenshikanvienna\/?hl=en","og_url":"https:\/\/www.aninite.at\/en\/vortraege-workshops-kenshikan-vienna\/","og_site_name":"AniNite","article_publisher":"https:\/\/www.facebook.com\/AniMangaAustria","article_modified_time":"2025-07-16T08:49:05+00:00","og_image":[{"width":2048,"height":1365,"url":"https:\/\/www.aninite.at\/wp-content\/uploads\/482354378_1104943328104553_6062770997355820824_n.jpg","type":"image\/jpeg"}],"twitter_card":"summary_large_image","schema":{"@context":"https:\/\/schema.org","@graph":[{"@type":"WebPage","@id":"https:\/\/www.aninite.at\/en\/vortraege-workshops-kenshikan-vienna\/","url":"https:\/\/www.aninite.at\/en\/vortraege-workshops-kenshikan-vienna\/","name":"Lectures &amp; Workshops - Kenshikan Vienna - AniNite","isPartOf":{"@id":"https:\/\/www.aninite.at\/en\/#website"},"primaryImageOfPage":{"@id":"https:\/\/www.aninite.at\/en\/vortraege-workshops-kenshikan-vienna\/#primaryimage"},"image":{"@id":"https:\/\/www.aninite.at\/en\/vortraege-workshops-kenshikan-vienna\/#primaryimage"},"thumbnailUrl":"https:\/\/www.aninite.at\/wp-content\/uploads\/\/482354378_1104943328104553_6062770997355820824_n-1024x683.jpg","datePublished":"2025-07-13T22:11:13+00:00","dateModified":"2025-07-16T08:49:05+00:00","breadcrumb":{"@id":"https:\/\/www.aninite.at\/en\/vortraege-workshops-kenshikan-vienna\/#breadcrumb"},"inLanguage":"en-US","potentialAction":[{"@type":"ReadAction","target":["https:\/\/www.aninite.at\/en\/vortraege-workshops-kenshikan-vienna\/"]}]},{"@type":"ImageObject","inLanguage":"en-US","@id":"https:\/\/www.aninite.at\/en\/vortraege-workshops-kenshikan-vienna\/#primaryimage","url":"https:\/\/www.aninite.at\/wp-content\/uploads\/\/482354378_1104943328104553_6062770997355820824_n-1024x683.jpg","contentUrl":"https:\/\/www.aninite.at\/wp-content\/uploads\/\/482354378_1104943328104553_6062770997355820824_n-1024x683.jpg"},{"@type":"BreadcrumbList","@id":"https:\/\/www.aninite.at\/en\/vortraege-workshops-kenshikan-vienna\/#breadcrumb","itemListElement":[{"@type":"ListItem","position":1,"name":"Startseite","item":"https:\/\/www.aninite.at\/en\/welcome\/"},{"@type":"ListItem","position":2,"name":"Lectures &amp; Workshops &#8211; Kenshikan Vienna"}]},{"@type":"WebSite","@id":"https:\/\/www.aninite.at\/en\/#website","url":"https:\/\/www.aninite.at\/en\/","name":"AniNite","description":"\u00d6sterreichs gr\u00f6\u00dfte Anime-, Manga- und Comic-Convention","potentialAction":[{"@type":"SearchAction","target":{"@type":"EntryPoint","urlTemplate":"https:\/\/www.aninite.at\/en\/?s={search_term_string}"},"query-input":{"@type":"PropertyValueSpecification","valueRequired":true,"valueName":"search_term_string"}}],"inLanguage":"en-US"}]}},"acf":[],"_links":{"self":[{"href":"https:\/\/www.aninite.at\/en\/wp-json\/wp\/v2\/pages\/34058","targetHints":{"allow":["GET"]}}],"collection":[{"href":"https:\/\/www.aninite.at\/en\/wp-json\/wp\/v2\/pages"}],"about":[{"href":"https:\/\/www.aninite.at\/en\/wp-json\/wp\/v2\/types\/page"}],"author":[{"embeddable":true,"href":"https:\/\/www.aninite.at\/en\/wp-json\/wp\/v2\/users\/13"}],"replies":[{"embeddable":true,"href":"https:\/\/www.aninite.at\/en\/wp-json\/wp\/v2\/comments?post=34058"}],"version-history":[{"count":1,"href":"https:\/\/www.aninite.at\/en\/wp-json\/wp\/v2\/pages\/34058\/revisions"}],"predecessor-version":[{"id":34061,"href":"https:\/\/www.aninite.at\/en\/wp-json\/wp\/v2\/pages\/34058\/revisions\/34061"}],"wp:attachment":[{"href":"https:\/\/www.aninite.at\/en\/wp-json\/wp\/v2\/media?parent=34058"}],"curies":[{"name":"wp","href":"https:\/\/api.w.org\/{rel}","templated":true}]}}