{"id":34067,"date":"2025-07-13T21:35:10","date_gmt":"2025-07-13T19:35:10","guid":{"rendered":"https:\/\/www.aninite.at\/vortraege-workshops-vaniziva\/"},"modified":"2025-07-16T10:50:23","modified_gmt":"2025-07-16T08:50:23","slug":"vortraege-workshops-vaniziva","status":"publish","type":"page","link":"https:\/\/www.aninite.at\/en\/vortraege-workshops-vaniziva\/","title":{"rendered":"Lectures &amp; Workshops &#8211; VaniZiva"},"content":{"rendered":"\n<h2 class=\"wp-block-heading\"><em><mark style=\"background-color:rgba(0, 0, 0, 0)\" class=\"has-inline-color has-vivid-red-color\">Cosplay-Shooting-1&#215;1<\/mark><\/em><\/h2>\n\n<p><em><mark style=\"background-color:rgba(0, 0, 0, 0)\" class=\"has-inline-color has-vivid-red-color\">Saturday 3.30 &#8211; 4.30 p.m. &#8211; Room 0.32<\/mark><\/em><\/p>\n\n<p>Cosplayers learn how to prepare for a shoot. How it works and practical examples and exercises for the cosplayers. We also discuss how to work with photographers and how to achieve the desired results.  <\/p>\n\n<p><strong>Duration:<\/strong><br\/>1 hour<\/p>\n\n<p><strong>Number of participants:<\/strong><br\/>20 &#8211; <mark style=\"background-color:rgba(0, 0, 0, 0)\" class=\"has-inline-color has-luminous-vivid-amber-color\">Registration at the Infopoint<\/mark><\/p>\n\n<p><strong>Social Media:<\/strong><br\/><a href=\"https:\/\/www.instagram.com\/photography_vaniziva\/\">https:\/\/www.instagram.com\/photography_vaniziva\/<\/a><\/p>\n\n<p><\/p>\n","protected":false},"excerpt":{"rendered":"<p>Cosplay-Shooting-1&#215;1 Saturday 3.30 &#8211; 4.30 p.m. &#8211; Room 0.32 Cosplayers learn how to prepare for a shoot. How it works and practical examples and exercises for the cosplayers. We also discuss how to work with photographers and how to achieve the desired results. Duration:1 hour Number of participants:20 &#8211; Registration at the Infopoint Social Media:https:\/\/www.instagram.com\/photography_vaniziva\/<\/p>\n","protected":false},"author":13,"featured_media":0,"parent":0,"menu_order":0,"comment_status":"closed","ping_status":"closed","template":"","meta":{"inline_featured_image":false,"footnotes":""},"class_list":["post-34067","page","type-page","status-publish","hentry"],"yoast_head":"<!-- This site is optimized with the Yoast SEO plugin v27.5 - https:\/\/yoast.com\/product\/yoast-seo-wordpress\/ -->\n<title>Lectures &amp; Workshops - VaniZiva - AniNite<\/title>\n<meta name=\"robots\" content=\"index, follow, max-snippet:-1, max-image-preview:large, max-video-preview:-1\" \/>\n<link rel=\"canonical\" href=\"https:\/\/www.aninite.at\/en\/vortraege-workshops-vaniziva\/\" \/>\n<meta property=\"og:locale\" content=\"en_US\" \/>\n<meta property=\"og:type\" content=\"article\" \/>\n<meta property=\"og:title\" content=\"Lectures &amp; Workshops - VaniZiva - AniNite\" \/>\n<meta property=\"og:description\" content=\"Cosplay-Shooting-1&#215;1 Saturday 3.30 &#8211; 4.30 p.m. &#8211; Room 0.32 Cosplayers learn how to prepare for a shoot. How it works and practical examples and exercises for the cosplayers. We also discuss how to work with photographers and how to achieve the desired results. Duration:1 hour Number of participants:20 &#8211; Registration at the Infopoint Social Media:https:\/\/www.instagram.com\/photography_vaniziva\/\" \/>\n<meta property=\"og:url\" content=\"https:\/\/www.aninite.at\/en\/vortraege-workshops-vaniziva\/\" \/>\n<meta property=\"og:site_name\" content=\"AniNite\" \/>\n<meta property=\"article:publisher\" content=\"https:\/\/www.facebook.com\/AniMangaAustria\" \/>\n<meta property=\"article:modified_time\" content=\"2025-07-16T08:50:23+00:00\" \/>\n<meta property=\"og:image\" content=\"https:\/\/www.aninite.at\/wp-content\/uploads\/cropped-Icon_2025.jpg\" \/>\n\t<meta property=\"og:image:width\" content=\"512\" \/>\n\t<meta property=\"og:image:height\" content=\"512\" \/>\n\t<meta property=\"og:image:type\" content=\"image\/jpeg\" \/>\n<meta name=\"twitter:card\" content=\"summary_large_image\" \/>\n<script type=\"application\/ld+json\" class=\"yoast-schema-graph\">{\"@context\":\"https:\\\/\\\/schema.org\",\"@graph\":[{\"@type\":\"WebPage\",\"@id\":\"https:\\\/\\\/www.aninite.at\\\/en\\\/vortraege-workshops-vaniziva\\\/\",\"url\":\"https:\\\/\\\/www.aninite.at\\\/en\\\/vortraege-workshops-vaniziva\\\/\",\"name\":\"Lectures &amp; Workshops - VaniZiva - AniNite\",\"isPartOf\":{\"@id\":\"https:\\\/\\\/www.aninite.at\\\/en\\\/#website\"},\"datePublished\":\"2025-07-13T19:35:10+00:00\",\"dateModified\":\"2025-07-16T08:50:23+00:00\",\"breadcrumb\":{\"@id\":\"https:\\\/\\\/www.aninite.at\\\/en\\\/vortraege-workshops-vaniziva\\\/#breadcrumb\"},\"inLanguage\":\"en-US\",\"potentialAction\":[{\"@type\":\"ReadAction\",\"target\":[\"https:\\\/\\\/www.aninite.at\\\/en\\\/vortraege-workshops-vaniziva\\\/\"]}]},{\"@type\":\"BreadcrumbList\",\"@id\":\"https:\\\/\\\/www.aninite.at\\\/en\\\/vortraege-workshops-vaniziva\\\/#breadcrumb\",\"itemListElement\":[{\"@type\":\"ListItem\",\"position\":1,\"name\":\"Startseite\",\"item\":\"https:\\\/\\\/www.aninite.at\\\/en\\\/welcome\\\/\"},{\"@type\":\"ListItem\",\"position\":2,\"name\":\"Lectures &amp; Workshops &#8211; VaniZiva\"}]},{\"@type\":\"WebSite\",\"@id\":\"https:\\\/\\\/www.aninite.at\\\/en\\\/#website\",\"url\":\"https:\\\/\\\/www.aninite.at\\\/en\\\/\",\"name\":\"AniNite\",\"description\":\"\u00d6sterreichs gr\u00f6\u00dfte Anime-, Manga- und Comic-Convention\",\"potentialAction\":[{\"@type\":\"SearchAction\",\"target\":{\"@type\":\"EntryPoint\",\"urlTemplate\":\"https:\\\/\\\/www.aninite.at\\\/en\\\/?s={search_term_string}\"},\"query-input\":{\"@type\":\"PropertyValueSpecification\",\"valueRequired\":true,\"valueName\":\"search_term_string\"}}],\"inLanguage\":\"en-US\"}]}<\/script>\n<!-- \/ Yoast SEO plugin. -->","yoast_head_json":{"title":"Lectures &amp; Workshops - VaniZiva - AniNite","robots":{"index":"index","follow":"follow","max-snippet":"max-snippet:-1","max-image-preview":"max-image-preview:large","max-video-preview":"max-video-preview:-1"},"canonical":"https:\/\/www.aninite.at\/en\/vortraege-workshops-vaniziva\/","og_locale":"en_US","og_type":"article","og_title":"Lectures &amp; Workshops - VaniZiva - AniNite","og_description":"Cosplay-Shooting-1&#215;1 Saturday 3.30 &#8211; 4.30 p.m. &#8211; Room 0.32 Cosplayers learn how to prepare for a shoot. How it works and practical examples and exercises for the cosplayers. We also discuss how to work with photographers and how to achieve the desired results. Duration:1 hour Number of participants:20 &#8211; Registration at the Infopoint Social Media:https:\/\/www.instagram.com\/photography_vaniziva\/","og_url":"https:\/\/www.aninite.at\/en\/vortraege-workshops-vaniziva\/","og_site_name":"AniNite","article_publisher":"https:\/\/www.facebook.com\/AniMangaAustria","article_modified_time":"2025-07-16T08:50:23+00:00","og_image":[{"width":512,"height":512,"url":"https:\/\/www.aninite.at\/wp-content\/uploads\/cropped-Icon_2025.jpg","type":"image\/jpeg"}],"twitter_card":"summary_large_image","schema":{"@context":"https:\/\/schema.org","@graph":[{"@type":"WebPage","@id":"https:\/\/www.aninite.at\/en\/vortraege-workshops-vaniziva\/","url":"https:\/\/www.aninite.at\/en\/vortraege-workshops-vaniziva\/","name":"Lectures &amp; Workshops - VaniZiva - AniNite","isPartOf":{"@id":"https:\/\/www.aninite.at\/en\/#website"},"datePublished":"2025-07-13T19:35:10+00:00","dateModified":"2025-07-16T08:50:23+00:00","breadcrumb":{"@id":"https:\/\/www.aninite.at\/en\/vortraege-workshops-vaniziva\/#breadcrumb"},"inLanguage":"en-US","potentialAction":[{"@type":"ReadAction","target":["https:\/\/www.aninite.at\/en\/vortraege-workshops-vaniziva\/"]}]},{"@type":"BreadcrumbList","@id":"https:\/\/www.aninite.at\/en\/vortraege-workshops-vaniziva\/#breadcrumb","itemListElement":[{"@type":"ListItem","position":1,"name":"Startseite","item":"https:\/\/www.aninite.at\/en\/welcome\/"},{"@type":"ListItem","position":2,"name":"Lectures &amp; Workshops &#8211; VaniZiva"}]},{"@type":"WebSite","@id":"https:\/\/www.aninite.at\/en\/#website","url":"https:\/\/www.aninite.at\/en\/","name":"AniNite","description":"\u00d6sterreichs gr\u00f6\u00dfte Anime-, Manga- und Comic-Convention","potentialAction":[{"@type":"SearchAction","target":{"@type":"EntryPoint","urlTemplate":"https:\/\/www.aninite.at\/en\/?s={search_term_string}"},"query-input":{"@type":"PropertyValueSpecification","valueRequired":true,"valueName":"search_term_string"}}],"inLanguage":"en-US"}]}},"acf":[],"_links":{"self":[{"href":"https:\/\/www.aninite.at\/en\/wp-json\/wp\/v2\/pages\/34067","targetHints":{"allow":["GET"]}}],"collection":[{"href":"https:\/\/www.aninite.at\/en\/wp-json\/wp\/v2\/pages"}],"about":[{"href":"https:\/\/www.aninite.at\/en\/wp-json\/wp\/v2\/types\/page"}],"author":[{"embeddable":true,"href":"https:\/\/www.aninite.at\/en\/wp-json\/wp\/v2\/users\/13"}],"replies":[{"embeddable":true,"href":"https:\/\/www.aninite.at\/en\/wp-json\/wp\/v2\/comments?post=34067"}],"version-history":[{"count":1,"href":"https:\/\/www.aninite.at\/en\/wp-json\/wp\/v2\/pages\/34067\/revisions"}],"predecessor-version":[{"id":34069,"href":"https:\/\/www.aninite.at\/en\/wp-json\/wp\/v2\/pages\/34067\/revisions\/34069"}],"wp:attachment":[{"href":"https:\/\/www.aninite.at\/en\/wp-json\/wp\/v2\/media?parent=34067"}],"curies":[{"name":"wp","href":"https:\/\/api.w.org\/{rel}","templated":true}]}}