{"id":34068,"date":"2025-07-13T23:06:11","date_gmt":"2025-07-13T21:06:11","guid":{"rendered":"https:\/\/www.aninite.at\/vortraege-workshops-goro_orb\/"},"modified":"2025-07-16T10:50:19","modified_gmt":"2025-07-16T08:50:19","slug":"vortraege-workshops-goro_orb","status":"publish","type":"page","link":"https:\/\/www.aninite.at\/en\/vortraege-workshops-goro_orb\/","title":{"rendered":"Lectures &amp; Workshops &#8211; goro_orb"},"content":{"rendered":"\n<figure class=\"wp-block-image size-large is-resized\"><img loading=\"lazy\" decoding=\"async\" width=\"1024\" height=\"576\" src=\"https:\/\/www.aninite.at\/wp-content\/uploads\/\/N5ppkSU-1024x576.jpeg\" alt=\"\" class=\"wp-image-33832\" style=\"width:564px;height:auto\" srcset=\"https:\/\/www.aninite.at\/wp-content\/uploads\/N5ppkSU-1024x576.jpeg 1024w, https:\/\/www.aninite.at\/wp-content\/uploads\/N5ppkSU-300x169.jpeg 300w, https:\/\/www.aninite.at\/wp-content\/uploads\/N5ppkSU-768x432.jpeg 768w, https:\/\/www.aninite.at\/wp-content\/uploads\/N5ppkSU-1536x864.jpeg 1536w, https:\/\/www.aninite.at\/wp-content\/uploads\/N5ppkSU-2048x1152.jpeg 2048w, https:\/\/www.aninite.at\/wp-content\/uploads\/N5ppkSU-1140x641.jpeg 1140w\" sizes=\"auto, (max-width: 1024px) 100vw, 1024px\" \/><\/figure>\n\n<p><em><mark style=\"background-color:rgba(0, 0, 0, 0)\" class=\"has-inline-color has-vivid-red-color\">Sunday 14.45 &#8211; 15.45 &#8211; Room 0.31<\/mark><\/em><\/p>\n\n<p>Everyone loves boobs, but let&#8217;s be honest: drawing them can be harder than it looks. You&#8217;ll either end up with two water balloons or two sad pancakes. In this workshop, you&#8217;ll learn how to draw boobs perfectly &#8211; from shapes and proportions to coloring. With clear step-by-step explanations and practical tips, you&#8217;ll become more confident in anatomy. As a bonus, you&#8217;ll receive free, downloadable templates that you can use for your projects. Whether you&#8217;re a beginner or a pro &#8211; you&#8217;ll get the right curves on paper here!     <\/p>\n\n<p><strong>Duration:<\/strong><br\/>1 hour<\/p>\n\n<p><strong>Social media:<\/strong><br\/>twitter, instagram goro_orb<\/p>\n\n<p><\/p>\n","protected":false},"excerpt":{"rendered":"<p>Sunday 14.45 &#8211; 15.45 &#8211; Room 0.31 Everyone loves boobs, but let&#8217;s be honest: drawing them can be harder than it looks. You&#8217;ll either end up with two water balloons or two sad pancakes. In this workshop, you&#8217;ll learn how to draw boobs perfectly &#8211; from shapes and proportions to coloring. With clear step-by-step explanations and practical tips, you&#8217;ll become more confident in anatomy. As a bonus, you&#8217;ll receive free, downloadable templates that you can use for your projects. Whether you&#8217;re a beginner or a pro &#8211; you&#8217;ll get the right curves on paper here! Duration:1 hour Social media:twitter, instagram goro_orb<\/p>\n","protected":false},"author":13,"featured_media":0,"parent":0,"menu_order":0,"comment_status":"closed","ping_status":"closed","template":"","meta":{"inline_featured_image":false,"footnotes":""},"class_list":["post-34068","page","type-page","status-publish","hentry"],"yoast_head":"<!-- This site is optimized with the Yoast SEO plugin v27.5 - https:\/\/yoast.com\/product\/yoast-seo-wordpress\/ -->\n<title>Lectures &amp; Workshops - goro_orb - AniNite<\/title>\n<meta name=\"robots\" content=\"index, follow, max-snippet:-1, max-image-preview:large, max-video-preview:-1\" \/>\n<link rel=\"canonical\" href=\"https:\/\/www.aninite.at\/en\/vortraege-workshops-goro_orb\/\" \/>\n<meta property=\"og:locale\" content=\"en_US\" \/>\n<meta property=\"og:type\" content=\"article\" \/>\n<meta property=\"og:title\" content=\"Lectures &amp; Workshops - goro_orb - AniNite\" \/>\n<meta property=\"og:description\" content=\"Sunday 14.45 &#8211; 15.45 &#8211; Room 0.31 Everyone loves boobs, but let&#8217;s be honest: drawing them can be harder than it looks. You&#8217;ll either end up with two water balloons or two sad pancakes. In this workshop, you&#8217;ll learn how to draw boobs perfectly &#8211; from shapes and proportions to coloring. With clear step-by-step explanations and practical tips, you&#8217;ll become more confident in anatomy. As a bonus, you&#8217;ll receive free, downloadable templates that you can use for your projects. Whether you&#8217;re a beginner or a pro &#8211; you&#8217;ll get the right curves on paper here! Duration:1 hour Social media:twitter, instagram goro_orb\" \/>\n<meta property=\"og:url\" content=\"https:\/\/www.aninite.at\/en\/vortraege-workshops-goro_orb\/\" \/>\n<meta property=\"og:site_name\" content=\"AniNite\" \/>\n<meta property=\"article:publisher\" content=\"https:\/\/www.facebook.com\/AniMangaAustria\" \/>\n<meta property=\"article:modified_time\" content=\"2025-07-16T08:50:19+00:00\" \/>\n<meta property=\"og:image\" content=\"https:\/\/www.aninite.at\/wp-content\/uploads\/N5ppkSU-scaled.jpeg\" \/>\n\t<meta property=\"og:image:width\" content=\"2560\" \/>\n\t<meta property=\"og:image:height\" content=\"1440\" \/>\n\t<meta property=\"og:image:type\" content=\"image\/jpeg\" \/>\n<meta name=\"twitter:card\" content=\"summary_large_image\" \/>\n<meta name=\"twitter:label1\" content=\"Est. reading time\" \/>\n\t<meta name=\"twitter:data1\" content=\"1 minute\" \/>\n<script type=\"application\/ld+json\" class=\"yoast-schema-graph\">{\"@context\":\"https:\\\/\\\/schema.org\",\"@graph\":[{\"@type\":\"WebPage\",\"@id\":\"https:\\\/\\\/www.aninite.at\\\/en\\\/vortraege-workshops-goro_orb\\\/\",\"url\":\"https:\\\/\\\/www.aninite.at\\\/en\\\/vortraege-workshops-goro_orb\\\/\",\"name\":\"Lectures &amp; Workshops - goro_orb - AniNite\",\"isPartOf\":{\"@id\":\"https:\\\/\\\/www.aninite.at\\\/en\\\/#website\"},\"primaryImageOfPage\":{\"@id\":\"https:\\\/\\\/www.aninite.at\\\/en\\\/vortraege-workshops-goro_orb\\\/#primaryimage\"},\"image\":{\"@id\":\"https:\\\/\\\/www.aninite.at\\\/en\\\/vortraege-workshops-goro_orb\\\/#primaryimage\"},\"thumbnailUrl\":\"https:\\\/\\\/www.aninite.at\\\/wp-content\\\/uploads\\\/\\\/N5ppkSU-1024x576.jpeg\",\"datePublished\":\"2025-07-13T21:06:11+00:00\",\"dateModified\":\"2025-07-16T08:50:19+00:00\",\"breadcrumb\":{\"@id\":\"https:\\\/\\\/www.aninite.at\\\/en\\\/vortraege-workshops-goro_orb\\\/#breadcrumb\"},\"inLanguage\":\"en-US\",\"potentialAction\":[{\"@type\":\"ReadAction\",\"target\":[\"https:\\\/\\\/www.aninite.at\\\/en\\\/vortraege-workshops-goro_orb\\\/\"]}]},{\"@type\":\"ImageObject\",\"inLanguage\":\"en-US\",\"@id\":\"https:\\\/\\\/www.aninite.at\\\/en\\\/vortraege-workshops-goro_orb\\\/#primaryimage\",\"url\":\"https:\\\/\\\/www.aninite.at\\\/wp-content\\\/uploads\\\/\\\/N5ppkSU-1024x576.jpeg\",\"contentUrl\":\"https:\\\/\\\/www.aninite.at\\\/wp-content\\\/uploads\\\/\\\/N5ppkSU-1024x576.jpeg\"},{\"@type\":\"BreadcrumbList\",\"@id\":\"https:\\\/\\\/www.aninite.at\\\/en\\\/vortraege-workshops-goro_orb\\\/#breadcrumb\",\"itemListElement\":[{\"@type\":\"ListItem\",\"position\":1,\"name\":\"Startseite\",\"item\":\"https:\\\/\\\/www.aninite.at\\\/en\\\/welcome\\\/\"},{\"@type\":\"ListItem\",\"position\":2,\"name\":\"Lectures &amp; Workshops &#8211; goro_orb\"}]},{\"@type\":\"WebSite\",\"@id\":\"https:\\\/\\\/www.aninite.at\\\/en\\\/#website\",\"url\":\"https:\\\/\\\/www.aninite.at\\\/en\\\/\",\"name\":\"AniNite\",\"description\":\"\u00d6sterreichs gr\u00f6\u00dfte Anime-, Manga- und Comic-Convention\",\"potentialAction\":[{\"@type\":\"SearchAction\",\"target\":{\"@type\":\"EntryPoint\",\"urlTemplate\":\"https:\\\/\\\/www.aninite.at\\\/en\\\/?s={search_term_string}\"},\"query-input\":{\"@type\":\"PropertyValueSpecification\",\"valueRequired\":true,\"valueName\":\"search_term_string\"}}],\"inLanguage\":\"en-US\"}]}<\/script>\n<!-- \/ Yoast SEO plugin. -->","yoast_head_json":{"title":"Lectures &amp; Workshops - goro_orb - AniNite","robots":{"index":"index","follow":"follow","max-snippet":"max-snippet:-1","max-image-preview":"max-image-preview:large","max-video-preview":"max-video-preview:-1"},"canonical":"https:\/\/www.aninite.at\/en\/vortraege-workshops-goro_orb\/","og_locale":"en_US","og_type":"article","og_title":"Lectures &amp; Workshops - goro_orb - AniNite","og_description":"Sunday 14.45 &#8211; 15.45 &#8211; Room 0.31 Everyone loves boobs, but let&#8217;s be honest: drawing them can be harder than it looks. You&#8217;ll either end up with two water balloons or two sad pancakes. In this workshop, you&#8217;ll learn how to draw boobs perfectly &#8211; from shapes and proportions to coloring. With clear step-by-step explanations and practical tips, you&#8217;ll become more confident in anatomy. As a bonus, you&#8217;ll receive free, downloadable templates that you can use for your projects. Whether you&#8217;re a beginner or a pro &#8211; you&#8217;ll get the right curves on paper here! Duration:1 hour Social media:twitter, instagram goro_orb","og_url":"https:\/\/www.aninite.at\/en\/vortraege-workshops-goro_orb\/","og_site_name":"AniNite","article_publisher":"https:\/\/www.facebook.com\/AniMangaAustria","article_modified_time":"2025-07-16T08:50:19+00:00","og_image":[{"width":2560,"height":1440,"url":"https:\/\/www.aninite.at\/wp-content\/uploads\/N5ppkSU-scaled.jpeg","type":"image\/jpeg"}],"twitter_card":"summary_large_image","twitter_misc":{"Est. reading time":"1 minute"},"schema":{"@context":"https:\/\/schema.org","@graph":[{"@type":"WebPage","@id":"https:\/\/www.aninite.at\/en\/vortraege-workshops-goro_orb\/","url":"https:\/\/www.aninite.at\/en\/vortraege-workshops-goro_orb\/","name":"Lectures &amp; Workshops - goro_orb - AniNite","isPartOf":{"@id":"https:\/\/www.aninite.at\/en\/#website"},"primaryImageOfPage":{"@id":"https:\/\/www.aninite.at\/en\/vortraege-workshops-goro_orb\/#primaryimage"},"image":{"@id":"https:\/\/www.aninite.at\/en\/vortraege-workshops-goro_orb\/#primaryimage"},"thumbnailUrl":"https:\/\/www.aninite.at\/wp-content\/uploads\/\/N5ppkSU-1024x576.jpeg","datePublished":"2025-07-13T21:06:11+00:00","dateModified":"2025-07-16T08:50:19+00:00","breadcrumb":{"@id":"https:\/\/www.aninite.at\/en\/vortraege-workshops-goro_orb\/#breadcrumb"},"inLanguage":"en-US","potentialAction":[{"@type":"ReadAction","target":["https:\/\/www.aninite.at\/en\/vortraege-workshops-goro_orb\/"]}]},{"@type":"ImageObject","inLanguage":"en-US","@id":"https:\/\/www.aninite.at\/en\/vortraege-workshops-goro_orb\/#primaryimage","url":"https:\/\/www.aninite.at\/wp-content\/uploads\/\/N5ppkSU-1024x576.jpeg","contentUrl":"https:\/\/www.aninite.at\/wp-content\/uploads\/\/N5ppkSU-1024x576.jpeg"},{"@type":"BreadcrumbList","@id":"https:\/\/www.aninite.at\/en\/vortraege-workshops-goro_orb\/#breadcrumb","itemListElement":[{"@type":"ListItem","position":1,"name":"Startseite","item":"https:\/\/www.aninite.at\/en\/welcome\/"},{"@type":"ListItem","position":2,"name":"Lectures &amp; Workshops &#8211; goro_orb"}]},{"@type":"WebSite","@id":"https:\/\/www.aninite.at\/en\/#website","url":"https:\/\/www.aninite.at\/en\/","name":"AniNite","description":"\u00d6sterreichs gr\u00f6\u00dfte Anime-, Manga- und Comic-Convention","potentialAction":[{"@type":"SearchAction","target":{"@type":"EntryPoint","urlTemplate":"https:\/\/www.aninite.at\/en\/?s={search_term_string}"},"query-input":{"@type":"PropertyValueSpecification","valueRequired":true,"valueName":"search_term_string"}}],"inLanguage":"en-US"}]}},"acf":[],"_links":{"self":[{"href":"https:\/\/www.aninite.at\/en\/wp-json\/wp\/v2\/pages\/34068","targetHints":{"allow":["GET"]}}],"collection":[{"href":"https:\/\/www.aninite.at\/en\/wp-json\/wp\/v2\/pages"}],"about":[{"href":"https:\/\/www.aninite.at\/en\/wp-json\/wp\/v2\/types\/page"}],"author":[{"embeddable":true,"href":"https:\/\/www.aninite.at\/en\/wp-json\/wp\/v2\/users\/13"}],"replies":[{"embeddable":true,"href":"https:\/\/www.aninite.at\/en\/wp-json\/wp\/v2\/comments?post=34068"}],"version-history":[{"count":1,"href":"https:\/\/www.aninite.at\/en\/wp-json\/wp\/v2\/pages\/34068\/revisions"}],"predecessor-version":[{"id":34070,"href":"https:\/\/www.aninite.at\/en\/wp-json\/wp\/v2\/pages\/34068\/revisions\/34070"}],"wp:attachment":[{"href":"https:\/\/www.aninite.at\/en\/wp-json\/wp\/v2\/media?parent=34068"}],"curies":[{"name":"wp","href":"https:\/\/api.w.org\/{rel}","templated":true}]}}