{"id":34078,"date":"2025-07-13T21:51:34","date_gmt":"2025-07-13T19:51:34","guid":{"rendered":"https:\/\/www.aninite.at\/vortraege-workshops-gina\/"},"modified":"2025-07-19T09:12:15","modified_gmt":"2025-07-19T07:12:15","slug":"vortraege-workshops-gina","status":"publish","type":"page","link":"https:\/\/www.aninite.at\/en\/vortraege-workshops-gina\/","title":{"rendered":"Lectures &amp; Workshops &#8211; Gina"},"content":{"rendered":"\n<figure class=\"wp-block-image size-large is-resized\"><img loading=\"lazy\" decoding=\"async\" width=\"724\" height=\"1024\" src=\"https:\/\/www.aninite.at\/wp-content\/uploads\/\/cover_manga-724x1024.png\" alt=\"\" class=\"wp-image-33757\" style=\"width:228px;height:auto\" srcset=\"https:\/\/www.aninite.at\/wp-content\/uploads\/cover_manga-724x1024.png 724w, https:\/\/www.aninite.at\/wp-content\/uploads\/cover_manga-212x300.png 212w, https:\/\/www.aninite.at\/wp-content\/uploads\/cover_manga-768x1086.png 768w, https:\/\/www.aninite.at\/wp-content\/uploads\/cover_manga-1086x1536.png 1086w, https:\/\/www.aninite.at\/wp-content\/uploads\/cover_manga-1448x2048.png 1448w, https:\/\/www.aninite.at\/wp-content\/uploads\/cover_manga-1140x1612.png 1140w, https:\/\/www.aninite.at\/wp-content\/uploads\/cover_manga-scaled.png 1810w\" sizes=\"auto, (max-width: 724px) 100vw, 724px\" \/><\/figure>\n\n<h2 class=\"wp-block-heading\"><mark style=\"background-color:rgba(0, 0, 0, 0)\" class=\"has-inline-color has-vivid-red-color\"><em>Develop manga pages<\/em><\/mark><\/h2>\n\n<p><em><mark style=\"background-color:rgba(0, 0, 0, 0)\" class=\"has-inline-color has-vivid-red-color\">Friday 11.00 &#8211; 12.00 &#8211; Room 0.31<\/mark><\/em><\/p>\n\n<p>Manga pages can be structured very differently and can be drawn with a wide variety of materials. This lecture gives a brief insight into the design of manga pages and the development of a suitable story and storyboard. Materials that can be used for drawing will be presented. In addition, there will be an overview of the division of panels, the use of perspectives, facial expressions and sound effects.   <\/p>\n\n<p><strong>Duration:<\/strong><br\/>1 hour<\/p>\n\n<p><strong>Social Media:<\/strong><br\/><a href=\"https:\/\/www.instagram.com\/0gina_0\/\" target=\"_blank\" rel=\"noreferrer noopener\">https:\/\/www.instagram.com\/0gina_0\/<\/a><\/p>\n\n<figure class=\"wp-block-gallery has-nested-images columns-default is-cropped wp-block-gallery-1 is-layout-flex wp-block-gallery-is-layout-flex\">\n<figure class=\"wp-block-image size-large\"><img loading=\"lazy\" decoding=\"async\" width=\"1024\" height=\"724\" data-id=\"33769\" src=\"https:\/\/www.aninite.at\/wp-content\/uploads\/\/vortrag1-1024x724.png\" alt=\"\" class=\"wp-image-33769\" srcset=\"https:\/\/www.aninite.at\/wp-content\/uploads\/vortrag1-1024x724.png 1024w, https:\/\/www.aninite.at\/wp-content\/uploads\/vortrag1-300x212.png 300w, https:\/\/www.aninite.at\/wp-content\/uploads\/vortrag1-768x543.png 768w, https:\/\/www.aninite.at\/wp-content\/uploads\/vortrag1-1536x1086.png 1536w, https:\/\/www.aninite.at\/wp-content\/uploads\/vortrag1-2048x1448.png 2048w, https:\/\/www.aninite.at\/wp-content\/uploads\/vortrag1-1140x806.png 1140w\" sizes=\"auto, (max-width: 1024px) 100vw, 1024px\" \/><\/figure>\n\n\n\n<figure class=\"wp-block-image size-large\"><img loading=\"lazy\" decoding=\"async\" width=\"1024\" height=\"724\" data-id=\"33763\" src=\"https:\/\/www.aninite.at\/wp-content\/uploads\/\/vortrag3-1024x724.png\" alt=\"\" class=\"wp-image-33763\" srcset=\"https:\/\/www.aninite.at\/wp-content\/uploads\/vortrag3-1024x724.png 1024w, https:\/\/www.aninite.at\/wp-content\/uploads\/vortrag3-300x212.png 300w, https:\/\/www.aninite.at\/wp-content\/uploads\/vortrag3-768x543.png 768w, https:\/\/www.aninite.at\/wp-content\/uploads\/vortrag3-1536x1086.png 1536w, https:\/\/www.aninite.at\/wp-content\/uploads\/vortrag3-2048x1448.png 2048w, https:\/\/www.aninite.at\/wp-content\/uploads\/vortrag3-1140x806.png 1140w\" sizes=\"auto, (max-width: 1024px) 100vw, 1024px\" \/><\/figure>\n\n\n\n<figure class=\"wp-block-image size-large\"><img loading=\"lazy\" decoding=\"async\" width=\"1024\" height=\"724\" data-id=\"33760\" src=\"https:\/\/www.aninite.at\/wp-content\/uploads\/\/vortrag2-1024x724.png\" alt=\"\" class=\"wp-image-33760\" srcset=\"https:\/\/www.aninite.at\/wp-content\/uploads\/vortrag2-1024x724.png 1024w, https:\/\/www.aninite.at\/wp-content\/uploads\/vortrag2-300x212.png 300w, https:\/\/www.aninite.at\/wp-content\/uploads\/vortrag2-768x543.png 768w, https:\/\/www.aninite.at\/wp-content\/uploads\/vortrag2-1536x1086.png 1536w, https:\/\/www.aninite.at\/wp-content\/uploads\/vortrag2-2048x1448.png 2048w, https:\/\/www.aninite.at\/wp-content\/uploads\/vortrag2-1140x806.png 1140w\" sizes=\"auto, (max-width: 1024px) 100vw, 1024px\" \/><\/figure>\n<\/figure>\n","protected":false},"excerpt":{"rendered":"<p>Develop manga pages Friday 11.00 &#8211; 12.00 &#8211; Room 0.31 Manga pages can be structured very differently and can be drawn with a wide variety of materials. This lecture gives a brief insight into the design of manga pages and the development of a suitable story and storyboard. Materials that can be used for drawing will be presented. In addition, there will be an overview of the division of panels, the use of perspectives, facial expressions and sound effects. Duration:1 hour Social Media:https:\/\/www.instagram.com\/0gina_0\/<\/p>\n","protected":false},"author":13,"featured_media":0,"parent":0,"menu_order":0,"comment_status":"closed","ping_status":"closed","template":"","meta":{"inline_featured_image":false,"footnotes":""},"class_list":["post-34078","page","type-page","status-publish","hentry"],"yoast_head":"<!-- This site is optimized with the Yoast SEO plugin v27.5 - https:\/\/yoast.com\/product\/yoast-seo-wordpress\/ -->\n<title>Lectures &amp; Workshops - Gina - AniNite<\/title>\n<meta name=\"robots\" content=\"index, follow, max-snippet:-1, max-image-preview:large, max-video-preview:-1\" \/>\n<link rel=\"canonical\" href=\"https:\/\/www.aninite.at\/en\/vortraege-workshops-gina\/\" \/>\n<meta property=\"og:locale\" content=\"en_US\" \/>\n<meta property=\"og:type\" content=\"article\" \/>\n<meta property=\"og:title\" content=\"Lectures &amp; Workshops - Gina - AniNite\" \/>\n<meta property=\"og:description\" content=\"Develop manga pages Friday 11.00 &#8211; 12.00 &#8211; Room 0.31 Manga pages can be structured very differently and can be drawn with a wide variety of materials. This lecture gives a brief insight into the design of manga pages and the development of a suitable story and storyboard. Materials that can be used for drawing will be presented. In addition, there will be an overview of the division of panels, the use of perspectives, facial expressions and sound effects. Duration:1 hour Social Media:https:\/\/www.instagram.com\/0gina_0\/\" \/>\n<meta property=\"og:url\" content=\"https:\/\/www.aninite.at\/en\/vortraege-workshops-gina\/\" \/>\n<meta property=\"og:site_name\" content=\"AniNite\" \/>\n<meta property=\"article:publisher\" content=\"https:\/\/www.facebook.com\/AniMangaAustria\" \/>\n<meta property=\"article:modified_time\" content=\"2025-07-19T07:12:15+00:00\" \/>\n<meta property=\"og:image\" content=\"https:\/\/www.aninite.at\/wp-content\/uploads\/cover_manga-scaled.png\" \/>\n\t<meta property=\"og:image:width\" content=\"1810\" \/>\n\t<meta property=\"og:image:height\" content=\"2560\" \/>\n\t<meta property=\"og:image:type\" content=\"image\/png\" \/>\n<meta name=\"twitter:card\" content=\"summary_large_image\" \/>\n<script type=\"application\/ld+json\" class=\"yoast-schema-graph\">{\"@context\":\"https:\\\/\\\/schema.org\",\"@graph\":[{\"@type\":\"WebPage\",\"@id\":\"https:\\\/\\\/www.aninite.at\\\/en\\\/vortraege-workshops-gina\\\/\",\"url\":\"https:\\\/\\\/www.aninite.at\\\/en\\\/vortraege-workshops-gina\\\/\",\"name\":\"Lectures &amp; Workshops - Gina - AniNite\",\"isPartOf\":{\"@id\":\"https:\\\/\\\/www.aninite.at\\\/en\\\/#website\"},\"primaryImageOfPage\":{\"@id\":\"https:\\\/\\\/www.aninite.at\\\/en\\\/vortraege-workshops-gina\\\/#primaryimage\"},\"image\":{\"@id\":\"https:\\\/\\\/www.aninite.at\\\/en\\\/vortraege-workshops-gina\\\/#primaryimage\"},\"thumbnailUrl\":\"https:\\\/\\\/www.aninite.at\\\/wp-content\\\/uploads\\\/\\\/cover_manga-724x1024.png\",\"datePublished\":\"2025-07-13T19:51:34+00:00\",\"dateModified\":\"2025-07-19T07:12:15+00:00\",\"breadcrumb\":{\"@id\":\"https:\\\/\\\/www.aninite.at\\\/en\\\/vortraege-workshops-gina\\\/#breadcrumb\"},\"inLanguage\":\"en-US\",\"potentialAction\":[{\"@type\":\"ReadAction\",\"target\":[\"https:\\\/\\\/www.aninite.at\\\/en\\\/vortraege-workshops-gina\\\/\"]}]},{\"@type\":\"ImageObject\",\"inLanguage\":\"en-US\",\"@id\":\"https:\\\/\\\/www.aninite.at\\\/en\\\/vortraege-workshops-gina\\\/#primaryimage\",\"url\":\"https:\\\/\\\/www.aninite.at\\\/wp-content\\\/uploads\\\/\\\/cover_manga-724x1024.png\",\"contentUrl\":\"https:\\\/\\\/www.aninite.at\\\/wp-content\\\/uploads\\\/\\\/cover_manga-724x1024.png\"},{\"@type\":\"BreadcrumbList\",\"@id\":\"https:\\\/\\\/www.aninite.at\\\/en\\\/vortraege-workshops-gina\\\/#breadcrumb\",\"itemListElement\":[{\"@type\":\"ListItem\",\"position\":1,\"name\":\"Startseite\",\"item\":\"https:\\\/\\\/www.aninite.at\\\/en\\\/welcome\\\/\"},{\"@type\":\"ListItem\",\"position\":2,\"name\":\"Lectures &amp; Workshops - Gina\"}]},{\"@type\":\"WebSite\",\"@id\":\"https:\\\/\\\/www.aninite.at\\\/en\\\/#website\",\"url\":\"https:\\\/\\\/www.aninite.at\\\/en\\\/\",\"name\":\"AniNite\",\"description\":\"\u00d6sterreichs gr\u00f6\u00dfte Anime-, Manga- und Comic-Convention\",\"potentialAction\":[{\"@type\":\"SearchAction\",\"target\":{\"@type\":\"EntryPoint\",\"urlTemplate\":\"https:\\\/\\\/www.aninite.at\\\/en\\\/?s={search_term_string}\"},\"query-input\":{\"@type\":\"PropertyValueSpecification\",\"valueRequired\":true,\"valueName\":\"search_term_string\"}}],\"inLanguage\":\"en-US\"}]}<\/script>\n<!-- \/ Yoast SEO plugin. -->","yoast_head_json":{"title":"Lectures &amp; Workshops - Gina - AniNite","robots":{"index":"index","follow":"follow","max-snippet":"max-snippet:-1","max-image-preview":"max-image-preview:large","max-video-preview":"max-video-preview:-1"},"canonical":"https:\/\/www.aninite.at\/en\/vortraege-workshops-gina\/","og_locale":"en_US","og_type":"article","og_title":"Lectures &amp; Workshops - Gina - AniNite","og_description":"Develop manga pages Friday 11.00 &#8211; 12.00 &#8211; Room 0.31 Manga pages can be structured very differently and can be drawn with a wide variety of materials. This lecture gives a brief insight into the design of manga pages and the development of a suitable story and storyboard. Materials that can be used for drawing will be presented. In addition, there will be an overview of the division of panels, the use of perspectives, facial expressions and sound effects. Duration:1 hour Social Media:https:\/\/www.instagram.com\/0gina_0\/","og_url":"https:\/\/www.aninite.at\/en\/vortraege-workshops-gina\/","og_site_name":"AniNite","article_publisher":"https:\/\/www.facebook.com\/AniMangaAustria","article_modified_time":"2025-07-19T07:12:15+00:00","og_image":[{"width":1810,"height":2560,"url":"https:\/\/www.aninite.at\/wp-content\/uploads\/cover_manga-scaled.png","type":"image\/png"}],"twitter_card":"summary_large_image","schema":{"@context":"https:\/\/schema.org","@graph":[{"@type":"WebPage","@id":"https:\/\/www.aninite.at\/en\/vortraege-workshops-gina\/","url":"https:\/\/www.aninite.at\/en\/vortraege-workshops-gina\/","name":"Lectures &amp; Workshops - Gina - AniNite","isPartOf":{"@id":"https:\/\/www.aninite.at\/en\/#website"},"primaryImageOfPage":{"@id":"https:\/\/www.aninite.at\/en\/vortraege-workshops-gina\/#primaryimage"},"image":{"@id":"https:\/\/www.aninite.at\/en\/vortraege-workshops-gina\/#primaryimage"},"thumbnailUrl":"https:\/\/www.aninite.at\/wp-content\/uploads\/\/cover_manga-724x1024.png","datePublished":"2025-07-13T19:51:34+00:00","dateModified":"2025-07-19T07:12:15+00:00","breadcrumb":{"@id":"https:\/\/www.aninite.at\/en\/vortraege-workshops-gina\/#breadcrumb"},"inLanguage":"en-US","potentialAction":[{"@type":"ReadAction","target":["https:\/\/www.aninite.at\/en\/vortraege-workshops-gina\/"]}]},{"@type":"ImageObject","inLanguage":"en-US","@id":"https:\/\/www.aninite.at\/en\/vortraege-workshops-gina\/#primaryimage","url":"https:\/\/www.aninite.at\/wp-content\/uploads\/\/cover_manga-724x1024.png","contentUrl":"https:\/\/www.aninite.at\/wp-content\/uploads\/\/cover_manga-724x1024.png"},{"@type":"BreadcrumbList","@id":"https:\/\/www.aninite.at\/en\/vortraege-workshops-gina\/#breadcrumb","itemListElement":[{"@type":"ListItem","position":1,"name":"Startseite","item":"https:\/\/www.aninite.at\/en\/welcome\/"},{"@type":"ListItem","position":2,"name":"Lectures &amp; Workshops - Gina"}]},{"@type":"WebSite","@id":"https:\/\/www.aninite.at\/en\/#website","url":"https:\/\/www.aninite.at\/en\/","name":"AniNite","description":"\u00d6sterreichs gr\u00f6\u00dfte Anime-, Manga- und Comic-Convention","potentialAction":[{"@type":"SearchAction","target":{"@type":"EntryPoint","urlTemplate":"https:\/\/www.aninite.at\/en\/?s={search_term_string}"},"query-input":{"@type":"PropertyValueSpecification","valueRequired":true,"valueName":"search_term_string"}}],"inLanguage":"en-US"}]}},"acf":[],"_links":{"self":[{"href":"https:\/\/www.aninite.at\/en\/wp-json\/wp\/v2\/pages\/34078","targetHints":{"allow":["GET"]}}],"collection":[{"href":"https:\/\/www.aninite.at\/en\/wp-json\/wp\/v2\/pages"}],"about":[{"href":"https:\/\/www.aninite.at\/en\/wp-json\/wp\/v2\/types\/page"}],"author":[{"embeddable":true,"href":"https:\/\/www.aninite.at\/en\/wp-json\/wp\/v2\/users\/13"}],"replies":[{"embeddable":true,"href":"https:\/\/www.aninite.at\/en\/wp-json\/wp\/v2\/comments?post=34078"}],"version-history":[{"count":2,"href":"https:\/\/www.aninite.at\/en\/wp-json\/wp\/v2\/pages\/34078\/revisions"}],"predecessor-version":[{"id":34238,"href":"https:\/\/www.aninite.at\/en\/wp-json\/wp\/v2\/pages\/34078\/revisions\/34238"}],"wp:attachment":[{"href":"https:\/\/www.aninite.at\/en\/wp-json\/wp\/v2\/media?parent=34078"}],"curies":[{"name":"wp","href":"https:\/\/api.w.org\/{rel}","templated":true}]}}