{"id":34151,"date":"2025-07-13T21:15:53","date_gmt":"2025-07-13T19:15:53","guid":{"rendered":"https:\/\/www.aninite.at\/vortraege-workshops-photolisteners\/"},"modified":"2025-07-16T10:55:47","modified_gmt":"2025-07-16T08:55:47","slug":"vortraege-workshops-photolisteners","status":"publish","type":"page","link":"https:\/\/www.aninite.at\/en\/vortraege-workshops-photolisteners\/","title":{"rendered":"Lectures &amp; Workshops &#8211; Photolisteners"},"content":{"rendered":"\n<figure class=\"wp-block-image size-large\"><img loading=\"lazy\" decoding=\"async\" width=\"1024\" height=\"307\" src=\"https:\/\/www.aninite.at\/wp-content\/uploads\/\/PHO_BAN_001_Banner-Cosplay-Fotografie-Workshop_3000x900-1024x307.jpg\" alt=\"\" class=\"wp-image-33739\" srcset=\"https:\/\/www.aninite.at\/wp-content\/uploads\/PHO_BAN_001_Banner-Cosplay-Fotografie-Workshop_3000x900-1024x307.jpg 1024w, https:\/\/www.aninite.at\/wp-content\/uploads\/PHO_BAN_001_Banner-Cosplay-Fotografie-Workshop_3000x900-300x90.jpg 300w, https:\/\/www.aninite.at\/wp-content\/uploads\/PHO_BAN_001_Banner-Cosplay-Fotografie-Workshop_3000x900-768x230.jpg 768w, https:\/\/www.aninite.at\/wp-content\/uploads\/PHO_BAN_001_Banner-Cosplay-Fotografie-Workshop_3000x900-1536x461.jpg 1536w, https:\/\/www.aninite.at\/wp-content\/uploads\/PHO_BAN_001_Banner-Cosplay-Fotografie-Workshop_3000x900-2048x614.jpg 2048w, https:\/\/www.aninite.at\/wp-content\/uploads\/PHO_BAN_001_Banner-Cosplay-Fotografie-Workshop_3000x900-1140x342.jpg 1140w\" sizes=\"auto, (max-width: 1024px) 100vw, 1024px\" \/><\/figure>\n\n<p><em><mark style=\"background-color:rgba(0, 0, 0, 0)\" class=\"has-inline-color has-vivid-red-color\">Saturday 11.45 &#8211; 12.45 &#8211; Room 0.31<\/mark><\/em><\/p>\n\n<p>In the lecture &#8220;Cosplay photography: From the idea to the masterpiece&#8221;, photographers and cosplayers can deepen their skills in cosplay photography in a one-hour session. Led by Photolisteners, the lecture will be divided into three phases: Pre Production, Production and Post Production, and we will look at the details in each of these phases. Pre-production will cover communication and preparation. The production phase covers location scouting, setup (camera and lighting), posing guidelines and the creative use of props. Finally, post production covers the selection, editing and sharing of images. The talk provides a comprehensive introduction and inspires photographers and cosplayers alike to master their cosplay photography skills.     <\/p>\n\n<p><strong>Target group: <\/strong><br\/>Photographers and cosplayers who want to improve their cosplay photography skills.<\/p>\n\n<p><strong>Language:<\/strong><br\/>German<\/p>\n\n<p><strong>Duration:<\/strong><br\/>1 hour<\/p>\n\n<p><strong>Participation fees:<\/strong><br\/>none<\/p>\n\n<p><strong>Social Media:<\/strong><br\/><a href=\"https:\/\/www.instagram.com\/photolisteners\/\">https:\/\/www.instagram.com\/photolisteners\/<\/a><\/p>\n\n<figure class=\"wp-block-image size-large\"><img loading=\"lazy\" decoding=\"async\" width=\"1024\" height=\"1024\" src=\"https:\/\/www.aninite.at\/wp-content\/uploads\/\/PHO_POS_001_Poster-Cosplay-Fotografie-Workshop_1500x1500-1024x1024.jpg\" alt=\"\" class=\"wp-image-33736\" srcset=\"https:\/\/www.aninite.at\/wp-content\/uploads\/PHO_POS_001_Poster-Cosplay-Fotografie-Workshop_1500x1500-1024x1024.jpg 1024w, https:\/\/www.aninite.at\/wp-content\/uploads\/PHO_POS_001_Poster-Cosplay-Fotografie-Workshop_1500x1500-300x300.jpg 300w, https:\/\/www.aninite.at\/wp-content\/uploads\/PHO_POS_001_Poster-Cosplay-Fotografie-Workshop_1500x1500-150x150.jpg 150w, https:\/\/www.aninite.at\/wp-content\/uploads\/PHO_POS_001_Poster-Cosplay-Fotografie-Workshop_1500x1500-768x768.jpg 768w, https:\/\/www.aninite.at\/wp-content\/uploads\/PHO_POS_001_Poster-Cosplay-Fotografie-Workshop_1500x1500-1140x1140.jpg 1140w, https:\/\/www.aninite.at\/wp-content\/uploads\/PHO_POS_001_Poster-Cosplay-Fotografie-Workshop_1500x1500-75x75.jpg 75w, https:\/\/www.aninite.at\/wp-content\/uploads\/PHO_POS_001_Poster-Cosplay-Fotografie-Workshop_1500x1500.jpg 1500w\" sizes=\"auto, (max-width: 1024px) 100vw, 1024px\" \/><\/figure>\n","protected":false},"excerpt":{"rendered":"<p>Saturday 11.45 &#8211; 12.45 &#8211; Room 0.31 In the lecture &#8220;Cosplay photography: From the idea to the masterpiece&#8221;, photographers and cosplayers can deepen their skills in cosplay photography in a one-hour session. Led by Photolisteners, the lecture will be divided into three phases: Pre Production, Production and Post Production, and we will look at the details in each of these phases. Pre-production will cover communication and preparation. The production phase covers location scouting, setup (camera and lighting), posing guidelines and the creative use of props. Finally, post production covers the selection, editing and sharing of images. The talk provides a comprehensive introduction and inspires photographers and cosplayers alike to master their cosplay photography skills. Target group: Photographers and cosplayers who want to improve their cosplay photography skills. Language:German Duration:1 hour Participation fees:none Social Media:https:\/\/www.instagram.com\/photolisteners\/<\/p>\n","protected":false},"author":13,"featured_media":0,"parent":0,"menu_order":0,"comment_status":"closed","ping_status":"closed","template":"","meta":{"inline_featured_image":false,"footnotes":""},"class_list":["post-34151","page","type-page","status-publish","hentry"],"yoast_head":"<!-- This site is optimized with the Yoast SEO plugin v27.5 - https:\/\/yoast.com\/product\/yoast-seo-wordpress\/ -->\n<title>Lectures &amp; Workshops - Photolisteners - AniNite<\/title>\n<meta name=\"robots\" content=\"index, follow, max-snippet:-1, max-image-preview:large, max-video-preview:-1\" \/>\n<link rel=\"canonical\" href=\"https:\/\/www.aninite.at\/en\/vortraege-workshops-photolisteners\/\" \/>\n<meta property=\"og:locale\" content=\"en_US\" \/>\n<meta property=\"og:type\" content=\"article\" \/>\n<meta property=\"og:title\" content=\"Lectures &amp; Workshops - Photolisteners - AniNite\" \/>\n<meta property=\"og:description\" content=\"Saturday 11.45 &#8211; 12.45 &#8211; Room 0.31 In the lecture &#8220;Cosplay photography: From the idea to the masterpiece&#8221;, photographers and cosplayers can deepen their skills in cosplay photography in a one-hour session. Led by Photolisteners, the lecture will be divided into three phases: Pre Production, Production and Post Production, and we will look at the details in each of these phases. Pre-production will cover communication and preparation. The production phase covers location scouting, setup (camera and lighting), posing guidelines and the creative use of props. Finally, post production covers the selection, editing and sharing of images. The talk provides a comprehensive introduction and inspires photographers and cosplayers alike to master their cosplay photography skills. Target group: Photographers and cosplayers who want to improve their cosplay photography skills. Language:German Duration:1 hour Participation fees:none Social Media:https:\/\/www.instagram.com\/photolisteners\/\" \/>\n<meta property=\"og:url\" content=\"https:\/\/www.aninite.at\/en\/vortraege-workshops-photolisteners\/\" \/>\n<meta property=\"og:site_name\" content=\"AniNite\" \/>\n<meta property=\"article:publisher\" content=\"https:\/\/www.facebook.com\/AniMangaAustria\" \/>\n<meta property=\"article:modified_time\" content=\"2025-07-16T08:55:47+00:00\" \/>\n<meta property=\"og:image\" content=\"https:\/\/www.aninite.at\/wp-content\/uploads\/PHO_BAN_001_Banner-Cosplay-Fotografie-Workshop_3000x900-scaled.jpg\" \/>\n\t<meta property=\"og:image:width\" content=\"2560\" \/>\n\t<meta property=\"og:image:height\" content=\"768\" \/>\n\t<meta property=\"og:image:type\" content=\"image\/jpeg\" \/>\n<meta name=\"twitter:card\" content=\"summary_large_image\" \/>\n<meta name=\"twitter:label1\" content=\"Est. reading time\" \/>\n\t<meta name=\"twitter:data1\" content=\"1 minute\" \/>\n<script type=\"application\/ld+json\" class=\"yoast-schema-graph\">{\"@context\":\"https:\\\/\\\/schema.org\",\"@graph\":[{\"@type\":\"WebPage\",\"@id\":\"https:\\\/\\\/www.aninite.at\\\/en\\\/vortraege-workshops-photolisteners\\\/\",\"url\":\"https:\\\/\\\/www.aninite.at\\\/en\\\/vortraege-workshops-photolisteners\\\/\",\"name\":\"Lectures &amp; Workshops - Photolisteners - AniNite\",\"isPartOf\":{\"@id\":\"https:\\\/\\\/www.aninite.at\\\/en\\\/#website\"},\"primaryImageOfPage\":{\"@id\":\"https:\\\/\\\/www.aninite.at\\\/en\\\/vortraege-workshops-photolisteners\\\/#primaryimage\"},\"image\":{\"@id\":\"https:\\\/\\\/www.aninite.at\\\/en\\\/vortraege-workshops-photolisteners\\\/#primaryimage\"},\"thumbnailUrl\":\"https:\\\/\\\/www.aninite.at\\\/wp-content\\\/uploads\\\/\\\/PHO_BAN_001_Banner-Cosplay-Fotografie-Workshop_3000x900-1024x307.jpg\",\"datePublished\":\"2025-07-13T19:15:53+00:00\",\"dateModified\":\"2025-07-16T08:55:47+00:00\",\"breadcrumb\":{\"@id\":\"https:\\\/\\\/www.aninite.at\\\/en\\\/vortraege-workshops-photolisteners\\\/#breadcrumb\"},\"inLanguage\":\"en-US\",\"potentialAction\":[{\"@type\":\"ReadAction\",\"target\":[\"https:\\\/\\\/www.aninite.at\\\/en\\\/vortraege-workshops-photolisteners\\\/\"]}]},{\"@type\":\"ImageObject\",\"inLanguage\":\"en-US\",\"@id\":\"https:\\\/\\\/www.aninite.at\\\/en\\\/vortraege-workshops-photolisteners\\\/#primaryimage\",\"url\":\"https:\\\/\\\/www.aninite.at\\\/wp-content\\\/uploads\\\/\\\/PHO_BAN_001_Banner-Cosplay-Fotografie-Workshop_3000x900-1024x307.jpg\",\"contentUrl\":\"https:\\\/\\\/www.aninite.at\\\/wp-content\\\/uploads\\\/\\\/PHO_BAN_001_Banner-Cosplay-Fotografie-Workshop_3000x900-1024x307.jpg\"},{\"@type\":\"BreadcrumbList\",\"@id\":\"https:\\\/\\\/www.aninite.at\\\/en\\\/vortraege-workshops-photolisteners\\\/#breadcrumb\",\"itemListElement\":[{\"@type\":\"ListItem\",\"position\":1,\"name\":\"Startseite\",\"item\":\"https:\\\/\\\/www.aninite.at\\\/en\\\/welcome\\\/\"},{\"@type\":\"ListItem\",\"position\":2,\"name\":\"Lectures &amp; Workshops - Photolisteners\"}]},{\"@type\":\"WebSite\",\"@id\":\"https:\\\/\\\/www.aninite.at\\\/en\\\/#website\",\"url\":\"https:\\\/\\\/www.aninite.at\\\/en\\\/\",\"name\":\"AniNite\",\"description\":\"\u00d6sterreichs gr\u00f6\u00dfte Anime-, Manga- und Comic-Convention\",\"potentialAction\":[{\"@type\":\"SearchAction\",\"target\":{\"@type\":\"EntryPoint\",\"urlTemplate\":\"https:\\\/\\\/www.aninite.at\\\/en\\\/?s={search_term_string}\"},\"query-input\":{\"@type\":\"PropertyValueSpecification\",\"valueRequired\":true,\"valueName\":\"search_term_string\"}}],\"inLanguage\":\"en-US\"}]}<\/script>\n<!-- \/ Yoast SEO plugin. -->","yoast_head_json":{"title":"Lectures &amp; Workshops - Photolisteners - AniNite","robots":{"index":"index","follow":"follow","max-snippet":"max-snippet:-1","max-image-preview":"max-image-preview:large","max-video-preview":"max-video-preview:-1"},"canonical":"https:\/\/www.aninite.at\/en\/vortraege-workshops-photolisteners\/","og_locale":"en_US","og_type":"article","og_title":"Lectures &amp; Workshops - Photolisteners - AniNite","og_description":"Saturday 11.45 &#8211; 12.45 &#8211; Room 0.31 In the lecture &#8220;Cosplay photography: From the idea to the masterpiece&#8221;, photographers and cosplayers can deepen their skills in cosplay photography in a one-hour session. Led by Photolisteners, the lecture will be divided into three phases: Pre Production, Production and Post Production, and we will look at the details in each of these phases. Pre-production will cover communication and preparation. The production phase covers location scouting, setup (camera and lighting), posing guidelines and the creative use of props. Finally, post production covers the selection, editing and sharing of images. The talk provides a comprehensive introduction and inspires photographers and cosplayers alike to master their cosplay photography skills. Target group: Photographers and cosplayers who want to improve their cosplay photography skills. Language:German Duration:1 hour Participation fees:none Social Media:https:\/\/www.instagram.com\/photolisteners\/","og_url":"https:\/\/www.aninite.at\/en\/vortraege-workshops-photolisteners\/","og_site_name":"AniNite","article_publisher":"https:\/\/www.facebook.com\/AniMangaAustria","article_modified_time":"2025-07-16T08:55:47+00:00","og_image":[{"width":2560,"height":768,"url":"https:\/\/www.aninite.at\/wp-content\/uploads\/PHO_BAN_001_Banner-Cosplay-Fotografie-Workshop_3000x900-scaled.jpg","type":"image\/jpeg"}],"twitter_card":"summary_large_image","twitter_misc":{"Est. reading time":"1 minute"},"schema":{"@context":"https:\/\/schema.org","@graph":[{"@type":"WebPage","@id":"https:\/\/www.aninite.at\/en\/vortraege-workshops-photolisteners\/","url":"https:\/\/www.aninite.at\/en\/vortraege-workshops-photolisteners\/","name":"Lectures &amp; Workshops - Photolisteners - AniNite","isPartOf":{"@id":"https:\/\/www.aninite.at\/en\/#website"},"primaryImageOfPage":{"@id":"https:\/\/www.aninite.at\/en\/vortraege-workshops-photolisteners\/#primaryimage"},"image":{"@id":"https:\/\/www.aninite.at\/en\/vortraege-workshops-photolisteners\/#primaryimage"},"thumbnailUrl":"https:\/\/www.aninite.at\/wp-content\/uploads\/\/PHO_BAN_001_Banner-Cosplay-Fotografie-Workshop_3000x900-1024x307.jpg","datePublished":"2025-07-13T19:15:53+00:00","dateModified":"2025-07-16T08:55:47+00:00","breadcrumb":{"@id":"https:\/\/www.aninite.at\/en\/vortraege-workshops-photolisteners\/#breadcrumb"},"inLanguage":"en-US","potentialAction":[{"@type":"ReadAction","target":["https:\/\/www.aninite.at\/en\/vortraege-workshops-photolisteners\/"]}]},{"@type":"ImageObject","inLanguage":"en-US","@id":"https:\/\/www.aninite.at\/en\/vortraege-workshops-photolisteners\/#primaryimage","url":"https:\/\/www.aninite.at\/wp-content\/uploads\/\/PHO_BAN_001_Banner-Cosplay-Fotografie-Workshop_3000x900-1024x307.jpg","contentUrl":"https:\/\/www.aninite.at\/wp-content\/uploads\/\/PHO_BAN_001_Banner-Cosplay-Fotografie-Workshop_3000x900-1024x307.jpg"},{"@type":"BreadcrumbList","@id":"https:\/\/www.aninite.at\/en\/vortraege-workshops-photolisteners\/#breadcrumb","itemListElement":[{"@type":"ListItem","position":1,"name":"Startseite","item":"https:\/\/www.aninite.at\/en\/welcome\/"},{"@type":"ListItem","position":2,"name":"Lectures &amp; Workshops - Photolisteners"}]},{"@type":"WebSite","@id":"https:\/\/www.aninite.at\/en\/#website","url":"https:\/\/www.aninite.at\/en\/","name":"AniNite","description":"\u00d6sterreichs gr\u00f6\u00dfte Anime-, Manga- und Comic-Convention","potentialAction":[{"@type":"SearchAction","target":{"@type":"EntryPoint","urlTemplate":"https:\/\/www.aninite.at\/en\/?s={search_term_string}"},"query-input":{"@type":"PropertyValueSpecification","valueRequired":true,"valueName":"search_term_string"}}],"inLanguage":"en-US"}]}},"acf":[],"_links":{"self":[{"href":"https:\/\/www.aninite.at\/en\/wp-json\/wp\/v2\/pages\/34151","targetHints":{"allow":["GET"]}}],"collection":[{"href":"https:\/\/www.aninite.at\/en\/wp-json\/wp\/v2\/pages"}],"about":[{"href":"https:\/\/www.aninite.at\/en\/wp-json\/wp\/v2\/types\/page"}],"author":[{"embeddable":true,"href":"https:\/\/www.aninite.at\/en\/wp-json\/wp\/v2\/users\/13"}],"replies":[{"embeddable":true,"href":"https:\/\/www.aninite.at\/en\/wp-json\/wp\/v2\/comments?post=34151"}],"version-history":[{"count":1,"href":"https:\/\/www.aninite.at\/en\/wp-json\/wp\/v2\/pages\/34151\/revisions"}],"predecessor-version":[{"id":34154,"href":"https:\/\/www.aninite.at\/en\/wp-json\/wp\/v2\/pages\/34151\/revisions\/34154"}],"wp:attachment":[{"href":"https:\/\/www.aninite.at\/en\/wp-json\/wp\/v2\/media?parent=34151"}],"curies":[{"name":"wp","href":"https:\/\/api.w.org\/{rel}","templated":true}]}}