{"id":34222,"date":"2025-07-19T09:08:29","date_gmt":"2025-07-19T07:08:29","guid":{"rendered":"https:\/\/www.aninite.at\/vortraege-workshops-leroni\/"},"modified":"2025-07-19T09:13:59","modified_gmt":"2025-07-19T07:13:59","slug":"vortraege-workshops-leroni","status":"publish","type":"page","link":"https:\/\/www.aninite.at\/en\/vortraege-workshops-leroni\/","title":{"rendered":"Lectures &amp; Workshops &#8211; Leroni"},"content":{"rendered":"\n<figure class=\"wp-block-image size-full is-resized\"><img loading=\"lazy\" decoding=\"async\" width=\"1080\" height=\"1920\" src=\"https:\/\/www.aninite.at\/wp-content\/uploads\/1_1.jpg\" alt=\"\" class=\"wp-image-34218\" style=\"width:220px;height:auto\" srcset=\"https:\/\/www.aninite.at\/wp-content\/uploads\/1_1.jpg 1080w, https:\/\/www.aninite.at\/wp-content\/uploads\/1_1-169x300.jpg 169w, https:\/\/www.aninite.at\/wp-content\/uploads\/1_1-576x1024.jpg 576w, https:\/\/www.aninite.at\/wp-content\/uploads\/1_1-768x1365.jpg 768w, https:\/\/www.aninite.at\/wp-content\/uploads\/1_1-864x1536.jpg 864w\" sizes=\"auto, (max-width: 1080px) 100vw, 1080px\" \/><\/figure>\n\n<h2 class=\"wp-block-heading\"><em><mark style=\"background-color:rgba(0, 0, 0, 0)\" class=\"has-inline-color has-vivid-red-color\">Embossing leather<\/mark><\/em><\/h2>\n\n<p><em><mark style=\"background-color:rgba(0, 0, 0, 0)\" class=\"has-inline-color has-vivid-red-color\">Friday 11.00 &#8211; 13.15 &#8211; Room 0.50<\/mark><\/em><\/p>\n\n<p>Leather working and embossing (hallmarking) are old crafts that were already used in ancient times and the Middle Ages to artistically decorate and shape leather. It is also interesting today, especially in cosplay, to replace artificial leather (&#8220;plastic leather&#8221;) with high quality, durable, genuine leather. <\/p>\n\n<p>The basic course includes an introduction to the basic principle of embossing. It teaches and explains which special tools are needed and the technical basics in detail. Participants work on their own piece during the workshop.  <\/p>\n\n<p><strong>Duration:<\/strong><br\/>2.25 hours<\/p>\n\n<p><strong>Number of participants:<\/strong><br\/>5 &#8211; <mark style=\"background-color:rgba(0, 0, 0, 0)\" class=\"has-inline-color has-luminous-vivid-amber-color\">Registration at the Infopoint<\/mark><\/p>\n\n<p><strong>Participation fee:<\/strong><br\/>35 \u20ac &#8211; <mark style=\"background-color:rgba(0, 0, 0, 0)\" class=\"has-inline-color has-luminous-vivid-amber-color\">to be paid at the workshop<\/mark><\/p>\n\n<p><strong>Social Media:<\/strong><br\/><a href=\"http:\/\/www.twobluetwileks.com\">www.twobluetwileks.com<\/a><\/p>\n\n<p><a href=\"http:\/\/www.facebook.com\/twileksaga\">www.facebook.com\/twileksaga<\/a><\/p>\n\n<p><a href=\"http:\/\/www.instagram.com\/twobluetwileks\">www.instagram.com\/twobluetwileks<\/a><\/p>\n\n<figure class=\"wp-block-gallery has-nested-images columns-default is-cropped wp-block-gallery-1 is-layout-flex wp-block-gallery-is-layout-flex\">\n<figure class=\"wp-block-image size-large\"><img loading=\"lazy\" decoding=\"async\" width=\"1024\" height=\"861\" data-id=\"34212\" src=\"https:\/\/www.aninite.at\/wp-content\/uploads\/\/DSC_0142-1024x861.jpg\" alt=\"\" class=\"wp-image-34212\" srcset=\"https:\/\/www.aninite.at\/wp-content\/uploads\/DSC_0142-1024x861.jpg 1024w, https:\/\/www.aninite.at\/wp-content\/uploads\/DSC_0142-300x252.jpg 300w, https:\/\/www.aninite.at\/wp-content\/uploads\/DSC_0142-768x645.jpg 768w, https:\/\/www.aninite.at\/wp-content\/uploads\/DSC_0142-1536x1291.jpg 1536w, https:\/\/www.aninite.at\/wp-content\/uploads\/DSC_0142-2048x1721.jpg 2048w, https:\/\/www.aninite.at\/wp-content\/uploads\/DSC_0142-1140x958.jpg 1140w\" sizes=\"auto, (max-width: 1024px) 100vw, 1024px\" \/><\/figure>\n\n\n\n<figure class=\"wp-block-image size-large\"><img loading=\"lazy\" decoding=\"async\" width=\"945\" height=\"655\" data-id=\"34215\" src=\"https:\/\/www.aninite.at\/wp-content\/uploads\/T2-1.jpg\" alt=\"\" class=\"wp-image-34215\" srcset=\"https:\/\/www.aninite.at\/wp-content\/uploads\/T2-1.jpg 945w, https:\/\/www.aninite.at\/wp-content\/uploads\/T2-1-300x208.jpg 300w, https:\/\/www.aninite.at\/wp-content\/uploads\/T2-1-768x532.jpg 768w\" sizes=\"auto, (max-width: 945px) 100vw, 945px\" \/><\/figure>\n\n\n\n<figure class=\"wp-block-image size-large\"><img loading=\"lazy\" decoding=\"async\" width=\"1024\" height=\"971\" data-id=\"34209\" src=\"https:\/\/www.aninite.at\/wp-content\/uploads\/\/DSC_0095-1024x971.jpg\" alt=\"\" class=\"wp-image-34209\" srcset=\"https:\/\/www.aninite.at\/wp-content\/uploads\/DSC_0095-1024x971.jpg 1024w, https:\/\/www.aninite.at\/wp-content\/uploads\/DSC_0095-300x284.jpg 300w, https:\/\/www.aninite.at\/wp-content\/uploads\/DSC_0095-768x728.jpg 768w, https:\/\/www.aninite.at\/wp-content\/uploads\/DSC_0095-1536x1456.jpg 1536w, https:\/\/www.aninite.at\/wp-content\/uploads\/DSC_0095-2048x1942.jpg 2048w, https:\/\/www.aninite.at\/wp-content\/uploads\/DSC_0095-1140x1081.jpg 1140w\" sizes=\"auto, (max-width: 1024px) 100vw, 1024px\" \/><\/figure>\n\n\n\n<figure class=\"wp-block-image size-large\"><img loading=\"lazy\" decoding=\"async\" width=\"1003\" height=\"1024\" data-id=\"34206\" src=\"https:\/\/www.aninite.at\/wp-content\/uploads\/\/wolfsmond-lederuhr-1003x1024.jpg\" alt=\"\" class=\"wp-image-34206\" srcset=\"https:\/\/www.aninite.at\/wp-content\/uploads\/wolfsmond-lederuhr-1003x1024.jpg 1003w, https:\/\/www.aninite.at\/wp-content\/uploads\/wolfsmond-lederuhr-294x300.jpg 294w, https:\/\/www.aninite.at\/wp-content\/uploads\/wolfsmond-lederuhr-768x784.jpg 768w, https:\/\/www.aninite.at\/wp-content\/uploads\/wolfsmond-lederuhr.jpg 1051w\" sizes=\"auto, (max-width: 1003px) 100vw, 1003px\" \/><\/figure>\n\n\n\n<figure class=\"wp-block-image size-large\"><img loading=\"lazy\" decoding=\"async\" width=\"752\" height=\"641\" data-id=\"34203\" src=\"https:\/\/www.aninite.at\/wp-content\/uploads\/Pokemon-brett-evee.jpg\" alt=\"\" class=\"wp-image-34203\" srcset=\"https:\/\/www.aninite.at\/wp-content\/uploads\/Pokemon-brett-evee.jpg 752w, https:\/\/www.aninite.at\/wp-content\/uploads\/Pokemon-brett-evee-300x256.jpg 300w\" sizes=\"auto, (max-width: 752px) 100vw, 752px\" \/><\/figure>\n\n\n\n<figure class=\"wp-block-image size-large\"><img loading=\"lazy\" decoding=\"async\" width=\"952\" height=\"990\" data-id=\"34200\" src=\"https:\/\/www.aninite.at\/wp-content\/uploads\/Box3.jpg\" alt=\"\" class=\"wp-image-34200\" srcset=\"https:\/\/www.aninite.at\/wp-content\/uploads\/Box3.jpg 952w, https:\/\/www.aninite.at\/wp-content\/uploads\/Box3-288x300.jpg 288w, https:\/\/www.aninite.at\/wp-content\/uploads\/Box3-768x799.jpg 768w\" sizes=\"auto, (max-width: 952px) 100vw, 952px\" \/><\/figure>\n\n\n\n<figure class=\"wp-block-image size-large\"><img loading=\"lazy\" decoding=\"async\" width=\"768\" height=\"1024\" data-id=\"34197\" src=\"https:\/\/www.aninite.at\/wp-content\/uploads\/\/25_1-768x1024.jpg\" alt=\"\" class=\"wp-image-34197\" srcset=\"https:\/\/www.aninite.at\/wp-content\/uploads\/25_1-768x1023.jpg 768w, https:\/\/www.aninite.at\/wp-content\/uploads\/25_1-225x300.jpg 225w, https:\/\/www.aninite.at\/wp-content\/uploads\/25_1-1153x1536.jpg 1153w, https:\/\/www.aninite.at\/wp-content\/uploads\/25_1-1140x1519.jpg 1140w, https:\/\/www.aninite.at\/wp-content\/uploads\/25_1.jpg 1200w\" sizes=\"auto, (max-width: 768px) 100vw, 768px\" \/><\/figure>\n\n\n\n<figure class=\"wp-block-image size-large\"><img loading=\"lazy\" decoding=\"async\" width=\"1024\" height=\"707\" data-id=\"34191\" src=\"https:\/\/www.aninite.at\/wp-content\/uploads\/\/6-1024x707.jpg\" alt=\"\" class=\"wp-image-34191\" srcset=\"https:\/\/www.aninite.at\/wp-content\/uploads\/6-1024x707.jpg 1024w, https:\/\/www.aninite.at\/wp-content\/uploads\/6-300x207.jpg 300w, https:\/\/www.aninite.at\/wp-content\/uploads\/6-768x530.jpg 768w, https:\/\/www.aninite.at\/wp-content\/uploads\/6-1140x787.jpg 1140w, https:\/\/www.aninite.at\/wp-content\/uploads\/6.jpg 1415w\" sizes=\"auto, (max-width: 1024px) 100vw, 1024px\" \/><\/figure>\n\n\n\n<figure class=\"wp-block-image size-large\"><img loading=\"lazy\" decoding=\"async\" width=\"897\" height=\"1024\" data-id=\"34192\" src=\"https:\/\/www.aninite.at\/wp-content\/uploads\/\/1-1-897x1024.jpg\" alt=\"\" class=\"wp-image-34192\" srcset=\"https:\/\/www.aninite.at\/wp-content\/uploads\/1-1-897x1024.jpg 897w, https:\/\/www.aninite.at\/wp-content\/uploads\/1-1-263x300.jpg 263w, https:\/\/www.aninite.at\/wp-content\/uploads\/1-1-768x877.jpg 768w, https:\/\/www.aninite.at\/wp-content\/uploads\/1-1.jpg 1060w\" sizes=\"auto, (max-width: 897px) 100vw, 897px\" \/><\/figure>\n<\/figure>\n","protected":false},"excerpt":{"rendered":"<p>Embossing leather Friday 11.00 &#8211; 13.15 &#8211; Room 0.50 Leather working and embossing (hallmarking) are old crafts that were already used in ancient times and the Middle Ages to artistically decorate and shape leather. It is also interesting today, especially in cosplay, to replace artificial leather (&#8220;plastic leather&#8221;) with high quality, durable, genuine leather. The basic course includes an introduction to the basic principle of embossing. It teaches and explains which special tools are needed and the technical basics in detail. Participants work on their own piece during the workshop. Duration:2.25 hours Number of participants:5 &#8211; Registration at the Infopoint Participation fee:35 \u20ac &#8211; to be paid at the workshop Social Media:www.twobluetwileks.com www.facebook.com\/twileksaga www.instagram.com\/twobluetwileks<\/p>\n","protected":false},"author":13,"featured_media":0,"parent":0,"menu_order":0,"comment_status":"closed","ping_status":"closed","template":"","meta":{"inline_featured_image":false,"footnotes":""},"class_list":["post-34222","page","type-page","status-publish","hentry"],"yoast_head":"<!-- This site is optimized with the Yoast SEO plugin v27.5 - https:\/\/yoast.com\/product\/yoast-seo-wordpress\/ -->\n<title>Lectures &amp; Workshops - Leroni - AniNite<\/title>\n<meta name=\"robots\" content=\"index, follow, max-snippet:-1, max-image-preview:large, max-video-preview:-1\" \/>\n<link rel=\"canonical\" href=\"https:\/\/www.aninite.at\/en\/vortraege-workshops-leroni\/\" \/>\n<meta property=\"og:locale\" content=\"en_US\" \/>\n<meta property=\"og:type\" content=\"article\" \/>\n<meta property=\"og:title\" content=\"Lectures &amp; Workshops - Leroni - AniNite\" \/>\n<meta property=\"og:description\" content=\"Embossing leather Friday 11.00 &#8211; 13.15 &#8211; Room 0.50 Leather working and embossing (hallmarking) are old crafts that were already used in ancient times and the Middle Ages to artistically decorate and shape leather. It is also interesting today, especially in cosplay, to replace artificial leather (&#8220;plastic leather&#8221;) with high quality, durable, genuine leather. The basic course includes an introduction to the basic principle of embossing. It teaches and explains which special tools are needed and the technical basics in detail. Participants work on their own piece during the workshop. Duration:2.25 hours Number of participants:5 &#8211; Registration at the Infopoint Participation fee:35 \u20ac &#8211; to be paid at the workshop Social Media:www.twobluetwileks.com www.facebook.com\/twileksaga www.instagram.com\/twobluetwileks\" \/>\n<meta property=\"og:url\" content=\"https:\/\/www.aninite.at\/en\/vortraege-workshops-leroni\/\" \/>\n<meta property=\"og:site_name\" content=\"AniNite\" \/>\n<meta property=\"article:publisher\" content=\"https:\/\/www.facebook.com\/AniMangaAustria\" \/>\n<meta property=\"article:modified_time\" content=\"2025-07-19T07:13:59+00:00\" \/>\n<meta property=\"og:image\" content=\"https:\/\/www.aninite.at\/wp-content\/uploads\/1_1.jpg\" \/>\n\t<meta property=\"og:image:width\" content=\"1080\" \/>\n\t<meta property=\"og:image:height\" content=\"1920\" \/>\n\t<meta property=\"og:image:type\" content=\"image\/jpeg\" \/>\n<meta name=\"twitter:card\" content=\"summary_large_image\" \/>\n<meta name=\"twitter:label1\" content=\"Est. reading time\" \/>\n\t<meta name=\"twitter:data1\" content=\"1 minute\" \/>\n<script type=\"application\/ld+json\" class=\"yoast-schema-graph\">{\"@context\":\"https:\\\/\\\/schema.org\",\"@graph\":[{\"@type\":\"WebPage\",\"@id\":\"https:\\\/\\\/www.aninite.at\\\/en\\\/vortraege-workshops-leroni\\\/\",\"url\":\"https:\\\/\\\/www.aninite.at\\\/en\\\/vortraege-workshops-leroni\\\/\",\"name\":\"Lectures &amp; Workshops - Leroni - AniNite\",\"isPartOf\":{\"@id\":\"https:\\\/\\\/www.aninite.at\\\/en\\\/#website\"},\"primaryImageOfPage\":{\"@id\":\"https:\\\/\\\/www.aninite.at\\\/en\\\/vortraege-workshops-leroni\\\/#primaryimage\"},\"image\":{\"@id\":\"https:\\\/\\\/www.aninite.at\\\/en\\\/vortraege-workshops-leroni\\\/#primaryimage\"},\"thumbnailUrl\":\"https:\\\/\\\/www.aninite.at\\\/wp-content\\\/uploads\\\/1_1.jpg\",\"datePublished\":\"2025-07-19T07:08:29+00:00\",\"dateModified\":\"2025-07-19T07:13:59+00:00\",\"breadcrumb\":{\"@id\":\"https:\\\/\\\/www.aninite.at\\\/en\\\/vortraege-workshops-leroni\\\/#breadcrumb\"},\"inLanguage\":\"en-US\",\"potentialAction\":[{\"@type\":\"ReadAction\",\"target\":[\"https:\\\/\\\/www.aninite.at\\\/en\\\/vortraege-workshops-leroni\\\/\"]}]},{\"@type\":\"ImageObject\",\"inLanguage\":\"en-US\",\"@id\":\"https:\\\/\\\/www.aninite.at\\\/en\\\/vortraege-workshops-leroni\\\/#primaryimage\",\"url\":\"https:\\\/\\\/www.aninite.at\\\/wp-content\\\/uploads\\\/1_1.jpg\",\"contentUrl\":\"https:\\\/\\\/www.aninite.at\\\/wp-content\\\/uploads\\\/1_1.jpg\"},{\"@type\":\"BreadcrumbList\",\"@id\":\"https:\\\/\\\/www.aninite.at\\\/en\\\/vortraege-workshops-leroni\\\/#breadcrumb\",\"itemListElement\":[{\"@type\":\"ListItem\",\"position\":1,\"name\":\"Startseite\",\"item\":\"https:\\\/\\\/www.aninite.at\\\/en\\\/welcome\\\/\"},{\"@type\":\"ListItem\",\"position\":2,\"name\":\"Lectures &amp; Workshops &#8211; Leroni\"}]},{\"@type\":\"WebSite\",\"@id\":\"https:\\\/\\\/www.aninite.at\\\/en\\\/#website\",\"url\":\"https:\\\/\\\/www.aninite.at\\\/en\\\/\",\"name\":\"AniNite\",\"description\":\"\u00d6sterreichs gr\u00f6\u00dfte Anime-, Manga- und Comic-Convention\",\"potentialAction\":[{\"@type\":\"SearchAction\",\"target\":{\"@type\":\"EntryPoint\",\"urlTemplate\":\"https:\\\/\\\/www.aninite.at\\\/en\\\/?s={search_term_string}\"},\"query-input\":{\"@type\":\"PropertyValueSpecification\",\"valueRequired\":true,\"valueName\":\"search_term_string\"}}],\"inLanguage\":\"en-US\"}]}<\/script>\n<!-- \/ Yoast SEO plugin. -->","yoast_head_json":{"title":"Lectures &amp; Workshops - Leroni - AniNite","robots":{"index":"index","follow":"follow","max-snippet":"max-snippet:-1","max-image-preview":"max-image-preview:large","max-video-preview":"max-video-preview:-1"},"canonical":"https:\/\/www.aninite.at\/en\/vortraege-workshops-leroni\/","og_locale":"en_US","og_type":"article","og_title":"Lectures &amp; Workshops - Leroni - AniNite","og_description":"Embossing leather Friday 11.00 &#8211; 13.15 &#8211; Room 0.50 Leather working and embossing (hallmarking) are old crafts that were already used in ancient times and the Middle Ages to artistically decorate and shape leather. It is also interesting today, especially in cosplay, to replace artificial leather (&#8220;plastic leather&#8221;) with high quality, durable, genuine leather. The basic course includes an introduction to the basic principle of embossing. It teaches and explains which special tools are needed and the technical basics in detail. Participants work on their own piece during the workshop. Duration:2.25 hours Number of participants:5 &#8211; Registration at the Infopoint Participation fee:35 \u20ac &#8211; to be paid at the workshop Social Media:www.twobluetwileks.com www.facebook.com\/twileksaga www.instagram.com\/twobluetwileks","og_url":"https:\/\/www.aninite.at\/en\/vortraege-workshops-leroni\/","og_site_name":"AniNite","article_publisher":"https:\/\/www.facebook.com\/AniMangaAustria","article_modified_time":"2025-07-19T07:13:59+00:00","og_image":[{"width":1080,"height":1920,"url":"https:\/\/www.aninite.at\/wp-content\/uploads\/1_1.jpg","type":"image\/jpeg"}],"twitter_card":"summary_large_image","twitter_misc":{"Est. reading time":"1 minute"},"schema":{"@context":"https:\/\/schema.org","@graph":[{"@type":"WebPage","@id":"https:\/\/www.aninite.at\/en\/vortraege-workshops-leroni\/","url":"https:\/\/www.aninite.at\/en\/vortraege-workshops-leroni\/","name":"Lectures &amp; Workshops - Leroni - AniNite","isPartOf":{"@id":"https:\/\/www.aninite.at\/en\/#website"},"primaryImageOfPage":{"@id":"https:\/\/www.aninite.at\/en\/vortraege-workshops-leroni\/#primaryimage"},"image":{"@id":"https:\/\/www.aninite.at\/en\/vortraege-workshops-leroni\/#primaryimage"},"thumbnailUrl":"https:\/\/www.aninite.at\/wp-content\/uploads\/1_1.jpg","datePublished":"2025-07-19T07:08:29+00:00","dateModified":"2025-07-19T07:13:59+00:00","breadcrumb":{"@id":"https:\/\/www.aninite.at\/en\/vortraege-workshops-leroni\/#breadcrumb"},"inLanguage":"en-US","potentialAction":[{"@type":"ReadAction","target":["https:\/\/www.aninite.at\/en\/vortraege-workshops-leroni\/"]}]},{"@type":"ImageObject","inLanguage":"en-US","@id":"https:\/\/www.aninite.at\/en\/vortraege-workshops-leroni\/#primaryimage","url":"https:\/\/www.aninite.at\/wp-content\/uploads\/1_1.jpg","contentUrl":"https:\/\/www.aninite.at\/wp-content\/uploads\/1_1.jpg"},{"@type":"BreadcrumbList","@id":"https:\/\/www.aninite.at\/en\/vortraege-workshops-leroni\/#breadcrumb","itemListElement":[{"@type":"ListItem","position":1,"name":"Startseite","item":"https:\/\/www.aninite.at\/en\/welcome\/"},{"@type":"ListItem","position":2,"name":"Lectures &amp; Workshops &#8211; Leroni"}]},{"@type":"WebSite","@id":"https:\/\/www.aninite.at\/en\/#website","url":"https:\/\/www.aninite.at\/en\/","name":"AniNite","description":"\u00d6sterreichs gr\u00f6\u00dfte Anime-, Manga- und Comic-Convention","potentialAction":[{"@type":"SearchAction","target":{"@type":"EntryPoint","urlTemplate":"https:\/\/www.aninite.at\/en\/?s={search_term_string}"},"query-input":{"@type":"PropertyValueSpecification","valueRequired":true,"valueName":"search_term_string"}}],"inLanguage":"en-US"}]}},"acf":[],"_links":{"self":[{"href":"https:\/\/www.aninite.at\/en\/wp-json\/wp\/v2\/pages\/34222","targetHints":{"allow":["GET"]}}],"collection":[{"href":"https:\/\/www.aninite.at\/en\/wp-json\/wp\/v2\/pages"}],"about":[{"href":"https:\/\/www.aninite.at\/en\/wp-json\/wp\/v2\/types\/page"}],"author":[{"embeddable":true,"href":"https:\/\/www.aninite.at\/en\/wp-json\/wp\/v2\/users\/13"}],"replies":[{"embeddable":true,"href":"https:\/\/www.aninite.at\/en\/wp-json\/wp\/v2\/comments?post=34222"}],"version-history":[{"count":3,"href":"https:\/\/www.aninite.at\/en\/wp-json\/wp\/v2\/pages\/34222\/revisions"}],"predecessor-version":[{"id":34243,"href":"https:\/\/www.aninite.at\/en\/wp-json\/wp\/v2\/pages\/34222\/revisions\/34243"}],"wp:attachment":[{"href":"https:\/\/www.aninite.at\/en\/wp-json\/wp\/v2\/media?parent=34222"}],"curies":[{"name":"wp","href":"https:\/\/api.w.org\/{rel}","templated":true}]}}