{"id":34438,"date":"2025-08-01T17:44:07","date_gmt":"2025-08-01T15:44:07","guid":{"rendered":"https:\/\/www.aninite.at\/vortraege-workshops-avena\/"},"modified":"2025-08-01T17:44:25","modified_gmt":"2025-08-01T15:44:25","slug":"vortraege-workshops-avena","status":"publish","type":"page","link":"https:\/\/www.aninite.at\/en\/vortraege-workshops-avena\/","title":{"rendered":"Lectures &amp; Workshops &#8211; Avena"},"content":{"rendered":"\n<h2 class=\"wp-block-heading\"><em><mark style=\"background-color:rgba(0, 0, 0, 0)\" class=\"has-inline-color has-vivid-red-color\">Spinning mill<\/mark><\/em><\/h2>\n\n<p><em><mark style=\"background-color:rgba(0, 0, 0, 0)\" class=\"has-inline-color has-vivid-red-color\">Sunday 15.00 &#8211; 16.00 &#8211; Room 0.32<\/mark><\/em><\/p>\n\n<p>Anyone who wants to make their own cosplay from the fiber up is crazy? Aren&#8217;t you?  Yes! He spins! And he spins his own yarn! In my workshop I talk about my encounter with the spinning wheel, explain something about fibers, twist and ply and describe how you can teach yourself to spin, whether for knitting, crocheting or weaving  <\/p>\n\n<p>Duration:<br\/>1 hour<\/p>\n","protected":false},"excerpt":{"rendered":"<p>Spinning mill Sunday 15.00 &#8211; 16.00 &#8211; Room 0.32 Anyone who wants to make their own cosplay from the fiber up is crazy? Aren&#8217;t you? Yes! He spins! And he spins his own yarn! In my workshop I talk about my encounter with the spinning wheel, explain something about fibers, twist and ply and describe how you can teach yourself to spin, whether for knitting, crocheting or weaving Duration:1 hour<\/p>\n","protected":false},"author":13,"featured_media":0,"parent":0,"menu_order":0,"comment_status":"closed","ping_status":"closed","template":"","meta":{"inline_featured_image":false,"footnotes":""},"class_list":["post-34438","page","type-page","status-publish","hentry"],"yoast_head":"<!-- This site is optimized with the Yoast SEO plugin v27.5 - https:\/\/yoast.com\/product\/yoast-seo-wordpress\/ -->\n<title>Lectures &amp; Workshops - Avena - AniNite<\/title>\n<meta name=\"robots\" content=\"index, follow, max-snippet:-1, max-image-preview:large, max-video-preview:-1\" \/>\n<link rel=\"canonical\" href=\"https:\/\/www.aninite.at\/en\/vortraege-workshops-avena\/\" \/>\n<meta property=\"og:locale\" content=\"en_US\" \/>\n<meta property=\"og:type\" content=\"article\" \/>\n<meta property=\"og:title\" content=\"Lectures &amp; Workshops - Avena - AniNite\" \/>\n<meta property=\"og:description\" content=\"Spinning mill Sunday 15.00 &#8211; 16.00 &#8211; Room 0.32 Anyone who wants to make their own cosplay from the fiber up is crazy? Aren&#8217;t you? Yes! He spins! And he spins his own yarn! In my workshop I talk about my encounter with the spinning wheel, explain something about fibers, twist and ply and describe how you can teach yourself to spin, whether for knitting, crocheting or weaving Duration:1 hour\" \/>\n<meta property=\"og:url\" content=\"https:\/\/www.aninite.at\/en\/vortraege-workshops-avena\/\" \/>\n<meta property=\"og:site_name\" content=\"AniNite\" \/>\n<meta property=\"article:publisher\" content=\"https:\/\/www.facebook.com\/AniMangaAustria\" \/>\n<meta property=\"article:modified_time\" content=\"2025-08-01T15:44:25+00:00\" \/>\n<meta property=\"og:image\" content=\"https:\/\/www.aninite.at\/wp-content\/uploads\/cropped-Icon_2025.jpg\" \/>\n\t<meta property=\"og:image:width\" content=\"512\" \/>\n\t<meta property=\"og:image:height\" content=\"512\" \/>\n\t<meta property=\"og:image:type\" content=\"image\/jpeg\" \/>\n<meta name=\"twitter:card\" content=\"summary_large_image\" \/>\n<script type=\"application\/ld+json\" class=\"yoast-schema-graph\">{\"@context\":\"https:\\\/\\\/schema.org\",\"@graph\":[{\"@type\":\"WebPage\",\"@id\":\"https:\\\/\\\/www.aninite.at\\\/en\\\/vortraege-workshops-avena\\\/\",\"url\":\"https:\\\/\\\/www.aninite.at\\\/en\\\/vortraege-workshops-avena\\\/\",\"name\":\"Lectures &amp; Workshops - Avena - AniNite\",\"isPartOf\":{\"@id\":\"https:\\\/\\\/www.aninite.at\\\/en\\\/#website\"},\"datePublished\":\"2025-08-01T15:44:07+00:00\",\"dateModified\":\"2025-08-01T15:44:25+00:00\",\"breadcrumb\":{\"@id\":\"https:\\\/\\\/www.aninite.at\\\/en\\\/vortraege-workshops-avena\\\/#breadcrumb\"},\"inLanguage\":\"en-US\",\"potentialAction\":[{\"@type\":\"ReadAction\",\"target\":[\"https:\\\/\\\/www.aninite.at\\\/en\\\/vortraege-workshops-avena\\\/\"]}]},{\"@type\":\"BreadcrumbList\",\"@id\":\"https:\\\/\\\/www.aninite.at\\\/en\\\/vortraege-workshops-avena\\\/#breadcrumb\",\"itemListElement\":[{\"@type\":\"ListItem\",\"position\":1,\"name\":\"Startseite\",\"item\":\"https:\\\/\\\/www.aninite.at\\\/en\\\/welcome\\\/\"},{\"@type\":\"ListItem\",\"position\":2,\"name\":\"Lectures &amp; Workshops &#8211; Avena\"}]},{\"@type\":\"WebSite\",\"@id\":\"https:\\\/\\\/www.aninite.at\\\/en\\\/#website\",\"url\":\"https:\\\/\\\/www.aninite.at\\\/en\\\/\",\"name\":\"AniNite\",\"description\":\"\u00d6sterreichs gr\u00f6\u00dfte Anime-, Manga- und Comic-Convention\",\"potentialAction\":[{\"@type\":\"SearchAction\",\"target\":{\"@type\":\"EntryPoint\",\"urlTemplate\":\"https:\\\/\\\/www.aninite.at\\\/en\\\/?s={search_term_string}\"},\"query-input\":{\"@type\":\"PropertyValueSpecification\",\"valueRequired\":true,\"valueName\":\"search_term_string\"}}],\"inLanguage\":\"en-US\"}]}<\/script>\n<!-- \/ Yoast SEO plugin. -->","yoast_head_json":{"title":"Lectures &amp; Workshops - Avena - AniNite","robots":{"index":"index","follow":"follow","max-snippet":"max-snippet:-1","max-image-preview":"max-image-preview:large","max-video-preview":"max-video-preview:-1"},"canonical":"https:\/\/www.aninite.at\/en\/vortraege-workshops-avena\/","og_locale":"en_US","og_type":"article","og_title":"Lectures &amp; Workshops - Avena - AniNite","og_description":"Spinning mill Sunday 15.00 &#8211; 16.00 &#8211; Room 0.32 Anyone who wants to make their own cosplay from the fiber up is crazy? Aren&#8217;t you? Yes! He spins! And he spins his own yarn! In my workshop I talk about my encounter with the spinning wheel, explain something about fibers, twist and ply and describe how you can teach yourself to spin, whether for knitting, crocheting or weaving Duration:1 hour","og_url":"https:\/\/www.aninite.at\/en\/vortraege-workshops-avena\/","og_site_name":"AniNite","article_publisher":"https:\/\/www.facebook.com\/AniMangaAustria","article_modified_time":"2025-08-01T15:44:25+00:00","og_image":[{"width":512,"height":512,"url":"https:\/\/www.aninite.at\/wp-content\/uploads\/cropped-Icon_2025.jpg","type":"image\/jpeg"}],"twitter_card":"summary_large_image","schema":{"@context":"https:\/\/schema.org","@graph":[{"@type":"WebPage","@id":"https:\/\/www.aninite.at\/en\/vortraege-workshops-avena\/","url":"https:\/\/www.aninite.at\/en\/vortraege-workshops-avena\/","name":"Lectures &amp; Workshops - Avena - AniNite","isPartOf":{"@id":"https:\/\/www.aninite.at\/en\/#website"},"datePublished":"2025-08-01T15:44:07+00:00","dateModified":"2025-08-01T15:44:25+00:00","breadcrumb":{"@id":"https:\/\/www.aninite.at\/en\/vortraege-workshops-avena\/#breadcrumb"},"inLanguage":"en-US","potentialAction":[{"@type":"ReadAction","target":["https:\/\/www.aninite.at\/en\/vortraege-workshops-avena\/"]}]},{"@type":"BreadcrumbList","@id":"https:\/\/www.aninite.at\/en\/vortraege-workshops-avena\/#breadcrumb","itemListElement":[{"@type":"ListItem","position":1,"name":"Startseite","item":"https:\/\/www.aninite.at\/en\/welcome\/"},{"@type":"ListItem","position":2,"name":"Lectures &amp; Workshops &#8211; Avena"}]},{"@type":"WebSite","@id":"https:\/\/www.aninite.at\/en\/#website","url":"https:\/\/www.aninite.at\/en\/","name":"AniNite","description":"\u00d6sterreichs gr\u00f6\u00dfte Anime-, Manga- und Comic-Convention","potentialAction":[{"@type":"SearchAction","target":{"@type":"EntryPoint","urlTemplate":"https:\/\/www.aninite.at\/en\/?s={search_term_string}"},"query-input":{"@type":"PropertyValueSpecification","valueRequired":true,"valueName":"search_term_string"}}],"inLanguage":"en-US"}]}},"acf":[],"_links":{"self":[{"href":"https:\/\/www.aninite.at\/en\/wp-json\/wp\/v2\/pages\/34438","targetHints":{"allow":["GET"]}}],"collection":[{"href":"https:\/\/www.aninite.at\/en\/wp-json\/wp\/v2\/pages"}],"about":[{"href":"https:\/\/www.aninite.at\/en\/wp-json\/wp\/v2\/types\/page"}],"author":[{"embeddable":true,"href":"https:\/\/www.aninite.at\/en\/wp-json\/wp\/v2\/users\/13"}],"replies":[{"embeddable":true,"href":"https:\/\/www.aninite.at\/en\/wp-json\/wp\/v2\/comments?post=34438"}],"version-history":[{"count":1,"href":"https:\/\/www.aninite.at\/en\/wp-json\/wp\/v2\/pages\/34438\/revisions"}],"predecessor-version":[{"id":34440,"href":"https:\/\/www.aninite.at\/en\/wp-json\/wp\/v2\/pages\/34438\/revisions\/34440"}],"wp:attachment":[{"href":"https:\/\/www.aninite.at\/en\/wp-json\/wp\/v2\/media?parent=34438"}],"curies":[{"name":"wp","href":"https:\/\/api.w.org\/{rel}","templated":true}]}}