{"id":32090,"date":"2025-03-26T00:13:11","date_gmt":"2025-03-25T23:13:11","guid":{"rendered":"https:\/\/www.aninite.at\/%e3%82%88%e3%81%86%e3%81%93%e3%81%9d\/"},"modified":"2026-02-19T22:50:22","modified_gmt":"2026-02-19T21:50:22","slug":"willkommen","status":"publish","type":"page","link":"https:\/\/www.aninite.at\/ja\/","title":{"rendered":"\u3088\u3046\u3053\u305d"},"content":{"rendered":"<div class=\"wp-block-image\">\n<figure class=\"aligncenter size-full is-resized\"><img decoding=\"async\" src=\"https:\/\/www.aninite.at\/wp-content\/uploads\/\/PageTitelBanner.svg\" alt=\"\" class=\"wp-image-34797\" style=\"width:700px;height:auto\" title=\"&#x30BF;&#x30A4;&#x30C8;&#x30EB;\"\/><\/figure>\n<\/div>\n<div style=\"height:50px\" aria-hidden=\"true\" class=\"wp-block-spacer\"><\/div>\n\n<h2 class=\"wp-block-heading\">\u30a4\u30e9\u30c3\u30b7\u30e3\u30a4\u30de\u30bb\uff01\u6e29\u304b\u304f\u6b53\u8fce\u3059\u308b\uff01 <\/h2>\n\n<div class=\"wp-block-group\"><div class=\"wp-block-group__inner-container is-layout-flow wp-block-group-is-layout-flow\">\n<div class=\"wp-block-group\"><div class=\"wp-block-group__inner-container is-layout-flow wp-block-group-is-layout-flow\">\n<p><strong>\u30aa\u30fc\u30b9\u30c8\u30ea\u30a2\u6700\u5927\u306e\u30a2\u30cb\u30e1\u30fb\u6f2b\u753b\u30b3\u30f3\u30d9\u30f3\u30b7\u30e7\u30f3\u306b\u3066\uff01<\/strong><\/p>\n\n\n\n<p>\u72ec\u5275\u7684\u306a\u30ed\u30b1\u30fc\u30b7\u30e7\u30f3\u3068\u5927\u898f\u6a21\u306a\u30d7\u30ed\u30b0\u30e9\u30e0\u3067\u3001\u9031\u672b\u3092\u9b45\u4e86\u3059\u308b\u3053\u3068\u304c\u3067\u304d\u308b\u3002\u4f8b\u5e74\u901a\u308a\u3001AniNite\u306f\u5927\u304d\u306a\u30c7\u30a3\u30fc\u30e9\u30fc\u30fb\u30db\u30fc\u30eb\u3068\u5de8\u5927\u306a\u30a2\u30fc\u30c6\u30a3\u30b9\u30c8\u30fb\u30a2\u30ec\u30a4\u3092\u63d0\u4f9b\u3059\u308b\u3002\u30d5\u30fc\u30c9\u30c8\u30e9\u30c3\u30af\u3082\u591a\u6570\u51fa\u5e97\u3057\u3066\u304a\u308a\u3001\u69d8\u3005\u306a\u6599\u7406\u3092\u697d\u3057\u3080\u3053\u3068\u304c\u3067\u304d\u308b\u3002\u307e\u305f\u3001\u6570\u3048\u5207\u308c\u306a\u3044\u307b\u3069\u306e\u7d20\u6674\u3089\u3057\u3044\u6765\u8cd3\u3084\u30b3\u30f3\u30c6\u30f3\u30c4\u30fb\u30af\u30ea\u30a8\u30fc\u30bf\u30fc\u3068\u51fa\u4f1a\u3046\u6a5f\u4f1a\u3082\u3042\u308b\u3002\u30ef\u30fc\u30af\u30b7\u30e7\u30c3\u30d7\u3084\u30b3\u30f3\u30da\u30c6\u30a3\u30b7\u30e7\u30f3\u306a\u3069\u3001\u3055\u307e\u3056\u307e\u306a\u50ac\u3057\u3092\u7528\u610f\u3057\u3066\u3044\u308b\uff01    <\/p>\n\n\n\n<p>\u30bd\u30fc\u30b7\u30e3\u30eb\u30e1\u30c7\u30a3\u30a2\u30fb\u30c1\u30e3\u30f3\u30cd\u30eb\u3092\u30d5\u30a9\u30ed\u30fc\u3057\u3066\u6700\u65b0\u60c5\u5831\u3092\u5165\u624b\u3057\u3088\u3046\uff01<\/p>\n\n\n\n<ul class=\"wp-block-social-links aligncenter has-large-icon-size has-icon-color has-icon-background-color is-style-default is-content-justification-center is-layout-flex wp-container-core-social-links-is-layout-16018d1d wp-block-social-links-is-layout-flex\"><li style=\"color:#fff;background-color:#000000;\" class=\"wp-social-link wp-social-link-facebook has-white-color has-black-background-color wp-block-social-link\"><a rel=\"noopener nofollow\" target=\"_blank\" href=\"https:\/\/www.facebook.com\/AniNite\" class=\"wp-block-social-link-anchor\"><svg width=\"24\" height=\"24\" viewBox=\"0 0 24 24\" version=\"1.1\" xmlns=\"http:\/\/www.w3.org\/2000\/svg\" aria-hidden=\"true\" focusable=\"false\"><path d=\"M12 2C6.5 2 2 6.5 2 12c0 5 3.7 9.1 8.4 9.9v-7H7.9V12h2.5V9.8c0-2.5 1.5-3.9 3.8-3.9 1.1 0 2.2.2 2.2.2v2.5h-1.3c-1.2 0-1.6.8-1.6 1.6V12h2.8l-.4 2.9h-2.3v7C18.3 21.1 22 17 22 12c0-5.5-4.5-10-10-10z\"><\/path><\/svg><span class=\"wp-block-social-link-label screen-reader-text\">https:\/\/www.facebook.com\/AniNite\/<\/span><\/a><\/li>\n\n<li style=\"color:#fff;background-color:#000000;\" class=\"wp-social-link wp-social-link-instagram has-white-color has-black-background-color wp-block-social-link\"><a rel=\"noopener nofollow\" target=\"_blank\" href=\"https:\/\/www.instagram.com\/aninite_official\" class=\"wp-block-social-link-anchor\"><svg width=\"24\" height=\"24\" viewBox=\"0 0 24 24\" version=\"1.1\" xmlns=\"http:\/\/www.w3.org\/2000\/svg\" aria-hidden=\"true\" focusable=\"false\"><path d=\"M12,4.622c2.403,0,2.688,0.009,3.637,0.052c0.877,0.04,1.354,0.187,1.671,0.31c0.42,0.163,0.72,0.358,1.035,0.673 c0.315,0.315,0.51,0.615,0.673,1.035c0.123,0.317,0.27,0.794,0.31,1.671c0.043,0.949,0.052,1.234,0.052,3.637 s-0.009,2.688-0.052,3.637c-0.04,0.877-0.187,1.354-0.31,1.671c-0.163,0.42-0.358,0.72-0.673,1.035 c-0.315,0.315-0.615,0.51-1.035,0.673c-0.317,0.123-0.794,0.27-1.671,0.31c-0.949,0.043-1.233,0.052-3.637,0.052 s-2.688-0.009-3.637-0.052c-0.877-0.04-1.354-0.187-1.671-0.31c-0.42-0.163-0.72-0.358-1.035-0.673 c-0.315-0.315-0.51-0.615-0.673-1.035c-0.123-0.317-0.27-0.794-0.31-1.671C4.631,14.688,4.622,14.403,4.622,12 s0.009-2.688,0.052-3.637c0.04-0.877,0.187-1.354,0.31-1.671c0.163-0.42,0.358-0.72,0.673-1.035 c0.315-0.315,0.615-0.51,1.035-0.673c0.317-0.123,0.794-0.27,1.671-0.31C9.312,4.631,9.597,4.622,12,4.622 M12,3 C9.556,3,9.249,3.01,8.289,3.054C7.331,3.098,6.677,3.25,6.105,3.472C5.513,3.702,5.011,4.01,4.511,4.511 c-0.5,0.5-0.808,1.002-1.038,1.594C3.25,6.677,3.098,7.331,3.054,8.289C3.01,9.249,3,9.556,3,12c0,2.444,0.01,2.751,0.054,3.711 c0.044,0.958,0.196,1.612,0.418,2.185c0.23,0.592,0.538,1.094,1.038,1.594c0.5,0.5,1.002,0.808,1.594,1.038 c0.572,0.222,1.227,0.375,2.185,0.418C9.249,20.99,9.556,21,12,21s2.751-0.01,3.711-0.054c0.958-0.044,1.612-0.196,2.185-0.418 c0.592-0.23,1.094-0.538,1.594-1.038c0.5-0.5,0.808-1.002,1.038-1.594c0.222-0.572,0.375-1.227,0.418-2.185 C20.99,14.751,21,14.444,21,12s-0.01-2.751-0.054-3.711c-0.044-0.958-0.196-1.612-0.418-2.185c-0.23-0.592-0.538-1.094-1.038-1.594 c-0.5-0.5-1.002-0.808-1.594-1.038c-0.572-0.222-1.227-0.375-2.185-0.418C14.751,3.01,14.444,3,12,3L12,3z M12,7.378 c-2.552,0-4.622,2.069-4.622,4.622S9.448,16.622,12,16.622s4.622-2.069,4.622-4.622S14.552,7.378,12,7.378z M12,15 c-1.657,0-3-1.343-3-3s1.343-3,3-3s3,1.343,3,3S13.657,15,12,15z M16.804,6.116c-0.596,0-1.08,0.484-1.08,1.08 s0.484,1.08,1.08,1.08c0.596,0,1.08-0.484,1.08-1.08S17.401,6.116,16.804,6.116z\"><\/path><\/svg><span class=\"wp-block-social-link-label screen-reader-text\">\u30a4\u30f3\u30b9\u30bf\u30b0\u30e9\u30e0<\/span><\/a><\/li>\n\n<li style=\"color:#fff;background-color:#000000;\" class=\"wp-social-link wp-social-link-twitch has-white-color has-black-background-color wp-block-social-link\"><a rel=\"noopener nofollow\" target=\"_blank\" href=\"https:\/\/www.twitch.tv\/animangastreams2\" class=\"wp-block-social-link-anchor\"><svg width=\"24\" height=\"24\" viewBox=\"0 0 24 24\" version=\"1.1\" xmlns=\"http:\/\/www.w3.org\/2000\/svg\" aria-hidden=\"true\" focusable=\"false\"><path d=\"M16.499,8.089h-1.636v4.91h1.636V8.089z M12,8.089h-1.637v4.91H12V8.089z M4.228,3.178L3,6.451v13.092h4.499V22h2.456 l2.454-2.456h3.681L21,14.636V3.178H4.228z M19.364,13.816l-2.864,2.865H12l-2.453,2.453V16.68H5.863V4.814h13.501V13.816z\"><\/path><\/svg><span class=\"wp-block-social-link-label screen-reader-text\">\u30c4\u30a4\u30c3\u30c1<\/span><\/a><\/li><\/ul>\n\n\n\n<p>AniNite\u306b\u53c2\u52a0\u3057\u305f\u3044\uff1f\u3044\u3044\u306d\uff01\u30b3\u30f3\u30da\u30c6\u30a3\u30b7\u30e7\u30f3\u306b\u53c2\u52a0\u3057\u305f\u3044\u4eba\u3082\u3001\u30d1\u30fc\u30c8\u30ca\u30fc\u3068\u3057\u3066\u53c2\u52a0\u3057\u305f\u3044\u4eba\u3082\u3001\u30b7\u30e7\u30fc\u30a2\u30af\u30c8\u3068\u3057\u3066\u53c2\u52a0\u3057\u305f\u3044\u4eba\u3082\u3001<strong>\u51fa\u5c55\u8005\u3068\u3057\u3066\u53c2\u52a0\u3057\u305f\u3044<\/strong>\u4eba\u3082\u3001<strong>\u30a2\u30fc\u30c6\u30a3\u30b9\u30c8\u3068\u3057\u3066\u53c2\u52a0<\/strong>\u3057\u305f\u3044\u4eba\u3082\u3001<strong>\u30af\u30eb\u30fc\u3068\u3057\u3066<\/strong>\u53c2\u52a0\u3057\u305f\u3044\u4eba\u3082\u3001\u30af\u30ea\u30c3\u30af\u3072\u3068\u3064\u3067\u53c2\u52a0\u767b\u9332\u30d5\u30a9\u30fc\u30e0\u306b\u9032\u3080\u3053\u3068\u304c\u3067\u304d\u308b\uff01AniNite\u3067\u4e00\u7dd2\u306b\u697d\u3057\u3082\u3046\uff01   <\/p>\n<\/div><\/div>\n<\/div><\/div>\n\n<div class=\"wp-block-columns is-layout-flex wp-container-core-columns-is-layout-9d6595d7 wp-block-columns-is-layout-flex\">\n<div class=\"wp-block-column is-vertically-aligned-center is-layout-flow wp-block-column-is-layout-flow\">\n<div style=\"height:10px\" aria-hidden=\"true\" class=\"wp-block-spacer\"><\/div>\n<\/div>\n\n\n\n<div class=\"wp-block-column is-vertically-aligned-center is-layout-flow wp-block-column-is-layout-flow\">\n<div style=\"height:10px\" aria-hidden=\"true\" class=\"wp-block-spacer\"><\/div>\n<\/div>\n\n\n\n<div class=\"wp-block-column is-layout-flow wp-block-column-is-layout-flow\" style=\"flex-basis:100%\">\n<p class=\"has-text-align-center has-medium-font-size\" style=\"font-style:normal;font-weight:600\">\u3082\u3046\u3059\u3050\u3001&#8221;AniNite\u3067\u3001\u65e5\u672c\u306e\u30dd\u30c3\u30d7\u30ab\u30eb\u30c1\u30e3\u30fc\u306e\u9b45\u529b\u306b\u6d78\u308d\u3046\uff01&#8221;\u3068\u306a\u308b\u3002<\/p>\n<\/div>\n<\/div>\n\n<p class=\"has-text-align-center has-text-color has-link-color has-large-font-size wp-elements-cb83c36f60634c32aaf8b807235e35ae\" style=\"color:#6f118a\"><strong><a href=\"https:\/\/vvk.animanga.at\/tickets\" target=\"_blank\" rel=\"noreferrer noopener\">\u30c1\u30b1\u30c3\u30c8\u306f\u3053\u3061\u3089\u304b\u3089  <\/a><\/strong><\/p>\n<div class=\"wp-block-image\">\n<figure class=\"aligncenter size-medium is-resized\"><img loading=\"lazy\" decoding=\"async\" width=\"300\" height=\"284\" src=\"https:\/\/www.aninite.at\/wp-content\/uploads\/\/Ticket-300x284.png\" alt=\"\" class=\"wp-image-34743\" style=\"width:254px;height:auto\" srcset=\"https:\/\/www.aninite.at\/wp-content\/uploads\/Ticket-300x284.png 300w, https:\/\/www.aninite.at\/wp-content\/uploads\/Ticket-1024x969.png 1024w, https:\/\/www.aninite.at\/wp-content\/uploads\/Ticket-768x727.png 768w, https:\/\/www.aninite.at\/wp-content\/uploads\/Ticket-1536x1453.png 1536w, https:\/\/www.aninite.at\/wp-content\/uploads\/Ticket-2048x1938.png 2048w, https:\/\/www.aninite.at\/wp-content\/uploads\/Ticket-1140x1079.png 1140w\" sizes=\"auto, (max-width: 300px) 100vw, 300px\" \/><\/figure>\n<\/div>\n<p><\/p>\n\n<p class=\"has-text-align-center has-text-color\" style=\"color:#6f118a;font-size:40px\"><strong>\u53b3\u3057\u3044\u4e8b\u5b9f<\/strong><\/p>\n\n<div class=\"wp-block-columns has-white-background-color has-text-color has-background is-layout-flex wp-container-core-columns-is-layout-9d6595d7 wp-block-columns-is-layout-flex\" style=\"color:#bf9466\">\n<div class=\"wp-block-column is-layout-flow wp-block-column-is-layout-flow\">\n<p class=\"has-text-align-center has-black-color has-text-color has-link-color has-medium-font-size wp-elements-5348b55213cb05724e61ff413d12950f\"><strong><a href=\"https:\/\/www.google.com\/maps\/place\/Austria+Center+Vienna\/@48.2348734,16.4115471,17z\/data=!3m2!4b1!5s0x476d06ef65d22559:0x738e156a32ba42c7!4m5!3m4!1s0x476d06ef618b7877:0x1afc2f6fe51e9128!8m2!3d48.2348698!4d16.4137358\">\u6240\u5728\u5730<\/a><\/strong><\/p>\n\n\n\n<p class=\"has-text-align-center has-black-color has-text-color\">\u30aa\u30fc\u30b9\u30c8\u30ea\u30a2\u30fb\u30bb\u30f3\u30bf\u30fc\u30fb\u30a6\u30a3\u30fc\u30f3<\/p>\n\n\n\n<p class=\"has-text-align-center has-black-color has-text-color has-link-color wp-elements-f000f308a00ee05d9bba21ff98f6aaf9\">\u30d6\u30eb\u30fc\u30ce\u30fb\u30af\u30e9\u30a4\u30b9\u30ad\u30fc\u5e83\u58341\u756a\u5730\u30011220\u30a6\u30a3\u30fc\u30f3<\/p>\n<\/div>\n\n\n\n<div class=\"wp-block-column is-vertically-aligned-top is-layout-flow wp-block-column-is-layout-flow\">\n<p class=\"has-text-align-center has-black-color has-text-color has-medium-font-size\"><strong>\u55b6\u696d\u6642\u9593<\/strong><\/p>\n\n\n\n<p class=\"has-text-align-center has-black-color has-text-color\"><strong>2026.08.07 - 2026.08.09<\/strong><br\/>\u91d1\u66dc\u65e5\uff1a10:00 - 22:00<br\/>\u571f\u66dc\u65e5\uff1a10:00 - 22:00<br\/>\u65e5\u66dc\u65e5\uff1a10:00 - 18:00<\/p>\n<\/div>\n\n\n\n<div class=\"wp-block-column has-black-color has-text-color is-layout-flow wp-block-column-is-layout-flow\">\n<p class=\"has-text-align-center has-black-color has-text-color has-link-color has-medium-font-size wp-elements-f099aa08085064b499c0fd6d14c2335d\"><strong><a href=\"https:\/\/www.aninite.at\/ja\/kontakt\/\" target=\"_blank\" rel=\"noreferrer noopener\">\u4f55\u304b\u8cea\u554f\u306f\u3042\u308b\u304b\uff1f<\/a><\/strong><\/p>\n\n\n\n<div class=\"wp-block-group has-black-color has-text-color\"><div class=\"wp-block-group__inner-container is-layout-flow wp-block-group-is-layout-flow\">\n<p class=\"has-text-align-center has-black-color has-text-color\">\u304a\u554f\u3044\u5408\u308f\u305b\u306f <a href=\"http:\/\/aninite.at\/kontakt\"><strong>\u304a\u554f\u3044\u5408\u308f\u305b\u30d5\u30a9\u30fc\u30e0<\/strong><\/a><\/p>\n\n\n\n<p><\/p>\n<\/div><\/div>\n<\/div>\n<\/div>\n<div class=\"wp-block-image\">\n<figure class=\"aligncenter size-full\"><img loading=\"lazy\" decoding=\"async\" width=\"728\" height=\"162\" src=\"https:\/\/www.aninite.at\/wp-content\/uploads\/Footer_2026_FL.png\" alt=\"\" class=\"wp-image-34746\" srcset=\"https:\/\/www.aninite.at\/wp-content\/uploads\/Footer_2026_FL.png 728w, https:\/\/www.aninite.at\/wp-content\/uploads\/Footer_2026_FL-300x67.png 300w\" sizes=\"auto, (max-width: 728px) 100vw, 728px\" \/><\/figure>\n<\/div>","protected":false},"excerpt":{"rendered":"<p>\u30a4\u30e9\u30c3\u30b7\u30e3\u30a4\u30de\u30bb\uff01\u6e29\u304b\u304f\u6b53\u8fce\u3059\u308b\uff01 \u30aa\u30fc\u30b9\u30c8\u30ea\u30a2\u6700\u5927\u306e\u30a2\u30cb\u30e1\u30fb\u6f2b\u753b\u30b3\u30f3\u30d9\u30f3\u30b7\u30e7\u30f3\u306b\u3066\uff01 \u72ec\u5275\u7684\u306a\u30ed\u30b1\u30fc\u30b7\u30e7\u30f3\u3068\u5927\u898f\u6a21\u306a\u30d7\u30ed\u30b0\u30e9\u30e0\u3067\u3001\u9031\u672b\u3092\u9b45\u4e86\u3059\u308b\u3053\u3068\u304c\u3067\u304d\u308b\u3002\u4f8b\u5e74\u901a\u308a\u3001AniNite\u306f\u5927\u304d\u306a\u30c7\u30a3\u30fc\u30e9\u30fc\u30fb\u30db\u30fc\u30eb\u3068\u5de8\u5927\u306a\u30a2\u30fc\u30c6\u30a3\u30b9\u30c8\u30fb\u30a2\u30ec\u30a4\u3092\u63d0\u4f9b\u3059\u308b\u3002\u30d5\u30fc\u30c9\u30c8\u30e9\u30c3\u30af\u3082\u591a\u6570\u51fa\u5e97\u3057\u3066\u304a\u308a\u3001\u69d8\u3005\u306a\u6599\u7406\u3092\u697d\u3057\u3080\u3053\u3068\u304c\u3067\u304d\u308b\u3002\u307e\u305f\u3001\u6570\u3048\u5207\u308c\u306a\u3044\u307b\u3069\u306e\u7d20\u6674\u3089\u3057\u3044\u6765\u8cd3\u3084\u30b3\u30f3\u30c6\u30f3\u30c4\u30fb\u30af\u30ea\u30a8\u30fc\u30bf\u30fc\u3068\u51fa\u4f1a\u3046\u6a5f\u4f1a\u3082\u3042\u308b\u3002\u30ef\u30fc\u30af\u30b7\u30e7\u30c3\u30d7\u3084\u30b3\u30f3\u30da\u30c6\u30a3\u30b7\u30e7\u30f3\u306a\u3069\u3001\u3055\u307e\u3056\u307e\u306a\u50ac\u3057\u3092\u7528\u610f\u3057\u3066\u3044\u308b\uff01 \u30bd\u30fc\u30b7\u30e3\u30eb\u30e1\u30c7\u30a3\u30a2\u30fb\u30c1\u30e3\u30f3\u30cd\u30eb\u3092\u30d5\u30a9\u30ed\u30fc\u3057\u3066\u6700\u65b0\u60c5\u5831\u3092\u5165\u624b\u3057\u3088\u3046\uff01 AniNite\u306b\u53c2\u52a0\u3057\u305f\u3044\uff1f\u3044\u3044\u306d\uff01\u30b3\u30f3\u30da\u30c6\u30a3\u30b7\u30e7\u30f3\u306b\u53c2\u52a0\u3057\u305f\u3044\u4eba\u3082\u3001\u30d1\u30fc\u30c8\u30ca\u30fc\u3068\u3057\u3066\u53c2\u52a0\u3057\u305f\u3044\u4eba\u3082\u3001\u30b7\u30e7\u30fc\u30a2\u30af\u30c8\u3068\u3057\u3066\u53c2\u52a0\u3057\u305f\u3044\u4eba\u3082\u3001\u51fa\u5c55\u8005\u3068\u3057\u3066\u53c2\u52a0\u3057\u305f\u3044\u4eba\u3082\u3001\u30a2\u30fc\u30c6\u30a3\u30b9\u30c8\u3068\u3057\u3066\u53c2\u52a0\u3057\u305f\u3044\u4eba\u3082\u3001\u30af\u30eb\u30fc\u3068\u3057\u3066\u53c2\u52a0\u3057\u305f\u3044\u4eba\u3082\u3001\u30af\u30ea\u30c3\u30af\u3072\u3068\u3064\u3067\u53c2\u52a0\u767b\u9332\u30d5\u30a9\u30fc\u30e0\u306b\u9032\u3080\u3053\u3068\u304c\u3067\u304d\u308b\uff01AniNite\u3067\u4e00\u7dd2\u306b\u697d\u3057\u3082\u3046\uff01 \u3082\u3046\u3059\u3050\u3001&#8221;AniNite\u3067\u3001\u65e5\u672c\u306e\u30dd\u30c3\u30d7\u30ab\u30eb\u30c1\u30e3\u30fc\u306e\u9b45\u529b\u306b\u6d78\u308d\u3046\uff01&#8221;\u3068\u306a\u308b\u3002 \u30c1\u30b1\u30c3\u30c8\u306f\u3053\u3061\u3089\u304b\u3089 \u53b3\u3057\u3044\u4e8b\u5b9f \u6240\u5728\u5730 \u30aa\u30fc\u30b9\u30c8\u30ea\u30a2\u30fb\u30bb\u30f3\u30bf\u30fc\u30fb\u30a6\u30a3\u30fc\u30f3 \u30d6\u30eb\u30fc\u30ce\u30fb\u30af\u30e9\u30a4\u30b9\u30ad\u30fc\u5e83\u58341\u756a\u5730\u30011220\u30a6\u30a3\u30fc\u30f3 \u55b6\u696d\u6642\u9593 2026.08.07 - 2026.08.09\u91d1\u66dc\u65e5\uff1a10:00 - 22:00\u571f\u66dc\u65e5\uff1a10:00 - 22:00\u65e5\u66dc\u65e5\uff1a10:00 - 18:00 \u4f55\u304b\u8cea\u554f\u306f\u3042\u308b\u304b\uff1f \u304a\u554f\u3044\u5408\u308f\u305b\u306f \u304a\u554f\u3044\u5408\u308f\u305b\u30d5\u30a9\u30fc\u30e0<\/p>\n","protected":false},"author":10,"featured_media":0,"parent":0,"menu_order":0,"comment_status":"closed","ping_status":"closed","template":"","meta":{"inline_featured_image":false,"footnotes":""},"class_list":["post-32090","page","type-page","status-publish","hentry"],"yoast_head":"<!-- This site is optimized with the Yoast SEO plugin v27.3 - https:\/\/yoast.com\/product\/yoast-seo-wordpress\/ -->\n<title>\u3088\u3046\u3053\u305d - AniNite<\/title>\n<meta name=\"description\" content=\"\u30aa\u30fc\u30b9\u30c8\u30ea\u30a2\u6700\u5927\u306e\u30a2\u30cb\u30e1\u30fb\u6f2b\u753b\u30b3\u30f3\u30d9\u30f3\u30b7\u30e7\u30f3\uff01\u30b3\u30b9\u30d7\u30ec\u3001AMV\u3001\u30a2\u30fc\u30c6\u30a3\u30b9\u30c8\u3001\u30d5\u30a3\u30eb\u30e0\u30eb\u30fc\u30e0\u306a\u3069\u3001\u65e5\u672c\u306e\u30dd\u30c3\u30d7\u30ab\u30eb\u30c1\u30e3\u30fc\u306b\u3069\u3063\u3077\u308a\u6d78\u304b\u308d\u3046\uff01\" \/>\n<meta name=\"robots\" content=\"index, follow, max-snippet:-1, max-image-preview:large, max-video-preview:-1\" \/>\n<link rel=\"canonical\" href=\"https:\/\/www.aninite.at\/ja\/\" \/>\n<meta property=\"og:locale\" content=\"ja_JP\" \/>\n<meta property=\"og:type\" content=\"article\" \/>\n<meta property=\"og:title\" content=\"\u30a2\u30cb\u30ca\u30a4\u30c8\" \/>\n<meta property=\"og:description\" content=\"\u30aa\u30fc\u30b9\u30c8\u30ea\u30a2\u6700\u5927\u306e\u30a2\u30cb\u30e1\u30fb\u6f2b\u753b\u30b3\u30f3\u30d9\u30f3\u30b7\u30e7\u30f3\uff01\u30b3\u30b9\u30d7\u30ec\u3001AMV\u3001\u30a2\u30fc\u30c6\u30a3\u30b9\u30c8\u3001\u30d5\u30a3\u30eb\u30e0\u30eb\u30fc\u30e0\u306a\u3069\u3001\u65e5\u672c\u306e\u30dd\u30c3\u30d7\u30ab\u30eb\u30c1\u30e3\u30fc\u306b\u3069\u3063\u3077\u308a\u6d78\u304b\u308d\u3046\uff01\" \/>\n<meta property=\"og:url\" content=\"https:\/\/www.aninite.at\/ja\/\" \/>\n<meta property=\"og:site_name\" content=\"AniNite\" \/>\n<meta property=\"article:publisher\" content=\"https:\/\/www.facebook.com\/AniMangaAustria\" \/>\n<meta property=\"article:modified_time\" content=\"2026-02-19T21:50:22+00:00\" \/>\n<meta property=\"og:image\" content=\"https:\/\/www.aninite.at\/wp-content\/uploads\/Icon-1024x800.png\" \/>\n<meta name=\"twitter:card\" content=\"summary_large_image\" \/>\n<meta name=\"twitter:title\" content=\"\u30a2\u30cb\u30ca\u30a4\u30c8\" \/>\n<meta name=\"twitter:description\" content=\"\u30aa\u30fc\u30b9\u30c8\u30ea\u30a2\u6700\u5927\u306e\u30a2\u30cb\u30e1\u30fb\u6f2b\u753b\u30b3\u30f3\u30d9\u30f3\u30b7\u30e7\u30f3\uff01\u30b3\u30b9\u30d7\u30ec\u3001AMV\u3001\u30a2\u30fc\u30c6\u30a3\u30b9\u30c8\u3001\u30e1\u30a4\u30c9\u30ab\u30d5\u30a7\u306a\u3069\u3001\u65e5\u672c\u306e\u30dd\u30c3\u30d7\u30ab\u30eb\u30c1\u30e3\u30fc\u306b\u3069\u3063\u3077\u308a\u6d78\u304b\u308d\u3046\uff01\" \/>\n<meta name=\"twitter:image\" content=\"https:\/\/www.aninite.at\/wp-content\/uploads\/Icon-1024x800.png\" \/>\n<script type=\"application\/ld+json\" class=\"yoast-schema-graph\">{\"@context\":\"https:\\\/\\\/schema.org\",\"@graph\":[{\"@type\":\"WebPage\",\"@id\":\"https:\\\/\\\/www.aninite.at\\\/ja\\\/\",\"url\":\"https:\\\/\\\/www.aninite.at\\\/ja\\\/\",\"name\":\"\u3088\u3046\u3053\u305d - AniNite\",\"isPartOf\":{\"@id\":\"https:\\\/\\\/www.aninite.at\\\/ja\\\/#website\"},\"primaryImageOfPage\":{\"@id\":\"https:\\\/\\\/www.aninite.at\\\/ja\\\/#primaryimage\"},\"image\":{\"@id\":\"https:\\\/\\\/www.aninite.at\\\/ja\\\/#primaryimage\"},\"thumbnailUrl\":\"https:\\\/\\\/www.aninite.at\\\/wp-content\\\/uploads\\\/\\\/PageTitelBanner.svg\",\"datePublished\":\"2025-03-25T23:13:11+00:00\",\"dateModified\":\"2026-02-19T21:50:22+00:00\",\"description\":\"\u30aa\u30fc\u30b9\u30c8\u30ea\u30a2\u6700\u5927\u306e\u30a2\u30cb\u30e1\u30fb\u6f2b\u753b\u30b3\u30f3\u30d9\u30f3\u30b7\u30e7\u30f3\uff01\u30b3\u30b9\u30d7\u30ec\u3001AMV\u3001\u30a2\u30fc\u30c6\u30a3\u30b9\u30c8\u3001\u30d5\u30a3\u30eb\u30e0\u30eb\u30fc\u30e0\u306a\u3069\u3001\u65e5\u672c\u306e\u30dd\u30c3\u30d7\u30ab\u30eb\u30c1\u30e3\u30fc\u306b\u3069\u3063\u3077\u308a\u6d78\u304b\u308d\u3046\uff01\",\"breadcrumb\":{\"@id\":\"https:\\\/\\\/www.aninite.at\\\/ja\\\/#breadcrumb\"},\"inLanguage\":\"ja\",\"potentialAction\":[{\"@type\":\"ReadAction\",\"target\":[\"https:\\\/\\\/www.aninite.at\\\/ja\\\/\"]}]},{\"@type\":\"ImageObject\",\"inLanguage\":\"ja\",\"@id\":\"https:\\\/\\\/www.aninite.at\\\/ja\\\/#primaryimage\",\"url\":\"https:\\\/\\\/www.aninite.at\\\/wp-content\\\/uploads\\\/\\\/PageTitelBanner.svg\",\"contentUrl\":\"https:\\\/\\\/www.aninite.at\\\/wp-content\\\/uploads\\\/\\\/PageTitelBanner.svg\"},{\"@type\":\"BreadcrumbList\",\"@id\":\"https:\\\/\\\/www.aninite.at\\\/ja\\\/#breadcrumb\",\"itemListElement\":[{\"@type\":\"ListItem\",\"position\":1,\"name\":\"Startseite\",\"item\":\"https:\\\/\\\/www.aninite.at\\\/ja\\\/willkommen\\\/\"},{\"@type\":\"ListItem\",\"position\":2,\"name\":\"\u3088\u3046\u3053\u305d\"}]},{\"@type\":\"WebSite\",\"@id\":\"https:\\\/\\\/www.aninite.at\\\/ja\\\/#website\",\"url\":\"https:\\\/\\\/www.aninite.at\\\/ja\\\/\",\"name\":\"AniNite\",\"description\":\"\u00d6sterreichs gr\u00f6\u00dfte Anime-, Manga- und Comic-Convention\",\"potentialAction\":[{\"@type\":\"SearchAction\",\"target\":{\"@type\":\"EntryPoint\",\"urlTemplate\":\"https:\\\/\\\/www.aninite.at\\\/ja\\\/?s={search_term_string}\"},\"query-input\":{\"@type\":\"PropertyValueSpecification\",\"valueRequired\":true,\"valueName\":\"search_term_string\"}}],\"inLanguage\":\"ja\"}]}<\/script>\n<!-- \/ Yoast SEO plugin. -->","yoast_head_json":{"title":"\u3088\u3046\u3053\u305d - AniNite","description":"\u30aa\u30fc\u30b9\u30c8\u30ea\u30a2\u6700\u5927\u306e\u30a2\u30cb\u30e1\u30fb\u6f2b\u753b\u30b3\u30f3\u30d9\u30f3\u30b7\u30e7\u30f3\uff01\u30b3\u30b9\u30d7\u30ec\u3001AMV\u3001\u30a2\u30fc\u30c6\u30a3\u30b9\u30c8\u3001\u30d5\u30a3\u30eb\u30e0\u30eb\u30fc\u30e0\u306a\u3069\u3001\u65e5\u672c\u306e\u30dd\u30c3\u30d7\u30ab\u30eb\u30c1\u30e3\u30fc\u306b\u3069\u3063\u3077\u308a\u6d78\u304b\u308d\u3046\uff01","robots":{"index":"index","follow":"follow","max-snippet":"max-snippet:-1","max-image-preview":"max-image-preview:large","max-video-preview":"max-video-preview:-1"},"canonical":"https:\/\/www.aninite.at\/ja\/","og_locale":"ja_JP","og_type":"article","og_title":"\u30a2\u30cb\u30ca\u30a4\u30c8","og_description":"\u30aa\u30fc\u30b9\u30c8\u30ea\u30a2\u6700\u5927\u306e\u30a2\u30cb\u30e1\u30fb\u6f2b\u753b\u30b3\u30f3\u30d9\u30f3\u30b7\u30e7\u30f3\uff01\u30b3\u30b9\u30d7\u30ec\u3001AMV\u3001\u30a2\u30fc\u30c6\u30a3\u30b9\u30c8\u3001\u30d5\u30a3\u30eb\u30e0\u30eb\u30fc\u30e0\u306a\u3069\u3001\u65e5\u672c\u306e\u30dd\u30c3\u30d7\u30ab\u30eb\u30c1\u30e3\u30fc\u306b\u3069\u3063\u3077\u308a\u6d78\u304b\u308d\u3046\uff01","og_url":"https:\/\/www.aninite.at\/ja\/","og_site_name":"AniNite","article_publisher":"https:\/\/www.facebook.com\/AniMangaAustria","article_modified_time":"2026-02-19T21:50:22+00:00","og_image":[{"url":"https:\/\/www.aninite.at\/wp-content\/uploads\/Icon-1024x800.png","type":"","width":"","height":""}],"twitter_card":"summary_large_image","twitter_title":"\u30a2\u30cb\u30ca\u30a4\u30c8","twitter_description":"\u30aa\u30fc\u30b9\u30c8\u30ea\u30a2\u6700\u5927\u306e\u30a2\u30cb\u30e1\u30fb\u6f2b\u753b\u30b3\u30f3\u30d9\u30f3\u30b7\u30e7\u30f3\uff01\u30b3\u30b9\u30d7\u30ec\u3001AMV\u3001\u30a2\u30fc\u30c6\u30a3\u30b9\u30c8\u3001\u30e1\u30a4\u30c9\u30ab\u30d5\u30a7\u306a\u3069\u3001\u65e5\u672c\u306e\u30dd\u30c3\u30d7\u30ab\u30eb\u30c1\u30e3\u30fc\u306b\u3069\u3063\u3077\u308a\u6d78\u304b\u308d\u3046\uff01","twitter_image":"https:\/\/www.aninite.at\/wp-content\/uploads\/Icon-1024x800.png","schema":{"@context":"https:\/\/schema.org","@graph":[{"@type":"WebPage","@id":"https:\/\/www.aninite.at\/ja\/","url":"https:\/\/www.aninite.at\/ja\/","name":"\u3088\u3046\u3053\u305d - AniNite","isPartOf":{"@id":"https:\/\/www.aninite.at\/ja\/#website"},"primaryImageOfPage":{"@id":"https:\/\/www.aninite.at\/ja\/#primaryimage"},"image":{"@id":"https:\/\/www.aninite.at\/ja\/#primaryimage"},"thumbnailUrl":"https:\/\/www.aninite.at\/wp-content\/uploads\/\/PageTitelBanner.svg","datePublished":"2025-03-25T23:13:11+00:00","dateModified":"2026-02-19T21:50:22+00:00","description":"\u30aa\u30fc\u30b9\u30c8\u30ea\u30a2\u6700\u5927\u306e\u30a2\u30cb\u30e1\u30fb\u6f2b\u753b\u30b3\u30f3\u30d9\u30f3\u30b7\u30e7\u30f3\uff01\u30b3\u30b9\u30d7\u30ec\u3001AMV\u3001\u30a2\u30fc\u30c6\u30a3\u30b9\u30c8\u3001\u30d5\u30a3\u30eb\u30e0\u30eb\u30fc\u30e0\u306a\u3069\u3001\u65e5\u672c\u306e\u30dd\u30c3\u30d7\u30ab\u30eb\u30c1\u30e3\u30fc\u306b\u3069\u3063\u3077\u308a\u6d78\u304b\u308d\u3046\uff01","breadcrumb":{"@id":"https:\/\/www.aninite.at\/ja\/#breadcrumb"},"inLanguage":"ja","potentialAction":[{"@type":"ReadAction","target":["https:\/\/www.aninite.at\/ja\/"]}]},{"@type":"ImageObject","inLanguage":"ja","@id":"https:\/\/www.aninite.at\/ja\/#primaryimage","url":"https:\/\/www.aninite.at\/wp-content\/uploads\/\/PageTitelBanner.svg","contentUrl":"https:\/\/www.aninite.at\/wp-content\/uploads\/\/PageTitelBanner.svg"},{"@type":"BreadcrumbList","@id":"https:\/\/www.aninite.at\/ja\/#breadcrumb","itemListElement":[{"@type":"ListItem","position":1,"name":"Startseite","item":"https:\/\/www.aninite.at\/ja\/willkommen\/"},{"@type":"ListItem","position":2,"name":"\u3088\u3046\u3053\u305d"}]},{"@type":"WebSite","@id":"https:\/\/www.aninite.at\/ja\/#website","url":"https:\/\/www.aninite.at\/ja\/","name":"AniNite","description":"\u00d6sterreichs gr\u00f6\u00dfte Anime-, Manga- und Comic-Convention","potentialAction":[{"@type":"SearchAction","target":{"@type":"EntryPoint","urlTemplate":"https:\/\/www.aninite.at\/ja\/?s={search_term_string}"},"query-input":{"@type":"PropertyValueSpecification","valueRequired":true,"valueName":"search_term_string"}}],"inLanguage":"ja"}]}},"acf":[],"_links":{"self":[{"href":"https:\/\/www.aninite.at\/ja\/wp-json\/wp\/v2\/pages\/32090","targetHints":{"allow":["GET"]}}],"collection":[{"href":"https:\/\/www.aninite.at\/ja\/wp-json\/wp\/v2\/pages"}],"about":[{"href":"https:\/\/www.aninite.at\/ja\/wp-json\/wp\/v2\/types\/page"}],"author":[{"embeddable":true,"href":"https:\/\/www.aninite.at\/ja\/wp-json\/wp\/v2\/users\/10"}],"replies":[{"embeddable":true,"href":"https:\/\/www.aninite.at\/ja\/wp-json\/wp\/v2\/comments?post=32090"}],"version-history":[{"count":20,"href":"https:\/\/www.aninite.at\/ja\/wp-json\/wp\/v2\/pages\/32090\/revisions"}],"predecessor-version":[{"id":34818,"href":"https:\/\/www.aninite.at\/ja\/wp-json\/wp\/v2\/pages\/32090\/revisions\/34818"}],"wp:attachment":[{"href":"https:\/\/www.aninite.at\/ja\/wp-json\/wp\/v2\/media?parent=32090"}],"curies":[{"name":"wp","href":"https:\/\/api.w.org\/{rel}","templated":true}]}}