{"id":32101,"date":"2025-03-26T00:06:22","date_gmt":"2025-03-25T23:06:22","guid":{"rendered":"https:\/\/www.aninite.at\/kontakt\/"},"modified":"2026-02-19T22:09:08","modified_gmt":"2026-02-19T21:09:08","slug":"kontakt","status":"publish","type":"page","link":"https:\/\/www.aninite.at\/ja\/kontakt\/","title":{"rendered":"\u304a\u554f\u3044\u5408\u308f\u305b"},"content":{"rendered":"<div class=\"wp-block-image\">\n<figure class=\"aligncenter size-full\"><img loading=\"lazy\" decoding=\"async\" width=\"700\" height=\"72\" src=\"https:\/\/www.aninite.at\/wp-content\/uploads\/\/PageTitelBanner.svg\" alt=\"\" class=\"wp-image-34807\" title=\"&#x30BF;&#x30A4;&#x30C8;&#x30EB;\"\/><\/figure>\n<\/div>\n<div class=\"wp-block-contact-form-7-contact-form-selector\">\n<div class=\"wpcf7 no-js\" id=\"wpcf7-f33991-o1\" lang=\"ja\" dir=\"ltr\" data-wpcf7-id=\"33991\">\n<div class=\"screen-reader-response\"><p role=\"status\" aria-live=\"polite\" aria-atomic=\"true\"><\/p> <ul><\/ul><\/div>\n<form action=\"\/ja\/wp-json\/wp\/v2\/pages\/32101#wpcf7-f33991-o1\" method=\"post\" class=\"wpcf7-form init\" aria-label=\"\u30b3\u30f3\u30bf\u30af\u30c8\u30d5\u30a9\u30fc\u30e0\" novalidate=\"novalidate\" data-status=\"init\">\n<fieldset class=\"hidden-fields-container\"><input type=\"hidden\" name=\"_wpcf7\" value=\"33991\" \/><input type=\"hidden\" name=\"_wpcf7_version\" value=\"6.1.5\" \/><input type=\"hidden\" name=\"_wpcf7_locale\" value=\"ja\" \/><input type=\"hidden\" name=\"_wpcf7_unit_tag\" value=\"wpcf7-f33991-o1\" \/><input type=\"hidden\" name=\"_wpcf7_container_post\" value=\"0\" \/><input type=\"hidden\" name=\"_wpcf7_posted_data_hash\" value=\"\" \/>\n<\/fieldset>\n<p><label>\u7bc4\u56f2<\/label><br \/>\n<span class=\"wpcf7-form-control-wrap\" data-name=\"anb\"><select class=\"wpcf7-form-control wpcf7-select wpcf7-validates-as-required\" aria-required=\"true\" aria-invalid=\"false\" name=\"anb\"><option value=\"\u3067\u3042\u308b\u3002\" selected=\"selected\">\u3067\u3042\u308b\u3002<\/option><option value=\"\u4e00\u822c\">\u4e00\u822c<\/option><option value=\"AMV\">AMV<\/option><option value=\"\u30a2\u30fc\u30c6\u30a3\u30b9\u30c8\u30fb\u30a2\u30ec\u30a4\">\u30a2\u30fc\u30c6\u30a3\u30b9\u30c8\u30fb\u30a2\u30ec\u30a4<\/option><option value=\"\u30b3\u30b9\u30d7\u30ec\">\u30b3\u30b9\u30d7\u30ec<\/option><option value=\"\u30b3\u30b9\u30d7\u30ec\u5199\u771f\">\u30b3\u30b9\u30d7\u30ec\u5199\u771f<\/option><option value=\"\u30af\u30eb\u30fc\">\u30af\u30eb\u30fc<\/option><option value=\"\u30c0\u30f3\u30b9\">\u30c0\u30f3\u30b9<\/option><option value=\"\u30d5\u30a1\u30ca\u30fc\u30c8\">\u30d5\u30a1\u30ca\u30fc\u30c8<\/option><option value=\"\u30d5\u30a1\u30ca\u30fc\u30c8\u6d6e\u4e16\u7d75\">\u30d5\u30a1\u30ca\u30fc\u30c8\u6d6e\u4e16\u7d75<\/option><option value=\"\u77ed\u7de8\u96c6\">\u77ed\u7de8\u96c6<\/option><option value=\"\u30c7\u30a3\u30fc\u30e9\u30fc\">\u30c7\u30a3\u30fc\u30e9\u30fc<\/option><option value=\"\u30df\u30fc\u30e0\">\u30df\u30fc\u30e0<\/option><option value=\"\u30d7\u30ec\u30b9\">\u30d7\u30ec\u30b9<\/option><option value=\"\u756a\u7d44\u3092\u63d0\u6848\u3059\u308b\">\u756a\u7d44\u3092\u63d0\u6848\u3059\u308b<\/option><option value=\"\u6b66\u5668\u30c1\u30a7\u30c3\u30af\">\u6b66\u5668\u30c1\u30a7\u30c3\u30af<\/option><option value=\"\u4e8b\u524d\u4e88\u7d04\">\u4e8b\u524d\u4e88\u7d04<\/option><option value=\"\u30d5\u30a3\u30ae\u30e5\u30a2\u306e\u5199\u771f\">\u30d5\u30a3\u30ae\u30e5\u30a2\u306e\u5199\u771f<\/option><option value=\"\u5fd8\u308c\u7269\">\u5fd8\u308c\u7269<\/option><\/select><\/span><br \/>\n<label>\u304a\u540d\u524d<\/label><br \/>\n<span class=\"wpcf7-form-control-wrap\" data-name=\"your-name\"><input size=\"30\" maxlength=\"60\" class=\"wpcf7-form-control wpcf7-text wpcf7-validates-as-required\" aria-required=\"true\" aria-invalid=\"false\" value=\"\" type=\"text\" name=\"your-name\" \/><\/span><br \/>\n<label>E\u30e1\u30fc\u30eb\u30a2\u30c9\u30ec\u30b9<\/label><br \/>\n<span class=\"wpcf7-form-control-wrap\" data-name=\"your-email\"><input size=\"40\" maxlength=\"400\" class=\"wpcf7-form-control wpcf7-email wpcf7-validates-as-required wpcf7-text wpcf7-validates-as-email\" aria-required=\"true\" aria-invalid=\"false\" value=\"\" type=\"email\" name=\"your-email\" \/><\/span><br \/>\n<label>\u4e3b\u984c<\/label><br \/>\n<span class=\"wpcf7-form-control-wrap\" data-name=\"your-subject\"><input size=\"40\" maxlength=\"400\" class=\"wpcf7-form-control wpcf7-text wpcf7-validates-as-required\" aria-required=\"true\" aria-invalid=\"false\" value=\"\" type=\"text\" name=\"your-subject\" \/><\/span><br \/>\n<label>\u3042\u306a\u305f\u306e\u30e1\u30c3\u30bb\u30fc\u30b8<\/label><br \/>\n<span class=\"wpcf7-form-control-wrap\" data-name=\"your-message\"><textarea cols=\"40\" rows=\"10\" maxlength=\"2000\" class=\"wpcf7-form-control wpcf7-textarea wpcf7-validates-as-required\" aria-required=\"true\" aria-invalid=\"false\" name=\"your-message\"><\/textarea><\/span>\n<\/p>\n<p><input class=\"wpcf7-form-control wpcf7-submit has-spinner\" type=\"submit\" value=\"\u9001\u4fe1\u3059\u308b\" \/>\n<\/p><div class=\"wpcf7-response-output\" aria-hidden=\"true\"><\/div>\n<\/form>\n<\/div>\n<\/div>\n<div class=\"wp-block-image\">\n<figure class=\"aligncenter size-full\"><img loading=\"lazy\" decoding=\"async\" width=\"728\" height=\"162\" src=\"https:\/\/www.aninite.at\/wp-content\/uploads\/Footer_2026_FL.png\" alt=\"\" class=\"wp-image-34746\" srcset=\"https:\/\/www.aninite.at\/wp-content\/uploads\/Footer_2026_FL.png 728w, https:\/\/www.aninite.at\/wp-content\/uploads\/Footer_2026_FL-300x67.png 300w\" sizes=\"auto, (max-width: 728px) 100vw, 728px\" \/><\/figure>\n<\/div>\n<p><\/p>\n","protected":false},"excerpt":{"rendered":"","protected":false},"author":10,"featured_media":0,"parent":0,"menu_order":0,"comment_status":"closed","ping_status":"closed","template":"","meta":{"inline_featured_image":false,"footnotes":""},"class_list":["post-32101","page","type-page","status-publish","hentry"],"yoast_head":"<!-- This site is optimized with the Yoast SEO plugin v27.4 - https:\/\/yoast.com\/product\/yoast-seo-wordpress\/ -->\n<title>\u304a\u554f\u3044\u5408\u308f\u305b - AniNite<\/title>\n<meta name=\"description\" content=\"\u79c1\u305f\u3061\u3068\u9023\u7d61\u3092\u53d6\u308a\u305f\u3044\u3067\u3059\u304b\uff1f \u3042\u306a\u305f\u306f\u6b63\u3057\u3044\u5834\u6240\u306b\u6765\u305f\u3001\u79c1\u305f\u3061\u306b\u30e1\u30c3\u30bb\u30fc\u30b8\u3092\u66f8\u3044\u3066\u3001\u79c1\u305f\u3061\u306f\u3042\u306a\u305f\u306e\u8981\u6c42\u306b\u5bfe\u51e6\u3059\u308b\uff01\" \/>\n<meta name=\"robots\" content=\"index, follow, max-snippet:-1, max-image-preview:large, max-video-preview:-1\" \/>\n<link rel=\"canonical\" href=\"https:\/\/www.aninite.at\/ja\/kontakt\/\" \/>\n<meta property=\"og:locale\" content=\"ja_JP\" \/>\n<meta property=\"og:type\" content=\"article\" \/>\n<meta property=\"og:title\" content=\"\u304a\u554f\u3044\u5408\u308f\u305b - AniNite\" \/>\n<meta property=\"og:description\" content=\"\u79c1\u305f\u3061\u3068\u9023\u7d61\u3092\u53d6\u308a\u305f\u3044\u3067\u3059\u304b\uff1f \u3042\u306a\u305f\u306f\u6b63\u3057\u3044\u5834\u6240\u306b\u6765\u305f\u3001\u79c1\u305f\u3061\u306b\u30e1\u30c3\u30bb\u30fc\u30b8\u3092\u66f8\u3044\u3066\u3001\u79c1\u305f\u3061\u306f\u3042\u306a\u305f\u306e\u8981\u6c42\u306b\u5bfe\u51e6\u3059\u308b\uff01\" \/>\n<meta property=\"og:url\" content=\"https:\/\/www.aninite.at\/ja\/kontakt\/\" \/>\n<meta property=\"og:site_name\" content=\"AniNite\" \/>\n<meta property=\"article:publisher\" content=\"https:\/\/www.facebook.com\/AniMangaAustria\" \/>\n<meta property=\"article:modified_time\" content=\"2026-02-19T21:09:08+00:00\" \/>\n<meta property=\"og:image\" content=\"https:\/\/www.aninite.at\/wp-content\/uploads\/cropped-Icon_2025.jpg\" \/>\n\t<meta property=\"og:image:width\" content=\"512\" \/>\n\t<meta property=\"og:image:height\" content=\"512\" \/>\n\t<meta property=\"og:image:type\" content=\"image\/jpeg\" \/>\n<meta name=\"twitter:card\" content=\"summary_large_image\" \/>\n<meta name=\"twitter:title\" content=\"\u30a2\u30cb\u30ca\u30a4\u30c8\" \/>\n<meta name=\"twitter:description\" content=\"\u79c1\u305f\u3061\u3068\u9023\u7d61\u3092\u53d6\u308a\u305f\u3044\u3067\u3059\u304b\uff1f \u3042\u306a\u305f\u306f\u6b63\u3057\u3044\u5834\u6240\u306b\u6765\u305f\u3001\u79c1\u305f\u3061\u306b\u30e1\u30c3\u30bb\u30fc\u30b8\u3092\u66f8\u3044\u3066\u3001\u79c1\u305f\u3061\u306f\u3042\u306a\u305f\u306e\u8981\u6c42\u306b\u5bfe\u51e6\u3059\u308b\uff01\" \/>\n<meta name=\"twitter:image\" content=\"https:\/\/www.aninite.at\/wp-content\/uploads\/cropped-Icon_2022-1.jpg\" \/>\n<script type=\"application\/ld+json\" class=\"yoast-schema-graph\">{\"@context\":\"https:\\\/\\\/schema.org\",\"@graph\":[{\"@type\":\"WebPage\",\"@id\":\"https:\\\/\\\/www.aninite.at\\\/ja\\\/kontakt\\\/\",\"url\":\"https:\\\/\\\/www.aninite.at\\\/ja\\\/kontakt\\\/\",\"name\":\"\u304a\u554f\u3044\u5408\u308f\u305b - AniNite\",\"isPartOf\":{\"@id\":\"https:\\\/\\\/www.aninite.at\\\/ja\\\/#website\"},\"primaryImageOfPage\":{\"@id\":\"https:\\\/\\\/www.aninite.at\\\/ja\\\/kontakt\\\/#primaryimage\"},\"image\":{\"@id\":\"https:\\\/\\\/www.aninite.at\\\/ja\\\/kontakt\\\/#primaryimage\"},\"thumbnailUrl\":\"https:\\\/\\\/www.aninite.at\\\/wp-content\\\/uploads\\\/\\\/PageTitelBanner.svg\",\"datePublished\":\"2025-03-25T23:06:22+00:00\",\"dateModified\":\"2026-02-19T21:09:08+00:00\",\"description\":\"\u79c1\u305f\u3061\u3068\u9023\u7d61\u3092\u53d6\u308a\u305f\u3044\u3067\u3059\u304b\uff1f \u3042\u306a\u305f\u306f\u6b63\u3057\u3044\u5834\u6240\u306b\u6765\u305f\u3001\u79c1\u305f\u3061\u306b\u30e1\u30c3\u30bb\u30fc\u30b8\u3092\u66f8\u3044\u3066\u3001\u79c1\u305f\u3061\u306f\u3042\u306a\u305f\u306e\u8981\u6c42\u306b\u5bfe\u51e6\u3059\u308b\uff01\",\"breadcrumb\":{\"@id\":\"https:\\\/\\\/www.aninite.at\\\/ja\\\/kontakt\\\/#breadcrumb\"},\"inLanguage\":\"ja\",\"potentialAction\":[{\"@type\":\"ReadAction\",\"target\":[\"https:\\\/\\\/www.aninite.at\\\/ja\\\/kontakt\\\/\"]}]},{\"@type\":\"ImageObject\",\"inLanguage\":\"ja\",\"@id\":\"https:\\\/\\\/www.aninite.at\\\/ja\\\/kontakt\\\/#primaryimage\",\"url\":\"https:\\\/\\\/www.aninite.at\\\/wp-content\\\/uploads\\\/\\\/PageTitelBanner.svg\",\"contentUrl\":\"https:\\\/\\\/www.aninite.at\\\/wp-content\\\/uploads\\\/\\\/PageTitelBanner.svg\"},{\"@type\":\"BreadcrumbList\",\"@id\":\"https:\\\/\\\/www.aninite.at\\\/ja\\\/kontakt\\\/#breadcrumb\",\"itemListElement\":[{\"@type\":\"ListItem\",\"position\":1,\"name\":\"Startseite\",\"item\":\"https:\\\/\\\/www.aninite.at\\\/ja\\\/willkommen\\\/\"},{\"@type\":\"ListItem\",\"position\":2,\"name\":\"\u304a\u554f\u3044\u5408\u308f\u305b\"}]},{\"@type\":\"WebSite\",\"@id\":\"https:\\\/\\\/www.aninite.at\\\/ja\\\/#website\",\"url\":\"https:\\\/\\\/www.aninite.at\\\/ja\\\/\",\"name\":\"AniNite\",\"description\":\"\u00d6sterreichs gr\u00f6\u00dfte Anime-, Manga- und Comic-Convention\",\"potentialAction\":[{\"@type\":\"SearchAction\",\"target\":{\"@type\":\"EntryPoint\",\"urlTemplate\":\"https:\\\/\\\/www.aninite.at\\\/ja\\\/?s={search_term_string}\"},\"query-input\":{\"@type\":\"PropertyValueSpecification\",\"valueRequired\":true,\"valueName\":\"search_term_string\"}}],\"inLanguage\":\"ja\"}]}<\/script>\n<!-- \/ Yoast SEO plugin. -->","yoast_head_json":{"title":"\u304a\u554f\u3044\u5408\u308f\u305b - AniNite","description":"\u79c1\u305f\u3061\u3068\u9023\u7d61\u3092\u53d6\u308a\u305f\u3044\u3067\u3059\u304b\uff1f \u3042\u306a\u305f\u306f\u6b63\u3057\u3044\u5834\u6240\u306b\u6765\u305f\u3001\u79c1\u305f\u3061\u306b\u30e1\u30c3\u30bb\u30fc\u30b8\u3092\u66f8\u3044\u3066\u3001\u79c1\u305f\u3061\u306f\u3042\u306a\u305f\u306e\u8981\u6c42\u306b\u5bfe\u51e6\u3059\u308b\uff01","robots":{"index":"index","follow":"follow","max-snippet":"max-snippet:-1","max-image-preview":"max-image-preview:large","max-video-preview":"max-video-preview:-1"},"canonical":"https:\/\/www.aninite.at\/ja\/kontakt\/","og_locale":"ja_JP","og_type":"article","og_title":"\u304a\u554f\u3044\u5408\u308f\u305b - AniNite","og_description":"\u79c1\u305f\u3061\u3068\u9023\u7d61\u3092\u53d6\u308a\u305f\u3044\u3067\u3059\u304b\uff1f \u3042\u306a\u305f\u306f\u6b63\u3057\u3044\u5834\u6240\u306b\u6765\u305f\u3001\u79c1\u305f\u3061\u306b\u30e1\u30c3\u30bb\u30fc\u30b8\u3092\u66f8\u3044\u3066\u3001\u79c1\u305f\u3061\u306f\u3042\u306a\u305f\u306e\u8981\u6c42\u306b\u5bfe\u51e6\u3059\u308b\uff01","og_url":"https:\/\/www.aninite.at\/ja\/kontakt\/","og_site_name":"AniNite","article_publisher":"https:\/\/www.facebook.com\/AniMangaAustria","article_modified_time":"2026-02-19T21:09:08+00:00","og_image":[{"width":512,"height":512,"url":"https:\/\/www.aninite.at\/wp-content\/uploads\/cropped-Icon_2025.jpg","type":"image\/jpeg"}],"twitter_card":"summary_large_image","twitter_title":"\u30a2\u30cb\u30ca\u30a4\u30c8","twitter_description":"\u79c1\u305f\u3061\u3068\u9023\u7d61\u3092\u53d6\u308a\u305f\u3044\u3067\u3059\u304b\uff1f \u3042\u306a\u305f\u306f\u6b63\u3057\u3044\u5834\u6240\u306b\u6765\u305f\u3001\u79c1\u305f\u3061\u306b\u30e1\u30c3\u30bb\u30fc\u30b8\u3092\u66f8\u3044\u3066\u3001\u79c1\u305f\u3061\u306f\u3042\u306a\u305f\u306e\u8981\u6c42\u306b\u5bfe\u51e6\u3059\u308b\uff01","twitter_image":"https:\/\/www.aninite.at\/wp-content\/uploads\/cropped-Icon_2022-1.jpg","schema":{"@context":"https:\/\/schema.org","@graph":[{"@type":"WebPage","@id":"https:\/\/www.aninite.at\/ja\/kontakt\/","url":"https:\/\/www.aninite.at\/ja\/kontakt\/","name":"\u304a\u554f\u3044\u5408\u308f\u305b - AniNite","isPartOf":{"@id":"https:\/\/www.aninite.at\/ja\/#website"},"primaryImageOfPage":{"@id":"https:\/\/www.aninite.at\/ja\/kontakt\/#primaryimage"},"image":{"@id":"https:\/\/www.aninite.at\/ja\/kontakt\/#primaryimage"},"thumbnailUrl":"https:\/\/www.aninite.at\/wp-content\/uploads\/\/PageTitelBanner.svg","datePublished":"2025-03-25T23:06:22+00:00","dateModified":"2026-02-19T21:09:08+00:00","description":"\u79c1\u305f\u3061\u3068\u9023\u7d61\u3092\u53d6\u308a\u305f\u3044\u3067\u3059\u304b\uff1f \u3042\u306a\u305f\u306f\u6b63\u3057\u3044\u5834\u6240\u306b\u6765\u305f\u3001\u79c1\u305f\u3061\u306b\u30e1\u30c3\u30bb\u30fc\u30b8\u3092\u66f8\u3044\u3066\u3001\u79c1\u305f\u3061\u306f\u3042\u306a\u305f\u306e\u8981\u6c42\u306b\u5bfe\u51e6\u3059\u308b\uff01","breadcrumb":{"@id":"https:\/\/www.aninite.at\/ja\/kontakt\/#breadcrumb"},"inLanguage":"ja","potentialAction":[{"@type":"ReadAction","target":["https:\/\/www.aninite.at\/ja\/kontakt\/"]}]},{"@type":"ImageObject","inLanguage":"ja","@id":"https:\/\/www.aninite.at\/ja\/kontakt\/#primaryimage","url":"https:\/\/www.aninite.at\/wp-content\/uploads\/\/PageTitelBanner.svg","contentUrl":"https:\/\/www.aninite.at\/wp-content\/uploads\/\/PageTitelBanner.svg"},{"@type":"BreadcrumbList","@id":"https:\/\/www.aninite.at\/ja\/kontakt\/#breadcrumb","itemListElement":[{"@type":"ListItem","position":1,"name":"Startseite","item":"https:\/\/www.aninite.at\/ja\/willkommen\/"},{"@type":"ListItem","position":2,"name":"\u304a\u554f\u3044\u5408\u308f\u305b"}]},{"@type":"WebSite","@id":"https:\/\/www.aninite.at\/ja\/#website","url":"https:\/\/www.aninite.at\/ja\/","name":"AniNite","description":"\u00d6sterreichs gr\u00f6\u00dfte Anime-, Manga- und Comic-Convention","potentialAction":[{"@type":"SearchAction","target":{"@type":"EntryPoint","urlTemplate":"https:\/\/www.aninite.at\/ja\/?s={search_term_string}"},"query-input":{"@type":"PropertyValueSpecification","valueRequired":true,"valueName":"search_term_string"}}],"inLanguage":"ja"}]}},"acf":[],"_links":{"self":[{"href":"https:\/\/www.aninite.at\/ja\/wp-json\/wp\/v2\/pages\/32101","targetHints":{"allow":["GET"]}}],"collection":[{"href":"https:\/\/www.aninite.at\/ja\/wp-json\/wp\/v2\/pages"}],"about":[{"href":"https:\/\/www.aninite.at\/ja\/wp-json\/wp\/v2\/types\/page"}],"author":[{"embeddable":true,"href":"https:\/\/www.aninite.at\/ja\/wp-json\/wp\/v2\/users\/10"}],"replies":[{"embeddable":true,"href":"https:\/\/www.aninite.at\/ja\/wp-json\/wp\/v2\/comments?post=32101"}],"version-history":[{"count":10,"href":"https:\/\/www.aninite.at\/ja\/wp-json\/wp\/v2\/pages\/32101\/revisions"}],"predecessor-version":[{"id":34812,"href":"https:\/\/www.aninite.at\/ja\/wp-json\/wp\/v2\/pages\/32101\/revisions\/34812"}],"wp:attachment":[{"href":"https:\/\/www.aninite.at\/ja\/wp-json\/wp\/v2\/media?parent=32101"}],"curies":[{"name":"wp","href":"https:\/\/api.w.org\/{rel}","templated":true}]}}