{"id":32407,"date":"2025-03-26T00:07:17","date_gmt":"2025-03-25T23:07:17","guid":{"rendered":"https:\/\/www.aninite.at\/tickets\/"},"modified":"2026-04-15T11:15:11","modified_gmt":"2026-04-15T09:15:11","slug":"tickets","status":"publish","type":"page","link":"https:\/\/www.aninite.at\/ja\/tickets\/","title":{"rendered":"\u30c1\u30b1\u30c3\u30c8"},"content":{"rendered":"<div class=\"wp-block-image\">\n<figure class=\"aligncenter size-large\"><img loading=\"lazy\" decoding=\"async\" width=\"700\" height=\"72\" src=\"https:\/\/www.aninite.at\/wp-content\/uploads\/\/PageTitelBanner.svg\" alt=\"\" class=\"wp-image-34807\" title=\"&#x30BF;&#x30A4;&#x30C8;&#x30EB;\"\/><\/figure>\n<\/div>\n<div style=\"height:50px\" aria-hidden=\"true\" class=\"wp-block-spacer\"><\/div>\n\n<div class=\"wp-block-buttons is-content-justification-center is-layout-flex wp-container-core-buttons-is-layout-16018d1d wp-block-buttons-is-layout-flex\">\n<div class=\"wp-block-button is-style-outline is-style-outline--1\"><a class=\"wp-block-button__link has-text-color has-link-color has-large-font-size has-custom-font-size wp-element-button\" href=\"https:\/\/vvk.animanga.at\/tickets\" style=\"color:#6f118a\" target=\"_blank\" rel=\"noreferrer noopener\"><strong>&gt;&gt; \u524d\u58f2\u308a\u30c1\u30b1\u30c3\u30c8\u306f\u3053\u3061\u3089  &lt;&lt;<\/strong><\/a><\/div>\n<\/div>\n\n<div style=\"height:30px\" aria-hidden=\"true\" class=\"wp-block-spacer\"><\/div>\n\n<figure class=\"wp-block-table is-style-stripes has-small-font-size\"><table class=\"has-dark-gray-color has-text-color\"><thead><tr><th><strong>\u30c1\u30b1\u30c3\u30c8<\/strong><\/th><th class=\"has-text-align-left\" data-align=\"left\"><strong>\u30d7\u30ec\u30bb\u30fc\u30eb<\/strong><\/th><th><strong>KASSA<\/strong><\/th><\/tr><\/thead><tbody><tr><td>\u91d1\u66dc\u65e5<\/td><td class=\"has-text-align-left\" data-align=\"left\">28\u20ac<\/td><td>31\u20ac<\/td><\/tr><tr><td>\u91d1\u66dc\u65e5 \u5b50\u4f9b\uff0812\u6b73\u307e\u3067\uff09<\/td><td class=\"has-text-align-left\" data-align=\"left\">18\u20ac<\/td><td>21\u20ac<\/td><\/tr><tr><td>\u571f\u66dc\u65e5<\/td><td class=\"has-text-align-left\" data-align=\"left\">28\u20ac<\/td><td>31\u20ac<\/td><\/tr><tr><td>\u571f\u66dc\u65e5\u306e\u5b50\u4f9b\uff0812\u6b73\u307e\u3067\uff09<\/td><td class=\"has-text-align-left\" data-align=\"left\">18\u20ac<\/td><td>21\u20ac<\/td><\/tr><tr><td>\u65e5\u66dc\u65e5<\/td><td class=\"has-text-align-left\" data-align=\"left\">25\u20ac<\/td><td>28\u20ac<\/td><\/tr><tr><td>\u65e5\u66dc\u65e5\u306e\u5b50\u4f9b\uff0812\u6b73\u307e\u3067\uff09<\/td><td class=\"has-text-align-left\" data-align=\"left\">15\u20ac<\/td><td>18\u20ac<\/td><\/tr><tr><td>\u30b3\u30f3\u30c1\u30b1\u30c3\u30c8\uff08\u91d1\u3001\u571f\u3001\u65e5\uff09<\/td><td class=\"has-text-align-left\" data-align=\"left\">52\u20ac<\/td><td>58\u20ac<\/td><\/tr><tr><td>\u30b3\u30f3\u30c1\u30b1\u30c3\u30c8\u5c0f\u4eba\uff0812\u6b73\u307e\u3067\u3001\u91d1\u30fb\u571f\u30fb\u65e5\uff09<\/td><td class=\"has-text-align-left\" data-align=\"left\">32\u20ac<\/td><td>38\u20ac<\/td><\/tr><tr><td>\u30b4\u30fc\u30eb\u30c9\u30c1\u30b1\u30c3\u30c8<\/td><td class=\"has-text-align-left\" data-align=\"left\">\u672a\u5b9a<\/td><td>-<\/td><\/tr><tr><td>\u30d5\u30a1\u30f3\u30d1\u30c3\u30b1\u30fc\u30b8<\/td><td class=\"has-text-align-left\" data-align=\"left\">24\u20ac<\/td><td>-<\/td><\/tr><tr><td>\u00a0<\/td><td class=\"has-text-align-left\" data-align=\"left\">\u00a0<\/td><td>\u00a0<\/td><\/tr><tr><td>\u30aa\u30fc\u30b9\u30c8\u30ea\u30a2\u56fd\u5185\u3078\u306e\u4fdd\u967a\u4ed8\u304d\u8f38\u9001<\/td><td class=\"has-text-align-left\" data-align=\"left\">+ 5,45 \u20ac<\/td><td>\u2013<\/td><\/tr><tr><td>EU\u570f\u5185\u3078\u306e\u4fdd\u967a\u4ed8\u304d\u914d\u9001<\/td><td class=\"has-text-align-left\" data-align=\"left\">+ 7,35 \u20ac<\/td><td>\u2013<\/td><\/tr><tr><td>EU\u57df\u5916\u3078\u306e\u4fdd\u967a\u4ed8\u304d\u767a\u9001<\/td><td class=\"has-text-align-left\" data-align=\"left\">+ 8,05 \u20ac<\/td><td>\u2013<\/td><\/tr><\/tbody><\/table><\/figure>\n\n<p>\u30a4\u30d9\u30f3\u30c8\u8208\u884c\u30c1\u30b1\u30c3\u30c8\u306e\u679a\u6570\u306f\u3001\u4f1a\u5834\u306e\u30ad\u30e3\u30d1\u30b7\u30c6\u30a3\u3068\u9023\u52d5\u3057\u3066\u3044\u308b\u3002  <\/p>\n\n<p><strong>\u5b9a\u54e1\u306b\u9054\u3057\u6b21\u7b2c\u3001\u30c1\u30b1\u30c3\u30c8\u306e\u8ca9\u58f2\u306f\u7d42\u4e86\u3068\u306a\u308b\u3002<\/strong><\/p>\n\n<h3 class=\"wp-block-heading\">\u30a4\u30d9\u30f3\u30c8\u8208\u884c\u3068\u96c6\u91d1\u65e5<\/h3>\n\n<p>\u30a4\u30d9\u30f3\u30c8\u306e\u30c1\u30b1\u30c3\u30c8\u58f2\u308a\u5834\u306f<strong>\u91d1\u66dc\u304b\u3089<\/strong> <strong>\u65e5\u66dc\u306e<\/strong>9:00\u304b\u3089\u958b\u3044\u3066\u3044\u308b\uff01<br\/><strong>\u307e\u305f\u3001\u69d8\u3005\u306a\u30b3\u30f3\u30b5\u3084\u305d\u306e\u4ed6\u306e\u30a4\u30d9\u30f3\u30c8\u3067\u3082\u30c1\u30b1\u30c3\u30c8\u3092\u5165\u624b\u3059\u308b\u3053\u3068\u304c\u3067\u304d\u308b\uff01 <\/strong> <br\/><a href=\"https:\/\/goo.gl\/maps\/BxWT15Zer4nsAjFA9\" target=\"_blank\" rel=\"noreferrer noopener\">\u79c1\u305f\u3061\u306f\u3053\u3053\u3067\u898b\u3064\u3051\u308b\u3053\u3068\u304c\u3067\u304d\u308b\uff01<\/a><\/p>\n\n<h3 class=\"wp-block-heading\">\u30b4\u30fc\u30eb\u30c9\u30c1\u30b1\u30c3\u30c8<\/h3>\n\n<p>\u3059\u3079\u3066\u306e\u60c5\u5831\u306f\u3059\u3050\u306b\u898b\u3064\u304b\u308b\u3060\u308d\u3046\u3002<\/p>\n\n<h3 class=\"wp-block-heading\">\u30d5\u30a1\u30f3\u30d1\u30c3\u30b1\u30fc\u30b8\u5185\u5bb9<\/h3>\n\n<p>\u30d5\u30a1\u30f3\u30fb\u30d1\u30c3\u30b1\u30fc\u30b8\u306b\u306f\u3001\u9078\u3079\u308b\u30b5\u30a4\u30ba\u306eT\u30b7\u30e3\u30c4\u3068\u69d8\u3005\u306a\u30b5\u30d7\u30e9\u30a4\u30ba\u304c\u5165\u3063\u3066\u3044\u308b\u3002<br\/><br\/>AniNite\u30c1\u30b1\u30c3\u30c8\u306f\u542b\u307e\u308c\u306a\u3044\uff01<\/p>\n\n<h3 class=\"wp-block-heading\">\u4e8b\u524d\u4e88\u7d04<\/h3>\n\n<p>\u524d\u58f2\u308a\u5238\u306e\u8ca9\u58f2\u306f2\u6708\u304b\u3089<strong>2026\u5e747\u67089\u65e5\uff08<\/strong>\u91d1<strong>\uff09\u307e\u3067<\/strong> <strong>\u3002<\/strong><br\/>\u4eca\u5e74\u306eAniNite\u3067\u306f\u3001\u524d\u58f2\u308a\u5238\u306e\u8cfc\u5165\u65b9\u6cd5\u30922\u7a2e\u985e\u7528\u610f\u3057\u3066\u3044\u308b\uff1a<\/p>\n\n<ul class=\"wp-block-list\">\n<li><strong>\u30bb\u30eb\u30d5\u30fb\u30b3\u30ec\u30af\u30b7\u30e7\u30f3<\/strong>\uff1a<br\/>\u4f8b\u5e74\u901a\u308a\u3001\u524d\u58f2\u308a\u30c1\u30b1\u30c3\u30c8\u306e\u652f\u6255\u3044\u5f8c\u3001\u30d0\u30fc\u30b3\u30fc\u30c9\u4ed8\u304d\u306e\u30c1\u30b1\u30c3\u30c8\u78ba\u8a8d\u66f8\u3092E\u30e1\u30fc\u30eb\u3067\u53d7\u3051\u53d6\u308b\u3002\u3053\u306e\u78ba\u8a8d\u66f8\u306f\u3001\u5927\u4f1a\u4f1a\u5834\u306e\u7279\u8a2d\u30ad\u30e3\u30c3\u30b7\u30e5\u30c7\u30b9\u30af\u3067\u5b9f\u969b\u306e\u6765\u5834\u8005\u30c1\u30b1\u30c3\u30c8\u3068\u5f15\u304d\u63db\u3048\u3068\u306a\u308b\u3002 <br\/><\/li>\n\n\n\n<li><strong>\u30c1\u30b1\u30c3\u30c8\u306e\u4fdd\u967a\u4ed8\u304d\u90f5\u4fbf\u914d\u9001<\/strong><br\/>\u4e8b\u524d\u4e88\u7d04\u671f\u9593\u7d42\u4e86\u5f8c\u3001\u6ce8\u6587\u3055\u308c\u305f\u30c1\u30b1\u30c3\u30c8\u306f\u4fdd\u967a\u4ed8\u304d\u90f5\u4fbf\u3067<strong>5.45\u30e6\u30fc\u30ed\u306e <\/strong>\u8ffd\u52a0\u6599\u91d1\u3067\u8cfc\u5165\u8005\u306b\u9001\u4ed8\u3055\u308c\u308b\uff08\u30aa\u30fc\u30b9\u30c8\u30ea\u30a2\u56fd\u5185\uff09\u3002<br\/>\u30aa\u30fc\u30b9\u30c8\u30ea\u30a2\u56fd\u5916\u3078\u306e\u9001\u6599\u306f\u3001\u30e8\u30fc\u30ed\u30c3\u30d1\u5185\u3067<strong>7.35\u30e6\u30fc\u30ed<\/strong>\u3001\u5168\u4e16\u754c\u3067<strong>8.05\u30e6\u30fc\u30ed<\/strong>\u3067\u3042\u308b\u3002<br\/>\u3059\u3067\u306b\u767a\u9001\u3055\u308c\u305f\u30c1\u30b1\u30c3\u30c8\u306e\u30ad\u30e3\u30f3\u30bb\u30eb\u3084\u6255\u3044\u623b\u3057\u306f\u3067\u304d\u306a\u3044\u3002 <\/li>\n<\/ul>\n\n<hr class=\"wp-block-separator has-css-opacity\"\/>\n\n<ul class=\"wp-block-list\">\n<li><strong>\u652f\u6255\u3044\u65b9\u6cd5<\/strong>\n<ul class=\"wp-block-list\">\n<li>\u9280\u884c\u53e3\u5ea7\u3078\u306e\u73fe\u91d1\u9810\u91d1<\/li>\n\n\n\n<li>\u9280\u884c\u632f\u8fbc\uff08EU\u570f\u5185\u306f\u7121\u6599\uff09<br\/><\/li>\n<\/ul>\n<\/li>\n\n\n\n<li><strong>\u652f\u6255\u3044\u671f\u9650\uff1a<\/strong><br\/>\u5404\u9867\u5ba2\u306f<strong>2026\u5e747\u67089\u65e5<\/strong>\uff08\u30d7\u30ec\u30bb\u30fc\u30eb\u7d42\u4e86\uff09\u307e\u3067\u306b\u30c1\u30b1\u30c3\u30c8\u4ee3\u91d1\u3092\u652f\u6255\u3046\u3002\u30d7\u30ea\u30bb\u30fc\u30eb\u4fa1\u683c\u3092\u53d7\u3051\u53d6\u308b\u305f\u3081\u306b\u306f\u3001\u9045\u304f\u3068\u3082<strong>2026\u5e747\u67089 <\/strong>\u65e5\u307e\u3067\u306b\u5f53\u793e\u306e\u53e3\u5ea7\u306b\u5165\u91d1\u3055\u308c\u306a\u3051\u308c\u3070\u306a\u3089\u306a\u3044\u3002  <br\/><\/li>\n\n\n\n<li><br\/><br\/>\u90f5\u9001\u6e08\u307f\u306e\u30c1\u30b1\u30c3\u30c8\u306f<strong>\u30ad\u30e3\u30f3\u30bb\u30eb<\/strong>\u3067\u304d\u306a\u3044\u3002<br\/><\/li>\n\n\n\n<li><strong>\u30c1\u30b1\u30c3\u30c8\u306e\u767a\u9001\uff1a<\/strong><br\/>\u30c1\u30b1\u30c3\u30c8\u767a\u9001\u306b\u3064\u3044\u3066\u306f\u3001\u56de\u53ce\u3055\u308c\u305f\u6ce8\u6587\u306f\u4e8b\u524d\u4e88\u7d04\u671f\u9593\u7d42\u4e86\u5f8c\u306b\u767a\u9001\u3055\u308c\u308b\u3002<\/li>\n<\/ul>\n\n<p><br\/>\u30d5\u30a1\u30f3\u30d1\u30c3\u30b1\u30fc\u30b8\u3092\u3054\u6ce8\u6587\u306e\u304a\u5ba2\u69d8\u306b\u306f\u3001\u30c1\u30b1\u30c3\u30c8\u914d\u9001\u6642\u306b\u5f15\u63db\u5238\u3092\u304a\u6e21\u3057\u3057\u307e\u3059\u306e\u3067\u3001\u305d\u3061\u3089\u3092\u4f7f\u7528\u3057\u3066\u5165\u5834\u30a8\u30ea\u30a2\u3067\u30d5\u30a1\u30f3\u30d1\u30c3\u30b1\u30fc\u30b8\u3092\u304a\u53d7\u3051\u53d6\u308a\u304f\u3060\u3055\u3044\u3002<\/p>\n\n<hr class=\"wp-block-separator has-css-opacity\"\/>\n\n<ul class=\"wp-block-list\">\n<li><strong>\u30b9\u30c8\u30e9\u30c3\u30d7<\/strong>\uff1a<strong><br\/> \u30c1\u30b1\u30c3\u30c8\u7528\u306e\u30b9\u30c8\u30e9\u30c3\u30d7\u3092\u30a8\u30f3\u30c8\u30e9\u30f3\u30b9\u30fb\u30a8\u30ea\u30a2\u3067\u6765\u5834\u8005\u5168\u54e1\u306b\u914d\u5e03\u3057\u3066\u3044\u308b\u3002<\/strong><br\/><\/li>\n\n\n\n<li><strong>\u305d\u306e\u4ed6\u306e\u60c5\u5831<\/strong>\uff1a<br\/>\u30d7\u30ec\u30bb\u30fc\u30eb\u7d42\u4e86\u5f8c\u306f\u6ce8\u6587\u304c\u3067\u304d\u306a\u304f\u306a\u308b\u3002\u30c1\u30b1\u30c3\u30c8\u306f\u30dc\u30c3\u30af\u30b9\u30aa\u30d5\u30a3\u30b9\u3067\u76f4\u63a5\u8cfc\u5165\u3067\u304d\u308b\u3002\u30dc\u30c3\u30af\u30b9\u30aa\u30d5\u30a3\u30b9\u3067\u8cfc\u5165\u3067\u304d\u308b\u30c1\u30b1\u30c3\u30c8\u306e\u6570\u306b\u306f\u9650\u308a\u304c\u3042\u308b\u3002\u305f\u3060\u3057\u3001\u7a7a\u5e2d\u3092\u4fdd\u8a3c\u3059\u308b\u3082\u306e\u3067\u306f\u306a\u3044\u3002\u4e8b\u524d\u306b\u304a\u652f\u6255\u3044\u3044\u305f\u3060\u304d\u3001\u5f0a\u793e\u304c\u78ba\u8a8d\u3057\u305f\u30c1\u30b1\u30c3\u30c8\u306f\u3001\u7279\u5225\u306b\u8a2d\u7f6e\u3055\u308c\u305f\u30c1\u30b1\u30c3\u30c8\u30fb\u30ab\u30a6\u30f3\u30bf\u30fc\u306b\u3066\u3001\u629c\u7c8b\uff0f\u30b3\u30fc\u30c9\u3092\u4f7f\u3063\u3066\u76f4\u63a5\u53d7\u3051\u53d6\u308b\u3053\u3068\u304c\u3067\u304d\u308b\u3002    <br\/><\/li>\n\n\n\n<li><strong>\u5b50\u4f9b\u304a\u3088\u3073\u9752\u5c11\u5e74<\/strong>\uff1a<br\/>6\u6b73\u307e\u3067\u306e\u5b50\u4f9b\u306f\u3001\u89aa\u307e\u305f\u306f\u4fdd\u8b77\u8005\u3001\u3042\u308b\u3044\u306f\u89aa\u307e\u305f\u306f\u4fdd\u8b77\u8005\u306e\u59d4\u4efb\u3092\u53d7\u3051\u305f\u6cd5\u5b9a\u5e74\u9f62\u306e\u4eba\u304c\u540c\u4f34\u3059\u308b\u5834\u5408\u3001\u7121\u6599\u3067\u30a4\u30d9\u30f3\u30c8\u306b\u53c2\u52a0\u3067\u304d\u308b\u3002<br\/><a href=\"https:\/\/www.wien.gv.at\/recht\/landesrecht-wien\/landesgesetzblatt\/jahrgang\/2002\/html\/lg2002017.htm\" target=\"_blank\" rel=\"noreferrer noopener\">\u30a6\u30a3\u30fc\u30f3\u9752\u5c11\u5e74\u4fdd\u8b77\u6cd5\u3092\u9075\u5b88\u3057\u306a\u3051\u308c\u3070\u306a\u3089\u306a\u3044\u3002<\/a><\/li>\n<\/ul>\n<div class=\"wp-block-image\">\n<figure class=\"aligncenter size-full\"><img loading=\"lazy\" decoding=\"async\" width=\"728\" height=\"162\" src=\"https:\/\/www.aninite.at\/wp-content\/uploads\/Footer_2026_FL.png\" alt=\"\" class=\"wp-image-34746\" srcset=\"https:\/\/www.aninite.at\/wp-content\/uploads\/Footer_2026_FL.png 728w, https:\/\/www.aninite.at\/wp-content\/uploads\/Footer_2026_FL-300x67.png 300w\" sizes=\"auto, (max-width: 728px) 100vw, 728px\" \/><\/figure>\n<\/div>\n<p><\/p>\n","protected":false},"excerpt":{"rendered":"<p>\u30c1\u30b1\u30c3\u30c8 \u30d7\u30ec\u30bb\u30fc\u30eb KASSA \u91d1\u66dc\u65e5 28\u20ac 31\u20ac \u91d1\u66dc\u65e5 \u5b50\u4f9b\uff0812\u6b73\u307e\u3067\uff09 18\u20ac 21\u20ac \u571f\u66dc\u65e5 28\u20ac 31\u20ac \u571f\u66dc\u65e5\u306e\u5b50\u4f9b\uff0812\u6b73\u307e\u3067\uff09 18\u20ac 21\u20ac \u65e5\u66dc\u65e5 25\u20ac 28\u20ac \u65e5\u66dc\u65e5\u306e\u5b50\u4f9b\uff0812\u6b73\u307e\u3067\uff09 15\u20ac 18\u20ac \u30b3\u30f3\u30c1\u30b1\u30c3\u30c8\uff08\u91d1\u3001\u571f\u3001\u65e5\uff09 52\u20ac 58\u20ac \u30b3\u30f3\u30c1\u30b1\u30c3\u30c8\u5c0f\u4eba\uff0812\u6b73\u307e\u3067\u3001\u91d1\u30fb\u571f\u30fb\u65e5\uff09 32\u20ac 38\u20ac \u30b4\u30fc\u30eb\u30c9\u30c1\u30b1\u30c3\u30c8 \u672a\u5b9a - \u30d5\u30a1\u30f3\u30d1\u30c3\u30b1\u30fc\u30b8 24\u20ac - \u00a0 \u00a0 \u00a0 \u30aa\u30fc\u30b9\u30c8\u30ea\u30a2\u56fd\u5185\u3078\u306e\u4fdd\u967a\u4ed8\u304d\u8f38\u9001 + 5,45 \u20ac \u2013 EU\u570f\u5185\u3078\u306e\u4fdd\u967a\u4ed8\u304d\u914d\u9001 + 7,35 \u20ac \u2013 EU\u57df\u5916\u3078\u306e\u4fdd\u967a\u4ed8\u304d\u767a\u9001 + 8,05 \u20ac \u2013 \u30a4\u30d9\u30f3\u30c8\u8208\u884c\u30c1\u30b1\u30c3\u30c8\u306e\u679a\u6570\u306f\u3001\u4f1a\u5834\u306e\u30ad\u30e3\u30d1\u30b7\u30c6\u30a3\u3068\u9023\u52d5\u3057\u3066\u3044\u308b\u3002 \u5b9a\u54e1\u306b\u9054\u3057\u6b21\u7b2c\u3001\u30c1\u30b1\u30c3\u30c8\u306e\u8ca9\u58f2\u306f\u7d42\u4e86\u3068\u306a\u308b\u3002 \u30a4\u30d9\u30f3\u30c8\u8208\u884c\u3068\u96c6\u91d1\u65e5 \u30a4\u30d9\u30f3\u30c8\u306e\u30c1\u30b1\u30c3\u30c8\u58f2\u308a\u5834\u306f\u91d1\u66dc\u304b\u3089 \u65e5\u66dc\u306e9:00\u304b\u3089\u958b\u3044\u3066\u3044\u308b\uff01\u307e\u305f\u3001\u69d8\u3005\u306a\u30b3\u30f3\u30b5\u3084\u305d\u306e\u4ed6\u306e\u30a4\u30d9\u30f3\u30c8\u3067\u3082\u30c1\u30b1\u30c3\u30c8\u3092\u5165\u624b\u3059\u308b\u3053\u3068\u304c\u3067\u304d\u308b\uff01 \u79c1\u305f\u3061\u306f\u3053\u3053\u3067\u898b\u3064\u3051\u308b\u3053\u3068\u304c\u3067\u304d\u308b\uff01 \u30b4\u30fc\u30eb\u30c9\u30c1\u30b1\u30c3\u30c8 \u3059\u3079\u3066\u306e\u60c5\u5831\u306f\u3059\u3050\u306b\u898b\u3064\u304b\u308b\u3060\u308d\u3046\u3002 \u30d5\u30a1\u30f3\u30d1\u30c3\u30b1\u30fc\u30b8\u5185\u5bb9 \u30d5\u30a1\u30f3\u30fb\u30d1\u30c3\u30b1\u30fc\u30b8\u306b\u306f\u3001\u9078\u3079\u308b\u30b5\u30a4\u30ba\u306eT\u30b7\u30e3\u30c4\u3068\u69d8\u3005\u306a\u30b5\u30d7\u30e9\u30a4\u30ba\u304c\u5165\u3063\u3066\u3044\u308b\u3002 AniNite\u30c1\u30b1\u30c3\u30c8\u306f\u542b\u307e\u308c\u306a\u3044\uff01 \u4e8b\u524d\u4e88\u7d04 \u524d\u58f2\u308a\u5238\u306e\u8ca9\u58f2\u306f2\u6708\u304b\u30892026\u5e747\u67089\u65e5\uff08\u91d1\uff09\u307e\u3067 \u3002\u4eca\u5e74\u306eAniNite\u3067\u306f\u3001\u524d\u58f2\u308a\u5238\u306e\u8cfc\u5165\u65b9\u6cd5\u30922\u7a2e\u985e\u7528\u610f\u3057\u3066\u3044\u308b\uff1a \u30d5\u30a1\u30f3\u30d1\u30c3\u30b1\u30fc\u30b8\u3092\u3054\u6ce8\u6587\u306e\u304a\u5ba2\u69d8\u306b\u306f\u3001\u30c1\u30b1\u30c3\u30c8\u914d\u9001\u6642\u306b\u5f15\u63db\u5238\u3092\u304a\u6e21\u3057\u3057\u307e\u3059\u306e\u3067\u3001\u305d\u3061\u3089\u3092\u4f7f\u7528\u3057\u3066\u5165\u5834\u30a8\u30ea\u30a2\u3067\u30d5\u30a1\u30f3\u30d1\u30c3\u30b1\u30fc\u30b8\u3092\u304a\u53d7\u3051\u53d6\u308a\u304f\u3060\u3055\u3044\u3002<\/p>\n","protected":false},"author":10,"featured_media":0,"parent":0,"menu_order":0,"comment_status":"closed","ping_status":"closed","template":"","meta":{"inline_featured_image":false,"footnotes":""},"class_list":["post-32407","page","type-page","status-publish","hentry"],"yoast_head":"<!-- This site is optimized with the Yoast SEO plugin v27.5 - https:\/\/yoast.com\/product\/yoast-seo-wordpress\/ -->\n<title>\u30c1\u30b1\u30c3\u30c8 - AniNite<\/title>\n<meta name=\"description\" content=\"AniNite\u306e\u30c1\u30b1\u30c3\u30c8\u306e\u7a2e\u985e\u306b\u95a2\u3059\u308b\u60c5\u5831\u306f\u3001\u3059\u3079\u3066\u3053\u3053\u3067\u898b\u308b\u3053\u3068\u304c\u3067\u304d\u308b\u3002\u5f53\u65e5\u5238\u30683\u65e5\u9593\u901a\u3057\u5238\u304c\u3042\u308b\u3002\" \/>\n<meta name=\"robots\" content=\"index, follow, max-snippet:-1, max-image-preview:large, max-video-preview:-1\" \/>\n<link rel=\"canonical\" href=\"https:\/\/www.aninite.at\/ja\/tickets\/\" \/>\n<meta property=\"og:locale\" content=\"ja_JP\" \/>\n<meta property=\"og:type\" content=\"article\" \/>\n<meta property=\"og:title\" content=\"\u30c1\u30b1\u30c3\u30c8 - AniNite\" \/>\n<meta property=\"og:description\" content=\"AniNite\u306e\u30c1\u30b1\u30c3\u30c8\u306e\u7a2e\u985e\u306b\u95a2\u3059\u308b\u60c5\u5831\u306f\u3001\u3059\u3079\u3066\u3053\u3053\u3067\u898b\u308b\u3053\u3068\u304c\u3067\u304d\u308b\u3002\u5f53\u65e5\u5238\u30683\u65e5\u9593\u901a\u3057\u5238\u304c\u3042\u308b\u3002\" \/>\n<meta property=\"og:url\" content=\"https:\/\/www.aninite.at\/ja\/tickets\/\" \/>\n<meta property=\"og:site_name\" content=\"AniNite\" \/>\n<meta property=\"article:publisher\" content=\"https:\/\/www.facebook.com\/AniMangaAustria\" \/>\n<meta property=\"article:modified_time\" content=\"2026-04-15T09:15:11+00:00\" \/>\n<meta property=\"og:image\" content=\"https:\/\/www.aninite.at\/wp-content\/uploads\/cropped-Icon_2025.jpg\" \/>\n\t<meta property=\"og:image:width\" content=\"512\" \/>\n\t<meta property=\"og:image:height\" content=\"512\" \/>\n\t<meta property=\"og:image:type\" content=\"image\/jpeg\" \/>\n<meta name=\"twitter:card\" content=\"summary_large_image\" \/>\n<meta name=\"twitter:title\" content=\"AniNite\u306e\u30c1\u30b1\u30c3\u30c8\" \/>\n<meta name=\"twitter:description\" content=\"\u3053\u3053\u3067\u306f\u3001AniNite\u306e\u69d8\u3005\u306a\u7a2e\u985e\u306e\u30c1\u30b1\u30c3\u30c8\u306b\u95a2\u3059\u308b\u3042\u3089\u3086\u308b\u60c5\u5831\u3092\u898b\u3064\u3051\u308b\u3053\u3068\u304c\u3067\u304d\u308b\u3002\" \/>\n<meta name=\"twitter:image\" content=\"https:\/\/www.aninite.at\/wp-content\/uploads\/Sascha_AniNite21_Tickets_IMG_2547-1024x683.jpg\" \/>\n<script type=\"application\/ld+json\" class=\"yoast-schema-graph\">{\"@context\":\"https:\\\/\\\/schema.org\",\"@graph\":[{\"@type\":\"WebPage\",\"@id\":\"https:\\\/\\\/www.aninite.at\\\/ja\\\/tickets\\\/\",\"url\":\"https:\\\/\\\/www.aninite.at\\\/ja\\\/tickets\\\/\",\"name\":\"\u30c1\u30b1\u30c3\u30c8 - AniNite\",\"isPartOf\":{\"@id\":\"https:\\\/\\\/www.aninite.at\\\/ja\\\/#website\"},\"primaryImageOfPage\":{\"@id\":\"https:\\\/\\\/www.aninite.at\\\/ja\\\/tickets\\\/#primaryimage\"},\"image\":{\"@id\":\"https:\\\/\\\/www.aninite.at\\\/ja\\\/tickets\\\/#primaryimage\"},\"thumbnailUrl\":\"https:\\\/\\\/www.aninite.at\\\/wp-content\\\/uploads\\\/\\\/PageTitelBanner.svg\",\"datePublished\":\"2025-03-25T23:07:17+00:00\",\"dateModified\":\"2026-04-15T09:15:11+00:00\",\"description\":\"AniNite\u306e\u30c1\u30b1\u30c3\u30c8\u306e\u7a2e\u985e\u306b\u95a2\u3059\u308b\u60c5\u5831\u306f\u3001\u3059\u3079\u3066\u3053\u3053\u3067\u898b\u308b\u3053\u3068\u304c\u3067\u304d\u308b\u3002\u5f53\u65e5\u5238\u30683\u65e5\u9593\u901a\u3057\u5238\u304c\u3042\u308b\u3002\",\"breadcrumb\":{\"@id\":\"https:\\\/\\\/www.aninite.at\\\/ja\\\/tickets\\\/#breadcrumb\"},\"inLanguage\":\"ja\",\"potentialAction\":[{\"@type\":\"ReadAction\",\"target\":[\"https:\\\/\\\/www.aninite.at\\\/ja\\\/tickets\\\/\"]}]},{\"@type\":\"ImageObject\",\"inLanguage\":\"ja\",\"@id\":\"https:\\\/\\\/www.aninite.at\\\/ja\\\/tickets\\\/#primaryimage\",\"url\":\"https:\\\/\\\/www.aninite.at\\\/wp-content\\\/uploads\\\/\\\/PageTitelBanner.svg\",\"contentUrl\":\"https:\\\/\\\/www.aninite.at\\\/wp-content\\\/uploads\\\/\\\/PageTitelBanner.svg\"},{\"@type\":\"BreadcrumbList\",\"@id\":\"https:\\\/\\\/www.aninite.at\\\/ja\\\/tickets\\\/#breadcrumb\",\"itemListElement\":[{\"@type\":\"ListItem\",\"position\":1,\"name\":\"Startseite\",\"item\":\"https:\\\/\\\/www.aninite.at\\\/ja\\\/willkommen\\\/\"},{\"@type\":\"ListItem\",\"position\":2,\"name\":\"\u30c1\u30b1\u30c3\u30c8\"}]},{\"@type\":\"WebSite\",\"@id\":\"https:\\\/\\\/www.aninite.at\\\/ja\\\/#website\",\"url\":\"https:\\\/\\\/www.aninite.at\\\/ja\\\/\",\"name\":\"AniNite\",\"description\":\"\u00d6sterreichs gr\u00f6\u00dfte Anime-, Manga- und Comic-Convention\",\"potentialAction\":[{\"@type\":\"SearchAction\",\"target\":{\"@type\":\"EntryPoint\",\"urlTemplate\":\"https:\\\/\\\/www.aninite.at\\\/ja\\\/?s={search_term_string}\"},\"query-input\":{\"@type\":\"PropertyValueSpecification\",\"valueRequired\":true,\"valueName\":\"search_term_string\"}}],\"inLanguage\":\"ja\"}]}<\/script>\n<!-- \/ Yoast SEO plugin. -->","yoast_head_json":{"title":"\u30c1\u30b1\u30c3\u30c8 - AniNite","description":"AniNite\u306e\u30c1\u30b1\u30c3\u30c8\u306e\u7a2e\u985e\u306b\u95a2\u3059\u308b\u60c5\u5831\u306f\u3001\u3059\u3079\u3066\u3053\u3053\u3067\u898b\u308b\u3053\u3068\u304c\u3067\u304d\u308b\u3002\u5f53\u65e5\u5238\u30683\u65e5\u9593\u901a\u3057\u5238\u304c\u3042\u308b\u3002","robots":{"index":"index","follow":"follow","max-snippet":"max-snippet:-1","max-image-preview":"max-image-preview:large","max-video-preview":"max-video-preview:-1"},"canonical":"https:\/\/www.aninite.at\/ja\/tickets\/","og_locale":"ja_JP","og_type":"article","og_title":"\u30c1\u30b1\u30c3\u30c8 - AniNite","og_description":"AniNite\u306e\u30c1\u30b1\u30c3\u30c8\u306e\u7a2e\u985e\u306b\u95a2\u3059\u308b\u60c5\u5831\u306f\u3001\u3059\u3079\u3066\u3053\u3053\u3067\u898b\u308b\u3053\u3068\u304c\u3067\u304d\u308b\u3002\u5f53\u65e5\u5238\u30683\u65e5\u9593\u901a\u3057\u5238\u304c\u3042\u308b\u3002","og_url":"https:\/\/www.aninite.at\/ja\/tickets\/","og_site_name":"AniNite","article_publisher":"https:\/\/www.facebook.com\/AniMangaAustria","article_modified_time":"2026-04-15T09:15:11+00:00","og_image":[{"width":512,"height":512,"url":"https:\/\/www.aninite.at\/wp-content\/uploads\/cropped-Icon_2025.jpg","type":"image\/jpeg"}],"twitter_card":"summary_large_image","twitter_title":"AniNite\u306e\u30c1\u30b1\u30c3\u30c8","twitter_description":"\u3053\u3053\u3067\u306f\u3001AniNite\u306e\u69d8\u3005\u306a\u7a2e\u985e\u306e\u30c1\u30b1\u30c3\u30c8\u306b\u95a2\u3059\u308b\u3042\u3089\u3086\u308b\u60c5\u5831\u3092\u898b\u3064\u3051\u308b\u3053\u3068\u304c\u3067\u304d\u308b\u3002","twitter_image":"https:\/\/www.aninite.at\/wp-content\/uploads\/Sascha_AniNite21_Tickets_IMG_2547-1024x683.jpg","schema":{"@context":"https:\/\/schema.org","@graph":[{"@type":"WebPage","@id":"https:\/\/www.aninite.at\/ja\/tickets\/","url":"https:\/\/www.aninite.at\/ja\/tickets\/","name":"\u30c1\u30b1\u30c3\u30c8 - AniNite","isPartOf":{"@id":"https:\/\/www.aninite.at\/ja\/#website"},"primaryImageOfPage":{"@id":"https:\/\/www.aninite.at\/ja\/tickets\/#primaryimage"},"image":{"@id":"https:\/\/www.aninite.at\/ja\/tickets\/#primaryimage"},"thumbnailUrl":"https:\/\/www.aninite.at\/wp-content\/uploads\/\/PageTitelBanner.svg","datePublished":"2025-03-25T23:07:17+00:00","dateModified":"2026-04-15T09:15:11+00:00","description":"AniNite\u306e\u30c1\u30b1\u30c3\u30c8\u306e\u7a2e\u985e\u306b\u95a2\u3059\u308b\u60c5\u5831\u306f\u3001\u3059\u3079\u3066\u3053\u3053\u3067\u898b\u308b\u3053\u3068\u304c\u3067\u304d\u308b\u3002\u5f53\u65e5\u5238\u30683\u65e5\u9593\u901a\u3057\u5238\u304c\u3042\u308b\u3002","breadcrumb":{"@id":"https:\/\/www.aninite.at\/ja\/tickets\/#breadcrumb"},"inLanguage":"ja","potentialAction":[{"@type":"ReadAction","target":["https:\/\/www.aninite.at\/ja\/tickets\/"]}]},{"@type":"ImageObject","inLanguage":"ja","@id":"https:\/\/www.aninite.at\/ja\/tickets\/#primaryimage","url":"https:\/\/www.aninite.at\/wp-content\/uploads\/\/PageTitelBanner.svg","contentUrl":"https:\/\/www.aninite.at\/wp-content\/uploads\/\/PageTitelBanner.svg"},{"@type":"BreadcrumbList","@id":"https:\/\/www.aninite.at\/ja\/tickets\/#breadcrumb","itemListElement":[{"@type":"ListItem","position":1,"name":"Startseite","item":"https:\/\/www.aninite.at\/ja\/willkommen\/"},{"@type":"ListItem","position":2,"name":"\u30c1\u30b1\u30c3\u30c8"}]},{"@type":"WebSite","@id":"https:\/\/www.aninite.at\/ja\/#website","url":"https:\/\/www.aninite.at\/ja\/","name":"AniNite","description":"\u00d6sterreichs gr\u00f6\u00dfte Anime-, Manga- und Comic-Convention","potentialAction":[{"@type":"SearchAction","target":{"@type":"EntryPoint","urlTemplate":"https:\/\/www.aninite.at\/ja\/?s={search_term_string}"},"query-input":{"@type":"PropertyValueSpecification","valueRequired":true,"valueName":"search_term_string"}}],"inLanguage":"ja"}]}},"acf":[],"_links":{"self":[{"href":"https:\/\/www.aninite.at\/ja\/wp-json\/wp\/v2\/pages\/32407","targetHints":{"allow":["GET"]}}],"collection":[{"href":"https:\/\/www.aninite.at\/ja\/wp-json\/wp\/v2\/pages"}],"about":[{"href":"https:\/\/www.aninite.at\/ja\/wp-json\/wp\/v2\/types\/page"}],"author":[{"embeddable":true,"href":"https:\/\/www.aninite.at\/ja\/wp-json\/wp\/v2\/users\/10"}],"replies":[{"embeddable":true,"href":"https:\/\/www.aninite.at\/ja\/wp-json\/wp\/v2\/comments?post=32407"}],"version-history":[{"count":20,"href":"https:\/\/www.aninite.at\/ja\/wp-json\/wp\/v2\/pages\/32407\/revisions"}],"predecessor-version":[{"id":34917,"href":"https:\/\/www.aninite.at\/ja\/wp-json\/wp\/v2\/pages\/32407\/revisions\/34917"}],"wp:attachment":[{"href":"https:\/\/www.aninite.at\/ja\/wp-json\/wp\/v2\/media?parent=32407"}],"curies":[{"name":"wp","href":"https:\/\/api.w.org\/{rel}","templated":true}]}}