{"id":32570,"date":"2023-07-12T16:30:59","date_gmt":"2023-07-12T14:30:59","guid":{"rendered":"https:\/\/www.aninite.at\/gaderobe-und-umkleiden\/"},"modified":"2026-04-15T20:32:51","modified_gmt":"2026-04-15T18:32:51","slug":"gaderobe-und-umkleiden","status":"publish","type":"page","link":"https:\/\/www.aninite.at\/ja\/info-3\/gaderobe-und-umkleiden\/","title":{"rendered":"\u30ef\u30fc\u30c9\u30ed\u30fc\u30d6"},"content":{"rendered":"<div class=\"wp-block-image\">\n<figure class=\"aligncenter size-full\"><img loading=\"lazy\" decoding=\"async\" width=\"700\" height=\"72\" src=\"https:\/\/www.aninite.at\/wp-content\/uploads\/\/PageTitelBanner.svg\" alt=\"\" class=\"wp-image-34807\"\/><\/figure>\n<\/div>\n<div style=\"height:82px\" aria-hidden=\"true\" class=\"wp-block-spacer\"><\/div>\n\n<p>\u4f8b\u5e74\u901a\u308a\u3001\u6765\u5834\u8005\u306b\u306f\u30af\u30ed\u30fc\u30af\u3092<strong>\u7121\u6599\u3067 <\/strong>\u63d0\u4f9b\u3057\u3066\u3044\u308b\u3002<\/p>\n\n<p>\u305d\u3057\u3066\u4eca\u5e74\u3082\u3001\u30af\u30ed\u30fc\u30af\u3068\u30b0\u30c3\u30ba\u58f2\u308a\u5834\u3067\u306f<strong>AniNite <\/strong>\u9650\u5b9a<strong>\u30b7\u30e7\u30c3\u30d4\u30f3\u30b0\u30d0\u30c3\u30b0\u3092 <\/strong>\u8cfc\u5165\u3059\u308b\u3053\u3068\u304c\u3067\u304d\u308b\u3002\u30d0\u30c3\u30b0\u304c\u5c11\u3057\u5c0f\u3055\u304f\u306a\u3063\u3066\u3082\u3001\u5b89\u5fc3\u3057\u3066\u8cb7\u3044\u7269\u3092\u3059\u308b\u3053\u3068\u304c\u3067\u304d\u308b\u3002 <\/p>\n\n<div style=\"height:14px\" aria-hidden=\"true\" class=\"wp-block-spacer\"><\/div>\n<div class=\"wp-block-image\">\n<figure class=\"aligncenter size-full\"><img loading=\"lazy\" decoding=\"async\" width=\"728\" height=\"162\" src=\"https:\/\/www.aninite.at\/wp-content\/uploads\/Footer_2026_FL.png\" alt=\"\" class=\"wp-image-34746\" srcset=\"https:\/\/www.aninite.at\/wp-content\/uploads\/Footer_2026_FL.png 728w, https:\/\/www.aninite.at\/wp-content\/uploads\/Footer_2026_FL-300x67.png 300w\" sizes=\"auto, (max-width: 728px) 100vw, 728px\" \/><\/figure>\n<\/div>","protected":false},"excerpt":{"rendered":"<p>\u4f8b\u5e74\u901a\u308a\u3001\u6765\u5834\u8005\u306b\u306f\u30af\u30ed\u30fc\u30af\u3092\u7121\u6599\u3067 \u63d0\u4f9b\u3057\u3066\u3044\u308b\u3002 \u305d\u3057\u3066\u4eca\u5e74\u3082\u3001\u30af\u30ed\u30fc\u30af\u3068\u30b0\u30c3\u30ba\u58f2\u308a\u5834\u3067\u306fAniNite \u9650\u5b9a\u30b7\u30e7\u30c3\u30d4\u30f3\u30b0\u30d0\u30c3\u30b0\u3092 \u8cfc\u5165\u3059\u308b\u3053\u3068\u304c\u3067\u304d\u308b\u3002\u30d0\u30c3\u30b0\u304c\u5c11\u3057\u5c0f\u3055\u304f\u306a\u3063\u3066\u3082\u3001\u5b89\u5fc3\u3057\u3066\u8cb7\u3044\u7269\u3092\u3059\u308b\u3053\u3068\u304c\u3067\u304d\u308b\u3002<\/p>\n","protected":false},"author":10,"featured_media":0,"parent":32716,"menu_order":0,"comment_status":"closed","ping_status":"closed","template":"","meta":{"inline_featured_image":false,"footnotes":""},"class_list":["post-32570","page","type-page","status-publish","hentry"],"yoast_head":"<!-- This site is optimized with the Yoast SEO plugin v27.4 - https:\/\/yoast.com\/product\/yoast-seo-wordpress\/ -->\n<title>\u30ef\u30fc\u30c9\u30ed\u30fc\u30d6 - AniNite<\/title>\n<meta name=\"robots\" content=\"index, follow, max-snippet:-1, max-image-preview:large, max-video-preview:-1\" \/>\n<link rel=\"canonical\" href=\"https:\/\/www.aninite.at\/ja\/info-3\/gaderobe-und-umkleiden\/\" \/>\n<meta property=\"og:locale\" content=\"ja_JP\" \/>\n<meta property=\"og:type\" content=\"article\" \/>\n<meta property=\"og:title\" content=\"\u30ef\u30fc\u30c9\u30ed\u30fc\u30d6 - AniNite\" \/>\n<meta property=\"og:description\" content=\"\u4f8b\u5e74\u901a\u308a\u3001\u6765\u5834\u8005\u306b\u306f\u30af\u30ed\u30fc\u30af\u3092\u7121\u6599\u3067 \u63d0\u4f9b\u3057\u3066\u3044\u308b\u3002 \u305d\u3057\u3066\u4eca\u5e74\u3082\u3001\u30af\u30ed\u30fc\u30af\u3068\u30b0\u30c3\u30ba\u58f2\u308a\u5834\u3067\u306fAniNite \u9650\u5b9a\u30b7\u30e7\u30c3\u30d4\u30f3\u30b0\u30d0\u30c3\u30b0\u3092 \u8cfc\u5165\u3059\u308b\u3053\u3068\u304c\u3067\u304d\u308b\u3002\u30d0\u30c3\u30b0\u304c\u5c11\u3057\u5c0f\u3055\u304f\u306a\u3063\u3066\u3082\u3001\u5b89\u5fc3\u3057\u3066\u8cb7\u3044\u7269\u3092\u3059\u308b\u3053\u3068\u304c\u3067\u304d\u308b\u3002\" \/>\n<meta property=\"og:url\" content=\"https:\/\/www.aninite.at\/ja\/info-3\/gaderobe-und-umkleiden\/\" \/>\n<meta property=\"og:site_name\" content=\"AniNite\" \/>\n<meta property=\"article:publisher\" content=\"https:\/\/www.facebook.com\/AniMangaAustria\" \/>\n<meta property=\"article:modified_time\" content=\"2026-04-15T18:32:51+00:00\" \/>\n<meta property=\"og:image\" content=\"https:\/\/www.aninite.at\/wp-content\/uploads\/cropped-Icon_2025.jpg\" \/>\n\t<meta property=\"og:image:width\" content=\"512\" \/>\n\t<meta property=\"og:image:height\" content=\"512\" \/>\n\t<meta property=\"og:image:type\" content=\"image\/jpeg\" \/>\n<meta name=\"twitter:card\" content=\"summary_large_image\" \/>\n<script type=\"application\/ld+json\" class=\"yoast-schema-graph\">{\"@context\":\"https:\\\/\\\/schema.org\",\"@graph\":[{\"@type\":\"WebPage\",\"@id\":\"https:\\\/\\\/www.aninite.at\\\/ja\\\/info-3\\\/gaderobe-und-umkleiden\\\/\",\"url\":\"https:\\\/\\\/www.aninite.at\\\/ja\\\/info-3\\\/gaderobe-und-umkleiden\\\/\",\"name\":\"\u30ef\u30fc\u30c9\u30ed\u30fc\u30d6 - AniNite\",\"isPartOf\":{\"@id\":\"https:\\\/\\\/www.aninite.at\\\/ja\\\/#website\"},\"primaryImageOfPage\":{\"@id\":\"https:\\\/\\\/www.aninite.at\\\/ja\\\/info-3\\\/gaderobe-und-umkleiden\\\/#primaryimage\"},\"image\":{\"@id\":\"https:\\\/\\\/www.aninite.at\\\/ja\\\/info-3\\\/gaderobe-und-umkleiden\\\/#primaryimage\"},\"thumbnailUrl\":\"https:\\\/\\\/www.aninite.at\\\/wp-content\\\/uploads\\\/\\\/PageTitelBanner.svg\",\"datePublished\":\"2023-07-12T14:30:59+00:00\",\"dateModified\":\"2026-04-15T18:32:51+00:00\",\"breadcrumb\":{\"@id\":\"https:\\\/\\\/www.aninite.at\\\/ja\\\/info-3\\\/gaderobe-und-umkleiden\\\/#breadcrumb\"},\"inLanguage\":\"ja\",\"potentialAction\":[{\"@type\":\"ReadAction\",\"target\":[\"https:\\\/\\\/www.aninite.at\\\/ja\\\/info-3\\\/gaderobe-und-umkleiden\\\/\"]}]},{\"@type\":\"ImageObject\",\"inLanguage\":\"ja\",\"@id\":\"https:\\\/\\\/www.aninite.at\\\/ja\\\/info-3\\\/gaderobe-und-umkleiden\\\/#primaryimage\",\"url\":\"https:\\\/\\\/www.aninite.at\\\/wp-content\\\/uploads\\\/\\\/PageTitelBanner.svg\",\"contentUrl\":\"https:\\\/\\\/www.aninite.at\\\/wp-content\\\/uploads\\\/\\\/PageTitelBanner.svg\"},{\"@type\":\"BreadcrumbList\",\"@id\":\"https:\\\/\\\/www.aninite.at\\\/ja\\\/info-3\\\/gaderobe-und-umkleiden\\\/#breadcrumb\",\"itemListElement\":[{\"@type\":\"ListItem\",\"position\":1,\"name\":\"Startseite\",\"item\":\"https:\\\/\\\/www.aninite.at\\\/ja\\\/willkommen\\\/\"},{\"@type\":\"ListItem\",\"position\":2,\"name\":\"\u30a4\u30f3\u30d5\u30a9\u30e1\u30fc\u30b7\u30e7\u30f3\",\"item\":\"https:\\\/\\\/www.aninite.at\\\/ja\\\/info-3\\\/\"},{\"@type\":\"ListItem\",\"position\":3,\"name\":\"\u30ef\u30fc\u30c9\u30ed\u30fc\u30d6\"}]},{\"@type\":\"WebSite\",\"@id\":\"https:\\\/\\\/www.aninite.at\\\/ja\\\/#website\",\"url\":\"https:\\\/\\\/www.aninite.at\\\/ja\\\/\",\"name\":\"AniNite\",\"description\":\"\u00d6sterreichs gr\u00f6\u00dfte Anime-, Manga- und Comic-Convention\",\"potentialAction\":[{\"@type\":\"SearchAction\",\"target\":{\"@type\":\"EntryPoint\",\"urlTemplate\":\"https:\\\/\\\/www.aninite.at\\\/ja\\\/?s={search_term_string}\"},\"query-input\":{\"@type\":\"PropertyValueSpecification\",\"valueRequired\":true,\"valueName\":\"search_term_string\"}}],\"inLanguage\":\"ja\"}]}<\/script>\n<!-- \/ Yoast SEO plugin. -->","yoast_head_json":{"title":"\u30ef\u30fc\u30c9\u30ed\u30fc\u30d6 - AniNite","robots":{"index":"index","follow":"follow","max-snippet":"max-snippet:-1","max-image-preview":"max-image-preview:large","max-video-preview":"max-video-preview:-1"},"canonical":"https:\/\/www.aninite.at\/ja\/info-3\/gaderobe-und-umkleiden\/","og_locale":"ja_JP","og_type":"article","og_title":"\u30ef\u30fc\u30c9\u30ed\u30fc\u30d6 - AniNite","og_description":"\u4f8b\u5e74\u901a\u308a\u3001\u6765\u5834\u8005\u306b\u306f\u30af\u30ed\u30fc\u30af\u3092\u7121\u6599\u3067 \u63d0\u4f9b\u3057\u3066\u3044\u308b\u3002 \u305d\u3057\u3066\u4eca\u5e74\u3082\u3001\u30af\u30ed\u30fc\u30af\u3068\u30b0\u30c3\u30ba\u58f2\u308a\u5834\u3067\u306fAniNite \u9650\u5b9a\u30b7\u30e7\u30c3\u30d4\u30f3\u30b0\u30d0\u30c3\u30b0\u3092 \u8cfc\u5165\u3059\u308b\u3053\u3068\u304c\u3067\u304d\u308b\u3002\u30d0\u30c3\u30b0\u304c\u5c11\u3057\u5c0f\u3055\u304f\u306a\u3063\u3066\u3082\u3001\u5b89\u5fc3\u3057\u3066\u8cb7\u3044\u7269\u3092\u3059\u308b\u3053\u3068\u304c\u3067\u304d\u308b\u3002","og_url":"https:\/\/www.aninite.at\/ja\/info-3\/gaderobe-und-umkleiden\/","og_site_name":"AniNite","article_publisher":"https:\/\/www.facebook.com\/AniMangaAustria","article_modified_time":"2026-04-15T18:32:51+00:00","og_image":[{"width":512,"height":512,"url":"https:\/\/www.aninite.at\/wp-content\/uploads\/cropped-Icon_2025.jpg","type":"image\/jpeg"}],"twitter_card":"summary_large_image","schema":{"@context":"https:\/\/schema.org","@graph":[{"@type":"WebPage","@id":"https:\/\/www.aninite.at\/ja\/info-3\/gaderobe-und-umkleiden\/","url":"https:\/\/www.aninite.at\/ja\/info-3\/gaderobe-und-umkleiden\/","name":"\u30ef\u30fc\u30c9\u30ed\u30fc\u30d6 - AniNite","isPartOf":{"@id":"https:\/\/www.aninite.at\/ja\/#website"},"primaryImageOfPage":{"@id":"https:\/\/www.aninite.at\/ja\/info-3\/gaderobe-und-umkleiden\/#primaryimage"},"image":{"@id":"https:\/\/www.aninite.at\/ja\/info-3\/gaderobe-und-umkleiden\/#primaryimage"},"thumbnailUrl":"https:\/\/www.aninite.at\/wp-content\/uploads\/\/PageTitelBanner.svg","datePublished":"2023-07-12T14:30:59+00:00","dateModified":"2026-04-15T18:32:51+00:00","breadcrumb":{"@id":"https:\/\/www.aninite.at\/ja\/info-3\/gaderobe-und-umkleiden\/#breadcrumb"},"inLanguage":"ja","potentialAction":[{"@type":"ReadAction","target":["https:\/\/www.aninite.at\/ja\/info-3\/gaderobe-und-umkleiden\/"]}]},{"@type":"ImageObject","inLanguage":"ja","@id":"https:\/\/www.aninite.at\/ja\/info-3\/gaderobe-und-umkleiden\/#primaryimage","url":"https:\/\/www.aninite.at\/wp-content\/uploads\/\/PageTitelBanner.svg","contentUrl":"https:\/\/www.aninite.at\/wp-content\/uploads\/\/PageTitelBanner.svg"},{"@type":"BreadcrumbList","@id":"https:\/\/www.aninite.at\/ja\/info-3\/gaderobe-und-umkleiden\/#breadcrumb","itemListElement":[{"@type":"ListItem","position":1,"name":"Startseite","item":"https:\/\/www.aninite.at\/ja\/willkommen\/"},{"@type":"ListItem","position":2,"name":"\u30a4\u30f3\u30d5\u30a9\u30e1\u30fc\u30b7\u30e7\u30f3","item":"https:\/\/www.aninite.at\/ja\/info-3\/"},{"@type":"ListItem","position":3,"name":"\u30ef\u30fc\u30c9\u30ed\u30fc\u30d6"}]},{"@type":"WebSite","@id":"https:\/\/www.aninite.at\/ja\/#website","url":"https:\/\/www.aninite.at\/ja\/","name":"AniNite","description":"\u00d6sterreichs gr\u00f6\u00dfte Anime-, Manga- und Comic-Convention","potentialAction":[{"@type":"SearchAction","target":{"@type":"EntryPoint","urlTemplate":"https:\/\/www.aninite.at\/ja\/?s={search_term_string}"},"query-input":{"@type":"PropertyValueSpecification","valueRequired":true,"valueName":"search_term_string"}}],"inLanguage":"ja"}]}},"acf":[],"_links":{"self":[{"href":"https:\/\/www.aninite.at\/ja\/wp-json\/wp\/v2\/pages\/32570","targetHints":{"allow":["GET"]}}],"collection":[{"href":"https:\/\/www.aninite.at\/ja\/wp-json\/wp\/v2\/pages"}],"about":[{"href":"https:\/\/www.aninite.at\/ja\/wp-json\/wp\/v2\/types\/page"}],"author":[{"embeddable":true,"href":"https:\/\/www.aninite.at\/ja\/wp-json\/wp\/v2\/users\/10"}],"replies":[{"embeddable":true,"href":"https:\/\/www.aninite.at\/ja\/wp-json\/wp\/v2\/comments?post=32570"}],"version-history":[{"count":3,"href":"https:\/\/www.aninite.at\/ja\/wp-json\/wp\/v2\/pages\/32570\/revisions"}],"predecessor-version":[{"id":34951,"href":"https:\/\/www.aninite.at\/ja\/wp-json\/wp\/v2\/pages\/32570\/revisions\/34951"}],"up":[{"embeddable":true,"href":"https:\/\/www.aninite.at\/ja\/wp-json\/wp\/v2\/pages\/32716"}],"wp:attachment":[{"href":"https:\/\/www.aninite.at\/ja\/wp-json\/wp\/v2\/media?parent=32570"}],"curies":[{"name":"wp","href":"https:\/\/api.w.org\/{rel}","templated":true}]}}