{"id":32573,"date":"2022-02-10T17:25:19","date_gmt":"2022-02-10T16:25:19","guid":{"rendered":"https:\/\/www.aninite.at\/meme-wettbewerb\/"},"modified":"2025-07-16T10:55:49","modified_gmt":"2025-07-16T08:55:49","slug":"meme-wettbewerb","status":"publish","type":"page","link":"https:\/\/www.aninite.at\/ja\/wettbewerbe\/meme-wettbewerb\/","title":{"rendered":"\u30df\u30fc\u30e0\u30fb\u30b3\u30f3\u30da\u30c6\u30a3\u30b7\u30e7\u30f3"},"content":{"rendered":"<div class=\"wp-block-image\">\n<figure class=\"aligncenter size-full\"><img decoding=\"async\" src=\"https:\/\/www.aninite.at\/wp-content\/uploads\/\/TitelTemplate-1.svg\" alt=\"\" class=\"wp-image-32076\"\/><\/figure>\n<\/div>\n<p><strong>\u5927\u30df\u30fc\u30e0\u5927\u4f1a\uff1a<em>\u843d\u3061\u308b\u307e\u3067\u7b11\u3048<\/em><\/strong><\/p>\n\n<p>\u30df\u30fc\u30e0\u611b\u597d\u5bb6\u306e\u7686\u3055\u3093\u3001\u3053\u3093\u306b\u3061\u306f\u3001\u305d\u3057\u3066\u3088\u3046\u3053\u305d\uff01  <\/p>\n\n<p>\u3042\u306a\u305f\u306f\u30af\u30ea\u30a8\u30a4\u30c6\u30a3\u30d6\u3067\u3001\u30e6\u30fc\u30e2\u30a2\u306e\u30bb\u30f3\u30b9\u304c\u3042\u308a\u3001\u30df\u30fc\u30e0\u3092\u4f5c\u308b\u306e\u304c\u597d\u304d\uff1f\u305d\u308c\u306a\u3089\u3001<strong>AniNite\u306e\u5927\u898f\u6a21\u306a\u30df\u30fc\u30e0\u30b3\u30f3\u30da\u30c6\u30a3\u30b7\u30e7\u30f3\u306b<\/strong>\u53c2\u52a0\u3057\u3088\u3046\uff01<br\/>\u30df\u30fc\u30e0\u306e\u30d7\u30ed\u3067\u3082\u521d\u5fc3\u8005\u3067\u3082\u3001\u8ab0\u3067\u3082\u5927\u6b53\u8fce\u3002\u3042\u306a\u305f\u306e\u6700\u9ad8\u306e\u4f5c\u54c1\u3092\u898b\u305b\u3066\u3001\u8c6a\u83ef\u8cde\u54c1\u3092\u30b2\u30c3\u30c8\u3057\u3088\u3046\uff01  <\/p>\n\n<h2 class=\"wp-block-heading has-text-align-center has-vivid-red-color has-text-color has-link-color wp-elements-2903229b50d0268566388e0e7c533d03\">\u767b\u9332<\/h2>\n\n<p class=\"has-text-align-center\"><strong><a href=\"https:\/\/forms.office.com\/Pages\/ResponsePage.aspx?id=vS-9NlFDJEOLWHEKOtMaO-Pa3SPJ5iFIisbsWJSlwDBUOEhWRzFSQ0w4SUQzOUxLNERXV084NFVBUi4u\" target=\"_blank\" rel=\"noreferrer noopener\">\u767b\u9332\u306f\u3053\u3061\u3089\u304b\u3089\u3002<\/a><\/strong><\/p>\n\n<h2 class=\"wp-block-heading has-text-align-center has-vivid-red-color has-text-color\" id=\"teilnahmebedingungen\">\u53c2\u52a0\u6761\u4ef6<\/h2>\n\n<ul class=\"wp-block-list\">\n<li>\u6388\u8cde\u5f0f\u306b\u51fa\u5e2d\u3067\u304d\u306a\u3044\u5834\u5408\u306f\u3001\u30a4\u30f3\u30d5\u30a9\u30e1\u30fc\u30b7\u30e7\u30f3\u30fb\u30b9\u30bf\u30f3\u30c9\u306b\u5831\u544a\u3057\u3001\u9023\u7d61\u5148\u3092\u4f1d\u3048\u3066\u307b\u3057\u3044\u3002<\/li>\n\n\n\n<li>\u307e\u305f\u3001\u4ee3\u7406\u4eba\u306e\u9023\u7d61\u5148\uff08\u30d5\u30eb\u30cd\u30fc\u30e0\uff01\uff09<\/li>\n\n\n\n<li>\u6599\u91d1\u306f<strong>\u6c7a\u3057\u3066 <\/strong>\u6d77\u5916\u306b\u306f\u9001\u3089\u308c\u306a\u3044\uff01<\/li>\n\n\n\n<li>\u30a8\u30f3\u30c8\u30ea\u30fc\u30fb\u30d5\u30a9\u30fc\u30e0\u306f<strong>\u5b8c\u5168\u306b<\/strong>\u8a18\u5165\u3055\u308c\u3066\u3044\u306a\u3051\u308c\u3070\u306a\u3089\u306a\u3044\u3002 \u66f8\u985e\u306b\u4e0d\u5099\u304c\u3042\u308b\u5834\u5408\u306f\u3001\u7af6\u6280\u304b\u3089\u9664\u5916\u3055\u308c\u308b\u3002<\/li>\n\n\n\n<li><br\/><strong>\u4f5c\u54c1\u306b\u5bfe\u3059\u308b\u3059\u3079\u3066\u306e\u6a29\u5229\u306f\u3001\u3042\u306a\u305f\u306b\u5e30\u5c5e\u3059\u308b\uff01<\/strong><\/li>\n\n\n\n<li>\u3042\u306a\u305f\u306e\u30df\u30fc\u30e0\u306f\u3001<strong>\u52dd\u8005\u304c\u767a\u8868\u3055\u308c\u305f\u5f8c\u306b\u306e\u307f<\/strong>\u516c\u306b\u5171\u6709\u3059\u308b\u3053\u3068\u304c\u3067\u304d\u308b\u3002<\/li>\n<\/ul>\n\n<h2 class=\"wp-block-heading has-text-align-center has-vivid-red-color has-text-color\" id=\"regelwerk\">\u898f\u5247<\/h2>\n\n<ul class=\"wp-block-list\">\n<li><strong>\u3006\u5207\uff1a2025\u5e748\u67081\u65e523\u664259\u5206<\/strong><\/li>\n\n\n\n<li>\u53c2\u52a0\u80051\u4eba\u306b\u3064\u304d<strong>1\u56de\u306e\u30a8\u30f3\u30c8\u30ea\u30fc\u3092<\/strong>\u53d7\u3051\u4ed8\u3051\u308b\u3002  <\/li>\n\n\n\n<li>\u63d0\u51fa\u7269\u306f<strong>\u30af\u30e9\u30a6\u30c9\u30d7\u30e9\u30c3\u30c8\u30d5\u30a9\u30fc\u30e0<\/strong>\uff08Google Drive\u3001Dropbox\u306a\u3069\uff09\u3092\u4ecb\u3057\u3066\u30a2\u30c3\u30d7\u30ed\u30fc\u30c9\u3059\u308b\u3053\u3068\u3002\u305d\u306e<strong>\u30ea\u30f3\u30af\u304c\u5168\u54e1\u306b\u5171\u6709\u3055\u308c\u3066<\/strong>\u3044\u308b\u3053\u3068\u3092\u78ba\u8a8d\u3059\u308b\u3053\u3068\u3002   <\/li>\n\n\n\n<li>\u4f7f\u7528\u53ef\u80fd\u306a\u30d5\u30a1\u30a4\u30eb\u5f62\u5f0f\u306f\u3001.png\u3001.jpg\u3001.gif\uff08\u30a2\u30cb\u30e1\u30fc\u30b7\u30e7\u30f3\u306f\u4e0d\u53ef\uff09\u3002\u52d5\u753b\u306f\u53d7\u3051\u4ed8\u3051\u306a\u3044\u3002  <\/li>\n\n\n\n<li>\u3053\u306e\u30df\u30fc\u30e0\u306f\u81ea\u5206\u3067\u4f5c\u3063\u305f\u306b\u9055\u3044\u306a\u3044\u3002  <\/li>\n\n\n\n<li>\u6027\u5dee\u5225\u7684\u3001\u4eba\u7a2e\u5dee\u5225\u7684\u3001\u653f\u6cbb\u7684\u3001\u305d\u306e\u4ed6\u653b\u6483\u7684\u306a\u30df\u30fc\u30e0\u306f\u6295\u7a3f\u3057\u306a\u3044\u3053\u3068\u3002  <\/li>\n\n\n\n<li>\u6211\u3005\u306f\u3001\u4e0d\u9069\u5207\u306a\u30df\u30fc\u30e0\u3084\u30eb\u30fc\u30eb\u306b\u9055\u53cd\u3059\u308b\u30df\u30fc\u30e0\u3092\u30b3\u30f3\u30c6\u30b9\u30c8\u304b\u3089\u9664\u5916\u3059\u308b\u6a29\u5229\u3092\u7559\u4fdd\u3059\u308b\u3002  <\/li>\n<\/ul>\n\n<h2 class=\"wp-block-heading has-text-align-center has-vivid-red-color has-text-color\" id=\"ablauf\">\u30b3\u30f3\u30da\u30c6\u30a3\u30b7\u30e7\u30f3\u3068\u8a55\u4fa1\u624b\u9806<\/h2>\n\n<p><br\/>\u53d7\u8cde\u8005\u306f\u6388\u8cde\u5f0f<strong>\uff08\u65e5\u7a0b\u672a\u5b9a <\/strong>\uff09\u306b\u3066\u767a\u8868\u3055\u308c\u308b\u3002<br\/><\/p>\n\n<hr class=\"wp-block-separator has-alpha-channel-opacity\"\/>\n\n<p><strong>\u3042\u306a\u305f\u306e\u5275\u9020\u6027\u3092\u898b\u305b\u3066\u307b\u3057\u3044\uff01<\/strong><\/p>\n\n<p>\u72ec\u5275\u7684\u3067\u3001\u6109\u5feb\u3067\u3001\u72ec\u5275\u7684\u306a\u591a\u304f\u306e\u5fdc\u52df\u3092\u671f\u5f85\u3057\u3066\u3044\u308b\u3002<br\/>\u5e78\u904b\u3092\u7948\u308b\u3002\u305d\u3057\u3066\u6700\u9ad8\u306e\u30df\u30fc\u30e0\u304c\u512a\u52dd\u3057\u307e\u3059\u3088\u3046\u306b\uff01<\/p>\n<div class=\"wp-block-image\">\n<figure class=\"aligncenter size-full\"><img loading=\"lazy\" decoding=\"async\" width=\"728\" height=\"162\" src=\"https:\/\/www.aninite.at\/wp-content\/uploads\/Footer_2025_FL.jpg\" alt=\"\" class=\"wp-image-17696\" srcset=\"https:\/\/www.aninite.at\/wp-content\/uploads\/Footer_2025_FL.jpg 728w, https:\/\/www.aninite.at\/wp-content\/uploads\/Footer_2025_FL-300x67.jpg 300w\" sizes=\"auto, (max-width: 728px) 100vw, 728px\" \/><\/figure>\n<\/div>","protected":false},"excerpt":{"rendered":"<p>\u5927\u30df\u30fc\u30e0\u5927\u4f1a\uff1a\u843d\u3061\u308b\u307e\u3067\u7b11\u3048 \u30df\u30fc\u30e0\u611b\u597d\u5bb6\u306e\u7686\u3055\u3093\u3001\u3053\u3093\u306b\u3061\u306f\u3001\u305d\u3057\u3066\u3088\u3046\u3053\u305d\uff01 \u3042\u306a\u305f\u306f\u30af\u30ea\u30a8\u30a4\u30c6\u30a3\u30d6\u3067\u3001\u30e6\u30fc\u30e2\u30a2\u306e\u30bb\u30f3\u30b9\u304c\u3042\u308a\u3001\u30df\u30fc\u30e0\u3092\u4f5c\u308b\u306e\u304c\u597d\u304d\uff1f\u305d\u308c\u306a\u3089\u3001AniNite\u306e\u5927\u898f\u6a21\u306a\u30df\u30fc\u30e0\u30b3\u30f3\u30da\u30c6\u30a3\u30b7\u30e7\u30f3\u306b\u53c2\u52a0\u3057\u3088\u3046\uff01\u30df\u30fc\u30e0\u306e\u30d7\u30ed\u3067\u3082\u521d\u5fc3\u8005\u3067\u3082\u3001\u8ab0\u3067\u3082\u5927\u6b53\u8fce\u3002\u3042\u306a\u305f\u306e\u6700\u9ad8\u306e\u4f5c\u54c1\u3092\u898b\u305b\u3066\u3001\u8c6a\u83ef\u8cde\u54c1\u3092\u30b2\u30c3\u30c8\u3057\u3088\u3046\uff01 \u767b\u9332 \u767b\u9332\u306f\u3053\u3061\u3089\u304b\u3089\u3002 \u53c2\u52a0\u6761\u4ef6 \u898f\u5247 \u30b3\u30f3\u30da\u30c6\u30a3\u30b7\u30e7\u30f3\u3068\u8a55\u4fa1\u624b\u9806 \u53d7\u8cde\u8005\u306f\u6388\u8cde\u5f0f\uff08\u65e5\u7a0b\u672a\u5b9a \uff09\u306b\u3066\u767a\u8868\u3055\u308c\u308b\u3002 \u3042\u306a\u305f\u306e\u5275\u9020\u6027\u3092\u898b\u305b\u3066\u307b\u3057\u3044\uff01 \u72ec\u5275\u7684\u3067\u3001\u6109\u5feb\u3067\u3001\u72ec\u5275\u7684\u306a\u591a\u304f\u306e\u5fdc\u52df\u3092\u671f\u5f85\u3057\u3066\u3044\u308b\u3002\u5e78\u904b\u3092\u7948\u308b\u3002\u305d\u3057\u3066\u6700\u9ad8\u306e\u30df\u30fc\u30e0\u304c\u512a\u52dd\u3057\u307e\u3059\u3088\u3046\u306b\uff01<\/p>\n","protected":false},"author":10,"featured_media":0,"parent":32729,"menu_order":0,"comment_status":"closed","ping_status":"closed","template":"","meta":{"inline_featured_image":false,"footnotes":""},"class_list":["post-32573","page","type-page","status-publish","hentry"],"yoast_head":"<!-- This site is optimized with the Yoast SEO plugin v27.5 - https:\/\/yoast.com\/product\/yoast-seo-wordpress\/ -->\n<title>\u30df\u30fc\u30e0\u30fb\u30b3\u30f3\u30da\u30c6\u30a3\u30b7\u30e7\u30f3 - AniNite<\/title>\n<meta name=\"description\" content=\"\u3053\u306e\u30b3\u30f3\u30c6\u30b9\u30c8\u306e\u76ee\u7684\u306f\u3001\u3067\u304d\u308b\u3060\u3051\u591a\u304f\u306e\u4eba\u3092\u697d\u3057\u307e\u305b\u308b\u30aa\u30ea\u30b8\u30ca\u30eb\u306e\u30df\u30fc\u30e0\u3092\u4f5c\u308b\u3053\u3068\u3060\u3002\" \/>\n<meta name=\"robots\" content=\"index, follow, max-snippet:-1, max-image-preview:large, max-video-preview:-1\" \/>\n<link rel=\"canonical\" href=\"https:\/\/www.aninite.at\/ja\/wettbewerbe\/meme-wettbewerb\/\" \/>\n<meta property=\"og:locale\" content=\"ja_JP\" \/>\n<meta property=\"og:type\" content=\"article\" \/>\n<meta property=\"og:title\" content=\"\u30df\u30fc\u30e0\u30fb\u30b3\u30f3\u30da\u30c6\u30a3\u30b7\u30e7\u30f3 - AniNite\" \/>\n<meta property=\"og:description\" content=\"\u3053\u306e\u30b3\u30f3\u30c6\u30b9\u30c8\u306e\u76ee\u7684\u306f\u3001\u3067\u304d\u308b\u3060\u3051\u591a\u304f\u306e\u4eba\u3092\u697d\u3057\u307e\u305b\u308b\u30aa\u30ea\u30b8\u30ca\u30eb\u306e\u30df\u30fc\u30e0\u3092\u4f5c\u308b\u3053\u3068\u3060\u3002\" \/>\n<meta property=\"og:url\" content=\"https:\/\/www.aninite.at\/ja\/wettbewerbe\/meme-wettbewerb\/\" \/>\n<meta property=\"og:site_name\" content=\"AniNite\" \/>\n<meta property=\"article:publisher\" content=\"https:\/\/www.facebook.com\/AniMangaAustria\" \/>\n<meta property=\"article:modified_time\" content=\"2025-07-16T08:55:49+00:00\" \/>\n<meta property=\"og:image\" content=\"https:\/\/www.aninite.at\/wp-content\/uploads\/cropped-Icon_2025.jpg\" \/>\n\t<meta property=\"og:image:width\" content=\"512\" \/>\n\t<meta property=\"og:image:height\" content=\"512\" \/>\n\t<meta property=\"og:image:type\" content=\"image\/jpeg\" \/>\n<meta name=\"twitter:card\" content=\"summary_large_image\" \/>\n<meta name=\"twitter:title\" content=\"\u30a2\u30cb\u30ca\u30a4\u30c8\" \/>\n<meta name=\"twitter:description\" content=\"\u3053\u306e\u30b3\u30f3\u30c6\u30b9\u30c8\u306e\u76ee\u7684\u306f\u3001\u3067\u304d\u308b\u3060\u3051\u591a\u304f\u306e\u4eba\u3092\u697d\u3057\u307e\u305b\u308b\u30aa\u30ea\u30b8\u30ca\u30eb\u306e\u30df\u30fc\u30e0\u3092\u4f5c\u308b\u3053\u3068\u3060\u3002\" \/>\n<meta name=\"twitter:image\" content=\"https:\/\/www.aninite.at\/wp-content\/uploads\/Meme-WB-1024x494.png\" \/>\n<script type=\"application\/ld+json\" class=\"yoast-schema-graph\">{\"@context\":\"https:\\\/\\\/schema.org\",\"@graph\":[{\"@type\":\"WebPage\",\"@id\":\"https:\\\/\\\/www.aninite.at\\\/ja\\\/wettbewerbe\\\/meme-wettbewerb\\\/\",\"url\":\"https:\\\/\\\/www.aninite.at\\\/ja\\\/wettbewerbe\\\/meme-wettbewerb\\\/\",\"name\":\"\u30df\u30fc\u30e0\u30fb\u30b3\u30f3\u30da\u30c6\u30a3\u30b7\u30e7\u30f3 - AniNite\",\"isPartOf\":{\"@id\":\"https:\\\/\\\/www.aninite.at\\\/ja\\\/#website\"},\"primaryImageOfPage\":{\"@id\":\"https:\\\/\\\/www.aninite.at\\\/ja\\\/wettbewerbe\\\/meme-wettbewerb\\\/#primaryimage\"},\"image\":{\"@id\":\"https:\\\/\\\/www.aninite.at\\\/ja\\\/wettbewerbe\\\/meme-wettbewerb\\\/#primaryimage\"},\"thumbnailUrl\":\"https:\\\/\\\/www.aninite.at\\\/wp-content\\\/uploads\\\/\\\/TitelTemplate-1.svg\",\"datePublished\":\"2022-02-10T16:25:19+00:00\",\"dateModified\":\"2025-07-16T08:55:49+00:00\",\"description\":\"\u3053\u306e\u30b3\u30f3\u30c6\u30b9\u30c8\u306e\u76ee\u7684\u306f\u3001\u3067\u304d\u308b\u3060\u3051\u591a\u304f\u306e\u4eba\u3092\u697d\u3057\u307e\u305b\u308b\u30aa\u30ea\u30b8\u30ca\u30eb\u306e\u30df\u30fc\u30e0\u3092\u4f5c\u308b\u3053\u3068\u3060\u3002\",\"breadcrumb\":{\"@id\":\"https:\\\/\\\/www.aninite.at\\\/ja\\\/wettbewerbe\\\/meme-wettbewerb\\\/#breadcrumb\"},\"inLanguage\":\"ja\",\"potentialAction\":[{\"@type\":\"ReadAction\",\"target\":[\"https:\\\/\\\/www.aninite.at\\\/ja\\\/wettbewerbe\\\/meme-wettbewerb\\\/\"]}]},{\"@type\":\"ImageObject\",\"inLanguage\":\"ja\",\"@id\":\"https:\\\/\\\/www.aninite.at\\\/ja\\\/wettbewerbe\\\/meme-wettbewerb\\\/#primaryimage\",\"url\":\"https:\\\/\\\/www.aninite.at\\\/wp-content\\\/uploads\\\/\\\/TitelTemplate-1.svg\",\"contentUrl\":\"https:\\\/\\\/www.aninite.at\\\/wp-content\\\/uploads\\\/\\\/TitelTemplate-1.svg\"},{\"@type\":\"BreadcrumbList\",\"@id\":\"https:\\\/\\\/www.aninite.at\\\/ja\\\/wettbewerbe\\\/meme-wettbewerb\\\/#breadcrumb\",\"itemListElement\":[{\"@type\":\"ListItem\",\"position\":1,\"name\":\"Startseite\",\"item\":\"https:\\\/\\\/www.aninite.at\\\/ja\\\/willkommen\\\/\"},{\"@type\":\"ListItem\",\"position\":2,\"name\":\"\u30b3\u30f3\u30da\u30c6\u30a3\u30b7\u30e7\u30f3\",\"item\":\"https:\\\/\\\/www.aninite.at\\\/ja\\\/wettbewerbe\\\/\"},{\"@type\":\"ListItem\",\"position\":3,\"name\":\"\u30df\u30fc\u30e0\u30fb\u30b3\u30f3\u30da\u30c6\u30a3\u30b7\u30e7\u30f3\"}]},{\"@type\":\"WebSite\",\"@id\":\"https:\\\/\\\/www.aninite.at\\\/ja\\\/#website\",\"url\":\"https:\\\/\\\/www.aninite.at\\\/ja\\\/\",\"name\":\"AniNite\",\"description\":\"\u00d6sterreichs gr\u00f6\u00dfte Anime-, Manga- und Comic-Convention\",\"potentialAction\":[{\"@type\":\"SearchAction\",\"target\":{\"@type\":\"EntryPoint\",\"urlTemplate\":\"https:\\\/\\\/www.aninite.at\\\/ja\\\/?s={search_term_string}\"},\"query-input\":{\"@type\":\"PropertyValueSpecification\",\"valueRequired\":true,\"valueName\":\"search_term_string\"}}],\"inLanguage\":\"ja\"}]}<\/script>\n<!-- \/ Yoast SEO plugin. -->","yoast_head_json":{"title":"\u30df\u30fc\u30e0\u30fb\u30b3\u30f3\u30da\u30c6\u30a3\u30b7\u30e7\u30f3 - AniNite","description":"\u3053\u306e\u30b3\u30f3\u30c6\u30b9\u30c8\u306e\u76ee\u7684\u306f\u3001\u3067\u304d\u308b\u3060\u3051\u591a\u304f\u306e\u4eba\u3092\u697d\u3057\u307e\u305b\u308b\u30aa\u30ea\u30b8\u30ca\u30eb\u306e\u30df\u30fc\u30e0\u3092\u4f5c\u308b\u3053\u3068\u3060\u3002","robots":{"index":"index","follow":"follow","max-snippet":"max-snippet:-1","max-image-preview":"max-image-preview:large","max-video-preview":"max-video-preview:-1"},"canonical":"https:\/\/www.aninite.at\/ja\/wettbewerbe\/meme-wettbewerb\/","og_locale":"ja_JP","og_type":"article","og_title":"\u30df\u30fc\u30e0\u30fb\u30b3\u30f3\u30da\u30c6\u30a3\u30b7\u30e7\u30f3 - AniNite","og_description":"\u3053\u306e\u30b3\u30f3\u30c6\u30b9\u30c8\u306e\u76ee\u7684\u306f\u3001\u3067\u304d\u308b\u3060\u3051\u591a\u304f\u306e\u4eba\u3092\u697d\u3057\u307e\u305b\u308b\u30aa\u30ea\u30b8\u30ca\u30eb\u306e\u30df\u30fc\u30e0\u3092\u4f5c\u308b\u3053\u3068\u3060\u3002","og_url":"https:\/\/www.aninite.at\/ja\/wettbewerbe\/meme-wettbewerb\/","og_site_name":"AniNite","article_publisher":"https:\/\/www.facebook.com\/AniMangaAustria","article_modified_time":"2025-07-16T08:55:49+00:00","og_image":[{"width":512,"height":512,"url":"https:\/\/www.aninite.at\/wp-content\/uploads\/cropped-Icon_2025.jpg","type":"image\/jpeg"}],"twitter_card":"summary_large_image","twitter_title":"\u30a2\u30cb\u30ca\u30a4\u30c8","twitter_description":"\u3053\u306e\u30b3\u30f3\u30c6\u30b9\u30c8\u306e\u76ee\u7684\u306f\u3001\u3067\u304d\u308b\u3060\u3051\u591a\u304f\u306e\u4eba\u3092\u697d\u3057\u307e\u305b\u308b\u30aa\u30ea\u30b8\u30ca\u30eb\u306e\u30df\u30fc\u30e0\u3092\u4f5c\u308b\u3053\u3068\u3060\u3002","twitter_image":"https:\/\/www.aninite.at\/wp-content\/uploads\/Meme-WB-1024x494.png","schema":{"@context":"https:\/\/schema.org","@graph":[{"@type":"WebPage","@id":"https:\/\/www.aninite.at\/ja\/wettbewerbe\/meme-wettbewerb\/","url":"https:\/\/www.aninite.at\/ja\/wettbewerbe\/meme-wettbewerb\/","name":"\u30df\u30fc\u30e0\u30fb\u30b3\u30f3\u30da\u30c6\u30a3\u30b7\u30e7\u30f3 - AniNite","isPartOf":{"@id":"https:\/\/www.aninite.at\/ja\/#website"},"primaryImageOfPage":{"@id":"https:\/\/www.aninite.at\/ja\/wettbewerbe\/meme-wettbewerb\/#primaryimage"},"image":{"@id":"https:\/\/www.aninite.at\/ja\/wettbewerbe\/meme-wettbewerb\/#primaryimage"},"thumbnailUrl":"https:\/\/www.aninite.at\/wp-content\/uploads\/\/TitelTemplate-1.svg","datePublished":"2022-02-10T16:25:19+00:00","dateModified":"2025-07-16T08:55:49+00:00","description":"\u3053\u306e\u30b3\u30f3\u30c6\u30b9\u30c8\u306e\u76ee\u7684\u306f\u3001\u3067\u304d\u308b\u3060\u3051\u591a\u304f\u306e\u4eba\u3092\u697d\u3057\u307e\u305b\u308b\u30aa\u30ea\u30b8\u30ca\u30eb\u306e\u30df\u30fc\u30e0\u3092\u4f5c\u308b\u3053\u3068\u3060\u3002","breadcrumb":{"@id":"https:\/\/www.aninite.at\/ja\/wettbewerbe\/meme-wettbewerb\/#breadcrumb"},"inLanguage":"ja","potentialAction":[{"@type":"ReadAction","target":["https:\/\/www.aninite.at\/ja\/wettbewerbe\/meme-wettbewerb\/"]}]},{"@type":"ImageObject","inLanguage":"ja","@id":"https:\/\/www.aninite.at\/ja\/wettbewerbe\/meme-wettbewerb\/#primaryimage","url":"https:\/\/www.aninite.at\/wp-content\/uploads\/\/TitelTemplate-1.svg","contentUrl":"https:\/\/www.aninite.at\/wp-content\/uploads\/\/TitelTemplate-1.svg"},{"@type":"BreadcrumbList","@id":"https:\/\/www.aninite.at\/ja\/wettbewerbe\/meme-wettbewerb\/#breadcrumb","itemListElement":[{"@type":"ListItem","position":1,"name":"Startseite","item":"https:\/\/www.aninite.at\/ja\/willkommen\/"},{"@type":"ListItem","position":2,"name":"\u30b3\u30f3\u30da\u30c6\u30a3\u30b7\u30e7\u30f3","item":"https:\/\/www.aninite.at\/ja\/wettbewerbe\/"},{"@type":"ListItem","position":3,"name":"\u30df\u30fc\u30e0\u30fb\u30b3\u30f3\u30da\u30c6\u30a3\u30b7\u30e7\u30f3"}]},{"@type":"WebSite","@id":"https:\/\/www.aninite.at\/ja\/#website","url":"https:\/\/www.aninite.at\/ja\/","name":"AniNite","description":"\u00d6sterreichs gr\u00f6\u00dfte Anime-, Manga- und Comic-Convention","potentialAction":[{"@type":"SearchAction","target":{"@type":"EntryPoint","urlTemplate":"https:\/\/www.aninite.at\/ja\/?s={search_term_string}"},"query-input":{"@type":"PropertyValueSpecification","valueRequired":true,"valueName":"search_term_string"}}],"inLanguage":"ja"}]}},"acf":[],"_links":{"self":[{"href":"https:\/\/www.aninite.at\/ja\/wp-json\/wp\/v2\/pages\/32573","targetHints":{"allow":["GET"]}}],"collection":[{"href":"https:\/\/www.aninite.at\/ja\/wp-json\/wp\/v2\/pages"}],"about":[{"href":"https:\/\/www.aninite.at\/ja\/wp-json\/wp\/v2\/types\/page"}],"author":[{"embeddable":true,"href":"https:\/\/www.aninite.at\/ja\/wp-json\/wp\/v2\/users\/10"}],"replies":[{"embeddable":true,"href":"https:\/\/www.aninite.at\/ja\/wp-json\/wp\/v2\/comments?post=32573"}],"version-history":[{"count":5,"href":"https:\/\/www.aninite.at\/ja\/wp-json\/wp\/v2\/pages\/32573\/revisions"}],"predecessor-version":[{"id":34158,"href":"https:\/\/www.aninite.at\/ja\/wp-json\/wp\/v2\/pages\/32573\/revisions\/34158"}],"up":[{"embeddable":true,"href":"https:\/\/www.aninite.at\/ja\/wp-json\/wp\/v2\/pages\/32729"}],"wp:attachment":[{"href":"https:\/\/www.aninite.at\/ja\/wp-json\/wp\/v2\/media?parent=32573"}],"curies":[{"name":"wp","href":"https:\/\/api.w.org\/{rel}","templated":true}]}}