{"id":32586,"date":"2022-01-31T14:08:19","date_gmt":"2022-01-31T13:08:19","guid":{"rendered":"https:\/\/www.aninite.at\/amv-wettbewerb\/"},"modified":"2025-07-16T10:48:09","modified_gmt":"2025-07-16T08:48:09","slug":"amv-wettbewerb","status":"publish","type":"page","link":"https:\/\/www.aninite.at\/ja\/wettbewerbe\/amv-wettbewerb\/","title":{"rendered":"AMV\u30b3\u30f3\u30da\u30c6\u30a3\u30b7\u30e7\u30f3"},"content":{"rendered":"<div class=\"wp-block-image\">\n<figure class=\"aligncenter size-full\"><img decoding=\"async\" src=\"https:\/\/www.aninite.at\/wp-content\/uploads\/\/TitelTemplate-1.svg\" alt=\"\" class=\"wp-image-32076\"\/><\/figure>\n<\/div>\n<div style=\"height:41px\" aria-hidden=\"true\" class=\"wp-block-spacer\"><\/div>\n\n<p>\u6bce\u5e74\uff082020\u5e74\u306f\u5de7\u307f\u306b\u7121\u8996\u3059\u308b\uff09AniNite\u304c\u958b\u50ac\u3055\u308c\u300120\u5e74\u4ee5\u4e0a\u306b\u308f\u305f\u3063\u3066\u6614\u304b\u3089\u89aa\u3057\u307e\u308c\u3066\u304d\u305fAMV\u30b3\u30f3\u30c6\u30b9\u30c8\u304c\u958b\u50ac\u3055\u308c\u3066\u304d\u305f\uff01<\/p>\n\n<p>\u4eca\u5e74\u3082<strong>\u30c6\u30fc\u30de\u306f\u300c\u5bb6\u300d<\/strong>\u3060\u3002<\/p>\n\n<p>\u3069\u3053\u3067\u3001\u3069\u306e\u3088\u3046\u306b\u304f\u3064\u308d\u3044\u3067\u3044\u308b\u306e\u304b\u3001\u3069\u3053\u304b\u3089\u6765\u3066\u3001\u3069\u306e\u3088\u3046\u306b\u79c1\u305f\u3061\u5168\u54e1\u304c\u4e00\u7dd2\u306b\u3044\u308b\u306e\u304b\u3092\u898b\u305b\u3066\u307b\u3057\u3044\uff01<br\/>\u307e\u305f\u306f\u3001\u30c8\u30d4\u30c3\u30af\u3092\u7121\u8996\u3057\u3066\u3001\u3042\u306a\u305f\u304c\u3067\u304d\u308b\u3053\u3068\u3001\u898b\u305b\u305f\u3044\u3053\u3068\u3092\u898b\u305b\u3066\u307b\u3057\u3044\uff01\u53c2\u52a0\u8005\u6570\u306b\u5fdc\u3058\u3066\u8cde\u54c1\u3092\u5206\u3051\u308b\u3002\u5fdc\u52df\u306e\u969b\u306b\u306f\u51fa\u8eab\u5730\u3092\u8a18\u5165\u3059\u308b\u30aa\u30d7\u30b7\u30e7\u30f3\u304c\u3042\u308a\u3001\u30e2\u30c7\u30ec\u30fc\u30b7\u30e7\u30f3\u7528\u306b\u4f55\u304b\u7279\u5225\u306a\u3082\u306e\u3092\u7528\u610f\u3057\u3088\u3046\u3068\u8003\u3048\u3066\u3044\u308b\uff01  <\/p>\n\n<p><br\/>\u300c\u5bb6\u300d\u3068\u306f\u3001\u6545\u90f7\u306e\u97f3\u697d\u3001\u30cf\u30a4\u30b8\u3084\u30db\u30fc\u30e0\u30b9\u30dd\u30fc\u30c4\u306e\u30a2\u30cb\u30e1\u306a\u3069\u306e\u6620\u50cf\u7d20\u6750\u306a\u3069\u3001\u3055\u307e\u3056\u307e\u306a\u3082\u306e\u3092\u610f\u5473\u3059\u308b\u3002\u3042\u308b\u3044\u306f\u3001\u90fd\u4f1a\uff0f\u5bb6\u65cf\uff0f\u56fd\u3067\u306e\u751f\u6d3b\u3084\u3001\u65c5\u5148\u3067\u306e\u30db\u30fc\u30e0\u30b7\u30c3\u30af\u306b\u5bfe\u51e6\u3059\u308b\u3053\u3068\u3082\u3067\u304d\u308b\u3002<br\/>\u30db\u30fc\u30e0\u3068\u306f\u3001\u3042\u306a\u305f\u306e\u30cf\u30fc\u30c8\u304c\u3042\u308b\u5834\u6240\uff01\u3042\u306a\u305f\u306e\u5bb6\u306f\u3001\u3042\u306a\u305f\u304c\u304f\u3064\u308d\u3052\u308b\u5834\u6240\u3067\u3042\u308b\uff01\u79c1\u305f\u3061\u306f\u7686\u7570\u306a\u308b\u30d0\u30c3\u30af\u30b0\u30e9\u30a6\u30f3\u30c9\u3092\u6301\u3063\u3066\u3044\u308b\u306e\u3067\u3001\u30c6\u30fc\u30de\u306f\u300c\u4f55\u3067\u3082\u3042\u308a\u300d\u3060\uff01  <\/p>\n\n<hr class=\"wp-block-separator has-alpha-channel-opacity\"\/>\n\n<p>\u3059\u3079\u3066<strong>\u3088\u304f <\/strong>\u8aad\u3093\u3067\u767b\u9332\u3057\u3066\u307b\u3057\u3044\u3002<\/p>\n\n<h2 class=\"wp-block-heading has-text-align-center has-vivid-red-color has-text-color has-link-color wp-elements-2903229b50d0268566388e0e7c533d03\">\u767b\u9332<\/h2>\n\n<p><strong><a href=\"https:\/\/forms.office.com\/e\/ws30cnEUk2\" target=\"_blank\" rel=\"noreferrer noopener\">\u767b\u9332\u306f\u3053\u3061\u3089\u304b\u3089\u3002<\/a><\/strong><\/p>\n\n<h2 class=\"wp-block-heading has-text-align-center has-vivid-red-color has-text-color\" id=\"teilnahmebedingungen\">\u53c2\u52a0\u6761\u4ef6<\/h2>\n\n<ul class=\"wp-block-list\">\n<li>\u6388\u8cde\u5f0f\u306b\u51fa\u5e2d\u3067\u304d\u306a\u3044\u5834\u5408\u306f\u3001\u30a4\u30f3\u30d5\u30a9\u30e1\u30fc\u30b7\u30e7\u30f3\u30fb\u30b9\u30bf\u30f3\u30c9\u306b\u5831\u544a\u3057\u3001\u9023\u7d61\u5148\u3092\u4f1d\u3048\u3066\u307b\u3057\u3044\u3002<\/li>\n\n\n\n<li>\u307e\u305f\u3001\u4ee3\u7406\u4eba\u306e\u9023\u7d61\u5148\uff08\u30d5\u30eb\u30cd\u30fc\u30e0\uff01\uff09<\/li>\n\n\n\n<li>\u6599\u91d1\u306f<strong>\u6c7a\u3057\u3066 <\/strong>\u6d77\u5916\u306b\u306f\u9001\u3089\u308c\u306a\u3044\uff01<\/li>\n\n\n\n<li>\u30a8\u30f3\u30c8\u30ea\u30fc\u30fb\u30d5\u30a9\u30fc\u30e0\u306f<strong>\u5b8c\u5168\u306b<\/strong>\u8a18\u5165\u3055\u308c\u3066\u3044\u306a\u3051\u308c\u3070\u306a\u3089\u306a\u3044\u3002 \u66f8\u985e\u306b\u4e0d\u5099\u304c\u3042\u308b\u5834\u5408\u306f\u3001\u7af6\u6280\u304b\u3089\u9664\u5916\u3055\u308c\u308b\u3002<\/li>\n\n\n\n<li>\u767b\u9332\u3059\u308b\u3053\u3068\u3067\u3001<strong>\u3042\u306a\u305f\u306e\u30d3\u30c7\u30aa\u3092\u30e9\u30a4\u30d6\u30b9\u30c8\u30ea\u30fc\u30df\u30f3\u30b0\u3057\u3001\u5f8c\u65e5\u30af\u30ea\u30a8\u30a4\u30bf\u30fc\u306e\u540d\u524d\u3068\u3068\u3082\u306b\u30d3\u30c7\u30aa\u3092\u4f7f\u7528\u3059\u308b\u3053\u3068\u3092\u8a31\u53ef\u3059\u308b\u3002<\/strong><\/li>\n<\/ul>\n\n<h2 class=\"wp-block-heading has-text-align-center has-vivid-red-color has-text-color\" id=\"regelwerk\">\u898f\u5247<\/h2>\n\n<p>\u898f\u5247 <strong><a href=\"https:\/\/www.aninite.at\/wp-content\/uploads\/AMV-Rules.pdf\" target=\"_blank\" rel=\"noreferrer noopener\">\u898f\u5247\u3092\u3088\u304f\u8aad\u3080<\/a> <\/strong>\u3092\u3088\u304f\u304a\u8aad\u307f\u3044\u305f\u3060\u304d\u305f\u3044\u3002<\/p>\n\n<ul class=\"wp-block-list\">\n<li><strong>\u3006\u5207\uff1a2025\u5e747\u670825\u65e523\u664259\u5206\u3002<\/strong> <\/li>\n\n\n\n<li>\u8907\u6570\u306e\u30a8\u30c7\u30a3\u30bf\u30fc\u304c1\u3064\u306e\u30d3\u30c7\u30aa\u306b\u53d6\u308a\u7d44\u3080\u3053\u3068\u304c\u3067\u304d\u308b\u3002<\/li>\n\n\n\n<li>\u7de8\u96c6\u8005\u304c\u63d0\u51fa\u3067\u304d\u308b\u52d5\u753b\u306f1\u672c\u306e\u307f\uff08\u305f\u3060\u3057\u3001\u4ed6\u306e\u5834\u6240\u3067\u306e\u5171\u540c\u4f5c\u696d\u306f\u53ef\u80fd\uff09\u3002<\/li>\n\n\n\n<li>\u6240\u8981\u6642\u9593\uff1a00:45\uff5e04:30\u3092\u76ee\u5b89\u3068\u3059\u308b<\/li>\n\n\n\n<li>\u8a55\u4fa1\u306f\u533f\u540d\u3067\u3042\u308b\uff01\u540d\u524d\/\u30ed\u30b4\u306a\u3057\u3001\u307e\u305f\u306f2\u3064\u306e\u30d0\u30fc\u30b8\u30e7\u30f3\u3067\u30d3\u30c7\u30aa\u3092\u9001\u3063\u3066\u307b\u3057\u3044\u3002 <\/li>\n<\/ul>\n\n<p>\u7279\u5b9a\u306e\u898f\u5b9a\u304c\u4e0d\u660e\u78ba\u3067\u3042\u3063\u305f\u308a\u3001\u30b5\u30dd\u30fc\u30c8\u304c\u5fc5\u8981\u306a\u5834\u5408\u306f\u3001\u559c\u3093\u3067\u304a\u624b\u4f1d\u3044\u3055\u305b\u3066\u3044\u305f\u3060\u304f\u3002<a href=\"https:\/\/www.aninite.at\/ja\/kontakt\/\">\u304a\u554f\u3044\u5408\u308f\u305b\u30d5\u30a9\u30fc\u30e0\u304b\u3089<\/a>\u3054\u8cea\u554f\u3044\u305f\u3060\u304d\u3001\u300c\u5730\u57df\u300d\u6b04\u306b\u300cAMV\u300d\u3068\u3054\u5165\u529b\u3044\u305f\u3060\u3051\u308c\u3070\u3001\u3088\u308a\u8fc5\u901f\u306b\u5bfe\u5fdc\u3055\u305b\u3066\u3044\u305f\u3060\u304f\u3053\u3068\u304c\u3067\u304d\u308b\u3002   <\/p>\n<div class=\"wp-block-image\">\n<figure class=\"aligncenter size-full\"><img loading=\"lazy\" decoding=\"async\" width=\"728\" height=\"162\" src=\"https:\/\/www.aninite.at\/wp-content\/uploads\/Footer_2025_FL.jpg\" alt=\"\" class=\"wp-image-17696\" srcset=\"https:\/\/www.aninite.at\/wp-content\/uploads\/Footer_2025_FL.jpg 728w, https:\/\/www.aninite.at\/wp-content\/uploads\/Footer_2025_FL-300x67.jpg 300w\" sizes=\"auto, (max-width: 728px) 100vw, 728px\" \/><\/figure>\n<\/div>","protected":false},"excerpt":{"rendered":"<p>\u6bce\u5e74\uff082020\u5e74\u306f\u5de7\u307f\u306b\u7121\u8996\u3059\u308b\uff09AniNite\u304c\u958b\u50ac\u3055\u308c\u300120\u5e74\u4ee5\u4e0a\u306b\u308f\u305f\u3063\u3066\u6614\u304b\u3089\u89aa\u3057\u307e\u308c\u3066\u304d\u305fAMV\u30b3\u30f3\u30c6\u30b9\u30c8\u304c\u958b\u50ac\u3055\u308c\u3066\u304d\u305f\uff01 \u4eca\u5e74\u3082\u30c6\u30fc\u30de\u306f\u300c\u5bb6\u300d\u3060\u3002 \u3069\u3053\u3067\u3001\u3069\u306e\u3088\u3046\u306b\u304f\u3064\u308d\u3044\u3067\u3044\u308b\u306e\u304b\u3001\u3069\u3053\u304b\u3089\u6765\u3066\u3001\u3069\u306e\u3088\u3046\u306b\u79c1\u305f\u3061\u5168\u54e1\u304c\u4e00\u7dd2\u306b\u3044\u308b\u306e\u304b\u3092\u898b\u305b\u3066\u307b\u3057\u3044\uff01\u307e\u305f\u306f\u3001\u30c8\u30d4\u30c3\u30af\u3092\u7121\u8996\u3057\u3066\u3001\u3042\u306a\u305f\u304c\u3067\u304d\u308b\u3053\u3068\u3001\u898b\u305b\u305f\u3044\u3053\u3068\u3092\u898b\u305b\u3066\u307b\u3057\u3044\uff01\u53c2\u52a0\u8005\u6570\u306b\u5fdc\u3058\u3066\u8cde\u54c1\u3092\u5206\u3051\u308b\u3002\u5fdc\u52df\u306e\u969b\u306b\u306f\u51fa\u8eab\u5730\u3092\u8a18\u5165\u3059\u308b\u30aa\u30d7\u30b7\u30e7\u30f3\u304c\u3042\u308a\u3001\u30e2\u30c7\u30ec\u30fc\u30b7\u30e7\u30f3\u7528\u306b\u4f55\u304b\u7279\u5225\u306a\u3082\u306e\u3092\u7528\u610f\u3057\u3088\u3046\u3068\u8003\u3048\u3066\u3044\u308b\uff01 \u300c\u5bb6\u300d\u3068\u306f\u3001\u6545\u90f7\u306e\u97f3\u697d\u3001\u30cf\u30a4\u30b8\u3084\u30db\u30fc\u30e0\u30b9\u30dd\u30fc\u30c4\u306e\u30a2\u30cb\u30e1\u306a\u3069\u306e\u6620\u50cf\u7d20\u6750\u306a\u3069\u3001\u3055\u307e\u3056\u307e\u306a\u3082\u306e\u3092\u610f\u5473\u3059\u308b\u3002\u3042\u308b\u3044\u306f\u3001\u90fd\u4f1a\uff0f\u5bb6\u65cf\uff0f\u56fd\u3067\u306e\u751f\u6d3b\u3084\u3001\u65c5\u5148\u3067\u306e\u30db\u30fc\u30e0\u30b7\u30c3\u30af\u306b\u5bfe\u51e6\u3059\u308b\u3053\u3068\u3082\u3067\u304d\u308b\u3002\u30db\u30fc\u30e0\u3068\u306f\u3001\u3042\u306a\u305f\u306e\u30cf\u30fc\u30c8\u304c\u3042\u308b\u5834\u6240\uff01\u3042\u306a\u305f\u306e\u5bb6\u306f\u3001\u3042\u306a\u305f\u304c\u304f\u3064\u308d\u3052\u308b\u5834\u6240\u3067\u3042\u308b\uff01\u79c1\u305f\u3061\u306f\u7686\u7570\u306a\u308b\u30d0\u30c3\u30af\u30b0\u30e9\u30a6\u30f3\u30c9\u3092\u6301\u3063\u3066\u3044\u308b\u306e\u3067\u3001\u30c6\u30fc\u30de\u306f\u300c\u4f55\u3067\u3082\u3042\u308a\u300d\u3060\uff01 \u3059\u3079\u3066\u3088\u304f \u8aad\u3093\u3067\u767b\u9332\u3057\u3066\u307b\u3057\u3044\u3002 \u767b\u9332 \u767b\u9332\u306f\u3053\u3061\u3089\u304b\u3089\u3002 \u53c2\u52a0\u6761\u4ef6 \u898f\u5247 \u898f\u5247 \u898f\u5247\u3092\u3088\u304f\u8aad\u3080 \u3092\u3088\u304f\u304a\u8aad\u307f\u3044\u305f\u3060\u304d\u305f\u3044\u3002 \u7279\u5b9a\u306e\u898f\u5b9a\u304c\u4e0d\u660e\u78ba\u3067\u3042\u3063\u305f\u308a\u3001\u30b5\u30dd\u30fc\u30c8\u304c\u5fc5\u8981\u306a\u5834\u5408\u306f\u3001\u559c\u3093\u3067\u304a\u624b\u4f1d\u3044\u3055\u305b\u3066\u3044\u305f\u3060\u304f\u3002\u304a\u554f\u3044\u5408\u308f\u305b\u30d5\u30a9\u30fc\u30e0\u304b\u3089\u3054\u8cea\u554f\u3044\u305f\u3060\u304d\u3001\u300c\u5730\u57df\u300d\u6b04\u306b\u300cAMV\u300d\u3068\u3054\u5165\u529b\u3044\u305f\u3060\u3051\u308c\u3070\u3001\u3088\u308a\u8fc5\u901f\u306b\u5bfe\u5fdc\u3055\u305b\u3066\u3044\u305f\u3060\u304f\u3053\u3068\u304c\u3067\u304d\u308b\u3002<\/p>\n","protected":false},"author":10,"featured_media":0,"parent":32729,"menu_order":0,"comment_status":"closed","ping_status":"closed","template":"","meta":{"inline_featured_image":false,"footnotes":""},"class_list":["post-32586","page","type-page","status-publish","hentry"],"yoast_head":"<!-- This site is optimized with the Yoast SEO plugin v27.4 - https:\/\/yoast.com\/product\/yoast-seo-wordpress\/ -->\n<title>AMV\u30b3\u30f3\u30da\u30c6\u30a3\u30b7\u30e7\u30f3 - AniNite<\/title>\n<meta name=\"description\" content=\"AMV\u306f\u79c1\u305f\u3061\u307f\u3093\u306a\u304c\u5927\u597d\u304d\u306a\u3082\u306e\u3067\u69cb\u6210\u3055\u308c\u3066\u3044\u308b\uff01\u3053\u308c\u3089\u306f\u3001\u30e6\u30cb\u30fc\u30af\u306a\u30d3\u30c7\u30aa\u3092\u7d20\u65e9\u304f\u4f5c\u6210\u3059\u308b\u305f\u3081\u306b\u30ab\u30c3\u30c8\u3055\u308c\u308b\uff01\" \/>\n<meta name=\"robots\" content=\"index, follow, max-snippet:-1, max-image-preview:large, max-video-preview:-1\" \/>\n<link rel=\"canonical\" href=\"https:\/\/www.aninite.at\/ja\/wettbewerbe\/amv-wettbewerb\/\" \/>\n<meta property=\"og:locale\" content=\"ja_JP\" \/>\n<meta property=\"og:type\" content=\"article\" \/>\n<meta property=\"og:title\" content=\"AMV\u30b3\u30f3\u30da\u30c6\u30a3\u30b7\u30e7\u30f3 - AniNite\" \/>\n<meta property=\"og:description\" content=\"AMV\u306f\u79c1\u305f\u3061\u307f\u3093\u306a\u304c\u5927\u597d\u304d\u306a\u3082\u306e\u3067\u69cb\u6210\u3055\u308c\u3066\u3044\u308b\uff01\u3053\u308c\u3089\u306f\u3001\u30e6\u30cb\u30fc\u30af\u306a\u30d3\u30c7\u30aa\u3092\u7d20\u65e9\u304f\u4f5c\u6210\u3059\u308b\u305f\u3081\u306b\u30ab\u30c3\u30c8\u3055\u308c\u308b\uff01\" \/>\n<meta property=\"og:url\" content=\"https:\/\/www.aninite.at\/ja\/wettbewerbe\/amv-wettbewerb\/\" \/>\n<meta property=\"og:site_name\" content=\"AniNite\" \/>\n<meta property=\"article:publisher\" content=\"https:\/\/www.facebook.com\/AniMangaAustria\" \/>\n<meta property=\"article:modified_time\" content=\"2025-07-16T08:48:09+00:00\" \/>\n<meta property=\"og:image\" content=\"https:\/\/www.aninite.at\/wp-content\/uploads\/cropped-Icon_2025.jpg\" \/>\n\t<meta property=\"og:image:width\" content=\"512\" \/>\n\t<meta property=\"og:image:height\" content=\"512\" \/>\n\t<meta property=\"og:image:type\" content=\"image\/jpeg\" \/>\n<meta name=\"twitter:card\" content=\"summary_large_image\" \/>\n<meta name=\"twitter:title\" content=\"\u30a2\u30cb\u30ca\u30a4\u30c8\" \/>\n<meta name=\"twitter:description\" content=\"AMV\u306f\u79c1\u305f\u3061\u307f\u3093\u306a\u304c\u5927\u597d\u304d\u306a\u3082\u306e\u3067\u69cb\u6210\u3055\u308c\u3066\u3044\u308b\uff01\u3053\u308c\u3089\u306f\u3001\u30e6\u30cb\u30fc\u30af\u306a\u30d3\u30c7\u30aa\u3092\u7d20\u65e9\u304f\u4f5c\u6210\u3059\u308b\u305f\u3081\u306b\u30ab\u30c3\u30c8\u3055\u308c\u308b\uff01\" \/>\n<meta name=\"twitter:image\" content=\"https:\/\/www.aninite.at\/wp-content\/uploads\/Maskots_22-1024x1008.png\" \/>\n<script type=\"application\/ld+json\" class=\"yoast-schema-graph\">{\"@context\":\"https:\\\/\\\/schema.org\",\"@graph\":[{\"@type\":\"WebPage\",\"@id\":\"https:\\\/\\\/www.aninite.at\\\/ja\\\/wettbewerbe\\\/amv-wettbewerb\\\/\",\"url\":\"https:\\\/\\\/www.aninite.at\\\/ja\\\/wettbewerbe\\\/amv-wettbewerb\\\/\",\"name\":\"AMV\u30b3\u30f3\u30da\u30c6\u30a3\u30b7\u30e7\u30f3 - AniNite\",\"isPartOf\":{\"@id\":\"https:\\\/\\\/www.aninite.at\\\/ja\\\/#website\"},\"primaryImageOfPage\":{\"@id\":\"https:\\\/\\\/www.aninite.at\\\/ja\\\/wettbewerbe\\\/amv-wettbewerb\\\/#primaryimage\"},\"image\":{\"@id\":\"https:\\\/\\\/www.aninite.at\\\/ja\\\/wettbewerbe\\\/amv-wettbewerb\\\/#primaryimage\"},\"thumbnailUrl\":\"https:\\\/\\\/www.aninite.at\\\/wp-content\\\/uploads\\\/\\\/TitelTemplate-1.svg\",\"datePublished\":\"2022-01-31T13:08:19+00:00\",\"dateModified\":\"2025-07-16T08:48:09+00:00\",\"description\":\"AMV\u306f\u79c1\u305f\u3061\u307f\u3093\u306a\u304c\u5927\u597d\u304d\u306a\u3082\u306e\u3067\u69cb\u6210\u3055\u308c\u3066\u3044\u308b\uff01\u3053\u308c\u3089\u306f\u3001\u30e6\u30cb\u30fc\u30af\u306a\u30d3\u30c7\u30aa\u3092\u7d20\u65e9\u304f\u4f5c\u6210\u3059\u308b\u305f\u3081\u306b\u30ab\u30c3\u30c8\u3055\u308c\u308b\uff01\",\"breadcrumb\":{\"@id\":\"https:\\\/\\\/www.aninite.at\\\/ja\\\/wettbewerbe\\\/amv-wettbewerb\\\/#breadcrumb\"},\"inLanguage\":\"ja\",\"potentialAction\":[{\"@type\":\"ReadAction\",\"target\":[\"https:\\\/\\\/www.aninite.at\\\/ja\\\/wettbewerbe\\\/amv-wettbewerb\\\/\"]}]},{\"@type\":\"ImageObject\",\"inLanguage\":\"ja\",\"@id\":\"https:\\\/\\\/www.aninite.at\\\/ja\\\/wettbewerbe\\\/amv-wettbewerb\\\/#primaryimage\",\"url\":\"https:\\\/\\\/www.aninite.at\\\/wp-content\\\/uploads\\\/\\\/TitelTemplate-1.svg\",\"contentUrl\":\"https:\\\/\\\/www.aninite.at\\\/wp-content\\\/uploads\\\/\\\/TitelTemplate-1.svg\"},{\"@type\":\"BreadcrumbList\",\"@id\":\"https:\\\/\\\/www.aninite.at\\\/ja\\\/wettbewerbe\\\/amv-wettbewerb\\\/#breadcrumb\",\"itemListElement\":[{\"@type\":\"ListItem\",\"position\":1,\"name\":\"Startseite\",\"item\":\"https:\\\/\\\/www.aninite.at\\\/ja\\\/willkommen\\\/\"},{\"@type\":\"ListItem\",\"position\":2,\"name\":\"\u30b3\u30f3\u30da\u30c6\u30a3\u30b7\u30e7\u30f3\",\"item\":\"https:\\\/\\\/www.aninite.at\\\/ja\\\/wettbewerbe\\\/\"},{\"@type\":\"ListItem\",\"position\":3,\"name\":\"AMV\u30b3\u30f3\u30da\u30c6\u30a3\u30b7\u30e7\u30f3\"}]},{\"@type\":\"WebSite\",\"@id\":\"https:\\\/\\\/www.aninite.at\\\/ja\\\/#website\",\"url\":\"https:\\\/\\\/www.aninite.at\\\/ja\\\/\",\"name\":\"AniNite\",\"description\":\"\u00d6sterreichs gr\u00f6\u00dfte Anime-, Manga- und Comic-Convention\",\"potentialAction\":[{\"@type\":\"SearchAction\",\"target\":{\"@type\":\"EntryPoint\",\"urlTemplate\":\"https:\\\/\\\/www.aninite.at\\\/ja\\\/?s={search_term_string}\"},\"query-input\":{\"@type\":\"PropertyValueSpecification\",\"valueRequired\":true,\"valueName\":\"search_term_string\"}}],\"inLanguage\":\"ja\"}]}<\/script>\n<!-- \/ Yoast SEO plugin. -->","yoast_head_json":{"title":"AMV\u30b3\u30f3\u30da\u30c6\u30a3\u30b7\u30e7\u30f3 - AniNite","description":"AMV\u306f\u79c1\u305f\u3061\u307f\u3093\u306a\u304c\u5927\u597d\u304d\u306a\u3082\u306e\u3067\u69cb\u6210\u3055\u308c\u3066\u3044\u308b\uff01\u3053\u308c\u3089\u306f\u3001\u30e6\u30cb\u30fc\u30af\u306a\u30d3\u30c7\u30aa\u3092\u7d20\u65e9\u304f\u4f5c\u6210\u3059\u308b\u305f\u3081\u306b\u30ab\u30c3\u30c8\u3055\u308c\u308b\uff01","robots":{"index":"index","follow":"follow","max-snippet":"max-snippet:-1","max-image-preview":"max-image-preview:large","max-video-preview":"max-video-preview:-1"},"canonical":"https:\/\/www.aninite.at\/ja\/wettbewerbe\/amv-wettbewerb\/","og_locale":"ja_JP","og_type":"article","og_title":"AMV\u30b3\u30f3\u30da\u30c6\u30a3\u30b7\u30e7\u30f3 - AniNite","og_description":"AMV\u306f\u79c1\u305f\u3061\u307f\u3093\u306a\u304c\u5927\u597d\u304d\u306a\u3082\u306e\u3067\u69cb\u6210\u3055\u308c\u3066\u3044\u308b\uff01\u3053\u308c\u3089\u306f\u3001\u30e6\u30cb\u30fc\u30af\u306a\u30d3\u30c7\u30aa\u3092\u7d20\u65e9\u304f\u4f5c\u6210\u3059\u308b\u305f\u3081\u306b\u30ab\u30c3\u30c8\u3055\u308c\u308b\uff01","og_url":"https:\/\/www.aninite.at\/ja\/wettbewerbe\/amv-wettbewerb\/","og_site_name":"AniNite","article_publisher":"https:\/\/www.facebook.com\/AniMangaAustria","article_modified_time":"2025-07-16T08:48:09+00:00","og_image":[{"width":512,"height":512,"url":"https:\/\/www.aninite.at\/wp-content\/uploads\/cropped-Icon_2025.jpg","type":"image\/jpeg"}],"twitter_card":"summary_large_image","twitter_title":"\u30a2\u30cb\u30ca\u30a4\u30c8","twitter_description":"AMV\u306f\u79c1\u305f\u3061\u307f\u3093\u306a\u304c\u5927\u597d\u304d\u306a\u3082\u306e\u3067\u69cb\u6210\u3055\u308c\u3066\u3044\u308b\uff01\u3053\u308c\u3089\u306f\u3001\u30e6\u30cb\u30fc\u30af\u306a\u30d3\u30c7\u30aa\u3092\u7d20\u65e9\u304f\u4f5c\u6210\u3059\u308b\u305f\u3081\u306b\u30ab\u30c3\u30c8\u3055\u308c\u308b\uff01","twitter_image":"https:\/\/www.aninite.at\/wp-content\/uploads\/Maskots_22-1024x1008.png","schema":{"@context":"https:\/\/schema.org","@graph":[{"@type":"WebPage","@id":"https:\/\/www.aninite.at\/ja\/wettbewerbe\/amv-wettbewerb\/","url":"https:\/\/www.aninite.at\/ja\/wettbewerbe\/amv-wettbewerb\/","name":"AMV\u30b3\u30f3\u30da\u30c6\u30a3\u30b7\u30e7\u30f3 - AniNite","isPartOf":{"@id":"https:\/\/www.aninite.at\/ja\/#website"},"primaryImageOfPage":{"@id":"https:\/\/www.aninite.at\/ja\/wettbewerbe\/amv-wettbewerb\/#primaryimage"},"image":{"@id":"https:\/\/www.aninite.at\/ja\/wettbewerbe\/amv-wettbewerb\/#primaryimage"},"thumbnailUrl":"https:\/\/www.aninite.at\/wp-content\/uploads\/\/TitelTemplate-1.svg","datePublished":"2022-01-31T13:08:19+00:00","dateModified":"2025-07-16T08:48:09+00:00","description":"AMV\u306f\u79c1\u305f\u3061\u307f\u3093\u306a\u304c\u5927\u597d\u304d\u306a\u3082\u306e\u3067\u69cb\u6210\u3055\u308c\u3066\u3044\u308b\uff01\u3053\u308c\u3089\u306f\u3001\u30e6\u30cb\u30fc\u30af\u306a\u30d3\u30c7\u30aa\u3092\u7d20\u65e9\u304f\u4f5c\u6210\u3059\u308b\u305f\u3081\u306b\u30ab\u30c3\u30c8\u3055\u308c\u308b\uff01","breadcrumb":{"@id":"https:\/\/www.aninite.at\/ja\/wettbewerbe\/amv-wettbewerb\/#breadcrumb"},"inLanguage":"ja","potentialAction":[{"@type":"ReadAction","target":["https:\/\/www.aninite.at\/ja\/wettbewerbe\/amv-wettbewerb\/"]}]},{"@type":"ImageObject","inLanguage":"ja","@id":"https:\/\/www.aninite.at\/ja\/wettbewerbe\/amv-wettbewerb\/#primaryimage","url":"https:\/\/www.aninite.at\/wp-content\/uploads\/\/TitelTemplate-1.svg","contentUrl":"https:\/\/www.aninite.at\/wp-content\/uploads\/\/TitelTemplate-1.svg"},{"@type":"BreadcrumbList","@id":"https:\/\/www.aninite.at\/ja\/wettbewerbe\/amv-wettbewerb\/#breadcrumb","itemListElement":[{"@type":"ListItem","position":1,"name":"Startseite","item":"https:\/\/www.aninite.at\/ja\/willkommen\/"},{"@type":"ListItem","position":2,"name":"\u30b3\u30f3\u30da\u30c6\u30a3\u30b7\u30e7\u30f3","item":"https:\/\/www.aninite.at\/ja\/wettbewerbe\/"},{"@type":"ListItem","position":3,"name":"AMV\u30b3\u30f3\u30da\u30c6\u30a3\u30b7\u30e7\u30f3"}]},{"@type":"WebSite","@id":"https:\/\/www.aninite.at\/ja\/#website","url":"https:\/\/www.aninite.at\/ja\/","name":"AniNite","description":"\u00d6sterreichs gr\u00f6\u00dfte Anime-, Manga- und Comic-Convention","potentialAction":[{"@type":"SearchAction","target":{"@type":"EntryPoint","urlTemplate":"https:\/\/www.aninite.at\/ja\/?s={search_term_string}"},"query-input":{"@type":"PropertyValueSpecification","valueRequired":true,"valueName":"search_term_string"}}],"inLanguage":"ja"}]}},"acf":[],"_links":{"self":[{"href":"https:\/\/www.aninite.at\/ja\/wp-json\/wp\/v2\/pages\/32586","targetHints":{"allow":["GET"]}}],"collection":[{"href":"https:\/\/www.aninite.at\/ja\/wp-json\/wp\/v2\/pages"}],"about":[{"href":"https:\/\/www.aninite.at\/ja\/wp-json\/wp\/v2\/types\/page"}],"author":[{"embeddable":true,"href":"https:\/\/www.aninite.at\/ja\/wp-json\/wp\/v2\/users\/10"}],"replies":[{"embeddable":true,"href":"https:\/\/www.aninite.at\/ja\/wp-json\/wp\/v2\/comments?post=32586"}],"version-history":[{"count":5,"href":"https:\/\/www.aninite.at\/ja\/wp-json\/wp\/v2\/pages\/32586\/revisions"}],"predecessor-version":[{"id":34035,"href":"https:\/\/www.aninite.at\/ja\/wp-json\/wp\/v2\/pages\/32586\/revisions\/34035"}],"up":[{"embeddable":true,"href":"https:\/\/www.aninite.at\/ja\/wp-json\/wp\/v2\/pages\/32729"}],"wp:attachment":[{"href":"https:\/\/www.aninite.at\/ja\/wp-json\/wp\/v2\/media?parent=32586"}],"curies":[{"name":"wp","href":"https:\/\/api.w.org\/{rel}","templated":true}]}}