{"id":32594,"date":"2022-02-06T19:08:02","date_gmt":"2022-02-06T18:08:02","guid":{"rendered":"https:\/\/www.aninite.at\/fanart-regulaer\/"},"modified":"2025-07-16T10:47:21","modified_gmt":"2025-07-16T08:47:21","slug":"fanart-regulaer","status":"publish","type":"page","link":"https:\/\/www.aninite.at\/ja\/wettbewerbe\/fanart-regulaer\/","title":{"rendered":"\u30d5\u30a1\u30f3\u30a2\u30fc\u30c8\u30b3\u30f3\u30da\u30c6\u30a3\u30b7\u30e7\u30f3"},"content":{"rendered":"<div class=\"wp-block-image\">\n<figure class=\"aligncenter size-full\"><img decoding=\"async\" src=\"https:\/\/www.aninite.at\/wp-content\/uploads\/\/TitelTemplate-1.svg\" alt=\"\" class=\"wp-image-32076\"\/><\/figure>\n<\/div>\n<p>\ud83c\udfa8 \u30a4\u30e9\u30b9\u30c8\u30ec\u30fc\u30bf\u30fc\u306e\u7686\u3055\u3093\u3001\u6c17\u3092\u3064\u3051\u3066\uff01\ud83d\udd8c\u2728 <\/p>\n\n<p>\u4eca\u5e74\u3082\u7d20\u6674\u3089\u3057\u3044\u30c7\u30c3\u30b5\u30f3\u30b3\u30f3\u30af\u30fc\u30eb\u304c\u3042\u306a\u305f\u3092\u5f85\u3063\u3066\u3044\u308b\uff01\u4eca\u56de\u306e<strong>\u30c6\u30fc\u30de\u306f &#8220;Gijinka &#8220;<\/strong>\u3060\u3002 <\/p>\n\n<p>\ud83d\udd39 \u7fa9\u4eba\u5316\u3068\u306f\u4f55\u304b\uff1f<\/p>\n\n<p>\u7fa9\u4eba\u5316\u3068\u306f\u3001\u52d5\u7269\u3001\u7269\u4f53\u3001\u3042\u308b\u3044\u306f\u62bd\u8c61\u7684\u306a\u6982\u5ff5\u306a\u3069\u3001\u4eba\u9593\u4ee5\u5916\u306e\u5b58\u5728\u3084\u7269\u4f53\u3092\u64ec\u4eba\u5316\u3059\u308b\u3053\u3068\u3092\u6307\u3059\u3002\u30e2\u30c1\u30fc\u30d5\u306b\u30e6\u30cb\u30fc\u30af\u306a\u4eba\u9593\u306e\u5f62\u3092\u4e0e\u3048\u3001\u3042\u306a\u305f\u306e\u5275\u9020\u7684\u306a\u89e3\u91c8\u3092\u898b\u305b\u3066\u307b\u3057\u3044\uff01 <br\/>\u72ec\u5275\u7684\u306aGijinka\u30d5\u30a3\u30ae\u30e5\u30a2\u3092\u30c7\u30b6\u30a4\u30f3\u3057\u3088\u3046\uff01\u30b9\u30a6\u30a3\u30fc\u30c8\u3001\u30a8\u30ec\u30ac\u30f3\u30c8\u3001\u795e\u79d8\u7684&#8230;&#8230;\u3042\u306a\u305f\u306e\u60f3\u50cf\u529b\u8c4a\u304b\u306a\u4f5c\u54c1\u3092\u304a\u5f85\u3061\u3057\u3066\u3044\u308b\uff01 <\/p>\n\n<p>\u2728\u3042\u306a\u305f\u306e\u5275\u9020\u529b\u3092\u81ea\u7531\u306b\u767a\u63ee\u3057\u3066\u3001\u30e6\u30cb\u30fc\u30af\u306a\u30d3\u30b8\u30e7\u30f3\u306b\u547d\u3092\u5439\u304d\u8fbc\u3082\u3046\uff01\u3042\u306a\u305f\u306e\u4f5c\u54c1\u3092\u898b\u308b\u306e\u3092\u697d\u3057\u307f\u306b\u3057\u3066\u3044\u308b\uff01 \ud83c\udfa8<\/p>\n\n<h2 class=\"wp-block-heading has-text-align-center has-vivid-red-color has-text-color\" id=\"kategorien\">\u4fa1\u683c<\/h2>\n\n<p class=\"has-text-align-left\">\u79c1\u305f\u3061\u306f\u4ee5\u4e0b\u306e\u30ab\u30c6\u30b4\u30ea\u30fc\u3067\u7d20\u6674\u3089\u3057\u3044\u8cde\u3092\u6388\u4e0e\u3059\u308b\uff1a<br\/>\u2728\u6700\u3082\u72ec\u5275\u7684\u306a\u30a2\u30a4\u30c7\u30a2 - \u6700\u3082\u72ec\u5275\u7684\u306a\u30b3\u30f3\u30bb\u30d7\u30c8\u3068\u3001\u6700\u3082\u65ac\u65b0\u306a\u30a2\u30a4\u30c7\u30a2\u306e\u5b9f\u73fe\u306b\u8d08\u3089\u308c\u308b\u3002<br\/>\ud83c\udfa8\u6700\u512a\u79c0\u30c7\u30b6\u30a4\u30f3\u8cde - \u6700\u3082\u7f8e\u3057\u304f\u3001\u8abf\u548c\u304c\u3068\u308c\u3066\u304a\u308a\u3001\u7d30\u90e8\u306b\u307e\u3067\u3053\u3060\u308f\u3063\u305f\u30c7\u30b6\u30a4\u30f3\u306b\u8d08\u3089\u308c\u308b\u3002<br\/>\ud83d\udd25 \u6700\u512a\u79c0\u30d7\u30ec\u30bc\u30f3\u30c6\u30fc\u30b7\u30e7\u30f3\u8cde\uff1a\u6700\u3082\u5370\u8c61\u7684\u306a\u30dd\u30fc\u30ba\u3001\u30c0\u30a4\u30ca\u30df\u30af\u30b9\u3001\u8868\u73fe\u529b\u306b\u8d08\u3089\u308c\u308b\u3002<\/p>\n\n<h2 class=\"wp-block-heading has-text-align-center has-vivid-red-color has-text-color\" id=\"teilnahmebedingungen\">\u53c2\u52a0\u6761\u4ef6<\/h2>\n\n<ul class=\"wp-block-list\">\n<li>\u56f3\u9762\u306fA4\u5224\u3001300DPI\u4ee5\u4e0a\u3001JPG\u30d5\u30a1\u30a4\u30eb\u3067\u63d0\u51fa\u3059\u308b\u3053\u3068\u3002 <\/li>\n\n\n\n<li>\u30c7\u30b8\u30bf\u30eb\u3001\u4f1d\u7d71\u7684\u306a\u30e1\u30c7\u30a3\u30a2\u3092\u554f\u308f\u305a\u3001\u3059\u3079\u3066\u306e\u30e1\u30c7\u30a3\u30a2\u304c\u8a31\u53ef\u3055\u308c\u3066\u3044\u308b\u3002<\/li>\n\n\n\n<li>\u5fdc\u52df\u306f1\u4eba1\u56de\u9650\u308a\u3002<\/li>\n\n\n\n<li><br\/><strong>AI\u306e<\/strong>\u4f7f\u7528\u304c\u7591\u308f\u308c\u308b\u5834\u5408\u3001\u5be9\u67fb\u306e\u305f\u3081\u306b.clip\u307e\u305f\u306f.psd\u5f62\u5f0f\u306e\u751f\u30d5\u30a1\u30a4\u30eb\u306e\u63d0\u51fa\u3092\u6c42\u3081\u308b\u6a29\u5229\u3092\u6709\u3059\u308b\u3002<\/li>\n<\/ul>\n\n<hr class=\"wp-block-separator has-alpha-channel-opacity\"\/>\n\n<ul class=\"wp-block-list\">\n<li>\u6388\u8cde\u5f0f\u306b\u51fa\u5e2d\u3067\u304d\u306a\u3044\u5834\u5408\u306f\u3001\u30a4\u30f3\u30d5\u30a9\u30e1\u30fc\u30b7\u30e7\u30f3\u30fb\u30b9\u30bf\u30f3\u30c9\u306b\u5831\u544a\u3057\u3001\u9023\u7d61\u5148\u3092\u4f1d\u3048\u3066\u307b\u3057\u3044\u3002<\/li>\n\n\n\n<li>\u307e\u305f\u3001\u4ee3\u7406\u4eba\u306e\u9023\u7d61\u5148\uff08\u30d5\u30eb\u30cd\u30fc\u30e0\uff01\uff09<\/li>\n\n\n\n<li>\u6599\u91d1\u306f<strong>\u6c7a\u3057\u3066 <\/strong>\u6d77\u5916\u306b\u306f\u9001\u3089\u308c\u306a\u3044\uff01<\/li>\n\n\n\n<li>\u30a8\u30f3\u30c8\u30ea\u30fc\u30fb\u30d5\u30a9\u30fc\u30e0\u306f<strong>\u5b8c\u5168\u306b<\/strong>\u8a18\u5165\u3055\u308c\u3066\u3044\u306a\u3051\u308c\u3070\u306a\u3089\u306a\u3044\u3002 \u66f8\u985e\u306b\u4e0d\u5099\u304c\u3042\u308b\u5834\u5408\u306f\u3001\u7af6\u6280\u304b\u3089\u9664\u5916\u3055\u308c\u308b\u3002<\/li>\n\n\n\n<li><br\/><strong>\u4f5c\u54c1\u306b\u95a2\u3059\u308b\u3059\u3079\u3066\u306e\u6a29\u5229\u306f<\/strong>\u5fdc\u52df<strong>\u8005\u306b<\/strong>\u5e30\u5c5e<strong>\u3059\u308b<\/strong>\uff01<\/li>\n\n\n\n<li>\u62bd\u9078\u306f<strong>\u5f53\u9078\u8005\u767a\u8868\u5f8c\u306b\u306e\u307f<\/strong>\u516c\u958b\u3055\u308c\u308b\u3002<\/li>\n\n\n\n<li>\u672a\u6210\u5e74\u8005\u306e\u4fdd\u8b77\u306b\u3064\u3044\u3066\uff1a\u660e\u3089\u304b\u306b\u30dd\u30eb\u30ce\u7684\u3001\u66b4\u529b\u7684\u3001\u985e\u4f3c\u3001\u307e\u305f\u306f\u72af\u7f6a\u306b\u95a2\u9023\u3059\u308b\u30c8\u30d4\u30c3\u30af\u3092\u542b\u3080\u753b\u50cf\u306f\u5931\u683c\u3068\u306a\u308b\u3002\u672a\u6210\u5e74\u8005\u3082AniNite\u3092\u95b2\u89a7\u3057\u3066\u3044\u308b\u3053\u3068\u3092\u304a\u5fd8\u308c\u306a\u304f\u3002 <\/li>\n<\/ul>\n\n<h2 class=\"wp-block-heading has-text-align-center has-vivid-red-color has-text-color\" id=\"regelwerk\">\u767b\u9332<\/h2>\n\n<p><strong><a href=\"https:\/\/forms.office.com\/Pages\/ResponsePage.aspx?id=vS-9NlFDJEOLWHEKOtMaO7loUXtyNmZPibW4NHt18lNURFVZRFFSVVRXVldMWlM4TkdPQkwzUFhBQS4u\" target=\"_blank\" rel=\"noreferrer noopener\">\u767b\u9332\u306f\u3053\u3061\u3089\u304b\u3089\u3002<\/a><\/strong><\/p>\n\n<ul class=\"wp-block-list\">\n<li>\u63d0\u51fa\u7269\u306f<strong>\u30af\u30e9\u30a6\u30c9\u30d7\u30e9\u30c3\u30c8\u30d5\u30a9\u30fc\u30e0<\/strong>\uff08Google Drive\u3001Dropbox\u306a\u3069\uff09\u3092\u4ecb\u3057\u3066\u30a2\u30c3\u30d7\u30ed\u30fc\u30c9\u3059\u308b\u3053\u3068\u3002\u305d\u306e<strong>\u30ea\u30f3\u30af\u304c\u5168\u54e1\u306b\u5171\u6709\u3055\u308c\u3066<\/strong>\u3044\u308b\u3053\u3068\u3092\u78ba\u8a8d\u3059\u308b\u3053\u3068\u3002   <\/li>\n\n\n\n<li>\u767b\u9332\u306e\u969b\u3001\u30bd\u30fc\u30b7\u30e3\u30eb\u30e1\u30c7\u30a3\u30a2\u306e\u30ea\u30f3\u30af\u306f1\u3064\u3060\u3051\u5165\u529b\u3057\u3066\u307b\u3057\u3044\u3002  <\/li>\n<\/ul>\n\n<p>\u30a8\u30f3\u30c8\u30ea\u30fc\u306e\u7de0\u3081\u5207\u308a\u306f<strong>2025\u5e747\u670826\u65e523\u664259\u5206\u3002<\/strong><\/p>\n\n<h2 class=\"wp-block-heading has-text-align-center has-vivid-red-color has-text-color\">\u30c7\u30fc\u30bf\u4fdd\u8b77<\/h2>\n\n<p>\u672c\u30b3\u30f3\u30c6\u30b9\u30c8\u306b\u53c2\u52a0\u3059\u308b\u3053\u3068\u3067\u3001\u30a4\u30d9\u30f3\u30c8\u671f\u9593\u4e2d\u306b\u5f53\u793e\u304c\u3042\u306a\u305f\u306e\u7d75\u3092\u5c55\u793a\u3059\u308b\u3053\u3068\u306b\u540c\u610f\u3057\u305f\u3082\u306e\u3068\u307f\u306a\u3055\u308c\u308b\u3002\u30c7\u30fc\u30bf\u306f\u5f53\u793e\u306b\u3088\u3063\u3066\u4fdd\u5b58\u3055\u308c\u3001\u5e83\u544a\u76ee\u7684\u306b\u4f7f\u7528\u3055\u308c\u308b\u5834\u5408\u304c\u3042\u308b\uff08\u4f8b\uff1a\u5c06\u6765\u3001\u30d5\u30a1\u30f3\u30a2\u30fc\u30c8\u30b3\u30f3\u30c6\u30b9\u30c8\u306e\u30bd\u30fc\u30b7\u30e3\u30eb\u30e1\u30c7\u30a3\u30a2\u3078\u306e\u6295\u7a3f\uff09\u3002\u5fdc\u52df\u4f5c\u54c1\u306e\u5e83\u544a\u76ee\u7684\u3067\u306e\u4f7f\u7528\u3092\u5e0c\u671b\u3055\u308c\u306a\u3044\u5834\u5408\u306f\u3001\u305d\u306e\u65e8\u3092\u3054\u9023\u7d61\u304f\u3060\u3055\u3044\u3002\u305d\u306e\u5834\u5408\u3001AniNite\u7d42\u4e86\u5f8c\u306b\u5fdc\u52df\u4f5c\u54c1\u3092\u524a\u9664\u3059\u308b\u3002\u7b2c\u4e09\u8005\u3078\u306e\u30c7\u30fc\u30bf\u63d0\u4f9b\u306f<strong>\u884c\u308f\u306a\u3044 <\/strong>\u3002    <\/p>\n\n<h2 class=\"wp-block-heading has-text-align-center has-vivid-red-color has-text-color\" id=\"kontakt\">\u304a\u554f\u3044\u5408\u308f\u305b<\/h2>\n\n<p class=\"has-text-align-center\"><br\/>\u300c\u30d5\u30a1\u30ca\u30fc\u30c8\u300d\u3068\u3044\u3046\u4ef6\u540d\u3067\u3001<a href=\"https:\/\/www.aninite.at\/ja\/kontakt\/\" target=\"_blank\" rel=\"noreferrer noopener\">\u30b3\u30f3\u30bf\u30af\u30c8\u30d5\u30a9\u30fc\u30e0\u304b\u3089<\/a>\u9060\u616e\u306a\u304f<strong>\u554f\u3044\u5408\u308f\u305b\u3092<\/strong>\u3002<\/p>\n<div class=\"wp-block-image\">\n<figure class=\"aligncenter size-full\"><img loading=\"lazy\" decoding=\"async\" width=\"728\" height=\"162\" src=\"https:\/\/www.aninite.at\/wp-content\/uploads\/Footer_2025_FL.jpg\" alt=\"\" class=\"wp-image-17696\" srcset=\"https:\/\/www.aninite.at\/wp-content\/uploads\/Footer_2025_FL.jpg 728w, https:\/\/www.aninite.at\/wp-content\/uploads\/Footer_2025_FL-300x67.jpg 300w\" sizes=\"auto, (max-width: 728px) 100vw, 728px\" \/><\/figure>\n<\/div>","protected":false},"excerpt":{"rendered":"<p>\ud83c\udfa8 \u30a4\u30e9\u30b9\u30c8\u30ec\u30fc\u30bf\u30fc\u306e\u7686\u3055\u3093\u3001\u6c17\u3092\u3064\u3051\u3066\uff01\ud83d\udd8c\u2728 \u4eca\u5e74\u3082\u7d20\u6674\u3089\u3057\u3044\u30c7\u30c3\u30b5\u30f3\u30b3\u30f3\u30af\u30fc\u30eb\u304c\u3042\u306a\u305f\u3092\u5f85\u3063\u3066\u3044\u308b\uff01\u4eca\u56de\u306e\u30c6\u30fc\u30de\u306f &#8220;Gijinka &#8220;\u3060\u3002 \ud83d\udd39 \u7fa9\u4eba\u5316\u3068\u306f\u4f55\u304b\uff1f \u7fa9\u4eba\u5316\u3068\u306f\u3001\u52d5\u7269\u3001\u7269\u4f53\u3001\u3042\u308b\u3044\u306f\u62bd\u8c61\u7684\u306a\u6982\u5ff5\u306a\u3069\u3001\u4eba\u9593\u4ee5\u5916\u306e\u5b58\u5728\u3084\u7269\u4f53\u3092\u64ec\u4eba\u5316\u3059\u308b\u3053\u3068\u3092\u6307\u3059\u3002\u30e2\u30c1\u30fc\u30d5\u306b\u30e6\u30cb\u30fc\u30af\u306a\u4eba\u9593\u306e\u5f62\u3092\u4e0e\u3048\u3001\u3042\u306a\u305f\u306e\u5275\u9020\u7684\u306a\u89e3\u91c8\u3092\u898b\u305b\u3066\u307b\u3057\u3044\uff01 \u72ec\u5275\u7684\u306aGijinka\u30d5\u30a3\u30ae\u30e5\u30a2\u3092\u30c7\u30b6\u30a4\u30f3\u3057\u3088\u3046\uff01\u30b9\u30a6\u30a3\u30fc\u30c8\u3001\u30a8\u30ec\u30ac\u30f3\u30c8\u3001\u795e\u79d8\u7684&#8230;&#8230;\u3042\u306a\u305f\u306e\u60f3\u50cf\u529b\u8c4a\u304b\u306a\u4f5c\u54c1\u3092\u304a\u5f85\u3061\u3057\u3066\u3044\u308b\uff01 \u2728\u3042\u306a\u305f\u306e\u5275\u9020\u529b\u3092\u81ea\u7531\u306b\u767a\u63ee\u3057\u3066\u3001\u30e6\u30cb\u30fc\u30af\u306a\u30d3\u30b8\u30e7\u30f3\u306b\u547d\u3092\u5439\u304d\u8fbc\u3082\u3046\uff01\u3042\u306a\u305f\u306e\u4f5c\u54c1\u3092\u898b\u308b\u306e\u3092\u697d\u3057\u307f\u306b\u3057\u3066\u3044\u308b\uff01 \ud83c\udfa8 \u4fa1\u683c \u79c1\u305f\u3061\u306f\u4ee5\u4e0b\u306e\u30ab\u30c6\u30b4\u30ea\u30fc\u3067\u7d20\u6674\u3089\u3057\u3044\u8cde\u3092\u6388\u4e0e\u3059\u308b\uff1a\u2728\u6700\u3082\u72ec\u5275\u7684\u306a\u30a2\u30a4\u30c7\u30a2 - \u6700\u3082\u72ec\u5275\u7684\u306a\u30b3\u30f3\u30bb\u30d7\u30c8\u3068\u3001\u6700\u3082\u65ac\u65b0\u306a\u30a2\u30a4\u30c7\u30a2\u306e\u5b9f\u73fe\u306b\u8d08\u3089\u308c\u308b\u3002\ud83c\udfa8\u6700\u512a\u79c0\u30c7\u30b6\u30a4\u30f3\u8cde - \u6700\u3082\u7f8e\u3057\u304f\u3001\u8abf\u548c\u304c\u3068\u308c\u3066\u304a\u308a\u3001\u7d30\u90e8\u306b\u307e\u3067\u3053\u3060\u308f\u3063\u305f\u30c7\u30b6\u30a4\u30f3\u306b\u8d08\u3089\u308c\u308b\u3002\ud83d\udd25 \u6700\u512a\u79c0\u30d7\u30ec\u30bc\u30f3\u30c6\u30fc\u30b7\u30e7\u30f3\u8cde\uff1a\u6700\u3082\u5370\u8c61\u7684\u306a\u30dd\u30fc\u30ba\u3001\u30c0\u30a4\u30ca\u30df\u30af\u30b9\u3001\u8868\u73fe\u529b\u306b\u8d08\u3089\u308c\u308b\u3002 \u53c2\u52a0\u6761\u4ef6 \u767b\u9332 \u767b\u9332\u306f\u3053\u3061\u3089\u304b\u3089\u3002 \u30a8\u30f3\u30c8\u30ea\u30fc\u306e\u7de0\u3081\u5207\u308a\u306f2025\u5e747\u670826\u65e523\u664259\u5206\u3002 \u30c7\u30fc\u30bf\u4fdd\u8b77 \u672c\u30b3\u30f3\u30c6\u30b9\u30c8\u306b\u53c2\u52a0\u3059\u308b\u3053\u3068\u3067\u3001\u30a4\u30d9\u30f3\u30c8\u671f\u9593\u4e2d\u306b\u5f53\u793e\u304c\u3042\u306a\u305f\u306e\u7d75\u3092\u5c55\u793a\u3059\u308b\u3053\u3068\u306b\u540c\u610f\u3057\u305f\u3082\u306e\u3068\u307f\u306a\u3055\u308c\u308b\u3002\u30c7\u30fc\u30bf\u306f\u5f53\u793e\u306b\u3088\u3063\u3066\u4fdd\u5b58\u3055\u308c\u3001\u5e83\u544a\u76ee\u7684\u306b\u4f7f\u7528\u3055\u308c\u308b\u5834\u5408\u304c\u3042\u308b\uff08\u4f8b\uff1a\u5c06\u6765\u3001\u30d5\u30a1\u30f3\u30a2\u30fc\u30c8\u30b3\u30f3\u30c6\u30b9\u30c8\u306e\u30bd\u30fc\u30b7\u30e3\u30eb\u30e1\u30c7\u30a3\u30a2\u3078\u306e\u6295\u7a3f\uff09\u3002\u5fdc\u52df\u4f5c\u54c1\u306e\u5e83\u544a\u76ee\u7684\u3067\u306e\u4f7f\u7528\u3092\u5e0c\u671b\u3055\u308c\u306a\u3044\u5834\u5408\u306f\u3001\u305d\u306e\u65e8\u3092\u3054\u9023\u7d61\u304f\u3060\u3055\u3044\u3002\u305d\u306e\u5834\u5408\u3001AniNite\u7d42\u4e86\u5f8c\u306b\u5fdc\u52df\u4f5c\u54c1\u3092\u524a\u9664\u3059\u308b\u3002\u7b2c\u4e09\u8005\u3078\u306e\u30c7\u30fc\u30bf\u63d0\u4f9b\u306f\u884c\u308f\u306a\u3044 \u3002 \u304a\u554f\u3044\u5408\u308f\u305b \u300c\u30d5\u30a1\u30ca\u30fc\u30c8\u300d\u3068\u3044\u3046\u4ef6\u540d\u3067\u3001\u30b3\u30f3\u30bf\u30af\u30c8\u30d5\u30a9\u30fc\u30e0\u304b\u3089\u9060\u616e\u306a\u304f\u554f\u3044\u5408\u308f\u305b\u3092\u3002<\/p>\n","protected":false},"author":10,"featured_media":0,"parent":32729,"menu_order":0,"comment_status":"closed","ping_status":"closed","template":"","meta":{"inline_featured_image":false,"footnotes":""},"class_list":["post-32594","page","type-page","status-publish","hentry"],"yoast_head":"<!-- This site is optimized with the Yoast SEO plugin v27.4 - https:\/\/yoast.com\/product\/yoast-seo-wordpress\/ -->\n<title>\u30d5\u30a1\u30f3\u30a2\u30fc\u30c8\u30b3\u30f3\u30da\u30c6\u30a3\u30b7\u30e7\u30f3 - AniNite<\/title>\n<meta name=\"description\" content=\"\u30a2\u30fc\u30c6\u30a3\u30b9\u30c8\u306b\u544a\u3050\uff01\u6bce\u5e74\u6052\u4f8b\u306eAniNite\u30d5\u30a1\u30f3\u30fb\u30a2\u30fc\u30c8\u30fb\u30b3\u30f3\u30da\u30c6\u30a3\u30b7\u30e7\u30f3\u304c\u5e30\u3063\u3066\u304d\u305f\uff01\u30c6\u30fc\u30de\uff1aGijinka\" \/>\n<meta name=\"robots\" content=\"index, follow, max-snippet:-1, max-image-preview:large, max-video-preview:-1\" \/>\n<link rel=\"canonical\" href=\"https:\/\/www.aninite.at\/ja\/wettbewerbe\/fanart-regulaer\/\" \/>\n<meta property=\"og:locale\" content=\"ja_JP\" \/>\n<meta property=\"og:type\" content=\"article\" \/>\n<meta property=\"og:title\" content=\"\u30d5\u30a1\u30f3\u30a2\u30fc\u30c8\u30b3\u30f3\u30da\u30c6\u30a3\u30b7\u30e7\u30f3 - AniNite\" \/>\n<meta property=\"og:description\" content=\"\u30a2\u30fc\u30c6\u30a3\u30b9\u30c8\u306b\u544a\u3050\uff01\u6bce\u5e74\u6052\u4f8b\u306eAniNite\u30d5\u30a1\u30f3\u30fb\u30a2\u30fc\u30c8\u30fb\u30b3\u30f3\u30da\u30c6\u30a3\u30b7\u30e7\u30f3\u304c\u5e30\u3063\u3066\u304d\u305f\uff01\u30c6\u30fc\u30de\uff1aGijinka\" \/>\n<meta property=\"og:url\" content=\"https:\/\/www.aninite.at\/ja\/wettbewerbe\/fanart-regulaer\/\" \/>\n<meta property=\"og:site_name\" content=\"AniNite\" \/>\n<meta property=\"article:publisher\" content=\"https:\/\/www.facebook.com\/AniMangaAustria\" \/>\n<meta property=\"article:modified_time\" content=\"2025-07-16T08:47:21+00:00\" \/>\n<meta property=\"og:image\" content=\"https:\/\/www.aninite.at\/wp-content\/uploads\/cropped-Icon_2025.jpg\" \/>\n\t<meta property=\"og:image:width\" content=\"512\" \/>\n\t<meta property=\"og:image:height\" content=\"512\" \/>\n\t<meta property=\"og:image:type\" content=\"image\/jpeg\" \/>\n<meta name=\"twitter:card\" content=\"summary_large_image\" \/>\n<meta name=\"twitter:title\" content=\"AniNite \u30d5\u30a1\u30ca\u30fc\u30c8\u30fb\u30ec\u30ae\u30e5\u30e9\u30fc\" \/>\n<meta name=\"twitter:description\" content=\"\u30a2\u30fc\u30c6\u30a3\u30b9\u30c8\u306b\u544a\u3050\uff01\u6bce\u5e74\u6052\u4f8b\u306eAniNite\u30d5\u30a1\u30f3\u30fb\u30a2\u30fc\u30c8\u30fb\u30b3\u30f3\u30da\u30c6\u30a3\u30b7\u30e7\u30f3\u304c\u5e30\u3063\u3066\u304d\u305f\uff01\u30c6\u30fc\u30de\uff1aGijinka\" \/>\n<meta name=\"twitter:image\" content=\"https:\/\/www.aninite.at\/wp-content\/uploads\/skyfall_by_nenilein_dezg5ac-fullview-1024x891.jpg\" \/>\n<script type=\"application\/ld+json\" class=\"yoast-schema-graph\">{\"@context\":\"https:\\\/\\\/schema.org\",\"@graph\":[{\"@type\":\"WebPage\",\"@id\":\"https:\\\/\\\/www.aninite.at\\\/ja\\\/wettbewerbe\\\/fanart-regulaer\\\/\",\"url\":\"https:\\\/\\\/www.aninite.at\\\/ja\\\/wettbewerbe\\\/fanart-regulaer\\\/\",\"name\":\"\u30d5\u30a1\u30f3\u30a2\u30fc\u30c8\u30b3\u30f3\u30da\u30c6\u30a3\u30b7\u30e7\u30f3 - AniNite\",\"isPartOf\":{\"@id\":\"https:\\\/\\\/www.aninite.at\\\/ja\\\/#website\"},\"primaryImageOfPage\":{\"@id\":\"https:\\\/\\\/www.aninite.at\\\/ja\\\/wettbewerbe\\\/fanart-regulaer\\\/#primaryimage\"},\"image\":{\"@id\":\"https:\\\/\\\/www.aninite.at\\\/ja\\\/wettbewerbe\\\/fanart-regulaer\\\/#primaryimage\"},\"thumbnailUrl\":\"https:\\\/\\\/www.aninite.at\\\/wp-content\\\/uploads\\\/\\\/TitelTemplate-1.svg\",\"datePublished\":\"2022-02-06T18:08:02+00:00\",\"dateModified\":\"2025-07-16T08:47:21+00:00\",\"description\":\"\u30a2\u30fc\u30c6\u30a3\u30b9\u30c8\u306b\u544a\u3050\uff01\u6bce\u5e74\u6052\u4f8b\u306eAniNite\u30d5\u30a1\u30f3\u30fb\u30a2\u30fc\u30c8\u30fb\u30b3\u30f3\u30da\u30c6\u30a3\u30b7\u30e7\u30f3\u304c\u5e30\u3063\u3066\u304d\u305f\uff01\u30c6\u30fc\u30de\uff1aGijinka\",\"breadcrumb\":{\"@id\":\"https:\\\/\\\/www.aninite.at\\\/ja\\\/wettbewerbe\\\/fanart-regulaer\\\/#breadcrumb\"},\"inLanguage\":\"ja\",\"potentialAction\":[{\"@type\":\"ReadAction\",\"target\":[\"https:\\\/\\\/www.aninite.at\\\/ja\\\/wettbewerbe\\\/fanart-regulaer\\\/\"]}]},{\"@type\":\"ImageObject\",\"inLanguage\":\"ja\",\"@id\":\"https:\\\/\\\/www.aninite.at\\\/ja\\\/wettbewerbe\\\/fanart-regulaer\\\/#primaryimage\",\"url\":\"https:\\\/\\\/www.aninite.at\\\/wp-content\\\/uploads\\\/\\\/TitelTemplate-1.svg\",\"contentUrl\":\"https:\\\/\\\/www.aninite.at\\\/wp-content\\\/uploads\\\/\\\/TitelTemplate-1.svg\"},{\"@type\":\"BreadcrumbList\",\"@id\":\"https:\\\/\\\/www.aninite.at\\\/ja\\\/wettbewerbe\\\/fanart-regulaer\\\/#breadcrumb\",\"itemListElement\":[{\"@type\":\"ListItem\",\"position\":1,\"name\":\"Startseite\",\"item\":\"https:\\\/\\\/www.aninite.at\\\/ja\\\/willkommen\\\/\"},{\"@type\":\"ListItem\",\"position\":2,\"name\":\"\u30b3\u30f3\u30da\u30c6\u30a3\u30b7\u30e7\u30f3\",\"item\":\"https:\\\/\\\/www.aninite.at\\\/ja\\\/wettbewerbe\\\/\"},{\"@type\":\"ListItem\",\"position\":3,\"name\":\"\u30d5\u30a1\u30f3\u30a2\u30fc\u30c8\u30b3\u30f3\u30da\u30c6\u30a3\u30b7\u30e7\u30f3\"}]},{\"@type\":\"WebSite\",\"@id\":\"https:\\\/\\\/www.aninite.at\\\/ja\\\/#website\",\"url\":\"https:\\\/\\\/www.aninite.at\\\/ja\\\/\",\"name\":\"AniNite\",\"description\":\"\u00d6sterreichs gr\u00f6\u00dfte Anime-, Manga- und Comic-Convention\",\"potentialAction\":[{\"@type\":\"SearchAction\",\"target\":{\"@type\":\"EntryPoint\",\"urlTemplate\":\"https:\\\/\\\/www.aninite.at\\\/ja\\\/?s={search_term_string}\"},\"query-input\":{\"@type\":\"PropertyValueSpecification\",\"valueRequired\":true,\"valueName\":\"search_term_string\"}}],\"inLanguage\":\"ja\"}]}<\/script>\n<!-- \/ Yoast SEO plugin. -->","yoast_head_json":{"title":"\u30d5\u30a1\u30f3\u30a2\u30fc\u30c8\u30b3\u30f3\u30da\u30c6\u30a3\u30b7\u30e7\u30f3 - AniNite","description":"\u30a2\u30fc\u30c6\u30a3\u30b9\u30c8\u306b\u544a\u3050\uff01\u6bce\u5e74\u6052\u4f8b\u306eAniNite\u30d5\u30a1\u30f3\u30fb\u30a2\u30fc\u30c8\u30fb\u30b3\u30f3\u30da\u30c6\u30a3\u30b7\u30e7\u30f3\u304c\u5e30\u3063\u3066\u304d\u305f\uff01\u30c6\u30fc\u30de\uff1aGijinka","robots":{"index":"index","follow":"follow","max-snippet":"max-snippet:-1","max-image-preview":"max-image-preview:large","max-video-preview":"max-video-preview:-1"},"canonical":"https:\/\/www.aninite.at\/ja\/wettbewerbe\/fanart-regulaer\/","og_locale":"ja_JP","og_type":"article","og_title":"\u30d5\u30a1\u30f3\u30a2\u30fc\u30c8\u30b3\u30f3\u30da\u30c6\u30a3\u30b7\u30e7\u30f3 - AniNite","og_description":"\u30a2\u30fc\u30c6\u30a3\u30b9\u30c8\u306b\u544a\u3050\uff01\u6bce\u5e74\u6052\u4f8b\u306eAniNite\u30d5\u30a1\u30f3\u30fb\u30a2\u30fc\u30c8\u30fb\u30b3\u30f3\u30da\u30c6\u30a3\u30b7\u30e7\u30f3\u304c\u5e30\u3063\u3066\u304d\u305f\uff01\u30c6\u30fc\u30de\uff1aGijinka","og_url":"https:\/\/www.aninite.at\/ja\/wettbewerbe\/fanart-regulaer\/","og_site_name":"AniNite","article_publisher":"https:\/\/www.facebook.com\/AniMangaAustria","article_modified_time":"2025-07-16T08:47:21+00:00","og_image":[{"width":512,"height":512,"url":"https:\/\/www.aninite.at\/wp-content\/uploads\/cropped-Icon_2025.jpg","type":"image\/jpeg"}],"twitter_card":"summary_large_image","twitter_title":"AniNite \u30d5\u30a1\u30ca\u30fc\u30c8\u30fb\u30ec\u30ae\u30e5\u30e9\u30fc","twitter_description":"\u30a2\u30fc\u30c6\u30a3\u30b9\u30c8\u306b\u544a\u3050\uff01\u6bce\u5e74\u6052\u4f8b\u306eAniNite\u30d5\u30a1\u30f3\u30fb\u30a2\u30fc\u30c8\u30fb\u30b3\u30f3\u30da\u30c6\u30a3\u30b7\u30e7\u30f3\u304c\u5e30\u3063\u3066\u304d\u305f\uff01\u30c6\u30fc\u30de\uff1aGijinka","twitter_image":"https:\/\/www.aninite.at\/wp-content\/uploads\/skyfall_by_nenilein_dezg5ac-fullview-1024x891.jpg","schema":{"@context":"https:\/\/schema.org","@graph":[{"@type":"WebPage","@id":"https:\/\/www.aninite.at\/ja\/wettbewerbe\/fanart-regulaer\/","url":"https:\/\/www.aninite.at\/ja\/wettbewerbe\/fanart-regulaer\/","name":"\u30d5\u30a1\u30f3\u30a2\u30fc\u30c8\u30b3\u30f3\u30da\u30c6\u30a3\u30b7\u30e7\u30f3 - AniNite","isPartOf":{"@id":"https:\/\/www.aninite.at\/ja\/#website"},"primaryImageOfPage":{"@id":"https:\/\/www.aninite.at\/ja\/wettbewerbe\/fanart-regulaer\/#primaryimage"},"image":{"@id":"https:\/\/www.aninite.at\/ja\/wettbewerbe\/fanart-regulaer\/#primaryimage"},"thumbnailUrl":"https:\/\/www.aninite.at\/wp-content\/uploads\/\/TitelTemplate-1.svg","datePublished":"2022-02-06T18:08:02+00:00","dateModified":"2025-07-16T08:47:21+00:00","description":"\u30a2\u30fc\u30c6\u30a3\u30b9\u30c8\u306b\u544a\u3050\uff01\u6bce\u5e74\u6052\u4f8b\u306eAniNite\u30d5\u30a1\u30f3\u30fb\u30a2\u30fc\u30c8\u30fb\u30b3\u30f3\u30da\u30c6\u30a3\u30b7\u30e7\u30f3\u304c\u5e30\u3063\u3066\u304d\u305f\uff01\u30c6\u30fc\u30de\uff1aGijinka","breadcrumb":{"@id":"https:\/\/www.aninite.at\/ja\/wettbewerbe\/fanart-regulaer\/#breadcrumb"},"inLanguage":"ja","potentialAction":[{"@type":"ReadAction","target":["https:\/\/www.aninite.at\/ja\/wettbewerbe\/fanart-regulaer\/"]}]},{"@type":"ImageObject","inLanguage":"ja","@id":"https:\/\/www.aninite.at\/ja\/wettbewerbe\/fanart-regulaer\/#primaryimage","url":"https:\/\/www.aninite.at\/wp-content\/uploads\/\/TitelTemplate-1.svg","contentUrl":"https:\/\/www.aninite.at\/wp-content\/uploads\/\/TitelTemplate-1.svg"},{"@type":"BreadcrumbList","@id":"https:\/\/www.aninite.at\/ja\/wettbewerbe\/fanart-regulaer\/#breadcrumb","itemListElement":[{"@type":"ListItem","position":1,"name":"Startseite","item":"https:\/\/www.aninite.at\/ja\/willkommen\/"},{"@type":"ListItem","position":2,"name":"\u30b3\u30f3\u30da\u30c6\u30a3\u30b7\u30e7\u30f3","item":"https:\/\/www.aninite.at\/ja\/wettbewerbe\/"},{"@type":"ListItem","position":3,"name":"\u30d5\u30a1\u30f3\u30a2\u30fc\u30c8\u30b3\u30f3\u30da\u30c6\u30a3\u30b7\u30e7\u30f3"}]},{"@type":"WebSite","@id":"https:\/\/www.aninite.at\/ja\/#website","url":"https:\/\/www.aninite.at\/ja\/","name":"AniNite","description":"\u00d6sterreichs gr\u00f6\u00dfte Anime-, Manga- und Comic-Convention","potentialAction":[{"@type":"SearchAction","target":{"@type":"EntryPoint","urlTemplate":"https:\/\/www.aninite.at\/ja\/?s={search_term_string}"},"query-input":{"@type":"PropertyValueSpecification","valueRequired":true,"valueName":"search_term_string"}}],"inLanguage":"ja"}]}},"acf":[],"_links":{"self":[{"href":"https:\/\/www.aninite.at\/ja\/wp-json\/wp\/v2\/pages\/32594","targetHints":{"allow":["GET"]}}],"collection":[{"href":"https:\/\/www.aninite.at\/ja\/wp-json\/wp\/v2\/pages"}],"about":[{"href":"https:\/\/www.aninite.at\/ja\/wp-json\/wp\/v2\/types\/page"}],"author":[{"embeddable":true,"href":"https:\/\/www.aninite.at\/ja\/wp-json\/wp\/v2\/users\/10"}],"replies":[{"embeddable":true,"href":"https:\/\/www.aninite.at\/ja\/wp-json\/wp\/v2\/comments?post=32594"}],"version-history":[{"count":5,"href":"https:\/\/www.aninite.at\/ja\/wp-json\/wp\/v2\/pages\/32594\/revisions"}],"predecessor-version":[{"id":34027,"href":"https:\/\/www.aninite.at\/ja\/wp-json\/wp\/v2\/pages\/32594\/revisions\/34027"}],"up":[{"embeddable":true,"href":"https:\/\/www.aninite.at\/ja\/wp-json\/wp\/v2\/pages\/32729"}],"wp:attachment":[{"href":"https:\/\/www.aninite.at\/ja\/wp-json\/wp\/v2\/media?parent=32594"}],"curies":[{"name":"wp","href":"https:\/\/api.w.org\/{rel}","templated":true}]}}