{"id":32612,"date":"2021-03-13T20:41:26","date_gmt":"2021-03-13T19:41:26","guid":{"rendered":"https:\/\/www.aninite.at\/cosplay-2\/"},"modified":"2025-07-11T21:53:03","modified_gmt":"2025-07-11T19:53:03","slug":"cosplay-2","status":"publish","type":"page","link":"https:\/\/www.aninite.at\/ja\/wettbewerbe\/cosplay-2\/","title":{"rendered":"\u30b3\u30b9\u30d7\u30ec"},"content":{"rendered":"<div class=\"wp-block-image\">\n<figure class=\"aligncenter size-full\"><img decoding=\"async\" src=\"https:\/\/www.aninite.at\/wp-content\/uploads\/\/TitelTemplate-1.svg\" alt=\"\" class=\"wp-image-32076\"\/><\/figure>\n<\/div>\n<div style=\"height:50px\" aria-hidden=\"true\" class=\"wp-block-spacer\"><\/div>\n\n<div class=\"wp-block-columns is-layout-flex wp-container-core-columns-is-layout-9d6595d7 wp-block-columns-is-layout-flex\">\n<div class=\"wp-block-column is-vertically-aligned-top is-layout-flow wp-block-column-is-layout-flow\">\n<p class=\"has-text-align-center has-vivid-red-color has-text-color has-link-color wp-elements-4177ab363ccbf9c5126d114a36b96727\"><strong><a href=\"https:\/\/www.aninite.at\/ja\/wettbewerbe\/x-cosplay-3-4\/\">X\u30b3\u30b9\u30d7\u30ec<\/a><\/strong><\/p>\n\n\n\n<p>\u5927\u821e\u53f0\u3067\u62ab\u9732\u3057\u305f\u3044\u51dd\u3063\u305f\u30b3\u30b9\u30d7\u30ec\u304c\u3042\u308b\u3051\u3069\u3001\u30d1\u30d5\u30a9\u30fc\u30de\u30f3\u30b9\u306f\u3057\u305f\u304f\u306a\u3044\uff1f\u305d\u308c\u306a\u3089\u3001X\u30b3\u30b9\u30d7\u30ec\u30b3\u30f3\u30c6\u30b9\u30c8\u304c\u3074\u3063\u305f\u308a\u3060\uff01\u3053\u3053\u3067\u91cd\u8981\u306a\u306e\u306f\u3001\u3042\u306a\u305f\u306e\u30b3\u30b9\u30d7\u30ec\u3060\u3051\u3060\u3002\u3042\u306a\u305f\u306e\u30b3\u30b9\u30d7\u30ec\u306b\u96a0\u3055\u308c\u305f\u624b\u4ed5\u4e8b\u3060\u3051\u304c\u5be9\u67fb\u3055\u308c\u308b\uff01   <\/p>\n\n\n<div class=\"wp-block-image is-resized\">\n<figure class=\"aligncenter size-large\"><a href=\"https:\/\/www.aninite.at\/x-cosplay\/\"><img loading=\"lazy\" decoding=\"async\" width=\"854\" height=\"1361\" src=\"https:\/\/www.aninite.at\/wp-content\/uploads\/Seirer_AniNite2018_X-Cosplay-edited.jpg\" alt=\"\" class=\"wp-image-3930\" srcset=\"https:\/\/www.aninite.at\/wp-content\/uploads\/Seirer_AniNite2018_X-Cosplay-edited.jpg 854w, https:\/\/www.aninite.at\/wp-content\/uploads\/Seirer_AniNite2018_X-Cosplay-edited-188x300.jpg 188w, https:\/\/www.aninite.at\/wp-content\/uploads\/Seirer_AniNite2018_X-Cosplay-edited-643x1024.jpg 643w, https:\/\/www.aninite.at\/wp-content\/uploads\/Seirer_AniNite2018_X-Cosplay-edited-768x1224.jpg 768w, https:\/\/www.aninite.at\/wp-content\/uploads\/Seirer_AniNite2018_X-Cosplay-edited-624x994.jpg 624w\" sizes=\"auto, (max-width: 854px) 100vw, 854px\" \/><\/a><figcaption class=\"wp-element-caption\"><a href=\"https:\/\/www.seirer-photography.com\" target=\"_blank\" rel=\"noreferrer noopener\">\u30bb\u30a4\u30e9\u30fc\u30fb\u30d5\u30a9\u30c8\u30b0\u30e9\u30d5\u30a3\u30fc<\/a>\u3001AniNite 2018<br\/><\/figcaption><\/figure>\n<\/div><\/div>\n\n\n\n<div class=\"wp-block-column is-layout-flow wp-block-column-is-layout-flow\">\n<p class=\"has-text-align-center has-vivid-red-color has-text-color has-link-color wp-elements-14e7e032a51c7a21e5d8b12b9dd38128\"><a href=\"https:\/\/www.aninite.at\/ja\/character-cosplay-2-4\/\" target=\"_blank\" rel=\"noreferrer noopener\"><strong>\u30ad\u30e3\u30e9\u30af\u30bf\u30fc\u30fb\u30b3\u30b9\u30d7\u30ec<\/strong><\/a><\/p>\n\n\n\n<p>AniNite\u3067\u30af\u30fc\u30eb\u306b\u3001\u9762\u767d\u304f\u3001\u30a8\u30ad\u30b5\u30a4\u30c6\u30a3\u30f3\u30b0\u306b\u767b\u5834\u3057\u305f\u3044\uff1f\u305d\u308c\u306a\u3089\u3001\u30d1\u30d5\u30a9\u30fc\u30de\u30f3\u30b9\u30fb\u30b3\u30b9\u30d7\u30ec\u306f\u3046\u3063\u3066\u3064\u3051\u306e\u5834\u6240\u3060\uff01\u3053\u3053\u3067\u91cd\u8981\u306a\u306e\u306f\u3042\u306a\u305f\u306e\u30d1\u30d5\u30a9\u30fc\u30de\u30f3\u30b9\u3060\u3051\u3002\u30b3\u30b9\u30d7\u30ec\u306f\u8cb7\u3063\u3066\u304d\u305f\u3082\u306e\u3067\u3082\u3001\u501f\u308a\u3066\u304d\u305f\u3082\u306e\u3067\u3082\u3001\u624b\u4f5c\u308a\u3067\u3082OK\uff01\u5be9\u67fb\u3055\u308c\u308b\u306e\u306f\u3042\u306a\u305f\u306e\u30d1\u30d5\u30a9\u30fc\u30de\u30f3\u30b9\u3060\u3051\u3002     <\/p>\n\n\n\n<div style=\"height:2px\" aria-hidden=\"true\" class=\"wp-block-spacer\"><\/div>\n\n\n<div class=\"wp-block-image is-resized\">\n<figure class=\"aligncenter size-large\"><a href=\"https:\/\/www.aninite.at\/ja\/character-cosplay\/\"><img loading=\"lazy\" decoding=\"async\" width=\"769\" height=\"1367\" src=\"https:\/\/www.aninite.at\/wp-content\/uploads\/Seirer_AniNite2018_Character-Cosplay-edited.jpg\" alt=\"\" class=\"wp-image-3933\" srcset=\"https:\/\/www.aninite.at\/wp-content\/uploads\/Seirer_AniNite2018_Character-Cosplay-edited.jpg 769w, https:\/\/www.aninite.at\/wp-content\/uploads\/Seirer_AniNite2018_Character-Cosplay-edited-169x300.jpg 169w, https:\/\/www.aninite.at\/wp-content\/uploads\/Seirer_AniNite2018_Character-Cosplay-edited-576x1024.jpg 576w, https:\/\/www.aninite.at\/wp-content\/uploads\/Seirer_AniNite2018_Character-Cosplay-edited-768x1365.jpg 768w, https:\/\/www.aninite.at\/wp-content\/uploads\/Seirer_AniNite2018_Character-Cosplay-edited-624x1109.jpg 624w\" sizes=\"auto, (max-width: 769px) 100vw, 769px\" \/><\/a><figcaption class=\"wp-element-caption\"><a href=\"https:\/\/www.seirer-photography.com\" target=\"_blank\" rel=\"noreferrer noopener\">\u30bb\u30a4\u30e9\u30fc\u30fb\u30d5\u30a9\u30c8\u30b0\u30e9\u30d5\u30a3\u30fc<\/a>\u3001AniNite 2018<\/figcaption><\/figure>\n<\/div><\/div>\n<\/div>\n\n<div class=\"wp-block-columns is-layout-flex wp-container-core-columns-is-layout-9d6595d7 wp-block-columns-is-layout-flex\">\n<div class=\"wp-block-column is-layout-flow wp-block-column-is-layout-flow\">\n<p><strong><a href=\"https:\/\/www.aninite.at\/ja\/world-cosplay-summit-2-3\/\">\u4e16\u754c\u30b3\u30b9\u30d7\u30ec\u30b5\u30df\u30c3\u30c8<\/a><\/strong><br\/>\u3042\u306a\u305f\u306f\u512a\u79c0\u306a\u30c1\u30fc\u30e0\u3067\u3042\u308a\u3001\u30b3\u30b9\u30d7\u30ec\u3092\u697d\u3057\u307f\u3001\u7d20\u6674\u3089\u3057\u3044\u30d1\u30d5\u30a9\u30fc\u30de\u30f3\u30b9\u3067\u89b3\u5ba2\u3092\u9b45\u4e86\u3057\u3001\u30aa\u30fc\u30b9\u30c8\u30ea\u30a2\u4ee3\u8868\u3068\u3057\u3066\u65e5\u672c\u3067\u958b\u50ac\u3055\u308c\u308b\u30b0\u30e9\u30f3\u30c9\u30d5\u30a3\u30ca\u30fc\u30ec\u306b\u53c2\u52a0\u3057\u305f\u3044\uff1f\u8155\u524d\u3092\u62ab\u9732\u3057\u3066\u3001\u51fa\u5834\u6a29\u3092\u624b\u306b\u5165\u308c\u3088\u3046\uff01 <br\/><\/p>\n\n\n\n<figure class=\"wp-block-image size-large\"><img loading=\"lazy\" decoding=\"async\" width=\"768\" height=\"1024\" src=\"https:\/\/www.aninite.at\/wp-content\/uploads\/\/WCS2024backstage_SWE-768x1024.jpeg\" alt=\"\" class=\"wp-image-32481\" srcset=\"https:\/\/www.aninite.at\/wp-content\/uploads\/WCS2024backstage_SWE-768x1024.jpeg 768w, https:\/\/www.aninite.at\/wp-content\/uploads\/WCS2024backstage_SWE-225x300.jpeg 225w, https:\/\/www.aninite.at\/wp-content\/uploads\/WCS2024backstage_SWE-1152x1536.jpeg 1152w, https:\/\/www.aninite.at\/wp-content\/uploads\/WCS2024backstage_SWE-1536x2048.jpeg 1536w, https:\/\/www.aninite.at\/wp-content\/uploads\/WCS2024backstage_SWE-1140x1520.jpeg 1140w, https:\/\/www.aninite.at\/wp-content\/uploads\/WCS2024backstage_SWE-scaled.jpeg 1920w\" sizes=\"auto, (max-width: 768px) 100vw, 768px\" \/><figcaption class=\"wp-element-caption\">\u4e16\u754c\u30b3\u30b9\u30d7\u30ec\u30b5\u30df\u30c3\u30c82024\u3001\u540d\u53e4\u5c4b<\/figcaption><\/figure>\n<\/div>\n\n\n\n<div class=\"wp-block-column is-layout-flow wp-block-column-is-layout-flow\">\n<p><strong><a href=\"https:\/\/www.aninite.at\/ja\/wettbewerbe\/cosplay-2\/ccc\/ccc-4\/\">\u30b3\u30b9\u30d7\u30ec\u30c1\u30e3\u30f3\u30d4\u30aa\u30f3\u30ba\u30ab\u30c3\u30d7<\/a><\/strong><br\/>\u30b3\u30b9\u30d7\u30ec\u30c1\u30e3\u30f3\u30d4\u30aa\u30f3\u30ba\u306f\u3001\u4e16\u754c\u4e2d\u306e\u30b3\u30b9\u30d7\u30ec\u30b3\u30f3\u30c6\u30b9\u30c8\u306e\u30c1\u30e3\u30f3\u30d4\u30aa\u30f3\u3092\u96c6\u3081\u305f\u56fd\u969b\u30b3\u30b9\u30d7\u30ec\u30b3\u30f3\u30c6\u30b9\u30c8\u3067\u3042\u308b\u3002\u5927\u821e\u53f0\u3067\u62ab\u9732\u3057\u305f\u3044\u7cbe\u5de7\u306a\u30b3\u30b9\u30d7\u30ec\u3092\u6301\u3061\u3001\u305d\u306e\u30d1\u30d5\u30a9\u30fc\u30de\u30f3\u30b9\u3067\u89b3\u5ba2\u3092\u9b45\u4e86\u3057\u305f\u3044\u3002CCC\u306f\u305d\u3093\u306a\u3042\u306a\u305f\u306b\u3074\u3063\u305f\u308a\u306e\u5834\u6240\u3060\uff01  <\/p>\n<\/div>\n<\/div>\n\n<div class=\"wp-block-group\"><div class=\"wp-block-group__inner-container is-layout-constrained wp-block-group-is-layout-constrained\"><div class=\"wp-block-image\">\n<figure class=\"aligncenter size-full\"><img loading=\"lazy\" decoding=\"async\" width=\"728\" height=\"162\" src=\"https:\/\/www.aninite.at\/wp-content\/uploads\/Footer_2025_FL.jpg\" alt=\"\" class=\"wp-image-17696\" srcset=\"https:\/\/www.aninite.at\/wp-content\/uploads\/Footer_2025_FL.jpg 728w, https:\/\/www.aninite.at\/wp-content\/uploads\/Footer_2025_FL-300x67.jpg 300w\" sizes=\"auto, (max-width: 728px) 100vw, 728px\" \/><\/figure>\n<\/div><\/div><\/div>\n\n<p><\/p>\n","protected":false},"excerpt":{"rendered":"<p>X\u30b3\u30b9\u30d7\u30ec \u5927\u821e\u53f0\u3067\u62ab\u9732\u3057\u305f\u3044\u51dd\u3063\u305f\u30b3\u30b9\u30d7\u30ec\u304c\u3042\u308b\u3051\u3069\u3001\u30d1\u30d5\u30a9\u30fc\u30de\u30f3\u30b9\u306f\u3057\u305f\u304f\u306a\u3044\uff1f\u305d\u308c\u306a\u3089\u3001X\u30b3\u30b9\u30d7\u30ec\u30b3\u30f3\u30c6\u30b9\u30c8\u304c\u3074\u3063\u305f\u308a\u3060\uff01\u3053\u3053\u3067\u91cd\u8981\u306a\u306e\u306f\u3001\u3042\u306a\u305f\u306e\u30b3\u30b9\u30d7\u30ec\u3060\u3051\u3060\u3002\u3042\u306a\u305f\u306e\u30b3\u30b9\u30d7\u30ec\u306b\u96a0\u3055\u308c\u305f\u624b\u4ed5\u4e8b\u3060\u3051\u304c\u5be9\u67fb\u3055\u308c\u308b\uff01 \u30ad\u30e3\u30e9\u30af\u30bf\u30fc\u30fb\u30b3\u30b9\u30d7\u30ec AniNite\u3067\u30af\u30fc\u30eb\u306b\u3001\u9762\u767d\u304f\u3001\u30a8\u30ad\u30b5\u30a4\u30c6\u30a3\u30f3\u30b0\u306b\u767b\u5834\u3057\u305f\u3044\uff1f\u305d\u308c\u306a\u3089\u3001\u30d1\u30d5\u30a9\u30fc\u30de\u30f3\u30b9\u30fb\u30b3\u30b9\u30d7\u30ec\u306f\u3046\u3063\u3066\u3064\u3051\u306e\u5834\u6240\u3060\uff01\u3053\u3053\u3067\u91cd\u8981\u306a\u306e\u306f\u3042\u306a\u305f\u306e\u30d1\u30d5\u30a9\u30fc\u30de\u30f3\u30b9\u3060\u3051\u3002\u30b3\u30b9\u30d7\u30ec\u306f\u8cb7\u3063\u3066\u304d\u305f\u3082\u306e\u3067\u3082\u3001\u501f\u308a\u3066\u304d\u305f\u3082\u306e\u3067\u3082\u3001\u624b\u4f5c\u308a\u3067\u3082OK\uff01\u5be9\u67fb\u3055\u308c\u308b\u306e\u306f\u3042\u306a\u305f\u306e\u30d1\u30d5\u30a9\u30fc\u30de\u30f3\u30b9\u3060\u3051\u3002 \u4e16\u754c\u30b3\u30b9\u30d7\u30ec\u30b5\u30df\u30c3\u30c8\u3042\u306a\u305f\u306f\u512a\u79c0\u306a\u30c1\u30fc\u30e0\u3067\u3042\u308a\u3001\u30b3\u30b9\u30d7\u30ec\u3092\u697d\u3057\u307f\u3001\u7d20\u6674\u3089\u3057\u3044\u30d1\u30d5\u30a9\u30fc\u30de\u30f3\u30b9\u3067\u89b3\u5ba2\u3092\u9b45\u4e86\u3057\u3001\u30aa\u30fc\u30b9\u30c8\u30ea\u30a2\u4ee3\u8868\u3068\u3057\u3066\u65e5\u672c\u3067\u958b\u50ac\u3055\u308c\u308b\u30b0\u30e9\u30f3\u30c9\u30d5\u30a3\u30ca\u30fc\u30ec\u306b\u53c2\u52a0\u3057\u305f\u3044\uff1f\u8155\u524d\u3092\u62ab\u9732\u3057\u3066\u3001\u51fa\u5834\u6a29\u3092\u624b\u306b\u5165\u308c\u3088\u3046\uff01 \u30b3\u30b9\u30d7\u30ec\u30c1\u30e3\u30f3\u30d4\u30aa\u30f3\u30ba\u30ab\u30c3\u30d7\u30b3\u30b9\u30d7\u30ec\u30c1\u30e3\u30f3\u30d4\u30aa\u30f3\u30ba\u306f\u3001\u4e16\u754c\u4e2d\u306e\u30b3\u30b9\u30d7\u30ec\u30b3\u30f3\u30c6\u30b9\u30c8\u306e\u30c1\u30e3\u30f3\u30d4\u30aa\u30f3\u3092\u96c6\u3081\u305f\u56fd\u969b\u30b3\u30b9\u30d7\u30ec\u30b3\u30f3\u30c6\u30b9\u30c8\u3067\u3042\u308b\u3002\u5927\u821e\u53f0\u3067\u62ab\u9732\u3057\u305f\u3044\u7cbe\u5de7\u306a\u30b3\u30b9\u30d7\u30ec\u3092\u6301\u3061\u3001\u305d\u306e\u30d1\u30d5\u30a9\u30fc\u30de\u30f3\u30b9\u3067\u89b3\u5ba2\u3092\u9b45\u4e86\u3057\u305f\u3044\u3002CCC\u306f\u305d\u3093\u306a\u3042\u306a\u305f\u306b\u3074\u3063\u305f\u308a\u306e\u5834\u6240\u3060\uff01<\/p>\n","protected":false},"author":10,"featured_media":0,"parent":32729,"menu_order":0,"comment_status":"closed","ping_status":"closed","template":"","meta":{"inline_featured_image":false,"footnotes":""},"class_list":["post-32612","page","type-page","status-publish","hentry"],"yoast_head":"<!-- This site is optimized with the Yoast SEO plugin v27.5 - https:\/\/yoast.com\/product\/yoast-seo-wordpress\/ -->\n<title>\u30b3\u30b9\u30d7\u30ec - AniNite<\/title>\n<meta name=\"description\" content=\"AniNite\u3067\u306f2\u3064\u306e\u30b3\u30b9\u30d7\u30ec\u30b3\u30f3\u30c6\u30b9\u30c8\u304c\u3042\u308a\u30011\u3064\u306f\u30d1\u30d5\u30a9\u30fc\u30de\u30f3\u30b9\u3001\u3082\u30461\u3064\u306f\u624b\u4ed5\u4e8b\u3068\u30b3\u30b9\u30c1\u30e5\u30fc\u30e0\u306b\u7126\u70b9\u3092\u5f53\u3066\u308b\uff01\" \/>\n<meta name=\"robots\" content=\"index, follow, max-snippet:-1, max-image-preview:large, max-video-preview:-1\" \/>\n<link rel=\"canonical\" href=\"https:\/\/www.aninite.at\/ja\/wettbewerbe\/cosplay-2\/\" \/>\n<meta property=\"og:locale\" content=\"ja_JP\" \/>\n<meta property=\"og:type\" content=\"article\" \/>\n<meta property=\"og:title\" content=\"\u30b3\u30b9\u30d7\u30ec - AniNite\" \/>\n<meta property=\"og:description\" content=\"AniNite\u3067\u306f2\u3064\u306e\u30b3\u30b9\u30d7\u30ec\u30b3\u30f3\u30c6\u30b9\u30c8\u304c\u3042\u308a\u30011\u3064\u306f\u30d1\u30d5\u30a9\u30fc\u30de\u30f3\u30b9\u3001\u3082\u30461\u3064\u306f\u624b\u4ed5\u4e8b\u3068\u30b3\u30b9\u30c1\u30e5\u30fc\u30e0\u306b\u7126\u70b9\u3092\u5f53\u3066\u308b\uff01\" \/>\n<meta property=\"og:url\" content=\"https:\/\/www.aninite.at\/ja\/wettbewerbe\/cosplay-2\/\" \/>\n<meta property=\"og:site_name\" content=\"AniNite\" \/>\n<meta property=\"article:publisher\" content=\"https:\/\/www.facebook.com\/AniMangaAustria\" \/>\n<meta property=\"article:modified_time\" content=\"2025-07-11T19:53:03+00:00\" \/>\n<meta property=\"og:image\" content=\"https:\/\/www.aninite.at\/wp-content\/uploads\/cropped-Icon_2025.jpg\" \/>\n\t<meta property=\"og:image:width\" content=\"512\" \/>\n\t<meta property=\"og:image:height\" content=\"512\" \/>\n\t<meta property=\"og:image:type\" content=\"image\/jpeg\" \/>\n<meta name=\"twitter:card\" content=\"summary_large_image\" \/>\n<meta name=\"twitter:title\" content=\"AniNite\u30b3\u30b9\u30d7\u30ec\u30b3\u30f3\u30c6\u30b9\u30c8\" \/>\n<meta name=\"twitter:description\" content=\"\u30b3\u30b9\u30d7\u30ec\u5927\u4f1a\u306f\u3001\u91dd\u306b\u3068\u3063\u3066\u306e\u7cf8\u3001\u30da\u30f3\u30c1\u306b\u3068\u3063\u3066\u306e\u30ea\u30d9\u30c3\u30c8\u3068\u540c\u3058\u3088\u3046\u306b\u3001AniNite\u306e\u4e00\u90e8\u3067\u3042\u308b\u3002\u6bce\u5e74\u3001\u591a\u304f\u306e\u7d20\u6674\u3089\u3057\u3044\u30b3\u30b9\u30d7\u30ec\u30a4\u30e4\u30fc\u305f\u3061\u304c\u3001\u606f\u3092\u306e\u3080\u3088\u3046\u306a\u30b3\u30b9\u30c1\u30e5\u30fc\u30e0\u3068\u30a8\u30ad\u30b5\u30a4\u30c6\u30a3\u30f3\u30b0\u3067\u9762\u767d\u3044\u30d1\u30d5\u30a9\u30fc\u30de\u30f3\u30b9\u3067\u30e1\u30a4\u30f3\u30b9\u30c6\u30fc\u30b8\u3092\u57cb\u3081\u5c3d\u304f\u3059\u3002\" \/>\n<meta name=\"twitter:image\" content=\"https:\/\/www.aninite.at\/wp-content\/uploads\/Seirer_AniNite2018_X-Cosplay-edited-643x1024.jpg\" \/>\n<script type=\"application\/ld+json\" class=\"yoast-schema-graph\">{\"@context\":\"https:\\\/\\\/schema.org\",\"@graph\":[{\"@type\":\"WebPage\",\"@id\":\"https:\\\/\\\/www.aninite.at\\\/ja\\\/wettbewerbe\\\/cosplay-2\\\/\",\"url\":\"https:\\\/\\\/www.aninite.at\\\/ja\\\/wettbewerbe\\\/cosplay-2\\\/\",\"name\":\"\u30b3\u30b9\u30d7\u30ec - AniNite\",\"isPartOf\":{\"@id\":\"https:\\\/\\\/www.aninite.at\\\/ja\\\/#website\"},\"primaryImageOfPage\":{\"@id\":\"https:\\\/\\\/www.aninite.at\\\/ja\\\/wettbewerbe\\\/cosplay-2\\\/#primaryimage\"},\"image\":{\"@id\":\"https:\\\/\\\/www.aninite.at\\\/ja\\\/wettbewerbe\\\/cosplay-2\\\/#primaryimage\"},\"thumbnailUrl\":\"https:\\\/\\\/www.aninite.at\\\/wp-content\\\/uploads\\\/\\\/TitelTemplate-1.svg\",\"datePublished\":\"2021-03-13T19:41:26+00:00\",\"dateModified\":\"2025-07-11T19:53:03+00:00\",\"description\":\"AniNite\u3067\u306f2\u3064\u306e\u30b3\u30b9\u30d7\u30ec\u30b3\u30f3\u30c6\u30b9\u30c8\u304c\u3042\u308a\u30011\u3064\u306f\u30d1\u30d5\u30a9\u30fc\u30de\u30f3\u30b9\u3001\u3082\u30461\u3064\u306f\u624b\u4ed5\u4e8b\u3068\u30b3\u30b9\u30c1\u30e5\u30fc\u30e0\u306b\u7126\u70b9\u3092\u5f53\u3066\u308b\uff01\",\"breadcrumb\":{\"@id\":\"https:\\\/\\\/www.aninite.at\\\/ja\\\/wettbewerbe\\\/cosplay-2\\\/#breadcrumb\"},\"inLanguage\":\"ja\",\"potentialAction\":[{\"@type\":\"ReadAction\",\"target\":[\"https:\\\/\\\/www.aninite.at\\\/ja\\\/wettbewerbe\\\/cosplay-2\\\/\"]}]},{\"@type\":\"ImageObject\",\"inLanguage\":\"ja\",\"@id\":\"https:\\\/\\\/www.aninite.at\\\/ja\\\/wettbewerbe\\\/cosplay-2\\\/#primaryimage\",\"url\":\"https:\\\/\\\/www.aninite.at\\\/wp-content\\\/uploads\\\/\\\/TitelTemplate-1.svg\",\"contentUrl\":\"https:\\\/\\\/www.aninite.at\\\/wp-content\\\/uploads\\\/\\\/TitelTemplate-1.svg\"},{\"@type\":\"BreadcrumbList\",\"@id\":\"https:\\\/\\\/www.aninite.at\\\/ja\\\/wettbewerbe\\\/cosplay-2\\\/#breadcrumb\",\"itemListElement\":[{\"@type\":\"ListItem\",\"position\":1,\"name\":\"Startseite\",\"item\":\"https:\\\/\\\/www.aninite.at\\\/ja\\\/willkommen\\\/\"},{\"@type\":\"ListItem\",\"position\":2,\"name\":\"\u30b3\u30f3\u30da\u30c6\u30a3\u30b7\u30e7\u30f3\",\"item\":\"https:\\\/\\\/www.aninite.at\\\/ja\\\/wettbewerbe\\\/\"},{\"@type\":\"ListItem\",\"position\":3,\"name\":\"\u30b3\u30b9\u30d7\u30ec\"}]},{\"@type\":\"WebSite\",\"@id\":\"https:\\\/\\\/www.aninite.at\\\/ja\\\/#website\",\"url\":\"https:\\\/\\\/www.aninite.at\\\/ja\\\/\",\"name\":\"AniNite\",\"description\":\"\u00d6sterreichs gr\u00f6\u00dfte Anime-, Manga- und Comic-Convention\",\"potentialAction\":[{\"@type\":\"SearchAction\",\"target\":{\"@type\":\"EntryPoint\",\"urlTemplate\":\"https:\\\/\\\/www.aninite.at\\\/ja\\\/?s={search_term_string}\"},\"query-input\":{\"@type\":\"PropertyValueSpecification\",\"valueRequired\":true,\"valueName\":\"search_term_string\"}}],\"inLanguage\":\"ja\"}]}<\/script>\n<!-- \/ Yoast SEO plugin. -->","yoast_head_json":{"title":"\u30b3\u30b9\u30d7\u30ec - AniNite","description":"AniNite\u3067\u306f2\u3064\u306e\u30b3\u30b9\u30d7\u30ec\u30b3\u30f3\u30c6\u30b9\u30c8\u304c\u3042\u308a\u30011\u3064\u306f\u30d1\u30d5\u30a9\u30fc\u30de\u30f3\u30b9\u3001\u3082\u30461\u3064\u306f\u624b\u4ed5\u4e8b\u3068\u30b3\u30b9\u30c1\u30e5\u30fc\u30e0\u306b\u7126\u70b9\u3092\u5f53\u3066\u308b\uff01","robots":{"index":"index","follow":"follow","max-snippet":"max-snippet:-1","max-image-preview":"max-image-preview:large","max-video-preview":"max-video-preview:-1"},"canonical":"https:\/\/www.aninite.at\/ja\/wettbewerbe\/cosplay-2\/","og_locale":"ja_JP","og_type":"article","og_title":"\u30b3\u30b9\u30d7\u30ec - AniNite","og_description":"AniNite\u3067\u306f2\u3064\u306e\u30b3\u30b9\u30d7\u30ec\u30b3\u30f3\u30c6\u30b9\u30c8\u304c\u3042\u308a\u30011\u3064\u306f\u30d1\u30d5\u30a9\u30fc\u30de\u30f3\u30b9\u3001\u3082\u30461\u3064\u306f\u624b\u4ed5\u4e8b\u3068\u30b3\u30b9\u30c1\u30e5\u30fc\u30e0\u306b\u7126\u70b9\u3092\u5f53\u3066\u308b\uff01","og_url":"https:\/\/www.aninite.at\/ja\/wettbewerbe\/cosplay-2\/","og_site_name":"AniNite","article_publisher":"https:\/\/www.facebook.com\/AniMangaAustria","article_modified_time":"2025-07-11T19:53:03+00:00","og_image":[{"width":512,"height":512,"url":"https:\/\/www.aninite.at\/wp-content\/uploads\/cropped-Icon_2025.jpg","type":"image\/jpeg"}],"twitter_card":"summary_large_image","twitter_title":"AniNite\u30b3\u30b9\u30d7\u30ec\u30b3\u30f3\u30c6\u30b9\u30c8","twitter_description":"\u30b3\u30b9\u30d7\u30ec\u5927\u4f1a\u306f\u3001\u91dd\u306b\u3068\u3063\u3066\u306e\u7cf8\u3001\u30da\u30f3\u30c1\u306b\u3068\u3063\u3066\u306e\u30ea\u30d9\u30c3\u30c8\u3068\u540c\u3058\u3088\u3046\u306b\u3001AniNite\u306e\u4e00\u90e8\u3067\u3042\u308b\u3002\u6bce\u5e74\u3001\u591a\u304f\u306e\u7d20\u6674\u3089\u3057\u3044\u30b3\u30b9\u30d7\u30ec\u30a4\u30e4\u30fc\u305f\u3061\u304c\u3001\u606f\u3092\u306e\u3080\u3088\u3046\u306a\u30b3\u30b9\u30c1\u30e5\u30fc\u30e0\u3068\u30a8\u30ad\u30b5\u30a4\u30c6\u30a3\u30f3\u30b0\u3067\u9762\u767d\u3044\u30d1\u30d5\u30a9\u30fc\u30de\u30f3\u30b9\u3067\u30e1\u30a4\u30f3\u30b9\u30c6\u30fc\u30b8\u3092\u57cb\u3081\u5c3d\u304f\u3059\u3002","twitter_image":"https:\/\/www.aninite.at\/wp-content\/uploads\/Seirer_AniNite2018_X-Cosplay-edited-643x1024.jpg","schema":{"@context":"https:\/\/schema.org","@graph":[{"@type":"WebPage","@id":"https:\/\/www.aninite.at\/ja\/wettbewerbe\/cosplay-2\/","url":"https:\/\/www.aninite.at\/ja\/wettbewerbe\/cosplay-2\/","name":"\u30b3\u30b9\u30d7\u30ec - AniNite","isPartOf":{"@id":"https:\/\/www.aninite.at\/ja\/#website"},"primaryImageOfPage":{"@id":"https:\/\/www.aninite.at\/ja\/wettbewerbe\/cosplay-2\/#primaryimage"},"image":{"@id":"https:\/\/www.aninite.at\/ja\/wettbewerbe\/cosplay-2\/#primaryimage"},"thumbnailUrl":"https:\/\/www.aninite.at\/wp-content\/uploads\/\/TitelTemplate-1.svg","datePublished":"2021-03-13T19:41:26+00:00","dateModified":"2025-07-11T19:53:03+00:00","description":"AniNite\u3067\u306f2\u3064\u306e\u30b3\u30b9\u30d7\u30ec\u30b3\u30f3\u30c6\u30b9\u30c8\u304c\u3042\u308a\u30011\u3064\u306f\u30d1\u30d5\u30a9\u30fc\u30de\u30f3\u30b9\u3001\u3082\u30461\u3064\u306f\u624b\u4ed5\u4e8b\u3068\u30b3\u30b9\u30c1\u30e5\u30fc\u30e0\u306b\u7126\u70b9\u3092\u5f53\u3066\u308b\uff01","breadcrumb":{"@id":"https:\/\/www.aninite.at\/ja\/wettbewerbe\/cosplay-2\/#breadcrumb"},"inLanguage":"ja","potentialAction":[{"@type":"ReadAction","target":["https:\/\/www.aninite.at\/ja\/wettbewerbe\/cosplay-2\/"]}]},{"@type":"ImageObject","inLanguage":"ja","@id":"https:\/\/www.aninite.at\/ja\/wettbewerbe\/cosplay-2\/#primaryimage","url":"https:\/\/www.aninite.at\/wp-content\/uploads\/\/TitelTemplate-1.svg","contentUrl":"https:\/\/www.aninite.at\/wp-content\/uploads\/\/TitelTemplate-1.svg"},{"@type":"BreadcrumbList","@id":"https:\/\/www.aninite.at\/ja\/wettbewerbe\/cosplay-2\/#breadcrumb","itemListElement":[{"@type":"ListItem","position":1,"name":"Startseite","item":"https:\/\/www.aninite.at\/ja\/willkommen\/"},{"@type":"ListItem","position":2,"name":"\u30b3\u30f3\u30da\u30c6\u30a3\u30b7\u30e7\u30f3","item":"https:\/\/www.aninite.at\/ja\/wettbewerbe\/"},{"@type":"ListItem","position":3,"name":"\u30b3\u30b9\u30d7\u30ec"}]},{"@type":"WebSite","@id":"https:\/\/www.aninite.at\/ja\/#website","url":"https:\/\/www.aninite.at\/ja\/","name":"AniNite","description":"\u00d6sterreichs gr\u00f6\u00dfte Anime-, Manga- und Comic-Convention","potentialAction":[{"@type":"SearchAction","target":{"@type":"EntryPoint","urlTemplate":"https:\/\/www.aninite.at\/ja\/?s={search_term_string}"},"query-input":{"@type":"PropertyValueSpecification","valueRequired":true,"valueName":"search_term_string"}}],"inLanguage":"ja"}]}},"acf":[],"_links":{"self":[{"href":"https:\/\/www.aninite.at\/ja\/wp-json\/wp\/v2\/pages\/32612","targetHints":{"allow":["GET"]}}],"collection":[{"href":"https:\/\/www.aninite.at\/ja\/wp-json\/wp\/v2\/pages"}],"about":[{"href":"https:\/\/www.aninite.at\/ja\/wp-json\/wp\/v2\/types\/page"}],"author":[{"embeddable":true,"href":"https:\/\/www.aninite.at\/ja\/wp-json\/wp\/v2\/users\/10"}],"replies":[{"embeddable":true,"href":"https:\/\/www.aninite.at\/ja\/wp-json\/wp\/v2\/comments?post=32612"}],"version-history":[{"count":7,"href":"https:\/\/www.aninite.at\/ja\/wp-json\/wp\/v2\/pages\/32612\/revisions"}],"predecessor-version":[{"id":33562,"href":"https:\/\/www.aninite.at\/ja\/wp-json\/wp\/v2\/pages\/32612\/revisions\/33562"}],"up":[{"embeddable":true,"href":"https:\/\/www.aninite.at\/ja\/wp-json\/wp\/v2\/pages\/32729"}],"wp:attachment":[{"href":"https:\/\/www.aninite.at\/ja\/wp-json\/wp\/v2\/media?parent=32612"}],"curies":[{"name":"wp","href":"https:\/\/api.w.org\/{rel}","templated":true}]}}