{"id":32618,"date":"2021-03-13T20:41:22","date_gmt":"2021-03-13T19:41:22","guid":{"rendered":"https:\/\/www.aninite.at\/figurenfoto\/"},"modified":"2026-05-12T01:16:12","modified_gmt":"2026-05-11T23:16:12","slug":"figurenfoto","status":"publish","type":"page","link":"https:\/\/www.aninite.at\/ja\/wettbewerbe\/figurenfoto\/","title":{"rendered":"\u30d5\u30a3\u30ae\u30e5\u30a2\u5199\u771f\u30b3\u30f3\u30c6\u30b9\u30c8"},"content":{"rendered":"<div class=\"wp-block-image\">\n<figure class=\"aligncenter size-full\"><img loading=\"lazy\" decoding=\"async\" width=\"700\" height=\"72\" src=\"https:\/\/www.aninite.at\/wp-content\/uploads\/\/PageTitelBanner.svg\" alt=\"\" class=\"wp-image-34807\"\/><\/figure>\n<\/div>\n<div style=\"height:50px\" aria-hidden=\"true\" class=\"wp-block-spacer\"><\/div>\n\n<p>\u4eca\u5e74\u3001\u79c1\u305f\u3061\u306f\u5fc3\u3092\u89e3\u304d\u653e\u3064\uff012026\u5e74\u5927\u4f1a\u306e\u30e2\u30c3\u30c8\u30fc\u306f\u8f1d\u304d\u306b\u6e80\u3061\u3066\u3044\u308b\uff1a <\/p>\n\n<p><strong>\u300c\u590f\u3001\u592a\u967d\u3001\u30d3\u30fc\u30c1\u300d\u751f\u304d\u308b\u559c\u3073\u3001\u4f11\u6687\u6c17\u5206\u3001\u7d14\u7c8b\u306a\u30ea\u30e9\u30af\u30bc\u30fc\u30b7\u30e7\u30f3\u3002<\/strong><\/p>\n\n<p>\u590f\u306f\u81ea\u7531\u3067\u3001\u660e\u308b\u3044\u8272\u5f69\u3068\u5c48\u8a17\u306e\u306a\u3044\u77ac\u9593\u306e\u5b63\u7bc0\u3060\u3002\u79c1\u305f\u3061\u306f\u3001\u8db3\u5143\uff08\u307e\u305f\u306f\u524d\u8db3\u3084\u8e44\uff01\uff09\u306e\u6696\u304b\u3044\u7802\u306e\u611f\u89e6\u3001\u6ce2\u306e\u304d\u3089\u3081\u304d\u3001\u7a7a\u306e\u679c\u3066\u3057\u306a\u3044\u9752\u3055\u3092\u6349\u3048\u305f\u5199\u771f\u3092\u63a2\u3057\u3066\u3044\u308b\u3002\u4e16\u754c\u304c\u4e00\u77ac\u9759\u6b62\u3057\u3001\u697d\u3057\u3055\u3060\u3051\u304c\u30ab\u30a6\u30f3\u30c8\u3055\u308c\u308b\u3001\u305d\u306e\u5b8c\u74a7\u306a\u77ac\u9593\u3092\u6349\u3048\u308b\u3053\u3068\u3060\u3002  <\/p>\n\n<p>\u3042\u306a\u305f\u306e\u4f7f\u547d\uff1a\u30df\u30cb\u30c1\u30e5\u30a2\u306e\u30db\u30ea\u30c7\u30fc\u30fb\u30bb\u30f3\u30b9<\/p>\n\n<p>\u79c1\u305f\u3061\u306f\u3001\u3053\u306e\u6674\u308c\u3084\u304b\u306a\u30c6\u30fc\u30de\u3092\u30af\u30ea\u30a8\u30a4\u30c6\u30a3\u30d6\u306b\u8868\u73fe\u3057\u305f\u30b3\u30f3\u30da\u30c6\u30a3\u30b7\u30e7\u30f3\u3092\u52df\u96c6\u3057\u3066\u3044\u308b\uff1a<\/p>\n\n<ul class=\"wp-block-list\">\n<li>\u30b5\u30fc\u30d5\u30a3\u30f3\u3092\u3057\u305f\u308a\u3001\u30c7\u30c3\u30ad\u30c1\u30a7\u30a2\u3067\u304f\u3064\u308d\u3044\u3060\u308a\u3001\u4eca\u5e74\u6700\u5927\u306e\u7802\u306e\u57ce\u3092\u4f5c\u3063\u305f\u308a<strong>\u3002<\/strong><\/li>\n\n\n\n<li><strong>\u5236\u9650\u306e\u306a\u3044\u5275\u9020\u6027\uff1a<\/strong>\u30a4\u30de\u30b8\u30cd\u30fc\u30b7\u30e7\u30f3\u3092\u81a8\u3089\u307e\u305b\u3088\u3046\uff01\u672c\u7269\u306e\u81ea\u7136\u7d20\u6750\u3084\u590f\u3089\u3057\u3044\u5c0f\u9053\u5177\u3092\u4f7f\u3063\u305f\u308a\u3001\u81ea\u5206\u3060\u3051\u306e\u30d3\u30fc\u30c1\u30d0\u30fc\u3092\u4f5c\u3063\u3066\u307f\u3088\u3046\u3002 <\/li>\n\n\n\n<li><strong>\u5192\u967a\u304b\u3089\u9759\u5bc2\u3078\uff1a<\/strong>\u30d3\u30fc\u30c1\u30d0\u30ec\u30fc\u306e\u30a2\u30af\u30b7\u30e7\u30f3\u3068\u3001\u30a2\u30a4\u30b9\u30af\u30ea\u30fc\u30e0\u3092\u7247\u624b\u306b\u3057\u305f\u3055\u3055\u3084\u304b\u3067\u9759\u304b\u306a\u3072\u3068\u3068\u304d\u306e\u4e21\u65b9\u3092\u898b\u305b\u3066\u304f\u308c\u308b\u3002<\/li>\n<\/ul>\n\n<p>\u4f11\u6687\u306e\u5927\u5192\u967a\u3067\u3042\u308c\u3001\u305d\u306e\u5408\u9593\u306e\u3061\u3087\u3063\u3068\u3057\u305f\u30ea\u30d5\u30ec\u30c3\u30b7\u30e5\u3067\u3042\u308c-\u79c1\u305f\u3061\u306f\u3001\u6b21\u306e\u4f11\u6687\u3078\u3068\u79c1\u305f\u3061\u3092\u307e\u3063\u3059\u3050\u306b\u5c0e\u3044\u3066\u304f\u308c\u308b\u3088\u3046\u306a\u3001\u30e6\u30cb\u30fc\u30af\u306a\u30a8\u30f3\u30c8\u30ea\u30fc\u3092\u697d\u3057\u307f\u306b\u3057\u3066\u3044\u308b\u3002<\/p>\n\n<h2 class=\"wp-block-heading has-text-align-center has-vivid-red-color has-text-color has-link-color wp-elements-2903229b50d0268566388e0e7c533d03\">\u767b\u9332<\/h2>\n\n<div class=\"wp-block-buttons is-layout-flex wp-block-buttons-is-layout-flex\">\n<div class=\"wp-block-button is-style-outline is-style-outline--1\"><a class=\"wp-block-button__link has-text-color has-link-color wp-element-button\" href=\"https:\/\/www.project-cauldron.com\/anicomp.php?id=202605111951295331\" style=\"color:#6f118a\" target=\"_blank\" rel=\"noreferrer noopener\"><strong>\u767b\u9332\u306f\u3053\u3061\u3089\u304b\u3089\u3002<\/strong><\/a><\/div>\n<\/div>\n\n<h2 class=\"wp-block-heading has-text-align-center has-vivid-red-color has-text-color\">\u53c2\u52a0\u6761\u4ef6<\/h2>\n\n<ul class=\"wp-block-list\">\n<li>\u8868\u5f70\u5f0f\u306b\u51fa\u5e2d\u3067\u304d\u306a\u3044\u5834\u5408\u306f\u3001\u30a4\u30f3\u30d5\u30a9\u30e1\u30fc\u30b7\u30e7\u30f3\u30b9\u30bf\u30f3\u30c9\u306b\u305d\u306e\u65e8\u3092\u5831\u544a\u3057\u3001\u9023\u7d61\u5148\u3092\u4f1d\u3048\u308b\u3053\u3068\u3002\u307e\u305f\u3001\u4ee3\u7406\u4eba\u306e\u9023\u7d61\u5148\uff08\u30d5\u30eb\u30cd\u30fc\u30e0\uff01\uff09 <\/li>\n\n\n\n<li>\u6599\u91d1\u304c\u6d77\u5916\u306b\u8ee2\u9001\u3055\u308c\u308b\u3053\u3068\u306f<strong>\u306a\u3044 <\/strong>\uff01<\/li>\n\n\n\n<li>\u5199\u771f\u3092\u6295\u7a3f\u3059\u308b\u3053\u3068\u3067\u3001AniNite\u958b\u50ac\u4e2d\u306b\u4f1a\u5834\u306e<strong>\u30ae\u30e3\u30e9\u30ea\u30fc\u30a6\u30a9\u30fc\u30eb\u306b<\/strong>\u5c55\u793a\u3055\u308c\u3001AniNite\u306e\u30bd\u30fc\u30b7\u30e3\u30eb\u30e1\u30c7\u30a3\u30a2\u30c1\u30e3\u30f3\u30cd\u30eb\u3084\u30a6\u30a7\u30d6\u30b5\u30a4\u30c8\u306b\u30a2\u30c3\u30d7\u30ed\u30fc\u30c9\u3055\u308c\u308b\u3053\u3068\u306b\u540c\u610f\u3059\u308b\u3002\u5fdc\u52df\u8005\u306f\u5fdc\u52df\u4f5c\u54c1\u306e\u5168\u3066\u306e\u6a29\u5229\u3092\u4fdd\u6301\u3059\u308b\u3002 <\/li>\n\n\n\n<li>\u53d7\u8cde\u8005\u304c\u767a\u8868\u3055\u308c\u308b\u307e\u3067\u3001\u3042\u306a\u305f\u306e\u5199\u771f\u306f\u672a\u767a\u8868\u306e\u307e\u307e\u3067\u306a\u3051\u308c\u3070\u306a\u3089\u306a\u3044\u3002\u305d\u306e\u5f8c\u3001\u3055\u307e\u3056\u307e\u306a\u30d7\u30e9\u30c3\u30c8\u30d5\u30a9\u30fc\u30e0\u3067\u5171\u6709\u3059\u308b\u3053\u3068\u306f\u81ea\u7531\u3067\u3042\u308b\u3002 <\/li>\n<\/ul>\n\n<h2 class=\"wp-block-heading alignwide has-text-align-center has-vivid-red-color has-text-color\">\u30eb\u30fc\u30eb<\/h2>\n\n<ul class=\"wp-block-list\">\n<li><strong>\u3006\u5207\uff1a2026\u5e747\u670812\u65e5\u5348\u5f8c11\u664259\u5206<\/strong><\/li>\n\n\n\n<li>\u3042\u306a\u305f\u306e\u5199\u771f\u306b\u306f\u3001\u6700\u592710\u8a9e\u306e\u5199\u771f\u30bf\u30a4\u30c8\u30eb\u304c\u5fc5\u8981\u3067\u3042\u308b\u3002<\/li>\n\n\n\n<li>AI\u306b\u3088\u3063\u3066\u751f\u6210\u3055\u308c\u305f\u4f5c\u54c1\u306f\u9664\u5916\u3055\u308c\u308b\u3002<\/li>\n\n\n\n<li>\u53c2\u52a0\u80051\u4eba\u306b\u3064\u304d1\u679a\u306e\u5199\u771f\u3057\u304b\u5fdc\u52df\u3067\u304d\u306a\u3044\u3002<\/li>\n\n\n\n<li>\u30a2\u30cb\u30e1\u3001\u30de\u30f3\u30ac\u3001\u30b2\u30fc\u30e0\u3001\u30b3\u30df\u30c3\u30af\u306e\u30ad\u30e3\u30e9\u30af\u30bf\u30fc\u304c1\u4eba\u4ee5\u4e0a\u5199\u3063\u3066\u3044\u308b\u3053\u3068\u3002\u30b8\u30e3\u30f3\u30eb\u306f\u554f\u308f\u306a\u3044\u3002 <\/li>\n\n\n\n<li>\u753b\u50cf\u306f1024\u00d72048\u30d4\u30af\u30bb\u30eb\u4ee5\u4e0a\u3067\u3001JPG\u3067\u63d0\u51fa\u3059\u308b\u3053\u3068\u3002<\/li>\n\n\n\n<li>\u753b\u50cf\u306b\u306f\u30ed\u30b4\uff0f\u30a6\u30a9\u30fc\u30bf\u30fc\u30de\u30fc\u30af\u304c\u542b\u307e\u308c\u3066\u304a\u3089\u305a\u3001\u3059\u3079\u3066\u306e\u6a29\u5229\u3092\u6709\u3057\u3066\u3044\u308b\u3053\u3068\u3002<\/li>\n\n\n\n<li>\u753b\u50cf\u306f\u81ea\u5206\u81ea\u8eab\u3067\u5236\u4f5c\u3057\u305f\u3082\u306e\u3067\u3001\u3053\u306e\u30b3\u30f3\u30da\u30c6\u30a3\u30b7\u30e7\u30f3\u306e\u305f\u3081\u306b\u7279\u5225\u306b\u5236\u4f5c\u3055\u308c\u305f\u3082\u306e\u3067\u306a\u3051\u308c\u3070\u306a\u3089\u306a\u3044\u3002<\/li>\n\n\n\n<li>\u30b3\u30f3\u30da\u30c6\u30a3\u30b7\u30e7\u30f3\u306b\u63d0\u51fa\u3059\u308b\u753b\u50cf\u306b\u52a0\u3048\u3066\u3001\u672a\u52a0\u5de5\u306e\u30aa\u30ea\u30b8\u30ca\u30eb\uff08\u30ab\u30e1\u30e9\u3067\u4fdd\u5b58\u3057\u305f\u3082\u306e\uff09\u3082\u9001\u3089\u306a\u3051\u308c\u3070\u306a\u3089\u306a\u3044\u3002<\/li>\n\n\n\n<li>\u672a\u6210\u5e74\u8005\u306e\u4fdd\u8b77\u306b\u3064\u3044\u3066\uff1a\u660e\u3089\u304b\u306b\u30dd\u30eb\u30ce\u7684\u3001\u66b4\u529b\u7684\u3001\u985e\u4f3c\u3001\u307e\u305f\u306f\u72af\u7f6a\u306b\u95a2\u9023\u3059\u308b\u30c8\u30d4\u30c3\u30af\u3092\u542b\u3080\u753b\u50cf\u306f\u5931\u683c\u3068\u306a\u308b\u3002\u672a\u6210\u5e74\u8005\u3082AniNite\u3092\u95b2\u89a7\u3057\u3066\u3044\u308b\u3053\u3068\u3092\u304a\u5fd8\u308c\u306a\u304f\u3002 <\/li>\n<\/ul>\n\n<h2 class=\"wp-block-heading has-text-align-center has-vivid-red-color has-text-color\">\u30b3\u30f3\u30da\u30c6\u30a3\u30b7\u30e7\u30f3\u3068\u5fdc\u52df\u65b9\u6cd5<\/h2>\n\n<ul class=\"wp-block-list\">\n<li>\u7de0\u5207\u5f8c\u3001\u3042\u306a\u305f\u306e\u5199\u771f\u306f\u5be9\u67fb\u54e1\u306b\u3088\u3063\u3066\u5be9\u67fb\u3055\u308c\u308b\u3002<\/li>\n\n\n\n<li>\u8a55\u4fa1\u306f\u30dd\u30a4\u30f3\u30c8\u5236\u3067\u884c\u308f\u308c\u3001\u5be9\u67fb\u54e1\u306b\u3088\u3063\u3066\u4ee5\u4e0b\u306e\u8a55\u4fa1\u30dd\u30a4\u30f3\u30c8\u304c\u8a55\u4fa1\u3055\u308c\u308b\uff1a\u5168\u4f53\u7684\u306a\u5370\u8c61\u3001\u30c6\u30fc\u30de\u3078\u306e\u5fe0\u5b9f\u3055\u3001\u767b\u5834\u4eba\u7269\u306e\u6f14\u51fa\u3001\u30a2\u30a4\u30c7\u30a2\uff0f\u5275\u9020\u6027\u3001\u753b\u50cf\u51e6\u7406\uff08\u300c\u30a2\u30ca\u30ed\u30b0\uff0f\u30c7\u30b8\u30bf\u30eb\u300d\u3001\u300c\u30d3\u30d5\u30a9\u30fc\uff0f\u30a2\u30d5\u30bf\u30fc\u300d\uff09\u3002<\/li>\n\n\n\n<li>\u81ea\u4f5c\u30d5\u30a3\u30ae\u30e5\u30a2\uff08\u30ad\u30c3\u30c8\u30d0\u30c3\u30b7\u30f3\u30b0\uff09\u306b\u306f\u8ffd\u52a0\u30dd\u30a4\u30f3\u30c8\u304c\u4e0e\u3048\u3089\u308c\u308b\u3002<\/li>\n<\/ul>\n\n<h2 class=\"wp-block-heading has-text-align-center has-vivid-red-color has-text-color\" id=\"ablauf\">\u304a\u554f\u3044\u5408\u308f\u305b<\/h2>\n\n<p class=\"has-text-align-left\"><br\/><a href=\"https:\/\/www.aninite.at\/ja\/kontakt\/\" target=\"_blank\" rel=\"noreferrer noopener\">\u304a\u554f\u3044\u5408\u308f\u305b\u30d5\u30a9\u30fc\u30e0\u304b\u3089<\/a>\u3001\u4ef6\u540d\u3092\u300c\u30d5\u30a3\u30ae\u30e5\u30a2\u5199\u771f\u300d\u3068\u3057\u3066\u3001\u304a\u6c17\u8efd\u306b<strong>\u3054\u9023\u7d61\u3092<\/strong>\u3002\u559c\u3093\u3067\u304a\u624b\u4f1d\u3044\u3055\u305b\u3066\u3044\u305f\u3060\u304f\uff01 <\/p>\n<div class=\"wp-block-image\">\n<figure class=\"aligncenter size-full\"><img loading=\"lazy\" decoding=\"async\" width=\"728\" height=\"162\" src=\"https:\/\/www.aninite.at\/wp-content\/uploads\/Footer_2026_FL.png\" alt=\"\" class=\"wp-image-34746\" srcset=\"https:\/\/www.aninite.at\/wp-content\/uploads\/Footer_2026_FL.png 728w, https:\/\/www.aninite.at\/wp-content\/uploads\/Footer_2026_FL-300x67.png 300w\" sizes=\"auto, (max-width: 728px) 100vw, 728px\" \/><\/figure>\n<\/div>","protected":false},"excerpt":{"rendered":"<p>\u4eca\u5e74\u3001\u79c1\u305f\u3061\u306f\u5fc3\u3092\u89e3\u304d\u653e\u3064\uff012026\u5e74\u5927\u4f1a\u306e\u30e2\u30c3\u30c8\u30fc\u306f\u8f1d\u304d\u306b\u6e80\u3061\u3066\u3044\u308b\uff1a \u300c\u590f\u3001\u592a\u967d\u3001\u30d3\u30fc\u30c1\u300d\u751f\u304d\u308b\u559c\u3073\u3001\u4f11\u6687\u6c17\u5206\u3001\u7d14\u7c8b\u306a\u30ea\u30e9\u30af\u30bc\u30fc\u30b7\u30e7\u30f3\u3002 \u590f\u306f\u81ea\u7531\u3067\u3001\u660e\u308b\u3044\u8272\u5f69\u3068\u5c48\u8a17\u306e\u306a\u3044\u77ac\u9593\u306e\u5b63\u7bc0\u3060\u3002\u79c1\u305f\u3061\u306f\u3001\u8db3\u5143\uff08\u307e\u305f\u306f\u524d\u8db3\u3084\u8e44\uff01\uff09\u306e\u6696\u304b\u3044\u7802\u306e\u611f\u89e6\u3001\u6ce2\u306e\u304d\u3089\u3081\u304d\u3001\u7a7a\u306e\u679c\u3066\u3057\u306a\u3044\u9752\u3055\u3092\u6349\u3048\u305f\u5199\u771f\u3092\u63a2\u3057\u3066\u3044\u308b\u3002\u4e16\u754c\u304c\u4e00\u77ac\u9759\u6b62\u3057\u3001\u697d\u3057\u3055\u3060\u3051\u304c\u30ab\u30a6\u30f3\u30c8\u3055\u308c\u308b\u3001\u305d\u306e\u5b8c\u74a7\u306a\u77ac\u9593\u3092\u6349\u3048\u308b\u3053\u3068\u3060\u3002 \u3042\u306a\u305f\u306e\u4f7f\u547d\uff1a\u30df\u30cb\u30c1\u30e5\u30a2\u306e\u30db\u30ea\u30c7\u30fc\u30fb\u30bb\u30f3\u30b9 \u79c1\u305f\u3061\u306f\u3001\u3053\u306e\u6674\u308c\u3084\u304b\u306a\u30c6\u30fc\u30de\u3092\u30af\u30ea\u30a8\u30a4\u30c6\u30a3\u30d6\u306b\u8868\u73fe\u3057\u305f\u30b3\u30f3\u30da\u30c6\u30a3\u30b7\u30e7\u30f3\u3092\u52df\u96c6\u3057\u3066\u3044\u308b\uff1a \u4f11\u6687\u306e\u5927\u5192\u967a\u3067\u3042\u308c\u3001\u305d\u306e\u5408\u9593\u306e\u3061\u3087\u3063\u3068\u3057\u305f\u30ea\u30d5\u30ec\u30c3\u30b7\u30e5\u3067\u3042\u308c-\u79c1\u305f\u3061\u306f\u3001\u6b21\u306e\u4f11\u6687\u3078\u3068\u79c1\u305f\u3061\u3092\u307e\u3063\u3059\u3050\u306b\u5c0e\u3044\u3066\u304f\u308c\u308b\u3088\u3046\u306a\u3001\u30e6\u30cb\u30fc\u30af\u306a\u30a8\u30f3\u30c8\u30ea\u30fc\u3092\u697d\u3057\u307f\u306b\u3057\u3066\u3044\u308b\u3002 \u767b\u9332 \u53c2\u52a0\u6761\u4ef6 \u30eb\u30fc\u30eb \u30b3\u30f3\u30da\u30c6\u30a3\u30b7\u30e7\u30f3\u3068\u5fdc\u52df\u65b9\u6cd5 \u304a\u554f\u3044\u5408\u308f\u305b \u304a\u554f\u3044\u5408\u308f\u305b\u30d5\u30a9\u30fc\u30e0\u304b\u3089\u3001\u4ef6\u540d\u3092\u300c\u30d5\u30a3\u30ae\u30e5\u30a2\u5199\u771f\u300d\u3068\u3057\u3066\u3001\u304a\u6c17\u8efd\u306b\u3054\u9023\u7d61\u3092\u3002\u559c\u3093\u3067\u304a\u624b\u4f1d\u3044\u3055\u305b\u3066\u3044\u305f\u3060\u304f\uff01<\/p>\n","protected":false},"author":10,"featured_media":0,"parent":32729,"menu_order":0,"comment_status":"closed","ping_status":"closed","template":"","meta":{"inline_featured_image":false,"footnotes":""},"class_list":["post-32618","page","type-page","status-publish","hentry"],"yoast_head":"<!-- This site is optimized with the Yoast SEO plugin v27.6 - https:\/\/yoast.com\/product\/yoast-seo-wordpress\/ -->\n<title>\u30d5\u30a3\u30ae\u30e5\u30a2\u5199\u771f\u30b3\u30f3\u30c6\u30b9\u30c8 - AniNite<\/title>\n<meta name=\"description\" content=\"\u307e\u305f\u3001\u4eca\u5e74\u306f\u30a2\u30cb\u30ca\u30a4\u30c8\u3067\u30d5\u30a3\u30ae\u30e5\u30a2\u306e\u30d5\u30a9\u30c8\u30b3\u30f3\u30c6\u30b9\u30c8\u3092\u958b\u50ac\u3059\u308b\uff01\u30c6\u30fc\u30de\uff1a\u826f\u304d\u30b5\u30de\u30ea\u30a2\u4eba\" \/>\n<meta name=\"robots\" content=\"index, follow, max-snippet:-1, max-image-preview:large, max-video-preview:-1\" \/>\n<link rel=\"canonical\" href=\"https:\/\/www.aninite.at\/ja\/wettbewerbe\/figurenfoto\/\" \/>\n<meta property=\"og:locale\" content=\"ja_JP\" \/>\n<meta property=\"og:type\" content=\"article\" \/>\n<meta property=\"og:title\" content=\"\u30d5\u30a3\u30ae\u30e5\u30a2\u5199\u771f\u30b3\u30f3\u30c6\u30b9\u30c8 - AniNite\" \/>\n<meta property=\"og:description\" content=\"\u307e\u305f\u3001\u4eca\u5e74\u306f\u30a2\u30cb\u30ca\u30a4\u30c8\u3067\u30d5\u30a3\u30ae\u30e5\u30a2\u306e\u30d5\u30a9\u30c8\u30b3\u30f3\u30c6\u30b9\u30c8\u3092\u958b\u50ac\u3059\u308b\uff01\u30c6\u30fc\u30de\uff1a\u826f\u304d\u30b5\u30de\u30ea\u30a2\u4eba\" \/>\n<meta property=\"og:url\" content=\"https:\/\/www.aninite.at\/ja\/wettbewerbe\/figurenfoto\/\" \/>\n<meta property=\"og:site_name\" content=\"AniNite\" \/>\n<meta property=\"article:publisher\" content=\"https:\/\/www.facebook.com\/AniMangaAustria\" \/>\n<meta property=\"article:modified_time\" content=\"2026-05-11T23:16:12+00:00\" \/>\n<meta property=\"og:image\" content=\"https:\/\/www.aninite.at\/wp-content\/uploads\/cropped-Icon_2025.jpg\" \/>\n\t<meta property=\"og:image:width\" content=\"512\" \/>\n\t<meta property=\"og:image:height\" content=\"512\" \/>\n\t<meta property=\"og:image:type\" content=\"image\/jpeg\" \/>\n<meta name=\"twitter:card\" content=\"summary_large_image\" \/>\n<meta name=\"twitter:title\" content=\"AniNite\u30d5\u30a3\u30ae\u30e5\u30a2\u5199\u771f\u30b3\u30f3\u30c6\u30b9\u30c8\" \/>\n<meta name=\"twitter:description\" content=\"\u307e\u305f\u3001\u4eca\u5e74\u306f\u30a2\u30cb\u30ca\u30a4\u30c8\u3067\u30d5\u30a3\u30ae\u30e5\u30a2\u306e\u30d5\u30a9\u30c8\u30b3\u30f3\u30c6\u30b9\u30c8\u3092\u958b\u50ac\u3059\u308b\uff01\u30c6\u30fc\u30de\uff1a\u826f\u304d\u30b5\u30de\u30ea\u30a2\u4eba\" \/>\n<meta name=\"twitter:image\" content=\"https:\/\/www.aninite.at\/wp-content\/uploads\/15-2048x1365-1-1024x683.png\" \/>\n<script type=\"application\/ld+json\" class=\"yoast-schema-graph\">{\"@context\":\"https:\\\/\\\/schema.org\",\"@graph\":[{\"@type\":\"WebPage\",\"@id\":\"https:\\\/\\\/www.aninite.at\\\/ja\\\/wettbewerbe\\\/figurenfoto\\\/\",\"url\":\"https:\\\/\\\/www.aninite.at\\\/ja\\\/wettbewerbe\\\/figurenfoto\\\/\",\"name\":\"\u30d5\u30a3\u30ae\u30e5\u30a2\u5199\u771f\u30b3\u30f3\u30c6\u30b9\u30c8 - AniNite\",\"isPartOf\":{\"@id\":\"https:\\\/\\\/www.aninite.at\\\/ja\\\/#website\"},\"primaryImageOfPage\":{\"@id\":\"https:\\\/\\\/www.aninite.at\\\/ja\\\/wettbewerbe\\\/figurenfoto\\\/#primaryimage\"},\"image\":{\"@id\":\"https:\\\/\\\/www.aninite.at\\\/ja\\\/wettbewerbe\\\/figurenfoto\\\/#primaryimage\"},\"thumbnailUrl\":\"https:\\\/\\\/www.aninite.at\\\/wp-content\\\/uploads\\\/\\\/PageTitelBanner.svg\",\"datePublished\":\"2021-03-13T19:41:22+00:00\",\"dateModified\":\"2026-05-11T23:16:12+00:00\",\"description\":\"\u307e\u305f\u3001\u4eca\u5e74\u306f\u30a2\u30cb\u30ca\u30a4\u30c8\u3067\u30d5\u30a3\u30ae\u30e5\u30a2\u306e\u30d5\u30a9\u30c8\u30b3\u30f3\u30c6\u30b9\u30c8\u3092\u958b\u50ac\u3059\u308b\uff01\u30c6\u30fc\u30de\uff1a\u826f\u304d\u30b5\u30de\u30ea\u30a2\u4eba\",\"breadcrumb\":{\"@id\":\"https:\\\/\\\/www.aninite.at\\\/ja\\\/wettbewerbe\\\/figurenfoto\\\/#breadcrumb\"},\"inLanguage\":\"ja\",\"potentialAction\":[{\"@type\":\"ReadAction\",\"target\":[\"https:\\\/\\\/www.aninite.at\\\/ja\\\/wettbewerbe\\\/figurenfoto\\\/\"]}]},{\"@type\":\"ImageObject\",\"inLanguage\":\"ja\",\"@id\":\"https:\\\/\\\/www.aninite.at\\\/ja\\\/wettbewerbe\\\/figurenfoto\\\/#primaryimage\",\"url\":\"https:\\\/\\\/www.aninite.at\\\/wp-content\\\/uploads\\\/\\\/PageTitelBanner.svg\",\"contentUrl\":\"https:\\\/\\\/www.aninite.at\\\/wp-content\\\/uploads\\\/\\\/PageTitelBanner.svg\"},{\"@type\":\"BreadcrumbList\",\"@id\":\"https:\\\/\\\/www.aninite.at\\\/ja\\\/wettbewerbe\\\/figurenfoto\\\/#breadcrumb\",\"itemListElement\":[{\"@type\":\"ListItem\",\"position\":1,\"name\":\"Startseite\",\"item\":\"https:\\\/\\\/www.aninite.at\\\/ja\\\/willkommen\\\/\"},{\"@type\":\"ListItem\",\"position\":2,\"name\":\"\u30b3\u30f3\u30da\u30c6\u30a3\u30b7\u30e7\u30f3\",\"item\":\"https:\\\/\\\/www.aninite.at\\\/ja\\\/wettbewerbe\\\/\"},{\"@type\":\"ListItem\",\"position\":3,\"name\":\"\u30d5\u30a3\u30ae\u30e5\u30a2\u5199\u771f\u30b3\u30f3\u30c6\u30b9\u30c8\"}]},{\"@type\":\"WebSite\",\"@id\":\"https:\\\/\\\/www.aninite.at\\\/ja\\\/#website\",\"url\":\"https:\\\/\\\/www.aninite.at\\\/ja\\\/\",\"name\":\"AniNite\",\"description\":\"\u00d6sterreichs gr\u00f6\u00dfte Anime-, Manga- und Comic-Convention\",\"potentialAction\":[{\"@type\":\"SearchAction\",\"target\":{\"@type\":\"EntryPoint\",\"urlTemplate\":\"https:\\\/\\\/www.aninite.at\\\/ja\\\/?s={search_term_string}\"},\"query-input\":{\"@type\":\"PropertyValueSpecification\",\"valueRequired\":true,\"valueName\":\"search_term_string\"}}],\"inLanguage\":\"ja\"}]}<\/script>\n<!-- \/ Yoast SEO plugin. -->","yoast_head_json":{"title":"\u30d5\u30a3\u30ae\u30e5\u30a2\u5199\u771f\u30b3\u30f3\u30c6\u30b9\u30c8 - AniNite","description":"\u307e\u305f\u3001\u4eca\u5e74\u306f\u30a2\u30cb\u30ca\u30a4\u30c8\u3067\u30d5\u30a3\u30ae\u30e5\u30a2\u306e\u30d5\u30a9\u30c8\u30b3\u30f3\u30c6\u30b9\u30c8\u3092\u958b\u50ac\u3059\u308b\uff01\u30c6\u30fc\u30de\uff1a\u826f\u304d\u30b5\u30de\u30ea\u30a2\u4eba","robots":{"index":"index","follow":"follow","max-snippet":"max-snippet:-1","max-image-preview":"max-image-preview:large","max-video-preview":"max-video-preview:-1"},"canonical":"https:\/\/www.aninite.at\/ja\/wettbewerbe\/figurenfoto\/","og_locale":"ja_JP","og_type":"article","og_title":"\u30d5\u30a3\u30ae\u30e5\u30a2\u5199\u771f\u30b3\u30f3\u30c6\u30b9\u30c8 - AniNite","og_description":"\u307e\u305f\u3001\u4eca\u5e74\u306f\u30a2\u30cb\u30ca\u30a4\u30c8\u3067\u30d5\u30a3\u30ae\u30e5\u30a2\u306e\u30d5\u30a9\u30c8\u30b3\u30f3\u30c6\u30b9\u30c8\u3092\u958b\u50ac\u3059\u308b\uff01\u30c6\u30fc\u30de\uff1a\u826f\u304d\u30b5\u30de\u30ea\u30a2\u4eba","og_url":"https:\/\/www.aninite.at\/ja\/wettbewerbe\/figurenfoto\/","og_site_name":"AniNite","article_publisher":"https:\/\/www.facebook.com\/AniMangaAustria","article_modified_time":"2026-05-11T23:16:12+00:00","og_image":[{"width":512,"height":512,"url":"https:\/\/www.aninite.at\/wp-content\/uploads\/cropped-Icon_2025.jpg","type":"image\/jpeg"}],"twitter_card":"summary_large_image","twitter_title":"AniNite\u30d5\u30a3\u30ae\u30e5\u30a2\u5199\u771f\u30b3\u30f3\u30c6\u30b9\u30c8","twitter_description":"\u307e\u305f\u3001\u4eca\u5e74\u306f\u30a2\u30cb\u30ca\u30a4\u30c8\u3067\u30d5\u30a3\u30ae\u30e5\u30a2\u306e\u30d5\u30a9\u30c8\u30b3\u30f3\u30c6\u30b9\u30c8\u3092\u958b\u50ac\u3059\u308b\uff01\u30c6\u30fc\u30de\uff1a\u826f\u304d\u30b5\u30de\u30ea\u30a2\u4eba","twitter_image":"https:\/\/www.aninite.at\/wp-content\/uploads\/15-2048x1365-1-1024x683.png","schema":{"@context":"https:\/\/schema.org","@graph":[{"@type":"WebPage","@id":"https:\/\/www.aninite.at\/ja\/wettbewerbe\/figurenfoto\/","url":"https:\/\/www.aninite.at\/ja\/wettbewerbe\/figurenfoto\/","name":"\u30d5\u30a3\u30ae\u30e5\u30a2\u5199\u771f\u30b3\u30f3\u30c6\u30b9\u30c8 - AniNite","isPartOf":{"@id":"https:\/\/www.aninite.at\/ja\/#website"},"primaryImageOfPage":{"@id":"https:\/\/www.aninite.at\/ja\/wettbewerbe\/figurenfoto\/#primaryimage"},"image":{"@id":"https:\/\/www.aninite.at\/ja\/wettbewerbe\/figurenfoto\/#primaryimage"},"thumbnailUrl":"https:\/\/www.aninite.at\/wp-content\/uploads\/\/PageTitelBanner.svg","datePublished":"2021-03-13T19:41:22+00:00","dateModified":"2026-05-11T23:16:12+00:00","description":"\u307e\u305f\u3001\u4eca\u5e74\u306f\u30a2\u30cb\u30ca\u30a4\u30c8\u3067\u30d5\u30a3\u30ae\u30e5\u30a2\u306e\u30d5\u30a9\u30c8\u30b3\u30f3\u30c6\u30b9\u30c8\u3092\u958b\u50ac\u3059\u308b\uff01\u30c6\u30fc\u30de\uff1a\u826f\u304d\u30b5\u30de\u30ea\u30a2\u4eba","breadcrumb":{"@id":"https:\/\/www.aninite.at\/ja\/wettbewerbe\/figurenfoto\/#breadcrumb"},"inLanguage":"ja","potentialAction":[{"@type":"ReadAction","target":["https:\/\/www.aninite.at\/ja\/wettbewerbe\/figurenfoto\/"]}]},{"@type":"ImageObject","inLanguage":"ja","@id":"https:\/\/www.aninite.at\/ja\/wettbewerbe\/figurenfoto\/#primaryimage","url":"https:\/\/www.aninite.at\/wp-content\/uploads\/\/PageTitelBanner.svg","contentUrl":"https:\/\/www.aninite.at\/wp-content\/uploads\/\/PageTitelBanner.svg"},{"@type":"BreadcrumbList","@id":"https:\/\/www.aninite.at\/ja\/wettbewerbe\/figurenfoto\/#breadcrumb","itemListElement":[{"@type":"ListItem","position":1,"name":"Startseite","item":"https:\/\/www.aninite.at\/ja\/willkommen\/"},{"@type":"ListItem","position":2,"name":"\u30b3\u30f3\u30da\u30c6\u30a3\u30b7\u30e7\u30f3","item":"https:\/\/www.aninite.at\/ja\/wettbewerbe\/"},{"@type":"ListItem","position":3,"name":"\u30d5\u30a3\u30ae\u30e5\u30a2\u5199\u771f\u30b3\u30f3\u30c6\u30b9\u30c8"}]},{"@type":"WebSite","@id":"https:\/\/www.aninite.at\/ja\/#website","url":"https:\/\/www.aninite.at\/ja\/","name":"AniNite","description":"\u00d6sterreichs gr\u00f6\u00dfte Anime-, Manga- und Comic-Convention","potentialAction":[{"@type":"SearchAction","target":{"@type":"EntryPoint","urlTemplate":"https:\/\/www.aninite.at\/ja\/?s={search_term_string}"},"query-input":{"@type":"PropertyValueSpecification","valueRequired":true,"valueName":"search_term_string"}}],"inLanguage":"ja"}]}},"acf":[],"_links":{"self":[{"href":"https:\/\/www.aninite.at\/ja\/wp-json\/wp\/v2\/pages\/32618","targetHints":{"allow":["GET"]}}],"collection":[{"href":"https:\/\/www.aninite.at\/ja\/wp-json\/wp\/v2\/pages"}],"about":[{"href":"https:\/\/www.aninite.at\/ja\/wp-json\/wp\/v2\/types\/page"}],"author":[{"embeddable":true,"href":"https:\/\/www.aninite.at\/ja\/wp-json\/wp\/v2\/users\/10"}],"replies":[{"embeddable":true,"href":"https:\/\/www.aninite.at\/ja\/wp-json\/wp\/v2\/comments?post=32618"}],"version-history":[{"count":8,"href":"https:\/\/www.aninite.at\/ja\/wp-json\/wp\/v2\/pages\/32618\/revisions"}],"predecessor-version":[{"id":35310,"href":"https:\/\/www.aninite.at\/ja\/wp-json\/wp\/v2\/pages\/32618\/revisions\/35310"}],"up":[{"embeddable":true,"href":"https:\/\/www.aninite.at\/ja\/wp-json\/wp\/v2\/pages\/32729"}],"wp:attachment":[{"href":"https:\/\/www.aninite.at\/ja\/wp-json\/wp\/v2\/media?parent=32618"}],"curies":[{"name":"wp","href":"https:\/\/api.w.org\/{rel}","templated":true}]}}