{"id":32624,"date":"2021-03-13T20:41:23","date_gmt":"2021-03-13T19:41:23","guid":{"rendered":"https:\/\/www.aninite.at\/dance-contest-2\/"},"modified":"2025-08-08T06:32:24","modified_gmt":"2025-08-08T04:32:24","slug":"dance-contest-2","status":"publish","type":"page","link":"https:\/\/www.aninite.at\/ja\/wettbewerbe\/dance-contest-2\/","title":{"rendered":"\u30c0\u30f3\u30b9\u30fb\u30b3\u30f3\u30c6\u30b9\u30c8"},"content":{"rendered":"<div class=\"wp-block-image\">\n<figure class=\"aligncenter size-full\"><img decoding=\"async\" src=\"https:\/\/www.aninite.at\/wp-content\/uploads\/\/TitelTemplate-1.svg\" alt=\"\" class=\"wp-image-32076\"\/><\/figure>\n<\/div>\n<div style=\"height:50px\" aria-hidden=\"true\" class=\"wp-block-spacer\"><\/div>\n\n<p><strong>\u3042\u306a\u305f\u306e\u52d5\u304d\u3092\u898b\u305b\u3066\u3001\u30b7\u30e7\u30fc\u306e\u4e00\u54e1\u306b\u306a\u308d\u3046\uff01<\/strong><\/p>\n\n<p>\u97f3\u697d\u306b\u5408\u308f\u305b\u3066\u4f53\u3092\u52d5\u304b\u3059\u306e\u304c\u5927\u597d\u304d\u3067\u3001\u30b9\u30c6\u30fc\u30b8\u3092\u30ed\u30c3\u30af\u3057\u305f\u3044\uff1f\u305d\u308c\u306a\u3089\u3001<strong>AniNite 2025\u306e\u30c0\u30f3\u30b9\u30b3\u30f3\u30c6\u30b9\u30c8\u306f<\/strong>\u307e\u3055\u306b\u3042\u306a\u305f\u306e\u305f\u3081\u306e\u3082\u306e\u3060\uff01<br\/>K-POP\u3001J-POP\u3001\u30a2\u30cb\u30e1\u306e\u30aa\u30fc\u30d7\u30cb\u30f3\u30b0\u3001\u3042\u308b\u3044\u306f\u81ea\u4f5c\u306e\u30b3\u30ec\u30aa\u306a\u3069\u3001\u3042\u306a\u305f\u306e\u30b9\u30ad\u30eb\u3092\u898b\u305b\u3066\u89b3\u5ba2\u3092\u6cb8\u304b\u305b\u3088\u3046\uff01 <\/p>\n\n<p><strong>\u30bd\u30ed\u3067\u3082\u30c7\u30e5\u30aa\u3067\u3082\u30b0\u30eb\u30fc\u30d7\u3067\u3082<\/strong>\u3001\u521d\u5fc3\u8005\u3067\u3082\u30d7\u30ed\u3067\u3082<strong>\u53c2\u52a0\u3067\u304d\u308b<\/strong>\u3002\u30d1\u30d5\u30a9\u30fc\u30de\u30f3\u30b9\u3092\u697d\u3057\u3080\u3053\u3068\u306b\u91cd\u70b9\u3092\u7f6e\u304f\uff01 <\/p>\n\n<p>\u3053\u3053\u3067 <strong><a href=\"https:\/\/forms.office.com\/Pages\/ResponsePage.aspx?id=vS-9NlFDJEOLWHEKOtMaO7loUXtyNmZPibW4NHt18lNUNVdLV0g0SVZPTVROR0NTSlFPR1JJTzAyMy4u\" target=\"_blank\" rel=\"noreferrer noopener\">\u30aa\u30f3\u30e9\u30a4\u30f3 - \u6295\u7968<\/a><\/strong><\/p>\n\n<h2 class=\"wp-block-heading has-text-align-center has-vivid-red-color has-text-color has-link-color wp-elements-2903229b50d0268566388e0e7c533d03\">\u767b\u9332<\/h2>\n\n<p><strong>\u767b\u9332\u306f\u7d42\u4e86\u3057\u305f\u3002<\/strong><\/p>\n\n<h2 class=\"wp-block-heading has-text-align-center has-vivid-red-color has-text-color\" id=\"teilnahmebedingungen\">\u53c2\u52a0\u6761\u4ef6<\/h2>\n\n<ul class=\"wp-block-list\">\n<li>\u6388\u8cde\u5f0f\u306b\u51fa\u5e2d\u3067\u304d\u306a\u3044\u5834\u5408\u306f\u3001\u30a4\u30f3\u30d5\u30a9\u30e1\u30fc\u30b7\u30e7\u30f3\u30fb\u30b9\u30bf\u30f3\u30c9\u306b\u5831\u544a\u3057\u3001\u9023\u7d61\u5148\u3092\u4f1d\u3048\u3066\u307b\u3057\u3044\u3002<\/li>\n\n\n\n<li>\u307e\u305f\u3001\u4ee3\u7406\u4eba\u306e\u9023\u7d61\u5148\uff08\u30d5\u30eb\u30cd\u30fc\u30e0\uff01\uff09<\/li>\n\n\n\n<li>\u6599\u91d1\u306f<strong>\u6c7a\u3057\u3066 <\/strong>\u6d77\u5916\u306b\u306f\u9001\u3089\u308c\u306a\u3044\uff01<\/li>\n\n\n\n<li>\u30a8\u30f3\u30c8\u30ea\u30fc\u30fb\u30d5\u30a9\u30fc\u30e0\u306b\u306f<strong>\u6f0f\u308c\u306a\u304f <\/strong>\u8a18\u5165\u3059\u308b\u3053\u3068\u3002<\/li>\n\n\n\n<li>\u767b\u9332\u3059\u308b\u3053\u3068\u3067\u3001<strong>\u3042\u306a\u305f\u306e\u30d1\u30d5\u30a9\u30fc\u30de\u30f3\u30b9\u3092\u30e9\u30a4\u30d6\u30b9\u30c8\u30ea\u30fc\u30df\u30f3\u30b0\u3057\u3001\u5f8c\u3067\u30d3\u30c7\u30aa\u3092\u4f7f\u7528\u3059\u308b\u3053\u3068\u3092\u8a31\u53ef\u3059\u308b\u3053\u3068\u306b\u306a\u308b\u3002<\/strong><\/li>\n\n\n\n<li><strong>\u30b9\u30ab\u30fc\u30c8\u3084\u30c9\u30ec\u30b9\u306e\u4e0b\u306b\u306f<\/strong>\u3001<strong>\u30b7\u30e7\u30fc\u30c8\u30d1\u30f3\u30c4\u307e\u305f\u306f\u300c\u5b89\u5168\u30ba\u30dc\u30f3\u300d\u3092<\/strong>\u7740\u7528\u3057\u306a\u3051\u308c\u3070\u306a\u3089\u306a\u3044\u3002<\/li>\n<\/ul>\n\n<h2 class=\"wp-block-heading has-text-align-center has-vivid-red-color has-text-color\" id=\"regelwerk\">\u898f\u5247<\/h2>\n\n<ul class=\"wp-block-list\">\n<li><strong>\u767b\u9332\u7de0\u5207\uff1a2025\u5e748\u67081\u65e523\u664259\u5206<\/strong><\/li>\n\n\n\n<li><strong>\u30ea\u30d5\u30c6\u30a3\u30f3\u30b0\u3084\u30b9\u30bf\u30f3\u30c8\u304c<\/strong>\u632f\u308a\u4ed8\u3051\u306b\u542b\u307e\u308c\u308b\u5834\u5408\u306f\u3001<strong>\u7533\u3057\u8fbc\u307f\u6642\u306b\u305d\u306e\u65e8\u3092\u660e\u8a18\u3059\u308b\u3053\u3068\uff01<\/strong><\/li>\n\n\n\n<li>\u66f2\u306f4\u5206<strong>\u4ee5\u5185 <\/strong>\u3067\u306a\u3051\u308c\u3070\u306a\u3089\u306a\u3044\uff01<\/li>\n\n\n\n<li>\u304a\u7533\u3057\u8fbc\u307f\u306e\u524d\u306b <a href=\"https:\/\/www.aninite.at\/wp-content\/uploads\/Buehnenleifaden.pdf\"><strong>\u30b9\u30c6\u30fc\u30b8\u30ac\u30a4\u30c9<\/strong><\/a>\u767b\u9332\u306e\u524d\u306b<\/li>\n<\/ul>\n\n<h2 class=\"wp-block-heading has-text-align-center has-vivid-red-color has-text-color\" id=\"wettbewerbsablauf\">\u7af6\u6280\u624b\u9806<\/h2>\n\n<p>\u516c\u6f14\u306e\u30aa\u30fc\u30c0\u30fc\u306fE\u30e1\u30fc\u30eb\u3067\u9001\u3089\u308c\u308b\u3002\u516c\u6f14\u9806\u306f\u4f1a\u5834\u306b\u3082\u8868\u793a\u3055\u308c\u308b\u3002<br\/>1.<strong>\u53f8\u4f1a<\/strong><br\/>2.<strong>\u30d1\u30d5\u30a9\u30fc\u30de\u30f3\u30b9<\/strong><br\/>3.<strong>\u4e00\u793c\u3057\u3066\u9000\u5834\u3059\u308b\u3002<\/strong> <\/p>\n\n<hr class=\"wp-block-separator has-alpha-channel-opacity\"\/>\n\n<p>\u89b3\u5ba2\u306b\u767a\u8a00\u6a29\u304c\u3042\u308b\uff01- \u3042\u306a\u305f\u306e\u6295\u7968\u3067\u6c7a\u3081\u3088\u3046<br\/>\u89b3\u5ba2\u306f<strong>\u30aa\u30f3\u30e9\u30a4\u30f3\u6295\u7968\u3067<\/strong>\u304a\u6c17\u306b\u5165\u308a\u3092\u9078\u3076\u3002<br\/>\u3042\u306a\u305f\u306e\u60c5\u71b1\u3068\u6700\u9ad8\u306e\u52d5\u304d\u3092\u898b\u305b\u3066\u3001\u5fd8\u308c\u3089\u308c\u306a\u3044\u30b3\u30f3\u30c6\u30b9\u30c8\u306e\u4e00\u54e1\u306b\u306a\u308d\u3046\uff01   <\/p>\n\n<p>\u7686\u3055\u3093\u306e\u53c2\u52a0\u3092\u697d\u3057\u307f\u306b\u3057\u3066\u3044\u308b\uff01  <\/p>\n\n<h2 class=\"wp-block-heading has-text-align-center has-vivid-red-color has-text-color has-link-color wp-elements-a5d67b2331ed28475af6bd9bb7e55278\">\u304a\u554f\u3044\u5408\u308f\u305b<\/h2>\n\n<p>\u3054\u8cea\u554f\u304c\u3042\u308c\u3070\u3001<a href=\"https:\/\/www.aninite.at\/ja\/kontakt\/\" target=\"_blank\" rel=\"noreferrer noopener\">\u304a\u554f\u3044\u5408\u308f\u305b\u30d5\u30a9\u30fc\u30e0\u304b\u3089<\/a>\u3054\u9023\u7d61\u3092\uff01<\/p>\n<div class=\"wp-block-image\">\n<figure class=\"aligncenter size-full\"><img loading=\"lazy\" decoding=\"async\" width=\"728\" height=\"162\" src=\"https:\/\/www.aninite.at\/wp-content\/uploads\/Footer_2025_FL.jpg\" alt=\"\" class=\"wp-image-17696\" srcset=\"https:\/\/www.aninite.at\/wp-content\/uploads\/Footer_2025_FL.jpg 728w, https:\/\/www.aninite.at\/wp-content\/uploads\/Footer_2025_FL-300x67.jpg 300w\" sizes=\"auto, (max-width: 728px) 100vw, 728px\" \/><\/figure>\n<\/div>","protected":false},"excerpt":{"rendered":"<p>\u3042\u306a\u305f\u306e\u52d5\u304d\u3092\u898b\u305b\u3066\u3001\u30b7\u30e7\u30fc\u306e\u4e00\u54e1\u306b\u306a\u308d\u3046\uff01 \u97f3\u697d\u306b\u5408\u308f\u305b\u3066\u4f53\u3092\u52d5\u304b\u3059\u306e\u304c\u5927\u597d\u304d\u3067\u3001\u30b9\u30c6\u30fc\u30b8\u3092\u30ed\u30c3\u30af\u3057\u305f\u3044\uff1f\u305d\u308c\u306a\u3089\u3001AniNite 2025\u306e\u30c0\u30f3\u30b9\u30b3\u30f3\u30c6\u30b9\u30c8\u306f\u307e\u3055\u306b\u3042\u306a\u305f\u306e\u305f\u3081\u306e\u3082\u306e\u3060\uff01K-POP\u3001J-POP\u3001\u30a2\u30cb\u30e1\u306e\u30aa\u30fc\u30d7\u30cb\u30f3\u30b0\u3001\u3042\u308b\u3044\u306f\u81ea\u4f5c\u306e\u30b3\u30ec\u30aa\u306a\u3069\u3001\u3042\u306a\u305f\u306e\u30b9\u30ad\u30eb\u3092\u898b\u305b\u3066\u89b3\u5ba2\u3092\u6cb8\u304b\u305b\u3088\u3046\uff01 \u30bd\u30ed\u3067\u3082\u30c7\u30e5\u30aa\u3067\u3082\u30b0\u30eb\u30fc\u30d7\u3067\u3082\u3001\u521d\u5fc3\u8005\u3067\u3082\u30d7\u30ed\u3067\u3082\u53c2\u52a0\u3067\u304d\u308b\u3002\u30d1\u30d5\u30a9\u30fc\u30de\u30f3\u30b9\u3092\u697d\u3057\u3080\u3053\u3068\u306b\u91cd\u70b9\u3092\u7f6e\u304f\uff01 \u3053\u3053\u3067 \u30aa\u30f3\u30e9\u30a4\u30f3 - \u6295\u7968 \u767b\u9332 \u767b\u9332\u306f\u7d42\u4e86\u3057\u305f\u3002 \u53c2\u52a0\u6761\u4ef6 \u898f\u5247 \u7af6\u6280\u624b\u9806 \u516c\u6f14\u306e\u30aa\u30fc\u30c0\u30fc\u306fE\u30e1\u30fc\u30eb\u3067\u9001\u3089\u308c\u308b\u3002\u516c\u6f14\u9806\u306f\u4f1a\u5834\u306b\u3082\u8868\u793a\u3055\u308c\u308b\u30021.\u53f8\u4f1a2.\u30d1\u30d5\u30a9\u30fc\u30de\u30f3\u30b93.\u4e00\u793c\u3057\u3066\u9000\u5834\u3059\u308b\u3002 \u89b3\u5ba2\u306b\u767a\u8a00\u6a29\u304c\u3042\u308b\uff01- \u3042\u306a\u305f\u306e\u6295\u7968\u3067\u6c7a\u3081\u3088\u3046\u89b3\u5ba2\u306f\u30aa\u30f3\u30e9\u30a4\u30f3\u6295\u7968\u3067\u304a\u6c17\u306b\u5165\u308a\u3092\u9078\u3076\u3002\u3042\u306a\u305f\u306e\u60c5\u71b1\u3068\u6700\u9ad8\u306e\u52d5\u304d\u3092\u898b\u305b\u3066\u3001\u5fd8\u308c\u3089\u308c\u306a\u3044\u30b3\u30f3\u30c6\u30b9\u30c8\u306e\u4e00\u54e1\u306b\u306a\u308d\u3046\uff01 \u7686\u3055\u3093\u306e\u53c2\u52a0\u3092\u697d\u3057\u307f\u306b\u3057\u3066\u3044\u308b\uff01 \u304a\u554f\u3044\u5408\u308f\u305b \u3054\u8cea\u554f\u304c\u3042\u308c\u3070\u3001\u304a\u554f\u3044\u5408\u308f\u305b\u30d5\u30a9\u30fc\u30e0\u304b\u3089\u3054\u9023\u7d61\u3092\uff01<\/p>\n","protected":false},"author":10,"featured_media":0,"parent":32729,"menu_order":0,"comment_status":"closed","ping_status":"closed","template":"","meta":{"inline_featured_image":false,"footnotes":""},"class_list":["post-32624","page","type-page","status-publish","hentry"],"yoast_head":"<!-- This site is optimized with the Yoast SEO plugin v27.5 - https:\/\/yoast.com\/product\/yoast-seo-wordpress\/ -->\n<title>\u30c0\u30f3\u30b9\u30fb\u30b3\u30f3\u30c6\u30b9\u30c8 - AniNite<\/title>\n<meta name=\"description\" content=\"J-POP\u3001K-POP\u3001\u30dc\u30fc\u30ab\u30ed\u30a4\u30c9\u3001\u30ab\u30d0\u30fc\u3001\u81ea\u4f5c\u306e\u632f\u308a\u4ed8\u3051\u3001\u521d\u5fc3\u8005\u3082\u30d7\u30ed\u3082\u95a2\u4fc2\u306a\u3044\u3002\u30c0\u30f3\u30b9\u30fb\u30ab\u30d0\u30fc\u3067\u5927\u5207\u306a\u306e\u306f\u697d\u3057\u3055\u3060\uff01\" \/>\n<meta name=\"robots\" content=\"index, follow, max-snippet:-1, max-image-preview:large, max-video-preview:-1\" \/>\n<link rel=\"canonical\" href=\"https:\/\/www.aninite.at\/ja\/wettbewerbe\/dance-contest-2\/\" \/>\n<meta property=\"og:locale\" content=\"ja_JP\" \/>\n<meta property=\"og:type\" content=\"article\" \/>\n<meta property=\"og:title\" content=\"\u30c0\u30f3\u30b9\u30fb\u30b3\u30f3\u30c6\u30b9\u30c8 - AniNite\" \/>\n<meta property=\"og:description\" content=\"J-POP\u3001K-POP\u3001\u30dc\u30fc\u30ab\u30ed\u30a4\u30c9\u3001\u30ab\u30d0\u30fc\u3001\u81ea\u4f5c\u306e\u632f\u308a\u4ed8\u3051\u3001\u521d\u5fc3\u8005\u3082\u30d7\u30ed\u3082\u95a2\u4fc2\u306a\u3044\u3002\u30c0\u30f3\u30b9\u30fb\u30ab\u30d0\u30fc\u3067\u5927\u5207\u306a\u306e\u306f\u697d\u3057\u3055\u3060\uff01\" \/>\n<meta property=\"og:url\" content=\"https:\/\/www.aninite.at\/ja\/wettbewerbe\/dance-contest-2\/\" \/>\n<meta property=\"og:site_name\" content=\"AniNite\" \/>\n<meta property=\"article:publisher\" content=\"https:\/\/www.facebook.com\/AniMangaAustria\" \/>\n<meta property=\"article:modified_time\" content=\"2025-08-08T04:32:24+00:00\" \/>\n<meta property=\"og:image\" content=\"https:\/\/www.aninite.at\/wp-content\/uploads\/cropped-Icon_2025.jpg\" \/>\n\t<meta property=\"og:image:width\" content=\"512\" \/>\n\t<meta property=\"og:image:height\" content=\"512\" \/>\n\t<meta property=\"og:image:type\" content=\"image\/jpeg\" \/>\n<meta name=\"twitter:card\" content=\"summary_large_image\" \/>\n<meta name=\"twitter:title\" content=\"AniNite\u30c0\u30f3\u30b9\u30fb\u30b3\u30f3\u30c6\u30b9\u30c8\" \/>\n<meta name=\"twitter:description\" content=\"\u30c0\u30f3\u30b9\u30b3\u30f3\u30c6\u30b9\u30c8\u306f2\u3064\u306e\u30ab\u30c6\u30b4\u30ea\u30fc\u3067\u884c\u308f\u308c\u308b\uff1aK-Pop Back To The Roots\u3068\u30aa\u30fc\u30d7\u30f3\u30d7\u30ed\u30b0\u30e9\u30e0\uff08K-Pop\u4ee5\u5916\uff09\u3002\" \/>\n<meta name=\"twitter:image\" content=\"https:\/\/www.aninite.at\/wp-content\/uploads\/9FB4685A-B98A-41BB-A29F-5AAEAAA55BAC-1-1024x683.jpg\" \/>\n<script type=\"application\/ld+json\" class=\"yoast-schema-graph\">{\"@context\":\"https:\\\/\\\/schema.org\",\"@graph\":[{\"@type\":\"WebPage\",\"@id\":\"https:\\\/\\\/www.aninite.at\\\/ja\\\/wettbewerbe\\\/dance-contest-2\\\/\",\"url\":\"https:\\\/\\\/www.aninite.at\\\/ja\\\/wettbewerbe\\\/dance-contest-2\\\/\",\"name\":\"\u30c0\u30f3\u30b9\u30fb\u30b3\u30f3\u30c6\u30b9\u30c8 - AniNite\",\"isPartOf\":{\"@id\":\"https:\\\/\\\/www.aninite.at\\\/ja\\\/#website\"},\"primaryImageOfPage\":{\"@id\":\"https:\\\/\\\/www.aninite.at\\\/ja\\\/wettbewerbe\\\/dance-contest-2\\\/#primaryimage\"},\"image\":{\"@id\":\"https:\\\/\\\/www.aninite.at\\\/ja\\\/wettbewerbe\\\/dance-contest-2\\\/#primaryimage\"},\"thumbnailUrl\":\"https:\\\/\\\/www.aninite.at\\\/wp-content\\\/uploads\\\/\\\/TitelTemplate-1.svg\",\"datePublished\":\"2021-03-13T19:41:23+00:00\",\"dateModified\":\"2025-08-08T04:32:24+00:00\",\"description\":\"J-POP\u3001K-POP\u3001\u30dc\u30fc\u30ab\u30ed\u30a4\u30c9\u3001\u30ab\u30d0\u30fc\u3001\u81ea\u4f5c\u306e\u632f\u308a\u4ed8\u3051\u3001\u521d\u5fc3\u8005\u3082\u30d7\u30ed\u3082\u95a2\u4fc2\u306a\u3044\u3002\u30c0\u30f3\u30b9\u30fb\u30ab\u30d0\u30fc\u3067\u5927\u5207\u306a\u306e\u306f\u697d\u3057\u3055\u3060\uff01\",\"breadcrumb\":{\"@id\":\"https:\\\/\\\/www.aninite.at\\\/ja\\\/wettbewerbe\\\/dance-contest-2\\\/#breadcrumb\"},\"inLanguage\":\"ja\",\"potentialAction\":[{\"@type\":\"ReadAction\",\"target\":[\"https:\\\/\\\/www.aninite.at\\\/ja\\\/wettbewerbe\\\/dance-contest-2\\\/\"]}]},{\"@type\":\"ImageObject\",\"inLanguage\":\"ja\",\"@id\":\"https:\\\/\\\/www.aninite.at\\\/ja\\\/wettbewerbe\\\/dance-contest-2\\\/#primaryimage\",\"url\":\"https:\\\/\\\/www.aninite.at\\\/wp-content\\\/uploads\\\/\\\/TitelTemplate-1.svg\",\"contentUrl\":\"https:\\\/\\\/www.aninite.at\\\/wp-content\\\/uploads\\\/\\\/TitelTemplate-1.svg\"},{\"@type\":\"BreadcrumbList\",\"@id\":\"https:\\\/\\\/www.aninite.at\\\/ja\\\/wettbewerbe\\\/dance-contest-2\\\/#breadcrumb\",\"itemListElement\":[{\"@type\":\"ListItem\",\"position\":1,\"name\":\"Startseite\",\"item\":\"https:\\\/\\\/www.aninite.at\\\/ja\\\/willkommen\\\/\"},{\"@type\":\"ListItem\",\"position\":2,\"name\":\"\u30b3\u30f3\u30da\u30c6\u30a3\u30b7\u30e7\u30f3\",\"item\":\"https:\\\/\\\/www.aninite.at\\\/ja\\\/wettbewerbe\\\/\"},{\"@type\":\"ListItem\",\"position\":3,\"name\":\"\u30c0\u30f3\u30b9\u30fb\u30b3\u30f3\u30c6\u30b9\u30c8\"}]},{\"@type\":\"WebSite\",\"@id\":\"https:\\\/\\\/www.aninite.at\\\/ja\\\/#website\",\"url\":\"https:\\\/\\\/www.aninite.at\\\/ja\\\/\",\"name\":\"AniNite\",\"description\":\"\u00d6sterreichs gr\u00f6\u00dfte Anime-, Manga- und Comic-Convention\",\"potentialAction\":[{\"@type\":\"SearchAction\",\"target\":{\"@type\":\"EntryPoint\",\"urlTemplate\":\"https:\\\/\\\/www.aninite.at\\\/ja\\\/?s={search_term_string}\"},\"query-input\":{\"@type\":\"PropertyValueSpecification\",\"valueRequired\":true,\"valueName\":\"search_term_string\"}}],\"inLanguage\":\"ja\"}]}<\/script>\n<!-- \/ Yoast SEO plugin. -->","yoast_head_json":{"title":"\u30c0\u30f3\u30b9\u30fb\u30b3\u30f3\u30c6\u30b9\u30c8 - AniNite","description":"J-POP\u3001K-POP\u3001\u30dc\u30fc\u30ab\u30ed\u30a4\u30c9\u3001\u30ab\u30d0\u30fc\u3001\u81ea\u4f5c\u306e\u632f\u308a\u4ed8\u3051\u3001\u521d\u5fc3\u8005\u3082\u30d7\u30ed\u3082\u95a2\u4fc2\u306a\u3044\u3002\u30c0\u30f3\u30b9\u30fb\u30ab\u30d0\u30fc\u3067\u5927\u5207\u306a\u306e\u306f\u697d\u3057\u3055\u3060\uff01","robots":{"index":"index","follow":"follow","max-snippet":"max-snippet:-1","max-image-preview":"max-image-preview:large","max-video-preview":"max-video-preview:-1"},"canonical":"https:\/\/www.aninite.at\/ja\/wettbewerbe\/dance-contest-2\/","og_locale":"ja_JP","og_type":"article","og_title":"\u30c0\u30f3\u30b9\u30fb\u30b3\u30f3\u30c6\u30b9\u30c8 - AniNite","og_description":"J-POP\u3001K-POP\u3001\u30dc\u30fc\u30ab\u30ed\u30a4\u30c9\u3001\u30ab\u30d0\u30fc\u3001\u81ea\u4f5c\u306e\u632f\u308a\u4ed8\u3051\u3001\u521d\u5fc3\u8005\u3082\u30d7\u30ed\u3082\u95a2\u4fc2\u306a\u3044\u3002\u30c0\u30f3\u30b9\u30fb\u30ab\u30d0\u30fc\u3067\u5927\u5207\u306a\u306e\u306f\u697d\u3057\u3055\u3060\uff01","og_url":"https:\/\/www.aninite.at\/ja\/wettbewerbe\/dance-contest-2\/","og_site_name":"AniNite","article_publisher":"https:\/\/www.facebook.com\/AniMangaAustria","article_modified_time":"2025-08-08T04:32:24+00:00","og_image":[{"width":512,"height":512,"url":"https:\/\/www.aninite.at\/wp-content\/uploads\/cropped-Icon_2025.jpg","type":"image\/jpeg"}],"twitter_card":"summary_large_image","twitter_title":"AniNite\u30c0\u30f3\u30b9\u30fb\u30b3\u30f3\u30c6\u30b9\u30c8","twitter_description":"\u30c0\u30f3\u30b9\u30b3\u30f3\u30c6\u30b9\u30c8\u306f2\u3064\u306e\u30ab\u30c6\u30b4\u30ea\u30fc\u3067\u884c\u308f\u308c\u308b\uff1aK-Pop Back To The Roots\u3068\u30aa\u30fc\u30d7\u30f3\u30d7\u30ed\u30b0\u30e9\u30e0\uff08K-Pop\u4ee5\u5916\uff09\u3002","twitter_image":"https:\/\/www.aninite.at\/wp-content\/uploads\/9FB4685A-B98A-41BB-A29F-5AAEAAA55BAC-1-1024x683.jpg","schema":{"@context":"https:\/\/schema.org","@graph":[{"@type":"WebPage","@id":"https:\/\/www.aninite.at\/ja\/wettbewerbe\/dance-contest-2\/","url":"https:\/\/www.aninite.at\/ja\/wettbewerbe\/dance-contest-2\/","name":"\u30c0\u30f3\u30b9\u30fb\u30b3\u30f3\u30c6\u30b9\u30c8 - AniNite","isPartOf":{"@id":"https:\/\/www.aninite.at\/ja\/#website"},"primaryImageOfPage":{"@id":"https:\/\/www.aninite.at\/ja\/wettbewerbe\/dance-contest-2\/#primaryimage"},"image":{"@id":"https:\/\/www.aninite.at\/ja\/wettbewerbe\/dance-contest-2\/#primaryimage"},"thumbnailUrl":"https:\/\/www.aninite.at\/wp-content\/uploads\/\/TitelTemplate-1.svg","datePublished":"2021-03-13T19:41:23+00:00","dateModified":"2025-08-08T04:32:24+00:00","description":"J-POP\u3001K-POP\u3001\u30dc\u30fc\u30ab\u30ed\u30a4\u30c9\u3001\u30ab\u30d0\u30fc\u3001\u81ea\u4f5c\u306e\u632f\u308a\u4ed8\u3051\u3001\u521d\u5fc3\u8005\u3082\u30d7\u30ed\u3082\u95a2\u4fc2\u306a\u3044\u3002\u30c0\u30f3\u30b9\u30fb\u30ab\u30d0\u30fc\u3067\u5927\u5207\u306a\u306e\u306f\u697d\u3057\u3055\u3060\uff01","breadcrumb":{"@id":"https:\/\/www.aninite.at\/ja\/wettbewerbe\/dance-contest-2\/#breadcrumb"},"inLanguage":"ja","potentialAction":[{"@type":"ReadAction","target":["https:\/\/www.aninite.at\/ja\/wettbewerbe\/dance-contest-2\/"]}]},{"@type":"ImageObject","inLanguage":"ja","@id":"https:\/\/www.aninite.at\/ja\/wettbewerbe\/dance-contest-2\/#primaryimage","url":"https:\/\/www.aninite.at\/wp-content\/uploads\/\/TitelTemplate-1.svg","contentUrl":"https:\/\/www.aninite.at\/wp-content\/uploads\/\/TitelTemplate-1.svg"},{"@type":"BreadcrumbList","@id":"https:\/\/www.aninite.at\/ja\/wettbewerbe\/dance-contest-2\/#breadcrumb","itemListElement":[{"@type":"ListItem","position":1,"name":"Startseite","item":"https:\/\/www.aninite.at\/ja\/willkommen\/"},{"@type":"ListItem","position":2,"name":"\u30b3\u30f3\u30da\u30c6\u30a3\u30b7\u30e7\u30f3","item":"https:\/\/www.aninite.at\/ja\/wettbewerbe\/"},{"@type":"ListItem","position":3,"name":"\u30c0\u30f3\u30b9\u30fb\u30b3\u30f3\u30c6\u30b9\u30c8"}]},{"@type":"WebSite","@id":"https:\/\/www.aninite.at\/ja\/#website","url":"https:\/\/www.aninite.at\/ja\/","name":"AniNite","description":"\u00d6sterreichs gr\u00f6\u00dfte Anime-, Manga- und Comic-Convention","potentialAction":[{"@type":"SearchAction","target":{"@type":"EntryPoint","urlTemplate":"https:\/\/www.aninite.at\/ja\/?s={search_term_string}"},"query-input":{"@type":"PropertyValueSpecification","valueRequired":true,"valueName":"search_term_string"}}],"inLanguage":"ja"}]}},"acf":[],"_links":{"self":[{"href":"https:\/\/www.aninite.at\/ja\/wp-json\/wp\/v2\/pages\/32624","targetHints":{"allow":["GET"]}}],"collection":[{"href":"https:\/\/www.aninite.at\/ja\/wp-json\/wp\/v2\/pages"}],"about":[{"href":"https:\/\/www.aninite.at\/ja\/wp-json\/wp\/v2\/types\/page"}],"author":[{"embeddable":true,"href":"https:\/\/www.aninite.at\/ja\/wp-json\/wp\/v2\/users\/10"}],"replies":[{"embeddable":true,"href":"https:\/\/www.aninite.at\/ja\/wp-json\/wp\/v2\/comments?post=32624"}],"version-history":[{"count":5,"href":"https:\/\/www.aninite.at\/ja\/wp-json\/wp\/v2\/pages\/32624\/revisions"}],"predecessor-version":[{"id":34598,"href":"https:\/\/www.aninite.at\/ja\/wp-json\/wp\/v2\/pages\/32624\/revisions\/34598"}],"up":[{"embeddable":true,"href":"https:\/\/www.aninite.at\/ja\/wp-json\/wp\/v2\/pages\/32729"}],"wp:attachment":[{"href":"https:\/\/www.aninite.at\/ja\/wp-json\/wp\/v2\/media?parent=32624"}],"curies":[{"name":"wp","href":"https:\/\/api.w.org\/{rel}","templated":true}]}}