{"id":32634,"date":"2021-07-01T00:41:02","date_gmt":"2021-06-30T22:41:02","guid":{"rendered":"https:\/\/www.aninite.at\/cosplayfoto\/"},"modified":"2025-08-08T14:26:47","modified_gmt":"2025-08-08T12:26:47","slug":"cosplayfoto","status":"publish","type":"page","link":"https:\/\/www.aninite.at\/ja\/wettbewerbe\/cosplayfoto\/","title":{"rendered":"\u30b3\u30b9\u30d7\u30ec\u30d5\u30a9\u30c8\u30b3\u30f3\u30c6\u30b9\u30c8"},"content":{"rendered":"<div class=\"wp-block-image\">\n<figure class=\"aligncenter size-full\"><img decoding=\"async\" src=\"https:\/\/www.aninite.at\/wp-content\/uploads\/\/TitelTemplate-1.svg\" alt=\"\" class=\"wp-image-32076\"\/><\/figure>\n<\/div>\n<div style=\"height:50px\" aria-hidden=\"true\" class=\"wp-block-spacer\"><\/div>\n\n<p class=\"has-text-align-left\">AniNite 2025\u3067\u306f\u3001\u30ab\u30e1\u30e9\u3092\u51fa\u3057\u3066\u30b3\u30b9\u30d7\u30ec\u3092\u3057\u3088\u3046\u3002<\/p>\n\n<p class=\"has-text-align-left\">\u71c3\u3048\u76db\u308b\u706b\u3001\u7a4f\u3084\u304b\u306a\u6c34\u3001\u8352\u308c\u72c2\u3046\u7a7a\u6c17\u3001\u529b\u5f37\u3044\u5927\u5730&#8230;&#8230;\u30a8\u30ec\u30e1\u30f3\u30c8\u306e\u30d1\u30ef\u30fc\u3092\u30b3\u30b9\u30d7\u30ec\u3067\u8868\u73fe\u3057\u3066\u307f\u3088\u3046\uff01\u30a8\u30ec\u30e1\u30f3\u30c8\u306e\u76f8\u4e92\u4f5c\u7528\u3092\u6f14\u51fa\u3057\u305f\u308a\u3001\u305d\u306e\u53cd\u5bfe\u3092\u63cf\u3044\u305f\u308a\u3001\u81ea\u5206\u306a\u308a\u306e\u89e3\u91c8\u3092\u3057\u3066\u307f\u305f\u308a\u3002\u58ee\u5927\u306a\u30a8\u30d5\u30a7\u30af\u30c8\u3001\u60f3\u50cf\u529b\u8c4a\u304b\u306a\u30b3\u30b9\u30c1\u30e5\u30fc\u30e0\u3001\u8868\u73fe\u529b\u8c4a\u304b\u306a\u30dd\u30fc\u30ba\u306a\u3069\u3001\u30c6\u30fc\u30de\u300c\u30a8\u30ec\u30e1\u30f3\u30c8\u300d\u304c\u6ce8\u76ee\u306e\u7684\u3067\u3042\u308c\u3070\u4f55\u3067\u3082OK\u3060\u3002  <\/p>\n\n<p class=\"has-text-align-left\">\u3042\u306a\u305f\u306e\u30e6\u30cb\u30fc\u30af\u306a\u5199\u771f\u3092\u898b\u308b\u3053\u3068\u3001\u305d\u3057\u3066\u30b3\u30b9\u30d7\u30ec\u3092\u901a\u3057\u3066\u30a8\u30ec\u30e1\u30f3\u30c4\u306e\u591a\u69d8\u6027\u3068\u9b54\u6cd5\u3092\u4f53\u9a13\u3059\u308b\u3053\u3068\u3092\u697d\u3057\u307f\u306b\u3057\u3066\u3044\u308b\uff01<\/p>\n\n<p><strong><a href=\"https:\/\/forms.office.com\/Pages\/ResponsePage.aspx?id=vS-9NlFDJEOLWHEKOtMaO1iAyPlM2sJPunAUY6emMgtUM0ZEMDM4WjZIRFRKSDNNUUlHUE80WkhJTyQlQCN0PWcu\" target=\"_blank\" rel=\"noreferrer noopener\">\u767b\u9332\u306f\u3053\u3061\u3089\u304b\u3089\u3002<\/a><\/strong><\/p>\n\n<h2 class=\"wp-block-heading has-text-align-center has-vivid-red-color has-text-color\" id=\"teilnahmebedingungen\">\u53c2\u52a0\u6761\u4ef6<\/h2>\n\n<ul class=\"wp-block-list\">\n<li>\u6388\u8cde\u5f0f\u306b\u51fa\u5e2d\u3067\u304d\u306a\u3044\u5834\u5408\u306f\u3001\u30a4\u30f3\u30d5\u30a9\u30e1\u30fc\u30b7\u30e7\u30f3\u30c7\u30b9\u30af\u306b\u9023\u7d61\u5148\u3092\u4f1d\u3048\u3066\u307b\u3057\u3044\u3002<\/li>\n\n\n\n<li>\u307e\u305f\u3001\u4ee3\u7406\u4eba\u306e\u9023\u7d61\u5148\uff08\u30d5\u30eb\u30cd\u30fc\u30e0\u3002\uff09<\/li>\n\n\n\n<li>\u6599\u91d1\u306f<strong>\u6c7a\u3057\u3066 <\/strong>\u6d77\u5916\u306b\u306f\u9001\u3089\u308c\u306a\u3044\uff01<\/li>\n\n\n\n<li>\u63d0\u51fa\u7269\u306f<strong>\u30af\u30e9\u30a6\u30c9\u30d7\u30e9\u30c3\u30c8\u30d5\u30a9\u30fc\u30e0<\/strong>\uff08Google Drive\u3001Dropbox\u306a\u3069\uff09\u3092\u4ecb\u3057\u3066\u30a2\u30c3\u30d7\u30ed\u30fc\u30c9\u3059\u308b\u3053\u3068\u3002\u305d\u306e<strong>\u30ea\u30f3\u30af\u304c\u5168\u54e1\u306b\u5171\u6709\u3055\u308c\u3066<\/strong>\u3044\u308b\u3053\u3068\u3092\u78ba\u8a8d\u3059\u308b\u3053\u3068\u3002 <\/li>\n\n\n\n<li>\u30a8\u30f3\u30c8\u30ea\u30fc\u30b7\u30fc\u30c8\u306f<strong>\u5b8c\u5168\u306b<\/strong>\u8a18\u5165\u3055\u308c\u3066\u3044\u306a\u3051\u308c\u3070\u306a\u3089\u306a\u3044\u3002\u8a18\u5165\u6f0f\u308c\u304c\u3042\u308b\u5834\u5408\u3001\u7af6\u6280\u304b\u3089\u9664\u5916\u3055\u308c\u308b\u3002   <\/li>\n\n\n\n<li>\u5199\u771f\u3092\u6295\u7a3f\u3059\u308b\u3053\u3068\u3067\u3001AniNite\u958b\u50ac\u671f\u9593\u4e2d\u306b\u4f1a\u5834\u306e<strong>\u30ae\u30e3\u30e9\u30ea\u30fc\u30a6\u30a9\u30fc\u30eb\u306b<\/strong>\u5c55\u793a\u3055\u308c\u3001\u30bd\u30fc\u30b7\u30e3\u30eb\u30e1\u30c7\u30a3\u30a2\u30c1\u30e3\u30f3\u30cd\u30eb\u3084AniNite\u30a6\u30a7\u30d6\u30b5\u30a4\u30c8\u3067\u516c\u958b\u3055\u308c\u308b\u3053\u3068\u306b\u540c\u610f\u3059\u308b\u3002\u5fdc\u52df\u8005\u306f\u5fdc\u52df\u4f5c\u54c1\u306e\u5168\u3066\u306e\u6a29\u5229\u3092\u4fdd\u6301\u3059\u308b\u3002 <\/li>\n\n\n\n<li>\u53d7\u8cde\u8005\u304c\u767a\u8868\u3055\u308c\u308b\u307e\u3067\u3001\u3042\u306a\u305f\u306e\u5199\u771f\u306f\u672a\u767a\u8868\u306e\u307e\u307e\u3067\u306a\u3051\u308c\u3070\u306a\u3089\u306a\u3044\u3002\u305d\u306e\u5f8c\u3001\u3055\u307e\u3056\u307e\u306a\u30d7\u30e9\u30c3\u30c8\u30d5\u30a9\u30fc\u30e0\u3067\u5171\u6709\u3059\u308b\u3053\u3068\u306f\u81ea\u7531\u3067\u3042\u308b\u3002 <\/li>\n<\/ul>\n\n<h2 class=\"wp-block-heading has-text-align-center has-vivid-red-color has-text-color\">\u30ab\u30c6\u30b4\u30ea\u30fc<\/h2>\n\n<div class=\"wp-block-columns alignwide is-layout-flex wp-container-core-columns-is-layout-9d6595d7 wp-block-columns-is-layout-flex\">\n<div class=\"wp-block-column is-layout-flow wp-block-column-is-layout-flow\">\n<p class=\"has-text-align-center has-background\" style=\"background-color:#cf2d2db5\"><strong>Out of Cam<\/strong><br\/>\u30ab\u30e1\u30e9\u304b\u3089\u76f4\u63a5\u3001\u307e\u305f\u306f\u6700\u5c0f\u9650\u306e\u88dc\u6b63\u306e\u307f\u8a31\u3055\u308c\u308b\u3002<\/p>\n<\/div>\n\n\n\n<div class=\"wp-block-column is-layout-flow wp-block-column-is-layout-flow\">\n<p class=\"has-text-align-center has-background\" style=\"background-color:#cf2d2db5\"><strong>Edit Lovers<\/strong><br\/>\u7de8\u96c6\u3057\u653e\u984c\uff01  <br\/><\/p>\n<\/div>\n<\/div>\n\n<h2 class=\"wp-block-heading has-text-align-center has-vivid-red-color has-text-color\" id=\"regelwerk\">\u898f\u5247<\/h2>\n\n<p>\u30eb\u30fc\u30eb\u3092\u3088\u304f\u8aad\u3093\u3067\u307b\u3057\u3044\uff01  <strong><a href=\"https:\/\/www.aninite.at\/wp-content\/uploads\/CosplayFoto_Regeln.pdf\" target=\"_blank\" rel=\"noreferrer noopener\">\u30c0\u30a6\u30f3\u30ed\u30fc\u30c9\u306f\u3053\u3061\u3089\u304b\u3089\u3002<\/a><\/strong><\/p>\n\n<h2 class=\"wp-block-heading has-text-align-center has-vivid-red-color has-text-color has-link-color wp-elements-5bd54c32d89e7e89cae86e9997af7576\">\u30b3\u30f3\u30da\u30c6\u30a3\u30b7\u30e7\u30f3\u3068\u8a55\u4fa1\u624b\u7d9a\u304d  <\/h2>\n\n<p><strong>\u3006\u5207\uff1a<\/strong>\u5927\u4f1a\u3078\u306e\u767b\u9332\u306f2025\u5e748\u67081\u65e523:59\u306b\u7de0\u3081\u5207\u3089\u308c\u308b\u3002  <\/p>\n\n<p>\u7de0\u5207\u5f8c\u3001\u5be9\u67fb\u54e1\u306b\u3088\u308b\u5be9\u67fb\u304c\u884c\u308f\u308c\u308b\u3002\u5be9\u67fb\u306f<strong>\u30dd\u30a4\u30f3\u30c8\u5236 <\/strong>\uff081\u8a55\u4fa1\u70b9\u306b\u3064\u304d\u6700\u592710\u70b9\uff09\u3067\u884c\u308f\u308c\u3001\u5be9\u67fb\u54e1\u306b\u3088\u3063\u3066\u4ee5\u4e0b\u306e\u8a55\u4fa1\u70b9\u304c\u8a55\u4fa1\u3055\u308c\u308b\uff1a <\/p>\n\n<p><strong>\u64ae\u5f71\u30c6\u30af\u30cb\u30c3\u30af\uff1a <\/strong>\u69cb\u56f3\u3001\u30e9\u30a4\u30c6\u30a3\u30f3\u30b0\u3001\u30d5\u30a9\u30fc\u30ab\u30b9\uff0f\u88ab\u5199\u754c\u6df1\u5ea6\uff085\u70b9\u6e80\u70b9\uff09<\/p>\n\n<p><strong>\u5168\u4f53\u7684\u306a\u5370\u8c61\uff1a<\/strong>\u30c6\u30fc\u30de\u3078\u306e\u5fe0\u5b9f\u3055\u3001\u30d5\u30a3\u30ae\u30e5\u30a2\u306e\u30dd\u30fc\u30b8\u30f3\u30b0\u3001\u30a2\u30a4\u30c7\u30a2\uff0f\u5275\u9020\u6027\uff08\u300cEdit Lovers\u300d\u90e8\u9580\u3067\u306f\u3001\u753b\u50cf\u7de8\u96c6\uff08&#8221;before\/after&#8221;\uff09\u308220\u70b9\u6e80\u70b9\u3067\u8a55\u4fa1\u3055\u308c\u308b\uff09<\/p>\n\n<p>\u3059\u3079\u3066\u306e\u5199\u771f\u306fAniNite\u306e\u671f\u9593\u4e2d\u3001<strong>\u30ae\u30e3\u30e9\u30ea\u30fc\u30fb\u30a6\u30a9\u30fc\u30eb\u306b<\/strong>\u5c55\u793a\u3055\u308c\u308b\u3002\u53d7\u8cde\u8005\u306fAniNite\u306e\u6388\u8cde\u5f0f\u3067\u767a\u8868\u3055\u308c\u308b\u3002 <\/p>\n\n<h2 class=\"wp-block-heading has-text-align-center has-vivid-red-color has-text-color\" id=\"kontakt\">\u304a\u554f\u3044\u5408\u308f\u305b<\/h2>\n\n<p class=\"has-text-align-left\"><br\/><a href=\"https:\/\/www.aninite.at\/ja\/kontakt\/\" target=\"_blank\" rel=\"noreferrer noopener\">\u304a\u554f\u3044\u5408\u308f\u305b\u30d5\u30a9\u30fc\u30e0\u3088\u308a<\/a>\u3001\u4ef6\u540d\u300c\u30b3\u30b9\u30d7\u30ec\u5199\u771f\u300d\u3068\u3054\u8a18\u5165\u306e\u4e0a\u3001\u3054\u9060\u616e\u306a\u304f\u3002\u3067\u304d\u308b\u3060\u3051\u65e9\u304f\u304a\u7b54\u3048\u3059\u308b\u3088\u3046\u52aa\u529b\u3059\u308b\u3002 <\/p>\n<div class=\"wp-block-image\">\n<figure class=\"aligncenter size-full\"><img loading=\"lazy\" decoding=\"async\" width=\"728\" height=\"162\" src=\"https:\/\/www.aninite.at\/wp-content\/uploads\/Footer_2025_FL.jpg\" alt=\"\" class=\"wp-image-17696\" srcset=\"https:\/\/www.aninite.at\/wp-content\/uploads\/Footer_2025_FL.jpg 728w, https:\/\/www.aninite.at\/wp-content\/uploads\/Footer_2025_FL-300x67.jpg 300w\" sizes=\"auto, (max-width: 728px) 100vw, 728px\" \/><\/figure>\n<\/div>","protected":false},"excerpt":{"rendered":"<p>AniNite 2025\u3067\u306f\u3001\u30ab\u30e1\u30e9\u3092\u51fa\u3057\u3066\u30b3\u30b9\u30d7\u30ec\u3092\u3057\u3088\u3046\u3002 \u71c3\u3048\u76db\u308b\u706b\u3001\u7a4f\u3084\u304b\u306a\u6c34\u3001\u8352\u308c\u72c2\u3046\u7a7a\u6c17\u3001\u529b\u5f37\u3044\u5927\u5730&#8230;&#8230;\u30a8\u30ec\u30e1\u30f3\u30c8\u306e\u30d1\u30ef\u30fc\u3092\u30b3\u30b9\u30d7\u30ec\u3067\u8868\u73fe\u3057\u3066\u307f\u3088\u3046\uff01\u30a8\u30ec\u30e1\u30f3\u30c8\u306e\u76f8\u4e92\u4f5c\u7528\u3092\u6f14\u51fa\u3057\u305f\u308a\u3001\u305d\u306e\u53cd\u5bfe\u3092\u63cf\u3044\u305f\u308a\u3001\u81ea\u5206\u306a\u308a\u306e\u89e3\u91c8\u3092\u3057\u3066\u307f\u305f\u308a\u3002\u58ee\u5927\u306a\u30a8\u30d5\u30a7\u30af\u30c8\u3001\u60f3\u50cf\u529b\u8c4a\u304b\u306a\u30b3\u30b9\u30c1\u30e5\u30fc\u30e0\u3001\u8868\u73fe\u529b\u8c4a\u304b\u306a\u30dd\u30fc\u30ba\u306a\u3069\u3001\u30c6\u30fc\u30de\u300c\u30a8\u30ec\u30e1\u30f3\u30c8\u300d\u304c\u6ce8\u76ee\u306e\u7684\u3067\u3042\u308c\u3070\u4f55\u3067\u3082OK\u3060\u3002 \u3042\u306a\u305f\u306e\u30e6\u30cb\u30fc\u30af\u306a\u5199\u771f\u3092\u898b\u308b\u3053\u3068\u3001\u305d\u3057\u3066\u30b3\u30b9\u30d7\u30ec\u3092\u901a\u3057\u3066\u30a8\u30ec\u30e1\u30f3\u30c4\u306e\u591a\u69d8\u6027\u3068\u9b54\u6cd5\u3092\u4f53\u9a13\u3059\u308b\u3053\u3068\u3092\u697d\u3057\u307f\u306b\u3057\u3066\u3044\u308b\uff01 \u767b\u9332\u306f\u3053\u3061\u3089\u304b\u3089\u3002 \u53c2\u52a0\u6761\u4ef6 \u30ab\u30c6\u30b4\u30ea\u30fc Out of Cam\u30ab\u30e1\u30e9\u304b\u3089\u76f4\u63a5\u3001\u307e\u305f\u306f\u6700\u5c0f\u9650\u306e\u88dc\u6b63\u306e\u307f\u8a31\u3055\u308c\u308b\u3002 Edit Lovers\u7de8\u96c6\u3057\u653e\u984c\uff01 \u898f\u5247 \u30eb\u30fc\u30eb\u3092\u3088\u304f\u8aad\u3093\u3067\u307b\u3057\u3044\uff01 \u30c0\u30a6\u30f3\u30ed\u30fc\u30c9\u306f\u3053\u3061\u3089\u304b\u3089\u3002 \u30b3\u30f3\u30da\u30c6\u30a3\u30b7\u30e7\u30f3\u3068\u8a55\u4fa1\u624b\u7d9a\u304d \u3006\u5207\uff1a\u5927\u4f1a\u3078\u306e\u767b\u9332\u306f2025\u5e748\u67081\u65e523:59\u306b\u7de0\u3081\u5207\u3089\u308c\u308b\u3002 \u7de0\u5207\u5f8c\u3001\u5be9\u67fb\u54e1\u306b\u3088\u308b\u5be9\u67fb\u304c\u884c\u308f\u308c\u308b\u3002\u5be9\u67fb\u306f\u30dd\u30a4\u30f3\u30c8\u5236 \uff081\u8a55\u4fa1\u70b9\u306b\u3064\u304d\u6700\u592710\u70b9\uff09\u3067\u884c\u308f\u308c\u3001\u5be9\u67fb\u54e1\u306b\u3088\u3063\u3066\u4ee5\u4e0b\u306e\u8a55\u4fa1\u70b9\u304c\u8a55\u4fa1\u3055\u308c\u308b\uff1a \u64ae\u5f71\u30c6\u30af\u30cb\u30c3\u30af\uff1a \u69cb\u56f3\u3001\u30e9\u30a4\u30c6\u30a3\u30f3\u30b0\u3001\u30d5\u30a9\u30fc\u30ab\u30b9\uff0f\u88ab\u5199\u754c\u6df1\u5ea6\uff085\u70b9\u6e80\u70b9\uff09 \u5168\u4f53\u7684\u306a\u5370\u8c61\uff1a\u30c6\u30fc\u30de\u3078\u306e\u5fe0\u5b9f\u3055\u3001\u30d5\u30a3\u30ae\u30e5\u30a2\u306e\u30dd\u30fc\u30b8\u30f3\u30b0\u3001\u30a2\u30a4\u30c7\u30a2\uff0f\u5275\u9020\u6027\uff08\u300cEdit Lovers\u300d\u90e8\u9580\u3067\u306f\u3001\u753b\u50cf\u7de8\u96c6\uff08&#8221;before\/after&#8221;\uff09\u308220\u70b9\u6e80\u70b9\u3067\u8a55\u4fa1\u3055\u308c\u308b\uff09 \u3059\u3079\u3066\u306e\u5199\u771f\u306fAniNite\u306e\u671f\u9593\u4e2d\u3001\u30ae\u30e3\u30e9\u30ea\u30fc\u30fb\u30a6\u30a9\u30fc\u30eb\u306b\u5c55\u793a\u3055\u308c\u308b\u3002\u53d7\u8cde\u8005\u306fAniNite\u306e\u6388\u8cde\u5f0f\u3067\u767a\u8868\u3055\u308c\u308b\u3002 \u304a\u554f\u3044\u5408\u308f\u305b \u304a\u554f\u3044\u5408\u308f\u305b\u30d5\u30a9\u30fc\u30e0\u3088\u308a\u3001\u4ef6\u540d\u300c\u30b3\u30b9\u30d7\u30ec\u5199\u771f\u300d\u3068\u3054\u8a18\u5165\u306e\u4e0a\u3001\u3054\u9060\u616e\u306a\u304f\u3002\u3067\u304d\u308b\u3060\u3051\u65e9\u304f\u304a\u7b54\u3048\u3059\u308b\u3088\u3046\u52aa\u529b\u3059\u308b\u3002<\/p>\n","protected":false},"author":10,"featured_media":0,"parent":32729,"menu_order":0,"comment_status":"closed","ping_status":"closed","template":"","meta":{"inline_featured_image":false,"footnotes":""},"class_list":["post-32634","page","type-page","status-publish","hentry"],"yoast_head":"<!-- This site is optimized with the Yoast SEO plugin v27.4 - https:\/\/yoast.com\/product\/yoast-seo-wordpress\/ -->\n<title>\u30b3\u30b9\u30d7\u30ec\u30d5\u30a9\u30c8\u30b3\u30f3\u30c6\u30b9\u30c8 - AniNite<\/title>\n<meta name=\"description\" content=\"\u307e\u305f\u3001\u4eca\u5e74\u306fAniNite\u3067\u30b3\u30b9\u30d7\u30ec\u30d5\u30a9\u30c8\u30b3\u30f3\u30c6\u30b9\u30c8\u3092\u958b\u50ac\u3059\u308b\uff01\u30c6\u30fc\u30de\uff1a\u30a8\u30ec\u30e1\u30f3\u30c8\u71c3\u3048\u76db\u308b\u708e\u3001\u7a4f\u3084\u304b\u306a\u6c34\u3001\u8352\u308c\u72c2\u3046\u7a7a\u6c17\u3001\u529b\u5f37\u3044\u5927\u5730......\u3042\u306a\u305f\u306e\u30b3\u30b9\u30d7\u30ec\u3067\u3001\u30a8\u30ec\u30e1\u30f3\u30c4\u306e\u30d1\u30ef\u30fc\u306b\u751f\u547d\u3092\u5439\u304d\u8fbc\u3093\u3067\u898b\u305b\u3066\u3002\" \/>\n<meta name=\"robots\" content=\"index, follow, max-snippet:-1, max-image-preview:large, max-video-preview:-1\" \/>\n<link rel=\"canonical\" href=\"https:\/\/www.aninite.at\/ja\/wettbewerbe\/cosplayfoto\/\" \/>\n<meta property=\"og:locale\" content=\"ja_JP\" \/>\n<meta property=\"og:type\" content=\"article\" \/>\n<meta property=\"og:title\" content=\"\u30b3\u30b9\u30d7\u30ec\u30d5\u30a9\u30c8\u30b3\u30f3\u30c6\u30b9\u30c8 - AniNite\" \/>\n<meta property=\"og:description\" content=\"\u307e\u305f\u3001\u4eca\u5e74\u306fAniNite\u3067\u30b3\u30b9\u30d7\u30ec\u30d5\u30a9\u30c8\u30b3\u30f3\u30c6\u30b9\u30c8\u3092\u958b\u50ac\u3059\u308b\uff01\u30c6\u30fc\u30de\uff1a\u30a8\u30ec\u30e1\u30f3\u30c8\u71c3\u3048\u76db\u308b\u708e\u3001\u7a4f\u3084\u304b\u306a\u6c34\u3001\u8352\u308c\u72c2\u3046\u7a7a\u6c17\u3001\u529b\u5f37\u3044\u5927\u5730......\u3042\u306a\u305f\u306e\u30b3\u30b9\u30d7\u30ec\u3067\u3001\u30a8\u30ec\u30e1\u30f3\u30c4\u306e\u30d1\u30ef\u30fc\u306b\u751f\u547d\u3092\u5439\u304d\u8fbc\u3093\u3067\u898b\u305b\u3066\u3002\" \/>\n<meta property=\"og:url\" content=\"https:\/\/www.aninite.at\/ja\/wettbewerbe\/cosplayfoto\/\" \/>\n<meta property=\"og:site_name\" content=\"AniNite\" \/>\n<meta property=\"article:publisher\" content=\"https:\/\/www.facebook.com\/AniMangaAustria\" \/>\n<meta property=\"article:modified_time\" content=\"2025-08-08T12:26:47+00:00\" \/>\n<meta property=\"og:image\" content=\"https:\/\/www.aninite.at\/wp-content\/uploads\/cropped-Icon_2025.jpg\" \/>\n\t<meta property=\"og:image:width\" content=\"512\" \/>\n\t<meta property=\"og:image:height\" content=\"512\" \/>\n\t<meta property=\"og:image:type\" content=\"image\/jpeg\" \/>\n<meta name=\"twitter:card\" content=\"summary_large_image\" \/>\n<meta name=\"twitter:title\" content=\"AniNite\u30b3\u30b9\u30d7\u30ec\u5199\u771f\u30b3\u30f3\u30c6\u30b9\u30c8\" \/>\n<meta name=\"twitter:description\" content=\"\u307e\u305f\u3001\u4eca\u5e74\u306fAniNite\u3067\u30b3\u30b9\u30d7\u30ec\u30d5\u30a9\u30c8\u30b3\u30f3\u30c6\u30b9\u30c8\u3092\u958b\u50ac\u3059\u308b\uff01\u30c6\u30fc\u30de\uff1a\u30a8\u30ec\u30e1\u30f3\u30c8\u71c3\u3048\u76db\u308b\u708e\u3001\u7a4f\u3084\u304b\u306a\u6c34\u3001\u8352\u308c\u72c2\u3046\u7a7a\u6c17\u3001\u529b\u5f37\u3044\u5927\u5730......\u3042\u306a\u305f\u306e\u30b3\u30b9\u30d7\u30ec\u3067\u3001\u30a8\u30ec\u30e1\u30f3\u30c4\u306e\u30d1\u30ef\u30fc\u306b\u751f\u547d\u3092\u5439\u304d\u8fbc\u3093\u3067\u898b\u305b\u3066\u3002\" \/>\n<meta name=\"twitter:image\" content=\"https:\/\/www.aninite.at\/wp-content\/uploads\/4-1-scaled-1-1024x675.jpeg\" \/>\n<script type=\"application\/ld+json\" class=\"yoast-schema-graph\">{\"@context\":\"https:\\\/\\\/schema.org\",\"@graph\":[{\"@type\":\"WebPage\",\"@id\":\"https:\\\/\\\/www.aninite.at\\\/ja\\\/wettbewerbe\\\/cosplayfoto\\\/\",\"url\":\"https:\\\/\\\/www.aninite.at\\\/ja\\\/wettbewerbe\\\/cosplayfoto\\\/\",\"name\":\"\u30b3\u30b9\u30d7\u30ec\u30d5\u30a9\u30c8\u30b3\u30f3\u30c6\u30b9\u30c8 - AniNite\",\"isPartOf\":{\"@id\":\"https:\\\/\\\/www.aninite.at\\\/ja\\\/#website\"},\"primaryImageOfPage\":{\"@id\":\"https:\\\/\\\/www.aninite.at\\\/ja\\\/wettbewerbe\\\/cosplayfoto\\\/#primaryimage\"},\"image\":{\"@id\":\"https:\\\/\\\/www.aninite.at\\\/ja\\\/wettbewerbe\\\/cosplayfoto\\\/#primaryimage\"},\"thumbnailUrl\":\"https:\\\/\\\/www.aninite.at\\\/wp-content\\\/uploads\\\/\\\/TitelTemplate-1.svg\",\"datePublished\":\"2021-06-30T22:41:02+00:00\",\"dateModified\":\"2025-08-08T12:26:47+00:00\",\"description\":\"\u307e\u305f\u3001\u4eca\u5e74\u306fAniNite\u3067\u30b3\u30b9\u30d7\u30ec\u30d5\u30a9\u30c8\u30b3\u30f3\u30c6\u30b9\u30c8\u3092\u958b\u50ac\u3059\u308b\uff01\u30c6\u30fc\u30de\uff1a\u30a8\u30ec\u30e1\u30f3\u30c8\u71c3\u3048\u76db\u308b\u708e\u3001\u7a4f\u3084\u304b\u306a\u6c34\u3001\u8352\u308c\u72c2\u3046\u7a7a\u6c17\u3001\u529b\u5f37\u3044\u5927\u5730......\u3042\u306a\u305f\u306e\u30b3\u30b9\u30d7\u30ec\u3067\u3001\u30a8\u30ec\u30e1\u30f3\u30c4\u306e\u30d1\u30ef\u30fc\u306b\u751f\u547d\u3092\u5439\u304d\u8fbc\u3093\u3067\u898b\u305b\u3066\u3002\",\"breadcrumb\":{\"@id\":\"https:\\\/\\\/www.aninite.at\\\/ja\\\/wettbewerbe\\\/cosplayfoto\\\/#breadcrumb\"},\"inLanguage\":\"ja\",\"potentialAction\":[{\"@type\":\"ReadAction\",\"target\":[\"https:\\\/\\\/www.aninite.at\\\/ja\\\/wettbewerbe\\\/cosplayfoto\\\/\"]}]},{\"@type\":\"ImageObject\",\"inLanguage\":\"ja\",\"@id\":\"https:\\\/\\\/www.aninite.at\\\/ja\\\/wettbewerbe\\\/cosplayfoto\\\/#primaryimage\",\"url\":\"https:\\\/\\\/www.aninite.at\\\/wp-content\\\/uploads\\\/\\\/TitelTemplate-1.svg\",\"contentUrl\":\"https:\\\/\\\/www.aninite.at\\\/wp-content\\\/uploads\\\/\\\/TitelTemplate-1.svg\"},{\"@type\":\"BreadcrumbList\",\"@id\":\"https:\\\/\\\/www.aninite.at\\\/ja\\\/wettbewerbe\\\/cosplayfoto\\\/#breadcrumb\",\"itemListElement\":[{\"@type\":\"ListItem\",\"position\":1,\"name\":\"Startseite\",\"item\":\"https:\\\/\\\/www.aninite.at\\\/ja\\\/willkommen\\\/\"},{\"@type\":\"ListItem\",\"position\":2,\"name\":\"\u30b3\u30f3\u30da\u30c6\u30a3\u30b7\u30e7\u30f3\",\"item\":\"https:\\\/\\\/www.aninite.at\\\/ja\\\/wettbewerbe\\\/\"},{\"@type\":\"ListItem\",\"position\":3,\"name\":\"\u30b3\u30b9\u30d7\u30ec\u30d5\u30a9\u30c8\u30b3\u30f3\u30c6\u30b9\u30c8\"}]},{\"@type\":\"WebSite\",\"@id\":\"https:\\\/\\\/www.aninite.at\\\/ja\\\/#website\",\"url\":\"https:\\\/\\\/www.aninite.at\\\/ja\\\/\",\"name\":\"AniNite\",\"description\":\"\u00d6sterreichs gr\u00f6\u00dfte Anime-, Manga- und Comic-Convention\",\"potentialAction\":[{\"@type\":\"SearchAction\",\"target\":{\"@type\":\"EntryPoint\",\"urlTemplate\":\"https:\\\/\\\/www.aninite.at\\\/ja\\\/?s={search_term_string}\"},\"query-input\":{\"@type\":\"PropertyValueSpecification\",\"valueRequired\":true,\"valueName\":\"search_term_string\"}}],\"inLanguage\":\"ja\"}]}<\/script>\n<!-- \/ Yoast SEO plugin. -->","yoast_head_json":{"title":"\u30b3\u30b9\u30d7\u30ec\u30d5\u30a9\u30c8\u30b3\u30f3\u30c6\u30b9\u30c8 - AniNite","description":"\u307e\u305f\u3001\u4eca\u5e74\u306fAniNite\u3067\u30b3\u30b9\u30d7\u30ec\u30d5\u30a9\u30c8\u30b3\u30f3\u30c6\u30b9\u30c8\u3092\u958b\u50ac\u3059\u308b\uff01\u30c6\u30fc\u30de\uff1a\u30a8\u30ec\u30e1\u30f3\u30c8\u71c3\u3048\u76db\u308b\u708e\u3001\u7a4f\u3084\u304b\u306a\u6c34\u3001\u8352\u308c\u72c2\u3046\u7a7a\u6c17\u3001\u529b\u5f37\u3044\u5927\u5730......\u3042\u306a\u305f\u306e\u30b3\u30b9\u30d7\u30ec\u3067\u3001\u30a8\u30ec\u30e1\u30f3\u30c4\u306e\u30d1\u30ef\u30fc\u306b\u751f\u547d\u3092\u5439\u304d\u8fbc\u3093\u3067\u898b\u305b\u3066\u3002","robots":{"index":"index","follow":"follow","max-snippet":"max-snippet:-1","max-image-preview":"max-image-preview:large","max-video-preview":"max-video-preview:-1"},"canonical":"https:\/\/www.aninite.at\/ja\/wettbewerbe\/cosplayfoto\/","og_locale":"ja_JP","og_type":"article","og_title":"\u30b3\u30b9\u30d7\u30ec\u30d5\u30a9\u30c8\u30b3\u30f3\u30c6\u30b9\u30c8 - AniNite","og_description":"\u307e\u305f\u3001\u4eca\u5e74\u306fAniNite\u3067\u30b3\u30b9\u30d7\u30ec\u30d5\u30a9\u30c8\u30b3\u30f3\u30c6\u30b9\u30c8\u3092\u958b\u50ac\u3059\u308b\uff01\u30c6\u30fc\u30de\uff1a\u30a8\u30ec\u30e1\u30f3\u30c8\u71c3\u3048\u76db\u308b\u708e\u3001\u7a4f\u3084\u304b\u306a\u6c34\u3001\u8352\u308c\u72c2\u3046\u7a7a\u6c17\u3001\u529b\u5f37\u3044\u5927\u5730......\u3042\u306a\u305f\u306e\u30b3\u30b9\u30d7\u30ec\u3067\u3001\u30a8\u30ec\u30e1\u30f3\u30c4\u306e\u30d1\u30ef\u30fc\u306b\u751f\u547d\u3092\u5439\u304d\u8fbc\u3093\u3067\u898b\u305b\u3066\u3002","og_url":"https:\/\/www.aninite.at\/ja\/wettbewerbe\/cosplayfoto\/","og_site_name":"AniNite","article_publisher":"https:\/\/www.facebook.com\/AniMangaAustria","article_modified_time":"2025-08-08T12:26:47+00:00","og_image":[{"width":512,"height":512,"url":"https:\/\/www.aninite.at\/wp-content\/uploads\/cropped-Icon_2025.jpg","type":"image\/jpeg"}],"twitter_card":"summary_large_image","twitter_title":"AniNite\u30b3\u30b9\u30d7\u30ec\u5199\u771f\u30b3\u30f3\u30c6\u30b9\u30c8","twitter_description":"\u307e\u305f\u3001\u4eca\u5e74\u306fAniNite\u3067\u30b3\u30b9\u30d7\u30ec\u30d5\u30a9\u30c8\u30b3\u30f3\u30c6\u30b9\u30c8\u3092\u958b\u50ac\u3059\u308b\uff01\u30c6\u30fc\u30de\uff1a\u30a8\u30ec\u30e1\u30f3\u30c8\u71c3\u3048\u76db\u308b\u708e\u3001\u7a4f\u3084\u304b\u306a\u6c34\u3001\u8352\u308c\u72c2\u3046\u7a7a\u6c17\u3001\u529b\u5f37\u3044\u5927\u5730......\u3042\u306a\u305f\u306e\u30b3\u30b9\u30d7\u30ec\u3067\u3001\u30a8\u30ec\u30e1\u30f3\u30c4\u306e\u30d1\u30ef\u30fc\u306b\u751f\u547d\u3092\u5439\u304d\u8fbc\u3093\u3067\u898b\u305b\u3066\u3002","twitter_image":"https:\/\/www.aninite.at\/wp-content\/uploads\/4-1-scaled-1-1024x675.jpeg","schema":{"@context":"https:\/\/schema.org","@graph":[{"@type":"WebPage","@id":"https:\/\/www.aninite.at\/ja\/wettbewerbe\/cosplayfoto\/","url":"https:\/\/www.aninite.at\/ja\/wettbewerbe\/cosplayfoto\/","name":"\u30b3\u30b9\u30d7\u30ec\u30d5\u30a9\u30c8\u30b3\u30f3\u30c6\u30b9\u30c8 - AniNite","isPartOf":{"@id":"https:\/\/www.aninite.at\/ja\/#website"},"primaryImageOfPage":{"@id":"https:\/\/www.aninite.at\/ja\/wettbewerbe\/cosplayfoto\/#primaryimage"},"image":{"@id":"https:\/\/www.aninite.at\/ja\/wettbewerbe\/cosplayfoto\/#primaryimage"},"thumbnailUrl":"https:\/\/www.aninite.at\/wp-content\/uploads\/\/TitelTemplate-1.svg","datePublished":"2021-06-30T22:41:02+00:00","dateModified":"2025-08-08T12:26:47+00:00","description":"\u307e\u305f\u3001\u4eca\u5e74\u306fAniNite\u3067\u30b3\u30b9\u30d7\u30ec\u30d5\u30a9\u30c8\u30b3\u30f3\u30c6\u30b9\u30c8\u3092\u958b\u50ac\u3059\u308b\uff01\u30c6\u30fc\u30de\uff1a\u30a8\u30ec\u30e1\u30f3\u30c8\u71c3\u3048\u76db\u308b\u708e\u3001\u7a4f\u3084\u304b\u306a\u6c34\u3001\u8352\u308c\u72c2\u3046\u7a7a\u6c17\u3001\u529b\u5f37\u3044\u5927\u5730......\u3042\u306a\u305f\u306e\u30b3\u30b9\u30d7\u30ec\u3067\u3001\u30a8\u30ec\u30e1\u30f3\u30c4\u306e\u30d1\u30ef\u30fc\u306b\u751f\u547d\u3092\u5439\u304d\u8fbc\u3093\u3067\u898b\u305b\u3066\u3002","breadcrumb":{"@id":"https:\/\/www.aninite.at\/ja\/wettbewerbe\/cosplayfoto\/#breadcrumb"},"inLanguage":"ja","potentialAction":[{"@type":"ReadAction","target":["https:\/\/www.aninite.at\/ja\/wettbewerbe\/cosplayfoto\/"]}]},{"@type":"ImageObject","inLanguage":"ja","@id":"https:\/\/www.aninite.at\/ja\/wettbewerbe\/cosplayfoto\/#primaryimage","url":"https:\/\/www.aninite.at\/wp-content\/uploads\/\/TitelTemplate-1.svg","contentUrl":"https:\/\/www.aninite.at\/wp-content\/uploads\/\/TitelTemplate-1.svg"},{"@type":"BreadcrumbList","@id":"https:\/\/www.aninite.at\/ja\/wettbewerbe\/cosplayfoto\/#breadcrumb","itemListElement":[{"@type":"ListItem","position":1,"name":"Startseite","item":"https:\/\/www.aninite.at\/ja\/willkommen\/"},{"@type":"ListItem","position":2,"name":"\u30b3\u30f3\u30da\u30c6\u30a3\u30b7\u30e7\u30f3","item":"https:\/\/www.aninite.at\/ja\/wettbewerbe\/"},{"@type":"ListItem","position":3,"name":"\u30b3\u30b9\u30d7\u30ec\u30d5\u30a9\u30c8\u30b3\u30f3\u30c6\u30b9\u30c8"}]},{"@type":"WebSite","@id":"https:\/\/www.aninite.at\/ja\/#website","url":"https:\/\/www.aninite.at\/ja\/","name":"AniNite","description":"\u00d6sterreichs gr\u00f6\u00dfte Anime-, Manga- und Comic-Convention","potentialAction":[{"@type":"SearchAction","target":{"@type":"EntryPoint","urlTemplate":"https:\/\/www.aninite.at\/ja\/?s={search_term_string}"},"query-input":{"@type":"PropertyValueSpecification","valueRequired":true,"valueName":"search_term_string"}}],"inLanguage":"ja"}]}},"acf":[],"_links":{"self":[{"href":"https:\/\/www.aninite.at\/ja\/wp-json\/wp\/v2\/pages\/32634","targetHints":{"allow":["GET"]}}],"collection":[{"href":"https:\/\/www.aninite.at\/ja\/wp-json\/wp\/v2\/pages"}],"about":[{"href":"https:\/\/www.aninite.at\/ja\/wp-json\/wp\/v2\/types\/page"}],"author":[{"embeddable":true,"href":"https:\/\/www.aninite.at\/ja\/wp-json\/wp\/v2\/users\/10"}],"replies":[{"embeddable":true,"href":"https:\/\/www.aninite.at\/ja\/wp-json\/wp\/v2\/comments?post=32634"}],"version-history":[{"count":7,"href":"https:\/\/www.aninite.at\/ja\/wp-json\/wp\/v2\/pages\/32634\/revisions"}],"predecessor-version":[{"id":34657,"href":"https:\/\/www.aninite.at\/ja\/wp-json\/wp\/v2\/pages\/32634\/revisions\/34657"}],"up":[{"embeddable":true,"href":"https:\/\/www.aninite.at\/ja\/wp-json\/wp\/v2\/pages\/32729"}],"wp:attachment":[{"href":"https:\/\/www.aninite.at\/ja\/wp-json\/wp\/v2\/media?parent=32634"}],"curies":[{"name":"wp","href":"https:\/\/api.w.org\/{rel}","templated":true}]}}