{"id":32657,"date":"2021-03-13T20:41:30","date_gmt":"2021-03-13T19:41:30","guid":{"rendered":"https:\/\/www.aninite.at\/aussteller\/haendler\/"},"modified":"2026-04-15T21:03:39","modified_gmt":"2026-04-15T19:03:39","slug":"haendler","status":"publish","type":"page","link":"https:\/\/www.aninite.at\/ja\/aussteller\/haendler\/","title":{"rendered":"\u5c0f\u58f2\u696d\u8005"},"content":{"rendered":"<div class=\"wp-block-image\">\n<figure class=\"aligncenter size-full\"><img loading=\"lazy\" decoding=\"async\" width=\"700\" height=\"72\" src=\"https:\/\/www.aninite.at\/wp-content\/uploads\/\/PageTitelBanner.svg\" alt=\"\" class=\"wp-image-34807\"\/><\/figure>\n<\/div>\n<div style=\"height:50px\" aria-hidden=\"true\" class=\"wp-block-spacer\"><\/div>\n\n<p>\u30a2\u30cb\u30e1\u306eDVD\u3084\u30de\u30f3\u30ac\u306e\u5168\u5dfb\u3001\u30b3\u30ec\u30af\u30b7\u30e7\u30f3\u3057\u305f\u3044\u65b0\u4f5c\u30d5\u30a3\u30ae\u30e5\u30a2\u3001\u5168\u30b7\u30ea\u30fc\u30ba\u306e\u30b3\u30b9\u30d7\u30ec\u30a2\u30af\u30bb\u30b5\u30ea\u30fc\u3001\u30b2\u30fc\u30e0\u3001\u30ab\u30fc\u30c9\u30d1\u30c3\u30af\u3001\u65e5\u672c\u306e\u304a\u83d3\u5b50&#8230;&#8230;\u306a\u3069\u306a\u3069\u3002<\/p>\n\n<p>\u305d\u3046\u3001AniNite\u306e\u30c7\u30a3\u30fc\u30e9\u30fc\u30fb\u30eb\u30fc\u30e0\u3067\u3053\u308c\u3089\u3059\u3079\u3066\u3092\u898b\u3064\u3051\u308b\u3053\u3068\u304c\u3067\u304d\u308b\u3002<\/p>\n\n<p>AniNite\u304b\u3089\u4f55\u304b\u7279\u5225\u306a\u3082\u306e\u3092\u6301\u3061\u5e30\u308a\u305f\u3044\u4eba\u306f\u3001\u30c7\u30a3\u30fc\u30e9\u30fc\u30ba\u30eb\u30fc\u30e0\u3092\u8a2a\u308c\u308b\u3053\u3068\u304c\u5fc5\u9808\u3060\uff01<\/p>\n\n<p class=\"has-text-align-center\"><strong>2025\u5e74\u306e\u30c7\u30a3\u30fc\u30e9\u30fc\u30a8\u30ea\u30a2\u306b\u306f\u3001\u4ee5\u4e0b\u306e\u51fa\u5c55\u8005\u3092\u8fce\u3048\u305f\uff1a<\/strong><\/p>\n\n<p class=\"has-text-align-center\">\u30a2\u30f3\u30b3\u30e2<\/p>\n\n<p class=\"has-text-align-center\">\u30d0\u30fc\u30d0\u30e9\u30fb\u30ac\u30a4\u30a2\u30fc<\/p>\n\n<p class=\"has-text-align-center\">\u30dc\u30fc\u30b9\u30ca\u30fc<\/p>\n\n<p class=\"has-text-align-center\">\u30ab\u30eb\u30e1\u30f3\u30fb\u30de\u30eb\u30c6\u30a3\u30cd\u30b9<\/p>\n\n<p class=\"has-text-align-center\">\u30b3\u30df\u30c3\u30af\u30ae\u30e3\u30e9\u30ea\u30fc<\/p>\n\n<p class=\"has-text-align-center\">\u304b\u308f\u3044\u3044\u30d1\u30e9\u30c0\u30a4\u30b9<\/p>\n\n<p class=\"has-text-align-center\">\u9ebb\u96c0<\/p>\n\n<p class=\"has-text-align-center\">\u30b2\u30fc\u30e0\u30dc\u30c3\u30af\u30b9<\/p>\n\n<p class=\"has-text-align-center\">HaYuKo<\/p>\n\n<p class=\"has-text-align-center\">\u3053\u3053\u30cd\u30d0\u30fc\u30e9\u30f3\u30c9\u3067<\/p>\n\n<p class=\"has-text-align-center\">icd \u30a4\u30f3\u30b9\u30c6\u30a3\u30f3\u30af\u30c8\u30fb\u30af\u30ed\u30fc\u30b8\u30f3\u30b0\uff06\u30c7\u30b6\u30a4\u30f3<\/p>\n\n<p class=\"has-text-align-center\">\u30de\u30de\u30fc\u30ba<\/p>\n\n<p class=\"has-text-align-center\">\u30de\u30f3\u30acJAM\u30bb\u30c3\u30b7\u30e7\u30f3<\/p>\n\n<p class=\"has-text-align-center\">\u30de\u30f3\u30ac\u30fb\u30de\u30fc\u30c1\u30fb\u30c9\u30c3\u30c8\u30b3\u30e0<\/p>\n\n<p class=\"has-text-align-center\">\u30de\u30f3\u30ac\u30de\u30a6\u30b9<\/p>\n\n<p class=\"has-text-align-center\">\u9905\u30e1\u30eb\u30d2<\/p>\n\n<p class=\"has-text-align-center\">\u30e2\u30e9\u30ef\u30fb\u30d6\u30c3\u30af\uff06\u30e1\u30c7\u30a3\u30a2<\/p>\n\n<p class=\"has-text-align-center\">\u30df\u30b9\u30c6\u30a3\u30c3\u30af\u30fb\u30a2\u30ea\u30b9<\/p>\n\n<p class=\"has-text-align-center\">\u30aa\u30bf\u30af\u5929\u56fd<\/p>\n\n<p class=\"has-text-align-center\">\u30aa\u30bf\u30af4\u30c6\u30eb<\/p>\n\n<p class=\"has-text-align-center\">\u304a\u305f\u304f\u3055\u3093<\/p>\n\n<p class=\"has-text-align-center\">\u30eb\u30fc\u30f3\u30de\u30fc\u30c1\u30e3\u30f3\u30c0\u30a4\u30ba<\/p>\n\n<p class=\"has-text-align-center\">\u30b3\u30ec\u30af\u30bf\u30fc\u30ba\u30fb\u30b3\u30fc\u30ca\u30fc<\/p>\n\n<p class=\"has-text-align-center\">\u30a6\u30a8\u30b9\u30c8\u30ef\u30fc\u30eb\u30c9CC<\/p>\n<div class=\"wp-block-image\">\n<figure class=\"aligncenter size-full\"><img loading=\"lazy\" decoding=\"async\" width=\"728\" height=\"162\" src=\"https:\/\/www.aninite.at\/wp-content\/uploads\/Footer_2026_FL.png\" alt=\"\" class=\"wp-image-34746\" srcset=\"https:\/\/www.aninite.at\/wp-content\/uploads\/Footer_2026_FL.png 728w, https:\/\/www.aninite.at\/wp-content\/uploads\/Footer_2026_FL-300x67.png 300w\" sizes=\"auto, (max-width: 728px) 100vw, 728px\" \/><\/figure>\n<\/div>","protected":false},"excerpt":{"rendered":"<p>\u30a2\u30cb\u30e1\u306eDVD\u3084\u30de\u30f3\u30ac\u306e\u5168\u5dfb\u3001\u30b3\u30ec\u30af\u30b7\u30e7\u30f3\u3057\u305f\u3044\u65b0\u4f5c\u30d5\u30a3\u30ae\u30e5\u30a2\u3001\u5168\u30b7\u30ea\u30fc\u30ba\u306e\u30b3\u30b9\u30d7\u30ec\u30a2\u30af\u30bb\u30b5\u30ea\u30fc\u3001\u30b2\u30fc\u30e0\u3001\u30ab\u30fc\u30c9\u30d1\u30c3\u30af\u3001\u65e5\u672c\u306e\u304a\u83d3\u5b50&#8230;&#8230;\u306a\u3069\u306a\u3069\u3002 \u305d\u3046\u3001AniNite\u306e\u30c7\u30a3\u30fc\u30e9\u30fc\u30fb\u30eb\u30fc\u30e0\u3067\u3053\u308c\u3089\u3059\u3079\u3066\u3092\u898b\u3064\u3051\u308b\u3053\u3068\u304c\u3067\u304d\u308b\u3002 AniNite\u304b\u3089\u4f55\u304b\u7279\u5225\u306a\u3082\u306e\u3092\u6301\u3061\u5e30\u308a\u305f\u3044\u4eba\u306f\u3001\u30c7\u30a3\u30fc\u30e9\u30fc\u30ba\u30eb\u30fc\u30e0\u3092\u8a2a\u308c\u308b\u3053\u3068\u304c\u5fc5\u9808\u3060\uff01 2025\u5e74\u306e\u30c7\u30a3\u30fc\u30e9\u30fc\u30a8\u30ea\u30a2\u306b\u306f\u3001\u4ee5\u4e0b\u306e\u51fa\u5c55\u8005\u3092\u8fce\u3048\u305f\uff1a \u30a2\u30f3\u30b3\u30e2 \u30d0\u30fc\u30d0\u30e9\u30fb\u30ac\u30a4\u30a2\u30fc \u30dc\u30fc\u30b9\u30ca\u30fc \u30ab\u30eb\u30e1\u30f3\u30fb\u30de\u30eb\u30c6\u30a3\u30cd\u30b9 \u30b3\u30df\u30c3\u30af\u30ae\u30e3\u30e9\u30ea\u30fc \u304b\u308f\u3044\u3044\u30d1\u30e9\u30c0\u30a4\u30b9 \u9ebb\u96c0 \u30b2\u30fc\u30e0\u30dc\u30c3\u30af\u30b9 HaYuKo \u3053\u3053\u30cd\u30d0\u30fc\u30e9\u30f3\u30c9\u3067 icd \u30a4\u30f3\u30b9\u30c6\u30a3\u30f3\u30af\u30c8\u30fb\u30af\u30ed\u30fc\u30b8\u30f3\u30b0\uff06\u30c7\u30b6\u30a4\u30f3 \u30de\u30de\u30fc\u30ba \u30de\u30f3\u30acJAM\u30bb\u30c3\u30b7\u30e7\u30f3 \u30de\u30f3\u30ac\u30fb\u30de\u30fc\u30c1\u30fb\u30c9\u30c3\u30c8\u30b3\u30e0 \u30de\u30f3\u30ac\u30de\u30a6\u30b9 \u9905\u30e1\u30eb\u30d2 \u30e2\u30e9\u30ef\u30fb\u30d6\u30c3\u30af\uff06\u30e1\u30c7\u30a3\u30a2 \u30df\u30b9\u30c6\u30a3\u30c3\u30af\u30fb\u30a2\u30ea\u30b9 \u30aa\u30bf\u30af\u5929\u56fd \u30aa\u30bf\u30af4\u30c6\u30eb \u304a\u305f\u304f\u3055\u3093 \u30eb\u30fc\u30f3\u30de\u30fc\u30c1\u30e3\u30f3\u30c0\u30a4\u30ba \u30b3\u30ec\u30af\u30bf\u30fc\u30ba\u30fb\u30b3\u30fc\u30ca\u30fc \u30a6\u30a8\u30b9\u30c8\u30ef\u30fc\u30eb\u30c9CC<\/p>\n","protected":false},"author":10,"featured_media":0,"parent":32633,"menu_order":0,"comment_status":"closed","ping_status":"closed","template":"","meta":{"inline_featured_image":false,"footnotes":""},"class_list":["post-32657","page","type-page","status-publish","hentry"],"yoast_head":"<!-- This site is optimized with the Yoast SEO plugin v27.4 - https:\/\/yoast.com\/product\/yoast-seo-wordpress\/ -->\n<title>\u5c0f\u58f2\u696d\u8005 - AniNite<\/title>\n<meta name=\"description\" content=\"AniNite\u304b\u3089\u4f55\u304b\u7279\u5225\u306a\u3082\u306e\u3092\u6301\u3061\u5e30\u308a\u305f\u3044\u4eba\u306f\u3001\u30c7\u30a3\u30fc\u30e9\u30fc\u30ba\u30eb\u30fc\u30e0\u3092\u8a2a\u308c\u308b\u3053\u3068\u304c\u5fc5\u9808\u3060\uff01\" \/>\n<meta name=\"robots\" content=\"index, follow, max-snippet:-1, max-image-preview:large, max-video-preview:-1\" \/>\n<link rel=\"canonical\" href=\"https:\/\/www.aninite.at\/ja\/aussteller\/haendler\/\" \/>\n<meta property=\"og:locale\" content=\"ja_JP\" \/>\n<meta property=\"og:type\" content=\"article\" \/>\n<meta property=\"og:title\" content=\"\u5c0f\u58f2\u696d\u8005 - AniNite\" \/>\n<meta property=\"og:description\" content=\"AniNite\u304b\u3089\u4f55\u304b\u7279\u5225\u306a\u3082\u306e\u3092\u6301\u3061\u5e30\u308a\u305f\u3044\u4eba\u306f\u3001\u30c7\u30a3\u30fc\u30e9\u30fc\u30ba\u30eb\u30fc\u30e0\u3092\u8a2a\u308c\u308b\u3053\u3068\u304c\u5fc5\u9808\u3060\uff01\" \/>\n<meta property=\"og:url\" content=\"https:\/\/www.aninite.at\/ja\/aussteller\/haendler\/\" \/>\n<meta property=\"og:site_name\" content=\"AniNite\" \/>\n<meta property=\"article:publisher\" content=\"https:\/\/www.facebook.com\/AniMangaAustria\" \/>\n<meta property=\"article:modified_time\" content=\"2026-04-15T19:03:39+00:00\" \/>\n<meta property=\"og:image\" content=\"https:\/\/www.aninite.at\/wp-content\/uploads\/cropped-Icon_2025.jpg\" \/>\n\t<meta property=\"og:image:width\" content=\"512\" \/>\n\t<meta property=\"og:image:height\" content=\"512\" \/>\n\t<meta property=\"og:image:type\" content=\"image\/jpeg\" \/>\n<meta name=\"twitter:card\" content=\"summary_large_image\" \/>\n<meta name=\"twitter:title\" content=\"AniNite\u30c7\u30a3\u30fc\u30e9\u30fc\" \/>\n<meta name=\"twitter:description\" content=\"AniNite\u304b\u3089\u4f55\u304b\u7279\u5225\u306a\u3082\u306e\u3092\u6301\u3061\u5e30\u308a\u305f\u3044\u4eba\u306f\u3001\u30c7\u30a3\u30fc\u30e9\u30fc\u30ba\u30eb\u30fc\u30e0\u3092\u8a2a\u308c\u308b\u3053\u3068\u304c\u5fc5\u9808\u3060\uff01\" \/>\n<meta name=\"twitter:image\" content=\"https:\/\/www.aninite.at\/wp-content\/uploads\/Haendlerhalle_01_Sascha_offen-1024x683.jpg\" \/>\n<script type=\"application\/ld+json\" class=\"yoast-schema-graph\">{\"@context\":\"https:\\\/\\\/schema.org\",\"@graph\":[{\"@type\":\"WebPage\",\"@id\":\"https:\\\/\\\/www.aninite.at\\\/ja\\\/aussteller\\\/haendler\\\/\",\"url\":\"https:\\\/\\\/www.aninite.at\\\/ja\\\/aussteller\\\/haendler\\\/\",\"name\":\"\u5c0f\u58f2\u696d\u8005 - AniNite\",\"isPartOf\":{\"@id\":\"https:\\\/\\\/www.aninite.at\\\/ja\\\/#website\"},\"primaryImageOfPage\":{\"@id\":\"https:\\\/\\\/www.aninite.at\\\/ja\\\/aussteller\\\/haendler\\\/#primaryimage\"},\"image\":{\"@id\":\"https:\\\/\\\/www.aninite.at\\\/ja\\\/aussteller\\\/haendler\\\/#primaryimage\"},\"thumbnailUrl\":\"https:\\\/\\\/www.aninite.at\\\/wp-content\\\/uploads\\\/\\\/PageTitelBanner.svg\",\"datePublished\":\"2021-03-13T19:41:30+00:00\",\"dateModified\":\"2026-04-15T19:03:39+00:00\",\"description\":\"AniNite\u304b\u3089\u4f55\u304b\u7279\u5225\u306a\u3082\u306e\u3092\u6301\u3061\u5e30\u308a\u305f\u3044\u4eba\u306f\u3001\u30c7\u30a3\u30fc\u30e9\u30fc\u30ba\u30eb\u30fc\u30e0\u3092\u8a2a\u308c\u308b\u3053\u3068\u304c\u5fc5\u9808\u3060\uff01\",\"breadcrumb\":{\"@id\":\"https:\\\/\\\/www.aninite.at\\\/ja\\\/aussteller\\\/haendler\\\/#breadcrumb\"},\"inLanguage\":\"ja\",\"potentialAction\":[{\"@type\":\"ReadAction\",\"target\":[\"https:\\\/\\\/www.aninite.at\\\/ja\\\/aussteller\\\/haendler\\\/\"]}]},{\"@type\":\"ImageObject\",\"inLanguage\":\"ja\",\"@id\":\"https:\\\/\\\/www.aninite.at\\\/ja\\\/aussteller\\\/haendler\\\/#primaryimage\",\"url\":\"https:\\\/\\\/www.aninite.at\\\/wp-content\\\/uploads\\\/\\\/PageTitelBanner.svg\",\"contentUrl\":\"https:\\\/\\\/www.aninite.at\\\/wp-content\\\/uploads\\\/\\\/PageTitelBanner.svg\"},{\"@type\":\"BreadcrumbList\",\"@id\":\"https:\\\/\\\/www.aninite.at\\\/ja\\\/aussteller\\\/haendler\\\/#breadcrumb\",\"itemListElement\":[{\"@type\":\"ListItem\",\"position\":1,\"name\":\"Startseite\",\"item\":\"https:\\\/\\\/www.aninite.at\\\/ja\\\/willkommen\\\/\"},{\"@type\":\"ListItem\",\"position\":2,\"name\":\"\u51fa\u5c55\u8005\",\"item\":\"https:\\\/\\\/www.aninite.at\\\/ja\\\/aussteller\\\/\"},{\"@type\":\"ListItem\",\"position\":3,\"name\":\"\u5c0f\u58f2\u696d\u8005\"}]},{\"@type\":\"WebSite\",\"@id\":\"https:\\\/\\\/www.aninite.at\\\/ja\\\/#website\",\"url\":\"https:\\\/\\\/www.aninite.at\\\/ja\\\/\",\"name\":\"AniNite\",\"description\":\"\u00d6sterreichs gr\u00f6\u00dfte Anime-, Manga- und Comic-Convention\",\"potentialAction\":[{\"@type\":\"SearchAction\",\"target\":{\"@type\":\"EntryPoint\",\"urlTemplate\":\"https:\\\/\\\/www.aninite.at\\\/ja\\\/?s={search_term_string}\"},\"query-input\":{\"@type\":\"PropertyValueSpecification\",\"valueRequired\":true,\"valueName\":\"search_term_string\"}}],\"inLanguage\":\"ja\"}]}<\/script>\n<!-- \/ Yoast SEO plugin. -->","yoast_head_json":{"title":"\u5c0f\u58f2\u696d\u8005 - AniNite","description":"AniNite\u304b\u3089\u4f55\u304b\u7279\u5225\u306a\u3082\u306e\u3092\u6301\u3061\u5e30\u308a\u305f\u3044\u4eba\u306f\u3001\u30c7\u30a3\u30fc\u30e9\u30fc\u30ba\u30eb\u30fc\u30e0\u3092\u8a2a\u308c\u308b\u3053\u3068\u304c\u5fc5\u9808\u3060\uff01","robots":{"index":"index","follow":"follow","max-snippet":"max-snippet:-1","max-image-preview":"max-image-preview:large","max-video-preview":"max-video-preview:-1"},"canonical":"https:\/\/www.aninite.at\/ja\/aussteller\/haendler\/","og_locale":"ja_JP","og_type":"article","og_title":"\u5c0f\u58f2\u696d\u8005 - AniNite","og_description":"AniNite\u304b\u3089\u4f55\u304b\u7279\u5225\u306a\u3082\u306e\u3092\u6301\u3061\u5e30\u308a\u305f\u3044\u4eba\u306f\u3001\u30c7\u30a3\u30fc\u30e9\u30fc\u30ba\u30eb\u30fc\u30e0\u3092\u8a2a\u308c\u308b\u3053\u3068\u304c\u5fc5\u9808\u3060\uff01","og_url":"https:\/\/www.aninite.at\/ja\/aussteller\/haendler\/","og_site_name":"AniNite","article_publisher":"https:\/\/www.facebook.com\/AniMangaAustria","article_modified_time":"2026-04-15T19:03:39+00:00","og_image":[{"width":512,"height":512,"url":"https:\/\/www.aninite.at\/wp-content\/uploads\/cropped-Icon_2025.jpg","type":"image\/jpeg"}],"twitter_card":"summary_large_image","twitter_title":"AniNite\u30c7\u30a3\u30fc\u30e9\u30fc","twitter_description":"AniNite\u304b\u3089\u4f55\u304b\u7279\u5225\u306a\u3082\u306e\u3092\u6301\u3061\u5e30\u308a\u305f\u3044\u4eba\u306f\u3001\u30c7\u30a3\u30fc\u30e9\u30fc\u30ba\u30eb\u30fc\u30e0\u3092\u8a2a\u308c\u308b\u3053\u3068\u304c\u5fc5\u9808\u3060\uff01","twitter_image":"https:\/\/www.aninite.at\/wp-content\/uploads\/Haendlerhalle_01_Sascha_offen-1024x683.jpg","schema":{"@context":"https:\/\/schema.org","@graph":[{"@type":"WebPage","@id":"https:\/\/www.aninite.at\/ja\/aussteller\/haendler\/","url":"https:\/\/www.aninite.at\/ja\/aussteller\/haendler\/","name":"\u5c0f\u58f2\u696d\u8005 - AniNite","isPartOf":{"@id":"https:\/\/www.aninite.at\/ja\/#website"},"primaryImageOfPage":{"@id":"https:\/\/www.aninite.at\/ja\/aussteller\/haendler\/#primaryimage"},"image":{"@id":"https:\/\/www.aninite.at\/ja\/aussteller\/haendler\/#primaryimage"},"thumbnailUrl":"https:\/\/www.aninite.at\/wp-content\/uploads\/\/PageTitelBanner.svg","datePublished":"2021-03-13T19:41:30+00:00","dateModified":"2026-04-15T19:03:39+00:00","description":"AniNite\u304b\u3089\u4f55\u304b\u7279\u5225\u306a\u3082\u306e\u3092\u6301\u3061\u5e30\u308a\u305f\u3044\u4eba\u306f\u3001\u30c7\u30a3\u30fc\u30e9\u30fc\u30ba\u30eb\u30fc\u30e0\u3092\u8a2a\u308c\u308b\u3053\u3068\u304c\u5fc5\u9808\u3060\uff01","breadcrumb":{"@id":"https:\/\/www.aninite.at\/ja\/aussteller\/haendler\/#breadcrumb"},"inLanguage":"ja","potentialAction":[{"@type":"ReadAction","target":["https:\/\/www.aninite.at\/ja\/aussteller\/haendler\/"]}]},{"@type":"ImageObject","inLanguage":"ja","@id":"https:\/\/www.aninite.at\/ja\/aussteller\/haendler\/#primaryimage","url":"https:\/\/www.aninite.at\/wp-content\/uploads\/\/PageTitelBanner.svg","contentUrl":"https:\/\/www.aninite.at\/wp-content\/uploads\/\/PageTitelBanner.svg"},{"@type":"BreadcrumbList","@id":"https:\/\/www.aninite.at\/ja\/aussteller\/haendler\/#breadcrumb","itemListElement":[{"@type":"ListItem","position":1,"name":"Startseite","item":"https:\/\/www.aninite.at\/ja\/willkommen\/"},{"@type":"ListItem","position":2,"name":"\u51fa\u5c55\u8005","item":"https:\/\/www.aninite.at\/ja\/aussteller\/"},{"@type":"ListItem","position":3,"name":"\u5c0f\u58f2\u696d\u8005"}]},{"@type":"WebSite","@id":"https:\/\/www.aninite.at\/ja\/#website","url":"https:\/\/www.aninite.at\/ja\/","name":"AniNite","description":"\u00d6sterreichs gr\u00f6\u00dfte Anime-, Manga- und Comic-Convention","potentialAction":[{"@type":"SearchAction","target":{"@type":"EntryPoint","urlTemplate":"https:\/\/www.aninite.at\/ja\/?s={search_term_string}"},"query-input":{"@type":"PropertyValueSpecification","valueRequired":true,"valueName":"search_term_string"}}],"inLanguage":"ja"}]}},"acf":[],"_links":{"self":[{"href":"https:\/\/www.aninite.at\/ja\/wp-json\/wp\/v2\/pages\/32657","targetHints":{"allow":["GET"]}}],"collection":[{"href":"https:\/\/www.aninite.at\/ja\/wp-json\/wp\/v2\/pages"}],"about":[{"href":"https:\/\/www.aninite.at\/ja\/wp-json\/wp\/v2\/types\/page"}],"author":[{"embeddable":true,"href":"https:\/\/www.aninite.at\/ja\/wp-json\/wp\/v2\/users\/10"}],"replies":[{"embeddable":true,"href":"https:\/\/www.aninite.at\/ja\/wp-json\/wp\/v2\/comments?post=32657"}],"version-history":[{"count":9,"href":"https:\/\/www.aninite.at\/ja\/wp-json\/wp\/v2\/pages\/32657\/revisions"}],"predecessor-version":[{"id":35011,"href":"https:\/\/www.aninite.at\/ja\/wp-json\/wp\/v2\/pages\/32657\/revisions\/35011"}],"up":[{"embeddable":true,"href":"https:\/\/www.aninite.at\/ja\/wp-json\/wp\/v2\/pages\/32633"}],"wp:attachment":[{"href":"https:\/\/www.aninite.at\/ja\/wp-json\/wp\/v2\/media?parent=32657"}],"curies":[{"name":"wp","href":"https:\/\/api.w.org\/{rel}","templated":true}]}}